{"id":22463,"date":"2019-05-11T21:22:56","date_gmt":"2019-05-11T21:22:56","guid":{"rendered":" https:\/\/www.quartix.com\/alertas\/"},"modified":"2023-07-13T13:22:27","modified_gmt":"2023-07-13T12:22:27","slug":"alertas","status":"publish","type":"page","link":"https:\/\/www.quartix.com\/es-us\/localizador-vehiculos\/alertas\/","title":{"rendered":"Alertas"},"content":{"rendered":"\n<div class=\"wp-block-columns is-layout-flex wp-container-core-columns-is-layout-28f84493 wp-block-columns-is-layout-flex\">\n<div class=\"wp-block-column is-layout-flow wp-block-column-is-layout-flow\">\n<h2 class=\"wp-block-heading\">Cree sus propias zonas geogr\u00e1ficas<\/h2>\n\n\n\n<p>Si sus veh\u00edculos necesitan estar dentro o afuera de ciertas areas en determinadas horas, la geocerca lo puede alertar en tiempo real si alguna de esas reglas se han roto. Solo tiene que marcar el area deseada en nuestro mapa con la f\u00e1cil herramienta de dibujo. Le permitimos tener un n\u00famero ilimitado de zonas de geocerca.<\/p>\n<\/div>\n\n\n\n<div class=\"wp-block-column is-layout-flow wp-block-column-is-layout-flow\">\n<figure class=\"wp-block-image aligncenter\"><img decoding=\"async\" src=\" https:\/\/www.quartix.com\/content\/uploads\/2019\/05\/US_hispanic_geofencing.gif\" alt=\"\"\/><\/figure>\n<\/div>\n<\/div>\n\n\n\n<div class=\"wp-block-columns is-layout-flex wp-container-core-columns-is-layout-28f84493 wp-block-columns-is-layout-flex\">\n<div class=\"wp-block-column is-layout-flow wp-block-column-is-layout-flow\">\n<figure class=\"wp-block-image aligncenter\"><img decoding=\"async\" src=\" https:\/\/www.quartix.com\/content\/uploads\/2019\/05\/us-hispanic_geofencing-1000x636.jpg\" alt=\"\"\/><\/figure>\n<\/div>\n\n\n\n<div class=\"wp-block-column is-layout-flow wp-block-column-is-layout-flow\">\n<h2 class=\"wp-block-heading\">Defina zonas obligatorias o prohibidas<\/h2>\n\n\n\n<p>Establezca las reglas para cada zona. En modo obligatorio, los veh\u00edculos deben permanecer dentro de la zona definida durante las horas designadas. En el modo prohibido, estos no deben ingresar a la zona. Por ejemplo:<\/p>\n\n\n\n<p><strong>El due\u00f1o de un negocio desea asegurarse de que los empleados no regresen a sus hogares durante horas laborales.<\/strong><\/p>\n\n\n\n<p><strong><em>Soluci\u00f3n<\/em><\/strong> \u2013 Designar el domicilio del conductor como una \u2018Ubicaci\u00f3n designada de Quartix: zona prohibida\u2019 durante d\u00edas laborales de 8:00 am a 6:00 pm.<\/p>\n\n\n\n<p><strong>Un gerente de flota de la ciudad necesita asegurarse de que todos los veh\u00edculos permanezcan en todo momento dentro de los l\u00edmites de la ciudad.<\/strong><\/p>\n\n\n\n<p><strong><em>Soluci\u00f3n<\/em> \u2013 <\/strong>Crear un zona alrededor del per\u00edmetro de la ciudad y establecer una zona obligatoria. La alerta se activa si cualquier veh\u00edculo de la flota sale de la zona especificada.<\/p>\n<\/div>\n<\/div>\n\n\n\n<div class=\"wp-block-columns is-layout-flex wp-container-core-columns-is-layout-28f84493 wp-block-columns-is-layout-flex\">\n<div class=\"wp-block-column is-layout-flow wp-block-column-is-layout-flow\">\n<h2 class=\"wp-block-heading\">Alertas en tiempo real<\/h2>\n\n\n\n<p>Si se rompe alguna regla de la geocerca, se env\u00eda una alerta por correo electr\u00f3nico para que el comportamiento se pueda investigar y corregir de inmediato, brind\u00e1ndole un elemento de control adicional sobre su flota. La alertas son ilimitadas y se incluyen en el precio de su subscripci\u00f3n mensual.<\/p>\n<\/div>\n\n\n\n<div class=\"wp-block-column is-layout-flow wp-block-column-is-layout-flow\">\n<figure class=\"wp-block-image\"><img decoding=\"async\" src=\" https:\/\/www.quartix.com\/content\/uploads\/2017\/11\/alerts.png\" alt=\"\"\/><\/figure>\n<\/div>\n<\/div>\n\n\n\n<div class=\"wp-block-columns is-layout-flex wp-container-core-columns-is-layout-28f84493 wp-block-columns-is-layout-flex\">\n<div class=\"wp-block-column is-layout-flow wp-block-column-is-layout-flow\">\n<figure class=\"wp-block-image aligncenter\"><img decoding=\"async\" src=\" https:\/\/www.quartix.com\/content\/uploads\/2019\/05\/us-hispanic_speed-analysis-1000x564.jpg\" alt=\"\"\/><\/figure>\n<\/div>\n\n\n\n<div class=\"wp-block-column is-layout-flow wp-block-column-is-layout-flow\">\n<h2 class=\"wp-block-heading\">Reportes mensuales de velocidad<\/h2>\n\n\n\n<p>La salud y la seguridad son de suma importancia en la administraci\u00f3n de una fuerza de trabajo m\u00f3vil.<br>El informe de velocidad complementa las herramientas de estilo de conducci\u00f3n al resumir todos los incidentes de aceleraci\u00f3n para grupos individuales o la flota en su conjunto, cubriendo un mes completo. Funciona de la siguiente manera:<\/p>\n\n\n\n<ul class=\"wp-block-list\">\n<li>Seleccionar el grupo de veh\u00edculos, el mes y el umbral de velocidad m\u00e1xima \u2013 por ejemplo 70 m\/h<\/li>\n\n\n\n<li>Vea la velocidad, la fecha y la hora de cada incidente, junto con el tiempo transcurrido por encima del umbral de velocidad<\/li>\n\n\n\n<li>&nbsp;Enlaces a mapas de ruta diarios para la ubicaci\u00f3n del incidente<\/li>\n<\/ul>\n<\/div>\n<\/div>\n","protected":false},"excerpt":{"rendered":"<p>Cree sus propias zonas geogr\u00e1ficas Si sus veh\u00edculos necesitan estar dentro o afuera de ciertas areas en determinadas horas, la geocerca lo puede alertar en tiempo real si alguna de esas reglas se han roto. Solo tiene que marcar el area deseada en nuestro mapa con la f\u00e1cil herramienta de dibujo. Le permitimos tener un [&hellip;]<\/p>\n","protected":false},"author":12,"featured_media":0,"parent":23030,"menu_order":50,"comment_status":"closed","ping_status":"closed","template":"","meta":{"_acf_changed":false,"inline_featured_image":false,"footnotes":""},"topic":[],"qtx_campaign":[],"class_list":["post-22463","page","type-page","status-publish","hentry"],"acf":[],"yoast_head":"<!-- This site is optimized with the Yoast SEO Premium plugin v27.2 (Yoast SEO v27.2) - https:\/\/yoast.com\/product\/yoast-seo-premium-wordpress\/ -->\n<title>Geocerca y geozonas - US<\/title>\n<meta name=\"description\" content=\"Especifique zonas de geocerca ilimitadas y establezca alertas para cuando los veh\u00edculos entran o salen de las zonas. Tenga en cuenta la hora del d\u00eda...\" \/>\n<meta name=\"robots\" content=\"index, follow, max-snippet:-1, max-image-preview:large, max-video-preview:-1\" \/>\n<link rel=\"canonical\" href=\"https:\/\/www.quartix.com\/es-us\/localizador-vehiculos\/alertas\/\" \/>\n<meta property=\"og:locale\" content=\"es_ES\" \/>\n<meta property=\"og:type\" content=\"article\" \/>\n<meta property=\"og:title\" content=\"Alertas\" \/>\n<meta property=\"og:description\" content=\"Especifique zonas de geocerca ilimitadas y establezca alertas para cuando los veh\u00edculos entran o salen de las zonas. Tenga en cuenta la hora del d\u00eda...\" \/>\n<meta property=\"og:url\" content=\"https:\/\/www.quartix.com\/es-us\/localizador-vehiculos\/alertas\/\" \/>\n<meta property=\"og:site_name\" content=\"Quartix\" \/>\n<meta property=\"article:publisher\" content=\"https:\/\/www.facebook.com\/Quartix-USA-374426386097401\/\" \/>\n<meta property=\"article:modified_time\" content=\"2023-07-13T12:22:27+00:00\" \/>\n<meta name=\"twitter:card\" content=\"summary_large_image\" \/>\n<meta name=\"twitter:site\" content=\"@QuartixUSA\" \/>\n<meta name=\"twitter:label1\" content=\"Est. reading time\" \/>\n\t<meta name=\"twitter:data1\" content=\"3 minutes\" \/>\n<!-- \/ Yoast SEO Premium plugin. -->","yoast_head_json":{"title":"Geocerca y geozonas - US","description":"Especifique zonas de geocerca ilimitadas y establezca alertas para cuando los veh\u00edculos entran o salen de las zonas. Tenga en cuenta la hora del d\u00eda...","robots":{"index":"index","follow":"follow","max-snippet":"max-snippet:-1","max-image-preview":"max-image-preview:large","max-video-preview":"max-video-preview:-1"},"canonical":"https:\/\/www.quartix.com\/es-us\/localizador-vehiculos\/alertas\/","og_locale":"es_ES","og_type":"article","og_title":"Alertas","og_description":"Especifique zonas de geocerca ilimitadas y establezca alertas para cuando los veh\u00edculos entran o salen de las zonas. Tenga en cuenta la hora del d\u00eda...","og_url":"https:\/\/www.quartix.com\/es-us\/localizador-vehiculos\/alertas\/","og_site_name":"Quartix","article_publisher":"https:\/\/www.facebook.com\/Quartix-USA-374426386097401\/","article_modified_time":"2023-07-13T12:22:27+00:00","twitter_card":"summary_large_image","twitter_site":"@QuartixUSA","twitter_misc":{"Est. reading time":"3 minutes"},"schema":{"@context":"https:\/\/schema.org","@graph":[{"@type":"WebPage","@id":"https:\/\/www.quartix.com\/es-us\/localizador-vehiculos\/alertas\/","url":"https:\/\/www.quartix.com\/es-us\/localizador-vehiculos\/alertas\/","name":"Geocerca y geozonas","isPartOf":{"@id":"https:\/\/www.quartix.com\/es-us\/#website"},"datePublished":"2019-05-11T21:22:56+00:00","dateModified":"2023-07-13T12:22:27+00:00","description":"Especifique zonas de geocerca ilimitadas y establezca alertas para cuando los veh\u00edculos entran o salen de las zonas. Tenga en cuenta la hora del d\u00eda...","breadcrumb":{"@id":"https:\/\/www.quartix.com\/es-us\/localizador-vehiculos\/alertas\/#breadcrumb"},"inLanguage":"es-US","potentialAction":[{"@type":"ReadAction","target":["https:\/\/www.quartix.com\/es-us\/localizador-vehiculos\/alertas\/"]}]},{"@type":"BreadcrumbList","@id":"https:\/\/www.quartix.com\/es-us\/localizador-vehiculos\/alertas\/#breadcrumb","itemListElement":[{"@type":"ListItem","position":1,"name":"Inicio","item":"https:\/\/www.quartix.com\/es-us\/quartix-real-time-vehicle-tracking-2\/"},{"@type":"ListItem","position":2,"name":"Localizador Vehiculos","item":"https:\/\/www.quartix.com\/es-us\/localizador-vehiculos\/"},{"@type":"ListItem","position":3,"name":"Alertas"}]},{"@type":"WebSite","@id":"https:\/\/www.quartix.com\/es-us\/#website","url":"https:\/\/www.quartix.com\/es-us\/","name":"Quartix","description":"Real-time vehicle tracking","publisher":{"@id":"https:\/\/www.quartix.com\/es-us\/#organization"},"potentialAction":[{"@type":"SearchAction","target":{"@type":"EntryPoint","urlTemplate":"https:\/\/www.quartix.com\/es-us\/?s={search_term_string}"},"query-input":{"@type":"PropertyValueSpecification","valueRequired":true,"valueName":"search_term_string"}}],"inLanguage":"es-US"},{"@type":"Organization","@id":"https:\/\/www.quartix.com\/es-us\/#organization","name":"Quartix","url":"https:\/\/www.quartix.com\/es-us\/","logo":{"@type":"ImageObject","inLanguage":"es-US","@id":"https:\/\/www.quartix.com\/es-us\/#\/schema\/logo\/image\/","url":"https:\/\/www.quartix.com\/content\/uploads\/2019\/02\/quartix-logo-eur.svg","contentUrl":"https:\/\/www.quartix.com\/content\/uploads\/2019\/02\/quartix-logo-eur.svg","width":1,"height":1,"caption":"Quartix"},"image":{"@id":"https:\/\/www.quartix.com\/es-us\/#\/schema\/logo\/image\/"},"sameAs":["https:\/\/www.facebook.com\/Quartix-USA-374426386097401\/","https:\/\/x.com\/QuartixUSA","https:\/\/www.linkedin.com\/company\/5346733\/","https:\/\/www.youtube.com\/channel\/UCzS-_GMfHF4kWiCheyIRrAQ"]}]}},"_links":{"self":[{"href":"https:\/\/www.quartix.com\/es-us\/wp-json\/wp\/v2\/pages\/22463","targetHints":{"allow":["GET"]}}],"collection":[{"href":"https:\/\/www.quartix.com\/es-us\/wp-json\/wp\/v2\/pages"}],"about":[{"href":"https:\/\/www.quartix.com\/es-us\/wp-json\/wp\/v2\/types\/page"}],"author":[{"embeddable":true,"href":"https:\/\/www.quartix.com\/es-us\/wp-json\/wp\/v2\/users\/12"}],"replies":[{"embeddable":true,"href":"https:\/\/www.quartix.com\/es-us\/wp-json\/wp\/v2\/comments?post=22463"}],"version-history":[{"count":0,"href":"https:\/\/www.quartix.com\/es-us\/wp-json\/wp\/v2\/pages\/22463\/revisions"}],"up":[{"embeddable":true,"href":"https:\/\/www.quartix.com\/es-us\/wp-json\/wp\/v2\/pages\/23030"}],"wp:attachment":[{"href":"https:\/\/www.quartix.com\/es-us\/wp-json\/wp\/v2\/media?parent=22463"}],"wp:term":[{"taxonomy":"topic","embeddable":true,"href":"https:\/\/www.quartix.com\/es-us\/wp-json\/wp\/v2\/topic?post=22463"},{"taxonomy":"qtx_campaign","embeddable":true,"href":"https:\/\/www.quartix.com\/es-us\/wp-json\/wp\/v2\/qtx_campaign?post=22463"}],"curies":[{"name":"wp","href":"https:\/\/api.w.org\/{rel}","templated":true}]}}