{"id":22504,"date":"2019-05-13T18:00:19","date_gmt":"2019-05-13T18:00:19","guid":{"rendered":" https:\/\/www.quartix.com\/herramientas-administrativas\/"},"modified":"2023-07-13T13:22:25","modified_gmt":"2023-07-13T12:22:25","slug":"herramientas-administrativas","status":"publish","type":"page","link":"https:\/\/www.quartix.com\/es-us\/localizador-vehiculos\/herramientas-administrativas\/","title":{"rendered":"Herramientas administrativas"},"content":{"rendered":"\n<div class=\"wp-block-columns is-layout-flex wp-container-core-columns-is-layout-28f84493 wp-block-columns-is-layout-flex\">\n<div class=\"wp-block-column is-layout-flow wp-block-column-is-layout-flow\">\n<h2 class=\"wp-block-heading\">Tableros<\/h2>\n\n\n\n<p>Quartix hace el trabajo arduo de analizar sus datos y generar reportes simples. Todo puede ser consultado en la web. El sistema de monitoreo de Quartix incluye una gran variedad de reportes de rastreo de veh\u00edculos y tableros para mejorar la operaci\u00f3n y uso de veh\u00edculos.<\/p>\n\n\n\n<p>Elija como ver la actividad de su flota en tiempo real. Cada elemento del reporte puede ser adaptado a necesidades espec\u00edficas. Para algunos componentes, se puede establecer un objetivo de utilizaci\u00f3n, con la opci\u00f3n de mostrar una alerta si ese objetivo no se ha cumplido en determinado tiempo.<\/p>\n<\/div>\n\n\n\n<div class=\"wp-block-column is-layout-flow wp-block-column-is-layout-flow\">\n<figure class=\"wp-block-image aligncenter is-resized\"><img loading=\"lazy\" decoding=\"async\" src=\" https:\/\/www.quartix.com\/content\/uploads\/2019\/05\/US_hispanic_Dashboards.gif\" alt=\"\" width=\"558\" height=\"336\"\/><\/figure>\n<\/div>\n<\/div>\n\n\n<section  class=\"qtx-pagebuilder-section qtx-pagebuilder-section-blockquote qtx-pagebuilder-section-blockquote-left_green_border \">\r\n        <div class=\"left_green_border\">\r\n            <blockquote>\r\n                <p>Quartix provee una serie de herramientas administrativas que le permiten optimizar el uso de su flota y mejorar la planificaci\u00f3n de trabajos futuros.<\/p>\n                            <\/blockquote>\r\n        <\/div>\r\n        <\/section>\r\n\r\n\n\n\n<div class=\"wp-block-columns is-layout-flex wp-container-core-columns-is-layout-28f84493 wp-block-columns-is-layout-flex\">\n<div class=\"wp-block-column is-layout-flow wp-block-column-is-layout-flow\">\n<figure class=\"wp-block-image\"><img decoding=\"async\" src=\" https:\/\/www.quartix.com\/content\/uploads\/2019\/05\/US_hispanic_Time-on-site.gif\" alt=\"\"\/><\/figure>\n<\/div>\n\n\n\n<div class=\"wp-block-column is-layout-flow wp-block-column-is-layout-flow\">\n<h2 class=\"wp-block-heading\">Verifique &#8220;tiempo en el sitio&#8221;<\/h2>\n\n\n\n<p>Es f\u00e1cil verificar el tiempo que su personal pasa en un sitio para que usted pueda analizar mejor el costo de cada trabajo.<\/p>\n\n\n\n<p>Con los reportes de tiempo en el sitio de Quartix, usted puede elegir un lugar y recopilar un reporte con cada uno de sus veh\u00edculos que han visitado el sitio en un periodo de tiempo determinado, mostrando el tiempo pasado ah\u00ed.<\/p>\n<\/div>\n<\/div>\n\n\n\n<div class=\"wp-block-columns is-layout-flex wp-container-core-columns-is-layout-28f84493 wp-block-columns-is-layout-flex\">\n<div class=\"wp-block-column is-layout-flow wp-block-column-is-layout-flow\">\n<h2 class=\"wp-block-heading\">Administraci\u00f3n de veh\u00edculos<\/h2>\n\n\n\n<p>No pierda plazos importantes para el servicio de veh\u00edculos, inspecciones y renovaci\u00f3n de seguros. El sistema de monitoreo vehicular de Quartix le permite grabar todos los hitos y recordatorios.<\/p>\n\n\n\n<p>Usted simplemente ingrese la lectura del od\u00f3metro del veh\u00edculo y las metas de todos sus veh\u00edculos. El sistema de monitoreo de Quartix luego acumula las millas a partir de esa fecha y resaltar\u00e1 cuando el veh\u00edculo necesita servicio. El reporte completo de flota puede verse en l\u00ednea para que pueda ver f\u00e1cilmente qu\u00e9 veh\u00edculos deben recibir mantenimiento y revisi\u00f3n.<\/p>\n<\/div>\n\n\n\n<div class=\"wp-block-column is-layout-flow wp-block-column-is-layout-flow\">\n<figure class=\"wp-block-image aligncenter\"><img decoding=\"async\" src=\" https:\/\/www.quartix.com\/content\/uploads\/2019\/05\/us-hispanic_service-date-reminders-1000x575.png\" alt=\"\"\/><\/figure>\n<\/div>\n<\/div>\n\n\n\n<div class=\"wp-block-columns is-layout-flex wp-container-core-columns-is-layout-28f84493 wp-block-columns-is-layout-flex\">\n<div class=\"wp-block-column is-layout-flow wp-block-column-is-layout-flow\">\n<figure class=\"wp-block-image aligncenter\"><img decoding=\"async\" src=\" https:\/\/www.quartix.com\/content\/uploads\/2019\/05\/us-hispanic_vehicle-utilization-1000x598.jpg\" alt=\"\"\/><\/figure>\n<\/div>\n\n\n\n<div class=\"wp-block-column is-layout-flow wp-block-column-is-layout-flow\">\n<h2 class=\"wp-block-heading\">An\u00e1lisis de la utilizaci\u00f3n de veh\u00edculos<\/h2>\n\n\n\n<p>Usted tal vez tenga una pol\u00edtica para cuando desea cambiar un veh\u00edculo viejo o tal vez est\u00e9 considerando a\u00f1adir veh\u00edculos a su flota. El reporte de utilizaci\u00f3n de veh\u00edculos de Quartix es una herramienta poderosa que genera un an\u00e1lisis y pron\u00f3stico m\u00e1s preciso del uso de la flota. Esto puede identificar veh\u00edculos que no se han usado mucho, no est\u00e1n en uso o donde la capacidad de espacio puede retrasar la necesidad de veh\u00edculos adicionales. El reporte muestra:<\/p>\n\n\n\n<ul class=\"wp-block-list\">\n<li>Millas recorridas por periodo de tiempo<\/li>\n\n\n\n<li>Tiempo de viaje<\/li>\n\n\n\n<li>Tiempo encendido<\/li>\n\n\n\n<li>Porcentaje encendido<\/li>\n\n\n\n<li>Velocidad m\u00e1xima<\/li>\n<\/ul>\n<\/div>\n<\/div>\n\n\n\n<div class=\"wp-block-columns is-layout-flex wp-container-core-columns-is-layout-28f84493 wp-block-columns-is-layout-flex\">\n<div class=\"wp-block-column is-layout-flow wp-block-column-is-layout-flow\">\n<h2 class=\"wp-block-heading\">Reporte mensual de millas recorridas<\/h2>\n\n\n\n<p>Si necesita ejecutar un reporte mensual del millaje total de toda su flota o de un grupo de veh\u00edculos, los datos pueden ser exportados a Excel o enviados por correo electr\u00f3nico semanalmente. Los reportes pueden incluir o excluir el millaje privado por d\u00eda, semana o mes, dependiendo de si desea informar sobre los beneficios fiscales o el uso general del veh\u00edculo.<\/p>\n<\/div>\n\n\n\n<div class=\"wp-block-column is-layout-flow wp-block-column-is-layout-flow\">\n<figure class=\"wp-block-image aligncenter\"><img decoding=\"async\" src=\" https:\/\/www.quartix.com\/content\/uploads\/2019\/05\/us-hispanic_trip-reporter-1000x533.jpg\" alt=\"\"\/><\/figure>\n<\/div>\n<\/div>\n","protected":false},"excerpt":{"rendered":"<p>Tableros Quartix hace el trabajo arduo de analizar sus datos y generar reportes simples. Todo puede ser consultado en la web. El sistema de monitoreo de Quartix incluye una gran variedad de reportes de rastreo de veh\u00edculos y tableros para mejorar la operaci\u00f3n y uso de veh\u00edculos. Elija como ver la actividad de su flota [&hellip;]<\/p>\n","protected":false},"author":2,"featured_media":0,"parent":23030,"menu_order":40,"comment_status":"closed","ping_status":"closed","template":"","meta":{"_acf_changed":false,"inline_featured_image":false,"footnotes":""},"topic":[],"qtx_campaign":[],"class_list":["post-22504","page","type-page","status-publish","hentry"],"acf":[],"yoast_head":"<!-- This site is optimized with the Yoast SEO Premium plugin v27.2 (Yoast SEO v27.2) - https:\/\/yoast.com\/product\/yoast-seo-premium-wordpress\/ -->\n<title>Herramientas administrativas de flota - US<\/title>\n<meta name=\"description\" content=\"Las herramientas administrativas de flota de Quartix analiza sus datos y genera reportes simples. Todo se puede acceder en la web. El sistema de monitoreo de Quartix incluye una gran variedad de reportes de rastreo de veh\u00edculos y tableros para mejorar la operaci\u00f3n y uso de veh\u00edculos.\" \/>\n<meta name=\"robots\" content=\"index, follow, max-snippet:-1, max-image-preview:large, max-video-preview:-1\" \/>\n<link rel=\"canonical\" href=\"https:\/\/www.quartix.com\/es-us\/localizador-vehiculos\/herramientas-administrativas\/\" \/>\n<meta property=\"og:locale\" content=\"es_ES\" \/>\n<meta property=\"og:type\" content=\"article\" \/>\n<meta property=\"og:title\" content=\"Herramientas administrativas\" \/>\n<meta property=\"og:description\" content=\"Las herramientas administrativas de flota de Quartix analiza sus datos y genera reportes simples. Todo se puede acceder en la web. El sistema de monitoreo de Quartix incluye una gran variedad de reportes de rastreo de veh\u00edculos y tableros para mejorar la operaci\u00f3n y uso de veh\u00edculos.\" \/>\n<meta property=\"og:url\" content=\"https:\/\/www.quartix.com\/es-us\/localizador-vehiculos\/herramientas-administrativas\/\" \/>\n<meta property=\"og:site_name\" content=\"Quartix\" \/>\n<meta property=\"article:publisher\" content=\"https:\/\/www.facebook.com\/Quartix-USA-374426386097401\/\" \/>\n<meta property=\"article:modified_time\" content=\"2023-07-13T12:22:25+00:00\" \/>\n<meta name=\"twitter:card\" content=\"summary_large_image\" \/>\n<meta name=\"twitter:site\" content=\"@QuartixUSA\" \/>\n<meta name=\"twitter:label1\" content=\"Est. reading time\" \/>\n\t<meta name=\"twitter:data1\" content=\"3 minutes\" \/>\n<!-- \/ Yoast SEO Premium plugin. -->","yoast_head_json":{"title":"Herramientas administrativas de flota - US","description":"Las herramientas administrativas de flota de Quartix analiza sus datos y genera reportes simples. Todo se puede acceder en la web. El sistema de monitoreo de Quartix incluye una gran variedad de reportes de rastreo de veh\u00edculos y tableros para mejorar la operaci\u00f3n y uso de veh\u00edculos.","robots":{"index":"index","follow":"follow","max-snippet":"max-snippet:-1","max-image-preview":"max-image-preview:large","max-video-preview":"max-video-preview:-1"},"canonical":"https:\/\/www.quartix.com\/es-us\/localizador-vehiculos\/herramientas-administrativas\/","og_locale":"es_ES","og_type":"article","og_title":"Herramientas administrativas","og_description":"Las herramientas administrativas de flota de Quartix analiza sus datos y genera reportes simples. Todo se puede acceder en la web. El sistema de monitoreo de Quartix incluye una gran variedad de reportes de rastreo de veh\u00edculos y tableros para mejorar la operaci\u00f3n y uso de veh\u00edculos.","og_url":"https:\/\/www.quartix.com\/es-us\/localizador-vehiculos\/herramientas-administrativas\/","og_site_name":"Quartix","article_publisher":"https:\/\/www.facebook.com\/Quartix-USA-374426386097401\/","article_modified_time":"2023-07-13T12:22:25+00:00","twitter_card":"summary_large_image","twitter_site":"@QuartixUSA","twitter_misc":{"Est. reading time":"3 minutes"},"schema":{"@context":"https:\/\/schema.org","@graph":[{"@type":"WebPage","@id":"https:\/\/www.quartix.com\/es-us\/localizador-vehiculos\/herramientas-administrativas\/","url":"https:\/\/www.quartix.com\/es-us\/localizador-vehiculos\/herramientas-administrativas\/","name":"Herramientas administrativas de flota","isPartOf":{"@id":"https:\/\/www.quartix.com\/es-us\/#website"},"datePublished":"2019-05-13T18:00:19+00:00","dateModified":"2023-07-13T12:22:25+00:00","description":"Las herramientas administrativas de flota de Quartix analiza sus datos y genera reportes simples. Todo se puede acceder en la web. El sistema de monitoreo de Quartix incluye una gran variedad de reportes de rastreo de veh\u00edculos y tableros para mejorar la operaci\u00f3n y uso de veh\u00edculos.","breadcrumb":{"@id":"https:\/\/www.quartix.com\/es-us\/localizador-vehiculos\/herramientas-administrativas\/#breadcrumb"},"inLanguage":"es-US","potentialAction":[{"@type":"ReadAction","target":["https:\/\/www.quartix.com\/es-us\/localizador-vehiculos\/herramientas-administrativas\/"]}]},{"@type":"BreadcrumbList","@id":"https:\/\/www.quartix.com\/es-us\/localizador-vehiculos\/herramientas-administrativas\/#breadcrumb","itemListElement":[{"@type":"ListItem","position":1,"name":"Inicio","item":"https:\/\/www.quartix.com\/es-us\/quartix-real-time-vehicle-tracking-2\/"},{"@type":"ListItem","position":2,"name":"Localizador Vehiculos","item":"https:\/\/www.quartix.com\/es-us\/localizador-vehiculos\/"},{"@type":"ListItem","position":3,"name":"Herramientas administrativas"}]},{"@type":"WebSite","@id":"https:\/\/www.quartix.com\/es-us\/#website","url":"https:\/\/www.quartix.com\/es-us\/","name":"Quartix","description":"Real-time vehicle tracking","publisher":{"@id":"https:\/\/www.quartix.com\/es-us\/#organization"},"potentialAction":[{"@type":"SearchAction","target":{"@type":"EntryPoint","urlTemplate":"https:\/\/www.quartix.com\/es-us\/?s={search_term_string}"},"query-input":{"@type":"PropertyValueSpecification","valueRequired":true,"valueName":"search_term_string"}}],"inLanguage":"es-US"},{"@type":"Organization","@id":"https:\/\/www.quartix.com\/es-us\/#organization","name":"Quartix","url":"https:\/\/www.quartix.com\/es-us\/","logo":{"@type":"ImageObject","inLanguage":"es-US","@id":"https:\/\/www.quartix.com\/es-us\/#\/schema\/logo\/image\/","url":"https:\/\/www.quartix.com\/content\/uploads\/2019\/02\/quartix-logo-eur.svg","contentUrl":"https:\/\/www.quartix.com\/content\/uploads\/2019\/02\/quartix-logo-eur.svg","width":1,"height":1,"caption":"Quartix"},"image":{"@id":"https:\/\/www.quartix.com\/es-us\/#\/schema\/logo\/image\/"},"sameAs":["https:\/\/www.facebook.com\/Quartix-USA-374426386097401\/","https:\/\/x.com\/QuartixUSA","https:\/\/www.linkedin.com\/company\/5346733\/","https:\/\/www.youtube.com\/channel\/UCzS-_GMfHF4kWiCheyIRrAQ"]}]}},"_links":{"self":[{"href":"https:\/\/www.quartix.com\/es-us\/wp-json\/wp\/v2\/pages\/22504","targetHints":{"allow":["GET"]}}],"collection":[{"href":"https:\/\/www.quartix.com\/es-us\/wp-json\/wp\/v2\/pages"}],"about":[{"href":"https:\/\/www.quartix.com\/es-us\/wp-json\/wp\/v2\/types\/page"}],"author":[{"embeddable":true,"href":"https:\/\/www.quartix.com\/es-us\/wp-json\/wp\/v2\/users\/2"}],"replies":[{"embeddable":true,"href":"https:\/\/www.quartix.com\/es-us\/wp-json\/wp\/v2\/comments?post=22504"}],"version-history":[{"count":0,"href":"https:\/\/www.quartix.com\/es-us\/wp-json\/wp\/v2\/pages\/22504\/revisions"}],"up":[{"embeddable":true,"href":"https:\/\/www.quartix.com\/es-us\/wp-json\/wp\/v2\/pages\/23030"}],"wp:attachment":[{"href":"https:\/\/www.quartix.com\/es-us\/wp-json\/wp\/v2\/media?parent=22504"}],"wp:term":[{"taxonomy":"topic","embeddable":true,"href":"https:\/\/www.quartix.com\/es-us\/wp-json\/wp\/v2\/topic?post=22504"},{"taxonomy":"qtx_campaign","embeddable":true,"href":"https:\/\/www.quartix.com\/es-us\/wp-json\/wp\/v2\/qtx_campaign?post=22504"}],"curies":[{"name":"wp","href":"https:\/\/api.w.org\/{rel}","templated":true}]}}