{"id":22508,"date":"2019-05-15T05:40:13","date_gmt":"2019-05-15T05:40:13","guid":{"rendered":" https:\/\/www.quartix.com\/politicas-de-privacidad\/"},"modified":"2023-07-21T11:20:16","modified_gmt":"2023-07-21T10:20:16","slug":"politicas-de-privacidad","status":"publish","type":"page","link":"https:\/\/www.quartix.com\/es-us\/politicas-de-privacidad\/","title":{"rendered":"Pol\u00edticas de privacidad"},"content":{"rendered":"<h2>Quartix Inc, Pol\u00edtica de Privacidad<\/h2>\n<p>Quartix (que aqu\u00ed significa Quartix Inc) respeta su privacidad. Toda la informaci\u00f3n que usted nos proporciona se conserva con el mayor cuidado y seguridad. La pol\u00edtica de privacidad explica c\u00f3mo recaudamos y utilizamos su informaci\u00f3n personal.<\/p>\n<p>Por favor t\u00f3mese un momento para revisar esta pol\u00edtica de privacidad, ya que establece nuestras pr\u00e1cticas de privacidad para <a href=\" https:\/\/www.quartix.com\/\">www.quartix.com<\/a>&nbsp;y le informa c\u00f3mo trataremos su informaci\u00f3n personal. No vendemos, rentamos o prestamos ninguna informaci\u00f3n identificable acerca de nuestros clientes (lo cual significa aqu\u00ed los usuarios del Software Quartix y usuarios de nuestra p\u00e1gina <a href=\" https:\/\/www.quartix.com\/\">www.quartix.com<\/a>)&nbsp;a terceros. Solo en las circunstancias descritas en esta Pol\u00edtica de Privacidad compartiremos su informaci\u00f3n con un tercero.<\/p>\n<p>Cualquier pregunta acerca de la pol\u00edtica de privacidad de Quartix debe ser dirigida a&nbsp;<a href=\"mailto:inquiries@quartix.com\">inquiries@quartix.com<\/a>&nbsp;o consulte la secci\u00f3n &#8220;C\u00f3mo contactarnos&#8221; a continuaci\u00f3n.<\/p>\n<h3>Uso de informaci\u00f3n<\/h3>\n<p>Quartix no recaudar\u00e1 ninguna informaci\u00f3n personal sobre individuos, excepto lo establecido en esta pol\u00edtica de privacidad. Ejemplos de tipos de informaci\u00f3n personal que recaudaremos son: nombre, empresa, direcci\u00f3n postal, direcci\u00f3n de correo electr\u00f3nico, n\u00famero telef\u00f3nico, detalles de sitio web, caracter\u00edsticas y uso del producto, datos de instalaci\u00f3n y comentarios del producto.<\/p>\n<p>Utilizaremos la informaci\u00f3n personal que nos proporcione para:<\/p>\n<ul>\n<li>procesar \u00f3rdenes presentadas por usted;<\/li>\n<li>personalizar el servicio que le prestamos;<\/li>\n<li>administrar o de otra manera cumplir nuestras obligaciones en relaci\u00f3n a cualquier acuerdo que tenga con nosotros;<\/li>\n<li>verificar su identidad (ej. si participa en cualquier promoci\u00f3n administrada por nosotros);<\/li>\n<li>anticipar y resolver cualquier problema con cualquier producto o servicios que se le proporcione;<\/li>\n<li>llevar a cabo estudios y encuestas de mercado y seguir datos de ventas;<\/li>\n<li>enviarle nuestro bolet\u00edn informativo, cuando usted lo solicita;<\/li>\n<li>seguir su participaci\u00f3n con nosotros, incluyendo nuestro sitio web, art\u00edculos y boletines informativos;<\/li>\n<li>entender c\u00f3mo utiliza nuestros productos y servicios;<\/li>\n<li>comunicarse con usted por tel\u00e9fono y enviarle comunicaciones de seguimiento relacionadas con su uso del software de Quartix promocionado en nuestro sitio web; y<\/li>\n<li>enviarle informaci\u00f3n acerca de nuestros otros productos y servicios.<\/li>\n<\/ul>\n<p>Podemos recopilar cualquier informaci\u00f3n personal que nos haya proporcionado a trav\u00e9s de este sitio web o mediante el uso de nuestros productos, o podemos recopilar esta informaci\u00f3n a trav\u00e9s de uno de nuestros operadores telef\u00f3nicos o por medio de su correo electr\u00f3nico u otras comunicaciones con nosotros. Cierta informaci\u00f3n se recopila autom\u00e1ticamente, como se describe m\u00e1s adelante en la pol\u00edtica de privacidad.<\/p>\n<p>Tambi\u00e9n podemos pedirle otra informaci\u00f3n opcional, como qu\u00e9 tipo de equipo\/ dispositivo\/ software que utiliza y qu\u00e9 otros temas le interesan. Si elige proporcionarnos esta informaci\u00f3n, la utilizaremos para ayudarnos a brindarle el mejor servicio personalizado posible seg\u00fan sus necesidades y preferencias.<\/p>\n<p>Si bien no es obligatorio que nos proporcionen todos los elementos de informaci\u00f3n que solicitamos, cuanta m\u00e1s informaci\u00f3n nos ofrezcan nuestros clientes (y cuanto m\u00e1s precisa sea), mejor podremos relacionar nuestros servicios con las necesidades de nuestros clientes.<\/p>\n<p>Tambi\u00e9n recopilamos informaci\u00f3n sobre usted si decide participar en cualquiera de las encuestas o promociones de nuestro sitio web. Utilizaremos esta informaci\u00f3n para administrar la promoci\u00f3n, ayudarnos a planificar otras promociones y mejorar los servicios que brindamos.<\/p>\n<h3>Terceros y sus sitios<\/h3>\n<p>Ciertos servicios de Quartix, como la asistencia para la evaluaci\u00f3n de nuestros productos por parte de los usuarios, se ofrecen junto con nuestros socios comerciales (terceros). En tales casos, es posible que tengamos que compartir su informaci\u00f3n personal con ellos para proporcionar estos servicios. En este caso, tenga en cuenta que si no desea revelar la informaci\u00f3n personal que se le solicit\u00f3, ciertos&nbsp;servicios pueden no estar disponibles para usted. Es posible que en algunos casos solicitemos su opini\u00f3n an\u00f3nima a trav\u00e9s de un tercero, para ayudar a mejorar nuestro servicio, respetaremos su privacidad y solo si usted renuncia a su anonimato podremos contactarlo sobre los comentarios.<\/p>\n<p>Cuando nuestros servicios utilicen herramientas hospedadas, almacenamiento de datos hospedados y servicios de pago proporcionados por terceros, cualquier informaci\u00f3n personal almacenada por dichos terceros estar\u00e1 sujeta a sus disposiciones de privacidad.<\/p>\n<p>Si bien elegimos a nuestros socios comerciales con cuidado, no somos responsables de sus pol\u00edticas y pr\u00e1cticas de privacidad o las de otros sitios a los que acceda mediante los enlaces de nuestro sitio. Por lo tanto, le recomendamos revisar la pol\u00edtica de cada sitio que visite.<\/p>\n<p>Adem\u00e1s, si se vincul\u00f3 a nuestro sitio desde un sitio de terceros, no somos responsables de las pol\u00edticas y pr\u00e1cticas de privacidad de los propietarios u operadores de ese sitio de terceros y le recomendamos consultar la pol\u00edtica de ese sitio de terceros y se comunique con su propietario u operador si tiene alguna preocupaci\u00f3n o pregunta.<\/p>\n<h3>Archivo de registro\/ direcci\u00f3n IP<\/h3>\n<p>Cuando usted visita nuestro sitio web, registramos autom\u00e1ticamente su direcci\u00f3n IP, la cual es reconocida por nuestro servidor de web. Utilizamos direcciones IP para ayudarnos a administrar el sitio web, para recaudar informaci\u00f3n demogr\u00e1fica general para uso en conjunto y para seguir su interacci\u00f3n con nosotros.<\/p>\n<h3>SU DERECHO PARA ACCEDER Y LIMITAR EL USO DE DATOS<\/h3>\n<p>Tiene el derecho de acceder a los datos personales que almacenamos sobre usted y nuestro objetivo es mantener nuestra informaci\u00f3n lo m\u00e1s precisa posible. Si desea revisar o cambiar la informaci\u00f3n que nos ha proporcionado, por favor cont\u00e1ctenos a <a href=\"mailto:inquiries@quartix.com\">inquiries@quartix.com<\/a>. Tambi\u00e9n puede solicitar la eliminaci\u00f3n de su informaci\u00f3n de nuestros registros.&nbsp;&nbsp;Las personas pueden tener el derecho para limitar el uso y divulgaci\u00f3n de su informaci\u00f3n personal como lo es requerido por los Principios del Escudo de Privacidad, como por ejemplo si su informaci\u00f3n es compartida con un tercero o es utilizada para fines sustancialmente diferentes para los que la informaci\u00f3n personal fue originalmente recaudada o subsecuentemente autorizada por usted. Si desea limitar el uso y divulgaci\u00f3n de su informaci\u00f3n personal de acuerdo con los Principios de Escudo de Privacidad, por favor cont\u00e1ctenos a <a href=\"mailto:inquiries@quartix.com\">inquiries@quartix.com<\/a> &nbsp;&nbsp;<\/p>\n<h3>Cookies<\/h3>\n<p>Las Cookies son archivos de texto muy&nbsp;peque\u00f1os almacenados en su computadora que se utilizan para rastrear la navegaci\u00f3n del usuario en un sitio web. Quartix utiliza cookies para identificar y seguir su movimiento dentro de nuestros sitios web y su participaci\u00f3n con otros de nuestros servicios como blogs y boletines informativos. &nbsp;Recibir\u00e1 esta cookie cuando visite uno de nuestros sitios web; pero la informaci\u00f3n que se recauda ser\u00e1 almacenada y se mantendr\u00e1 an\u00f3nima por 38 meses o hasta que comparta su correo electr\u00f3nico con nosotros a trav\u00e9s de uno de nuestros sitios web.<\/p>\n<p>Quartix puede utilizar a terceros para publicar anuncios en nuestros sitios web. Los anunciantes pueden usar cookies para rastrear el n\u00famero de usuarios que responden a su campa\u00f1a. Quartix no tiene acceso ni control de las cookies colocadas por terceros.<\/p>\n<p>Deshabilitar \/ habilitar las cookies &#8211; los usuarios pueden aceptar o deshabitar las cookies modificando la configuraci\u00f3n de su navegador. Sin embargo, si deshabilita las cookies algunas funciones pueden verse afectadas. Para m\u00e1s instrucciones sobre como deshabitar las cookies por favor visite: <a href=\"http:\/\/www.allaboutcookies.org\/manage-cookies\/stop-cookies-installed.html\">http:\/\/www.allaboutcookies.org\/manage-cookies\/stop-cookies-installed.html<\/a><\/p>\n<p>&nbsp;<\/p>\n<h3>Divulgaciones<\/h3>\n<p>Con excepci\u00f3n de las divulgaciones a las que se hace referencia en esta pol\u00edtica, no divulgaremos ninguna informaci\u00f3n personal sin su permiso, a menos que estemos legalmente obligados o con el derecho de hacerlo (por ejemplo, si as\u00ed lo requiere una orden de la Corte o para fines de identificaci\u00f3n fraudulenta u otro crimen).<\/p>\n<p>Solo divulgaremos su informaci\u00f3n personal a terceros, ya sea como parte de una reorganizaci\u00f3n o venta de activos de Quartix y despu\u00e9s de tomar los pasos necesarios para garantizar que sus derechos de privacidad siguen siendo protegidos.<\/p>\n<h3>Informaci\u00f3n sobre nuestros productos y servicios<\/h3>\n<p>Es de suma importancia para nosotros proveerle el nivel m\u00e1s alto de servicio. Para ayudarnos a hacer esto, de vez en cuando Quartix puede enviarle, con su consentimiento, detalles sobre nuestros productos y servicios que creemos pueden ser de su inter\u00e9s. Si en cualquier momento no desea continuar recibiendo estos detalles, env\u00ede un mensaje por correo electr\u00f3nico a <a href=\"mailto:enquiries@quartix.com\">inquiries@quartix.com<\/a>. Tambi\u00e9n puede darse de baja de nuestro bolet\u00edn informativo utilizando la opci\u00f3n de &#8220;cancelar suscripci\u00f3n&#8221; localizada en la parte inferior de cada una de nuestras comunicaciones. Lo \u00fanico que necesita hacer es hacer clic en el enlace &#8220;cancelar suscripci\u00f3n a nuestros correos electr\u00f3nicos&#8221;.<\/p>\n<h3>Manteniendo nuestros registros correctos<\/h3>\n<p>Nuestro objetivo es mantener la informaci\u00f3n sobre usted lo m\u00e1s correcta posible. Si desea revisar o cambiar los detalles que nos ha proporcionado, por favor cont\u00e1ctenos en&nbsp;<a href=\"mailto:enquiries@quartix.com\">inquiries@quartix.com<\/a>.<\/p>\n<h3>Seguridad<\/h3>\n<p>Hemos implementado tecnolog\u00eda y pol\u00edticas para salvaguardar su privacidad de acceso no autorizado y uso indebido. Por ejemplo, nuestro sitio web est\u00e1 encriptado. Continuaremos monitorizando y actualizando las medidas de seguridad a medida que nuevas tecnolog\u00edas y regulaciones de privacidad est\u00e9n disponibles seg\u00fan sea apropiado para el sitio web.<\/p>\n<h3>Su consentimiento<\/h3>\n<p>Al usar nuestro sitio web o darnos sus detalles en eventos comerciales o exhibiciones, usted da su consentimiento para la recolecci\u00f3n y utilizaci\u00f3n de esta informaci\u00f3n por Quartix. Si decidimos cambiar nuestras pol\u00edticas de privacidad, publicaremos esos cambios en esta p\u00e1gina para que usted est\u00e9 enterado de qu\u00e9 informaci\u00f3n recopilamos, c\u00f3mo la utilizamos y en qu\u00e9 circunstancias podr\u00edamos divulgarla.<\/p>\n<h3>PARTICIPACI\u00d3N EN EL EU-US AND SWISS-US PRIVACY SHIELD<\/h3>\n<p>Quartix Inc. cumple con los marcos del&nbsp;Privacy Shield U.E.-Estados Unidos y Suiza-Estados Unidos como lo marca el Departamento de Comercio de los Estados Unidos sobre la recolecci\u00f3n, uso y retenci\u00f3n de informaci\u00f3n personal transferida de la Uni\u00f3n Europea a los Estados Unidos. Quartix Inc. ha certificado ante el Departamento de Comercio que se adhiere a los Principios del Privacy Shield. Si surge un conflicto entre los t\u00e9rminos en esta pol\u00edtica de privacidad y los Principios de Privacy Shield, los Principios de Privacy Shield deben prevalecer. Para conocer m\u00e1s sobre el programa de Privacy Shield y ver nuestra certificaci\u00f3n, por favor visite&nbsp;<a href=\"https:\/\/www.privacyshield.gov\/\">https:\/\/www.privacyshield.gov\/<\/a>.<\/p>\n<p>De conformidad con los Principios de Privacy Shield, Quartix Inc. se compromete a resolver las quejas sobre nuestra recolecci\u00f3n o uso de su informaci\u00f3n personal. Las personas de la Uni\u00f3n Europea y Suiza que tengan preguntas o quejas con respecto a nuestra pol\u00edtica de Privacy Shield deben primero contactar a Quartix Inc en&nbsp;<a href=\"mailto:inquiries@quartix.com\">inquiries@quartix.com<\/a>&nbsp;o de forma alternativa, consulte la secci\u00f3n &#8220;Contactarnos&#8221; a continuaci\u00f3n.<\/p>\n<p>Quartix Inc. se compromete a cooperar con el panel establecido por las autoridades de protecci\u00f3n de datos de la UE (DPA) y el Comisionado Federal de Protecci\u00f3n de Datos e Informaci\u00f3n de Suiza, y cumplir con el asesoramiento proporcionado por el panel y\/o el Comisionado con respecto a los datos transferidos desde la UE y\/o Suiza.<\/p>\n<p>La Comisi\u00f3n Federal de Comercio tiene jurisdicci\u00f3n sobre el cumplimiento de Quartix Inc. con el Privacy Shield. Una persona tiene la posibilidad, bajo ciertas condiciones, de invocar un arbitraje obligatorio para quejas relacionadas con el cumplimiento del Privacy Shield que no haya resuelto ninguno de los otros mecanismos del Privacy Shield, para obtener informaci\u00f3n adicional, consulte: <a href=\"https:\/\/www.privacyshield.gov\/article?id=ANNEX-I-introduction\">https:\/\/www.privacyshield.gov\/article?id=ANNEX-I-introduction<\/a>.<\/p>\n<p>Quartix Inc. mantendr\u00e1 la confidencialidad de los datos personales y no planear\u00e1 ninguna transferencia posterior a terceros. Cualquier transferencia futura que ocurra estar\u00e1 de acuerdo con las Cl\u00e1usulas Contractuales Est\u00e1ndar (Procesadores) aprobadas por la Comisi\u00f3n Europea en la Decisi\u00f3n C (2010) 593 de la Comisi\u00f3n.<\/p>\n<h3>Contactarnos<\/h3>\n<p>Si en cualquier momento desea contactarnos con preguntas acerca de su informaci\u00f3n personal, puede mandarnos un correo electr\u00f3nico a <a href=\"mailto:inquiries@quartix.com\">inquiries@quartix.com<\/a>&nbsp;o escribirnos a<\/p>\n<p>Quartix Inc<br \/>\n500 N. Michigan Ave<br \/>\nSuite 1607<br \/>\nChicago, IL 60611<\/p>\n<p>Usted tiene el derecho a solicitar una copia de la informaci\u00f3n que almacenamos sobre usted (por la cual podemos cobrar una peque\u00f1a cuota).<\/p>\n<p>Quartix Inc (Folio No. 6903-987-1) fue incorporada el 26 de abril de 2013, y donde corresponde, cumple con todas las leyes y normas de los Estados Unidos.<\/p>\n","protected":false},"excerpt":{"rendered":"<p>Quartix Inc, Pol\u00edtica de Privacidad Quartix (que aqu\u00ed significa Quartix Inc) respeta su privacidad. Toda la informaci\u00f3n que usted nos proporciona se conserva con el mayor cuidado y seguridad. La pol\u00edtica de privacidad explica c\u00f3mo recaudamos y utilizamos su informaci\u00f3n personal. Por favor t\u00f3mese un momento para revisar esta pol\u00edtica de privacidad, ya que establece [&hellip;]<\/p>\n","protected":false},"author":12,"featured_media":0,"parent":0,"menu_order":725,"comment_status":"closed","ping_status":"closed","template":"templates\/terms-and-conditions.php","meta":{"_acf_changed":false,"inline_featured_image":false,"footnotes":""},"topic":[],"qtx_campaign":[],"class_list":["post-22508","page","type-page","status-publish","hentry"],"acf":[],"yoast_head":"<!-- This site is optimized with the Yoast SEO Premium plugin v27.3 (Yoast SEO v27.3) - https:\/\/yoast.com\/product\/yoast-seo-premium-wordpress\/ -->\n<title>Pol\u00edticas de privacidad - US<\/title>\n<meta name=\"description\" content=\"Quartix toma seriamente la privacidad. Toda la informaci\u00f3n que nos proporcione se conserva con el mayor cuidado y seguridad. No vendemos, alquilamos ni prestamos ninguna informaci\u00f3n ...\" \/>\n<meta name=\"robots\" content=\"index, follow, max-snippet:-1, max-image-preview:large, max-video-preview:-1\" \/>\n<link rel=\"canonical\" href=\"https:\/\/www.quartix.com\/es-us\/politicas-de-privacidad\/\" \/>\n<meta property=\"og:locale\" content=\"es_ES\" \/>\n<meta property=\"og:type\" content=\"article\" \/>\n<meta property=\"og:title\" content=\"Pol\u00edticas de privacidad\" \/>\n<meta property=\"og:description\" content=\"Quartix toma seriamente la privacidad. Toda la informaci\u00f3n que nos proporcione se conserva con el mayor cuidado y seguridad. No vendemos, alquilamos ni prestamos ninguna informaci\u00f3n ...\" \/>\n<meta property=\"og:url\" content=\"https:\/\/www.quartix.com\/es-us\/politicas-de-privacidad\/\" \/>\n<meta property=\"og:site_name\" content=\"Quartix\" \/>\n<meta property=\"article:publisher\" content=\"https:\/\/www.facebook.com\/Quartix-USA-374426386097401\/\" \/>\n<meta property=\"article:modified_time\" content=\"2023-07-21T10:20:16+00:00\" \/>\n<meta name=\"twitter:card\" content=\"summary_large_image\" \/>\n<meta name=\"twitter:site\" content=\"@QuartixUSA\" \/>\n<meta name=\"twitter:label1\" content=\"Est. reading time\" \/>\n\t<meta name=\"twitter:data1\" content=\"11 minutes\" \/>\n<!-- \/ Yoast SEO Premium plugin. -->","yoast_head_json":{"title":"Pol\u00edticas de privacidad - US","description":"Quartix toma seriamente la privacidad. Toda la informaci\u00f3n que nos proporcione se conserva con el mayor cuidado y seguridad. No vendemos, alquilamos ni prestamos ninguna informaci\u00f3n ...","robots":{"index":"index","follow":"follow","max-snippet":"max-snippet:-1","max-image-preview":"max-image-preview:large","max-video-preview":"max-video-preview:-1"},"canonical":"https:\/\/www.quartix.com\/es-us\/politicas-de-privacidad\/","og_locale":"es_ES","og_type":"article","og_title":"Pol\u00edticas de privacidad","og_description":"Quartix toma seriamente la privacidad. Toda la informaci\u00f3n que nos proporcione se conserva con el mayor cuidado y seguridad. No vendemos, alquilamos ni prestamos ninguna informaci\u00f3n ...","og_url":"https:\/\/www.quartix.com\/es-us\/politicas-de-privacidad\/","og_site_name":"Quartix","article_publisher":"https:\/\/www.facebook.com\/Quartix-USA-374426386097401\/","article_modified_time":"2023-07-21T10:20:16+00:00","twitter_card":"summary_large_image","twitter_site":"@QuartixUSA","twitter_misc":{"Est. reading time":"11 minutes"},"schema":{"@context":"https:\/\/schema.org","@graph":[{"@type":"WebPage","@id":"https:\/\/www.quartix.com\/es-us\/politicas-de-privacidad\/","url":"https:\/\/www.quartix.com\/es-us\/politicas-de-privacidad\/","name":"Pol\u00edticas de privacidad","isPartOf":{"@id":"https:\/\/www.quartix.com\/es-us\/#website"},"datePublished":"2019-05-15T05:40:13+00:00","dateModified":"2023-07-21T10:20:16+00:00","description":"Quartix toma seriamente la privacidad. Toda la informaci\u00f3n que nos proporcione se conserva con el mayor cuidado y seguridad. No vendemos, alquilamos ni prestamos ninguna informaci\u00f3n ...","breadcrumb":{"@id":"https:\/\/www.quartix.com\/es-us\/politicas-de-privacidad\/#breadcrumb"},"inLanguage":"es-US","potentialAction":[{"@type":"ReadAction","target":["https:\/\/www.quartix.com\/es-us\/politicas-de-privacidad\/"]}]},{"@type":"BreadcrumbList","@id":"https:\/\/www.quartix.com\/es-us\/politicas-de-privacidad\/#breadcrumb","itemListElement":[{"@type":"ListItem","position":1,"name":"Inicio","item":"https:\/\/www.quartix.com\/es-us\/"},{"@type":"ListItem","position":2,"name":"Pol\u00edticas de privacidad"}]},{"@type":"WebSite","@id":"https:\/\/www.quartix.com\/es-us\/#website","url":"https:\/\/www.quartix.com\/es-us\/","name":"Quartix","description":"Real-time vehicle tracking","publisher":{"@id":"https:\/\/www.quartix.com\/es-us\/#organization"},"potentialAction":[{"@type":"SearchAction","target":{"@type":"EntryPoint","urlTemplate":"https:\/\/www.quartix.com\/es-us\/?s={search_term_string}"},"query-input":{"@type":"PropertyValueSpecification","valueRequired":true,"valueName":"search_term_string"}}],"inLanguage":"es-US"},{"@type":"Organization","@id":"https:\/\/www.quartix.com\/es-us\/#organization","name":"Quartix","url":"https:\/\/www.quartix.com\/es-us\/","logo":{"@type":"ImageObject","inLanguage":"es-US","@id":"https:\/\/www.quartix.com\/es-us\/#\/schema\/logo\/image\/","url":"https:\/\/www.quartix.com\/content\/uploads\/2019\/02\/quartix-logo-eur.svg","contentUrl":"https:\/\/www.quartix.com\/content\/uploads\/2019\/02\/quartix-logo-eur.svg","width":1,"height":1,"caption":"Quartix"},"image":{"@id":"https:\/\/www.quartix.com\/es-us\/#\/schema\/logo\/image\/"},"sameAs":["https:\/\/www.facebook.com\/Quartix-USA-374426386097401\/","https:\/\/x.com\/QuartixUSA","https:\/\/www.linkedin.com\/company\/5346733\/","https:\/\/www.youtube.com\/channel\/UCzS-_GMfHF4kWiCheyIRrAQ"]}]}},"_links":{"self":[{"href":"https:\/\/www.quartix.com\/es-us\/wp-json\/wp\/v2\/pages\/22508","targetHints":{"allow":["GET"]}}],"collection":[{"href":"https:\/\/www.quartix.com\/es-us\/wp-json\/wp\/v2\/pages"}],"about":[{"href":"https:\/\/www.quartix.com\/es-us\/wp-json\/wp\/v2\/types\/page"}],"author":[{"embeddable":true,"href":"https:\/\/www.quartix.com\/es-us\/wp-json\/wp\/v2\/users\/12"}],"replies":[{"embeddable":true,"href":"https:\/\/www.quartix.com\/es-us\/wp-json\/wp\/v2\/comments?post=22508"}],"version-history":[{"count":0,"href":"https:\/\/www.quartix.com\/es-us\/wp-json\/wp\/v2\/pages\/22508\/revisions"}],"wp:attachment":[{"href":"https:\/\/www.quartix.com\/es-us\/wp-json\/wp\/v2\/media?parent=22508"}],"wp:term":[{"taxonomy":"topic","embeddable":true,"href":"https:\/\/www.quartix.com\/es-us\/wp-json\/wp\/v2\/topic?post=22508"},{"taxonomy":"qtx_campaign","embeddable":true,"href":"https:\/\/www.quartix.com\/es-us\/wp-json\/wp\/v2\/qtx_campaign?post=22508"}],"curies":[{"name":"wp","href":"https:\/\/api.w.org\/{rel}","templated":true}]}}