{"id":22514,"date":"2019-05-15T06:30:22","date_gmt":"2019-05-15T06:30:22","guid":{"rendered":"https:\/\/www.quartix.com\/inicio-de-sesion\/"},"modified":"2025-08-20T14:00:22","modified_gmt":"2025-08-20T13:00:22","slug":"inicio-de-sesion","status":"publish","type":"page","link":"https:\/\/www.quartix.com\/es-us\/inicio-de-sesion\/","title":{"rendered":"Inicio de sesi\u00f3n"},"content":{"rendered":"<h2>Iniciar sesi\u00f3n<\/h2>\n<p><strong>Sorry, we&#8217;re currently experiencing issues with our login system.<\/strong><\/p>\n<p>Please contact your Quartix representative for advice on how to proceed.<\/p>\n<p><a role=\"button\" href=\"https:\/\/tracking.quartix.com\/content\/Monitoring\/es-US\/\" target=\"_blank\" rel=\"noopener\"><br \/>\nModo Privado<br \/>\n<\/a><\/p>\n<h2>\u00bfNecesita la aplicaci\u00f3n m\u00f3vil de Quartix?<\/h2>\n<ul>\n<li><a href=\"https:\/\/itunes.apple.com\/gb\/app\/quartix-vehicle-tracking\/id783601545?mt=8\" target=\"_blank\" rel=\"noopener\"><img decoding=\"async\" src=\"\/content\/uploads\/2019\/01\/download-app-store.svg\" alt=\"Download on the App Store\"><\/a><\/li>\n<li><a href=\"https:\/\/play.google.com\/store\/apps\/details?id=com.quartix.mobiletracking&amp;hl=es_US&amp;gl=US\" target=\"_blank\" rel=\"noopener\"><img decoding=\"async\" src=\"\/content\/uploads\/2019\/01\/download-play-store.svg\" alt=\"Download app on Google Play\"><\/a><\/li>\n<\/ul>\n<h2>Actualizaciones de Producto<\/h2>\n<p><a role=\"button\" href=\"https:\/\/www.quartix.com\/es-us\/mas-informacion\/actualizaciones-de-producto\/\"><br \/>\nVer actualizaciones de producto<br \/>\n<\/a><\/p>\n","protected":false},"excerpt":{"rendered":"<p>Iniciar sesi\u00f3n Sorry, we&#8217;re currently experiencing issues with our login system. Please contact your Quartix representative for advice on how to proceed. Modo Privado \u00bfNecesita la aplicaci\u00f3n m\u00f3vil de Quartix? Actualizaciones de Producto Ver actualizaciones de producto<\/p>\n","protected":false},"author":12,"featured_media":0,"parent":0,"menu_order":650,"comment_status":"closed","ping_status":"closed","template":"templates\/sign-in.php","meta":{"_acf_changed":false,"inline_featured_image":false,"footnotes":""},"topic":[],"qtx_campaign":[],"class_list":["post-22514","page","type-page","status-publish","hentry"],"acf":[],"yoast_head":"<!-- This site is optimized with the Yoast SEO Premium plugin v27.2 (Yoast SEO v27.2) - https:\/\/yoast.com\/product\/yoast-seo-premium-wordpress\/ -->\n<title>Inicio de sesi\u00f3n - US<\/title>\n<meta name=\"description\" content=\"Inicie sesi\u00f3n en el rastreo de veh\u00edculos Quartix. Rastree sus veh\u00edculos en tiempo real, compruebe los registros diarios del conductor, el comportamiento de conducci\u00f3n, el millaje, ITV y m\u00e1s. \u00bfNo tiene un sistema de rastreo de veh\u00edculos Quartix? Reg\u00edstrese ahora.\" \/>\n<meta name=\"robots\" content=\"index, follow, max-snippet:-1, max-image-preview:large, max-video-preview:-1\" \/>\n<link rel=\"canonical\" href=\"https:\/\/www.quartix.com\/es-us\/inicio-de-sesion\/\" \/>\n<meta property=\"og:locale\" content=\"es_ES\" \/>\n<meta property=\"og:type\" content=\"article\" \/>\n<meta property=\"og:title\" content=\"Inicio de sesi\u00f3n\" \/>\n<meta property=\"og:description\" content=\"Inicie sesi\u00f3n en el rastreo de veh\u00edculos Quartix. Rastree sus veh\u00edculos en tiempo real, compruebe los registros diarios del conductor, el comportamiento de conducci\u00f3n, el millaje, ITV y m\u00e1s. \u00bfNo tiene un sistema de rastreo de veh\u00edculos Quartix? Reg\u00edstrese ahora.\" \/>\n<meta property=\"og:url\" content=\"https:\/\/www.quartix.com\/es-us\/inicio-de-sesion\/\" \/>\n<meta property=\"og:site_name\" content=\"Quartix\" \/>\n<meta property=\"article:publisher\" content=\"https:\/\/www.facebook.com\/Quartix-USA-374426386097401\/\" \/>\n<meta property=\"article:modified_time\" content=\"2025-08-20T13:00:22+00:00\" \/>\n<meta name=\"twitter:card\" content=\"summary_large_image\" \/>\n<meta name=\"twitter:site\" content=\"@QuartixUSA\" \/>\n<meta name=\"twitter:label1\" content=\"Est. reading time\" \/>\n\t<meta name=\"twitter:data1\" content=\"2 minutes\" \/>\n<!-- \/ Yoast SEO Premium plugin. -->","yoast_head_json":{"title":"Inicio de sesi\u00f3n - US","description":"Inicie sesi\u00f3n en el rastreo de veh\u00edculos Quartix. Rastree sus veh\u00edculos en tiempo real, compruebe los registros diarios del conductor, el comportamiento de conducci\u00f3n, el millaje, ITV y m\u00e1s. \u00bfNo tiene un sistema de rastreo de veh\u00edculos Quartix? Reg\u00edstrese ahora.","robots":{"index":"index","follow":"follow","max-snippet":"max-snippet:-1","max-image-preview":"max-image-preview:large","max-video-preview":"max-video-preview:-1"},"canonical":"https:\/\/www.quartix.com\/es-us\/inicio-de-sesion\/","og_locale":"es_ES","og_type":"article","og_title":"Inicio de sesi\u00f3n","og_description":"Inicie sesi\u00f3n en el rastreo de veh\u00edculos Quartix. Rastree sus veh\u00edculos en tiempo real, compruebe los registros diarios del conductor, el comportamiento de conducci\u00f3n, el millaje, ITV y m\u00e1s. \u00bfNo tiene un sistema de rastreo de veh\u00edculos Quartix? Reg\u00edstrese ahora.","og_url":"https:\/\/www.quartix.com\/es-us\/inicio-de-sesion\/","og_site_name":"Quartix","article_publisher":"https:\/\/www.facebook.com\/Quartix-USA-374426386097401\/","article_modified_time":"2025-08-20T13:00:22+00:00","twitter_card":"summary_large_image","twitter_site":"@QuartixUSA","twitter_misc":{"Est. reading time":"2 minutes"},"schema":{"@context":"https:\/\/schema.org","@graph":[{"@type":"WebPage","@id":"https:\/\/www.quartix.com\/es-us\/inicio-de-sesion\/","url":"https:\/\/www.quartix.com\/es-us\/inicio-de-sesion\/","name":"Inicio de sesi\u00f3n","isPartOf":{"@id":"https:\/\/www.quartix.com\/es-us\/#website"},"datePublished":"2019-05-15T06:30:22+00:00","dateModified":"2025-08-20T13:00:22+00:00","description":"Inicie sesi\u00f3n en el rastreo de veh\u00edculos Quartix. Rastree sus veh\u00edculos en tiempo real, compruebe los registros diarios del conductor, el comportamiento de conducci\u00f3n, el millaje, ITV y m\u00e1s. \u00bfNo tiene un sistema de rastreo de veh\u00edculos Quartix? Reg\u00edstrese ahora.","breadcrumb":{"@id":"https:\/\/www.quartix.com\/es-us\/inicio-de-sesion\/#breadcrumb"},"inLanguage":"es-US","potentialAction":[{"@type":"ReadAction","target":["https:\/\/www.quartix.com\/es-us\/inicio-de-sesion\/"]}]},{"@type":"BreadcrumbList","@id":"https:\/\/www.quartix.com\/es-us\/inicio-de-sesion\/#breadcrumb","itemListElement":[{"@type":"ListItem","position":1,"name":"Inicio","item":"https:\/\/www.quartix.com\/es-us\/quartix-real-time-vehicle-tracking-2\/"},{"@type":"ListItem","position":2,"name":"Inicio de sesi\u00f3n"}]},{"@type":"WebSite","@id":"https:\/\/www.quartix.com\/es-us\/#website","url":"https:\/\/www.quartix.com\/es-us\/","name":"Quartix","description":"Real-time vehicle tracking","publisher":{"@id":"https:\/\/www.quartix.com\/es-us\/#organization"},"potentialAction":[{"@type":"SearchAction","target":{"@type":"EntryPoint","urlTemplate":"https:\/\/www.quartix.com\/es-us\/?s={search_term_string}"},"query-input":{"@type":"PropertyValueSpecification","valueRequired":true,"valueName":"search_term_string"}}],"inLanguage":"es-US"},{"@type":"Organization","@id":"https:\/\/www.quartix.com\/es-us\/#organization","name":"Quartix","url":"https:\/\/www.quartix.com\/es-us\/","logo":{"@type":"ImageObject","inLanguage":"es-US","@id":"https:\/\/www.quartix.com\/es-us\/#\/schema\/logo\/image\/","url":"https:\/\/www.quartix.com\/content\/uploads\/2019\/02\/quartix-logo-eur.svg","contentUrl":"https:\/\/www.quartix.com\/content\/uploads\/2019\/02\/quartix-logo-eur.svg","width":1,"height":1,"caption":"Quartix"},"image":{"@id":"https:\/\/www.quartix.com\/es-us\/#\/schema\/logo\/image\/"},"sameAs":["https:\/\/www.facebook.com\/Quartix-USA-374426386097401\/","https:\/\/x.com\/QuartixUSA","https:\/\/www.linkedin.com\/company\/5346733\/","https:\/\/www.youtube.com\/channel\/UCzS-_GMfHF4kWiCheyIRrAQ"]}]}},"_links":{"self":[{"href":"https:\/\/www.quartix.com\/es-us\/wp-json\/wp\/v2\/pages\/22514","targetHints":{"allow":["GET"]}}],"collection":[{"href":"https:\/\/www.quartix.com\/es-us\/wp-json\/wp\/v2\/pages"}],"about":[{"href":"https:\/\/www.quartix.com\/es-us\/wp-json\/wp\/v2\/types\/page"}],"author":[{"embeddable":true,"href":"https:\/\/www.quartix.com\/es-us\/wp-json\/wp\/v2\/users\/12"}],"replies":[{"embeddable":true,"href":"https:\/\/www.quartix.com\/es-us\/wp-json\/wp\/v2\/comments?post=22514"}],"version-history":[{"count":7,"href":"https:\/\/www.quartix.com\/es-us\/wp-json\/wp\/v2\/pages\/22514\/revisions"}],"predecessor-version":[{"id":124574,"href":"https:\/\/www.quartix.com\/es-us\/wp-json\/wp\/v2\/pages\/22514\/revisions\/124574"}],"wp:attachment":[{"href":"https:\/\/www.quartix.com\/es-us\/wp-json\/wp\/v2\/media?parent=22514"}],"wp:term":[{"taxonomy":"topic","embeddable":true,"href":"https:\/\/www.quartix.com\/es-us\/wp-json\/wp\/v2\/topic?post=22514"},{"taxonomy":"qtx_campaign","embeddable":true,"href":"https:\/\/www.quartix.com\/es-us\/wp-json\/wp\/v2\/qtx_campaign?post=22514"}],"curies":[{"name":"wp","href":"https:\/\/api.w.org\/{rel}","templated":true}]}}