{"id":22579,"date":"2019-05-18T01:36:35","date_gmt":"2019-05-18T01:36:35","guid":{"rendered":" https:\/\/www.quartix.com\/opciones-de-instalacion\/"},"modified":"2023-07-13T13:22:25","modified_gmt":"2023-07-13T12:22:25","slug":"opciones-de-instalacion","status":"publish","type":"page","link":"https:\/\/www.quartix.com\/es-us\/opciones-de-instalacion\/","title":{"rendered":"Opciones de Instalaci\u00f3n"},"content":{"rendered":"\n<div class=\"wp-block-columns is-layout-flex wp-container-core-columns-is-layout-28f84493 wp-block-columns-is-layout-flex\">\n<div class=\"wp-block-column is-layout-flow wp-block-column-is-layout-flow\">\n<h2 class=\"wp-block-heading\">Unidad con cableado Quartix<\/h2>\n\n\n\n<p>Cableado con Instalador<\/p>\n\n\n\n<p>El Dispositivo de Rastreo de Veh\u00edculos de Quartix mide solamente 90mm x 55mm x 24mm y pesa tan solo 90g. La unidad est\u00e1 completamente fuera de vista despu\u00e9s de la instalaci\u00f3n, la cual solo toma 30-40 minutos.<\/p>\n\n\n\n<p>Instalaci\u00f3n propia de cableado.<\/p>\n\n\n\n<p>Si usted o sus t\u00e9cnicos saben c\u00f3mo conectar un radio en el carro, usted mismo puede instalar el Dispositivo de Rastreo.<\/p>\n\n\n\n<p class=\"has-text-align-center\"><a role=\"button\" href=\" https:\/\/www.quartix.com\/es-us\/guia-de-instalacion\/\"><br>Gu\u00eda de instalaci\u00f3n propia<br><\/a><\/p>\n<\/div>\n\n\n\n<div class=\"wp-block-column is-layout-flow wp-block-column-is-layout-flow\">\n<h2 class=\"wp-block-heading\">Unidad &#8220;Plug &amp; Track&#8221;<\/h2>\n\n\n\n<p>&#8220;Plug &amp; Track&#8221; de Quartix es un rastreador OBD de instalaci\u00f3n propia ideal para aquellos que necesitan una forma f\u00e1cil y r\u00e1pida de cambiar rastreadores entre veh\u00edculos.<\/p>\n\n\n\n<p>Como un dispositivo con enchufe el Plug &amp; Track es f\u00e1cil de instalar e incluye el mismo sistema de reporte poderoso y probado basado en la web que usted recibe con el dispositivo con cableado.<\/p>\n\n\n\n<p class=\"has-text-align-center\"><a role=\"button\" href=\" https:\/\/www.quartix.com\/es-us\/guia-de-instalacion-de-conecte-y-rastree\/\"><br>Conozca m\u00e1s sobre Plug &amp; Track de Quartix<br><\/a><\/p>\n<\/div>\n<\/div>\n\n\n\n<div class=\"wp-block-columns is-layout-flex wp-container-core-columns-is-layout-28f84493 wp-block-columns-is-layout-flex\">\n<div class=\"wp-block-column is-layout-flow wp-block-column-is-layout-flow\"><\/div>\n\n\n\n<div class=\"wp-block-column is-layout-flow wp-block-column-is-layout-flow\">\n<h2 class=\"wp-block-heading\">Unidad Quartix &#8220;Connect &amp; Track&#8221;<\/h2>\n\n\n\n<p>Connect &amp; Track es una simple y discreta opci\u00f3n de instalaci\u00f3n propia para el rastreo de veh\u00edculos GPS de Quartix. Simplemente una los dos cables del dispositivo a la bater\u00eda de su veh\u00edculo, y en minutos usted tendr\u00e1 acceso a informaci\u00f3n telem\u00e1tica para cualquier viaje que el veh\u00edculo haga.<\/p>\n\n\n\n<p class=\"has-text-align-center\"><a role=\"button\" href=\" https:\/\/www.quartix.com\/es-us\/conecte-rastree\/\"><br>Conozca m\u00e1s sobre Connect &amp; Track de Quartix<br><\/a><\/p>\n<\/div>\n<\/div>\n","protected":false},"excerpt":{"rendered":"<p>Unidad con cableado Quartix Cableado con Instalador El Dispositivo de Rastreo de Veh\u00edculos de Quartix mide solamente 90mm x 55mm x 24mm y pesa tan solo 90g. La unidad est\u00e1 completamente fuera de vista despu\u00e9s de la instalaci\u00f3n, la cual solo toma 30-40 minutos. Instalaci\u00f3n propia de cableado. Si usted o sus t\u00e9cnicos saben c\u00f3mo [&hellip;]<\/p>\n","protected":false},"author":12,"featured_media":0,"parent":0,"menu_order":110,"comment_status":"closed","ping_status":"closed","template":"","meta":{"_acf_changed":false,"inline_featured_image":false,"footnotes":""},"topic":[],"qtx_campaign":[],"class_list":["post-22579","page","type-page","status-publish","hentry"],"acf":[],"yoast_head":"<!-- This site is optimized with the Yoast SEO Premium plugin v27.3 (Yoast SEO v27.3) - https:\/\/yoast.com\/product\/yoast-seo-premium-wordpress\/ -->\n<title>Opciones de Instalaci\u00f3n de Rastreo de Veh\u00edculos - US<\/title>\n<meta name=\"description\" content=\"Quartix rastreo en tiempo real de veh\u00edculos ofrece una gran variedad de opciones de instalaci\u00f3n, desde unidades instaladas por profesionales a opciones de instalaci\u00f3n propia, los clientes pueden escoger cu\u00e1l cubre sus necesidades de la mejor manera.\" \/>\n<meta name=\"robots\" content=\"index, follow, max-snippet:-1, max-image-preview:large, max-video-preview:-1\" \/>\n<link rel=\"canonical\" href=\"https:\/\/www.quartix.com\/es-us\/opciones-de-instalacion\/\" \/>\n<meta property=\"og:locale\" content=\"es_ES\" \/>\n<meta property=\"og:type\" content=\"article\" \/>\n<meta property=\"og:title\" content=\"Opciones de Instalaci\u00f3n\" \/>\n<meta property=\"og:description\" content=\"Quartix rastreo en tiempo real de veh\u00edculos ofrece una gran variedad de opciones de instalaci\u00f3n, desde unidades instaladas por profesionales a opciones de instalaci\u00f3n propia, los clientes pueden escoger cu\u00e1l cubre sus necesidades de la mejor manera.\" \/>\n<meta property=\"og:url\" content=\"https:\/\/www.quartix.com\/es-us\/opciones-de-instalacion\/\" \/>\n<meta property=\"og:site_name\" content=\"Quartix\" \/>\n<meta property=\"article:publisher\" content=\"https:\/\/www.facebook.com\/Quartix-USA-374426386097401\/\" \/>\n<meta property=\"article:modified_time\" content=\"2023-07-13T12:22:25+00:00\" \/>\n<meta name=\"twitter:card\" content=\"summary_large_image\" \/>\n<meta name=\"twitter:site\" content=\"@QuartixUSA\" \/>\n<meta name=\"twitter:label1\" content=\"Est. reading time\" \/>\n\t<meta name=\"twitter:data1\" content=\"1 minute\" \/>\n<!-- \/ Yoast SEO Premium plugin. -->","yoast_head_json":{"title":"Opciones de Instalaci\u00f3n de Rastreo de Veh\u00edculos - US","description":"Quartix rastreo en tiempo real de veh\u00edculos ofrece una gran variedad de opciones de instalaci\u00f3n, desde unidades instaladas por profesionales a opciones de instalaci\u00f3n propia, los clientes pueden escoger cu\u00e1l cubre sus necesidades de la mejor manera.","robots":{"index":"index","follow":"follow","max-snippet":"max-snippet:-1","max-image-preview":"max-image-preview:large","max-video-preview":"max-video-preview:-1"},"canonical":"https:\/\/www.quartix.com\/es-us\/opciones-de-instalacion\/","og_locale":"es_ES","og_type":"article","og_title":"Opciones de Instalaci\u00f3n","og_description":"Quartix rastreo en tiempo real de veh\u00edculos ofrece una gran variedad de opciones de instalaci\u00f3n, desde unidades instaladas por profesionales a opciones de instalaci\u00f3n propia, los clientes pueden escoger cu\u00e1l cubre sus necesidades de la mejor manera.","og_url":"https:\/\/www.quartix.com\/es-us\/opciones-de-instalacion\/","og_site_name":"Quartix","article_publisher":"https:\/\/www.facebook.com\/Quartix-USA-374426386097401\/","article_modified_time":"2023-07-13T12:22:25+00:00","twitter_card":"summary_large_image","twitter_site":"@QuartixUSA","twitter_misc":{"Est. reading time":"1 minute"},"schema":{"@context":"https:\/\/schema.org","@graph":[{"@type":"WebPage","@id":"https:\/\/www.quartix.com\/es-us\/opciones-de-instalacion\/","url":"https:\/\/www.quartix.com\/es-us\/opciones-de-instalacion\/","name":"Opciones de Instalaci\u00f3n de Rastreo de Veh\u00edculos","isPartOf":{"@id":"https:\/\/www.quartix.com\/es-us\/#website"},"datePublished":"2019-05-18T01:36:35+00:00","dateModified":"2023-07-13T12:22:25+00:00","description":"Quartix rastreo en tiempo real de veh\u00edculos ofrece una gran variedad de opciones de instalaci\u00f3n, desde unidades instaladas por profesionales a opciones de instalaci\u00f3n propia, los clientes pueden escoger cu\u00e1l cubre sus necesidades de la mejor manera.","breadcrumb":{"@id":"https:\/\/www.quartix.com\/es-us\/opciones-de-instalacion\/#breadcrumb"},"inLanguage":"es-US","potentialAction":[{"@type":"ReadAction","target":["https:\/\/www.quartix.com\/es-us\/opciones-de-instalacion\/"]}]},{"@type":"BreadcrumbList","@id":"https:\/\/www.quartix.com\/es-us\/opciones-de-instalacion\/#breadcrumb","itemListElement":[{"@type":"ListItem","position":1,"name":"Inicio","item":"https:\/\/www.quartix.com\/es-us\/quartix-real-time-vehicle-tracking-2\/"},{"@type":"ListItem","position":2,"name":"Opciones de Instalaci\u00f3n"}]},{"@type":"WebSite","@id":"https:\/\/www.quartix.com\/es-us\/#website","url":"https:\/\/www.quartix.com\/es-us\/","name":"Quartix","description":"Real-time vehicle tracking","publisher":{"@id":"https:\/\/www.quartix.com\/es-us\/#organization"},"potentialAction":[{"@type":"SearchAction","target":{"@type":"EntryPoint","urlTemplate":"https:\/\/www.quartix.com\/es-us\/?s={search_term_string}"},"query-input":{"@type":"PropertyValueSpecification","valueRequired":true,"valueName":"search_term_string"}}],"inLanguage":"es-US"},{"@type":"Organization","@id":"https:\/\/www.quartix.com\/es-us\/#organization","name":"Quartix","url":"https:\/\/www.quartix.com\/es-us\/","logo":{"@type":"ImageObject","inLanguage":"es-US","@id":"https:\/\/www.quartix.com\/es-us\/#\/schema\/logo\/image\/","url":"https:\/\/www.quartix.com\/content\/uploads\/2019\/02\/quartix-logo-eur.svg","contentUrl":"https:\/\/www.quartix.com\/content\/uploads\/2019\/02\/quartix-logo-eur.svg","width":1,"height":1,"caption":"Quartix"},"image":{"@id":"https:\/\/www.quartix.com\/es-us\/#\/schema\/logo\/image\/"},"sameAs":["https:\/\/www.facebook.com\/Quartix-USA-374426386097401\/","https:\/\/x.com\/QuartixUSA","https:\/\/www.linkedin.com\/company\/5346733\/","https:\/\/www.youtube.com\/channel\/UCzS-_GMfHF4kWiCheyIRrAQ"]}]}},"_links":{"self":[{"href":"https:\/\/www.quartix.com\/es-us\/wp-json\/wp\/v2\/pages\/22579","targetHints":{"allow":["GET"]}}],"collection":[{"href":"https:\/\/www.quartix.com\/es-us\/wp-json\/wp\/v2\/pages"}],"about":[{"href":"https:\/\/www.quartix.com\/es-us\/wp-json\/wp\/v2\/types\/page"}],"author":[{"embeddable":true,"href":"https:\/\/www.quartix.com\/es-us\/wp-json\/wp\/v2\/users\/12"}],"replies":[{"embeddable":true,"href":"https:\/\/www.quartix.com\/es-us\/wp-json\/wp\/v2\/comments?post=22579"}],"version-history":[{"count":0,"href":"https:\/\/www.quartix.com\/es-us\/wp-json\/wp\/v2\/pages\/22579\/revisions"}],"wp:attachment":[{"href":"https:\/\/www.quartix.com\/es-us\/wp-json\/wp\/v2\/media?parent=22579"}],"wp:term":[{"taxonomy":"topic","embeddable":true,"href":"https:\/\/www.quartix.com\/es-us\/wp-json\/wp\/v2\/topic?post=22579"},{"taxonomy":"qtx_campaign","embeddable":true,"href":"https:\/\/www.quartix.com\/es-us\/wp-json\/wp\/v2\/qtx_campaign?post=22579"}],"curies":[{"name":"wp","href":"https:\/\/api.w.org\/{rel}","templated":true}]}}