{"id":22591,"date":"2019-05-18T06:40:18","date_gmt":"2019-05-18T06:40:18","guid":{"rendered":" https:\/\/www.quartix.com\/conecte-rastree\/"},"modified":"2022-10-12T15:27:12","modified_gmt":"2022-10-12T14:27:12","slug":"conecte-rastree","status":"publish","type":"page","link":"https:\/\/www.quartix.com\/es-us\/conecte-rastree\/","title":{"rendered":"Connect &amp; Track"},"content":{"rendered":"\n<div class=\"wp-block-columns is-layout-flex wp-container-core-columns-is-layout-28f84493 wp-block-columns-is-layout-flex\">\n<div class=\"wp-block-column is-layout-flow wp-block-column-is-layout-flow\">\n<h2 class=\"wp-block-heading\">Opci\u00f3n de instalaci\u00f3n Connect &amp; Track<\/h2>\n\n\n\n<p>Connect &amp; Track es una opci\u00f3n simple y discreta de instalaci\u00f3n propia para el rastreo de veh\u00edculos GPS de Quartix. Simplemente conecte los dos cables del dispositivo a la bater\u00eda del veh\u00edculo, y en minutos usted puede acceder la informaci\u00f3n telem\u00e1tica para cualquier viaje que realice ese veh\u00edculo. El dispositivo se mantiene seguro y fuera de vista mientras genera una gran cantidad de informaci\u00f3n sobre la actividad de su flota.<\/p>\n\n\n\r\n<section  class=\"qtx-pagebuilder-section qtx-pagebuilder-section-list \">\r\n<ul class='ticks fa-ul' style='0'><li><span class='fa-li'><i class='fas fa-check-circle'><\/i><\/span>No necesita ingenieros<\/li><li><span class='fa-li'><i class='fas fa-check-circle'><\/i><\/span>El dispositivo est\u00e1 seguro fuera de vista<\/li><li><span class='fa-li'><i class='fas fa-check-circle'><\/i><\/span>F\u00e1cil de mover entre veh\u00edculos<\/li><li><span class='fa-li'><i class='fas fa-check-circle'><\/i><\/span>Actualizaciones simples por aire<\/li><li><span class='fa-li'><i class='fas fa-check-circle'><\/i><\/span>Almacena hasta 255 viajes<\/li><\/ul><\/section><\/div>\n\n\n\n<div class=\"wp-block-column is-layout-flow wp-block-column-is-layout-flow\">\n<h2 class=\"wp-block-heading\">Pruebe una demostraci\u00f3n gratis ahora<\/h2>\n\n\n\n<div class=\"wpcf7 no-js\" id=\"wpcf7-f74227-o1\" lang=\"es-US\" dir=\"ltr\" data-wpcf7-id=\"74227\">\n<div class=\"screen-reader-response\"><p role=\"status\" aria-live=\"polite\" aria-atomic=\"true\"><\/p> <ul><\/ul><\/div>\n<form action=\"\/es-us\/wp-json\/wp\/v2\/pages\/22591#wpcf7-f74227-o1\" method=\"post\" class=\"wpcf7-form init\" aria-label=\"Contact form\" novalidate=\"novalidate\" data-status=\"init\">\n<fieldset class=\"hidden-fields-container\"><input type=\"hidden\" name=\"_wpcf7\" value=\"74227\" \/><input type=\"hidden\" name=\"_wpcf7_version\" value=\"6.1.5\" \/><input type=\"hidden\" name=\"_wpcf7_locale\" value=\"es_US\" \/><input type=\"hidden\" name=\"_wpcf7_unit_tag\" value=\"wpcf7-f74227-o1\" \/><input type=\"hidden\" name=\"_wpcf7_container_post\" value=\"0\" \/><input type=\"hidden\" name=\"_wpcf7_posted_data_hash\" value=\"\" \/><input type=\"hidden\" name=\"_wpcf7cf_hidden_group_fields\" value=\"[]\" \/><input type=\"hidden\" name=\"_wpcf7cf_hidden_groups\" value=\"[]\" \/><input type=\"hidden\" name=\"_wpcf7cf_visible_groups\" value=\"[]\" \/><input type=\"hidden\" name=\"_wpcf7cf_repeaters\" value=\"[]\" \/><input type=\"hidden\" name=\"_wpcf7cf_steps\" value=\"{}\" \/><input type=\"hidden\" name=\"_wpcf7cf_options\" value=\"{&quot;form_id&quot;:74227,&quot;conditions&quot;:[],&quot;settings&quot;:{&quot;animation&quot;:&quot;yes&quot;,&quot;animation_intime&quot;:200,&quot;animation_outtime&quot;:200,&quot;conditions_ui&quot;:&quot;normal&quot;,&quot;notice_dismissed&quot;:false,&quot;notice_dismissed_update-cf7-6.0&quot;:true,&quot;notice_dismissed_update-cf7-6.0.1&quot;:true,&quot;notice_dismissed_update-cf7-6.0.2&quot;:true,&quot;notice_dismissed_rollback-cf7-6.0.5&quot;:true}}\" \/><input type=\"hidden\" name=\"_wpcf7_recaptcha_response\" value=\"\" \/>\n<\/fieldset>\n<div class=\"input-wrapper\"><span class=\"icon icon-face\"><\/span><span class=\"wpcf7-form-control-wrap\" data-name=\"first_name\"><input size=\"40\" maxlength=\"400\" class=\"wpcf7-form-control wpcf7-text wpcf7-validates-as-required\" aria-required=\"true\" aria-invalid=\"false\" placeholder=\"Nombre *\" value=\"\" type=\"text\" name=\"first_name\" \/><\/span><span class=\"wpcf7-form-control-wrap\" data-name=\"last_name\"><input size=\"40\" maxlength=\"400\" class=\"wpcf7-form-control wpcf7-text wpcf7-validates-as-required\" aria-required=\"true\" aria-invalid=\"false\" placeholder=\"Apellido *\" value=\"\" type=\"text\" name=\"last_name\" \/><\/span><\/div>\n<div class=\"input-wrapper\"><span class=\"icon icon-envelope\"><\/span><span class=\"wpcf7-form-control-wrap\" data-name=\"email\"><input size=\"40\" maxlength=\"400\" class=\"wpcf7-form-control wpcf7-email wpcf7-validates-as-required wpcf7-text wpcf7-validates-as-email\" aria-required=\"true\" aria-invalid=\"false\" placeholder=\"Correo electr\u00f3nico *\" value=\"\" type=\"email\" name=\"email\" \/><\/span><\/div>\n<div class=\"input-wrapper\"><span class=\"icon icon-company\"><\/span><span class=\"wpcf7-form-control-wrap\" data-name=\"company\"><input size=\"40\" maxlength=\"400\" class=\"wpcf7-form-control wpcf7-text wpcf7-validates-as-required\" aria-required=\"true\" aria-invalid=\"false\" placeholder=\"Empresa *\" value=\"\" type=\"text\" name=\"company\" \/><\/span><\/div>\n<div class=\"input-wrapper\"><span class=\"icon icon-telephone\"><\/span><span class=\"wpcf7-form-control-wrap\" data-name=\"phone\"><input size=\"40\" maxlength=\"400\" class=\"wpcf7-form-control wpcf7-tel wpcf7-validates-as-required wpcf7-text wpcf7-validates-as-tel\" aria-required=\"true\" aria-invalid=\"false\" placeholder=\"Tel\u00e9fono *\" value=\"\" type=\"tel\" name=\"phone\" \/><\/span><\/div>\n<div class=\"input-wrapper\"><span class=\"icon icon-vehicles\"><\/span><span class=\"wpcf7-form-control-wrap\" data-name=\"number_of_vehicles\"><input class=\"wpcf7-form-control wpcf7-number wpcf7-validates-as-required wpcf7-validates-as-number\" min=\"1\" aria-required=\"true\" aria-invalid=\"false\" placeholder=\"N\u00famero de veh\u00edculos *\" value=\"\" type=\"number\" name=\"number_of_vehicles\" \/><\/span><\/div>\n\n<input type=\"hidden\" name=\"thankyouURL\" value=\"\/es-us\/agradecimiento-solicitud-de-demostracion\/\" class=\"wpcf7-form-control wpcf7-hidden\" id=\"thankyouURL\">\n<input type=\"hidden\" name=\"pardot_extra_field\" value=\"\" class=\"wpcf7-form-control wpcf7-hidden\">\n<input type=\"hidden\" name=\"page_title\" value=\"No post title\" class=\"wpcf7-form-control wpcf7-hidden\">\n<div class=\"recatpcha-text\">Este sitio est\u00e1 protegido por reCAPTCHA y se aplican la <a href=\"https:\/\/policies.google.com\/privacy?hl=es-419\">Pol\u00edtica de privacidad<\/a> y los <a href=\"https:\/\/policies.google.com\/terms?hl=es-419\">T\u00e9rminos de servicio<\/a> de Google.<\/div>\n<div class=\"input-wrapper\"><input class=\"wpcf7-form-control wpcf7-submit has-spinner icon-plane\" type=\"submit\" value=\"Env\u00edenme un enlace para la demostraci\u00f3n\" \/><\/div><div class=\"wpcf7-response-output\" aria-hidden=\"true\"><\/div>\n<\/form>\n<\/div>\n\n<\/div>\n<\/div>\n\n\n\n<div class=\"wp-block-columns is-layout-flex wp-container-core-columns-is-layout-28f84493 wp-block-columns-is-layout-flex\">\n<div class=\"wp-block-column is-layout-flow wp-block-column-is-layout-flow\">\n<figure class=\"wp-block-image size-large\"><img loading=\"lazy\" decoding=\"async\" width=\"1000\" height=\"852\" src=\" https:\/\/www.quartix.com\/content\/uploads\/2022\/10\/Connect-and-Track-1000x852.jpg\" alt=\"Quartix Connect and Track device\" class=\"wp-image-81667\" srcset=\"https:\/\/www.quartix.com\/content\/uploads\/2022\/10\/Connect-and-Track-1000x852.jpg 1000w, https:\/\/www.quartix.com\/content\/uploads\/2022\/10\/Connect-and-Track-300x256.jpg 300w, https:\/\/www.quartix.com\/content\/uploads\/2022\/10\/Connect-and-Track-768x655.jpg 768w, https:\/\/www.quartix.com\/content\/uploads\/2022\/10\/Connect-and-Track-1536x1309.jpg 1536w, https:\/\/www.quartix.com\/content\/uploads\/2022\/10\/Connect-and-Track-2048x1746.jpg 2048w\" sizes=\"auto, (max-width: 1000px) 100vw, 1000px\" \/><\/figure>\n<\/div>\n\n\n\n<div class=\"wp-block-column is-layout-flow wp-block-column-is-layout-flow\">\n<h2 class=\"wp-block-heading\">Una opci\u00f3n flexible<\/h2>\n\n\n\n<p>Usted mismo f\u00e1cilmente puede intercambiar dispositivos Connect &amp; Track entre veh\u00edculos, haci\u00e9ndola la mejor opci\u00f3n para contratistas temporales y negocios que utilizan veh\u00edculos arrendados.<\/p>\n\n\n\n<p>Vea todo desde hojas de tiempo de los conductores y mapas de ruta, hasta an\u00e1lisis de estilo de manejo en nuestro <a href=\"\/quick-product-demo\/\" target=\"_blank\" rel=\"noopener noreferrer\">sistema de rastreo en l\u00ednea<\/a>.<\/p>\n\n\n\r\n<section  class=\"qtx-pagebuilder-section qtx-pagebuilder-section-list \">\r\n<ul class='ticks fa-ul' style='0'><li><span class='fa-li'><i class='fas fa-check-circle'><\/i><\/span>Estimule la productividad y confirme horas de los empleados<\/li><li><span class='fa-li'><i class='fas fa-check-circle'><\/i><\/span>Mejore los estilos de manejo con el an\u00e1lisis a fondo y reportes<\/li><li><span class='fa-li'><i class='fas fa-check-circle'><\/i><\/span>Sepa cuando los conductores entran o salen de areas definidas<\/li><li><span class='fa-li'><i class='fas fa-check-circle'><\/i><\/span>Personalice informaci\u00f3n de ubicaci\u00f3n y reciba alertas por correo<\/li><li><span class='fa-li'><i class='fas fa-check-circle'><\/i><\/span>Planee con anticipaci\u00f3n con recordatorios de mantenimiento integrados<\/li><\/ul><\/section><\/div>\n<\/div>\n","protected":false},"excerpt":{"rendered":"<p>Opci\u00f3n de instalaci\u00f3n Connect &amp; Track Connect &amp; Track es una opci\u00f3n simple y discreta de instalaci\u00f3n propia para el rastreo de veh\u00edculos GPS de Quartix. Simplemente conecte los dos cables del dispositivo a la bater\u00eda del veh\u00edculo, y en minutos usted puede acceder la informaci\u00f3n telem\u00e1tica para cualquier viaje que realice ese veh\u00edculo. El [&hellip;]<\/p>\n","protected":false},"author":12,"featured_media":0,"parent":0,"menu_order":1110,"comment_status":"closed","ping_status":"closed","template":"","meta":{"_acf_changed":false,"inline_featured_image":false,"footnotes":""},"topic":[],"qtx_campaign":[],"class_list":["post-22591","page","type-page","status-publish","hentry"],"acf":[],"yoast_head":"<!-- This site is optimized with the Yoast SEO Premium plugin v27.3 (Yoast SEO v27.3) - https:\/\/yoast.com\/product\/yoast-seo-premium-wordpress\/ -->\n<title>Connect &amp; Track - US<\/title>\n<meta name=\"description\" content=\"Connect &amp; Track es una opci\u00f3n simple y discreta de instalaci\u00f3n propia para el rastreo de veh\u00edculos GPS de Quartix.\" \/>\n<meta name=\"robots\" content=\"index, follow, max-snippet:-1, max-image-preview:large, max-video-preview:-1\" \/>\n<link rel=\"canonical\" href=\"https:\/\/www.quartix.com\/es-us\/conecte-rastree\/\" \/>\n<meta property=\"og:locale\" content=\"es_ES\" \/>\n<meta property=\"og:type\" content=\"article\" \/>\n<meta property=\"og:title\" content=\"Connect &amp; Track\" \/>\n<meta property=\"og:description\" content=\"Connect &amp; Track es una opci\u00f3n simple y discreta de instalaci\u00f3n propia para el rastreo de veh\u00edculos GPS de Quartix.\" \/>\n<meta property=\"og:url\" content=\"https:\/\/www.quartix.com\/es-us\/conecte-rastree\/\" \/>\n<meta property=\"og:site_name\" content=\"Quartix\" \/>\n<meta property=\"article:publisher\" content=\"https:\/\/www.facebook.com\/Quartix-USA-374426386097401\/\" \/>\n<meta property=\"article:modified_time\" content=\"2022-10-12T14:27:12+00:00\" \/>\n<meta name=\"twitter:card\" content=\"summary_large_image\" \/>\n<meta name=\"twitter:site\" content=\"@QuartixUSA\" \/>\n<meta name=\"twitter:label1\" content=\"Est. reading time\" \/>\n\t<meta name=\"twitter:data1\" content=\"1 minute\" \/>\n<!-- \/ Yoast SEO Premium plugin. -->","yoast_head_json":{"title":"Connect &amp; Track - US","description":"Connect & Track es una opci\u00f3n simple y discreta de instalaci\u00f3n propia para el rastreo de veh\u00edculos GPS de Quartix.","robots":{"index":"index","follow":"follow","max-snippet":"max-snippet:-1","max-image-preview":"max-image-preview:large","max-video-preview":"max-video-preview:-1"},"canonical":"https:\/\/www.quartix.com\/es-us\/conecte-rastree\/","og_locale":"es_ES","og_type":"article","og_title":"Connect &amp; Track","og_description":"Connect & Track es una opci\u00f3n simple y discreta de instalaci\u00f3n propia para el rastreo de veh\u00edculos GPS de Quartix.","og_url":"https:\/\/www.quartix.com\/es-us\/conecte-rastree\/","og_site_name":"Quartix","article_publisher":"https:\/\/www.facebook.com\/Quartix-USA-374426386097401\/","article_modified_time":"2022-10-12T14:27:12+00:00","twitter_card":"summary_large_image","twitter_site":"@QuartixUSA","twitter_misc":{"Est. reading time":"1 minute"},"schema":{"@context":"https:\/\/schema.org","@graph":[{"@type":"WebPage","@id":"https:\/\/www.quartix.com\/es-us\/conecte-rastree\/","url":"https:\/\/www.quartix.com\/es-us\/conecte-rastree\/","name":"Connect &amp; Track","isPartOf":{"@id":"https:\/\/www.quartix.com\/es-us\/#website"},"datePublished":"2019-05-18T06:40:18+00:00","dateModified":"2022-10-12T14:27:12+00:00","description":"Connect & Track es una opci\u00f3n simple y discreta de instalaci\u00f3n propia para el rastreo de veh\u00edculos GPS de Quartix.","breadcrumb":{"@id":"https:\/\/www.quartix.com\/es-us\/conecte-rastree\/#breadcrumb"},"inLanguage":"es-US","potentialAction":[{"@type":"ReadAction","target":["https:\/\/www.quartix.com\/es-us\/conecte-rastree\/"]}]},{"@type":"BreadcrumbList","@id":"https:\/\/www.quartix.com\/es-us\/conecte-rastree\/#breadcrumb","itemListElement":[{"@type":"ListItem","position":1,"name":"Inicio","item":"https:\/\/www.quartix.com\/es-us\/quartix-real-time-vehicle-tracking-2\/"},{"@type":"ListItem","position":2,"name":"Connect &amp; Track"}]},{"@type":"WebSite","@id":"https:\/\/www.quartix.com\/es-us\/#website","url":"https:\/\/www.quartix.com\/es-us\/","name":"Quartix","description":"Real-time vehicle tracking","publisher":{"@id":"https:\/\/www.quartix.com\/es-us\/#organization"},"potentialAction":[{"@type":"SearchAction","target":{"@type":"EntryPoint","urlTemplate":"https:\/\/www.quartix.com\/es-us\/?s={search_term_string}"},"query-input":{"@type":"PropertyValueSpecification","valueRequired":true,"valueName":"search_term_string"}}],"inLanguage":"es-US"},{"@type":"Organization","@id":"https:\/\/www.quartix.com\/es-us\/#organization","name":"Quartix","url":"https:\/\/www.quartix.com\/es-us\/","logo":{"@type":"ImageObject","inLanguage":"es-US","@id":"https:\/\/www.quartix.com\/es-us\/#\/schema\/logo\/image\/","url":"https:\/\/www.quartix.com\/content\/uploads\/2019\/02\/quartix-logo-eur.svg","contentUrl":"https:\/\/www.quartix.com\/content\/uploads\/2019\/02\/quartix-logo-eur.svg","width":1,"height":1,"caption":"Quartix"},"image":{"@id":"https:\/\/www.quartix.com\/es-us\/#\/schema\/logo\/image\/"},"sameAs":["https:\/\/www.facebook.com\/Quartix-USA-374426386097401\/","https:\/\/x.com\/QuartixUSA","https:\/\/www.linkedin.com\/company\/5346733\/","https:\/\/www.youtube.com\/channel\/UCzS-_GMfHF4kWiCheyIRrAQ"]}]}},"_links":{"self":[{"href":"https:\/\/www.quartix.com\/es-us\/wp-json\/wp\/v2\/pages\/22591","targetHints":{"allow":["GET"]}}],"collection":[{"href":"https:\/\/www.quartix.com\/es-us\/wp-json\/wp\/v2\/pages"}],"about":[{"href":"https:\/\/www.quartix.com\/es-us\/wp-json\/wp\/v2\/types\/page"}],"author":[{"embeddable":true,"href":"https:\/\/www.quartix.com\/es-us\/wp-json\/wp\/v2\/users\/12"}],"replies":[{"embeddable":true,"href":"https:\/\/www.quartix.com\/es-us\/wp-json\/wp\/v2\/comments?post=22591"}],"version-history":[{"count":0,"href":"https:\/\/www.quartix.com\/es-us\/wp-json\/wp\/v2\/pages\/22591\/revisions"}],"wp:attachment":[{"href":"https:\/\/www.quartix.com\/es-us\/wp-json\/wp\/v2\/media?parent=22591"}],"wp:term":[{"taxonomy":"topic","embeddable":true,"href":"https:\/\/www.quartix.com\/es-us\/wp-json\/wp\/v2\/topic?post=22591"},{"taxonomy":"qtx_campaign","embeddable":true,"href":"https:\/\/www.quartix.com\/es-us\/wp-json\/wp\/v2\/qtx_campaign?post=22591"}],"curies":[{"name":"wp","href":"https:\/\/api.w.org\/{rel}","templated":true}]}}