{"id":22597,"date":"2019-05-19T03:26:27","date_gmt":"2019-05-19T03:26:27","guid":{"rendered":" https:\/\/www.quartix.com\/guia-de-instalacion\/"},"modified":"2022-04-26T15:59:40","modified_gmt":"2022-04-26T14:59:40","slug":"guia-de-instalacion","status":"publish","type":"page","link":"https:\/\/www.quartix.com\/es-us\/guia-de-instalacion\/","title":{"rendered":"Gu\u00eda de instalaci\u00f3n"},"content":{"rendered":"\n<div class=\"wp-block-columns is-layout-flex wp-container-core-columns-is-layout-28f84493 wp-block-columns-is-layout-flex\">\n<div class=\"wp-block-column is-layout-flow wp-block-column-is-layout-flow\">\n<figure class=\"wp-block-image is-resized\"><img loading=\"lazy\" decoding=\"async\" src=\" https:\/\/www.quartix.com\/content\/uploads\/2017\/09\/install.svg\" alt=\"\" width=\"398\" height=\"239\"\/><\/figure>\n<\/div>\n\n\n\n<div class=\"wp-block-column is-layout-flow wp-block-column-is-layout-flow\">\n<h2 class=\"wp-block-heading\">Descargue la gu\u00eda de instalaci\u00f3n propia<\/h2>\n\n\n\n<p>Las unidades de rastreo de veh\u00edculos de Quartix son f\u00e1ciles de instalar. Usted puede descargar y seguir nuestra gu\u00eda paso a paso para comenzar tan pronto reciba las unidades.<\/p>\n\n\n\n<p><a href=\"https:\/\/go.pardot.com\/l\/375002\/2018-01-05\/5g3363\/375002\/243180\/Quartix_GPS_Device_Quick_Installation_Guide.pdf\">Descargar Gu\u00eda de Instalaci\u00f3n Propia del hardwired<\/a><\/p>\n<\/div>\n<\/div>\n\n\n\n<div class=\"wp-block-columns is-layout-flex wp-container-core-columns-is-layout-28f84493 wp-block-columns-is-layout-flex\">\n<div class=\"wp-block-column is-layout-flow wp-block-column-is-layout-flow\">\n<h2 class=\"wp-block-heading\">Ver video de instalaci\u00f3n (conectado con cables)<\/h2>\n\n\n\n<p>Usted tambi\u00e9n puede ver este video con m\u00e1s detalles de c\u00f3mo y d\u00f3nde instalar sus unidades Quartix, con consejos de uno de nuestros coordinadores de instalaci\u00f3n.<\/p>\n<\/div>\n\n\n\n<div class=\"wp-block-column is-layout-flow wp-block-column-is-layout-flow\">\n<figure class=\"wp-block-embed aligncenter is-type-video is-provider-youtube wp-block-embed-youtube wp-embed-aspect-16-9 wp-has-aspect-ratio\"><div class=\"wp-block-embed__wrapper\">\n<iframe loading=\"lazy\" title=\"Quartix USA - GPS Vehicle Tracking Device - How It Works and How To Install\" width=\"640\" height=\"360\" src=\"https:\/\/www.youtube.com\/embed\/y2sLkED4GsA?feature=oembed\" frameborder=\"0\" allow=\"accelerometer; autoplay; clipboard-write; encrypted-media; gyroscope; picture-in-picture; web-share\" referrerpolicy=\"strict-origin-when-cross-origin\" allowfullscreen><\/iframe>\n<\/div><\/figure>\n<\/div>\n<\/div>\n\n\n\n<p>Si necesita ayudaron la instalaci\u00f3n, puede contactarnos y alguien de nuestro equipo de soporte experimentado estar\u00e1 la orden para responder cualquier pregunta sobre el proceso de instalaci\u00f3n.<\/p>\n\n\n\n<p>Tambi\u00e9n puede contratar ya sea a un mec\u00e1nico de su elecci\u00f3n o programaremos una cita con uno de nuestros instaladores profesionales.<\/p>\n\n\n<section  class=\"qtx-pagebuilder-section qtx-pagebuilder-section-blockquote qtx-pagebuilder-section-blockquote-green_testimonial_with_logo \">\r\n        <div class=\"green_testimonial_with_logo\">\r\n            <div class=\"speechmarks\">\r\n            <\/div>\r\n            <blockquote>\r\n                <p>Instalamos los dispositivos en todos nuestros camiones nosotros mismos. El proceso es muy simple y las instrucciones son muy claras.<\/p>\n                                    <footer>\r\n                                                                            <div class=\"cites\">\r\n                                <cite class=\"author\">Tina Kaiser<\/cite>\r\n                                <cite class=\"author_line_2\">Meadow Services<\/cite>\r\n                            <\/div>\r\n                                            <\/footer>\r\n                            <\/blockquote>\r\n        <\/div>\r\n        <\/section>\r\n\r\n","protected":false},"excerpt":{"rendered":"<p>Descargue la gu\u00eda de instalaci\u00f3n propia Las unidades de rastreo de veh\u00edculos de Quartix son f\u00e1ciles de instalar. Usted puede descargar y seguir nuestra gu\u00eda paso a paso para comenzar tan pronto reciba las unidades. Descargar Gu\u00eda de Instalaci\u00f3n Propia del hardwired Ver video de instalaci\u00f3n (conectado con cables) Usted tambi\u00e9n puede ver este video [&hellip;]<\/p>\n","protected":false},"author":6,"featured_media":0,"parent":0,"menu_order":1200,"comment_status":"closed","ping_status":"closed","template":"","meta":{"_acf_changed":false,"inline_featured_image":false,"footnotes":""},"topic":[],"qtx_campaign":[],"class_list":["post-22597","page","type-page","status-publish","hentry"],"acf":[],"yoast_head":"<!-- This site is optimized with the Yoast SEO Premium plugin v27.2 (Yoast SEO v27.2) - https:\/\/yoast.com\/product\/yoast-seo-premium-wordpress\/ -->\n<title>Gu\u00eda de instalaci\u00f3n del sistema de rastreo de veh\u00edculos - US<\/title>\n<meta name=\"description\" content=\"Las unidades de rastreo de veh\u00edculos conectados con cable de Quartix pueden ser instalados profesionalmente por uno de nuestros instaladores calificados o la unidad tambi\u00e9n puede ser instalada por el cliente.\" \/>\n<meta name=\"robots\" content=\"index, follow, max-snippet:-1, max-image-preview:large, max-video-preview:-1\" \/>\n<link rel=\"canonical\" href=\"https:\/\/www.quartix.com\/es-us\/guia-de-instalacion\/\" \/>\n<meta property=\"og:locale\" content=\"es_ES\" \/>\n<meta property=\"og:type\" content=\"article\" \/>\n<meta property=\"og:title\" content=\"Gu\u00eda de instalaci\u00f3n\" \/>\n<meta property=\"og:description\" content=\"Las unidades de rastreo de veh\u00edculos conectados con cable de Quartix pueden ser instalados profesionalmente por uno de nuestros instaladores calificados o la unidad tambi\u00e9n puede ser instalada por el cliente.\" \/>\n<meta property=\"og:url\" content=\"https:\/\/www.quartix.com\/es-us\/guia-de-instalacion\/\" \/>\n<meta property=\"og:site_name\" content=\"Quartix\" \/>\n<meta property=\"article:publisher\" content=\"https:\/\/www.facebook.com\/Quartix-USA-374426386097401\/\" \/>\n<meta property=\"article:modified_time\" content=\"2022-04-26T14:59:40+00:00\" \/>\n<meta name=\"twitter:card\" content=\"summary_large_image\" \/>\n<meta name=\"twitter:site\" content=\"@QuartixUSA\" \/>\n<meta name=\"twitter:label1\" content=\"Est. reading time\" \/>\n\t<meta name=\"twitter:data1\" content=\"1 minute\" \/>\n<!-- \/ Yoast SEO Premium plugin. -->","yoast_head_json":{"title":"Gu\u00eda de instalaci\u00f3n del sistema de rastreo de veh\u00edculos - US","description":"Las unidades de rastreo de veh\u00edculos conectados con cable de Quartix pueden ser instalados profesionalmente por uno de nuestros instaladores calificados o la unidad tambi\u00e9n puede ser instalada por el cliente.","robots":{"index":"index","follow":"follow","max-snippet":"max-snippet:-1","max-image-preview":"max-image-preview:large","max-video-preview":"max-video-preview:-1"},"canonical":"https:\/\/www.quartix.com\/es-us\/guia-de-instalacion\/","og_locale":"es_ES","og_type":"article","og_title":"Gu\u00eda de instalaci\u00f3n","og_description":"Las unidades de rastreo de veh\u00edculos conectados con cable de Quartix pueden ser instalados profesionalmente por uno de nuestros instaladores calificados o la unidad tambi\u00e9n puede ser instalada por el cliente.","og_url":"https:\/\/www.quartix.com\/es-us\/guia-de-instalacion\/","og_site_name":"Quartix","article_publisher":"https:\/\/www.facebook.com\/Quartix-USA-374426386097401\/","article_modified_time":"2022-04-26T14:59:40+00:00","twitter_card":"summary_large_image","twitter_site":"@QuartixUSA","twitter_misc":{"Est. reading time":"1 minute"},"schema":{"@context":"https:\/\/schema.org","@graph":[{"@type":"WebPage","@id":"https:\/\/www.quartix.com\/es-us\/guia-de-instalacion\/","url":"https:\/\/www.quartix.com\/es-us\/guia-de-instalacion\/","name":"Gu\u00eda de instalaci\u00f3n del sistema de rastreo de veh\u00edculos","isPartOf":{"@id":"https:\/\/www.quartix.com\/es-us\/#website"},"datePublished":"2019-05-19T03:26:27+00:00","dateModified":"2022-04-26T14:59:40+00:00","description":"Las unidades de rastreo de veh\u00edculos conectados con cable de Quartix pueden ser instalados profesionalmente por uno de nuestros instaladores calificados o la unidad tambi\u00e9n puede ser instalada por el cliente.","breadcrumb":{"@id":"https:\/\/www.quartix.com\/es-us\/guia-de-instalacion\/#breadcrumb"},"inLanguage":"es-US","potentialAction":[{"@type":"ReadAction","target":["https:\/\/www.quartix.com\/es-us\/guia-de-instalacion\/"]}]},{"@type":"BreadcrumbList","@id":"https:\/\/www.quartix.com\/es-us\/guia-de-instalacion\/#breadcrumb","itemListElement":[{"@type":"ListItem","position":1,"name":"Inicio","item":"https:\/\/www.quartix.com\/es-us\/quartix-real-time-vehicle-tracking-2\/"},{"@type":"ListItem","position":2,"name":"Gu\u00eda de instalaci\u00f3n"}]},{"@type":"WebSite","@id":"https:\/\/www.quartix.com\/es-us\/#website","url":"https:\/\/www.quartix.com\/es-us\/","name":"Quartix","description":"Real-time vehicle tracking","publisher":{"@id":"https:\/\/www.quartix.com\/es-us\/#organization"},"potentialAction":[{"@type":"SearchAction","target":{"@type":"EntryPoint","urlTemplate":"https:\/\/www.quartix.com\/es-us\/?s={search_term_string}"},"query-input":{"@type":"PropertyValueSpecification","valueRequired":true,"valueName":"search_term_string"}}],"inLanguage":"es-US"},{"@type":"Organization","@id":"https:\/\/www.quartix.com\/es-us\/#organization","name":"Quartix","url":"https:\/\/www.quartix.com\/es-us\/","logo":{"@type":"ImageObject","inLanguage":"es-US","@id":"https:\/\/www.quartix.com\/es-us\/#\/schema\/logo\/image\/","url":"https:\/\/www.quartix.com\/content\/uploads\/2019\/02\/quartix-logo-eur.svg","contentUrl":"https:\/\/www.quartix.com\/content\/uploads\/2019\/02\/quartix-logo-eur.svg","width":1,"height":1,"caption":"Quartix"},"image":{"@id":"https:\/\/www.quartix.com\/es-us\/#\/schema\/logo\/image\/"},"sameAs":["https:\/\/www.facebook.com\/Quartix-USA-374426386097401\/","https:\/\/x.com\/QuartixUSA","https:\/\/www.linkedin.com\/company\/5346733\/","https:\/\/www.youtube.com\/channel\/UCzS-_GMfHF4kWiCheyIRrAQ"]}]}},"_links":{"self":[{"href":"https:\/\/www.quartix.com\/es-us\/wp-json\/wp\/v2\/pages\/22597","targetHints":{"allow":["GET"]}}],"collection":[{"href":"https:\/\/www.quartix.com\/es-us\/wp-json\/wp\/v2\/pages"}],"about":[{"href":"https:\/\/www.quartix.com\/es-us\/wp-json\/wp\/v2\/types\/page"}],"author":[{"embeddable":true,"href":"https:\/\/www.quartix.com\/es-us\/wp-json\/wp\/v2\/users\/6"}],"replies":[{"embeddable":true,"href":"https:\/\/www.quartix.com\/es-us\/wp-json\/wp\/v2\/comments?post=22597"}],"version-history":[{"count":0,"href":"https:\/\/www.quartix.com\/es-us\/wp-json\/wp\/v2\/pages\/22597\/revisions"}],"wp:attachment":[{"href":"https:\/\/www.quartix.com\/es-us\/wp-json\/wp\/v2\/media?parent=22597"}],"wp:term":[{"taxonomy":"topic","embeddable":true,"href":"https:\/\/www.quartix.com\/es-us\/wp-json\/wp\/v2\/topic?post=22597"},{"taxonomy":"qtx_campaign","embeddable":true,"href":"https:\/\/www.quartix.com\/es-us\/wp-json\/wp\/v2\/qtx_campaign?post=22597"}],"curies":[{"name":"wp","href":"https:\/\/api.w.org\/{rel}","templated":true}]}}