{"id":22700,"date":"2019-05-21T23:24:43","date_gmt":"2019-05-21T23:24:43","guid":{"rendered":" https:\/\/www.quartix.com\/guia-del-comprador-para-el-rastreo-de-vehiculos-2019\/"},"modified":"2022-10-14T12:11:41","modified_gmt":"2022-10-14T11:11:41","slug":"guia-del-comprador-para-el-rastreo-de-vehiculos-2019","status":"publish","type":"page","link":"https:\/\/www.quartix.com\/es-us\/guia-del-comprador-para-el-rastreo-de-vehiculos-2019\/","title":{"rendered":"Gu\u00eda del Consumidor para el Rastreo de Veh\u00edculos 2019"},"content":{"rendered":"\n<div class=\"wp-block-columns is-layout-flex wp-container-core-columns-is-layout-28f84493 wp-block-columns-is-layout-flex\">\n<div class=\"wp-block-column is-layout-flow wp-block-column-is-layout-flow\">\n<p>El sistema de rastreo correcto no solo le dir\u00e1 d\u00f3nde est\u00e1n sus veh\u00edculos, le dar\u00e1 informaci\u00f3n que es directamente relevante para las operaciones de su negocio. Descargue la gu\u00eda del consumidor de rastreo de veh\u00edculos de Quartix y escoja el mejor sistema para su negocio.<\/p>\n\n\n\n<h2 class=\"wp-block-heading\">Descargar la Gu\u00eda Gratis<\/h2>\n\n\n\n<div class=\"wpcf7 no-js\" id=\"wpcf7-f74280-o1\" lang=\"es-US\" dir=\"ltr\" data-wpcf7-id=\"74280\">\n<div class=\"screen-reader-response\"><p role=\"status\" aria-live=\"polite\" aria-atomic=\"true\"><\/p> <ul><\/ul><\/div>\n<form action=\"\/es-us\/wp-json\/wp\/v2\/pages\/22700#wpcf7-f74280-o1\" method=\"post\" class=\"wpcf7-form init\" aria-label=\"Contact form\" novalidate=\"novalidate\" data-status=\"init\">\n<fieldset class=\"hidden-fields-container\"><input type=\"hidden\" name=\"_wpcf7\" value=\"74280\" \/><input type=\"hidden\" name=\"_wpcf7_version\" value=\"6.1.5\" \/><input type=\"hidden\" name=\"_wpcf7_locale\" value=\"es_US\" \/><input type=\"hidden\" name=\"_wpcf7_unit_tag\" value=\"wpcf7-f74280-o1\" \/><input type=\"hidden\" name=\"_wpcf7_container_post\" value=\"0\" \/><input type=\"hidden\" name=\"_wpcf7_posted_data_hash\" value=\"\" \/><input type=\"hidden\" name=\"_wpcf7cf_hidden_group_fields\" value=\"[]\" \/><input type=\"hidden\" name=\"_wpcf7cf_hidden_groups\" value=\"[]\" \/><input type=\"hidden\" name=\"_wpcf7cf_visible_groups\" value=\"[]\" \/><input type=\"hidden\" name=\"_wpcf7cf_repeaters\" value=\"[]\" \/><input type=\"hidden\" name=\"_wpcf7cf_steps\" value=\"{}\" \/><input type=\"hidden\" name=\"_wpcf7cf_options\" value=\"{&quot;form_id&quot;:74280,&quot;conditions&quot;:[],&quot;settings&quot;:{&quot;animation&quot;:&quot;yes&quot;,&quot;animation_intime&quot;:200,&quot;animation_outtime&quot;:200,&quot;conditions_ui&quot;:&quot;normal&quot;,&quot;notice_dismissed&quot;:false,&quot;notice_dismissed_update-cf7-6.0&quot;:true,&quot;notice_dismissed_update-cf7-6.0.1&quot;:true,&quot;notice_dismissed_update-cf7-6.0.2&quot;:true,&quot;notice_dismissed_rollback-cf7-6.0.5&quot;:true}}\" \/><input type=\"hidden\" name=\"_wpcf7_recaptcha_response\" value=\"\" \/>\n<\/fieldset>\n<div class=\"input-wrapper\"><span class=\"icon icon-face\"><\/span><span class=\"wpcf7-form-control-wrap\" data-name=\"first_name\"><input size=\"40\" maxlength=\"400\" class=\"wpcf7-form-control wpcf7-text wpcf7-validates-as-required\" aria-required=\"true\" aria-invalid=\"false\" placeholder=\"Nombre *\" value=\"\" type=\"text\" name=\"first_name\" \/><\/span><span class=\"wpcf7-form-control-wrap\" data-name=\"last_name\"><input size=\"40\" maxlength=\"400\" class=\"wpcf7-form-control wpcf7-text wpcf7-validates-as-required\" aria-required=\"true\" aria-invalid=\"false\" placeholder=\"Apellido *\" value=\"\" type=\"text\" name=\"last_name\" \/><\/span><\/div>\n<div class=\"input-wrapper\"><span class=\"icon icon-envelope\"><\/span><span class=\"wpcf7-form-control-wrap\" data-name=\"email\"><input size=\"40\" maxlength=\"400\" class=\"wpcf7-form-control wpcf7-email wpcf7-validates-as-required wpcf7-text wpcf7-validates-as-email\" aria-required=\"true\" aria-invalid=\"false\" placeholder=\"Correo electr\u00f3nico *\" value=\"\" type=\"email\" name=\"email\" \/><\/span><\/div>\n<div class=\"input-wrapper\"><span class=\"icon icon-company\"><\/span><span class=\"wpcf7-form-control-wrap\" data-name=\"company\"><input size=\"40\" maxlength=\"400\" class=\"wpcf7-form-control wpcf7-text wpcf7-validates-as-required\" aria-required=\"true\" aria-invalid=\"false\" placeholder=\"Empresa *\" value=\"\" type=\"text\" name=\"company\" \/><\/span><\/div>\n<div class=\"input-wrapper\"><span class=\"icon icon-telephone\"><\/span><span class=\"wpcf7-form-control-wrap\" data-name=\"phone\"><input size=\"40\" maxlength=\"400\" class=\"wpcf7-form-control wpcf7-tel wpcf7-validates-as-required wpcf7-text wpcf7-validates-as-tel\" aria-required=\"true\" aria-invalid=\"false\" placeholder=\"Tel\u00e9fono *\" value=\"\" type=\"tel\" name=\"phone\" \/><\/span><\/div>\n<div class=\"input-wrapper\"><span class=\"icon icon-vehicles\"><\/span><span class=\"wpcf7-form-control-wrap\" data-name=\"number_of_vehicles\"><input class=\"wpcf7-form-control wpcf7-number wpcf7-validates-as-required wpcf7-validates-as-number\" min=\"1\" aria-required=\"true\" aria-invalid=\"false\" placeholder=\"N\u00famero de veh\u00edculos *\" value=\"\" type=\"number\" name=\"number_of_vehicles\" \/><\/span><\/div>\n\n<input type=\"hidden\" name=\"thankyouURL\" value=\"\/content-success-buyers-guide\/\" class=\"wpcf7-form-control wpcf7-hidden\" id=\"thankyouURL\">\n<input type=\"hidden\" name=\"pardot_extra_field\" value=\"\" class=\"wpcf7-form-control wpcf7-hidden\">\n<input type=\"hidden\" name=\"page_title\" value=\"No post title\" class=\"wpcf7-form-control wpcf7-hidden\">\n<div class=\"recatpcha-text\">Este sitio est\u00e1 protegido por reCAPTCHA y se aplican la <a href=\"https:\/\/policies.google.com\/privacy?hl=es-419\">Pol\u00edtica de privacidad<\/a> y los <a href=\"https:\/\/policies.google.com\/terms?hl=es-419\">T\u00e9rminos de servicio<\/a> de Google.<\/div>\n<div class=\"input-wrapper\"><input class=\"wpcf7-form-control wpcf7-submit has-spinner icon-plane\" type=\"submit\" value=\"Obtener gu\u00eda gratis\" \/><\/div><div class=\"wpcf7-response-output\" aria-hidden=\"true\"><\/div>\n<\/form>\n<\/div>\n\n<\/div>\n\n\n\n<div class=\"wp-block-column is-layout-flow wp-block-column-is-layout-flow\">\n<figure class=\"wp-block-image aligncenter\"><img decoding=\"async\" src=\" https:\/\/www.quartix.com\/content\/uploads\/2018\/12\/US-Buyers-Guide-Cover.jpg\" alt=\"\"\/><\/figure>\n<\/div>\n<\/div>\n\n\n<section  class=\"qtx-pagebuilder-section qtx-pagebuilder-section-blockquote qtx-pagebuilder-section-blockquote-green_testimonial_with_photo \">\r\n        <div class=\"green_testimonial_with_photo \">\r\n            <div class=\"img-container\">\r\n                                <img decoding=\"async\" src=\"https:\/\/www.quartix.com\/content\/uploads\/2018\/02\/rocky-branch_1.jpg\"\/>\r\n                            <\/div>\r\n            <blockquote>\r\n                                                <p>&#8220;Ahora cuando nuestros equipos entregan sus tarjetas de tiempo y hojas de trabajo, podemos utilizar el sistema de rastreo para confirmar la informaci\u00f3n que nos entregan. Adem\u00e1s, las cuentas de gasolina son menores gracias a que los camiones est\u00e1n siguiendo los l\u00edmites de velocidad y a nuestra capacidad para medir su estilo de manejo.&#8221;<\/p>\n                <footer>\r\n                   <cite class=\"author\">Tom Benoit<\/cite>\r\n                   <cite class=\"author_line_2\">Rocky Branch Contractors<\/cite>\r\n                <\/footer>\r\n            <\/blockquote>\r\n        <\/div>\r\n        <\/section>\r\n\r\n","protected":false},"excerpt":{"rendered":"<p>El sistema de rastreo correcto no solo le dir\u00e1 d\u00f3nde est\u00e1n sus veh\u00edculos, le dar\u00e1 informaci\u00f3n que es directamente relevante para las operaciones de su negocio. Descargue la gu\u00eda del consumidor de rastreo de veh\u00edculos de Quartix y escoja el mejor sistema para su negocio. Descargar la Gu\u00eda Gratis<\/p>\n","protected":false},"author":12,"featured_media":16462,"parent":0,"menu_order":3402,"comment_status":"closed","ping_status":"closed","template":"","meta":{"_acf_changed":false,"inline_featured_image":false,"footnotes":""},"topic":[],"qtx_campaign":[],"class_list":["post-22700","page","type-page","status-publish","has-post-thumbnail","hentry"],"acf":[],"yoast_head":"<!-- This site is optimized with the Yoast SEO Premium plugin v27.3 (Yoast SEO v27.3) - https:\/\/yoast.com\/product\/yoast-seo-premium-wordpress\/ -->\n<title>Gu\u00eda del Consumidor para el Rastreo de Veh\u00edculos 2019 - US<\/title>\n<meta name=\"description\" content=\"El sistema de rastreo correcto no solo le dir\u00e1 d\u00f3nde est\u00e1n sus veh\u00edculos, le dar\u00e1 informaci\u00f3n que es directamente relevante para las operaciones de su negocio. Descargue la gu\u00eda del consumidor de rastreo de veh\u00edculos de Quartix y escoja el mejor sistema para su negocio.\" \/>\n<meta name=\"robots\" content=\"index, follow, max-snippet:-1, max-image-preview:large, max-video-preview:-1\" \/>\n<link rel=\"canonical\" href=\"https:\/\/www.quartix.com\/es-us\/guia-del-comprador-para-el-rastreo-de-vehiculos-2019\/\" \/>\n<meta property=\"og:locale\" content=\"es_ES\" \/>\n<meta property=\"og:type\" content=\"article\" \/>\n<meta property=\"og:title\" content=\"Gu\u00eda del Consumidor para el Rastreo de Veh\u00edculos 2019\" \/>\n<meta property=\"og:description\" content=\"El sistema de rastreo correcto no solo le dir\u00e1 d\u00f3nde est\u00e1n sus veh\u00edculos, le dar\u00e1 informaci\u00f3n que es directamente relevante para las operaciones de su negocio. Descargue la gu\u00eda del consumidor de rastreo de veh\u00edculos de Quartix y escoja el mejor sistema para su negocio.\" \/>\n<meta property=\"og:url\" content=\"https:\/\/www.quartix.com\/es-us\/guia-del-comprador-para-el-rastreo-de-vehiculos-2019\/\" \/>\n<meta property=\"og:site_name\" content=\"Quartix\" \/>\n<meta property=\"article:publisher\" content=\"https:\/\/www.facebook.com\/Quartix-USA-374426386097401\/\" \/>\n<meta property=\"article:modified_time\" content=\"2022-10-14T11:11:41+00:00\" \/>\n<meta property=\"og:image\" content=\"https:\/\/www.quartix.com\/content\/uploads\/2019\/01\/2019-Buyers-Guide-image.jpg\" \/>\n\t<meta property=\"og:image:width\" content=\"775\" \/>\n\t<meta property=\"og:image:height\" content=\"720\" \/>\n\t<meta property=\"og:image:type\" content=\"image\/jpeg\" \/>\n<meta name=\"twitter:card\" content=\"summary_large_image\" \/>\n<meta name=\"twitter:site\" content=\"@QuartixUSA\" \/>\n<meta name=\"twitter:label1\" content=\"Est. reading time\" \/>\n\t<meta name=\"twitter:data1\" content=\"1 minute\" \/>\n<!-- \/ Yoast SEO Premium plugin. -->","yoast_head_json":{"title":"Gu\u00eda del Consumidor para el Rastreo de Veh\u00edculos 2019 - US","description":"El sistema de rastreo correcto no solo le dir\u00e1 d\u00f3nde est\u00e1n sus veh\u00edculos, le dar\u00e1 informaci\u00f3n que es directamente relevante para las operaciones de su negocio. Descargue la gu\u00eda del consumidor de rastreo de veh\u00edculos de Quartix y escoja el mejor sistema para su negocio.","robots":{"index":"index","follow":"follow","max-snippet":"max-snippet:-1","max-image-preview":"max-image-preview:large","max-video-preview":"max-video-preview:-1"},"canonical":"https:\/\/www.quartix.com\/es-us\/guia-del-comprador-para-el-rastreo-de-vehiculos-2019\/","og_locale":"es_ES","og_type":"article","og_title":"Gu\u00eda del Consumidor para el Rastreo de Veh\u00edculos 2019","og_description":"El sistema de rastreo correcto no solo le dir\u00e1 d\u00f3nde est\u00e1n sus veh\u00edculos, le dar\u00e1 informaci\u00f3n que es directamente relevante para las operaciones de su negocio. Descargue la gu\u00eda del consumidor de rastreo de veh\u00edculos de Quartix y escoja el mejor sistema para su negocio.","og_url":"https:\/\/www.quartix.com\/es-us\/guia-del-comprador-para-el-rastreo-de-vehiculos-2019\/","og_site_name":"Quartix","article_publisher":"https:\/\/www.facebook.com\/Quartix-USA-374426386097401\/","article_modified_time":"2022-10-14T11:11:41+00:00","og_image":[{"width":775,"height":720,"url":"https:\/\/www.quartix.com\/content\/uploads\/2019\/01\/2019-Buyers-Guide-image.jpg","type":"image\/jpeg"}],"twitter_card":"summary_large_image","twitter_site":"@QuartixUSA","twitter_misc":{"Est. reading time":"1 minute"},"schema":{"@context":"https:\/\/schema.org","@graph":[{"@type":"WebPage","@id":"https:\/\/www.quartix.com\/es-us\/guia-del-comprador-para-el-rastreo-de-vehiculos-2019\/","url":"https:\/\/www.quartix.com\/es-us\/guia-del-comprador-para-el-rastreo-de-vehiculos-2019\/","name":"Gu\u00eda del Consumidor para el Rastreo de Veh\u00edculos 2019","isPartOf":{"@id":"https:\/\/www.quartix.com\/es-us\/#website"},"primaryImageOfPage":{"@id":"https:\/\/www.quartix.com\/es-us\/guia-del-comprador-para-el-rastreo-de-vehiculos-2019\/#primaryimage"},"image":{"@id":"https:\/\/www.quartix.com\/es-us\/guia-del-comprador-para-el-rastreo-de-vehiculos-2019\/#primaryimage"},"thumbnailUrl":"https:\/\/www.quartix.com\/content\/uploads\/2019\/01\/2019-Buyers-Guide-image.jpg","datePublished":"2019-05-21T23:24:43+00:00","dateModified":"2022-10-14T11:11:41+00:00","description":"El sistema de rastreo correcto no solo le dir\u00e1 d\u00f3nde est\u00e1n sus veh\u00edculos, le dar\u00e1 informaci\u00f3n que es directamente relevante para las operaciones de su negocio. Descargue la gu\u00eda del consumidor de rastreo de veh\u00edculos de Quartix y escoja el mejor sistema para su negocio.","breadcrumb":{"@id":"https:\/\/www.quartix.com\/es-us\/guia-del-comprador-para-el-rastreo-de-vehiculos-2019\/#breadcrumb"},"inLanguage":"es-US","potentialAction":[{"@type":"ReadAction","target":["https:\/\/www.quartix.com\/es-us\/guia-del-comprador-para-el-rastreo-de-vehiculos-2019\/"]}]},{"@type":"ImageObject","inLanguage":"es-US","@id":"https:\/\/www.quartix.com\/es-us\/guia-del-comprador-para-el-rastreo-de-vehiculos-2019\/#primaryimage","url":"https:\/\/www.quartix.com\/content\/uploads\/2019\/01\/2019-Buyers-Guide-image.jpg","contentUrl":"https:\/\/www.quartix.com\/content\/uploads\/2019\/01\/2019-Buyers-Guide-image.jpg","width":775,"height":720},{"@type":"BreadcrumbList","@id":"https:\/\/www.quartix.com\/es-us\/guia-del-comprador-para-el-rastreo-de-vehiculos-2019\/#breadcrumb","itemListElement":[{"@type":"ListItem","position":1,"name":"Inicio","item":"https:\/\/www.quartix.com\/es-us\/"},{"@type":"ListItem","position":2,"name":"Gu\u00eda del Consumidor para el Rastreo de Veh\u00edculos 2019"}]},{"@type":"WebSite","@id":"https:\/\/www.quartix.com\/es-us\/#website","url":"https:\/\/www.quartix.com\/es-us\/","name":"Quartix","description":"Real-time vehicle tracking","publisher":{"@id":"https:\/\/www.quartix.com\/es-us\/#organization"},"potentialAction":[{"@type":"SearchAction","target":{"@type":"EntryPoint","urlTemplate":"https:\/\/www.quartix.com\/es-us\/?s={search_term_string}"},"query-input":{"@type":"PropertyValueSpecification","valueRequired":true,"valueName":"search_term_string"}}],"inLanguage":"es-US"},{"@type":"Organization","@id":"https:\/\/www.quartix.com\/es-us\/#organization","name":"Quartix","url":"https:\/\/www.quartix.com\/es-us\/","logo":{"@type":"ImageObject","inLanguage":"es-US","@id":"https:\/\/www.quartix.com\/es-us\/#\/schema\/logo\/image\/","url":"https:\/\/www.quartix.com\/content\/uploads\/2019\/02\/quartix-logo-eur.svg","contentUrl":"https:\/\/www.quartix.com\/content\/uploads\/2019\/02\/quartix-logo-eur.svg","width":1,"height":1,"caption":"Quartix"},"image":{"@id":"https:\/\/www.quartix.com\/es-us\/#\/schema\/logo\/image\/"},"sameAs":["https:\/\/www.facebook.com\/Quartix-USA-374426386097401\/","https:\/\/x.com\/QuartixUSA","https:\/\/www.linkedin.com\/company\/5346733\/","https:\/\/www.youtube.com\/channel\/UCzS-_GMfHF4kWiCheyIRrAQ"]}]}},"_links":{"self":[{"href":"https:\/\/www.quartix.com\/es-us\/wp-json\/wp\/v2\/pages\/22700","targetHints":{"allow":["GET"]}}],"collection":[{"href":"https:\/\/www.quartix.com\/es-us\/wp-json\/wp\/v2\/pages"}],"about":[{"href":"https:\/\/www.quartix.com\/es-us\/wp-json\/wp\/v2\/types\/page"}],"author":[{"embeddable":true,"href":"https:\/\/www.quartix.com\/es-us\/wp-json\/wp\/v2\/users\/12"}],"replies":[{"embeddable":true,"href":"https:\/\/www.quartix.com\/es-us\/wp-json\/wp\/v2\/comments?post=22700"}],"version-history":[{"count":0,"href":"https:\/\/www.quartix.com\/es-us\/wp-json\/wp\/v2\/pages\/22700\/revisions"}],"wp:featuredmedia":[{"embeddable":true,"href":"https:\/\/www.quartix.com\/es-us\/wp-json\/wp\/v2\/media\/16462"}],"wp:attachment":[{"href":"https:\/\/www.quartix.com\/es-us\/wp-json\/wp\/v2\/media?parent=22700"}],"wp:term":[{"taxonomy":"topic","embeddable":true,"href":"https:\/\/www.quartix.com\/es-us\/wp-json\/wp\/v2\/topic?post=22700"},{"taxonomy":"qtx_campaign","embeddable":true,"href":"https:\/\/www.quartix.com\/es-us\/wp-json\/wp\/v2\/qtx_campaign?post=22700"}],"curies":[{"name":"wp","href":"https:\/\/api.w.org\/{rel}","templated":true}]}}