{"id":22710,"date":"2019-05-22T00:16:37","date_gmt":"2019-05-22T00:16:37","guid":{"rendered":" https:\/\/www.quartix.com\/guia-de-rastreo-de-vehiculos-para-paisajistas\/"},"modified":"2022-07-22T14:29:45","modified_gmt":"2022-07-22T13:29:45","slug":"guia-de-rastreo-de-vehiculos-para-paisajistas","status":"publish","type":"page","link":"https:\/\/www.quartix.com\/es-us\/guia-de-rastreo-de-vehiculos-para-paisajistas\/","title":{"rendered":"Gu\u00eda de Rastreo de Veh\u00edculos para Paisajistas"},"content":{"rendered":"\n<div class=\"wp-block-columns is-layout-flex wp-container-core-columns-is-layout-28f84493 wp-block-columns-is-layout-flex\">\n<div class=\"wp-block-column is-layout-flow wp-block-column-is-layout-flow\">\n<p>Quartix ha creado una gu\u00eda r\u00e1pida y sencilla sobre c\u00f3mo el rastreo de veh\u00edculos puede ser una herramienta poderosa para recortar costos y aumentar la productividad, especialmente dise\u00f1ada para paisajistas.<\/p>\n\n\n\n<p>En esta gu\u00eda descubrir\u00e1 c\u00f3mo aumentar la productividad, simplificar la contabilidad y mantener a sus conductores seguros.<\/p>\n\n\n\n<div style=\"height:30px\" aria-hidden=\"true\" class=\"wp-block-spacer\"><\/div>\n\n\n\n<h2 class=\"wp-block-heading\">Descargar la Gu\u00eda Gratis<\/h2>\n\n\n\n<div class=\"wpcf7 no-js\" id=\"wpcf7-f74273-o1\" lang=\"es-US\" dir=\"ltr\" data-wpcf7-id=\"74273\">\n<div class=\"screen-reader-response\"><p role=\"status\" aria-live=\"polite\" aria-atomic=\"true\"><\/p> <ul><\/ul><\/div>\n<form action=\"\/es-us\/wp-json\/wp\/v2\/pages\/22710#wpcf7-f74273-o1\" method=\"post\" class=\"wpcf7-form init\" aria-label=\"Contact form\" novalidate=\"novalidate\" data-status=\"init\">\n<fieldset class=\"hidden-fields-container\"><input type=\"hidden\" name=\"_wpcf7\" value=\"74273\" \/><input type=\"hidden\" name=\"_wpcf7_version\" value=\"6.1.5\" \/><input type=\"hidden\" name=\"_wpcf7_locale\" value=\"es_US\" \/><input type=\"hidden\" name=\"_wpcf7_unit_tag\" value=\"wpcf7-f74273-o1\" \/><input type=\"hidden\" name=\"_wpcf7_container_post\" value=\"0\" \/><input type=\"hidden\" name=\"_wpcf7_posted_data_hash\" value=\"\" \/><input type=\"hidden\" name=\"_wpcf7cf_hidden_group_fields\" value=\"[]\" \/><input type=\"hidden\" name=\"_wpcf7cf_hidden_groups\" value=\"[]\" \/><input type=\"hidden\" name=\"_wpcf7cf_visible_groups\" value=\"[]\" \/><input type=\"hidden\" name=\"_wpcf7cf_repeaters\" value=\"[]\" \/><input type=\"hidden\" name=\"_wpcf7cf_steps\" value=\"{}\" \/><input type=\"hidden\" name=\"_wpcf7cf_options\" value=\"{&quot;form_id&quot;:74273,&quot;conditions&quot;:[],&quot;settings&quot;:{&quot;animation&quot;:&quot;yes&quot;,&quot;animation_intime&quot;:200,&quot;animation_outtime&quot;:200,&quot;conditions_ui&quot;:&quot;normal&quot;,&quot;notice_dismissed&quot;:false,&quot;notice_dismissed_update-cf7-6.0&quot;:true,&quot;notice_dismissed_update-cf7-6.0.1&quot;:true,&quot;notice_dismissed_update-cf7-6.0.2&quot;:true,&quot;notice_dismissed_rollback-cf7-6.0.5&quot;:true}}\" \/><input type=\"hidden\" name=\"_wpcf7_recaptcha_response\" value=\"\" \/>\n<\/fieldset>\n<div class=\"input-wrapper\"><span class=\"icon icon-face\"><\/span><span class=\"wpcf7-form-control-wrap\" data-name=\"first_name\"><input size=\"40\" maxlength=\"400\" class=\"wpcf7-form-control wpcf7-text wpcf7-validates-as-required\" aria-required=\"true\" aria-invalid=\"false\" placeholder=\"Nombre *\" value=\"\" type=\"text\" name=\"first_name\" \/><\/span><span class=\"wpcf7-form-control-wrap\" data-name=\"last_name\"><input size=\"40\" maxlength=\"400\" class=\"wpcf7-form-control wpcf7-text wpcf7-validates-as-required\" aria-required=\"true\" aria-invalid=\"false\" placeholder=\"Apellido *\" value=\"\" type=\"text\" name=\"last_name\" \/><\/span><\/div>\n<div class=\"input-wrapper\"><span class=\"icon icon-envelope\"><\/span><span class=\"wpcf7-form-control-wrap\" data-name=\"email\"><input size=\"40\" maxlength=\"400\" class=\"wpcf7-form-control wpcf7-email wpcf7-validates-as-required wpcf7-text wpcf7-validates-as-email\" aria-required=\"true\" aria-invalid=\"false\" placeholder=\"Correo electr\u00f3nico *\" value=\"\" type=\"email\" name=\"email\" \/><\/span><\/div>\n<div class=\"input-wrapper\"><span class=\"icon icon-company\"><\/span><span class=\"wpcf7-form-control-wrap\" data-name=\"company\"><input size=\"40\" maxlength=\"400\" class=\"wpcf7-form-control wpcf7-text wpcf7-validates-as-required\" aria-required=\"true\" aria-invalid=\"false\" placeholder=\"Empresa *\" value=\"\" type=\"text\" name=\"company\" \/><\/span><\/div>\n<div class=\"input-wrapper\"><span class=\"icon icon-telephone\"><\/span><span class=\"wpcf7-form-control-wrap\" data-name=\"phone\"><input size=\"40\" maxlength=\"400\" class=\"wpcf7-form-control wpcf7-tel wpcf7-validates-as-required wpcf7-text wpcf7-validates-as-tel\" aria-required=\"true\" aria-invalid=\"false\" placeholder=\"Tel\u00e9fono *\" value=\"\" type=\"tel\" name=\"phone\" \/><\/span><\/div>\n<div class=\"input-wrapper\"><span class=\"icon icon-vehicles\"><\/span><span class=\"wpcf7-form-control-wrap\" data-name=\"number_of_vehicles\"><input class=\"wpcf7-form-control wpcf7-number wpcf7-validates-as-required wpcf7-validates-as-number\" min=\"1\" aria-required=\"true\" aria-invalid=\"false\" placeholder=\"N\u00famero de veh\u00edculos *\" value=\"\" type=\"number\" name=\"number_of_vehicles\" \/><\/span><\/div>\n\n<input type=\"hidden\" name=\"thankyouURL\" value=\"\/content-success-landscaping-guide\/\" class=\"wpcf7-form-control wpcf7-hidden\" id=\"thankyouURL\">\n<input type=\"hidden\" name=\"pardot_extra_field\" value=\"\" class=\"wpcf7-form-control wpcf7-hidden\">\n<input type=\"hidden\" name=\"page_title\" value=\"No post title\" class=\"wpcf7-form-control wpcf7-hidden\">\n<div class=\"recatpcha-text\">Este sitio est\u00e1 protegido por reCAPTCHA y se aplican la <a href=\"https:\/\/policies.google.com\/privacy?hl=es-419\">Pol\u00edtica de privacidad<\/a> y los <a href=\"https:\/\/policies.google.com\/terms?hl=es-419\">T\u00e9rminos de servicio<\/a> de Google.<\/div>\n<div class=\"input-wrapper\"><input class=\"wpcf7-form-control wpcf7-submit has-spinner icon-plane\" type=\"submit\" value=\"Obtener gu\u00eda gratis\" \/><\/div><div class=\"wpcf7-response-output\" aria-hidden=\"true\"><\/div>\n<\/form>\n<\/div>\n\n<\/div>\n\n\n\n<div class=\"wp-block-column is-layout-flow wp-block-column-is-layout-flow\">\n<figure class=\"wp-block-image aligncenter\"><img decoding=\"async\" src=\" https:\/\/www.quartix.com\/content\/uploads\/2018\/03\/Vehicle-Tracking-Guide-Landscapers-Front-Cover.png\" alt=\"\"\/><\/figure>\n<\/div>\n<\/div>\n\n\n<section  class=\"qtx-pagebuilder-section qtx-pagebuilder-section-blockquote qtx-pagebuilder-section-blockquote-green_testimonial_with_photo \">\r\n        <div class=\"green_testimonial_with_photo \">\r\n            <div class=\"img-container\">\r\n                                <img decoding=\"async\" src=\"https:\/\/www.quartix.com\/content\/uploads\/2019\/02\/meadow_services_2.jpg\"\/>\r\n                            <\/div>\r\n            <blockquote>\r\n                                                <p>&#8220;He notado ahorro en mi empresa de muchas horas extra innecesarias. Al final de la semana, puedo recopilar una hoja de trabajo para comparar el tiempo actual que tom\u00f3 terminar el trabajo con las horas que nuestros empleados reportan tom\u00f3 terminarlo.&#8221;<\/p>\n                <footer>\r\n                   <cite class=\"author\">Tina Kaiser, Gerente de Oficina<\/cite>\r\n                   <cite class=\"author_line_2\">Meadow Services<\/cite>\r\n                <\/footer>\r\n            <\/blockquote>\r\n        <\/div>\r\n        <\/section>\r\n\r\n","protected":false},"excerpt":{"rendered":"<p>Quartix ha creado una gu\u00eda r\u00e1pida y sencilla sobre c\u00f3mo el rastreo de veh\u00edculos puede ser una herramienta poderosa para recortar costos y aumentar la productividad, especialmente dise\u00f1ada para paisajistas. En esta gu\u00eda descubrir\u00e1 c\u00f3mo aumentar la productividad, simplificar la contabilidad y mantener a sus conductores seguros. Descargar la Gu\u00eda Gratis<\/p>\n","protected":false},"author":6,"featured_media":56129,"parent":0,"menu_order":3404,"comment_status":"closed","ping_status":"closed","template":"","meta":{"_acf_changed":false,"inline_featured_image":false,"footnotes":""},"topic":[],"qtx_campaign":[],"class_list":["post-22710","page","type-page","status-publish","has-post-thumbnail","hentry"],"acf":[],"yoast_head":"<!-- This site is optimized with the Yoast SEO Premium plugin v27.2 (Yoast SEO v27.2) - https:\/\/yoast.com\/product\/yoast-seo-premium-wordpress\/ -->\n<title>Rastreo de Veh\u00edculos para Empresas de Paisajismo - US<\/title>\n<meta name=\"description\" content=\"Quartix ofrece rastreo de veh\u00edculos para paisajistas. Tiempo en el sitio, tiempos de comienzo y fin, determine los veh\u00edculos para llamadas, optimice la productividad, ahorre gasolina.\" \/>\n<meta name=\"robots\" content=\"index, follow, max-snippet:-1, max-image-preview:large, max-video-preview:-1\" \/>\n<link rel=\"canonical\" href=\"https:\/\/www.quartix.com\/es-us\/guia-de-rastreo-de-vehiculos-para-paisajistas\/\" \/>\n<meta property=\"og:locale\" content=\"es_ES\" \/>\n<meta property=\"og:type\" content=\"article\" \/>\n<meta property=\"og:title\" content=\"Gu\u00eda de Rastreo de Veh\u00edculos para Paisajistas\" \/>\n<meta property=\"og:description\" content=\"Quartix ofrece rastreo de veh\u00edculos para paisajistas. Tiempo en el sitio, tiempos de comienzo y fin, determine los veh\u00edculos para llamadas, optimice la productividad, ahorre gasolina.\" \/>\n<meta property=\"og:url\" content=\"https:\/\/www.quartix.com\/es-us\/guia-de-rastreo-de-vehiculos-para-paisajistas\/\" \/>\n<meta property=\"og:site_name\" content=\"Quartix\" \/>\n<meta property=\"article:publisher\" content=\"https:\/\/www.facebook.com\/Quartix-USA-374426386097401\/\" \/>\n<meta property=\"article:modified_time\" content=\"2022-07-22T13:29:45+00:00\" \/>\n<meta property=\"og:image\" content=\"https:\/\/www.quartix.com\/content\/uploads\/2021\/05\/FR-Landscaping.jpg\" \/>\n\t<meta property=\"og:image:width\" content=\"500\" \/>\n\t<meta property=\"og:image:height\" content=\"334\" \/>\n\t<meta property=\"og:image:type\" content=\"image\/jpeg\" \/>\n<meta name=\"twitter:card\" content=\"summary_large_image\" \/>\n<meta name=\"twitter:site\" content=\"@QuartixUSA\" \/>\n<meta name=\"twitter:label1\" content=\"Est. reading time\" \/>\n\t<meta name=\"twitter:data1\" content=\"1 minute\" \/>\n<!-- \/ Yoast SEO Premium plugin. -->","yoast_head_json":{"title":"Rastreo de Veh\u00edculos para Empresas de Paisajismo - US","description":"Quartix ofrece rastreo de veh\u00edculos para paisajistas. Tiempo en el sitio, tiempos de comienzo y fin, determine los veh\u00edculos para llamadas, optimice la productividad, ahorre gasolina.","robots":{"index":"index","follow":"follow","max-snippet":"max-snippet:-1","max-image-preview":"max-image-preview:large","max-video-preview":"max-video-preview:-1"},"canonical":"https:\/\/www.quartix.com\/es-us\/guia-de-rastreo-de-vehiculos-para-paisajistas\/","og_locale":"es_ES","og_type":"article","og_title":"Gu\u00eda de Rastreo de Veh\u00edculos para Paisajistas","og_description":"Quartix ofrece rastreo de veh\u00edculos para paisajistas. Tiempo en el sitio, tiempos de comienzo y fin, determine los veh\u00edculos para llamadas, optimice la productividad, ahorre gasolina.","og_url":"https:\/\/www.quartix.com\/es-us\/guia-de-rastreo-de-vehiculos-para-paisajistas\/","og_site_name":"Quartix","article_publisher":"https:\/\/www.facebook.com\/Quartix-USA-374426386097401\/","article_modified_time":"2022-07-22T13:29:45+00:00","og_image":[{"width":500,"height":334,"url":"https:\/\/www.quartix.com\/content\/uploads\/2021\/05\/FR-Landscaping.jpg","type":"image\/jpeg"}],"twitter_card":"summary_large_image","twitter_site":"@QuartixUSA","twitter_misc":{"Est. reading time":"1 minute"},"schema":{"@context":"https:\/\/schema.org","@graph":[{"@type":"WebPage","@id":"https:\/\/www.quartix.com\/es-us\/guia-de-rastreo-de-vehiculos-para-paisajistas\/","url":"https:\/\/www.quartix.com\/es-us\/guia-de-rastreo-de-vehiculos-para-paisajistas\/","name":"Rastreo de Veh\u00edculos para Empresas de Paisajismo","isPartOf":{"@id":"https:\/\/www.quartix.com\/es-us\/#website"},"primaryImageOfPage":{"@id":"https:\/\/www.quartix.com\/es-us\/guia-de-rastreo-de-vehiculos-para-paisajistas\/#primaryimage"},"image":{"@id":"https:\/\/www.quartix.com\/es-us\/guia-de-rastreo-de-vehiculos-para-paisajistas\/#primaryimage"},"thumbnailUrl":"https:\/\/www.quartix.com\/content\/uploads\/2021\/05\/FR-Landscaping.jpg","datePublished":"2019-05-22T00:16:37+00:00","dateModified":"2022-07-22T13:29:45+00:00","description":"Quartix ofrece rastreo de veh\u00edculos para paisajistas. Tiempo en el sitio, tiempos de comienzo y fin, determine los veh\u00edculos para llamadas, optimice la productividad, ahorre gasolina.","breadcrumb":{"@id":"https:\/\/www.quartix.com\/es-us\/guia-de-rastreo-de-vehiculos-para-paisajistas\/#breadcrumb"},"inLanguage":"es-US","potentialAction":[{"@type":"ReadAction","target":["https:\/\/www.quartix.com\/es-us\/guia-de-rastreo-de-vehiculos-para-paisajistas\/"]}]},{"@type":"ImageObject","inLanguage":"es-US","@id":"https:\/\/www.quartix.com\/es-us\/guia-de-rastreo-de-vehiculos-para-paisajistas\/#primaryimage","url":"https:\/\/www.quartix.com\/content\/uploads\/2021\/05\/FR-Landscaping.jpg","contentUrl":"https:\/\/www.quartix.com\/content\/uploads\/2021\/05\/FR-Landscaping.jpg","width":500,"height":334},{"@type":"BreadcrumbList","@id":"https:\/\/www.quartix.com\/es-us\/guia-de-rastreo-de-vehiculos-para-paisajistas\/#breadcrumb","itemListElement":[{"@type":"ListItem","position":1,"name":"Inicio","item":"https:\/\/www.quartix.com\/es-us\/quartix-real-time-vehicle-tracking-2\/"},{"@type":"ListItem","position":2,"name":"Gu\u00eda de Rastreo de Veh\u00edculos para Paisajistas"}]},{"@type":"WebSite","@id":"https:\/\/www.quartix.com\/es-us\/#website","url":"https:\/\/www.quartix.com\/es-us\/","name":"Quartix","description":"Real-time vehicle tracking","publisher":{"@id":"https:\/\/www.quartix.com\/es-us\/#organization"},"potentialAction":[{"@type":"SearchAction","target":{"@type":"EntryPoint","urlTemplate":"https:\/\/www.quartix.com\/es-us\/?s={search_term_string}"},"query-input":{"@type":"PropertyValueSpecification","valueRequired":true,"valueName":"search_term_string"}}],"inLanguage":"es-US"},{"@type":"Organization","@id":"https:\/\/www.quartix.com\/es-us\/#organization","name":"Quartix","url":"https:\/\/www.quartix.com\/es-us\/","logo":{"@type":"ImageObject","inLanguage":"es-US","@id":"https:\/\/www.quartix.com\/es-us\/#\/schema\/logo\/image\/","url":"https:\/\/www.quartix.com\/content\/uploads\/2019\/02\/quartix-logo-eur.svg","contentUrl":"https:\/\/www.quartix.com\/content\/uploads\/2019\/02\/quartix-logo-eur.svg","width":1,"height":1,"caption":"Quartix"},"image":{"@id":"https:\/\/www.quartix.com\/es-us\/#\/schema\/logo\/image\/"},"sameAs":["https:\/\/www.facebook.com\/Quartix-USA-374426386097401\/","https:\/\/x.com\/QuartixUSA","https:\/\/www.linkedin.com\/company\/5346733\/","https:\/\/www.youtube.com\/channel\/UCzS-_GMfHF4kWiCheyIRrAQ"]}]}},"_links":{"self":[{"href":"https:\/\/www.quartix.com\/es-us\/wp-json\/wp\/v2\/pages\/22710","targetHints":{"allow":["GET"]}}],"collection":[{"href":"https:\/\/www.quartix.com\/es-us\/wp-json\/wp\/v2\/pages"}],"about":[{"href":"https:\/\/www.quartix.com\/es-us\/wp-json\/wp\/v2\/types\/page"}],"author":[{"embeddable":true,"href":"https:\/\/www.quartix.com\/es-us\/wp-json\/wp\/v2\/users\/6"}],"replies":[{"embeddable":true,"href":"https:\/\/www.quartix.com\/es-us\/wp-json\/wp\/v2\/comments?post=22710"}],"version-history":[{"count":0,"href":"https:\/\/www.quartix.com\/es-us\/wp-json\/wp\/v2\/pages\/22710\/revisions"}],"wp:featuredmedia":[{"embeddable":true,"href":"https:\/\/www.quartix.com\/es-us\/wp-json\/wp\/v2\/media\/56129"}],"wp:attachment":[{"href":"https:\/\/www.quartix.com\/es-us\/wp-json\/wp\/v2\/media?parent=22710"}],"wp:term":[{"taxonomy":"topic","embeddable":true,"href":"https:\/\/www.quartix.com\/es-us\/wp-json\/wp\/v2\/topic?post=22710"},{"taxonomy":"qtx_campaign","embeddable":true,"href":"https:\/\/www.quartix.com\/es-us\/wp-json\/wp\/v2\/qtx_campaign?post=22710"}],"curies":[{"name":"wp","href":"https:\/\/api.w.org\/{rel}","templated":true}]}}