{"id":22739,"date":"2019-05-22T05:13:46","date_gmt":"2019-05-22T05:13:46","guid":{"rendered":" https:\/\/www.quartix.com\/novedades\/"},"modified":"2022-10-14T11:43:56","modified_gmt":"2022-10-14T10:43:56","slug":"novedades","status":"publish","type":"page","link":"https:\/\/www.quartix.com\/es-us\/mas-informacion\/novedades\/","title":{"rendered":"Novedades"},"content":{"rendered":"\r\n<section  class=\"qtx-pagebuilder-section qtx-pagebuilder-section-guidelistingtitle\">\r\n<div class=\"wrapper\">\r\n    <div class=\"innercontent\">\r\n    <i class=\"fa fa-rss\" aria-hidden=\"true\"><\/i>    <p><strong>\u00a1Hola!<\/strong><\/p>\n<p>Sabemos que est\u00e1 ocupado as\u00ed que aqu\u00ed le damos un resumen de las \u00faltimas novedades, eventos y entrenamiento de Quatrix y toda la industria.<\/p>\n<p><strong>Sofie Westlake<\/strong><\/p>\n<p>Equipo de comunicaciones de Quartix<\/p>\n    <\/div>\r\n    <div class=\"photo\">\r\n        <img decoding=\"async\" src=\"https:\/\/www.quartix.com\/content\/uploads\/2022\/04\/moca-768x888-1.png\" title=\"\"\/>    <\/div>\r\n<\/div>\r\n<\/section>\n\n\r\n\r\n<section  class=\"qtx-pagebuilder-section qtx-pagebuilder-section-guidelisting \">\r\n        <div class=\"listingouter\">\r\n            <div class=\"listingwrapper\">\r\n                <div class=\"listing\">\r\n                        <div class=\"listingtitle\"><h4>webinar<\/h4><h3>Webinar de hojas de tiempo<\/h3><\/div>                        <div class=\"listingcontent\"><p>En este webinar Ashley Bates, nuestro experto en rastreo de veh\u00edculos, comparte las aplicaciones en vida real, consejos y atajos de c\u00f3mo usar nuestros Reportes de Hojas de Horario. Este webinar incluye:<\/p>\n<ul>\n<li>Caracter\u00edsticas y descripci\u00f3n general de las hojas de horarios.<\/li>\n<li>Registro diario de veh\u00edculos<\/li>\n<li>Reporte de viaje<\/li>\n<li>Reporte de tiempo en el sitio<\/li>\n<\/ul>\n<\/div>                        <a class='btn btn-green' href='\/es-us\/mas-informacion\/webinars\/' title='Ver ahora' target=''>Ver ahora <i aria-hidden='true' class='fas fa-arrow-circle-right'><\/i><\/a>                <\/div>\r\n                <div class=\"image\">\r\n                                    <\/div>\r\n            <\/div>\r\n        <\/div>\r\n            <div class=\"listingouter\">\r\n            <div class=\"listingwrapper\">\r\n                <div class=\"listing\">\r\n                        <div class=\"listingtitle\"><h4>estudio de caso<\/h4><h3>Greenridge Landscaping<\/h3><\/div>                        <div class=\"listingcontent\"><p>&#8220;Cuando vimos qu\u00e9 f\u00e1cil de usar es el sistema de Quartix, y cuan razonable era el precio, no buscamos m\u00e1s.&#8221;<\/p>\n<p>&#8211; Misty Absher, Gerente de Oficina<\/p>\n<p>Greenridge Landscaping<\/p>\n<\/div>                        <a class='btn btn-green' href='\/es-us\/estudios-de-caso\/ss-landscaping-services\/' title='M\u00e1s informaci\u00f3n' target=''>M\u00e1s informaci\u00f3n <i aria-hidden='true' class='fas fa-arrow-circle-right'><\/i><\/a>                <\/div>\r\n                <div class=\"image\">\r\n                                                <img loading=\"lazy\" decoding=\"async\" width=\"640\" height=\"568\" src=\"https:\/\/www.quartix.com\/content\/uploads\/2019\/02\/greenridge_van.jpg\" class=\"\" alt=\"\" srcset=\"https:\/\/www.quartix.com\/content\/uploads\/2019\/02\/greenridge_van.jpg 960w, https:\/\/www.quartix.com\/content\/uploads\/2019\/02\/greenridge_van-300x266.jpg 300w, https:\/\/www.quartix.com\/content\/uploads\/2019\/02\/greenridge_van-768x682.jpg 768w\" sizes=\"auto, (max-width: 640px) 100vw, 640px\" \/>  \r\n                                    <\/div>\r\n            <\/div>\r\n        <\/div>\r\n            <div class=\"listingouter\">\r\n            <div class=\"listingwrapper\">\r\n                <div class=\"listing\">\r\n                        <div class=\"listingtitle\"><h4>noticias<\/h4><h3>Quartix Lanza Opci\u00f3n F\u00e1cil de Instalar<\/h3><\/div>                        <div class=\"listingcontent\"><p>Hoy Quartix, un proveedor global de servicios de rastreo de veh\u00edculos y telem\u00e1tica, anuncia el lanzamiento de una nueva opci\u00f3n de instalaci\u00f3n; Plug and Track. \u00c9ste es un dispositivo de rastreo nuevo que es f\u00e1cil de instalar al puerto OBD de un veh\u00edculo y facilita la instalaci\u00f3n y flexibilidad al mover el rastreo de un veh\u00edculo de su flota a otro, sin la necesidad de desconectar los cables.<\/p>\n<\/div>                        <a class='btn btn-green' href='\/es-us\/blog\/el-proveedor-de-telematica-en-estos-unidos-quartix-lanza-opcion-de-instalacion-facil\/' title='Descubra m\u00e1s' target=''>Descubra m\u00e1s <i aria-hidden='true' class='fas fa-arrow-circle-right'><\/i><\/a>                <\/div>\r\n                <div class=\"image\">\r\n                                                <img loading=\"lazy\" decoding=\"async\" width=\"300\" height=\"200\" src=\"https:\/\/www.quartix.com\/content\/uploads\/2017\/09\/shutterstock_177473753_web-truck-2_small-300x200-1.jpg\" class=\"\" alt=\"\" \/>  \r\n                                    <\/div>\r\n            <\/div>\r\n        <\/div>\r\n            <div class=\"listingouter\">\r\n            <div class=\"listingwrapper\">\r\n                <div class=\"listing\">\r\n                        <div class=\"listingtitle\"><h4>blog<\/h4><h3>Definiendo rastreo de veh\u00edculos y telem\u00e1tica<\/h3><\/div>                        <div class=\"listingcontent\"><p>Tal vez se ha preguntado cual es la diferencia entre telem\u00e1tica y rastreo de veh\u00edculos. Ambos t\u00e9rminos parecen intercambiables&#8230; \u00bfpero lo son?. Este blog aclarar\u00e1 ambos t\u00e9rminos y delinear\u00e1 los m\u00faltiples beneficios que trae a su organizaci\u00f3n el uso de estas tecnolog\u00edas.<\/p>\n<\/div>                        <a class='btn btn-green' href='\/es-us\/blog\/definicion-de-monitoreo-vehicular-y-telematica\/' title='M\u00e1s informaci\u00f3n' target=''>M\u00e1s informaci\u00f3n <i aria-hidden='true' class='fas fa-arrow-circle-right'><\/i><\/a>                <\/div>\r\n                <div class=\"image\">\r\n                                                <img loading=\"lazy\" decoding=\"async\" width=\"640\" height=\"640\" src=\"https:\/\/www.quartix.com\/content\/uploads\/2019\/07\/telematics-thumbnail-1000x1000.jpg\" class=\"\" alt=\"\" srcset=\"https:\/\/www.quartix.com\/content\/uploads\/2019\/07\/telematics-thumbnail-1000x1000.jpg 1000w, https:\/\/www.quartix.com\/content\/uploads\/2019\/07\/telematics-thumbnail-150x150.jpg 150w, https:\/\/www.quartix.com\/content\/uploads\/2019\/07\/telematics-thumbnail-300x300.jpg 300w, https:\/\/www.quartix.com\/content\/uploads\/2019\/07\/telematics-thumbnail-768x768.jpg 768w, https:\/\/www.quartix.com\/content\/uploads\/2019\/07\/telematics-thumbnail.jpg 1798w\" sizes=\"auto, (max-width: 640px) 100vw, 640px\" \/>  \r\n                                    <\/div>\r\n            <\/div>\r\n        <\/div>\r\n    <\/section>\r\n    ","protected":false},"excerpt":{"rendered":"","protected":false},"author":12,"featured_media":0,"parent":23029,"menu_order":10,"comment_status":"closed","ping_status":"closed","template":"","meta":{"_acf_changed":false,"inline_featured_image":false,"footnotes":""},"topic":[],"qtx_campaign":[],"class_list":["post-22739","page","type-page","status-publish","hentry"],"acf":[],"yoast_head":"<!-- This site is optimized with the Yoast SEO Premium plugin v27.3 (Yoast SEO v27.3) - https:\/\/yoast.com\/product\/yoast-seo-premium-wordpress\/ -->\n<title>Novedades - US<\/title>\n<meta name=\"description\" content=\"Vea lo que es nuevo en Quartix, incluyendo nuevos lanzamientos de caracter\u00edsticas de productos, historias de \u00e9xito de clientes, seminarios web de capacitaci\u00f3n y centro de ayuda.\" \/>\n<meta name=\"robots\" content=\"index, follow, max-snippet:-1, max-image-preview:large, max-video-preview:-1\" \/>\n<link rel=\"canonical\" href=\"https:\/\/www.quartix.com\/es-us\/mas-informacion\/novedades\/\" \/>\n<meta property=\"og:locale\" content=\"es_ES\" \/>\n<meta property=\"og:type\" content=\"article\" \/>\n<meta property=\"og:title\" content=\"Novedades\" \/>\n<meta property=\"og:description\" content=\"Vea lo que es nuevo en Quartix, incluyendo nuevos lanzamientos de caracter\u00edsticas de productos, historias de \u00e9xito de clientes, seminarios web de capacitaci\u00f3n y centro de ayuda.\" \/>\n<meta property=\"og:url\" content=\"https:\/\/www.quartix.com\/es-us\/mas-informacion\/novedades\/\" \/>\n<meta property=\"og:site_name\" content=\"Quartix\" \/>\n<meta property=\"article:publisher\" content=\"https:\/\/www.facebook.com\/Quartix-USA-374426386097401\/\" \/>\n<meta property=\"article:modified_time\" content=\"2022-10-14T10:43:56+00:00\" \/>\n<meta name=\"twitter:card\" content=\"summary_large_image\" \/>\n<meta name=\"twitter:site\" content=\"@QuartixUSA\" \/>\n<!-- \/ Yoast SEO Premium plugin. -->","yoast_head_json":{"title":"Novedades - US","description":"Vea lo que es nuevo en Quartix, incluyendo nuevos lanzamientos de caracter\u00edsticas de productos, historias de \u00e9xito de clientes, seminarios web de capacitaci\u00f3n y centro de ayuda.","robots":{"index":"index","follow":"follow","max-snippet":"max-snippet:-1","max-image-preview":"max-image-preview:large","max-video-preview":"max-video-preview:-1"},"canonical":"https:\/\/www.quartix.com\/es-us\/mas-informacion\/novedades\/","og_locale":"es_ES","og_type":"article","og_title":"Novedades","og_description":"Vea lo que es nuevo en Quartix, incluyendo nuevos lanzamientos de caracter\u00edsticas de productos, historias de \u00e9xito de clientes, seminarios web de capacitaci\u00f3n y centro de ayuda.","og_url":"https:\/\/www.quartix.com\/es-us\/mas-informacion\/novedades\/","og_site_name":"Quartix","article_publisher":"https:\/\/www.facebook.com\/Quartix-USA-374426386097401\/","article_modified_time":"2022-10-14T10:43:56+00:00","twitter_card":"summary_large_image","twitter_site":"@QuartixUSA","schema":{"@context":"https:\/\/schema.org","@graph":[{"@type":"WebPage","@id":"https:\/\/www.quartix.com\/es-us\/mas-informacion\/novedades\/","url":"https:\/\/www.quartix.com\/es-us\/mas-informacion\/novedades\/","name":"Novedades","isPartOf":{"@id":"https:\/\/www.quartix.com\/es-us\/#website"},"datePublished":"2019-05-22T05:13:46+00:00","dateModified":"2022-10-14T10:43:56+00:00","description":"Vea lo que es nuevo en Quartix, incluyendo nuevos lanzamientos de caracter\u00edsticas de productos, historias de \u00e9xito de clientes, seminarios web de capacitaci\u00f3n y centro de ayuda.","breadcrumb":{"@id":"https:\/\/www.quartix.com\/es-us\/mas-informacion\/novedades\/#breadcrumb"},"inLanguage":"es-US","potentialAction":[{"@type":"ReadAction","target":["https:\/\/www.quartix.com\/es-us\/mas-informacion\/novedades\/"]}]},{"@type":"BreadcrumbList","@id":"https:\/\/www.quartix.com\/es-us\/mas-informacion\/novedades\/#breadcrumb","itemListElement":[{"@type":"ListItem","position":1,"name":"Inicio","item":"https:\/\/www.quartix.com\/es-us\/quartix-real-time-vehicle-tracking-2\/"},{"@type":"ListItem","position":2,"name":"Informaci\u00f3n","item":"https:\/\/www.quartix.com\/es-us\/mas-informacion\/"},{"@type":"ListItem","position":3,"name":"Novedades"}]},{"@type":"WebSite","@id":"https:\/\/www.quartix.com\/es-us\/#website","url":"https:\/\/www.quartix.com\/es-us\/","name":"Quartix","description":"Real-time vehicle tracking","publisher":{"@id":"https:\/\/www.quartix.com\/es-us\/#organization"},"potentialAction":[{"@type":"SearchAction","target":{"@type":"EntryPoint","urlTemplate":"https:\/\/www.quartix.com\/es-us\/?s={search_term_string}"},"query-input":{"@type":"PropertyValueSpecification","valueRequired":true,"valueName":"search_term_string"}}],"inLanguage":"es-US"},{"@type":"Organization","@id":"https:\/\/www.quartix.com\/es-us\/#organization","name":"Quartix","url":"https:\/\/www.quartix.com\/es-us\/","logo":{"@type":"ImageObject","inLanguage":"es-US","@id":"https:\/\/www.quartix.com\/es-us\/#\/schema\/logo\/image\/","url":"https:\/\/www.quartix.com\/content\/uploads\/2019\/02\/quartix-logo-eur.svg","contentUrl":"https:\/\/www.quartix.com\/content\/uploads\/2019\/02\/quartix-logo-eur.svg","width":1,"height":1,"caption":"Quartix"},"image":{"@id":"https:\/\/www.quartix.com\/es-us\/#\/schema\/logo\/image\/"},"sameAs":["https:\/\/www.facebook.com\/Quartix-USA-374426386097401\/","https:\/\/x.com\/QuartixUSA","https:\/\/www.linkedin.com\/company\/5346733\/","https:\/\/www.youtube.com\/channel\/UCzS-_GMfHF4kWiCheyIRrAQ"]}]}},"_links":{"self":[{"href":"https:\/\/www.quartix.com\/es-us\/wp-json\/wp\/v2\/pages\/22739","targetHints":{"allow":["GET"]}}],"collection":[{"href":"https:\/\/www.quartix.com\/es-us\/wp-json\/wp\/v2\/pages"}],"about":[{"href":"https:\/\/www.quartix.com\/es-us\/wp-json\/wp\/v2\/types\/page"}],"author":[{"embeddable":true,"href":"https:\/\/www.quartix.com\/es-us\/wp-json\/wp\/v2\/users\/12"}],"replies":[{"embeddable":true,"href":"https:\/\/www.quartix.com\/es-us\/wp-json\/wp\/v2\/comments?post=22739"}],"version-history":[{"count":0,"href":"https:\/\/www.quartix.com\/es-us\/wp-json\/wp\/v2\/pages\/22739\/revisions"}],"up":[{"embeddable":true,"href":"https:\/\/www.quartix.com\/es-us\/wp-json\/wp\/v2\/pages\/23029"}],"wp:attachment":[{"href":"https:\/\/www.quartix.com\/es-us\/wp-json\/wp\/v2\/media?parent=22739"}],"wp:term":[{"taxonomy":"topic","embeddable":true,"href":"https:\/\/www.quartix.com\/es-us\/wp-json\/wp\/v2\/topic?post=22739"},{"taxonomy":"qtx_campaign","embeddable":true,"href":"https:\/\/www.quartix.com\/es-us\/wp-json\/wp\/v2\/qtx_campaign?post=22739"}],"curies":[{"name":"wp","href":"https:\/\/api.w.org\/{rel}","templated":true}]}}