{"id":22741,"date":"2019-05-22T05:15:17","date_gmt":"2019-05-22T05:15:17","guid":{"rendered":" https:\/\/www.quartix.com\/estudios-de-caso\/"},"modified":"2022-04-26T14:53:43","modified_gmt":"2022-04-26T13:53:43","slug":"estudios-de-caso","status":"publish","type":"page","link":"https:\/\/www.quartix.com\/es-us\/mas-informacion\/estudios-de-caso\/","title":{"rendered":"Estudios de caso"},"content":{"rendered":"","protected":false},"excerpt":{"rendered":"","protected":false},"author":12,"featured_media":0,"parent":23029,"menu_order":20,"comment_status":"closed","ping_status":"closed","template":"templates\/case-study-page.php","meta":{"_acf_changed":false,"inline_featured_image":false,"footnotes":""},"topic":[],"qtx_campaign":[],"class_list":["post-22741","page","type-page","status-publish","hentry"],"acf":[],"yoast_head":"<!-- This site is optimized with the Yoast SEO Premium plugin v27.3 (Yoast SEO v27.3) - https:\/\/yoast.com\/product\/yoast-seo-premium-wordpress\/ -->\n<title>Estudios de caso y experiencias de clientes - US<\/title>\n<meta name=\"description\" content=\"Conozca las experiencias de nuestros clientes y use los casos de estudio para el seguimiento de veh\u00edculos por GPS. Descubra la manera en la que las compa\u00f1ias est\u00e1n ahorrando en combustible y mejorando la seguridad de sus conductores.\" \/>\n<meta name=\"robots\" content=\"index, follow, max-snippet:-1, max-image-preview:large, max-video-preview:-1\" \/>\n<link rel=\"canonical\" href=\"https:\/\/www.quartix.com\/es-us\/mas-informacion\/estudios-de-caso\/\" \/>\n<meta property=\"og:locale\" content=\"es_ES\" \/>\n<meta property=\"og:type\" content=\"article\" \/>\n<meta property=\"og:title\" content=\"Estudios de caso\" \/>\n<meta property=\"og:description\" content=\"Conozca las experiencias de nuestros clientes y use los casos de estudio para el seguimiento de veh\u00edculos por GPS. Descubra la manera en la que las compa\u00f1ias est\u00e1n ahorrando en combustible y mejorando la seguridad de sus conductores.\" \/>\n<meta property=\"og:url\" content=\"https:\/\/www.quartix.com\/es-us\/mas-informacion\/estudios-de-caso\/\" \/>\n<meta property=\"og:site_name\" content=\"Quartix\" \/>\n<meta property=\"article:publisher\" content=\"https:\/\/www.facebook.com\/Quartix-USA-374426386097401\/\" \/>\n<meta property=\"article:modified_time\" content=\"2022-04-26T13:53:43+00:00\" \/>\n<meta name=\"twitter:card\" content=\"summary_large_image\" \/>\n<meta name=\"twitter:site\" content=\"@QuartixUSA\" \/>\n<!-- \/ Yoast SEO Premium plugin. -->","yoast_head_json":{"title":"Estudios de caso y experiencias de clientes - US","description":"Conozca las experiencias de nuestros clientes y use los casos de estudio para el seguimiento de veh\u00edculos por GPS. Descubra la manera en la que las compa\u00f1ias est\u00e1n ahorrando en combustible y mejorando la seguridad de sus conductores.","robots":{"index":"index","follow":"follow","max-snippet":"max-snippet:-1","max-image-preview":"max-image-preview:large","max-video-preview":"max-video-preview:-1"},"canonical":"https:\/\/www.quartix.com\/es-us\/mas-informacion\/estudios-de-caso\/","og_locale":"es_ES","og_type":"article","og_title":"Estudios de caso","og_description":"Conozca las experiencias de nuestros clientes y use los casos de estudio para el seguimiento de veh\u00edculos por GPS. Descubra la manera en la que las compa\u00f1ias est\u00e1n ahorrando en combustible y mejorando la seguridad de sus conductores.","og_url":"https:\/\/www.quartix.com\/es-us\/mas-informacion\/estudios-de-caso\/","og_site_name":"Quartix","article_publisher":"https:\/\/www.facebook.com\/Quartix-USA-374426386097401\/","article_modified_time":"2022-04-26T13:53:43+00:00","twitter_card":"summary_large_image","twitter_site":"@QuartixUSA","schema":{"@context":"https:\/\/schema.org","@graph":[{"@type":"WebPage","@id":"https:\/\/www.quartix.com\/es-us\/mas-informacion\/estudios-de-caso\/","url":"https:\/\/www.quartix.com\/es-us\/mas-informacion\/estudios-de-caso\/","name":"Estudios de caso y experiencias de clientes","isPartOf":{"@id":"https:\/\/www.quartix.com\/es-us\/#website"},"datePublished":"2019-05-22T05:15:17+00:00","dateModified":"2022-04-26T13:53:43+00:00","description":"Conozca las experiencias de nuestros clientes y use los casos de estudio para el seguimiento de veh\u00edculos por GPS. Descubra la manera en la que las compa\u00f1ias est\u00e1n ahorrando en combustible y mejorando la seguridad de sus conductores.","breadcrumb":{"@id":"https:\/\/www.quartix.com\/es-us\/mas-informacion\/estudios-de-caso\/#breadcrumb"},"inLanguage":"es-US","potentialAction":[{"@type":"ReadAction","target":["https:\/\/www.quartix.com\/es-us\/mas-informacion\/estudios-de-caso\/"]}]},{"@type":"BreadcrumbList","@id":"https:\/\/www.quartix.com\/es-us\/mas-informacion\/estudios-de-caso\/#breadcrumb","itemListElement":[{"@type":"ListItem","position":1,"name":"Inicio","item":"https:\/\/www.quartix.com\/es-us\/quartix-real-time-vehicle-tracking-2\/"},{"@type":"ListItem","position":2,"name":"Informaci\u00f3n","item":"https:\/\/www.quartix.com\/es-us\/mas-informacion\/"},{"@type":"ListItem","position":3,"name":"Estudios de caso"}]},{"@type":"WebSite","@id":"https:\/\/www.quartix.com\/es-us\/#website","url":"https:\/\/www.quartix.com\/es-us\/","name":"Quartix","description":"Real-time vehicle tracking","publisher":{"@id":"https:\/\/www.quartix.com\/es-us\/#organization"},"potentialAction":[{"@type":"SearchAction","target":{"@type":"EntryPoint","urlTemplate":"https:\/\/www.quartix.com\/es-us\/?s={search_term_string}"},"query-input":{"@type":"PropertyValueSpecification","valueRequired":true,"valueName":"search_term_string"}}],"inLanguage":"es-US"},{"@type":"Organization","@id":"https:\/\/www.quartix.com\/es-us\/#organization","name":"Quartix","url":"https:\/\/www.quartix.com\/es-us\/","logo":{"@type":"ImageObject","inLanguage":"es-US","@id":"https:\/\/www.quartix.com\/es-us\/#\/schema\/logo\/image\/","url":"https:\/\/www.quartix.com\/content\/uploads\/2019\/02\/quartix-logo-eur.svg","contentUrl":"https:\/\/www.quartix.com\/content\/uploads\/2019\/02\/quartix-logo-eur.svg","width":1,"height":1,"caption":"Quartix"},"image":{"@id":"https:\/\/www.quartix.com\/es-us\/#\/schema\/logo\/image\/"},"sameAs":["https:\/\/www.facebook.com\/Quartix-USA-374426386097401\/","https:\/\/x.com\/QuartixUSA","https:\/\/www.linkedin.com\/company\/5346733\/","https:\/\/www.youtube.com\/channel\/UCzS-_GMfHF4kWiCheyIRrAQ"]}]}},"_links":{"self":[{"href":"https:\/\/www.quartix.com\/es-us\/wp-json\/wp\/v2\/pages\/22741","targetHints":{"allow":["GET"]}}],"collection":[{"href":"https:\/\/www.quartix.com\/es-us\/wp-json\/wp\/v2\/pages"}],"about":[{"href":"https:\/\/www.quartix.com\/es-us\/wp-json\/wp\/v2\/types\/page"}],"author":[{"embeddable":true,"href":"https:\/\/www.quartix.com\/es-us\/wp-json\/wp\/v2\/users\/12"}],"replies":[{"embeddable":true,"href":"https:\/\/www.quartix.com\/es-us\/wp-json\/wp\/v2\/comments?post=22741"}],"version-history":[{"count":0,"href":"https:\/\/www.quartix.com\/es-us\/wp-json\/wp\/v2\/pages\/22741\/revisions"}],"up":[{"embeddable":true,"href":"https:\/\/www.quartix.com\/es-us\/wp-json\/wp\/v2\/pages\/23029"}],"wp:attachment":[{"href":"https:\/\/www.quartix.com\/es-us\/wp-json\/wp\/v2\/media?parent=22741"}],"wp:term":[{"taxonomy":"topic","embeddable":true,"href":"https:\/\/www.quartix.com\/es-us\/wp-json\/wp\/v2\/topic?post=22741"},{"taxonomy":"qtx_campaign","embeddable":true,"href":"https:\/\/www.quartix.com\/es-us\/wp-json\/wp\/v2\/qtx_campaign?post=22741"}],"curies":[{"name":"wp","href":"https:\/\/api.w.org\/{rel}","templated":true}]}}