{"id":22743,"date":"2019-05-22T05:43:24","date_gmt":"2019-05-22T05:43:24","guid":{"rendered":" https:\/\/www.quartix.com\/guias\/"},"modified":"2022-10-14T12:10:00","modified_gmt":"2022-10-14T11:10:00","slug":"guias","status":"publish","type":"page","link":"https:\/\/www.quartix.com\/es-us\/mas-informacion\/guias\/","title":{"rendered":"Gu\u00edas"},"content":{"rendered":"\r\n\r\n<section  class=\"qtx-pagebuilder-section qtx-pagebuilder-section-guidelisting \">\r\n        <div class=\"listingouter\">\r\n            <div class=\"listingwrapper\">\r\n                <div class=\"listing\">\r\n                        <div class=\"listingtitle\"><h4>paisajismo<\/h4><h3>Rastreo de Veh\u00edculos para Paisajistas<\/h3><\/div>                        <div class=\"listingcontent\"><p>En esta gu\u00eda pude conocer los beneficios del Rastreo de Veh\u00edculos para empresas de Paisajismo.<\/p>\n<\/div>                        <a class='btn btn-green' href='\/es-us\/guia-de-rastreo-de-vehiculos-para-paisajistas\/' title='Descargar Gu\u00eda' target=''>Descargar Gu\u00eda <i aria-hidden='true' class='fas fa-arrow-circle-right'><\/i><\/a>                <\/div>\r\n                <div class=\"image\">\r\n                                                <img loading=\"lazy\" decoding=\"async\" width=\"500\" height=\"334\" src=\"https:\/\/www.quartix.com\/content\/uploads\/2021\/05\/FR-Landscaping.jpg\" class=\"\" alt=\"\" srcset=\"https:\/\/www.quartix.com\/content\/uploads\/2021\/05\/FR-Landscaping.jpg 500w, https:\/\/www.quartix.com\/content\/uploads\/2021\/05\/FR-Landscaping-300x200.jpg 300w\" sizes=\"auto, (max-width: 500px) 100vw, 500px\" \/>  \r\n                                    <\/div>\r\n            <\/div>\r\n        <\/div>\r\n            <div class=\"listingouter\">\r\n            <div class=\"listingwrapper\">\r\n                <div class=\"listing\">\r\n                        <div class=\"listingtitle\"><h4>Construcci\u00f3n<\/h4><h3>Rastreo de Veh\u00edculos para Construcci\u00f3n<\/h3><\/div>                        <div class=\"listingcontent\"><p>En esta gu\u00eda pude conocer los beneficios del Rastreo de Veh\u00edculos para la Industria de la Construcci\u00f3n.<\/p>\n<\/div>                        <a class='btn btn-green' href='\/es-us\/rastreo-de-vehiculos-para-empresas-de-construccion\/' title='Descargar Gu\u00eda' target=''>Descargar Gu\u00eda <i aria-hidden='true' class='fas fa-arrow-circle-right'><\/i><\/a>                <\/div>\r\n                <div class=\"image\">\r\n                                                <img loading=\"lazy\" decoding=\"async\" width=\"640\" height=\"428\" src=\"https:\/\/www.quartix.com\/content\/uploads\/2020\/05\/Construction-Guide-Tracking.png\" class=\"\" alt=\"\" srcset=\"https:\/\/www.quartix.com\/content\/uploads\/2020\/05\/Construction-Guide-Tracking.png 700w, https:\/\/www.quartix.com\/content\/uploads\/2020\/05\/Construction-Guide-Tracking-300x201.png 300w\" sizes=\"auto, (max-width: 640px) 100vw, 640px\" \/>  \r\n                                    <\/div>\r\n            <\/div>\r\n        <\/div>\r\n            <div class=\"listingouter\">\r\n            <div class=\"listingwrapper\">\r\n                <div class=\"listing\">\r\n                        <div class=\"listingtitle\"><h4>beneficios para conductores<\/h4><h3>Los Beneficios del Rastreo de Veh\u00edculos para Conductores<\/h3><\/div>                        <div class=\"listingcontent\"><p>Aqu\u00ed hay cuatro formas en las que el rastreo de veh\u00edculo puede ayudar a los conductores a mejorar sus habilidades, protegerlos de acusaciones falsas y mantenerlos seguros en las carreteras.<\/p>\n<\/div>                        <a class='btn btn-green' href='\/es-us\/guia-los-beneficios-del-rastreo-de-vehiculos-para-los-conductores\/' title='Descargar Gu\u00eda' target=''>Descargar Gu\u00eda <i aria-hidden='true' class='fas fa-arrow-circle-right'><\/i><\/a>                <\/div>\r\n                <div class=\"image\">\r\n                                                <img loading=\"lazy\" decoding=\"async\" width=\"640\" height=\"903\" src=\"https:\/\/www.quartix.com\/content\/uploads\/2019\/02\/The-benefits-of-vehicle-tracking-for-drivers-image.jpg\" class=\"\" alt=\"\" srcset=\"https:\/\/www.quartix.com\/content\/uploads\/2019\/02\/The-benefits-of-vehicle-tracking-for-drivers-image.jpg 656w, https:\/\/www.quartix.com\/content\/uploads\/2019\/02\/The-benefits-of-vehicle-tracking-for-drivers-image-213x300.jpg 213w\" sizes=\"auto, (max-width: 640px) 100vw, 640px\" \/>  \r\n                                    <\/div>\r\n            <\/div>\r\n        <\/div>\r\n            <div class=\"listingouter\">\r\n            <div class=\"listingwrapper\">\r\n                <div class=\"listing\">\r\n                        <div class=\"listingtitle\"><h4>Gu\u00eda del Consumidor<\/h4><h3>Gu\u00eda del Consumidor para el Rastreo de Veh\u00edculos<\/h3><\/div>                        <div class=\"listingcontent\"><p>En esta gu\u00eda encontrar\u00e1:<\/p>\n<ul>\n<li>\u00bfQu\u00e9 reportes necesitar\u00e9 para mejorar la productividad y costos de operaci\u00f3n?<\/li>\n<li>\u00bfQu\u00e9 reportes pueden identificar las acciones necesarias para disminuir los costos de gasolina?<\/li>\n<li>\u00bfQu\u00e9 otra informaci\u00f3n de flota puede ayudar a reducir los costosos gastos de funcionamiento?<\/li>\n<li>\u00bfC\u00f3mo un sistema de rastreo GPS apoyar\u00e1 a mis conductores y mejorar\u00e1 su seguridad?<\/li>\n<\/ul>\n<\/div>                        <a class='btn btn-green' href='https:\/\/go.pardot.com\/l\/375002\/2020-04-01\/6fcfsq\/375002\/400623\/QTX_USHIS_Buyers_Guide.pdf' title='Descargar Gu\u00eda' target=''>Descargar Gu\u00eda <i aria-hidden='true' class='fas fa-arrow-circle-right'><\/i><\/a>                <\/div>\r\n                <div class=\"image\">\r\n                                                <img loading=\"lazy\" decoding=\"async\" width=\"523\" height=\"746\" src=\"https:\/\/www.quartix.com\/content\/uploads\/2018\/12\/US-Buyers-Guide-Cover.jpg\" class=\"\" alt=\"\" srcset=\"https:\/\/www.quartix.com\/content\/uploads\/2018\/12\/US-Buyers-Guide-Cover.jpg 523w, https:\/\/www.quartix.com\/content\/uploads\/2018\/12\/US-Buyers-Guide-Cover-210x300.jpg 210w\" sizes=\"auto, (max-width: 523px) 100vw, 523px\" \/>  \r\n                                    <\/div>\r\n            <\/div>\r\n        <\/div>\r\n            <div class=\"listingouter\">\r\n            <div class=\"listingwrapper\">\r\n                <div class=\"listing\">\r\n                        <div class=\"listingtitle\"><h4>Gu\u00eda de Eco-driving<\/h4><h3>\u00bfQu\u00e9 es eco-driving? y \u00bfC\u00f3mo puede ayudar a su negocio?<\/h3><\/div>                        <div class=\"listingcontent\"><p>Es esta gu\u00eda, revisaremos los beneficios de eco-driving y estableceremos buenas pr\u00e1cticas que lo ayudar\u00e1n a manejar de forma m\u00e1s eficiente, segura y econ\u00f3mica.<\/p>\n<\/div>                        <a class='btn btn-green' href='https:\/\/go.pardot.com\/l\/375002\/2020-04-01\/6fcft6\/375002\/400625\/QTX_USHIS_Eco_Driving_Guide.pdf' title='Descargar Gu\u00eda' target=''>Descargar Gu\u00eda <i aria-hidden='true' class='fas fa-arrow-circle-right'><\/i><\/a>                <\/div>\r\n                <div class=\"image\">\r\n                                                <img loading=\"lazy\" decoding=\"async\" width=\"640\" height=\"907\" src=\"https:\/\/www.quartix.com\/content\/uploads\/2019\/05\/Eco-driving-image.jpg\" class=\"\" alt=\"\" srcset=\"https:\/\/www.quartix.com\/content\/uploads\/2019\/05\/Eco-driving-image.jpg 641w, https:\/\/www.quartix.com\/content\/uploads\/2019\/05\/Eco-driving-image-212x300.jpg 212w\" sizes=\"auto, (max-width: 640px) 100vw, 640px\" \/>  \r\n                                    <\/div>\r\n            <\/div>\r\n        <\/div>\r\n            <div class=\"listingouter\">\r\n            <div class=\"listingwrapper\">\r\n                <div class=\"listing\">\r\n                        <div class=\"listingtitle\"><h4>GU\u00cdA DE MODELO DE NEGOCIO<\/h4><h3>Construyendo el Modelo de Negocio para el Sistema de Rastreo de Veh\u00edculos<\/h3><\/div>                        <div class=\"listingcontent\"><p>Esta gu\u00eda lo ayudar\u00e1 a evaluar cu\u00e1nto beneficio obtendr\u00e1 su empresa con cualquier soluci\u00f3n de rastreo de veh\u00edculo que est\u00e9 considerando. Puede utilizarlo para formar un modelo de negocio s\u00f3lido para el cambio, con ahorros tangibles calculados con la informaci\u00f3n de su propia flota.<\/p>\n<\/div>                        <a class='btn btn-green' href='\/building-a-case-for-tracking-guide\/' title='Descargar Gu\u00eda' target=''>Descargar Gu\u00eda <i aria-hidden='true' class='fas fa-arrow-circle-right'><\/i><\/a>                <\/div>\r\n                <div class=\"image\">\r\n                                                <img loading=\"lazy\" decoding=\"async\" width=\"640\" height=\"573\" src=\"https:\/\/www.quartix.com\/content\/uploads\/2019\/06\/building-the-business-case-US-img-1000x895.png\" class=\"\" alt=\"building the business case US img\" srcset=\"https:\/\/www.quartix.com\/content\/uploads\/2019\/06\/building-the-business-case-US-img-1000x895.png 1000w, https:\/\/www.quartix.com\/content\/uploads\/2019\/06\/building-the-business-case-US-img-300x269.png 300w, https:\/\/www.quartix.com\/content\/uploads\/2019\/06\/building-the-business-case-US-img-768x687.png 768w, https:\/\/www.quartix.com\/content\/uploads\/2019\/06\/building-the-business-case-US-img.png 1307w\" sizes=\"auto, (max-width: 640px) 100vw, 640px\" \/>  \r\n                                    <\/div>\r\n            <\/div>\r\n        <\/div>\r\n            <div class=\"listingouter\">\r\n            <div class=\"listingwrapper\">\r\n                <div class=\"listing\">\r\n                        <div class=\"listingtitle\"><h4>Comercios<\/h4><h3>Rastreo de Veh\u00edculos para Comercios<\/h3><\/div>                        <div class=\"listingcontent\"><p>En esta gu\u00eda pude conocer los beneficios del Rastreo de Veh\u00edculos para negocios de comercio, plomer\u00eda, electricistas, techos, revestimientos y otros servicios especializados.<\/p>\n<\/div>                        <a class='btn btn-green' href='\/es-us\/guia-de-rastreo-de-vehiculos-para-comercios\/' title='Descargar Gu\u00eda' target=''>Descargar Gu\u00eda <i aria-hidden='true' class='fas fa-arrow-circle-right'><\/i><\/a>                <\/div>\r\n                <div class=\"image\">\r\n                                                <img loading=\"lazy\" decoding=\"async\" width=\"640\" height=\"427\" src=\"https:\/\/www.quartix.com\/content\/uploads\/2019\/01\/Trades-Guide-Image-1000x667.jpeg\" class=\"\" alt=\"\" srcset=\"https:\/\/www.quartix.com\/content\/uploads\/2019\/01\/Trades-Guide-Image-1000x667.jpeg 1000w, https:\/\/www.quartix.com\/content\/uploads\/2019\/01\/Trades-Guide-Image-300x200.jpeg 300w, https:\/\/www.quartix.com\/content\/uploads\/2019\/01\/Trades-Guide-Image-768x512.jpeg 768w, https:\/\/www.quartix.com\/content\/uploads\/2019\/01\/Trades-Guide-Image.jpeg 2048w\" sizes=\"auto, (max-width: 640px) 100vw, 640px\" \/>  \r\n                                    <\/div>\r\n            <\/div>\r\n        <\/div>\r\n    <\/section>\r\n    ","protected":false},"excerpt":{"rendered":"","protected":false},"author":12,"featured_media":0,"parent":23029,"menu_order":40,"comment_status":"closed","ping_status":"closed","template":"","meta":{"_acf_changed":false,"inline_featured_image":false,"footnotes":""},"topic":[],"qtx_campaign":[],"class_list":["post-22743","page","type-page","status-publish","hentry"],"acf":[],"yoast_head":"<!-- This site is optimized with the Yoast SEO Premium plugin v27.3 (Yoast SEO v27.3) - https:\/\/yoast.com\/product\/yoast-seo-premium-wordpress\/ -->\n<title>Gu\u00edas de Rastreo de Veh\u00edculo - US<\/title>\n<meta name=\"description\" content=\"Quartix ha creado una serie de gu\u00edas para gerentes de comercio, construcci\u00f3n y flotas. Descargue las gu\u00edas gratis.\" \/>\n<meta name=\"robots\" content=\"index, follow, max-snippet:-1, max-image-preview:large, max-video-preview:-1\" \/>\n<link rel=\"canonical\" href=\"https:\/\/www.quartix.com\/es-us\/mas-informacion\/guias\/\" \/>\n<meta property=\"og:locale\" content=\"es_ES\" \/>\n<meta property=\"og:type\" content=\"article\" \/>\n<meta property=\"og:title\" content=\"Gu\u00edas\" \/>\n<meta property=\"og:description\" content=\"Quartix ha creado una serie de gu\u00edas para gerentes de comercio, construcci\u00f3n y flotas. Descargue las gu\u00edas gratis.\" \/>\n<meta property=\"og:url\" content=\"https:\/\/www.quartix.com\/es-us\/mas-informacion\/guias\/\" \/>\n<meta property=\"og:site_name\" content=\"Quartix\" \/>\n<meta property=\"article:publisher\" content=\"https:\/\/www.facebook.com\/Quartix-USA-374426386097401\/\" \/>\n<meta property=\"article:modified_time\" content=\"2022-10-14T11:10:00+00:00\" \/>\n<meta name=\"twitter:card\" content=\"summary_large_image\" \/>\n<meta name=\"twitter:site\" content=\"@QuartixUSA\" \/>\n<!-- \/ Yoast SEO Premium plugin. -->","yoast_head_json":{"title":"Gu\u00edas de Rastreo de Veh\u00edculo - US","description":"Quartix ha creado una serie de gu\u00edas para gerentes de comercio, construcci\u00f3n y flotas. Descargue las gu\u00edas gratis.","robots":{"index":"index","follow":"follow","max-snippet":"max-snippet:-1","max-image-preview":"max-image-preview:large","max-video-preview":"max-video-preview:-1"},"canonical":"https:\/\/www.quartix.com\/es-us\/mas-informacion\/guias\/","og_locale":"es_ES","og_type":"article","og_title":"Gu\u00edas","og_description":"Quartix ha creado una serie de gu\u00edas para gerentes de comercio, construcci\u00f3n y flotas. Descargue las gu\u00edas gratis.","og_url":"https:\/\/www.quartix.com\/es-us\/mas-informacion\/guias\/","og_site_name":"Quartix","article_publisher":"https:\/\/www.facebook.com\/Quartix-USA-374426386097401\/","article_modified_time":"2022-10-14T11:10:00+00:00","twitter_card":"summary_large_image","twitter_site":"@QuartixUSA","schema":{"@context":"https:\/\/schema.org","@graph":[{"@type":"WebPage","@id":"https:\/\/www.quartix.com\/es-us\/mas-informacion\/guias\/","url":"https:\/\/www.quartix.com\/es-us\/mas-informacion\/guias\/","name":"Gu\u00edas de Rastreo de Veh\u00edculo","isPartOf":{"@id":"https:\/\/www.quartix.com\/es-us\/#website"},"datePublished":"2019-05-22T05:43:24+00:00","dateModified":"2022-10-14T11:10:00+00:00","description":"Quartix ha creado una serie de gu\u00edas para gerentes de comercio, construcci\u00f3n y flotas. Descargue las gu\u00edas gratis.","breadcrumb":{"@id":"https:\/\/www.quartix.com\/es-us\/mas-informacion\/guias\/#breadcrumb"},"inLanguage":"es-US","potentialAction":[{"@type":"ReadAction","target":["https:\/\/www.quartix.com\/es-us\/mas-informacion\/guias\/"]}]},{"@type":"BreadcrumbList","@id":"https:\/\/www.quartix.com\/es-us\/mas-informacion\/guias\/#breadcrumb","itemListElement":[{"@type":"ListItem","position":1,"name":"Inicio","item":"https:\/\/www.quartix.com\/es-us\/quartix-real-time-vehicle-tracking-2\/"},{"@type":"ListItem","position":2,"name":"Informaci\u00f3n","item":"https:\/\/www.quartix.com\/es-us\/mas-informacion\/"},{"@type":"ListItem","position":3,"name":"Gu\u00edas"}]},{"@type":"WebSite","@id":"https:\/\/www.quartix.com\/es-us\/#website","url":"https:\/\/www.quartix.com\/es-us\/","name":"Quartix","description":"Real-time vehicle tracking","publisher":{"@id":"https:\/\/www.quartix.com\/es-us\/#organization"},"potentialAction":[{"@type":"SearchAction","target":{"@type":"EntryPoint","urlTemplate":"https:\/\/www.quartix.com\/es-us\/?s={search_term_string}"},"query-input":{"@type":"PropertyValueSpecification","valueRequired":true,"valueName":"search_term_string"}}],"inLanguage":"es-US"},{"@type":"Organization","@id":"https:\/\/www.quartix.com\/es-us\/#organization","name":"Quartix","url":"https:\/\/www.quartix.com\/es-us\/","logo":{"@type":"ImageObject","inLanguage":"es-US","@id":"https:\/\/www.quartix.com\/es-us\/#\/schema\/logo\/image\/","url":"https:\/\/www.quartix.com\/content\/uploads\/2019\/02\/quartix-logo-eur.svg","contentUrl":"https:\/\/www.quartix.com\/content\/uploads\/2019\/02\/quartix-logo-eur.svg","width":1,"height":1,"caption":"Quartix"},"image":{"@id":"https:\/\/www.quartix.com\/es-us\/#\/schema\/logo\/image\/"},"sameAs":["https:\/\/www.facebook.com\/Quartix-USA-374426386097401\/","https:\/\/x.com\/QuartixUSA","https:\/\/www.linkedin.com\/company\/5346733\/","https:\/\/www.youtube.com\/channel\/UCzS-_GMfHF4kWiCheyIRrAQ"]}]}},"_links":{"self":[{"href":"https:\/\/www.quartix.com\/es-us\/wp-json\/wp\/v2\/pages\/22743","targetHints":{"allow":["GET"]}}],"collection":[{"href":"https:\/\/www.quartix.com\/es-us\/wp-json\/wp\/v2\/pages"}],"about":[{"href":"https:\/\/www.quartix.com\/es-us\/wp-json\/wp\/v2\/types\/page"}],"author":[{"embeddable":true,"href":"https:\/\/www.quartix.com\/es-us\/wp-json\/wp\/v2\/users\/12"}],"replies":[{"embeddable":true,"href":"https:\/\/www.quartix.com\/es-us\/wp-json\/wp\/v2\/comments?post=22743"}],"version-history":[{"count":0,"href":"https:\/\/www.quartix.com\/es-us\/wp-json\/wp\/v2\/pages\/22743\/revisions"}],"up":[{"embeddable":true,"href":"https:\/\/www.quartix.com\/es-us\/wp-json\/wp\/v2\/pages\/23029"}],"wp:attachment":[{"href":"https:\/\/www.quartix.com\/es-us\/wp-json\/wp\/v2\/media?parent=22743"}],"wp:term":[{"taxonomy":"topic","embeddable":true,"href":"https:\/\/www.quartix.com\/es-us\/wp-json\/wp\/v2\/topic?post=22743"},{"taxonomy":"qtx_campaign","embeddable":true,"href":"https:\/\/www.quartix.com\/es-us\/wp-json\/wp\/v2\/qtx_campaign?post=22743"}],"curies":[{"name":"wp","href":"https:\/\/api.w.org\/{rel}","templated":true}]}}