{"id":22817,"date":"2019-05-22T22:15:27","date_gmt":"2019-05-22T22:15:27","guid":{"rendered":" https:\/\/www.quartix.com\/webinars\/"},"modified":"2022-04-26T14:19:07","modified_gmt":"2022-04-26T13:19:07","slug":"webinars","status":"publish","type":"page","link":"https:\/\/www.quartix.com\/es-us\/mas-informacion\/webinars\/","title":{"rendered":"Webinars"},"content":{"rendered":"\n<div class=\"wp-block-columns is-layout-flex wp-container-core-columns-is-layout-28f84493 wp-block-columns-is-layout-flex\">\n<div class=\"wp-block-column is-layout-flow wp-block-column-is-layout-flow\">\n<figure class=\"wp-block-embed aligncenter is-type-video is-provider-youtube wp-block-embed-youtube wp-embed-aspect-16-9 wp-has-aspect-ratio\"><div class=\"wp-block-embed__wrapper\">\n<iframe loading=\"lazy\" title=\"Quartix Webinar #3 Dashboards\" width=\"640\" height=\"360\" src=\"https:\/\/www.youtube.com\/embed\/pMy6sz9QAvY?feature=oembed\" frameborder=\"0\" allow=\"accelerometer; autoplay; clipboard-write; encrypted-media; gyroscope; picture-in-picture; web-share\" referrerpolicy=\"strict-origin-when-cross-origin\" allowfullscreen><\/iframe>\n<\/div><\/figure>\n<\/div>\n\n\n\n<div class=\"wp-block-column is-layout-flow wp-block-column-is-layout-flow\">\n<h2 class=\"wp-block-heading\">Webinars de Tableros<\/h2>\n\n\n\n<p>En este webinar para clientes, Ashley Bates, nuestra Experta en Rastreo de Veh\u00edculos, comparte aplicaciones de la vida real, consejos y atajos de c\u00f3mo usar nuestros Tableros. Este webinar cubre:<\/p>\n\n\n\n<ul class=\"wp-block-list\"><li>Perfil de uso<\/li><li>N\u00famero de citas<\/li><li>Gr\u00e1fica circular de uso<\/li><li>Veh\u00edculos fuera de sitio<\/li><li>Estado en tiempo real<\/li><\/ul>\n<\/div>\n<\/div>\n\n\n\n<div class=\"wp-block-columns is-layout-flex wp-container-core-columns-is-layout-28f84493 wp-block-columns-is-layout-flex\">\n<div class=\"wp-block-column is-layout-flow wp-block-column-is-layout-flow\">\n<h2 class=\"wp-block-heading\">Webinar de Reportes de Estilos de Manejo<\/h2>\n\n\n\n<p>En este webinar para clientes, Ashley Bates, nuestra Experta en Rastreo de Veh\u00edculos, comparte aplicaciones de la vida real, consejos y atajos de c\u00f3mo usar nuestros Reportes de Estilo de Manejo. Este webinar cubre:<\/p>\n\n\n\n<ul class=\"wp-block-list\"><li>Tabla de liga de estilo de manejo<\/li><li>Sesi\u00f3n informativa diaria del conductor<\/li><li>Reporte mensual de velocidad<\/li><li>Reporte de tendencias de estilo de manejo<\/li><\/ul>\n<\/div>\n\n\n\n<div class=\"wp-block-column is-layout-flow wp-block-column-is-layout-flow\">\n<figure class=\"wp-block-embed aligncenter is-type-video is-provider-youtube wp-block-embed-youtube wp-embed-aspect-16-9 wp-has-aspect-ratio\"><div class=\"wp-block-embed__wrapper\">\n<iframe loading=\"lazy\" title=\"Quartix Webinar #2   Driving Style Reports\" width=\"640\" height=\"360\" src=\"https:\/\/www.youtube.com\/embed\/bOFN7N4gwEo?feature=oembed\" frameborder=\"0\" allow=\"accelerometer; autoplay; clipboard-write; encrypted-media; gyroscope; picture-in-picture; web-share\" referrerpolicy=\"strict-origin-when-cross-origin\" allowfullscreen><\/iframe>\n<\/div><\/figure>\n<\/div>\n<\/div>\n\n\n\n<div class=\"wp-block-columns is-layout-flex wp-container-core-columns-is-layout-28f84493 wp-block-columns-is-layout-flex\">\n<div class=\"wp-block-column is-layout-flow wp-block-column-is-layout-flow\">\n<figure class=\"wp-block-embed is-type-video is-provider-youtube wp-block-embed-youtube wp-embed-aspect-16-9 wp-has-aspect-ratio\"><div class=\"wp-block-embed__wrapper\">\n<iframe loading=\"lazy\" title=\"Quartix Webinar #1 - Timesheets\" width=\"640\" height=\"360\" src=\"https:\/\/www.youtube.com\/embed\/hOoDcA8sJcY?feature=oembed\" frameborder=\"0\" allow=\"accelerometer; autoplay; clipboard-write; encrypted-media; gyroscope; picture-in-picture; web-share\" referrerpolicy=\"strict-origin-when-cross-origin\" allowfullscreen><\/iframe>\n<\/div><\/figure>\n<\/div>\n\n\n\n<div class=\"wp-block-column is-layout-flow wp-block-column-is-layout-flow\">\n<h2 class=\"wp-block-heading\">Webinar de horas de control de horario<\/h2>\n\n\n\n<p>En este webinar para clientes, Ashley Bates, nuestra Experta en Rastreo de Veh\u00edculos, comparte aplicaciones de la vida real, consejos y atajos de c\u00f3mo usar nuestros Reportes de horas de control de horario. Este webinar cubre:<\/p>\n\n\n\n<ul class=\"wp-block-list\"><li>Caracter\u00edsticas&nbsp;y sinopsis de las hojas de control de horario<\/li><li>Registro diario de veh\u00edculos<\/li><li>Reporte de viaje<\/li><li>Reporte de tiempo en el sitio<\/li><\/ul>\n<\/div>\n<\/div>\n","protected":false},"excerpt":{"rendered":"<p>Webinars de Tableros En este webinar para clientes, Ashley Bates, nuestra Experta en Rastreo de Veh\u00edculos, comparte aplicaciones de la vida real, consejos y atajos de c\u00f3mo usar nuestros Tableros. Este webinar cubre: Perfil de uso N\u00famero de citas Gr\u00e1fica circular de uso Veh\u00edculos fuera de sitio Estado en tiempo real Webinar de Reportes de [&hellip;]<\/p>\n","protected":false},"author":12,"featured_media":118089,"parent":23029,"menu_order":30,"comment_status":"closed","ping_status":"closed","template":"","meta":{"_acf_changed":false,"inline_featured_image":false,"footnotes":""},"topic":[],"qtx_campaign":[],"class_list":["post-22817","page","type-page","status-publish","has-post-thumbnail","hentry"],"acf":[],"yoast_head":"<!-- This site is optimized with the Yoast SEO Premium plugin v27.2 (Yoast SEO v27.2) - https:\/\/yoast.com\/product\/yoast-seo-premium-wordpress\/ -->\n<title>Webinars de clientes de Quartix - US<\/title>\n<meta name=\"description\" content=\"Mire los webinars para clientes de Quartix sobre c\u00f3mo usar las hojas de horarios, el registro diario de los veh\u00edculos, el mapa de ruta diaria, el comportamiento del conductor, informes sobre los \u00faltimos estilos de manejo y mucho m\u00e1s.\" \/>\n<meta name=\"robots\" content=\"index, follow, max-snippet:-1, max-image-preview:large, max-video-preview:-1\" \/>\n<link rel=\"canonical\" href=\"https:\/\/www.quartix.com\/es-us\/mas-informacion\/webinars\/\" \/>\n<meta property=\"og:locale\" content=\"es_ES\" \/>\n<meta property=\"og:type\" content=\"article\" \/>\n<meta property=\"og:title\" content=\"Webinars\" \/>\n<meta property=\"og:description\" content=\"Mire los webinars para clientes de Quartix sobre c\u00f3mo usar las hojas de horarios, el registro diario de los veh\u00edculos, el mapa de ruta diaria, el comportamiento del conductor, informes sobre los \u00faltimos estilos de manejo y mucho m\u00e1s.\" \/>\n<meta property=\"og:url\" content=\"https:\/\/www.quartix.com\/es-us\/mas-informacion\/webinars\/\" \/>\n<meta property=\"og:site_name\" content=\"Quartix\" \/>\n<meta property=\"article:publisher\" content=\"https:\/\/www.facebook.com\/Quartix-USA-374426386097401\/\" \/>\n<meta property=\"article:modified_time\" content=\"2022-04-26T13:19:07+00:00\" \/>\n<meta property=\"og:image\" content=\"https:\/\/www.quartix.com\/content\/uploads\/2025\/03\/Smart-Fleet-Tracking-Webinar-thumbnail-2.png\" \/>\n\t<meta property=\"og:image:width\" content=\"1280\" \/>\n\t<meta property=\"og:image:height\" content=\"720\" \/>\n\t<meta property=\"og:image:type\" content=\"image\/png\" \/>\n<meta name=\"twitter:card\" content=\"summary_large_image\" \/>\n<meta name=\"twitter:site\" content=\"@QuartixUSA\" \/>\n<meta name=\"twitter:label1\" content=\"Est. reading time\" \/>\n\t<meta name=\"twitter:data1\" content=\"1 minute\" \/>\n<!-- \/ Yoast SEO Premium plugin. -->","yoast_head_json":{"title":"Webinars de clientes de Quartix - US","description":"Mire los webinars para clientes de Quartix sobre c\u00f3mo usar las hojas de horarios, el registro diario de los veh\u00edculos, el mapa de ruta diaria, el comportamiento del conductor, informes sobre los \u00faltimos estilos de manejo y mucho m\u00e1s.","robots":{"index":"index","follow":"follow","max-snippet":"max-snippet:-1","max-image-preview":"max-image-preview:large","max-video-preview":"max-video-preview:-1"},"canonical":"https:\/\/www.quartix.com\/es-us\/mas-informacion\/webinars\/","og_locale":"es_ES","og_type":"article","og_title":"Webinars","og_description":"Mire los webinars para clientes de Quartix sobre c\u00f3mo usar las hojas de horarios, el registro diario de los veh\u00edculos, el mapa de ruta diaria, el comportamiento del conductor, informes sobre los \u00faltimos estilos de manejo y mucho m\u00e1s.","og_url":"https:\/\/www.quartix.com\/es-us\/mas-informacion\/webinars\/","og_site_name":"Quartix","article_publisher":"https:\/\/www.facebook.com\/Quartix-USA-374426386097401\/","article_modified_time":"2022-04-26T13:19:07+00:00","og_image":[{"width":1280,"height":720,"url":"https:\/\/www.quartix.com\/content\/uploads\/2025\/03\/Smart-Fleet-Tracking-Webinar-thumbnail-2.png","type":"image\/png"}],"twitter_card":"summary_large_image","twitter_site":"@QuartixUSA","twitter_misc":{"Est. reading time":"1 minute"},"schema":{"@context":"https:\/\/schema.org","@graph":[{"@type":"WebPage","@id":"https:\/\/www.quartix.com\/es-us\/mas-informacion\/webinars\/","url":"https:\/\/www.quartix.com\/es-us\/mas-informacion\/webinars\/","name":"Webinars de clientes de Quartix","isPartOf":{"@id":"https:\/\/www.quartix.com\/es-us\/#website"},"primaryImageOfPage":{"@id":"https:\/\/www.quartix.com\/es-us\/mas-informacion\/webinars\/#primaryimage"},"image":{"@id":"https:\/\/www.quartix.com\/es-us\/mas-informacion\/webinars\/#primaryimage"},"thumbnailUrl":"https:\/\/www.quartix.com\/content\/uploads\/2025\/03\/Smart-Fleet-Tracking-Webinar-thumbnail-2.png","datePublished":"2019-05-22T22:15:27+00:00","dateModified":"2022-04-26T13:19:07+00:00","description":"Mire los webinars para clientes de Quartix sobre c\u00f3mo usar las hojas de horarios, el registro diario de los veh\u00edculos, el mapa de ruta diaria, el comportamiento del conductor, informes sobre los \u00faltimos estilos de manejo y mucho m\u00e1s.","breadcrumb":{"@id":"https:\/\/www.quartix.com\/es-us\/mas-informacion\/webinars\/#breadcrumb"},"inLanguage":"es-US","potentialAction":[{"@type":"ReadAction","target":["https:\/\/www.quartix.com\/es-us\/mas-informacion\/webinars\/"]}]},{"@type":"ImageObject","inLanguage":"es-US","@id":"https:\/\/www.quartix.com\/es-us\/mas-informacion\/webinars\/#primaryimage","url":"https:\/\/www.quartix.com\/content\/uploads\/2025\/03\/Smart-Fleet-Tracking-Webinar-thumbnail-2.png","contentUrl":"https:\/\/www.quartix.com\/content\/uploads\/2025\/03\/Smart-Fleet-Tracking-Webinar-thumbnail-2.png","width":1280,"height":720,"caption":"Man in a suit stands in front of a graphic for a live webinar titled \"Smart Fleet Tracking Today\" with charts and a map in the background."},{"@type":"BreadcrumbList","@id":"https:\/\/www.quartix.com\/es-us\/mas-informacion\/webinars\/#breadcrumb","itemListElement":[{"@type":"ListItem","position":1,"name":"Inicio","item":"https:\/\/www.quartix.com\/es-us\/quartix-real-time-vehicle-tracking-2\/"},{"@type":"ListItem","position":2,"name":"Informaci\u00f3n","item":"https:\/\/www.quartix.com\/es-us\/mas-informacion\/"},{"@type":"ListItem","position":3,"name":"Webinars"}]},{"@type":"WebSite","@id":"https:\/\/www.quartix.com\/es-us\/#website","url":"https:\/\/www.quartix.com\/es-us\/","name":"Quartix","description":"Real-time vehicle tracking","publisher":{"@id":"https:\/\/www.quartix.com\/es-us\/#organization"},"potentialAction":[{"@type":"SearchAction","target":{"@type":"EntryPoint","urlTemplate":"https:\/\/www.quartix.com\/es-us\/?s={search_term_string}"},"query-input":{"@type":"PropertyValueSpecification","valueRequired":true,"valueName":"search_term_string"}}],"inLanguage":"es-US"},{"@type":"Organization","@id":"https:\/\/www.quartix.com\/es-us\/#organization","name":"Quartix","url":"https:\/\/www.quartix.com\/es-us\/","logo":{"@type":"ImageObject","inLanguage":"es-US","@id":"https:\/\/www.quartix.com\/es-us\/#\/schema\/logo\/image\/","url":"https:\/\/www.quartix.com\/content\/uploads\/2019\/02\/quartix-logo-eur.svg","contentUrl":"https:\/\/www.quartix.com\/content\/uploads\/2019\/02\/quartix-logo-eur.svg","width":1,"height":1,"caption":"Quartix"},"image":{"@id":"https:\/\/www.quartix.com\/es-us\/#\/schema\/logo\/image\/"},"sameAs":["https:\/\/www.facebook.com\/Quartix-USA-374426386097401\/","https:\/\/x.com\/QuartixUSA","https:\/\/www.linkedin.com\/company\/5346733\/","https:\/\/www.youtube.com\/channel\/UCzS-_GMfHF4kWiCheyIRrAQ"]}]}},"_links":{"self":[{"href":"https:\/\/www.quartix.com\/es-us\/wp-json\/wp\/v2\/pages\/22817","targetHints":{"allow":["GET"]}}],"collection":[{"href":"https:\/\/www.quartix.com\/es-us\/wp-json\/wp\/v2\/pages"}],"about":[{"href":"https:\/\/www.quartix.com\/es-us\/wp-json\/wp\/v2\/types\/page"}],"author":[{"embeddable":true,"href":"https:\/\/www.quartix.com\/es-us\/wp-json\/wp\/v2\/users\/12"}],"replies":[{"embeddable":true,"href":"https:\/\/www.quartix.com\/es-us\/wp-json\/wp\/v2\/comments?post=22817"}],"version-history":[{"count":0,"href":"https:\/\/www.quartix.com\/es-us\/wp-json\/wp\/v2\/pages\/22817\/revisions"}],"up":[{"embeddable":true,"href":"https:\/\/www.quartix.com\/es-us\/wp-json\/wp\/v2\/pages\/23029"}],"wp:featuredmedia":[{"embeddable":true,"href":"https:\/\/www.quartix.com\/es-us\/wp-json\/wp\/v2\/media\/118089"}],"wp:attachment":[{"href":"https:\/\/www.quartix.com\/es-us\/wp-json\/wp\/v2\/media?parent=22817"}],"wp:term":[{"taxonomy":"topic","embeddable":true,"href":"https:\/\/www.quartix.com\/es-us\/wp-json\/wp\/v2\/topic?post=22817"},{"taxonomy":"qtx_campaign","embeddable":true,"href":"https:\/\/www.quartix.com\/es-us\/wp-json\/wp\/v2\/qtx_campaign?post=22817"}],"curies":[{"name":"wp","href":"https:\/\/api.w.org\/{rel}","templated":true}]}}