{"id":22989,"date":"2019-05-23T20:34:04","date_gmt":"2019-05-23T20:34:04","guid":{"rendered":" https:\/\/www.quartix.com\/promocion-3-meses-de-rastreo-gratis\/"},"modified":"2022-06-27T11:31:59","modified_gmt":"2022-06-27T10:31:59","slug":"promocion-3-meses-de-rastreo-gratis","status":"publish","type":"page","link":"https:\/\/www.quartix.com\/es-us\/promocion-3-meses-de-rastreo-gratis\/","title":{"rendered":"Promoci\u00f3n 3 Meses de Rastreo Gratis"},"content":{"rendered":"\n<div class=\"wp-block-columns is-layout-flex wp-container-core-columns-is-layout-28f84493 wp-block-columns-is-layout-flex\">\n<div class=\"wp-block-column is-layout-flow wp-block-column-is-layout-flow\">\n<h2 class=\"wp-block-heading\">\u00bfQu\u00e9 es lo que recibe con Quartix?<\/h2>\n\n\n\r\n<section  class=\"qtx-pagebuilder-section qtx-pagebuilder-section-list \">\r\n<ul class='ticks fa-ul' style='0'><li><span class='fa-li'><i class='fas fa-check-circle'><\/i><\/span>Aumente la productividad y verifique las horas de sus empleados<\/li><li><span class='fa-li'><i class='fas fa-check-circle'><\/i><\/span>Mejore los estilos de manejo con el an\u00e1lisis a fondo y reportes<\/li><li><span class='fa-li'><i class='fas fa-check-circle'><\/i><\/span>Sepa cuando los conductores entran o salen de areas definidas<\/li><li><span class='fa-li'><i class='fas fa-check-circle'><\/i><\/span>Personalice informaci\u00f3n de ubicaci\u00f3n y reciba alertas por correo<\/li><\/ul><\/section>\n\n\n<p>*Todo completamente gratis por 3 meses, y despu\u00e9s desde $14.99\/mes.<\/p>\n\n\n\n<p>Oferta v\u00e1lida hasta el 30 de junio de 2022\u00a0<\/p>\n\n\n\n<p>C\u00f3digo de oferta: <strong>3MFREE20<\/strong><\/p>\n\n\n\n<figure class=\"wp-block-image\"><img decoding=\"async\" src=\" https:\/\/www.quartix.com\/content\/uploads\/2020\/11\/laptop-and-phone-only_tracking_US-768x568.png\" alt=\"\"\/><\/figure>\n<\/div>\n\n\n\n<div class=\"wp-block-column is-layout-flow wp-block-column-is-layout-flow\">\n<h2 class=\"wp-block-heading\" id=\"Aproveche-nuestra-oferta-por-tiempo-limitado\">Aproveche nuestra oferta por tiempo limitado<\/h2>\n\n\n\n<div class=\"wpcf7 no-js\" id=\"wpcf7-f74241-o1\" lang=\"es-US\" dir=\"ltr\" data-wpcf7-id=\"74241\">\n<div class=\"screen-reader-response\"><p role=\"status\" aria-live=\"polite\" aria-atomic=\"true\"><\/p> <ul><\/ul><\/div>\n<form action=\"\/es-us\/wp-json\/wp\/v2\/pages\/22989#wpcf7-f74241-o1\" method=\"post\" class=\"wpcf7-form init\" aria-label=\"Contact form\" novalidate=\"novalidate\" data-status=\"init\">\n<fieldset class=\"hidden-fields-container\"><input type=\"hidden\" name=\"_wpcf7\" value=\"74241\" \/><input type=\"hidden\" name=\"_wpcf7_version\" value=\"6.1.5\" \/><input type=\"hidden\" name=\"_wpcf7_locale\" value=\"es_US\" \/><input type=\"hidden\" name=\"_wpcf7_unit_tag\" value=\"wpcf7-f74241-o1\" \/><input type=\"hidden\" name=\"_wpcf7_container_post\" value=\"0\" \/><input type=\"hidden\" name=\"_wpcf7_posted_data_hash\" value=\"\" \/><input type=\"hidden\" name=\"_wpcf7cf_hidden_group_fields\" value=\"[]\" \/><input type=\"hidden\" name=\"_wpcf7cf_hidden_groups\" value=\"[]\" \/><input type=\"hidden\" name=\"_wpcf7cf_visible_groups\" value=\"[]\" \/><input type=\"hidden\" name=\"_wpcf7cf_repeaters\" value=\"[]\" \/><input type=\"hidden\" name=\"_wpcf7cf_steps\" value=\"{}\" \/><input type=\"hidden\" name=\"_wpcf7cf_options\" value=\"{&quot;form_id&quot;:74241,&quot;conditions&quot;:[],&quot;settings&quot;:{&quot;animation&quot;:&quot;yes&quot;,&quot;animation_intime&quot;:200,&quot;animation_outtime&quot;:200,&quot;conditions_ui&quot;:&quot;normal&quot;,&quot;notice_dismissed&quot;:false,&quot;notice_dismissed_update-cf7-6.0&quot;:true,&quot;notice_dismissed_update-cf7-6.0.1&quot;:true,&quot;notice_dismissed_update-cf7-6.0.2&quot;:true,&quot;notice_dismissed_rollback-cf7-6.0.5&quot;:true}}\" \/><input type=\"hidden\" name=\"_wpcf7_recaptcha_response\" value=\"\" \/>\n<\/fieldset>\n<div class=\"input-wrapper\"><span class=\"icon icon-face\"><\/span><span class=\"wpcf7-form-control-wrap\" data-name=\"first_name\"><input size=\"40\" maxlength=\"400\" class=\"wpcf7-form-control wpcf7-text wpcf7-validates-as-required\" aria-required=\"true\" aria-invalid=\"false\" placeholder=\"Nombre *\" value=\"\" type=\"text\" name=\"first_name\" \/><\/span><span class=\"wpcf7-form-control-wrap\" data-name=\"last_name\"><input size=\"40\" maxlength=\"400\" class=\"wpcf7-form-control wpcf7-text wpcf7-validates-as-required\" aria-required=\"true\" aria-invalid=\"false\" placeholder=\"Apellido *\" value=\"\" type=\"text\" name=\"last_name\" \/><\/span><\/div>\n<div class=\"input-wrapper\"><span class=\"icon icon-envelope\"><\/span><span class=\"wpcf7-form-control-wrap\" data-name=\"email\"><input size=\"40\" maxlength=\"400\" class=\"wpcf7-form-control wpcf7-email wpcf7-validates-as-required wpcf7-text wpcf7-validates-as-email\" aria-required=\"true\" aria-invalid=\"false\" placeholder=\"Correo electr\u00f3nico *\" value=\"\" type=\"email\" name=\"email\" \/><\/span><\/div>\n<div class=\"input-wrapper\"><span class=\"icon icon-company\"><\/span><span class=\"wpcf7-form-control-wrap\" data-name=\"company\"><input size=\"40\" maxlength=\"400\" class=\"wpcf7-form-control wpcf7-text wpcf7-validates-as-required\" aria-required=\"true\" aria-invalid=\"false\" placeholder=\"Empresa *\" value=\"\" type=\"text\" name=\"company\" \/><\/span><\/div>\n<div class=\"input-wrapper\"><span class=\"icon icon-telephone\"><\/span><span class=\"wpcf7-form-control-wrap\" data-name=\"phone\"><input size=\"40\" maxlength=\"400\" class=\"wpcf7-form-control wpcf7-tel wpcf7-validates-as-required wpcf7-text wpcf7-validates-as-tel\" aria-required=\"true\" aria-invalid=\"false\" placeholder=\"Tel\u00e9fono *\" value=\"\" type=\"tel\" name=\"phone\" \/><\/span><\/div>\n<div class=\"input-wrapper\"><span class=\"icon icon-vehicles\"><\/span><span class=\"wpcf7-form-control-wrap\" data-name=\"number_of_vehicles\"><input class=\"wpcf7-form-control wpcf7-number wpcf7-validates-as-required wpcf7-validates-as-number\" min=\"1\" aria-required=\"true\" aria-invalid=\"false\" placeholder=\"N\u00famero de veh\u00edculos *\" value=\"\" type=\"number\" name=\"number_of_vehicles\" \/><\/span><\/div>\n\n<input type=\"hidden\" name=\"thankyouURL\" value=\"\/es-us\/gracias-oferta-especial\/\" class=\"wpcf7-form-control wpcf7-hidden\" id=\"thankyouURL\">\n<input type=\"hidden\" name=\"pardot_extra_field\" value=\"\" class=\"wpcf7-form-control wpcf7-hidden\">\n<input type=\"hidden\" name=\"page_title\" value=\"No post title\" class=\"wpcf7-form-control wpcf7-hidden\">\n<div class=\"recatpcha-text\">Este sitio est\u00e1 protegido por reCAPTCHA y se aplican la <a href=\"https:\/\/policies.google.com\/privacy?hl=es-419\">Pol\u00edtica de privacidad<\/a> y los <a href=\"https:\/\/policies.google.com\/terms?hl=es-419\">T\u00e9rminos de servicio<\/a> de Google.<\/div>\n<div class=\"input-wrapper\"><input class=\"wpcf7-form-control wpcf7-submit has-spinner icon-plane\" type=\"submit\" value=\"Reciba 3 meses gratis\" \/><\/div><div class=\"wpcf7-response-output\" aria-hidden=\"true\"><\/div>\n<\/form>\n<\/div>\n\n<\/div>\n<\/div>\n\n\n<section  class=\"qtx-pagebuilder-section qtx-pagebuilder-section-blockquote qtx-pagebuilder-section-blockquote-green_testimonial_with_photo \">\r\n        <div class=\"green_testimonial_with_photo \">\r\n            <div class=\"img-container\">\r\n                                <img decoding=\"async\" src=\"https:\/\/www.quartix.com\/content\/uploads\/2019\/11\/Derek-Barnes.png\"\/>\r\n                            <\/div>\r\n            <blockquote>\r\n                                                <p>&#8220;Yo recomendar\u00eda Quartix. Su servicio al cliente y lo f\u00e1cil que es de usar su sistema lo venden para m\u00ed.&#8221;<\/p>\n                <footer>\r\n                   <cite class=\"author\">Derek Barnes<\/cite>\r\n                   <cite class=\"author_line_2\">Advanced Timber Harvesters<\/cite>\r\n                <\/footer>\r\n            <\/blockquote>\r\n        <\/div>\r\n        <\/section>\r\n\r\n\n\n\n<div class=\"wp-block-columns is-layout-flex wp-container-core-columns-is-layout-28f84493 wp-block-columns-is-layout-flex\">\n<div class=\"wp-block-column is-layout-flow wp-block-column-is-layout-flow\">\n<h2 class=\"wp-block-heading\">Ahorros r\u00e1pidos y cuantificables<\/h2>\n\n\n\r\n<section  class=\"qtx-pagebuilder-section qtx-pagebuilder-section-list \">\r\n<ul class='ticks fa-ul' style='0'><li><span class='fa-li'><i class='fas fa-check-circle'><\/i><\/span>Reduzca el consumo de combustible hasta en un 25%<\/li><li><span class='fa-li'><i class='fas fa-check-circle'><\/i><\/span>Aumente la productividad general hasta en un 15%<\/li><li><span class='fa-li'><i class='fas fa-check-circle'><\/i><\/span>Recorte horas extra de los empleados hasta en un 15%<\/li><li><span class='fa-li'><i class='fas fa-check-circle'><\/i><\/span>Mejore la utilizaci\u00f3n del veh\u00edculo hasta en un 20%<\/li><li><span class='fa-li'><i class='fas fa-check-circle'><\/i><\/span>Disminuya el total de millas recorridas hasta en un 10%<\/li><\/ul><\/section>\n\n\n<p>*Frost &amp; Sullivan 2015<\/p>\n\n\n    <div class=\"button-container \">\r\n<a href=\"#Aproveche-nuestra-oferta-por-tiempo-limitado\" class=\"btn pagebuilder-btn btn-green btn-\" title=\"Ll\u00e1meme\" >Ll\u00e1meme<\/a>\r\n<\/div>\r\n<\/div>\n\n\n\n<div class=\"wp-block-column is-layout-flow wp-block-column-is-layout-flow\">\n<div class=\"wp-block-image\"><figure class=\"aligncenter size-large\"><img loading=\"lazy\" decoding=\"async\" width=\"1000\" height=\"610\" src=\" https:\/\/www.quartix.com\/content\/uploads\/2018\/11\/Live-Tracking-GIF-New-Look-US-1000x610.gif\" alt=\"\" class=\"wp-image-19894\" srcset=\"https:\/\/www.quartix.com\/content\/uploads\/2018\/11\/Live-Tracking-GIF-New-Look-US-1000x610.gif 1000w, https:\/\/www.quartix.com\/content\/uploads\/2018\/11\/Live-Tracking-GIF-New-Look-US-300x183.gif 300w, https:\/\/www.quartix.com\/content\/uploads\/2018\/11\/Live-Tracking-GIF-New-Look-US-768x468.gif 768w\" sizes=\"auto, (max-width: 1000px) 100vw, 1000px\" \/><\/figure><\/div>\n<\/div>\n<\/div>\n\n\n<section  class=\"qtx-pagebuilder-section qtx-pagebuilder-section-blockquote qtx-pagebuilder-section-blockquote-left_green_border \">\r\n        <div class=\"left_green_border\">\r\n            <blockquote>\r\n                <p>El sistema de Quartix est\u00e1 respaldado por m\u00e1s de 20 a\u00f1os de experiencia en la industria de telem\u00e1tica. M\u00e1s de 600,000 veh\u00edculos al rededor de el Reino Unido, Estados Unidos y Europa ahora utilizan Quartix. Todos los d\u00edas, nuestros 20,000 clientes experimentan los muchos beneficios de usar el sistema.<\/p>\n                            <\/blockquote>\r\n        <\/div>\r\n        <\/section>\r\n\r\n\n\n\n<div class=\"wp-block-columns is-layout-flex wp-container-core-columns-is-layout-28f84493 wp-block-columns-is-layout-flex\">\n<div class=\"wp-block-column is-layout-flow wp-block-column-is-layout-flow\">\n<div class=\"wp-block-image\"><figure class=\"aligncenter size-full\"><img decoding=\"async\" src=\" https:\/\/www.quartix.com\/content\/uploads\/2021\/06\/experts-at-tracking.svg\" alt=\"\" class=\"wp-image-59286\"\/><\/figure><\/div>\n\n\n    <div class=\"button-container \">\r\n<a href=\"#Aproveche-nuestra-oferta-por-tiempo-limitado\" class=\"btn pagebuilder-btn btn-green btn-\" title=\"Ll\u00e1meme\" >Ll\u00e1meme<\/a>\r\n<\/div>\r\n<\/div>\n\n\n\n<div class=\"wp-block-column is-layout-flow wp-block-column-is-layout-flow\">\n<h2 class=\"wp-block-heading\">\u00bfQu\u00e9 recibe con esta oferta?<\/h2>\n\n\n\r\n<section  class=\"qtx-pagebuilder-section qtx-pagebuilder-section-list \">\r\n<ul class='ticks fa-ul' style='0'><li><span class='fa-li'><i class='fas fa-check-circle'><\/i><\/span>Contrato de 12 meses, desde $14.99 al mes<\/li><li><span class='fa-li'><i class='fas fa-check-circle'><\/i><\/span>Sin renovaci\u00f3n autom\u00e1tica<\/li><li><span class='fa-li'><i class='fas fa-check-circle'><\/i><\/span>Instalaci\u00f3n gratis<\/li><li><span class='fa-li'><i class='fas fa-check-circle'><\/i><\/span>Hardware gratis<\/li><li><span class='fa-li'><i class='fas fa-check-circle'><\/i><\/span>Servicio al cliente de primera clase<\/li><\/ul><\/section><\/div>\n<\/div>\n","protected":false},"excerpt":{"rendered":"<p>\u00bfQu\u00e9 es lo que recibe con Quartix? *Todo completamente gratis por 3 meses, y despu\u00e9s desde $14.99\/mes. Oferta v\u00e1lida hasta el 30 de junio de 2022\u00a0 C\u00f3digo de oferta: 3MFREE20 Aproveche nuestra oferta por tiempo limitado Ahorros r\u00e1pidos y cuantificables *Frost &amp; Sullivan 2015 \u00bfQu\u00e9 recibe con esta oferta?<\/p>\n","protected":false},"author":6,"featured_media":0,"parent":0,"menu_order":6015,"comment_status":"closed","ping_status":"closed","template":"","meta":{"_acf_changed":false,"inline_featured_image":false,"footnotes":""},"topic":[],"qtx_campaign":[],"class_list":["post-22989","page","type-page","status-publish","hentry"],"acf":[],"yoast_head":"<!-- This site is optimized with the Yoast SEO Premium plugin v27.3 (Yoast SEO v27.3) - https:\/\/yoast.com\/product\/yoast-seo-premium-wordpress\/ -->\n<title>Promoci\u00f3n 3 Meses de Rastreo Gratis - US<\/title>\n<meta name=\"robots\" content=\"noindex, nofollow\" \/>\n<meta property=\"og:locale\" content=\"es_ES\" \/>\n<meta property=\"og:type\" content=\"article\" \/>\n<meta property=\"og:title\" content=\"Promoci\u00f3n 3 Meses de Rastreo Gratis\" \/>\n<meta property=\"og:description\" content=\"\u00bfQu\u00e9 es lo que recibe con Quartix? *Todo completamente gratis por 3 meses, y despu\u00e9s desde $14.99\/mes. Oferta v\u00e1lida hasta el 30 de junio de 2022\u00a0 C\u00f3digo de oferta: 3MFREE20 Aproveche nuestra oferta por tiempo limitado Ahorros r\u00e1pidos y cuantificables *Frost &amp; Sullivan 2015 \u00bfQu\u00e9 recibe con esta oferta?\" \/>\n<meta property=\"og:url\" content=\"https:\/\/www.quartix.com\/es-us\/promocion-3-meses-de-rastreo-gratis\/\" \/>\n<meta property=\"og:site_name\" content=\"Quartix\" \/>\n<meta property=\"article:publisher\" content=\"https:\/\/www.facebook.com\/Quartix-USA-374426386097401\/\" \/>\n<meta property=\"article:modified_time\" content=\"2022-06-27T10:31:59+00:00\" \/>\n<meta name=\"twitter:card\" content=\"summary_large_image\" \/>\n<meta name=\"twitter:site\" content=\"@QuartixUSA\" \/>\n<meta name=\"twitter:label1\" content=\"Est. reading time\" \/>\n\t<meta name=\"twitter:data1\" content=\"1 minute\" \/>\n<!-- \/ Yoast SEO Premium plugin. -->","yoast_head_json":{"title":"Promoci\u00f3n 3 Meses de Rastreo Gratis - US","robots":{"index":"noindex","follow":"nofollow"},"og_locale":"es_ES","og_type":"article","og_title":"Promoci\u00f3n 3 Meses de Rastreo Gratis","og_description":"\u00bfQu\u00e9 es lo que recibe con Quartix? *Todo completamente gratis por 3 meses, y despu\u00e9s desde $14.99\/mes. Oferta v\u00e1lida hasta el 30 de junio de 2022\u00a0 C\u00f3digo de oferta: 3MFREE20 Aproveche nuestra oferta por tiempo limitado Ahorros r\u00e1pidos y cuantificables *Frost &amp; Sullivan 2015 \u00bfQu\u00e9 recibe con esta oferta?","og_url":"https:\/\/www.quartix.com\/es-us\/promocion-3-meses-de-rastreo-gratis\/","og_site_name":"Quartix","article_publisher":"https:\/\/www.facebook.com\/Quartix-USA-374426386097401\/","article_modified_time":"2022-06-27T10:31:59+00:00","twitter_card":"summary_large_image","twitter_site":"@QuartixUSA","twitter_misc":{"Est. reading time":"1 minute"},"schema":{"@context":"https:\/\/schema.org","@graph":[{"@type":"WebPage","@id":"https:\/\/www.quartix.com\/es-us\/promocion-3-meses-de-rastreo-gratis\/","url":"https:\/\/www.quartix.com\/es-us\/promocion-3-meses-de-rastreo-gratis\/","name":"Promoci\u00f3n 3 Meses de Rastreo Gratis","isPartOf":{"@id":"https:\/\/www.quartix.com\/es-us\/#website"},"datePublished":"2019-05-23T20:34:04+00:00","dateModified":"2022-06-27T10:31:59+00:00","breadcrumb":{"@id":"https:\/\/www.quartix.com\/es-us\/promocion-3-meses-de-rastreo-gratis\/#breadcrumb"},"inLanguage":"es-US","potentialAction":[{"@type":"ReadAction","target":["https:\/\/www.quartix.com\/es-us\/promocion-3-meses-de-rastreo-gratis\/"]}]},{"@type":"BreadcrumbList","@id":"https:\/\/www.quartix.com\/es-us\/promocion-3-meses-de-rastreo-gratis\/#breadcrumb","itemListElement":[{"@type":"ListItem","position":1,"name":"Inicio","item":"https:\/\/www.quartix.com\/es-us\/quartix-real-time-vehicle-tracking-2\/"},{"@type":"ListItem","position":2,"name":"Promoci\u00f3n 3 Meses de Rastreo Gratis"}]},{"@type":"WebSite","@id":"https:\/\/www.quartix.com\/es-us\/#website","url":"https:\/\/www.quartix.com\/es-us\/","name":"Quartix","description":"Real-time vehicle tracking","publisher":{"@id":"https:\/\/www.quartix.com\/es-us\/#organization"},"potentialAction":[{"@type":"SearchAction","target":{"@type":"EntryPoint","urlTemplate":"https:\/\/www.quartix.com\/es-us\/?s={search_term_string}"},"query-input":{"@type":"PropertyValueSpecification","valueRequired":true,"valueName":"search_term_string"}}],"inLanguage":"es-US"},{"@type":"Organization","@id":"https:\/\/www.quartix.com\/es-us\/#organization","name":"Quartix","url":"https:\/\/www.quartix.com\/es-us\/","logo":{"@type":"ImageObject","inLanguage":"es-US","@id":"https:\/\/www.quartix.com\/es-us\/#\/schema\/logo\/image\/","url":"https:\/\/www.quartix.com\/content\/uploads\/2019\/02\/quartix-logo-eur.svg","contentUrl":"https:\/\/www.quartix.com\/content\/uploads\/2019\/02\/quartix-logo-eur.svg","width":1,"height":1,"caption":"Quartix"},"image":{"@id":"https:\/\/www.quartix.com\/es-us\/#\/schema\/logo\/image\/"},"sameAs":["https:\/\/www.facebook.com\/Quartix-USA-374426386097401\/","https:\/\/x.com\/QuartixUSA","https:\/\/www.linkedin.com\/company\/5346733\/","https:\/\/www.youtube.com\/channel\/UCzS-_GMfHF4kWiCheyIRrAQ"]}]}},"_links":{"self":[{"href":"https:\/\/www.quartix.com\/es-us\/wp-json\/wp\/v2\/pages\/22989","targetHints":{"allow":["GET"]}}],"collection":[{"href":"https:\/\/www.quartix.com\/es-us\/wp-json\/wp\/v2\/pages"}],"about":[{"href":"https:\/\/www.quartix.com\/es-us\/wp-json\/wp\/v2\/types\/page"}],"author":[{"embeddable":true,"href":"https:\/\/www.quartix.com\/es-us\/wp-json\/wp\/v2\/users\/6"}],"replies":[{"embeddable":true,"href":"https:\/\/www.quartix.com\/es-us\/wp-json\/wp\/v2\/comments?post=22989"}],"version-history":[{"count":0,"href":"https:\/\/www.quartix.com\/es-us\/wp-json\/wp\/v2\/pages\/22989\/revisions"}],"wp:attachment":[{"href":"https:\/\/www.quartix.com\/es-us\/wp-json\/wp\/v2\/media?parent=22989"}],"wp:term":[{"taxonomy":"topic","embeddable":true,"href":"https:\/\/www.quartix.com\/es-us\/wp-json\/wp\/v2\/topic?post=22989"},{"taxonomy":"qtx_campaign","embeddable":true,"href":"https:\/\/www.quartix.com\/es-us\/wp-json\/wp\/v2\/qtx_campaign?post=22989"}],"curies":[{"name":"wp","href":"https:\/\/api.w.org\/{rel}","templated":true}]}}