{"id":23030,"date":"2019-05-24T16:45:08","date_gmt":"2019-05-24T16:45:08","guid":{"rendered":"https:\/\/www.quartix.com\/producto\/"},"modified":"2024-06-19T14:53:17","modified_gmt":"2024-06-19T13:53:17","slug":"localizador-vehiculos","status":"publish","type":"page","link":"https:\/\/www.quartix.com\/es-us\/localizador-vehiculos\/","title":{"rendered":"Localizador Vehiculos"},"content":{"rendered":"\n<div class=\"wp-block-columns is-layout-flex wp-container-core-columns-is-layout-28f84493 wp-block-columns-is-layout-flex\">\n<div class=\"wp-block-column is-layout-flow wp-block-column-is-layout-flow\">\n<h2 class=\"wp-block-heading\">Seguimiento de veh\u00edculos a su alcance<\/h2>\n\n\n\n<p>Use el seguimiento en tiempo real de Quartix para ver sus veh\u00edculos en tiempo real, en cualquier momento, desde cualquier dispositivo. No se necesita software adicional, todo es accesible desde internet.<\/p>\n\n\n\n<ul class=\"wp-block-list\">\n<li>Localice sus veh\u00edculos en todo momento<\/li>\n\n\n\n<li>S\u00edgalos con Google Maps<\/li>\n\n\n\n<li>Analice su actividad diaria<\/li>\n<\/ul>\n\n\n\n<p><a role=\"button\" href=\"\/es-us\/localizador-vehiculos\/seguimiento-de-vehiculos\/\"><br>Vea la herramienta de seguimiento de veh\u00edculos<br><\/a><br><img loading=\"lazy\" decoding=\"async\" src=\" https:\/\/www.quartix.com\/content\/uploads\/2019\/01\/real-time-tracking-2.svg\" alt=\"map\" width=\"1\" height=\"1\"><br><img loading=\"lazy\" decoding=\"async\" src=\" https:\/\/www.quartix.com\/content\/uploads\/2019\/07\/experts-at-tracking-3.svg\" alt=\"vehicle tracking\" width=\"1\" height=\"1\"><\/p>\n<\/div>\n\n\n\n<div class=\"wp-block-column is-layout-flow wp-block-column-is-layout-flow\">\n<figure class=\"wp-block-image aligncenter size-full is-resized\"><img loading=\"lazy\" decoding=\"async\" src=\" https:\/\/www.quartix.com\/content\/uploads\/2021\/06\/real-time-tracking-2.svg\" alt=\"\" class=\"wp-image-59486\" width=\"238\" height=\"241\"\/><\/figure>\n<\/div>\n<\/div>\n\n\n\n<div class=\"wp-block-columns is-layout-flex wp-container-core-columns-is-layout-28f84493 wp-block-columns-is-layout-flex\">\n<div class=\"wp-block-column is-layout-flow wp-block-column-is-layout-flow\">\n<figure class=\"wp-block-image aligncenter size-full is-resized\"><img loading=\"lazy\" decoding=\"async\" src=\" https:\/\/www.quartix.com\/content\/uploads\/2021\/06\/experts-at-tracking.svg\" alt=\"\" class=\"wp-image-59286\" width=\"323\" height=\"199\"\/><\/figure>\n<\/div>\n\n\n\n<div class=\"wp-block-column is-layout-flow wp-block-column-is-layout-flow\">\n<h2 class=\"wp-block-heading\">Hojas de control horario del conductor<\/h2>\n\n\n\n<p>Los registros diarios y las hojas de control horario son claros, f\u00e1ciles de leer y personalizables para cada veh\u00edculo y conductor. Los viajes cortos, como por ejemplo alrededor de un almac\u00e9n, se pueden ver o filtrar seg\u00fan sea necesario.&nbsp;<\/p>\n\n\n\n<ul class=\"wp-block-list\">\n<li>Vea horarios y lugares de inicio y finalizaci\u00f3n<\/li>\n\n\n\n<li>Obtenga informes generados autom\u00e1ticamente<\/li>\n\n\n\n<li>Compruebe la actividad en fechas espec\u00edficas<\/li>\n<\/ul>\n\n\n\n<p><a role=\"button\" href=\"\/es-us\/localizador-vehiculos\/hojas-de-control-horario\/\"><br>Obtenga m\u00e1s informaci\u00f3n sobre las hojas de control horario<br><\/a><\/p>\n<\/div>\n<\/div>\n\n\n\n<div class=\"wp-block-columns is-layout-flex wp-container-core-columns-is-layout-28f84493 wp-block-columns-is-layout-flex\">\n<div class=\"wp-block-column is-layout-flow wp-block-column-is-layout-flow\">\n<h2 class=\"wp-block-heading\">An\u00e1lisis del estilo de conducci\u00f3n<\/h2>\n\n\n\n<p>Formar a su personal para mejorar su estilo de conducci\u00f3n es f\u00e1cil con Quartix. Nuestra variedad de informes le da todos los datos que necesita para influir y fomentar un comportamiento de conducci\u00f3n segura y econ\u00f3mica.&nbsp; &nbsp;<\/p>\n\n\n\n<ul class=\"wp-block-list\">\n<li>Monitorice los perfiles de velocidad, aceleraci\u00f3n y frenado<\/li>\n\n\n\n<li>Compare veh\u00edculos de su flota<\/li>\n\n\n\n<li>Revise los datos con los conductores y realice cambios<\/li>\n<\/ul>\n\n\n\n<p><a role=\"button\" href=\"\/es-us\/localizador-vehiculos\/estilo-de-manejo\/\"><br>Vea informes del estilo de conducci\u00f3n<\/a><\/p>\n<\/div>\n\n\n\n<div class=\"wp-block-column is-layout-flow wp-block-column-is-layout-flow\">\n<figure class=\"wp-block-image aligncenter size-full is-resized\"><img loading=\"lazy\" decoding=\"async\" src=\" https:\/\/www.quartix.com\/content\/uploads\/2021\/06\/driving-style-analysis.svg\" alt=\"\" class=\"wp-image-59506\" width=\"372\" height=\"191\"\/><\/figure>\n<\/div>\n<\/div>\n\n\n\n<div class=\"wp-block-columns is-layout-flex wp-container-core-columns-is-layout-28f84493 wp-block-columns-is-layout-flex\">\n<div class=\"wp-block-column is-layout-flow wp-block-column-is-layout-flow\">\n<figure class=\"wp-block-image aligncenter size-full is-resized\"><img loading=\"lazy\" decoding=\"async\" src=\" https:\/\/www.quartix.com\/content\/uploads\/2021\/06\/geofencing-1.svg\" alt=\"\" class=\"wp-image-59364\" width=\"258\" height=\"258\"\/><\/figure>\n<\/div>\n\n\n\n<div class=\"wp-block-column is-layout-flow wp-block-column-is-layout-flow\">\n<h2 class=\"wp-block-heading\">Alertas de geofencing<\/h2>\n\n\n\n<p>Las alertas le permiten responder a movimientos no autorizados de sus veh\u00edculos en tiempo real. Tambi\u00e9n recibir\u00e1 informes que resumen todos los incidentes de exceso de velocidad en su flota, que abarcan todo un mes.<\/p>\n\n\n\n<ul class=\"wp-block-list\">\n<li>Crea zonas geogr\u00e1ficas<\/li>\n\n\n\n<li>Establezca reglas y tiempos para cada una<\/li>\n\n\n\n<li>Reciba alertas cuando se rompan las reglas<\/li>\n<\/ul>\n\n\n\n<p><a role=\"button\" href=\"\/es-us\/localizador-vehiculos\/alertas\/\"><br>Obtenga m\u00e1s informaci\u00f3n sobre el geofencing<br><\/a><\/p>\n<\/div>\n<\/div>\n\n\n\n<div class=\"wp-block-columns is-layout-flex wp-container-core-columns-is-layout-28f84493 wp-block-columns-is-layout-flex\">\n<div class=\"wp-block-column is-layout-flow wp-block-column-is-layout-flow\">\n<h2 class=\"wp-block-heading\">Herramientas de gesti\u00f3n de flotas<\/h2>\n\n\n\n<p>Las herramientas de gesti\u00f3n aseguran que nunca pierda fechas de entrega importantes. Analice y prediga con precisi\u00f3n el uso de la flota y vea los veh\u00edculos que no est\u00e1n rindiendo.<\/p>\n\n\n\n<ul class=\"wp-block-list\">\n<li>Mejore las operaciones y la utilizaci\u00f3n del veh\u00edculo.<\/li>\n\n\n\n<li>Verifique cu\u00e1nto tiempo estuvieron los trabajadores en el sitio<\/li>\n\n\n\n<li>Vea fechas de servicio e inspecci\u00f3n en toda su flota<\/li>\n<\/ul>\n\n\n\n<p><a role=\"button\" href=\"\/es-us\/localizador-vehiculos\/herramientas-administrativas\/\"><br>Vea herramientas de gesti\u00f3n<br><\/a><\/p>\n<\/div>\n\n\n\n<div class=\"wp-block-column is-layout-flow wp-block-column-is-layout-flow\">\n<figure class=\"wp-block-image aligncenter size-full is-resized\"><img loading=\"lazy\" decoding=\"async\" src=\" https:\/\/www.quartix.com\/content\/uploads\/2021\/06\/individual-driver-reports-2.svg\" alt=\"\" class=\"wp-image-59496\" width=\"228\" height=\"260\"\/><\/figure>\n<\/div>\n<\/div>\n\n\n\n<div class=\"wp-block-columns is-layout-flex wp-container-core-columns-is-layout-28f84493 wp-block-columns-is-layout-flex\">\n<div class=\"wp-block-column is-layout-flow wp-block-column-is-layout-flow\">\n<figure class=\"wp-block-image aligncenter size-full is-resized\"><img loading=\"lazy\" decoding=\"async\" src=\" https:\/\/www.quartix.com\/content\/uploads\/2017\/09\/ifta-fuel-tax-reporting-1.svg\" alt=\"IFTA\" class=\"wp-image-18732\" width=\"287\" height=\"185\"\/><\/figure>\n<\/div>\n\n\n\n<div class=\"wp-block-column is-layout-flow wp-block-column-is-layout-flow\">\n<h2 class=\"wp-block-heading\">Reporte de millage IFTA<\/h2>\n\n\n\n<p>Si usted presenta los reportes IFTA de impuestos a combustible, Quartix puede ayudarlo con una calculadora de impuestos que est\u00e1 directamente ligada a nuestro sistema GPS de rastreo de veh\u00edculos para mayor exactitud.<\/p>\n\n\n\n<ul class=\"wp-block-list\">\n<li>Calcule el promedio de mpg de cada veh\u00edculo<\/li>\n\n\n\n<li>Reduzca el tiempo que pasa con el papeleo<\/li>\n\n\n\n<li>Las unidades de rastreo de Quartix identifican las millas recorridas en cada regi\u00f3n IFTA<\/li>\n<\/ul>\n\n\n\n<p><a role=\"button\" href=\"\/es-us\/localizador-vehiculos\/reporte-de-millage-ifta\/\"><br>M\u00e1s informaci\u00f3n<br><\/a><\/p>\n<\/div>\n<\/div>\n\n\n\n<div class=\"wp-block-columns is-layout-flex wp-container-core-columns-is-layout-28f84493 wp-block-columns-is-layout-flex\">\n<div class=\"wp-block-column is-layout-flow wp-block-column-is-layout-flow\">\n<h2 class=\"wp-block-heading\">Opciones de dispositivos de seguimiento<\/h2>\n\n\n\n<p>Quartix ofrece dos opciones de instalaci\u00f3n de dispositivos de seguimiento que son simples dispositivos de instalaci\u00f3n autom\u00e1tica.<\/p>\n\n\n\n<ul class=\"wp-block-list\">\n<li>Dispositivo autoinstalable de dos cables, conectado directamente a la bater\u00eda del veh\u00edculo.<\/li>\n\n\n\n<li>Dispositivos de conexi\u00f3n OBD que son f\u00e1ciles de cambiar entre veh\u00edculos<\/li>\n<\/ul>\n\n\n\n<p><a role=\"button\" href=\"\/es-us\/opciones-de-instalacion\/\"><br>Vea todas las opciones de instalaci\u00f3n disponibles<br><\/a><\/p>\n<\/div>\n\n\n\n<div class=\"wp-block-column is-layout-flow wp-block-column-is-layout-flow\">\n<figure class=\"wp-block-image aligncenter size-full is-resized\"><img loading=\"lazy\" decoding=\"async\" src=\" https:\/\/www.quartix.com\/content\/uploads\/2019\/07\/install.svg\" alt=\"\" class=\"wp-image-30339\" width=\"353\" height=\"212\"\/><\/figure>\n<\/div>\n<\/div>\n\n\n\n<div class=\"wp-block-columns is-layout-flex wp-container-core-columns-is-layout-28f84493 wp-block-columns-is-layout-flex\">\n<div class=\"wp-block-column is-layout-flow wp-block-column-is-layout-flow\">\n<h2 class=\"wp-block-heading\">Pruebe Quartix ahora<\/h2>\n\n\n\n<p>Vea usted mismo como trabaja Quartix con nuestra demostraci\u00f3n gratis en tiempo real.<\/p>\n\n\n\n<div class=\"wpcf7 no-js\" id=\"wpcf7-f74227-o1\" lang=\"es-US\" dir=\"ltr\" data-wpcf7-id=\"74227\">\n<div class=\"screen-reader-response\"><p role=\"status\" aria-live=\"polite\" aria-atomic=\"true\"><\/p> <ul><\/ul><\/div>\n<form action=\"\/es-us\/wp-json\/wp\/v2\/pages\/23030#wpcf7-f74227-o1\" method=\"post\" class=\"wpcf7-form init\" aria-label=\"Contact form\" novalidate=\"novalidate\" data-status=\"init\">\n<fieldset class=\"hidden-fields-container\"><input type=\"hidden\" name=\"_wpcf7\" value=\"74227\" \/><input type=\"hidden\" name=\"_wpcf7_version\" value=\"6.1.5\" \/><input type=\"hidden\" name=\"_wpcf7_locale\" value=\"es_US\" \/><input type=\"hidden\" name=\"_wpcf7_unit_tag\" value=\"wpcf7-f74227-o1\" \/><input type=\"hidden\" name=\"_wpcf7_container_post\" value=\"0\" \/><input type=\"hidden\" name=\"_wpcf7_posted_data_hash\" value=\"\" \/><input type=\"hidden\" name=\"_wpcf7cf_hidden_group_fields\" value=\"[]\" \/><input type=\"hidden\" name=\"_wpcf7cf_hidden_groups\" value=\"[]\" \/><input type=\"hidden\" name=\"_wpcf7cf_visible_groups\" value=\"[]\" \/><input type=\"hidden\" name=\"_wpcf7cf_repeaters\" value=\"[]\" \/><input type=\"hidden\" name=\"_wpcf7cf_steps\" value=\"{}\" \/><input type=\"hidden\" name=\"_wpcf7cf_options\" value=\"{&quot;form_id&quot;:74227,&quot;conditions&quot;:[],&quot;settings&quot;:{&quot;animation&quot;:&quot;yes&quot;,&quot;animation_intime&quot;:200,&quot;animation_outtime&quot;:200,&quot;conditions_ui&quot;:&quot;normal&quot;,&quot;notice_dismissed&quot;:false,&quot;notice_dismissed_update-cf7-6.0&quot;:true,&quot;notice_dismissed_update-cf7-6.0.1&quot;:true,&quot;notice_dismissed_update-cf7-6.0.2&quot;:true,&quot;notice_dismissed_rollback-cf7-6.0.5&quot;:true}}\" \/><input type=\"hidden\" name=\"_wpcf7_recaptcha_response\" value=\"\" \/>\n<\/fieldset>\n<div class=\"input-wrapper\"><span class=\"icon icon-face\"><\/span><span class=\"wpcf7-form-control-wrap\" data-name=\"first_name\"><input size=\"40\" maxlength=\"400\" class=\"wpcf7-form-control wpcf7-text wpcf7-validates-as-required\" aria-required=\"true\" aria-invalid=\"false\" placeholder=\"Nombre *\" value=\"\" type=\"text\" name=\"first_name\" \/><\/span><span class=\"wpcf7-form-control-wrap\" data-name=\"last_name\"><input size=\"40\" maxlength=\"400\" class=\"wpcf7-form-control wpcf7-text wpcf7-validates-as-required\" aria-required=\"true\" aria-invalid=\"false\" placeholder=\"Apellido *\" value=\"\" type=\"text\" name=\"last_name\" \/><\/span><\/div>\n<div class=\"input-wrapper\"><span class=\"icon icon-envelope\"><\/span><span class=\"wpcf7-form-control-wrap\" data-name=\"email\"><input size=\"40\" maxlength=\"400\" class=\"wpcf7-form-control wpcf7-email wpcf7-validates-as-required wpcf7-text wpcf7-validates-as-email\" aria-required=\"true\" aria-invalid=\"false\" placeholder=\"Correo electr\u00f3nico *\" value=\"\" type=\"email\" name=\"email\" \/><\/span><\/div>\n<div class=\"input-wrapper\"><span class=\"icon icon-company\"><\/span><span class=\"wpcf7-form-control-wrap\" data-name=\"company\"><input size=\"40\" maxlength=\"400\" class=\"wpcf7-form-control wpcf7-text wpcf7-validates-as-required\" aria-required=\"true\" aria-invalid=\"false\" placeholder=\"Empresa *\" value=\"\" type=\"text\" name=\"company\" \/><\/span><\/div>\n<div class=\"input-wrapper\"><span class=\"icon icon-telephone\"><\/span><span class=\"wpcf7-form-control-wrap\" data-name=\"phone\"><input size=\"40\" maxlength=\"400\" class=\"wpcf7-form-control wpcf7-tel wpcf7-validates-as-required wpcf7-text wpcf7-validates-as-tel\" aria-required=\"true\" aria-invalid=\"false\" placeholder=\"Tel\u00e9fono *\" value=\"\" type=\"tel\" name=\"phone\" \/><\/span><\/div>\n<div class=\"input-wrapper\"><span class=\"icon icon-vehicles\"><\/span><span class=\"wpcf7-form-control-wrap\" data-name=\"number_of_vehicles\"><input class=\"wpcf7-form-control wpcf7-number wpcf7-validates-as-required wpcf7-validates-as-number\" min=\"1\" aria-required=\"true\" aria-invalid=\"false\" placeholder=\"N\u00famero de veh\u00edculos *\" value=\"\" type=\"number\" name=\"number_of_vehicles\" \/><\/span><\/div>\n\n<input type=\"hidden\" name=\"thankyouURL\" value=\"\/es-us\/agradecimiento-solicitud-de-demostracion\/\" class=\"wpcf7-form-control wpcf7-hidden\" id=\"thankyouURL\">\n<input type=\"hidden\" name=\"pardot_extra_field\" value=\"\" class=\"wpcf7-form-control wpcf7-hidden\">\n<input type=\"hidden\" name=\"page_title\" value=\"No post title\" class=\"wpcf7-form-control wpcf7-hidden\">\n<div class=\"recatpcha-text\">Este sitio est\u00e1 protegido por reCAPTCHA y se aplican la <a href=\"https:\/\/policies.google.com\/privacy?hl=es-419\">Pol\u00edtica de privacidad<\/a> y los <a href=\"https:\/\/policies.google.com\/terms?hl=es-419\">T\u00e9rminos de servicio<\/a> de Google.<\/div>\n<div class=\"input-wrapper\"><input class=\"wpcf7-form-control wpcf7-submit has-spinner icon-plane\" type=\"submit\" value=\"Env\u00edenme un enlace para la demostraci\u00f3n\" \/><\/div><div class=\"wpcf7-response-output\" aria-hidden=\"true\"><\/div>\n<\/form>\n<\/div>\n\n\n\n\n<p>Ponga nuestro sistema a prueba con nuestra demostraci\u00f3n gratis.<\/p>\n<\/div>\n\n\n\n<div class=\"wp-block-column is-layout-flow wp-block-column-is-layout-flow\">\n<figure class=\"wp-block-image aligncenter\"><img decoding=\"async\" src=\" https:\/\/www.quartix.com\/content\/uploads\/2017\/09\/map.png\" alt=\"\"\/><\/figure>\n\n\n\r\n<section  class=\"qtx-pagebuilder-section qtx-pagebuilder-section-list \">\r\n<ul class='ticks fa-ul' style='0'><li><span class='fa-li'><i class='fas fa-check-circle'><\/i><\/span>Rastree la ubicaci\u00f3n en vivo de veh\u00edculos.<\/li><li><span class='fa-li'><i class='fas fa-check-circle'><\/i><\/span>Revise el historial de datos de rastreo<\/li><li><span class='fa-li'><i class='fas fa-check-circle'><\/i><\/span>Reciba reportes de conductores detallados<\/li><li><span class='fa-li'><i class='fas fa-check-circle'><\/i><\/span>Revise posiciones de conductores en las tablas de liga<\/li><li><span class='fa-li'><i class='fas fa-check-circle'><\/i><\/span>Reciba alertas de movimientos no autorizados<\/li><\/ul><\/section><\/div>\n<\/div>\n","protected":false},"excerpt":{"rendered":"<p>Seguimiento de veh\u00edculos a su alcance Use el seguimiento en tiempo real de Quartix para ver sus veh\u00edculos en tiempo real, en cualquier momento, desde cualquier dispositivo. No se necesita software adicional, todo es accesible desde internet. Vea la herramienta de seguimiento de veh\u00edculos Hojas de control horario del conductor Los registros diarios y las [&hellip;]<\/p>\n","protected":false},"author":12,"featured_media":106276,"parent":0,"menu_order":200,"comment_status":"closed","ping_status":"closed","template":"","meta":{"_acf_changed":false,"inline_featured_image":false,"footnotes":""},"topic":[],"qtx_campaign":[],"class_list":["post-23030","page","type-page","status-publish","has-post-thumbnail","hentry"],"acf":[],"yoast_head":"<!-- This site is optimized with the Yoast SEO Premium plugin v27.3 (Yoast SEO v27.3) - https:\/\/yoast.com\/product\/yoast-seo-premium-wordpress\/ -->\n<title>Sistema de seguimiento de veh\u00edculos para empresas - US<\/title>\n<meta name=\"description\" content=\"El seguimiento de veh\u00edculos de Quartix le permite tomar el control de su flota, mejorar la eficiencia operativa y gestionar los costes, la seguridad y el tiempo. Saber m\u00e1s\" \/>\n<meta name=\"robots\" content=\"index, follow, max-snippet:-1, max-image-preview:large, max-video-preview:-1\" \/>\n<link rel=\"canonical\" href=\"https:\/\/www.quartix.com\/es-us\/localizador-vehiculos\/\" \/>\n<meta property=\"og:locale\" content=\"es_ES\" \/>\n<meta property=\"og:type\" content=\"article\" \/>\n<meta property=\"og:title\" content=\"Localizador Vehiculos\" \/>\n<meta property=\"og:description\" content=\"El seguimiento de veh\u00edculos de Quartix le permite tomar el control de su flota, mejorar la eficiencia operativa y gestionar los costes, la seguridad y el tiempo. Saber m\u00e1s\" \/>\n<meta property=\"og:url\" content=\"https:\/\/www.quartix.com\/es-us\/localizador-vehiculos\/\" \/>\n<meta property=\"og:site_name\" content=\"Quartix\" \/>\n<meta property=\"article:publisher\" content=\"https:\/\/www.facebook.com\/Quartix-USA-374426386097401\/\" \/>\n<meta property=\"article:modified_time\" content=\"2024-06-19T13:53:17+00:00\" \/>\n<meta property=\"og:image\" content=\"https:\/\/www.quartix.com\/content\/uploads\/2024\/06\/US-Vehicle-Tracking-Screens.png\" \/>\n\t<meta property=\"og:image:width\" content=\"874\" \/>\n\t<meta property=\"og:image:height\" content=\"590\" \/>\n\t<meta property=\"og:image:type\" content=\"image\/png\" \/>\n<meta name=\"twitter:card\" content=\"summary_large_image\" \/>\n<meta name=\"twitter:site\" content=\"@QuartixUSA\" \/>\n<meta name=\"twitter:label1\" content=\"Est. reading time\" \/>\n\t<meta name=\"twitter:data1\" content=\"5 minutes\" \/>\n<!-- \/ Yoast SEO Premium plugin. -->","yoast_head_json":{"title":"Sistema de seguimiento de veh\u00edculos para empresas - US","description":"El seguimiento de veh\u00edculos de Quartix le permite tomar el control de su flota, mejorar la eficiencia operativa y gestionar los costes, la seguridad y el tiempo. Saber m\u00e1s","robots":{"index":"index","follow":"follow","max-snippet":"max-snippet:-1","max-image-preview":"max-image-preview:large","max-video-preview":"max-video-preview:-1"},"canonical":"https:\/\/www.quartix.com\/es-us\/localizador-vehiculos\/","og_locale":"es_ES","og_type":"article","og_title":"Localizador Vehiculos","og_description":"El seguimiento de veh\u00edculos de Quartix le permite tomar el control de su flota, mejorar la eficiencia operativa y gestionar los costes, la seguridad y el tiempo. Saber m\u00e1s","og_url":"https:\/\/www.quartix.com\/es-us\/localizador-vehiculos\/","og_site_name":"Quartix","article_publisher":"https:\/\/www.facebook.com\/Quartix-USA-374426386097401\/","article_modified_time":"2024-06-19T13:53:17+00:00","og_image":[{"width":874,"height":590,"url":"https:\/\/www.quartix.com\/content\/uploads\/2024\/06\/US-Vehicle-Tracking-Screens.png","type":"image\/png"}],"twitter_card":"summary_large_image","twitter_site":"@QuartixUSA","twitter_misc":{"Est. reading time":"5 minutes"},"schema":{"@context":"https:\/\/schema.org","@graph":[{"@type":"WebPage","@id":"https:\/\/www.quartix.com\/es-us\/localizador-vehiculos\/","url":"https:\/\/www.quartix.com\/es-us\/localizador-vehiculos\/","name":"Sistema de seguimiento de veh\u00edculos para empresas","isPartOf":{"@id":"https:\/\/www.quartix.com\/es-us\/#website"},"primaryImageOfPage":{"@id":"https:\/\/www.quartix.com\/es-us\/localizador-vehiculos\/#primaryimage"},"image":{"@id":"https:\/\/www.quartix.com\/es-us\/localizador-vehiculos\/#primaryimage"},"thumbnailUrl":"https:\/\/www.quartix.com\/content\/uploads\/2024\/06\/US-Vehicle-Tracking-Screens.png","datePublished":"2019-05-24T16:45:08+00:00","dateModified":"2024-06-19T13:53:17+00:00","description":"El seguimiento de veh\u00edculos de Quartix le permite tomar el control de su flota, mejorar la eficiencia operativa y gestionar los costes, la seguridad y el tiempo. Saber m\u00e1s","breadcrumb":{"@id":"https:\/\/www.quartix.com\/es-us\/localizador-vehiculos\/#breadcrumb"},"inLanguage":"es-US","potentialAction":[{"@type":"ReadAction","target":["https:\/\/www.quartix.com\/es-us\/localizador-vehiculos\/"]}]},{"@type":"ImageObject","inLanguage":"es-US","@id":"https:\/\/www.quartix.com\/es-us\/localizador-vehiculos\/#primaryimage","url":"https:\/\/www.quartix.com\/content\/uploads\/2024\/06\/US-Vehicle-Tracking-Screens.png","contentUrl":"https:\/\/www.quartix.com\/content\/uploads\/2024\/06\/US-Vehicle-Tracking-Screens.png","width":874,"height":590,"caption":"US Vehicle Tracking Screens"},{"@type":"BreadcrumbList","@id":"https:\/\/www.quartix.com\/es-us\/localizador-vehiculos\/#breadcrumb","itemListElement":[{"@type":"ListItem","position":1,"name":"Inicio","item":"https:\/\/www.quartix.com\/es-us\/"},{"@type":"ListItem","position":2,"name":"Localizador Vehiculos"}]},{"@type":"WebSite","@id":"https:\/\/www.quartix.com\/es-us\/#website","url":"https:\/\/www.quartix.com\/es-us\/","name":"Quartix","description":"Real-time vehicle tracking","publisher":{"@id":"https:\/\/www.quartix.com\/es-us\/#organization"},"potentialAction":[{"@type":"SearchAction","target":{"@type":"EntryPoint","urlTemplate":"https:\/\/www.quartix.com\/es-us\/?s={search_term_string}"},"query-input":{"@type":"PropertyValueSpecification","valueRequired":true,"valueName":"search_term_string"}}],"inLanguage":"es-US"},{"@type":"Organization","@id":"https:\/\/www.quartix.com\/es-us\/#organization","name":"Quartix","url":"https:\/\/www.quartix.com\/es-us\/","logo":{"@type":"ImageObject","inLanguage":"es-US","@id":"https:\/\/www.quartix.com\/es-us\/#\/schema\/logo\/image\/","url":"https:\/\/www.quartix.com\/content\/uploads\/2019\/02\/quartix-logo-eur.svg","contentUrl":"https:\/\/www.quartix.com\/content\/uploads\/2019\/02\/quartix-logo-eur.svg","width":1,"height":1,"caption":"Quartix"},"image":{"@id":"https:\/\/www.quartix.com\/es-us\/#\/schema\/logo\/image\/"},"sameAs":["https:\/\/www.facebook.com\/Quartix-USA-374426386097401\/","https:\/\/x.com\/QuartixUSA","https:\/\/www.linkedin.com\/company\/5346733\/","https:\/\/www.youtube.com\/channel\/UCzS-_GMfHF4kWiCheyIRrAQ"]}]}},"_links":{"self":[{"href":"https:\/\/www.quartix.com\/es-us\/wp-json\/wp\/v2\/pages\/23030","targetHints":{"allow":["GET"]}}],"collection":[{"href":"https:\/\/www.quartix.com\/es-us\/wp-json\/wp\/v2\/pages"}],"about":[{"href":"https:\/\/www.quartix.com\/es-us\/wp-json\/wp\/v2\/types\/page"}],"author":[{"embeddable":true,"href":"https:\/\/www.quartix.com\/es-us\/wp-json\/wp\/v2\/users\/12"}],"replies":[{"embeddable":true,"href":"https:\/\/www.quartix.com\/es-us\/wp-json\/wp\/v2\/comments?post=23030"}],"version-history":[{"count":0,"href":"https:\/\/www.quartix.com\/es-us\/wp-json\/wp\/v2\/pages\/23030\/revisions"}],"wp:featuredmedia":[{"embeddable":true,"href":"https:\/\/www.quartix.com\/es-us\/wp-json\/wp\/v2\/media\/106276"}],"wp:attachment":[{"href":"https:\/\/www.quartix.com\/es-us\/wp-json\/wp\/v2\/media?parent=23030"}],"wp:term":[{"taxonomy":"topic","embeddable":true,"href":"https:\/\/www.quartix.com\/es-us\/wp-json\/wp\/v2\/topic?post=23030"},{"taxonomy":"qtx_campaign","embeddable":true,"href":"https:\/\/www.quartix.com\/es-us\/wp-json\/wp\/v2\/qtx_campaign?post=23030"}],"curies":[{"name":"wp","href":"https:\/\/api.w.org\/{rel}","templated":true}]}}