{"id":45883,"date":"2020-10-21T09:21:11","date_gmt":"2020-10-21T08:21:11","guid":{"rendered":" https:\/\/www.quartix.com\/?page_id=45883"},"modified":"2022-04-26T10:06:23","modified_gmt":"2022-04-26T09:06:23","slug":"supervision-de-horas-de-motor","status":"publish","type":"page","link":"https:\/\/www.quartix.com\/es-us\/localizador-vehiculos\/supervision-de-horas-de-motor\/","title":{"rendered":"Horas del motor: una imagen m\u00e1s clara de la utilizaci\u00f3n de la flota"},"content":{"rendered":"\n<h2 class=\"wp-block-heading\">Controle los niveles reales de uso del motor<\/h2>\n\n\n\n<p>Los <u><\/u> de Quartix incluyen datos de las horas de uso del motor, lo que ofrece una mayor comprensi\u00f3n de cu\u00e1nto tiempo ha estado activo un veh\u00edculo con seguimiento de Quartix en un rango de fechas determinado. Esta informaci\u00f3n puede ser \u00fatil para medir la cantidad real de desgaste que soportan sus veh\u00edculos, incluso para capturar el uso cuando el veh\u00edculo est\u00e1 parado. Mientras que las lecturas del od\u00f3metro se calculan en el sistema Quartix a partir de las <a href=\"\/es-us\/localizador-vehiculos\/hojas-de-control-horario\/\" target=\"_blank\" rel=\"noopener noreferrer\">distancias totales recorridas<\/a>, el tiempo de funcionamiento del motor se supervisa en paralelo, lo que agrega una capa adicional de evidencia a los datos de utilizaci\u00f3n de su flota.<\/p>\n\n\n\n<div class=\"wp-block-columns is-layout-flex wp-container-core-columns-is-layout-28f84493 wp-block-columns-is-layout-flex\">\n<div class=\"wp-block-column is-layout-flow wp-block-column-is-layout-flow\">\n<p>Los datos de horas de uso del motor son particularmente \u00fatiles para hacer seguimiento a veh\u00edculos especializados como apisonadoras, cortadoras de c\u00e9sped y excavadoras que operan durante largas horas en un solo sitio. Sin embargo, esta informaci\u00f3n sigue siendo valiosa para las flotas m\u00f3viles. Los costes de combustible y de mantenimiento se pueden entender claramente cuando se consideran las horas del motor junto con lo que sucede cuando los veh\u00edculos est\u00e1n en movimiento. Dotados con esta informaci\u00f3n, es m\u00e1s f\u00e1cil cambiar comportamientos como:<\/p>\n\n\n\n<ul class=\"wp-block-list\"><li>Poner en riesgo la salud y la seguridad de sus trabajadores<\/li><li>Poner en peligro las garant\u00edas<\/li><li>Crear costes innecesarios<\/li><\/ul>\n<\/div>\n\n\n\n<div class=\"wp-block-column is-layout-flow wp-block-column-is-layout-flow\">\n<div class=\"wp-block-image\"><figure class=\"aligncenter\"><img decoding=\"async\" src=\" https:\/\/www.quartix.com\/content\/uploads\/2020\/10\/machinery-being-operated.jpg\" alt=\"Heavy Machinery\"\/><\/figure><\/div>\n<\/div>\n<\/div>\n\n\n\n<h2 class=\"wp-block-heading\">Evite incumplimientos en su flota<\/h2>\n\n\n\n<p>Saber exactamente cu\u00e1nto tiempo han estado en uso sus veh\u00edculos y maquinaria puede ser una informaci\u00f3n vital para garantizar que se cumplan los programas de mantenimiento y las normas de salud y seguridad. Para mantenerse dentro de los l\u00edmites de la garant\u00eda del fabricante, es posible que deba realizar un seguimiento de cu\u00e1ntas horas se han utilizado sus activos.<\/p>\n\n\n\n<div class=\"wp-block-columns is-layout-flex wp-container-core-columns-is-layout-28f84493 wp-block-columns-is-layout-flex\">\n<div class=\"wp-block-column is-layout-flow wp-block-column-is-layout-flow\">\n<h2 class=\"wp-block-heading\">Cumplir con los l\u00edmites de uso de maquinaria pesada<\/h2>\n\n\n\n<p>Proteja a sus empleados asegur\u00e1ndose de que no est\u00e9n expuestos a vibraciones excesivas de la maquinaria mientras est\u00e1n en el trabajo. La vibraci\u00f3n que se extiende por el suelo de ciertos veh\u00edculos de trabajo puede causar problemas de salud, incluido el dolor de espalda. Cuanto m\u00e1s tiempo trabaje un empleado en estos veh\u00edculos, mayor ser\u00e1 su riesgo de desarrollar problemas a largo plazo. Las horas de uso del motor le ayudan a seguir cuidadosamente las normas de seguridad y proteger a sus empleados en estas situaciones.<\/p>\n<\/div>\n\n\n\n<div class=\"wp-block-column is-layout-flow wp-block-column-is-layout-flow\">\n<div class=\"wp-block-image\"><figure class=\"aligncenter\"><img decoding=\"async\" src=\" https:\/\/www.quartix.com\/content\/uploads\/2020\/08\/US_Engine-hours-1-1000x502.png\" alt=\"Motorbetriebsstunden\"\/><\/figure><\/div>\n<\/div>\n<\/div>\n\n\n\n<div class=\"wp-block-columns is-layout-flex wp-container-core-columns-is-layout-28f84493 wp-block-columns-is-layout-flex\">\n<div class=\"wp-block-column is-layout-flow wp-block-column-is-layout-flow\">\n<h2 class=\"wp-block-heading\">Mejorar la salud general del veh\u00edculo<\/h2>\n\n\n\n<p>Establezca los intervalos correctos para los cambios de aceite y filtro utilizando las horas de uso del motor como gu\u00eda. Junto con los <a href=\"\/es-us\/localizador-vehiculos\/herramientas-administrativas\/\" target=\"_blank\" rel=\"noopener noreferrer\">recordatorios de inspecci\u00f3n t\u00e9cnica y fecha de servicio<\/a>, el sistema Quartix le ayuda a mantener su flota en las mejores condiciones.<\/p>\n\n\n\n<p>El informe de horas de uso del motor resaltar\u00e1 d\u00f3nde han estado parados en marcha sus veh\u00edculos durante largos per\u00edodos de tiempo (algo que no solo ejerce una sobrecarga innecesaria en ellos, sino que utiliza combustible y aumenta las emisiones de carbono). El <a href=\"\/es-us\/localizador-vehiculos\/seguimiento-de-vehiculos\/\" target=\"_blank\" rel=\"noopener noreferrer\">sistema de seguimiento de veh\u00edculos<\/a> de Quartix ayuda a las empresas a modificar este comportamiento, reducir el desgaste de los veh\u00edculos y el coste de combustible.<\/p>\n\n\n\n<p>Nuestra <a href=\"\/es-us\/mas-informacion\/guias\/\" target=\"_blank\" rel=\"noopener noreferrer\">gu\u00eda de conducci\u00f3n ecol\u00f3gica<\/a> ofrece m\u00e1s consejos sobre el uso del seguimiento de veh\u00edculos para mejorar la salud del veh\u00edculo.<\/p>\n<\/div>\n\n\n\n<div class=\"wp-block-column is-layout-flow wp-block-column-is-layout-flow\">\n<figure class=\"wp-block-image\"><img decoding=\"async\" src=\" https:\/\/www.quartix.com\/content\/uploads\/2020\/10\/Oil-change-vehicle.jpg\" alt=\"\"\/><\/figure>\n<\/div>\n<\/div>\n\n\n\n<h2 class=\"wp-block-heading\">Un \u00fanico punto de informaci\u00f3n<\/h2>\n\n\n\n<p>Algunas empresas optar\u00e1n por usar contadores de horas del motor como soluci\u00f3n para mantener intactas las garant\u00edas y controlar el uso. Esto requiere que se conecte una pieza de equipo separada al veh\u00edculo o maquinaria, con el \u00fanico prop\u00f3sito de medir las horas del motor. Con Quartix, no hay necesidad de equipos de supervisi\u00f3n adicionales. Nuestros dispositivos vienen con esta funcionalidad incorporada y alimentan la informaci\u00f3n directamente al sistema para que la vea de un vistazo.<\/p>\n\n\n\n<p>Para obtener m\u00e1s informaci\u00f3n sobre c\u00f3mo monitorizar las horas del motor del veh\u00edculo con Quartix, \u00a1<a href=\"\/es-us\/empresa\/contacto\/\" target=\"_blank\" rel=\"noopener noreferrer\">cont\u00e1ctenos<\/a> hoy!&nbsp;<\/p>\n","protected":false},"excerpt":{"rendered":"<p>Controle los niveles reales de uso del motor Los de Quartix incluyen datos de las horas de uso del motor, lo que ofrece una mayor comprensi\u00f3n de cu\u00e1nto tiempo ha estado activo un veh\u00edculo con seguimiento de Quartix en un rango de fechas determinado. Esta informaci\u00f3n puede ser \u00fatil para medir la cantidad real de [&hellip;]<\/p>\n","protected":false},"author":12,"featured_media":0,"parent":23030,"menu_order":95,"comment_status":"closed","ping_status":"closed","template":"","meta":{"_acf_changed":false,"inline_featured_image":false,"footnotes":""},"topic":[],"qtx_campaign":[],"class_list":["post-45883","page","type-page","status-publish","hentry"],"acf":[],"yoast_head":"<!-- This site is optimized with the Yoast SEO Premium plugin v27.3 (Yoast SEO v27.3) - https:\/\/yoast.com\/product\/yoast-seo-premium-wordpress\/ -->\n<title>Horas del motor: Perspectivas mejoradas en el uso del veh\u00edculo - US<\/title>\n<meta name=\"description\" content=\"El informe de horas de uso del motor muestra con exactitud cu\u00e1nto tiempo estuvo activo un veh\u00edculo con el seguimiento de Quartix. Informaci\u00f3n vital para el mantenimiento del veh\u00edculo y la seguridad del personal. \u00a1Descubra m\u00e1s!\" \/>\n<meta name=\"robots\" content=\"index, follow, max-snippet:-1, max-image-preview:large, max-video-preview:-1\" \/>\n<link rel=\"canonical\" href=\"https:\/\/www.quartix.com\/es-us\/localizador-vehiculos\/supervision-de-horas-de-motor\/\" \/>\n<meta property=\"og:locale\" content=\"es_ES\" \/>\n<meta property=\"og:type\" content=\"article\" \/>\n<meta property=\"og:title\" content=\"Horas del motor: una imagen m\u00e1s clara de la utilizaci\u00f3n de la flota\" \/>\n<meta property=\"og:description\" content=\"El informe de horas de uso del motor muestra con exactitud cu\u00e1nto tiempo estuvo activo un veh\u00edculo con el seguimiento de Quartix. Informaci\u00f3n vital para el mantenimiento del veh\u00edculo y la seguridad del personal. \u00a1Descubra m\u00e1s!\" \/>\n<meta property=\"og:url\" content=\"https:\/\/www.quartix.com\/es-us\/localizador-vehiculos\/supervision-de-horas-de-motor\/\" \/>\n<meta property=\"og:site_name\" content=\"Quartix\" \/>\n<meta property=\"article:publisher\" content=\"https:\/\/www.facebook.com\/Quartix-USA-374426386097401\/\" \/>\n<meta property=\"article:modified_time\" content=\"2022-04-26T09:06:23+00:00\" \/>\n<meta name=\"twitter:card\" content=\"summary_large_image\" \/>\n<meta name=\"twitter:site\" content=\"@QuartixUSA\" \/>\n<meta name=\"twitter:label1\" content=\"Est. reading time\" \/>\n\t<meta name=\"twitter:data1\" content=\"4 minutes\" \/>\n<!-- \/ Yoast SEO Premium plugin. -->","yoast_head_json":{"title":"Horas del motor: Perspectivas mejoradas en el uso del veh\u00edculo - US","description":"El informe de horas de uso del motor muestra con exactitud cu\u00e1nto tiempo estuvo activo un veh\u00edculo con el seguimiento de Quartix. Informaci\u00f3n vital para el mantenimiento del veh\u00edculo y la seguridad del personal. \u00a1Descubra m\u00e1s!","robots":{"index":"index","follow":"follow","max-snippet":"max-snippet:-1","max-image-preview":"max-image-preview:large","max-video-preview":"max-video-preview:-1"},"canonical":"https:\/\/www.quartix.com\/es-us\/localizador-vehiculos\/supervision-de-horas-de-motor\/","og_locale":"es_ES","og_type":"article","og_title":"Horas del motor: una imagen m\u00e1s clara de la utilizaci\u00f3n de la flota","og_description":"El informe de horas de uso del motor muestra con exactitud cu\u00e1nto tiempo estuvo activo un veh\u00edculo con el seguimiento de Quartix. Informaci\u00f3n vital para el mantenimiento del veh\u00edculo y la seguridad del personal. \u00a1Descubra m\u00e1s!","og_url":"https:\/\/www.quartix.com\/es-us\/localizador-vehiculos\/supervision-de-horas-de-motor\/","og_site_name":"Quartix","article_publisher":"https:\/\/www.facebook.com\/Quartix-USA-374426386097401\/","article_modified_time":"2022-04-26T09:06:23+00:00","twitter_card":"summary_large_image","twitter_site":"@QuartixUSA","twitter_misc":{"Est. reading time":"4 minutes"},"schema":{"@context":"https:\/\/schema.org","@graph":[{"@type":"WebPage","@id":"https:\/\/www.quartix.com\/es-us\/localizador-vehiculos\/supervision-de-horas-de-motor\/","url":"https:\/\/www.quartix.com\/es-us\/localizador-vehiculos\/supervision-de-horas-de-motor\/","name":"Horas del motor: Perspectivas mejoradas en el uso del veh\u00edculo","isPartOf":{"@id":"https:\/\/www.quartix.com\/es-us\/#website"},"datePublished":"2020-10-21T08:21:11+00:00","dateModified":"2022-04-26T09:06:23+00:00","description":"El informe de horas de uso del motor muestra con exactitud cu\u00e1nto tiempo estuvo activo un veh\u00edculo con el seguimiento de Quartix. Informaci\u00f3n vital para el mantenimiento del veh\u00edculo y la seguridad del personal. \u00a1Descubra m\u00e1s!","breadcrumb":{"@id":"https:\/\/www.quartix.com\/es-us\/localizador-vehiculos\/supervision-de-horas-de-motor\/#breadcrumb"},"inLanguage":"es-US","potentialAction":[{"@type":"ReadAction","target":["https:\/\/www.quartix.com\/es-us\/localizador-vehiculos\/supervision-de-horas-de-motor\/"]}]},{"@type":"BreadcrumbList","@id":"https:\/\/www.quartix.com\/es-us\/localizador-vehiculos\/supervision-de-horas-de-motor\/#breadcrumb","itemListElement":[{"@type":"ListItem","position":1,"name":"Inicio","item":"https:\/\/www.quartix.com\/es-us\/quartix-real-time-vehicle-tracking-2\/"},{"@type":"ListItem","position":2,"name":"Localizador Vehiculos","item":"https:\/\/www.quartix.com\/es-us\/localizador-vehiculos\/"},{"@type":"ListItem","position":3,"name":"Horas del motor: una imagen m\u00e1s clara de la utilizaci\u00f3n de la flota"}]},{"@type":"WebSite","@id":"https:\/\/www.quartix.com\/es-us\/#website","url":"https:\/\/www.quartix.com\/es-us\/","name":"Quartix","description":"Real-time vehicle tracking","publisher":{"@id":"https:\/\/www.quartix.com\/es-us\/#organization"},"potentialAction":[{"@type":"SearchAction","target":{"@type":"EntryPoint","urlTemplate":"https:\/\/www.quartix.com\/es-us\/?s={search_term_string}"},"query-input":{"@type":"PropertyValueSpecification","valueRequired":true,"valueName":"search_term_string"}}],"inLanguage":"es-US"},{"@type":"Organization","@id":"https:\/\/www.quartix.com\/es-us\/#organization","name":"Quartix","url":"https:\/\/www.quartix.com\/es-us\/","logo":{"@type":"ImageObject","inLanguage":"es-US","@id":"https:\/\/www.quartix.com\/es-us\/#\/schema\/logo\/image\/","url":"https:\/\/www.quartix.com\/content\/uploads\/2019\/02\/quartix-logo-eur.svg","contentUrl":"https:\/\/www.quartix.com\/content\/uploads\/2019\/02\/quartix-logo-eur.svg","width":1,"height":1,"caption":"Quartix"},"image":{"@id":"https:\/\/www.quartix.com\/es-us\/#\/schema\/logo\/image\/"},"sameAs":["https:\/\/www.facebook.com\/Quartix-USA-374426386097401\/","https:\/\/x.com\/QuartixUSA","https:\/\/www.linkedin.com\/company\/5346733\/","https:\/\/www.youtube.com\/channel\/UCzS-_GMfHF4kWiCheyIRrAQ"]}]}},"_links":{"self":[{"href":"https:\/\/www.quartix.com\/es-us\/wp-json\/wp\/v2\/pages\/45883","targetHints":{"allow":["GET"]}}],"collection":[{"href":"https:\/\/www.quartix.com\/es-us\/wp-json\/wp\/v2\/pages"}],"about":[{"href":"https:\/\/www.quartix.com\/es-us\/wp-json\/wp\/v2\/types\/page"}],"author":[{"embeddable":true,"href":"https:\/\/www.quartix.com\/es-us\/wp-json\/wp\/v2\/users\/12"}],"replies":[{"embeddable":true,"href":"https:\/\/www.quartix.com\/es-us\/wp-json\/wp\/v2\/comments?post=45883"}],"version-history":[{"count":0,"href":"https:\/\/www.quartix.com\/es-us\/wp-json\/wp\/v2\/pages\/45883\/revisions"}],"up":[{"embeddable":true,"href":"https:\/\/www.quartix.com\/es-us\/wp-json\/wp\/v2\/pages\/23030"}],"wp:attachment":[{"href":"https:\/\/www.quartix.com\/es-us\/wp-json\/wp\/v2\/media?parent=45883"}],"wp:term":[{"taxonomy":"topic","embeddable":true,"href":"https:\/\/www.quartix.com\/es-us\/wp-json\/wp\/v2\/topic?post=45883"},{"taxonomy":"qtx_campaign","embeddable":true,"href":"https:\/\/www.quartix.com\/es-us\/wp-json\/wp\/v2\/qtx_campaign?post=45883"}],"curies":[{"name":"wp","href":"https:\/\/api.w.org\/{rel}","templated":true}]}}