{"id":110989,"date":"2024-09-26T15:59:44","date_gmt":"2024-09-26T14:59:44","guid":{"rendered":"https:\/\/www.quartix.com\/?page_id=110989"},"modified":"2025-07-02T14:48:33","modified_gmt":"2025-07-02T13:48:33","slug":"protection-de-la-vie-privee-des-conducteurs","status":"publish","type":"page","link":"https:\/\/www.quartix.com\/fr-fr\/protection-de-la-vie-privee-des-conducteurs\/","title":{"rendered":"Protection de la Vie Priv\u00e9e des Conducteurs"},"content":{"rendered":"<div class=\"hero-block-with-list-wrapper \">\r\n    <div \r\n         \r\n        class=\"hero-block-with-list\"\r\n    >\r\n        <div class=\"hero-content\">\r\n            <div class=\"inner\">\r\n                                            <h1 class=\"title \">Respectez la vie priv\u00e9e de vos conducteurs tout en g\u00e9rant votre flotte efficacement<\/h1>\r\n                                                                                <ul class=\"stylelikeh4\">\r\n                            <li><span class='tickicon'><\/span>Am\u00e9liorez le moral des conducteurs : Respecter la vie priv\u00e9e augmente la satisfaction au travail.<\/li><li><span class='tickicon'><\/span>Renforcez la confiance : Les conducteurs se sentent valoris\u00e9s lorsque leur temps personnel est respect\u00e9.<\/li><li><span class='tickicon'><\/span>Pr\u00e9venez les pratiques non autoris\u00e9es : R\u00e9duire le risque que les conducteurs utilisent des dispositifs de brouillage GPS.<\/li>                    <\/ul>\r\n                                                        <div class=\"buttons\">\r\n                        <a href=\"https:\/\/www.quartix.com\/fr-fr\/demande-demo\/\" class=\"btn btn-green cta\" target=\"_blank\" title=\"Commencez d\u00e8s aujourd\u2019hui\">Commencez d\u00e8s aujourd\u2019hui<\/a>\r\n                                            <\/div>\r\n                                <p class=\"stylelikeh4\">Notre approche <span class=\"green bold\">priorise<\/span> \u00e0 la fois vos besoins op\u00e9rationnels et le confort de vos conducteurs.<\/p>            <\/div>\r\n        <\/div>\r\n                    <div class=\"hero-image\" style=\"flex-basis: 50%\">\r\n                <img loading=\"lazy\" decoding=\"async\" width=\"1440\" height=\"1080\" src=\"https:\/\/www.quartix.com\/content\/uploads\/2024\/09\/Artboard-\u2013-57-1440x1080.png\" class=\"desktop\" alt=\"\" style=\"margin: 50px 0;\" srcset=\"https:\/\/www.quartix.com\/content\/uploads\/2024\/09\/Artboard-\u2013-57-1440x1080.png 1440w, https:\/\/www.quartix.com\/content\/uploads\/2024\/09\/Artboard-\u2013-57-300x225.png 300w, https:\/\/www.quartix.com\/content\/uploads\/2024\/09\/Artboard-\u2013-57-1000x750.png 1000w, https:\/\/www.quartix.com\/content\/uploads\/2024\/09\/Artboard-\u2013-57-768x576.png 768w, https:\/\/www.quartix.com\/content\/uploads\/2024\/09\/Artboard-\u2013-57-1536x1152.png 1536w, https:\/\/www.quartix.com\/content\/uploads\/2024\/09\/Artboard-\u2013-57.png 1920w\" sizes=\"auto, (max-width: 1440px) 100vw, 1440px\" \/>                            <\/div>\r\n            <\/div>\r\n<\/div>\n\n\r\n<section  class=\"qtx-pagebuilder-section qtx-pagebuilder-section-benefits \">\r\n    <div class=\"widthwrapper\">\r\n        <div class=\"benefits\">\r\n                            <h3>Comment fonctionne la protection de la vie priv\u00e9e des conducteurs<\/h3>\r\n                                        <p>Notre fonctionnalit\u00e9 innovante permet aux conducteurs de masquer leur activit\u00e9 de conduite pendant des p\u00e9riodes d\u00e9finies. Lorsqu\u2019elle est activ\u00e9e, le suivi du v\u00e9hicule est suspendu et seul le kilom\u00e9trage est enregistr\u00e9. Aucune donn\u00e9e concernant les points de d\u00e9part\/arriv\u00e9e, l\u2019itin\u00e9raire ou le comportement de conduite n\u2019est captur\u00e9e ni stock\u00e9e durant cette p\u00e9riode. Cela vous permet de g\u00e9rer efficacement les co\u00fbts de votre flotte tout en respectant la vie priv\u00e9e de vos conducteurs.<\/p>\r\n                                        <h4>Caract\u00e9ristiques cl\u00e9s de notre protection de la vie priv\u00e9e :<\/h4>\r\n                                        <ul>\r\n                                                                        <li>\r\n                                <span class=\"fa-li\"><i class=\"fas fa-check-circle\"><\/i><\/span>\r\n                                Emplacements dissimul\u00e9s : Cache les points de d\u00e9part et d\u2019arr\u00eat lors d\u2019une utilisation personnelle.                            <\/li>\r\n                                                                                                <li>\r\n                                <span class=\"fa-li\"><i class=\"fas fa-check-circle\"><\/i><\/span>\r\n                                Donn\u00e9es essentielles accessibles : Conservez une vue d\u2019ensemble du kilom\u00e9trage et de l\u2019\u00e9tat du v\u00e9hicule.                            <\/li>\r\n                                                                                                <li>\r\n                                <span class=\"fa-li\"><i class=\"fas fa-check-circle\"><\/i><\/span>\r\n                                Le mode confidentialit\u00e9 d\u00e9sactive la collecte des donn\u00e9es de suivi, \u00e0 l\u2019exception des kilom\u00e8tres parcourus pendant l\u2019usage personnel.                            <\/li>\r\n                                                            <\/ul>\r\n                                        <a href=\"https:\/\/www.quartix.com\/fr-fr\/demande-demo\/\" class=\"btn btn-green btn-inline\">\r\n                    Commencez d\u00e8s aujourd\u2019hui                <\/a>\r\n                    <\/div>  \r\n                    <div class=\"image\">\r\n                <img decoding=\"async\" src=\"https:\/\/www.quartix.com\/content\/uploads\/2024\/09\/Artboard-\u2013-60.png\" alt=\"\">\r\n            <\/div>\r\n            <\/div>\r\n<\/section>\n\n\r\n<section  class=\"qtx-pagebuilder-section qtx-pagebuilder-section-benefits flipped\">\r\n    <div class=\"widthwrapper\">\r\n        <div class=\"benefits\">\r\n                            <h3>Avantages d\u2019une solution non intrusive<\/h3>\r\n                                        <p>Contrairement \u00e0 nos concurrents qui n\u00e9cessitent l\u2019installation de boutons physiques ou de mat\u00e9riel suppl\u00e9mentaire dans les v\u00e9hicules, notre solution est enti\u00e8rement bas\u00e9e sur un logiciel. Les administrateurs peuvent activer la protection de la vie priv\u00e9e via le site web de Quartix. Cette approche vous fait gagner du temps et de l\u2019argent tout en \u00e9vitant d\u2019\u00e9ventuels dommages aux v\u00e9hicules dus \u00e0 des installations inutiles.\r\n\r\n<\/p>\r\n                                        <h4>Avantages de notre approche logicielle :<\/h4>\r\n                                        <ul>\r\n                                                                        <li>\r\n                                <span class=\"fa-li\"><i class=\"fas fa-check-circle\"><\/i><\/span>\r\n                                \u00c9conomies de co\u00fbts : Pas de frais suppl\u00e9mentaires pour le mat\u00e9riel ou les installations.                            <\/li>\r\n                                                                                                <li>\r\n                                <span class=\"fa-li\"><i class=\"fas fa-check-circle\"><\/i><\/span>\r\n                                Int\u00e9grit\u00e9 du v\u00e9hicule : \u00c9vitez les dommages ou l\u2019encombrement caus\u00e9s par des dispositifs suppl\u00e9mentaires.                            <\/li>\r\n                                                                                                <li>\r\n                                <span class=\"fa-li\"><i class=\"fas fa-check-circle\"><\/i><\/span>\r\n                                Facile \u00e0 utiliser : L\u2019activation simple am\u00e9liore l\u2019exp\u00e9rience du conducteur.                            <\/li>\r\n                                                            <\/ul>\r\n                                        <a href=\"https:\/\/www.quartix.com\/fr-fr\/demande-demo\/\" class=\"btn btn-green btn-inline\">\r\n                    Commencez d\u00e8s aujourd\u2019hui                <\/a>\r\n                    <\/div>  \r\n                    <div class=\"image\">\r\n                <img decoding=\"async\" src=\"https:\/\/www.quartix.com\/content\/uploads\/2024\/09\/Artboard-\u2013-58.png\" alt=\"\">\r\n            <\/div>\r\n            <\/div>\r\n<\/section>\n\n\r\n<section  class=\"qtx-pagebuilder-section qtx-pagebuilder-section-benefits \">\r\n    <div class=\"widthwrapper\">\r\n        <div class=\"benefits\">\r\n                            <h3>Conformit\u00e9 aux r\u00e9glementations sur la vie priv\u00e9e<\/h3>\r\n                                        <p>Rester conforme aux lois sur la vie priv\u00e9e est essentiel pour toute entreprise op\u00e9rant dans l\u2019environnement r\u00e9glementaire actuel. Notre fonctionnalit\u00e9 de protection de la vie priv\u00e9e des conducteurs vous aide \u00e0 :\r\n<\/p>\r\n                                        <h4>Comment nous vous aidons \u00e0 rester conforme :<\/h4>\r\n                                        <ul>\r\n                                                                        <li>\r\n                                <span class=\"fa-li\"><i class=\"fas fa-check-circle\"><\/i><\/span>\r\n                                Prot\u00e9gez les donn\u00e9es personnelles : Prot\u00e9gez les informations sensibles comme les adresses de domicile et les lieux fr\u00e9quent\u00e9s.                            <\/li>\r\n                                                                                                <li>\r\n                                <span class=\"fa-li\"><i class=\"fas fa-check-circle\"><\/i><\/span>\r\n                                Simplifiez la conformit\u00e9 : Les fonctionnalit\u00e9s int\u00e9gr\u00e9es facilitent le respect des r\u00e9glementations.                            <\/li>\r\n                                                                                                <li>\r\n                                <span class=\"fa-li\"><i class=\"fas fa-check-circle\"><\/i><\/span>\r\n                                R\u00e9duisez les risques juridiques : Minimisez les risques de plaintes ou d\u2019amendes li\u00e9es \u00e0 la vie priv\u00e9e.                            <\/li>\r\n                                                            <\/ul>\r\n                                        <a href=\"https:\/\/www.quartix.com\/fr-fr\/demande-demo\/\" class=\"btn btn-green btn-inline\">\r\n                    Commencez d\u00e8s aujourd\u2019hui                <\/a>\r\n                    <\/div>  \r\n                    <div class=\"image\">\r\n                <img decoding=\"async\" src=\"https:\/\/www.quartix.com\/content\/uploads\/2024\/09\/Artboard-\u2013-59.png\" alt=\"\">\r\n            <\/div>\r\n            <\/div>\r\n<\/section>\n\n<section  class=\"qtx-pagebuilder-section qtx-pagebuilder-section-title widthwrapper\">\r\n    <h2>Faites le bon choix pour votre entreprise et votre \u00e9quipe. Agissez maintenant.<\/h2>\r\n<\/section>\n\n<section  class=\"qtx-pagebuilder-section qtx-pagebuilder-section-text widthwrapper\">\r\n    <p class=\"p1\" style=\"text-align: center;\">Respecter la vie priv\u00e9e de vos conducteurs ne signifie pas sacrifier l\u2019efficacit\u00e9 de votre flotte. Notre fonctionnalit\u00e9 de protection de la vie priv\u00e9e offre un \u00e9quilibre parfait, garantissant que vos op\u00e9rations se d\u00e9roulent sans accroc tout en valorisant et respectant vos conducteurs.<\/p>\n<\/section>\r\n\n\n\n<div class=\"wp-block-columns is-layout-flex wp-container-core-columns-is-layout-28f84493 wp-block-columns-is-layout-flex\">\n<div class=\"wp-block-column is-layout-flow wp-block-column-is-layout-flow\">\n<h2 class=\"wp-block-heading\" id=\"h-foire-aux-questions\"><strong>Foire aux questions<\/strong><\/h2>\n\n\n\n<div class=\"schema-faq wp-block-yoast-faq-block\"><div class=\"schema-faq-section\" id=\"faq-question-1726608776087\"><strong class=\"schema-faq-question\"><strong>Puis-je toujours localiser le v\u00e9hicule en cas d&#8217;urgence ?<\/strong><\/strong> <p class=\"schema-faq-answer\">Oui, dans des circonstances exceptionnelles telles que des accidents ou des probl\u00e8mes de s\u00e9curit\u00e9, vous pouvez r\u00e9cup\u00e9rer les donn\u00e9es masqu\u00e9es pour aider aux enqu\u00eates.<\/p> <\/div> <div class=\"schema-faq-section\" id=\"faq-question-1726608784425\"><strong class=\"schema-faq-question\"><strong>Comment activez-vous le mode confidentialit\u00e9 ?<\/strong><\/strong> <p class=\"schema-faq-answer\">Le mode confidentialit\u00e9 ne peut \u00eatre activ\u00e9 que via le site web de Quartix par un compte administrateur. Une fois activ\u00e9, les conducteurs peuvent acc\u00e9der au mode confidentialit\u00e9 via un navigateur sur ordinateur ou mobile. La page est optimis\u00e9e pour les mobiles, mais ne fait pas partie de l\u2019application mobile.<\/p> <\/div> <div class=\"schema-faq-section\" id=\"faq-question-1726608785108\"><strong class=\"schema-faq-question\"><strong>Ce service n\u00e9cessite-t-il un mat\u00e9riel suppl\u00e9mentaire ?<\/strong><\/strong> <p class=\"schema-faq-answer\">Non, notre solution est enti\u00e8rement bas\u00e9e sur un logiciel, ce qui \u00e9limine le besoin d\u2019appareils suppl\u00e9mentaires ou d\u2019installations.<\/p> <\/div> <div class=\"schema-faq-section\" id=\"faq-question-1726608785804\"><strong class=\"schema-faq-question\"><strong>Comment cette fonctionnalit\u00e9 aide-t-elle \u00e0 la conformit\u00e9 au RGPD ?<\/strong><\/strong> <p class=\"schema-faq-answer\">En permettant aux conducteurs de masquer les informations personnelles identifiables, vous respectez les directives du RGPD concernant la minimisation des donn\u00e9es et la confidentialit\u00e9.<\/p> <\/div> <\/div>\n<\/div>\n<\/div>\n","protected":false},"excerpt":{"rendered":"<p>Foire aux questions<\/p>\n","protected":false},"author":219,"featured_media":0,"parent":0,"menu_order":0,"comment_status":"closed","ping_status":"closed","template":"templates\/landing-pagebuilder.php","meta":{"_acf_changed":false,"inline_featured_image":false,"footnotes":""},"topic":[],"qtx_campaign":[],"class_list":["post-110989","page","type-page","status-publish","hentry"],"acf":[],"yoast_head":"<!-- This site is optimized with the Yoast SEO Premium plugin v27.3 (Yoast SEO v27.3) - https:\/\/yoast.com\/product\/yoast-seo-premium-wordpress\/ -->\n<title>Protection de la Vie Priv\u00e9e des Conducteurs - FR<\/title>\n<meta name=\"robots\" content=\"index, follow, max-snippet:-1, max-image-preview:large, max-video-preview:-1\" \/>\n<link rel=\"canonical\" href=\"https:\/\/www.quartix.com\/fr-fr\/protection-de-la-vie-privee-des-conducteurs\/\" \/>\n<meta property=\"og:locale\" content=\"fr_FR\" \/>\n<meta property=\"og:type\" content=\"article\" \/>\n<meta property=\"og:title\" content=\"Protection de la Vie Priv\u00e9e des Conducteurs\" \/>\n<meta property=\"og:description\" content=\"Foire aux questions\" \/>\n<meta property=\"og:url\" content=\"https:\/\/www.quartix.com\/fr-fr\/protection-de-la-vie-privee-des-conducteurs\/\" \/>\n<meta property=\"og:site_name\" content=\"Quartix\" \/>\n<meta property=\"article:publisher\" content=\"https:\/\/www.facebook.com\/Quartix-USA-374426386097401\/\" \/>\n<meta property=\"article:modified_time\" content=\"2025-07-02T13:48:33+00:00\" \/>\n<meta name=\"twitter:card\" content=\"summary_large_image\" \/>\n<meta name=\"twitter:site\" content=\"@QuartixUSA\" \/>\n<meta name=\"twitter:label1\" content=\"Est. reading time\" \/>\n\t<meta name=\"twitter:data1\" content=\"4 minutes\" \/>\n<!-- \/ Yoast SEO Premium plugin. -->","yoast_head_json":{"title":"Protection de la Vie Priv\u00e9e des Conducteurs - FR","robots":{"index":"index","follow":"follow","max-snippet":"max-snippet:-1","max-image-preview":"max-image-preview:large","max-video-preview":"max-video-preview:-1"},"canonical":"https:\/\/www.quartix.com\/fr-fr\/protection-de-la-vie-privee-des-conducteurs\/","og_locale":"fr_FR","og_type":"article","og_title":"Protection de la Vie Priv\u00e9e des Conducteurs","og_description":"Foire aux questions","og_url":"https:\/\/www.quartix.com\/fr-fr\/protection-de-la-vie-privee-des-conducteurs\/","og_site_name":"Quartix","article_publisher":"https:\/\/www.facebook.com\/Quartix-USA-374426386097401\/","article_modified_time":"2025-07-02T13:48:33+00:00","twitter_card":"summary_large_image","twitter_site":"@QuartixUSA","twitter_misc":{"Est. reading time":"4 minutes"},"schema":{"@context":"https:\/\/schema.org","@graph":[{"@type":["WebPage","FAQPage"],"@id":"https:\/\/www.quartix.com\/fr-fr\/protection-de-la-vie-privee-des-conducteurs\/","url":"https:\/\/www.quartix.com\/fr-fr\/protection-de-la-vie-privee-des-conducteurs\/","name":"Protection de la Vie Priv\u00e9e des Conducteurs","isPartOf":{"@id":"https:\/\/www.quartix.com\/fr-fr\/#website"},"datePublished":"2024-09-26T14:59:44+00:00","dateModified":"2025-07-02T13:48:33+00:00","breadcrumb":{"@id":"https:\/\/www.quartix.com\/fr-fr\/protection-de-la-vie-privee-des-conducteurs\/#breadcrumb"},"mainEntity":[{"@id":"https:\/\/www.quartix.com\/fr-fr\/protection-de-la-vie-privee-des-conducteurs\/#faq-question-1726608776087"},{"@id":"https:\/\/www.quartix.com\/fr-fr\/protection-de-la-vie-privee-des-conducteurs\/#faq-question-1726608784425"},{"@id":"https:\/\/www.quartix.com\/fr-fr\/protection-de-la-vie-privee-des-conducteurs\/#faq-question-1726608785108"},{"@id":"https:\/\/www.quartix.com\/fr-fr\/protection-de-la-vie-privee-des-conducteurs\/#faq-question-1726608785804"}],"inLanguage":"fr-FR","potentialAction":[{"@type":"ReadAction","target":["https:\/\/www.quartix.com\/fr-fr\/protection-de-la-vie-privee-des-conducteurs\/"]}]},{"@type":"BreadcrumbList","@id":"https:\/\/www.quartix.com\/fr-fr\/protection-de-la-vie-privee-des-conducteurs\/#breadcrumb","itemListElement":[{"@type":"ListItem","position":1,"name":"Accueil","item":"https:\/\/www.quartix.com\/fr-fr\/quartix-suivi-de-vehicules-en-temps-reel\/"},{"@type":"ListItem","position":2,"name":"Protection de la Vie Priv\u00e9e des Conducteurs"}]},{"@type":"WebSite","@id":"https:\/\/www.quartix.com\/fr-fr\/#website","url":"https:\/\/www.quartix.com\/fr-fr\/","name":"Quartix","description":"Real-time vehicle tracking","publisher":{"@id":"https:\/\/www.quartix.com\/fr-fr\/#organization"},"potentialAction":[{"@type":"SearchAction","target":{"@type":"EntryPoint","urlTemplate":"https:\/\/www.quartix.com\/fr-fr\/?s={search_term_string}"},"query-input":{"@type":"PropertyValueSpecification","valueRequired":true,"valueName":"search_term_string"}}],"inLanguage":"fr-FR"},{"@type":"Organization","@id":"https:\/\/www.quartix.com\/fr-fr\/#organization","name":"Quartix","url":"https:\/\/www.quartix.com\/fr-fr\/","logo":{"@type":"ImageObject","inLanguage":"fr-FR","@id":"https:\/\/www.quartix.com\/fr-fr\/#\/schema\/logo\/image\/","url":"https:\/\/www.quartix.com\/content\/uploads\/2019\/02\/quartix-logo-eur.svg","contentUrl":"https:\/\/www.quartix.com\/content\/uploads\/2019\/02\/quartix-logo-eur.svg","width":1,"height":1,"caption":"Quartix"},"image":{"@id":"https:\/\/www.quartix.com\/fr-fr\/#\/schema\/logo\/image\/"},"sameAs":["https:\/\/www.facebook.com\/Quartix-USA-374426386097401\/","https:\/\/x.com\/QuartixUSA","https:\/\/www.linkedin.com\/company\/5346733\/","https:\/\/www.youtube.com\/channel\/UCzS-_GMfHF4kWiCheyIRrAQ"]},{"@type":"Question","@id":"https:\/\/www.quartix.com\/fr-fr\/protection-de-la-vie-privee-des-conducteurs\/#faq-question-1726608776087","position":1,"url":"https:\/\/www.quartix.com\/fr-fr\/protection-de-la-vie-privee-des-conducteurs\/#faq-question-1726608776087","name":"Puis-je toujours localiser le v\u00e9hicule en cas d'urgence ?","answerCount":1,"acceptedAnswer":{"@type":"Answer","text":"Oui, dans des circonstances exceptionnelles telles que des accidents ou des probl\u00e8mes de s\u00e9curit\u00e9, vous pouvez r\u00e9cup\u00e9rer les donn\u00e9es masqu\u00e9es pour aider aux enqu\u00eates.","inLanguage":"fr-FR"},"inLanguage":"fr-FR"},{"@type":"Question","@id":"https:\/\/www.quartix.com\/fr-fr\/protection-de-la-vie-privee-des-conducteurs\/#faq-question-1726608784425","position":2,"url":"https:\/\/www.quartix.com\/fr-fr\/protection-de-la-vie-privee-des-conducteurs\/#faq-question-1726608784425","name":"Comment activez-vous le mode confidentialit\u00e9 ?","answerCount":1,"acceptedAnswer":{"@type":"Answer","text":"Le mode confidentialit\u00e9 ne peut \u00eatre activ\u00e9 que via le site web de Quartix par un compte administrateur. Une fois activ\u00e9, les conducteurs peuvent acc\u00e9der au mode confidentialit\u00e9 via un navigateur sur ordinateur ou mobile. La page est optimis\u00e9e pour les mobiles, mais ne fait pas partie de l\u2019application mobile.","inLanguage":"fr-FR"},"inLanguage":"fr-FR"},{"@type":"Question","@id":"https:\/\/www.quartix.com\/fr-fr\/protection-de-la-vie-privee-des-conducteurs\/#faq-question-1726608785108","position":3,"url":"https:\/\/www.quartix.com\/fr-fr\/protection-de-la-vie-privee-des-conducteurs\/#faq-question-1726608785108","name":"Ce service n\u00e9cessite-t-il un mat\u00e9riel suppl\u00e9mentaire ?","answerCount":1,"acceptedAnswer":{"@type":"Answer","text":"Non, notre solution est enti\u00e8rement bas\u00e9e sur un logiciel, ce qui \u00e9limine le besoin d\u2019appareils suppl\u00e9mentaires ou d\u2019installations.","inLanguage":"fr-FR"},"inLanguage":"fr-FR"},{"@type":"Question","@id":"https:\/\/www.quartix.com\/fr-fr\/protection-de-la-vie-privee-des-conducteurs\/#faq-question-1726608785804","position":4,"url":"https:\/\/www.quartix.com\/fr-fr\/protection-de-la-vie-privee-des-conducteurs\/#faq-question-1726608785804","name":"Comment cette fonctionnalit\u00e9 aide-t-elle \u00e0 la conformit\u00e9 au RGPD ?","answerCount":1,"acceptedAnswer":{"@type":"Answer","text":"En permettant aux conducteurs de masquer les informations personnelles identifiables, vous respectez les directives du RGPD concernant la minimisation des donn\u00e9es et la confidentialit\u00e9.","inLanguage":"fr-FR"},"inLanguage":"fr-FR"}]}},"_links":{"self":[{"href":"https:\/\/www.quartix.com\/fr-fr\/wp-json\/wp\/v2\/pages\/110989","targetHints":{"allow":["GET"]}}],"collection":[{"href":"https:\/\/www.quartix.com\/fr-fr\/wp-json\/wp\/v2\/pages"}],"about":[{"href":"https:\/\/www.quartix.com\/fr-fr\/wp-json\/wp\/v2\/types\/page"}],"author":[{"embeddable":true,"href":"https:\/\/www.quartix.com\/fr-fr\/wp-json\/wp\/v2\/users\/219"}],"replies":[{"embeddable":true,"href":"https:\/\/www.quartix.com\/fr-fr\/wp-json\/wp\/v2\/comments?post=110989"}],"version-history":[{"count":7,"href":"https:\/\/www.quartix.com\/fr-fr\/wp-json\/wp\/v2\/pages\/110989\/revisions"}],"predecessor-version":[{"id":123288,"href":"https:\/\/www.quartix.com\/fr-fr\/wp-json\/wp\/v2\/pages\/110989\/revisions\/123288"}],"wp:attachment":[{"href":"https:\/\/www.quartix.com\/fr-fr\/wp-json\/wp\/v2\/media?parent=110989"}],"wp:term":[{"taxonomy":"topic","embeddable":true,"href":"https:\/\/www.quartix.com\/fr-fr\/wp-json\/wp\/v2\/topic?post=110989"},{"taxonomy":"qtx_campaign","embeddable":true,"href":"https:\/\/www.quartix.com\/fr-fr\/wp-json\/wp\/v2\/qtx_campaign?post=110989"}],"curies":[{"name":"wp","href":"https:\/\/api.w.org\/{rel}","templated":true}]}}