{"id":115229,"date":"2025-02-12T20:48:12","date_gmt":"2025-02-12T19:48:12","guid":{"rendered":"https:\/\/www.quartix.com\/?page_id=115229"},"modified":"2025-07-18T14:42:25","modified_gmt":"2025-07-18T13:42:25","slug":"lequipe-de-direction-executive","status":"publish","type":"page","link":"https:\/\/www.quartix.com\/fr-fr\/lequipe-de-direction-executive\/","title":{"rendered":"L&#8217;\u00e9quipe de direction ex\u00e9cutive"},"content":{"rendered":"\n<p class=\"has-text-align-center\">Notre \u00e9quipe de direction ex\u00e9cutive assure le leadership strat\u00e9gique, garantissant que Quartix continue de fournir des solutions exceptionnelles et fiables \u00e0 nos clients. Avec une vaste exp\u00e9rience de l&#8217;industrie, chaque membre contribue \u00e0 la croissance de l&#8217;entreprise, \u00e0 l&#8217;efficacit\u00e9 op\u00e9rationnelle et \u00e0 la vision \u00e0 long terme. <\/p>\n\n\n\n<h2 class=\"wp-block-heading has-text-align-center\" id=\"h-rencontrez-les-membres-de-notre-equipe-de-direction-executive\">Rencontrez les membres de notre \u00e9quipe de direction ex\u00e9cutive <\/h2>\n\n\n\r\n        <section  class=\"qtx-pagebuilder-section qtx-pagebuilder-section-cta_block vertical cta group\">\r\n\r\n        <div class=\"ctacontainer\">\r\n            <div class=\"ctaimage\">\r\n                <img loading=\"lazy\" decoding=\"async\" width=\"675\" height=\"600\" src=\"https:\/\/www.quartix.com\/content\/uploads\/2025\/02\/5.png\" class=\"\" alt=\"Smiling man in a suit stands indoors with large windows and green plants in the background.\" srcset=\"https:\/\/www.quartix.com\/content\/uploads\/2025\/02\/5.png 675w, https:\/\/www.quartix.com\/content\/uploads\/2025\/02\/5-300x267.png 300w\" sizes=\"auto, (max-width: 675px) 100vw, 675px\" \/>  \r\n            <\/div>\r\n            <div class=\"ctacontent\">\r\n                <h4>Dan Mendis, Directeur Commercial et des Op\u00e9rations <\/h4>                <p>Dan a rejoint Quartix en 2017 et a occup\u00e9 divers postes au sein de l&#8217;entreprise. Il est devenu Directeur des Op\u00e9rations et Financier en 2019 et a supervis\u00e9 de nombreuses \u00e9quipes commerciales jusqu&#8217;en 2021, p\u00e9riode pendant laquelle l&#8217;entreprise a connu une forte croissance. Apr\u00e8s une p\u00e9riode de deux ans \u00e0 travailler dans d&#8217;autres secteurs de l&#8217;entreprise, il est revenu au poste de Directeur Commercial et des Op\u00e9rations en novembre 2023. Avant de rejoindre Quartix, il a travaill\u00e9 au sein du groupe Associated British Foods et de Domino Printing Sciences plc. Il poss\u00e8de un dipl\u00f4me de premi\u00e8re classe en sciences de l&#8217;ing\u00e9nierie de l&#8217;Universit\u00e9 d&#8217;Oxford. <\/p>                \r\n            <\/div>\r\n        <\/div>\r\n\r\n        <div class=\"ctacontainer\">\r\n            <div class=\"ctaimage\">\r\n                <img loading=\"lazy\" decoding=\"async\" width=\"675\" height=\"600\" src=\"https:\/\/www.quartix.com\/content\/uploads\/2025\/02\/6.png\" class=\"\" alt=\"A person in a blue shirt and dark blazer stands in front of a window, with green plants in the background.\" srcset=\"https:\/\/www.quartix.com\/content\/uploads\/2025\/02\/6.png 675w, https:\/\/www.quartix.com\/content\/uploads\/2025\/02\/6-300x267.png 300w\" sizes=\"auto, (max-width: 675px) 100vw, 675px\" \/>  \r\n            <\/div>\r\n            <div class=\"ctacontent\">\r\n                <h4>Sean Maher, Directeur des Ventes <\/h4>                <p>Sean a commenc\u00e9 dans le secteur de la t\u00e9l\u00e9matique en 2002 et a rejoint Quartix en mars 2008. Lors de son arriv\u00e9e, Sean a \u00e9t\u00e9 le premier commercial \u00e0 plein temps sur le terrain. Dans les ann\u00e9es suivantes, cela a permis \u00e0 Quartix d&#8217;\u00e9tendre ses ventes terrain au Royaume-Uni et d&#8217;attirer de grands noms dans l&#8217;entreprise. En 2019, Sean a \u00e9t\u00e9 promu responsable des ventes pour le Royaume-Uni et les \u00c9tats-Unis, tout en continuant \u00e0 travailler sur le march\u00e9 britannique et en d\u00e9veloppant l&#8217;\u00e9quipe de terrain en France. En 2022, il a \u00e9t\u00e9 promu au poste de Directeur des Ventes et, depuis lors, il a particip\u00e9 \u00e0 la croissance de l&#8217;entreprise dans tous les domaines tout en restant impliqu\u00e9 dans les ventes quotidiennes au Royaume-Uni. <\/p>                \r\n            <\/div>\r\n        <\/div>\r\n\r\n        <div class=\"ctacontainer\">\r\n            <div class=\"ctaimage\">\r\n                <img loading=\"lazy\" decoding=\"async\" width=\"675\" height=\"600\" src=\"https:\/\/www.quartix.com\/content\/uploads\/2025\/02\/2.png\" class=\"\" alt=\"Person with glasses and long blonde hair smiling, wearing a pink blazer over a floral shirt, stands in front of a glass window with greenery nearby.\" srcset=\"https:\/\/www.quartix.com\/content\/uploads\/2025\/02\/2.png 675w, https:\/\/www.quartix.com\/content\/uploads\/2025\/02\/2-300x267.png 300w\" sizes=\"auto, (max-width: 675px) 100vw, 675px\" \/>  \r\n            <\/div>\r\n            <div class=\"ctacontent\">\r\n                <h4>Sally Morton, Directrice financi\u00e8re <\/h4>                <p>Sally Morton est une professionnelle de la finance accomplie avec une solide formation en comptabilit\u00e9 et en leadership. Dipl\u00f4m\u00e9e de l&#8217;Universit\u00e9 Rhodes avec une mention en comptabilit\u00e9 financi\u00e8re, elle a obtenu sa qualification d&#8217;expert-comptable chez Grant Thornton UK LLP. Elle a rejoint Quartix en 2019 en tant que comptable financier du groupe et a progress\u00e9 pour devenir responsable de la finance en 2022, avant de devenir directrice financi\u00e8re en 2025. Sa carri\u00e8re t\u00e9moigne de son engagement vers l&#8217;excellence, mettant \u00e0 profit son expertise pour conduire la strat\u00e9gie financi\u00e8re et le succ\u00e8s organisationnel. <\/p>                \r\n            <\/div>\r\n        <\/div>\r\n\r\n        <div class=\"ctacontainer\">\r\n            <div class=\"ctaimage\">\r\n                <img loading=\"lazy\" decoding=\"async\" width=\"675\" height=\"600\" src=\"https:\/\/www.quartix.com\/content\/uploads\/2025\/02\/4.png\" class=\"\" alt=\"A man in a suit jacket and pink shirt stands in front of a plant and building facade, smiling at the camera.\" srcset=\"https:\/\/www.quartix.com\/content\/uploads\/2025\/02\/4.png 675w, https:\/\/www.quartix.com\/content\/uploads\/2025\/02\/4-300x267.png 300w\" sizes=\"auto, (max-width: 675px) 100vw, 675px\" \/>  \r\n            <\/div>\r\n            <div class=\"ctacontent\">\r\n                <h4>Glen Middleton, Responsable de la T\u00e9l\u00e9matique <\/h4>                <p>Glen travaille chez Quartix depuis 14 ans et est responsable de la conception des produits mat\u00e9riels et de la fabrication externalis\u00e9e. Il poss\u00e8de 40 ans d&#8217;exp\u00e9rience en conception \u00e9lectronique, d\u00e9veloppement de logiciels embarqu\u00e9s et fabrication de produits. Il a \u00e9t\u00e9 directeur technique d&#8217;une filiale de Spectris plc et directeur g\u00e9n\u00e9ral de Eurotech (Royaume-Uni). Avant cela, il \u00e9tait ing\u00e9nieur en d\u00e9veloppement pour le British Antarctic Survey, travaillant \u00e0 Cambridge et autour de l&#8217;Antarctique. Glen a \u00e9tudi\u00e9 la physique et l&#8217;\u00e9lectronique \u00e0 l&#8217;Universit\u00e9 de Manchester. <\/p>                \r\n            <\/div>\r\n        <\/div>\r\n\r\n        <div class=\"ctacontainer\">\r\n            <div class=\"ctaimage\">\r\n                <img loading=\"lazy\" decoding=\"async\" width=\"675\" height=\"600\" src=\"https:\/\/www.quartix.com\/content\/uploads\/2025\/02\/3.png\" class=\"\" alt=\"Man wearing glasses and a blue shirt with a dark blazer standing indoors, with plants and glass panels in the background.\" srcset=\"https:\/\/www.quartix.com\/content\/uploads\/2025\/02\/3.png 675w, https:\/\/www.quartix.com\/content\/uploads\/2025\/02\/3-300x267.png 300w\" sizes=\"auto, (max-width: 675px) 100vw, 675px\" \/>  \r\n            <\/div>\r\n            <div class=\"ctacontent\">\r\n                <h4>Ian Pawley, Responsable Support <\/h4>                <p>Ian travaille dans l&#8217;entreprise depuis pr\u00e8s de 21 ans, ayant commenc\u00e9 en tant que professionnel du support technique. Il dirige maintenant notre \u00e9quipe de support technique mondiale, qui est pass\u00e9e de 2 \u00e0 27 agents, et supervise \u00e9galement l&#8217;infrastructure de l&#8217;entreprise. Avant de rejoindre Quartix, Ian a acquis plus de 5 ans d&#8217;exp\u00e9rience dans le support technique dans les secteurs des services financiers et des logiciels h\u00f4teliers. Son expertise et son leadership ont \u00e9t\u00e9 essentiels \u00e0 la croissance et au succ\u00e8s de nos op\u00e9rations de support, avec le service client au c\u0153ur de son action. <\/p>                \r\n            <\/div>\r\n        <\/div>\r\n\r\n        <div class=\"ctacontainer\">\r\n            <div class=\"ctaimage\">\r\n                <img loading=\"lazy\" decoding=\"async\" width=\"675\" height=\"600\" src=\"https:\/\/www.quartix.com\/content\/uploads\/2025\/02\/8.png\" class=\"\" alt=\"Person with short dark hair in a white shirt with black dots, standing in front of a blurred background with greenery and a large window.\" srcset=\"https:\/\/www.quartix.com\/content\/uploads\/2025\/02\/8.png 675w, https:\/\/www.quartix.com\/content\/uploads\/2025\/02\/8-300x267.png 300w\" sizes=\"auto, (max-width: 675px) 100vw, 675px\" \/>  \r\n            <\/div>\r\n            <div class=\"ctacontent\">\r\n                <h4>Malik Bahri, Responsable des ventes pour l&#8217;Europe<\/h4>                <p>Responsable des ventes pour l&#8217;Europe, avec plus de 15 ans d&#8217;exp\u00e9rience dans la vente, la vente par t\u00e9l\u00e9phone et la gestion d&#8217;\u00e9quipe. Malik a rejoint l&#8217;entreprise d\u00e9but 2018, apportant son expertise en vente et en relations clients apr\u00e8s avoir occup\u00e9 le poste de responsable des ventes dans une start-up fran\u00e7aise. Avant cela, il avait travaill\u00e9 comme chef d&#8217;\u00e9quipe et responsable offshore dans un centre d&#8217;appels, dirigeant des projets, des formations et supervisant des \u00e9quipes de vente par t\u00e9l\u00e9phone dans plusieurs pays \u00e9trangers. <\/p>                \r\n            <\/div>\r\n        <\/div>\r\n    <\/section>\r\n    \n\n\n<p><\/p>\n","protected":false},"excerpt":{"rendered":"<p>Rencontrez les membres de notre \u00e9quipe de direction ex\u00e9cutive, qui fournissent un leadership strat\u00e9gique et veillent \u00e0 ce que Quartix continue d&#8217;offrir des solutions exceptionnelles \u00e0 ses clients.<\/p>\n","protected":false},"author":12,"featured_media":118056,"parent":0,"menu_order":0,"comment_status":"closed","ping_status":"closed","template":"","meta":{"_acf_changed":false,"inline_featured_image":false,"footnotes":""},"topic":[],"qtx_campaign":[],"class_list":["post-115229","page","type-page","status-publish","has-post-thumbnail","hentry"],"acf":[],"yoast_head":"<!-- This site is optimized with the Yoast SEO Premium plugin v27.3 (Yoast SEO v27.3) - https:\/\/yoast.com\/product\/yoast-seo-premium-wordpress\/ -->\n<title>Rencontrez les membres de notre \u00e9quipe de direction ex\u00e9cutive - FR<\/title>\n<meta name=\"description\" content=\"Notre \u00e9quipe de direction ex\u00e9cutive fournit un leadership strat\u00e9gique, contribuant \u00e0 la croissance, \u00e0 l&#039;efficacit\u00e9 op\u00e9rationnelle et \u00e0 la vision \u00e0 long terme de Quartix.\" \/>\n<meta name=\"robots\" content=\"index, follow, max-snippet:-1, max-image-preview:large, max-video-preview:-1\" \/>\n<link rel=\"canonical\" href=\"https:\/\/www.quartix.com\/fr-fr\/lequipe-de-direction-executive\/\" \/>\n<meta property=\"og:locale\" content=\"fr_FR\" \/>\n<meta property=\"og:type\" content=\"article\" \/>\n<meta property=\"og:title\" content=\"L&#039;\u00e9quipe de direction ex\u00e9cutive\" \/>\n<meta property=\"og:description\" content=\"Notre \u00e9quipe de direction ex\u00e9cutive fournit un leadership strat\u00e9gique, contribuant \u00e0 la croissance, \u00e0 l&#039;efficacit\u00e9 op\u00e9rationnelle et \u00e0 la vision \u00e0 long terme de Quartix.\" \/>\n<meta property=\"og:url\" content=\"https:\/\/www.quartix.com\/fr-fr\/lequipe-de-direction-executive\/\" \/>\n<meta property=\"og:site_name\" content=\"Quartix\" \/>\n<meta property=\"article:publisher\" content=\"https:\/\/www.facebook.com\/Quartix-USA-374426386097401\/\" \/>\n<meta property=\"article:modified_time\" content=\"2025-07-18T13:42:25+00:00\" \/>\n<meta property=\"og:image\" content=\"https:\/\/www.quartix.com\/content\/uploads\/2025\/03\/exec-board-smaller.png\" \/>\n\t<meta property=\"og:image:width\" content=\"750\" \/>\n\t<meta property=\"og:image:height\" content=\"563\" \/>\n\t<meta property=\"og:image:type\" content=\"image\/png\" \/>\n<meta name=\"twitter:card\" content=\"summary_large_image\" \/>\n<meta name=\"twitter:site\" content=\"@QuartixUSA\" \/>\n<meta name=\"twitter:label1\" content=\"Est. reading time\" \/>\n\t<meta name=\"twitter:data1\" content=\"5 minutes\" \/>\n<!-- \/ Yoast SEO Premium plugin. -->","yoast_head_json":{"title":"Rencontrez les membres de notre \u00e9quipe de direction ex\u00e9cutive - FR","description":"Notre \u00e9quipe de direction ex\u00e9cutive fournit un leadership strat\u00e9gique, contribuant \u00e0 la croissance, \u00e0 l'efficacit\u00e9 op\u00e9rationnelle et \u00e0 la vision \u00e0 long terme de Quartix.","robots":{"index":"index","follow":"follow","max-snippet":"max-snippet:-1","max-image-preview":"max-image-preview:large","max-video-preview":"max-video-preview:-1"},"canonical":"https:\/\/www.quartix.com\/fr-fr\/lequipe-de-direction-executive\/","og_locale":"fr_FR","og_type":"article","og_title":"L'\u00e9quipe de direction ex\u00e9cutive","og_description":"Notre \u00e9quipe de direction ex\u00e9cutive fournit un leadership strat\u00e9gique, contribuant \u00e0 la croissance, \u00e0 l'efficacit\u00e9 op\u00e9rationnelle et \u00e0 la vision \u00e0 long terme de Quartix.","og_url":"https:\/\/www.quartix.com\/fr-fr\/lequipe-de-direction-executive\/","og_site_name":"Quartix","article_publisher":"https:\/\/www.facebook.com\/Quartix-USA-374426386097401\/","article_modified_time":"2025-07-18T13:42:25+00:00","og_image":[{"width":750,"height":563,"url":"https:\/\/www.quartix.com\/content\/uploads\/2025\/03\/exec-board-smaller.png","type":"image\/png"}],"twitter_card":"summary_large_image","twitter_site":"@QuartixUSA","twitter_misc":{"Est. reading time":"5 minutes"},"schema":{"@context":"https:\/\/schema.org","@graph":[{"@type":"WebPage","@id":"https:\/\/www.quartix.com\/fr-fr\/lequipe-de-direction-executive\/","url":"https:\/\/www.quartix.com\/fr-fr\/lequipe-de-direction-executive\/","name":"Rencontrez les membres de notre \u00e9quipe de direction ex\u00e9cutive","isPartOf":{"@id":"https:\/\/www.quartix.com\/fr-fr\/#website"},"primaryImageOfPage":{"@id":"https:\/\/www.quartix.com\/fr-fr\/lequipe-de-direction-executive\/#primaryimage"},"image":{"@id":"https:\/\/www.quartix.com\/fr-fr\/lequipe-de-direction-executive\/#primaryimage"},"thumbnailUrl":"https:\/\/www.quartix.com\/content\/uploads\/2025\/03\/exec-board-smaller.png","datePublished":"2025-02-12T19:48:12+00:00","dateModified":"2025-07-18T13:42:25+00:00","description":"Notre \u00e9quipe de direction ex\u00e9cutive fournit un leadership strat\u00e9gique, contribuant \u00e0 la croissance, \u00e0 l'efficacit\u00e9 op\u00e9rationnelle et \u00e0 la vision \u00e0 long terme de Quartix.","breadcrumb":{"@id":"https:\/\/www.quartix.com\/fr-fr\/lequipe-de-direction-executive\/#breadcrumb"},"inLanguage":"fr-FR","potentialAction":[{"@type":"ReadAction","target":["https:\/\/www.quartix.com\/fr-fr\/lequipe-de-direction-executive\/"]}]},{"@type":"ImageObject","inLanguage":"fr-FR","@id":"https:\/\/www.quartix.com\/fr-fr\/lequipe-de-direction-executive\/#primaryimage","url":"https:\/\/www.quartix.com\/content\/uploads\/2025\/03\/exec-board-smaller.png","contentUrl":"https:\/\/www.quartix.com\/content\/uploads\/2025\/03\/exec-board-smaller.png","width":750,"height":563,"caption":"Grid of eight people in business attire, each in front of leafy backgrounds, surrounding the Quartix logo in the center."},{"@type":"BreadcrumbList","@id":"https:\/\/www.quartix.com\/fr-fr\/lequipe-de-direction-executive\/#breadcrumb","itemListElement":[{"@type":"ListItem","position":1,"name":"Accueil","item":"https:\/\/www.quartix.com\/fr-fr\/quartix-suivi-de-vehicules-en-temps-reel\/"},{"@type":"ListItem","position":2,"name":"L&#8217;\u00e9quipe de direction ex\u00e9cutive"}]},{"@type":"WebSite","@id":"https:\/\/www.quartix.com\/fr-fr\/#website","url":"https:\/\/www.quartix.com\/fr-fr\/","name":"Quartix","description":"Real-time vehicle tracking","publisher":{"@id":"https:\/\/www.quartix.com\/fr-fr\/#organization"},"potentialAction":[{"@type":"SearchAction","target":{"@type":"EntryPoint","urlTemplate":"https:\/\/www.quartix.com\/fr-fr\/?s={search_term_string}"},"query-input":{"@type":"PropertyValueSpecification","valueRequired":true,"valueName":"search_term_string"}}],"inLanguage":"fr-FR"},{"@type":"Organization","@id":"https:\/\/www.quartix.com\/fr-fr\/#organization","name":"Quartix","url":"https:\/\/www.quartix.com\/fr-fr\/","logo":{"@type":"ImageObject","inLanguage":"fr-FR","@id":"https:\/\/www.quartix.com\/fr-fr\/#\/schema\/logo\/image\/","url":"https:\/\/www.quartix.com\/content\/uploads\/2019\/02\/quartix-logo-eur.svg","contentUrl":"https:\/\/www.quartix.com\/content\/uploads\/2019\/02\/quartix-logo-eur.svg","width":1,"height":1,"caption":"Quartix"},"image":{"@id":"https:\/\/www.quartix.com\/fr-fr\/#\/schema\/logo\/image\/"},"sameAs":["https:\/\/www.facebook.com\/Quartix-USA-374426386097401\/","https:\/\/x.com\/QuartixUSA","https:\/\/www.linkedin.com\/company\/5346733\/","https:\/\/www.youtube.com\/channel\/UCzS-_GMfHF4kWiCheyIRrAQ"]}]}},"_links":{"self":[{"href":"https:\/\/www.quartix.com\/fr-fr\/wp-json\/wp\/v2\/pages\/115229","targetHints":{"allow":["GET"]}}],"collection":[{"href":"https:\/\/www.quartix.com\/fr-fr\/wp-json\/wp\/v2\/pages"}],"about":[{"href":"https:\/\/www.quartix.com\/fr-fr\/wp-json\/wp\/v2\/types\/page"}],"author":[{"embeddable":true,"href":"https:\/\/www.quartix.com\/fr-fr\/wp-json\/wp\/v2\/users\/12"}],"replies":[{"embeddable":true,"href":"https:\/\/www.quartix.com\/fr-fr\/wp-json\/wp\/v2\/comments?post=115229"}],"version-history":[{"count":4,"href":"https:\/\/www.quartix.com\/fr-fr\/wp-json\/wp\/v2\/pages\/115229\/revisions"}],"predecessor-version":[{"id":123764,"href":"https:\/\/www.quartix.com\/fr-fr\/wp-json\/wp\/v2\/pages\/115229\/revisions\/123764"}],"wp:featuredmedia":[{"embeddable":true,"href":"https:\/\/www.quartix.com\/fr-fr\/wp-json\/wp\/v2\/media\/118056"}],"wp:attachment":[{"href":"https:\/\/www.quartix.com\/fr-fr\/wp-json\/wp\/v2\/media?parent=115229"}],"wp:term":[{"taxonomy":"topic","embeddable":true,"href":"https:\/\/www.quartix.com\/fr-fr\/wp-json\/wp\/v2\/topic?post=115229"},{"taxonomy":"qtx_campaign","embeddable":true,"href":"https:\/\/www.quartix.com\/fr-fr\/wp-json\/wp\/v2\/qtx_campaign?post=115229"}],"curies":[{"name":"wp","href":"https:\/\/api.w.org\/{rel}","templated":true}]}}