{"id":126014,"date":"2025-11-12T17:35:50","date_gmt":"2025-11-12T16:35:50","guid":{"rendered":"https:\/\/www.quartix.com\/?page_id=126014"},"modified":"2025-11-12T17:35:52","modified_gmt":"2025-11-12T16:35:52","slug":"demande-rdv","status":"publish","type":"page","link":"https:\/\/www.quartix.com\/fr-fr\/demande-rdv\/","title":{"rendered":"Demande de rendez-vous avec l&#8217;un de nos experts"},"content":{"rendered":"\n<div class=\"wp-block-columns is-layout-flex wp-container-core-columns-is-layout-28f84493 wp-block-columns-is-layout-flex\">\n<div class=\"wp-block-column is-layout-flow wp-block-column-is-layout-flow\">\n<div class=\"wp-block-columns is-layout-flex wp-container-core-columns-is-layout-28f84493 wp-block-columns-is-layout-flex\">\n<div class=\"wp-block-column is-layout-flow wp-block-column-is-layout-flow\">\n<p>Vous souhaitez rencontrer l&#8217;un de nos experts en services t\u00e9l\u00e9matiques et comprendre comment Quartix peut vous accompagner dans la gestion de votre gestion de flotte ?<\/p>\n\n\n\n<p>Remplissez le formulaire ci-joint et nous vous contacterons pour planifier un rendez-vous.<\/p>\n\n\n\n<p>Vous pouvez \u00e9galement contacter notre \u00e9quipe directement aux coordonn\u00e9es ci-dessous.<\/p>\n<\/div>\n\n\n\n<div class=\"wp-block-column is-layout-flow wp-block-column-is-layout-flow\">\n<h2 class=\"wp-block-heading\" id=\"h-prenez-rendez-vous\">Prenez rendez-vous :<\/h2>\n\n\n\n<div class=\"wpcf7 no-js\" id=\"wpcf7-f126094-o1\" lang=\"fr-FR\" dir=\"ltr\" data-wpcf7-id=\"126094\">\n<div class=\"screen-reader-response\"><p role=\"status\" aria-live=\"polite\" aria-atomic=\"true\"><\/p> <ul><\/ul><\/div>\n<form action=\"\/fr-fr\/wp-json\/wp\/v2\/pages\/126014#wpcf7-f126094-o1\" method=\"post\" class=\"wpcf7-form init\" aria-label=\"Contact form\" novalidate=\"novalidate\" data-status=\"init\">\n<fieldset class=\"hidden-fields-container\"><input type=\"hidden\" name=\"_wpcf7\" value=\"126094\" \/><input type=\"hidden\" name=\"_wpcf7_version\" value=\"6.1.5\" \/><input type=\"hidden\" name=\"_wpcf7_locale\" value=\"fr_FR\" \/><input type=\"hidden\" name=\"_wpcf7_unit_tag\" value=\"wpcf7-f126094-o1\" \/><input type=\"hidden\" name=\"_wpcf7_container_post\" value=\"0\" \/><input type=\"hidden\" name=\"_wpcf7_posted_data_hash\" value=\"\" \/><input type=\"hidden\" name=\"_wpcf7cf_hidden_group_fields\" value=\"[]\" \/><input type=\"hidden\" name=\"_wpcf7cf_hidden_groups\" value=\"[]\" \/><input type=\"hidden\" name=\"_wpcf7cf_visible_groups\" value=\"[]\" \/><input type=\"hidden\" name=\"_wpcf7cf_repeaters\" value=\"[]\" \/><input type=\"hidden\" name=\"_wpcf7cf_steps\" value=\"{}\" \/><input type=\"hidden\" name=\"_wpcf7cf_options\" value=\"{&quot;form_id&quot;:126094,&quot;conditions&quot;:[],&quot;settings&quot;:{&quot;animation&quot;:&quot;yes&quot;,&quot;animation_intime&quot;:200,&quot;animation_outtime&quot;:200,&quot;conditions_ui&quot;:&quot;normal&quot;,&quot;notice_dismissed&quot;:false,&quot;notice_dismissed_update-cf7-6.0&quot;:true,&quot;notice_dismissed_update-cf7-6.0.1&quot;:true,&quot;notice_dismissed_update-cf7-6.0.2&quot;:true,&quot;notice_dismissed_rollback-cf7-6.0.5&quot;:true}}\" \/><input type=\"hidden\" name=\"_wpcf7_recaptcha_response\" value=\"\" \/>\n<\/fieldset>\n<div class=\"input-wrapper\"><span class=\"icon icon-face\"><\/span><span class=\"wpcf7-form-control-wrap\" data-name=\"first_name\"><input size=\"40\" maxlength=\"400\" class=\"wpcf7-form-control wpcf7-text wpcf7-validates-as-required\" aria-required=\"true\" aria-invalid=\"false\" placeholder=\"Pr\u00e9nom *\" value=\"\" type=\"text\" name=\"first_name\" \/><\/span><span class=\"wpcf7-form-control-wrap\" data-name=\"last_name\"><input size=\"40\" maxlength=\"400\" class=\"wpcf7-form-control wpcf7-text wpcf7-validates-as-required\" aria-required=\"true\" aria-invalid=\"false\" placeholder=\"Nom *\" value=\"\" type=\"text\" name=\"last_name\" \/><\/span><\/div>\n<div class=\"input-wrapper\"><span class=\"icon icon-envelope\"><\/span><span class=\"wpcf7-form-control-wrap\" data-name=\"email\"><input size=\"40\" maxlength=\"400\" class=\"wpcf7-form-control wpcf7-email wpcf7-validates-as-required wpcf7-text wpcf7-validates-as-email\" aria-required=\"true\" aria-invalid=\"false\" placeholder=\"Email *\" value=\"\" type=\"email\" name=\"email\" \/><\/span><\/div>\n<div class=\"input-wrapper\"><span class=\"icon icon-company\"><\/span><span class=\"wpcf7-form-control-wrap\" data-name=\"company\"><input size=\"40\" maxlength=\"400\" class=\"wpcf7-form-control wpcf7-text wpcf7-validates-as-required\" aria-required=\"true\" aria-invalid=\"false\" placeholder=\"Soci\u00e9t\u00e9 *\" value=\"\" type=\"text\" name=\"company\" \/><\/span><\/div>\n<div class=\"input-wrapper\"><span class=\"icon icon-telephone\"><\/span><span class=\"wpcf7-form-control-wrap\" data-name=\"phone\"><input size=\"40\" maxlength=\"400\" class=\"wpcf7-form-control wpcf7-tel wpcf7-validates-as-required wpcf7-text wpcf7-validates-as-tel\" aria-required=\"true\" aria-invalid=\"false\" placeholder=\"T\u00e9l\u00e9phone *\" value=\"\" type=\"tel\" name=\"phone\" \/><\/span><\/div>\n<div class=\"input-wrapper\"><span class=\"icon icon-vehicles\"><\/span><span class=\"wpcf7-form-control-wrap\" data-name=\"number_of_vehicles\"><input class=\"wpcf7-form-control wpcf7-number wpcf7-validates-as-required wpcf7-validates-as-number\" min=\"1\" aria-required=\"true\" aria-invalid=\"false\" placeholder=\"Taille de votre flotte *\" value=\"\" type=\"number\" name=\"number_of_vehicles\" \/><\/span><\/div>\n<input type=\"hidden\" name=\"thankyouURL\" value=\"\/fr-fr\/merci-offre-cci\/\" class=\"wpcf7-form-control wpcf7-hidden\" id=\"thankyouURL\">\n<input class=\"wpcf7-form-control wpcf7-hidden\" value=\"\" type=\"hidden\" name=\"pardot_extra_field\" \/>\n<input type=\"hidden\" name=\"page_title\" value=\"No post title\" class=\"wpcf7-form-control wpcf7-hidden\">\n<div class=\"recatpcha-text\">Ce site est prot\u00e9g\u00e9 par reCAPTCHA et la <a href=\"https:\/\/policies.google.com\/privacy?hl=fr\">politique de confidentialit\u00e9<\/a> et les <a href=\"https:\/\/policies.google.com\/terms?hl=fr\">conditions d'utilisation<\/a> de Google s'appliquent.<\/div>\n<div class=\"input-wrapper\"><input class=\"wpcf7-form-control wpcf7-submit has-spinner icon-plane\" type=\"submit\" value=\"Obtenir un rendez-vous\" \/><\/div><div class=\"wpcf7-response-output\" aria-hidden=\"true\"><\/div>\n<\/form>\n<\/div>\n\n<\/div>\n<\/div>\n<\/div>\n<\/div>\n\n\n  <div  class=\"teammembersblock\">\r\n    <h2>Nos experts Quartix<\/h2>    <div class=\"teammembers\">\r\n              <div class=\"teammember\">\r\n          <div class=\"photo\">\r\n            <img loading=\"lazy\" decoding=\"async\" width=\"200\" height=\"300\" src=\"https:\/\/www.quartix.com\/content\/uploads\/2025\/11\/Quartix_0004-Resized-200x300.jpg\" class=\"\" alt=\"A man wearing a green polo shirt with the Quartix logo sits against a plain white background, facing the camera with a neutral expression.\" srcset=\"https:\/\/www.quartix.com\/content\/uploads\/2025\/11\/Quartix_0004-Resized-200x300.jpg 200w, https:\/\/www.quartix.com\/content\/uploads\/2025\/11\/Quartix_0004-Resized-666x1000.jpg 666w, https:\/\/www.quartix.com\/content\/uploads\/2025\/11\/Quartix_0004-Resized-768x1152.jpg 768w, https:\/\/www.quartix.com\/content\/uploads\/2025\/11\/Quartix_0004-Resized-1024x1536.jpg 1024w, https:\/\/www.quartix.com\/content\/uploads\/2025\/11\/Quartix_0004-Resized-720x1080.jpg 720w, https:\/\/www.quartix.com\/content\/uploads\/2025\/11\/Quartix_0004-Resized.jpg 1181w\" sizes=\"auto, (max-width: 200px) 100vw, 200px\" \/>          <\/div>\r\n          <div class=\"details\">\r\n            <p class=\"name\">David DUFOIX (Sud-Est)<\/p>\r\n            <p class=\"job-title\">06 46 52 18 38<\/p>\r\n            <p class=\"job-title\"><\/p>\r\n          <\/div>\r\n        <\/div>\r\n              <div class=\"teammember\">\r\n          <div class=\"photo\">\r\n            <img loading=\"lazy\" decoding=\"async\" width=\"200\" height=\"300\" src=\"https:\/\/www.quartix.com\/content\/uploads\/2025\/11\/Quartix_0033-Resized-200x300.jpg\" class=\"\" alt=\"A man with glasses and a beard wearing a green polo shirt with a &quot;Quartix&quot; logo stands against a plain light background.\" srcset=\"https:\/\/www.quartix.com\/content\/uploads\/2025\/11\/Quartix_0033-Resized-200x300.jpg 200w, https:\/\/www.quartix.com\/content\/uploads\/2025\/11\/Quartix_0033-Resized-666x1000.jpg 666w, https:\/\/www.quartix.com\/content\/uploads\/2025\/11\/Quartix_0033-Resized-768x1152.jpg 768w, https:\/\/www.quartix.com\/content\/uploads\/2025\/11\/Quartix_0033-Resized-1024x1536.jpg 1024w, https:\/\/www.quartix.com\/content\/uploads\/2025\/11\/Quartix_0033-Resized-720x1080.jpg 720w, https:\/\/www.quartix.com\/content\/uploads\/2025\/11\/Quartix_0033-Resized.jpg 1181w\" sizes=\"auto, (max-width: 200px) 100vw, 200px\" \/>          <\/div>\r\n          <div class=\"details\">\r\n            <p class=\"name\">Mathieu RICHERT (Nord &#038; Est)<\/p>\r\n            <p class=\"job-title\">06 52 36 57 60<\/p>\r\n            <p class=\"job-title\"><\/p>\r\n          <\/div>\r\n        <\/div>\r\n              <div class=\"teammember\">\r\n          <div class=\"photo\">\r\n            <img loading=\"lazy\" decoding=\"async\" width=\"200\" height=\"300\" src=\"https:\/\/www.quartix.com\/content\/uploads\/2025\/11\/Quartix_0011-Resized-200x300.jpg\" class=\"\" alt=\"A middle-aged man with a bald head and short beard, wearing a green Quortix polo shirt, poses and smiles against a plain light background.\" srcset=\"https:\/\/www.quartix.com\/content\/uploads\/2025\/11\/Quartix_0011-Resized-200x300.jpg 200w, https:\/\/www.quartix.com\/content\/uploads\/2025\/11\/Quartix_0011-Resized-666x1000.jpg 666w, https:\/\/www.quartix.com\/content\/uploads\/2025\/11\/Quartix_0011-Resized-768x1152.jpg 768w, https:\/\/www.quartix.com\/content\/uploads\/2025\/11\/Quartix_0011-Resized-1024x1536.jpg 1024w, https:\/\/www.quartix.com\/content\/uploads\/2025\/11\/Quartix_0011-Resized-720x1080.jpg 720w, https:\/\/www.quartix.com\/content\/uploads\/2025\/11\/Quartix_0011-Resized.jpg 1181w\" sizes=\"auto, (max-width: 200px) 100vw, 200px\" \/>          <\/div>\r\n          <div class=\"details\">\r\n            <p class=\"name\">Christophe BUYCK (Sud-Ouest)<\/p>\r\n            <p class=\"job-title\">07 49 84 46 87<\/p>\r\n            <p class=\"job-title\"><\/p>\r\n          <\/div>\r\n        <\/div>\r\n              <div class=\"teammember\">\r\n          <div class=\"photo\">\r\n            <img loading=\"lazy\" decoding=\"async\" width=\"300\" height=\"300\" src=\"https:\/\/www.quartix.com\/content\/uploads\/2025\/11\/Photo-Mathieu-LEVEQUE-300x300.jpg\" class=\"\" alt=\"A man in a suit and tie poses for a formal portrait against a dark background.\" srcset=\"https:\/\/www.quartix.com\/content\/uploads\/2025\/11\/Photo-Mathieu-LEVEQUE-300x300.jpg 300w, https:\/\/www.quartix.com\/content\/uploads\/2025\/11\/Photo-Mathieu-LEVEQUE-150x150.jpg 150w, https:\/\/www.quartix.com\/content\/uploads\/2025\/11\/Photo-Mathieu-LEVEQUE.jpg 450w\" sizes=\"auto, (max-width: 300px) 100vw, 300px\" \/>          <\/div>\r\n          <div class=\"details\">\r\n            <p class=\"name\">Mathieu LEVEQUE (Ouest &#038; Centre)<\/p>\r\n            <p class=\"job-title\">07 49 99 27 35<\/p>\r\n            <p class=\"job-title\"><\/p>\r\n          <\/div>\r\n        <\/div>\r\n              <div class=\"teammember\">\r\n          <div class=\"photo\">\r\n            <img loading=\"lazy\" decoding=\"async\" width=\"188\" height=\"300\" src=\"https:\/\/www.quartix.com\/content\/uploads\/2025\/11\/Jerome-Barbatte-188x300.jpg\" class=\"\" alt=\"A man with a beard and mustache, wearing a light blue shirt, sits outdoors on a stone-paved walkway.\" srcset=\"https:\/\/www.quartix.com\/content\/uploads\/2025\/11\/Jerome-Barbatte-188x300.jpg 188w, https:\/\/www.quartix.com\/content\/uploads\/2025\/11\/Jerome-Barbatte-625x1000.jpg 625w, https:\/\/www.quartix.com\/content\/uploads\/2025\/11\/Jerome-Barbatte-768x1229.jpg 768w, https:\/\/www.quartix.com\/content\/uploads\/2025\/11\/Jerome-Barbatte-960x1536.jpg 960w, https:\/\/www.quartix.com\/content\/uploads\/2025\/11\/Jerome-Barbatte-675x1080.jpg 675w, https:\/\/www.quartix.com\/content\/uploads\/2025\/11\/Jerome-Barbatte.jpg 1080w\" sizes=\"auto, (max-width: 188px) 100vw, 188px\" \/>          <\/div>\r\n          <div class=\"details\">\r\n            <p class=\"name\">J\u00e9r\u00f4me BARBATTE (Normandie &#038; IDF)<\/p>\r\n            <p class=\"job-title\">07 79 41 87 90<\/p>\r\n            <p class=\"job-title\"><\/p>\r\n          <\/div>\r\n        <\/div>\r\n            <\/div>\r\n    <\/div>\r\n\n\n\n<div class=\"wp-block-columns is-layout-flex wp-container-core-columns-is-layout-28f84493 wp-block-columns-is-layout-flex\">\n<div class=\"wp-block-column is-layout-flow wp-block-column-is-layout-flow\"><\/div>\n\n\n\n<div class=\"wp-block-column is-layout-flow wp-block-column-is-layout-flow\"><\/div>\n\n\n\n<div class=\"wp-block-column is-layout-flow wp-block-column-is-layout-flow\"><\/div>\n<\/div>\n","protected":false},"excerpt":{"rendered":"<p>Vous souhaitez rencontrer l&#8217;un de nos experts en services t\u00e9l\u00e9matiques et comprendre comment Quartix peut vous accompagner dans la gestion de votre gestion de flotte ? Remplissez le formulaire ci-joint et nous vous contacterons pour planifier un rendez-vous. Vous pouvez \u00e9galement contacter notre \u00e9quipe directement aux coordonn\u00e9es ci-dessous. Prenez rendez-vous :<\/p>\n","protected":false},"author":149,"featured_media":0,"parent":0,"menu_order":0,"comment_status":"closed","ping_status":"closed","template":"","meta":{"_acf_changed":false,"inline_featured_image":false,"footnotes":""},"topic":[],"qtx_campaign":[],"class_list":["post-126014","page","type-page","status-publish","hentry"],"acf":[],"yoast_head":"<!-- This site is optimized with the Yoast SEO Premium plugin v27.3 (Yoast SEO v27.3) - https:\/\/yoast.com\/product\/yoast-seo-premium-wordpress\/ -->\n<title>Demande de rendez-vous avec un de nos experts - FR<\/title>\n<meta name=\"robots\" content=\"index, follow, max-snippet:-1, max-image-preview:large, max-video-preview:-1\" \/>\n<link rel=\"canonical\" href=\"https:\/\/www.quartix.com\/fr-fr\/demande-rdv\/\" \/>\n<meta property=\"og:locale\" content=\"fr_FR\" \/>\n<meta property=\"og:type\" content=\"article\" \/>\n<meta property=\"og:title\" content=\"Demande de rendez-vous avec l&#039;un de nos experts\" \/>\n<meta property=\"og:description\" content=\"Vous souhaitez rencontrer l&#8217;un de nos experts en services t\u00e9l\u00e9matiques et comprendre comment Quartix peut vous accompagner dans la gestion de votre gestion de flotte ? Remplissez le formulaire ci-joint et nous vous contacterons pour planifier un rendez-vous. Vous pouvez \u00e9galement contacter notre \u00e9quipe directement aux coordonn\u00e9es ci-dessous. Prenez rendez-vous :\" \/>\n<meta property=\"og:url\" content=\"https:\/\/www.quartix.com\/fr-fr\/demande-rdv\/\" \/>\n<meta property=\"og:site_name\" content=\"Quartix\" \/>\n<meta property=\"article:publisher\" content=\"https:\/\/www.facebook.com\/Quartix-USA-374426386097401\/\" \/>\n<meta property=\"article:modified_time\" content=\"2025-11-12T16:35:52+00:00\" \/>\n<meta name=\"twitter:card\" content=\"summary_large_image\" \/>\n<meta name=\"twitter:site\" content=\"@QuartixUSA\" \/>\n<meta name=\"twitter:label1\" content=\"Est. reading time\" \/>\n\t<meta name=\"twitter:data1\" content=\"2 minutes\" \/>\n<!-- \/ Yoast SEO Premium plugin. -->","yoast_head_json":{"title":"Demande de rendez-vous avec un de nos experts - FR","robots":{"index":"index","follow":"follow","max-snippet":"max-snippet:-1","max-image-preview":"max-image-preview:large","max-video-preview":"max-video-preview:-1"},"canonical":"https:\/\/www.quartix.com\/fr-fr\/demande-rdv\/","og_locale":"fr_FR","og_type":"article","og_title":"Demande de rendez-vous avec l'un de nos experts","og_description":"Vous souhaitez rencontrer l&#8217;un de nos experts en services t\u00e9l\u00e9matiques et comprendre comment Quartix peut vous accompagner dans la gestion de votre gestion de flotte ? Remplissez le formulaire ci-joint et nous vous contacterons pour planifier un rendez-vous. Vous pouvez \u00e9galement contacter notre \u00e9quipe directement aux coordonn\u00e9es ci-dessous. Prenez rendez-vous :","og_url":"https:\/\/www.quartix.com\/fr-fr\/demande-rdv\/","og_site_name":"Quartix","article_publisher":"https:\/\/www.facebook.com\/Quartix-USA-374426386097401\/","article_modified_time":"2025-11-12T16:35:52+00:00","twitter_card":"summary_large_image","twitter_site":"@QuartixUSA","twitter_misc":{"Est. reading time":"2 minutes"},"schema":{"@context":"https:\/\/schema.org","@graph":[{"@type":"WebPage","@id":"https:\/\/www.quartix.com\/fr-fr\/demande-rdv\/","url":"https:\/\/www.quartix.com\/fr-fr\/demande-rdv\/","name":"Demande de rendez-vous avec un de nos experts","isPartOf":{"@id":"https:\/\/www.quartix.com\/fr-fr\/#website"},"datePublished":"2025-11-12T16:35:50+00:00","dateModified":"2025-11-12T16:35:52+00:00","breadcrumb":{"@id":"https:\/\/www.quartix.com\/fr-fr\/demande-rdv\/#breadcrumb"},"inLanguage":"fr-FR","potentialAction":[{"@type":"ReadAction","target":["https:\/\/www.quartix.com\/fr-fr\/demande-rdv\/"]}]},{"@type":"BreadcrumbList","@id":"https:\/\/www.quartix.com\/fr-fr\/demande-rdv\/#breadcrumb","itemListElement":[{"@type":"ListItem","position":1,"name":"Accueil","item":"https:\/\/www.quartix.com\/fr-fr\/quartix-suivi-de-vehicules-en-temps-reel\/"},{"@type":"ListItem","position":2,"name":"Demande de rendez-vous avec l&#8217;un de nos experts"}]},{"@type":"WebSite","@id":"https:\/\/www.quartix.com\/fr-fr\/#website","url":"https:\/\/www.quartix.com\/fr-fr\/","name":"Quartix","description":"Real-time vehicle tracking","publisher":{"@id":"https:\/\/www.quartix.com\/fr-fr\/#organization"},"potentialAction":[{"@type":"SearchAction","target":{"@type":"EntryPoint","urlTemplate":"https:\/\/www.quartix.com\/fr-fr\/?s={search_term_string}"},"query-input":{"@type":"PropertyValueSpecification","valueRequired":true,"valueName":"search_term_string"}}],"inLanguage":"fr-FR"},{"@type":"Organization","@id":"https:\/\/www.quartix.com\/fr-fr\/#organization","name":"Quartix","url":"https:\/\/www.quartix.com\/fr-fr\/","logo":{"@type":"ImageObject","inLanguage":"fr-FR","@id":"https:\/\/www.quartix.com\/fr-fr\/#\/schema\/logo\/image\/","url":"https:\/\/www.quartix.com\/content\/uploads\/2019\/02\/quartix-logo-eur.svg","contentUrl":"https:\/\/www.quartix.com\/content\/uploads\/2019\/02\/quartix-logo-eur.svg","width":1,"height":1,"caption":"Quartix"},"image":{"@id":"https:\/\/www.quartix.com\/fr-fr\/#\/schema\/logo\/image\/"},"sameAs":["https:\/\/www.facebook.com\/Quartix-USA-374426386097401\/","https:\/\/x.com\/QuartixUSA","https:\/\/www.linkedin.com\/company\/5346733\/","https:\/\/www.youtube.com\/channel\/UCzS-_GMfHF4kWiCheyIRrAQ"]}]}},"_links":{"self":[{"href":"https:\/\/www.quartix.com\/fr-fr\/wp-json\/wp\/v2\/pages\/126014","targetHints":{"allow":["GET"]}}],"collection":[{"href":"https:\/\/www.quartix.com\/fr-fr\/wp-json\/wp\/v2\/pages"}],"about":[{"href":"https:\/\/www.quartix.com\/fr-fr\/wp-json\/wp\/v2\/types\/page"}],"author":[{"embeddable":true,"href":"https:\/\/www.quartix.com\/fr-fr\/wp-json\/wp\/v2\/users\/149"}],"replies":[{"embeddable":true,"href":"https:\/\/www.quartix.com\/fr-fr\/wp-json\/wp\/v2\/comments?post=126014"}],"version-history":[{"count":5,"href":"https:\/\/www.quartix.com\/fr-fr\/wp-json\/wp\/v2\/pages\/126014\/revisions"}],"predecessor-version":[{"id":126131,"href":"https:\/\/www.quartix.com\/fr-fr\/wp-json\/wp\/v2\/pages\/126014\/revisions\/126131"}],"wp:attachment":[{"href":"https:\/\/www.quartix.com\/fr-fr\/wp-json\/wp\/v2\/media?parent=126014"}],"wp:term":[{"taxonomy":"topic","embeddable":true,"href":"https:\/\/www.quartix.com\/fr-fr\/wp-json\/wp\/v2\/topic?post=126014"},{"taxonomy":"qtx_campaign","embeddable":true,"href":"https:\/\/www.quartix.com\/fr-fr\/wp-json\/wp\/v2\/qtx_campaign?post=126014"}],"curies":[{"name":"wp","href":"https:\/\/api.w.org\/{rel}","templated":true}]}}