{"id":130112,"date":"2026-03-17T12:03:15","date_gmt":"2026-03-17T11:03:15","guid":{"rendered":"https:\/\/www.quartix.com\/?page_id=130112"},"modified":"2026-03-17T12:03:16","modified_gmt":"2026-03-17T11:03:16","slug":"suivi-de-la-prise-de-force-pto","status":"publish","type":"page","link":"https:\/\/www.quartix.com\/fr-fr\/geolocalisation\/suivi-de-la-prise-de-force-pto\/","title":{"rendered":"Suivi de la Prise de Force (PTO)"},"content":{"rendered":"\n<h2 class=\"wp-block-heading\" id=\"h-track-equipment-usage-amp-improve-fleet-efficiency\"><strong><strong><strong>Suivez l\u2019utilisation de vos \u00e9quipements et rendez votre flotte plus efficace<\/strong><\/strong><\/strong><\/h2>\n\n<p>Dans des secteurs comme la gestion des d\u00e9chets, le b\u00e2timent ou le domaine agricole, de nombreux v\u00e9hicules s\u2019appuient sur un syst\u00e8me de Prise de Force (PTO) pour faire fonctionner des \u00e9quipements essentiels comme les hayons, les pompes ou d\u2019autres machines. Le moteur doit tourner, donc le ralenti est in\u00e9vitable, mais comment faire la diff\u00e9rence entre un ralenti utile et du carburant gaspill\u00e9 pour rien ? <\/p>\n\n<p>Avec le suivi PTO de Quartix, vous voyez quand et o\u00f9 le PTO est utilis\u00e9, ce qui vous aide \u00e0 suivre l\u2019activit\u00e9 de vos v\u00e9hicules, <a href=\"Link 1 https:\/\/www.quartix.com\/fr-fr\/blog\/reduire-couts-carburant-maintenance-geolocalisation\/\">\u00e0 mieux g\u00e9rer le carburant <\/a>et \u00e0 prouver que les travaux ont bien \u00e9t\u00e9 r\u00e9alis\u00e9s.<\/p>\n\n<div class=\"wp-block-columns is-layout-flex wp-container-core-columns-is-layout-28f84493 wp-block-columns-is-layout-flex\">\n<div class=\"wp-block-column is-layout-flow wp-block-column-is-layout-flow\">\n<h2 class=\"wp-block-heading\" id=\"h-monitor-pto-usage-with-precision\"><strong><strong>Surveillez l\u2019usage du PTO avec pr\u00e9cision<\/strong><\/strong><\/h2>\n\n\n\n<p>Les v\u00e9hicules \u00e9quip\u00e9s d\u2019un PTO doivent rester au ralenti pour faire tourner les \u00e9quipements, <a href=\"https:\/\/www.quartix.com\/fr-fr\/blog\/le-cout-reel-de-la-marche-au-ralenti\/\">mais tout le ralenti n\u2019est pas du temps de travail<\/a>. Ces rapports vous aident \u00e0\u202f: <\/p>\n\n\n\n<ul class=\"wp-block-list\">\n<li>Voir quand le PTO \u00e9tait activ\u00e9 et confirmer quand le ralenti \u00e9tait vraiment n\u00e9cessaire<\/li>\n\n\n\n<li>Faire la diff\u00e9rence entre le carburant vraiment n\u00e9cessaire et le gaspillage<\/li>\n\n\n\n<li>V\u00e9rifier que vos v\u00e9hicules et vos \u00e9quipes \u00e9taient bien en train de travailler sur le site<\/li>\n<\/ul>\n<\/div>\n\n\n\n<div class=\"wp-block-column is-layout-flow wp-block-column-is-layout-flow\">\n<figure class=\"wp-block-image size-full\"><img loading=\"lazy\" decoding=\"async\" width=\"400\" height=\"200\" src=\"https:\/\/www.quartix.com\/content\/uploads\/2025\/03\/worcestercc-1.jpg\" alt=\"Camion, tracteur ou collecte des d&#xE9;chets avec syst&#xE8;me PTO actif, par Quartix Services T&#xE9;l&#xE9;matiques\" class=\"wp-image-117903\" srcset=\"https:\/\/www.quartix.com\/content\/uploads\/2025\/03\/worcestercc-1.jpg 400w, https:\/\/www.quartix.com\/content\/uploads\/2025\/03\/worcestercc-1-300x150.jpg 300w\" sizes=\"auto, (max-width: 400px) 100vw, 400px\" \/><\/figure>\n<\/div>\n<\/div>\n\n<div class=\"wp-block-columns is-layout-flex wp-container-core-columns-is-layout-28f84493 wp-block-columns-is-layout-flex\">\n<div class=\"wp-block-column is-layout-flow wp-block-column-is-layout-flow\">\n<figure class=\"wp-block-image size-full\"><img loading=\"lazy\" decoding=\"async\" width=\"900\" height=\"870\" src=\"https:\/\/www.quartix.com\/content\/uploads\/2025\/03\/Snowden-Homes-Digger.webp\" alt=\"Une pelle jaune est gar&#xE9;e sur un chantier, son seau reposant sur le sol. Non loin, des ouvriers enregistrent des heures dans des feuilles de temps tandis que des arbres et un conteneur se dressent sous un ciel bleu clair. \" class=\"wp-image-117914\" srcset=\"https:\/\/www.quartix.com\/content\/uploads\/2025\/03\/Snowden-Homes-Digger.webp 900w, https:\/\/www.quartix.com\/content\/uploads\/2025\/03\/Snowden-Homes-Digger-300x290.webp 300w, https:\/\/www.quartix.com\/content\/uploads\/2025\/03\/Snowden-Homes-Digger-768x742.webp 768w\" sizes=\"auto, (max-width: 900px) 100vw, 900px\" \/><\/figure>\n<\/div>\n\n\n\n<div class=\"wp-block-column is-layout-flow wp-block-column-is-layout-flow\">\n<h2 class=\"wp-block-heading\" id=\"h-manage-fuel-use-more-effectively\"><strong><strong>G\u00e9rez mieux votre consommation de carburant<\/strong><\/strong><\/h2>\n\n\n\n<p>Le ralenti peut consommer environ 4 litres de carburant par heure pour un fourgon et jusqu\u2019\u00e0 8 litres par heure pour les v\u00e9hicules plus lourds. Si votre flotte d\u00e9pend du PTO, vous ne pouvez pas supprimer le ralenti, mais avec Quartix vous pouvez en suivre l\u2019impact et le ma\u00eetriser. <\/p>\n\n\n\n<ul class=\"wp-block-list\">\n<li>Les rapports vous donnent une vue claire de l\u2019usage du PTO et des p\u00e9riodes de ralenti<\/li>\n\n\n\n<li>Le suivi de position garde un historique pr\u00e9cis de l\u2019activit\u00e9 sur chaque site<\/li>\n\n\n\n<li>Ces donn\u00e9es vous aident \u00e0 prendre des d\u00e9cisions simples et cibl\u00e9es pour mieux g\u00e9rer votre carburant<\/li>\n<\/ul>\n<\/div>\n<\/div>\n\n<h2 class=\"wp-block-heading\" id=\"h-a-clear-picture-of-fleet-activity\"><strong><strong><strong>Une vision claire de l\u2019activit\u00e9 de votre flotte<\/strong><\/strong><\/strong><\/h2>\n\n<p>En suivant l\u2019activation du PTO en temps r\u00e9el, vous voyez clairement comment vos v\u00e9hicules et vos \u00e9quipements sont utilis\u00e9s. Que vous souhaitiez analyser le temps pass\u00e9 au ralenti, v\u00e9rifier les travaux r\u00e9alis\u00e9s ou optimiser votre consommation de carburant, <a href=\"https:\/\/www.quartix.com\/fr-fr\/\">Quartix vous donne<\/a> les infos dont vous avez besoin, dans un seul syst\u00e8me simple \u00e0 utiliser. <\/p>\n\n<p><strong>Prenez le contr\u00f4le de l\u2019utilisation des cong\u00e9s pay\u00e9s de votre flotte gr\u00e2ce au suivi des v\u00e9hicules Quartix.<\/strong><\/p>\n","protected":false},"excerpt":{"rendered":"<p>Suivez l\u2019utilisation de vos \u00e9quipements et rendez votre flotte plus efficace Dans des secteurs comme la gestion des d\u00e9chets, le b\u00e2timent ou le domaine agricole, de nombreux v\u00e9hicules s\u2019appuient sur un syst\u00e8me de Prise de Force (PTO) pour faire fonctionner des \u00e9quipements essentiels comme les hayons, les pompes ou d\u2019autres machines. Le moteur doit tourner, [&hellip;]<\/p>\n","protected":false},"author":219,"featured_media":117941,"parent":53132,"menu_order":20,"comment_status":"closed","ping_status":"closed","template":"","meta":{"_acf_changed":false,"inline_featured_image":false,"footnotes":""},"topic":[],"qtx_campaign":[],"class_list":["post-130112","page","type-page","status-publish","has-post-thumbnail","hentry"],"acf":[],"yoast_head":"<!-- This site is optimized with the Yoast SEO Premium plugin v27.3 (Yoast SEO v27.3) - https:\/\/yoast.com\/product\/yoast-seo-premium-wordpress\/ -->\n<title>Surveillance des PTO Quartix : Suivre l\u2019\u00e9quipement et renforcer l\u2019efficacit\u00e9 de la flotte - FR<\/title>\n<meta name=\"description\" content=\"Suivez l&#039;activit\u00e9 PTO de votre flotte avec Quartix : distinguez le ralenti utile du gaspillage et v\u00e9rifiez les travaux r\u00e9alis\u00e9s.\" \/>\n<meta name=\"robots\" content=\"index, follow, max-snippet:-1, max-image-preview:large, max-video-preview:-1\" \/>\n<link rel=\"canonical\" href=\"https:\/\/www.quartix.com\/fr-fr\/geolocalisation\/suivi-de-la-prise-de-force-pto\/\" \/>\n<meta property=\"og:locale\" content=\"fr_FR\" \/>\n<meta property=\"og:type\" content=\"article\" \/>\n<meta property=\"og:title\" content=\"Suivi de la Prise de Force (PTO)\" \/>\n<meta property=\"og:description\" content=\"Suivez l&#039;activit\u00e9 PTO de votre flotte avec Quartix : distinguez le ralenti utile du gaspillage et v\u00e9rifiez les travaux r\u00e9alis\u00e9s.\" \/>\n<meta property=\"og:url\" content=\"https:\/\/www.quartix.com\/fr-fr\/geolocalisation\/suivi-de-la-prise-de-force-pto\/\" \/>\n<meta property=\"og:site_name\" content=\"Quartix\" \/>\n<meta property=\"article:publisher\" content=\"https:\/\/www.facebook.com\/Quartix-USA-374426386097401\/\" \/>\n<meta property=\"article:modified_time\" content=\"2026-03-17T11:03:16+00:00\" \/>\n<meta property=\"og:image\" content=\"https:\/\/www.quartix.com\/content\/uploads\/2025\/03\/Screenshot-2025-03-05-at-15.41.15-1000x712.png\" \/>\n\t<meta property=\"og:image:width\" content=\"1000\" \/>\n\t<meta property=\"og:image:height\" content=\"712\" \/>\n\t<meta property=\"og:image:type\" content=\"image\/png\" \/>\n<meta name=\"twitter:card\" content=\"summary_large_image\" \/>\n<meta name=\"twitter:site\" content=\"@QuartixUSA\" \/>\n<meta name=\"twitter:label1\" content=\"Est. reading time\" \/>\n\t<meta name=\"twitter:data1\" content=\"3 minutes\" \/>\n<!-- \/ Yoast SEO Premium plugin. -->","yoast_head_json":{"title":"Surveillance des PTO Quartix : Suivre l\u2019\u00e9quipement et renforcer l\u2019efficacit\u00e9 de la flotte - FR","description":"Suivez l'activit\u00e9 PTO de votre flotte avec Quartix : distinguez le ralenti utile du gaspillage et v\u00e9rifiez les travaux r\u00e9alis\u00e9s.","robots":{"index":"index","follow":"follow","max-snippet":"max-snippet:-1","max-image-preview":"max-image-preview:large","max-video-preview":"max-video-preview:-1"},"canonical":"https:\/\/www.quartix.com\/fr-fr\/geolocalisation\/suivi-de-la-prise-de-force-pto\/","og_locale":"fr_FR","og_type":"article","og_title":"Suivi de la Prise de Force (PTO)","og_description":"Suivez l'activit\u00e9 PTO de votre flotte avec Quartix : distinguez le ralenti utile du gaspillage et v\u00e9rifiez les travaux r\u00e9alis\u00e9s.","og_url":"https:\/\/www.quartix.com\/fr-fr\/geolocalisation\/suivi-de-la-prise-de-force-pto\/","og_site_name":"Quartix","article_publisher":"https:\/\/www.facebook.com\/Quartix-USA-374426386097401\/","article_modified_time":"2026-03-17T11:03:16+00:00","og_image":[{"width":1000,"height":712,"url":"https:\/\/www.quartix.com\/content\/uploads\/2025\/03\/Screenshot-2025-03-05-at-15.41.15-1000x712.png","type":"image\/png"}],"twitter_card":"summary_large_image","twitter_site":"@QuartixUSA","twitter_misc":{"Est. reading time":"3 minutes"},"schema":{"@context":"https:\/\/schema.org","@graph":[{"@type":"WebPage","@id":"https:\/\/www.quartix.com\/fr-fr\/geolocalisation\/suivi-de-la-prise-de-force-pto\/","url":"https:\/\/www.quartix.com\/fr-fr\/geolocalisation\/suivi-de-la-prise-de-force-pto\/","name":"Surveillance des PTO Quartix : Suivre l\u2019\u00e9quipement et renforcer l\u2019efficacit\u00e9 de la flotte","isPartOf":{"@id":"https:\/\/www.quartix.com\/fr-fr\/#website"},"primaryImageOfPage":{"@id":"https:\/\/www.quartix.com\/fr-fr\/geolocalisation\/suivi-de-la-prise-de-force-pto\/#primaryimage"},"image":{"@id":"https:\/\/www.quartix.com\/fr-fr\/geolocalisation\/suivi-de-la-prise-de-force-pto\/#primaryimage"},"thumbnailUrl":"https:\/\/www.quartix.com\/content\/uploads\/2025\/03\/Screenshot-2025-03-05-at-15.41.15.png","datePublished":"2026-03-17T11:03:15+00:00","dateModified":"2026-03-17T11:03:16+00:00","description":"Suivez l'activit\u00e9 PTO de votre flotte avec Quartix : distinguez le ralenti utile du gaspillage et v\u00e9rifiez les travaux r\u00e9alis\u00e9s.","breadcrumb":{"@id":"https:\/\/www.quartix.com\/fr-fr\/geolocalisation\/suivi-de-la-prise-de-force-pto\/#breadcrumb"},"inLanguage":"fr-FR","potentialAction":[{"@type":"ReadAction","target":["https:\/\/www.quartix.com\/fr-fr\/geolocalisation\/suivi-de-la-prise-de-force-pto\/"]}]},{"@type":"ImageObject","inLanguage":"fr-FR","@id":"https:\/\/www.quartix.com\/fr-fr\/geolocalisation\/suivi-de-la-prise-de-force-pto\/#primaryimage","url":"https:\/\/www.quartix.com\/content\/uploads\/2025\/03\/Screenshot-2025-03-05-at-15.41.15.png","contentUrl":"https:\/\/www.quartix.com\/content\/uploads\/2025\/03\/Screenshot-2025-03-05-at-15.41.15.png","width":2028,"height":1444,"caption":"Large white truck with articulated arm at roadside, operated by a person in a yellow vest. Blue sky and greenery in the background."},{"@type":"BreadcrumbList","@id":"https:\/\/www.quartix.com\/fr-fr\/geolocalisation\/suivi-de-la-prise-de-force-pto\/#breadcrumb","itemListElement":[{"@type":"ListItem","position":1,"name":"Accueil","item":"https:\/\/www.quartix.com\/fr-fr\/quartix-suivi-de-vehicules-en-temps-reel\/"},{"@type":"ListItem","position":2,"name":"G\u00e9olocalisation","item":"https:\/\/www.quartix.com\/fr-fr\/geolocalisation\/"},{"@type":"ListItem","position":3,"name":"Suivi de la Prise de Force (PTO)"}]},{"@type":"WebSite","@id":"https:\/\/www.quartix.com\/fr-fr\/#website","url":"https:\/\/www.quartix.com\/fr-fr\/","name":"Quartix","description":"Real-time vehicle tracking","publisher":{"@id":"https:\/\/www.quartix.com\/fr-fr\/#organization"},"potentialAction":[{"@type":"SearchAction","target":{"@type":"EntryPoint","urlTemplate":"https:\/\/www.quartix.com\/fr-fr\/?s={search_term_string}"},"query-input":{"@type":"PropertyValueSpecification","valueRequired":true,"valueName":"search_term_string"}}],"inLanguage":"fr-FR"},{"@type":"Organization","@id":"https:\/\/www.quartix.com\/fr-fr\/#organization","name":"Quartix","url":"https:\/\/www.quartix.com\/fr-fr\/","logo":{"@type":"ImageObject","inLanguage":"fr-FR","@id":"https:\/\/www.quartix.com\/fr-fr\/#\/schema\/logo\/image\/","url":"https:\/\/www.quartix.com\/content\/uploads\/2019\/02\/quartix-logo-eur.svg","contentUrl":"https:\/\/www.quartix.com\/content\/uploads\/2019\/02\/quartix-logo-eur.svg","width":1,"height":1,"caption":"Quartix"},"image":{"@id":"https:\/\/www.quartix.com\/fr-fr\/#\/schema\/logo\/image\/"},"sameAs":["https:\/\/www.facebook.com\/Quartix-USA-374426386097401\/","https:\/\/x.com\/QuartixUSA","https:\/\/www.linkedin.com\/company\/5346733\/","https:\/\/www.youtube.com\/channel\/UCzS-_GMfHF4kWiCheyIRrAQ"]}]}},"_links":{"self":[{"href":"https:\/\/www.quartix.com\/fr-fr\/wp-json\/wp\/v2\/pages\/130112","targetHints":{"allow":["GET"]}}],"collection":[{"href":"https:\/\/www.quartix.com\/fr-fr\/wp-json\/wp\/v2\/pages"}],"about":[{"href":"https:\/\/www.quartix.com\/fr-fr\/wp-json\/wp\/v2\/types\/page"}],"author":[{"embeddable":true,"href":"https:\/\/www.quartix.com\/fr-fr\/wp-json\/wp\/v2\/users\/219"}],"replies":[{"embeddable":true,"href":"https:\/\/www.quartix.com\/fr-fr\/wp-json\/wp\/v2\/comments?post=130112"}],"version-history":[{"count":3,"href":"https:\/\/www.quartix.com\/fr-fr\/wp-json\/wp\/v2\/pages\/130112\/revisions"}],"predecessor-version":[{"id":130115,"href":"https:\/\/www.quartix.com\/fr-fr\/wp-json\/wp\/v2\/pages\/130112\/revisions\/130115"}],"up":[{"embeddable":true,"href":"https:\/\/www.quartix.com\/fr-fr\/wp-json\/wp\/v2\/pages\/53132"}],"wp:featuredmedia":[{"embeddable":true,"href":"https:\/\/www.quartix.com\/fr-fr\/wp-json\/wp\/v2\/media\/117941"}],"wp:attachment":[{"href":"https:\/\/www.quartix.com\/fr-fr\/wp-json\/wp\/v2\/media?parent=130112"}],"wp:term":[{"taxonomy":"topic","embeddable":true,"href":"https:\/\/www.quartix.com\/fr-fr\/wp-json\/wp\/v2\/topic?post=130112"},{"taxonomy":"qtx_campaign","embeddable":true,"href":"https:\/\/www.quartix.com\/fr-fr\/wp-json\/wp\/v2\/qtx_campaign?post=130112"}],"curies":[{"name":"wp","href":"https:\/\/api.w.org\/{rel}","templated":true}]}}