{"id":131029,"date":"2026-05-06T14:50:23","date_gmt":"2026-05-06T13:50:23","guid":{"rendered":"https:\/\/www.quartix.com\/?page_id=131029"},"modified":"2026-05-06T14:50:25","modified_gmt":"2026-05-06T13:50:25","slug":"chemin-de-fer","status":"publish","type":"page","link":"https:\/\/www.quartix.com\/fr-fr\/chemin-de-fer\/","title":{"rendered":"Chemin de Fer"},"content":{"rendered":"\r\n<div   class=\"hero-block bighero\">\r\n    <img loading=\"lazy\" decoding=\"async\" width=\"1200\" height=\"488\" src=\"https:\/\/www.quartix.com\/content\/uploads\/2023\/04\/railway-tracks.png\" class=\"\" alt=\"\" srcset=\"https:\/\/www.quartix.com\/content\/uploads\/2023\/04\/railway-tracks.png 1200w, https:\/\/www.quartix.com\/content\/uploads\/2023\/04\/railway-tracks-300x122.png 300w, https:\/\/www.quartix.com\/content\/uploads\/2023\/04\/railway-tracks-1000x407.png 1000w, https:\/\/www.quartix.com\/content\/uploads\/2023\/04\/railway-tracks-768x312.png 768w\" sizes=\"auto, (max-width: 1200px) 100vw, 1200px\" \/>                <div class=\"hero-overlay\"><\/div>\r\n            \r\n\r\n\r\n    <div class=\"hero-content \">\r\n        <div class=\"inner limited-width\">\r\n                                                <p class=\"title stylelikeh1\">R\u00e9duisez les retards et optimisez les ressources gr\u00e2ce aux informations de t\u00e9l\u00e9matique de flotte<\/p>\r\n                                <p class=\"text\">Le partenaire de t\u00e9l\u00e9matique de flotte de confiance du secteur ferroviaire<\/p>                                        <div class=\"buttons\">\r\n                    <a href=\"#form\" class=\"btn btn-green btn-inline\"  title=\"R\u00c9SERVEZ UNE D\u00c9MO\">R\u00c9SERVEZ UNE D\u00c9MO<\/a>\r\n                <\/div>\r\n                    <\/div>\r\n    <\/div>\r\n<\/div>\n\n\r\n\r\n        <div  class=\"landingpageouter\" style=\"background-color:#ffffff ;\">\r\n        <div class=\"landingpagecolsblock twocols5050 \">\r\n                            <div class=\"col1\">\r\n                <p class=\"pre-title\">Pourquoi Quartix ?<\/p>                <h2 class=\"\">GESTION DES RISQUES<\/h2>                <div class='wysiwyg'><p class=\"lplh-26\">Quartix propose une t\u00e9l\u00e9matique fiable pour le secteur ferroviaire afin de garantir la s\u00e9curit\u00e9 des travailleurs et des v\u00e9hicules de flotte, notamment dans les zones isol\u00e9es o\u00f9 de nombreux projets sont r\u00e9alis\u00e9s.<\/p>\n<\/div>                <\/div>\r\n                <div class=\"col2\">\r\n                                    <div class=\"\"><img loading=\"lazy\" decoding=\"async\" width=\"560\" height=\"533\" src=\"https:\/\/www.quartix.com\/content\/uploads\/2026\/04\/france-website.jpg\" class=\"\" alt=\"A computer screen displays a map of France with data charts, while a smartphone shows a list of vehicle information.\" srcset=\"https:\/\/www.quartix.com\/content\/uploads\/2026\/04\/france-website.jpg 560w, https:\/\/www.quartix.com\/content\/uploads\/2026\/04\/france-website-300x286.jpg 300w\" sizes=\"auto, (max-width: 560px) 100vw, 560px\" \/><\/div>                                <\/div>\r\n        <\/div>\r\n    <\/div>\r\n\r\n\r\n\n\n\r\n\r\n        <div  class=\"landingpageouter\" style=\"background-color:#ffffff ;\">\r\n        <div class=\"landingpagecolsblock twocols5050 swap-content\">\r\n                            <div class=\"col1\">\r\n                <p class=\"pre-title\">Votre d\u00e9fi<\/p>                <h2 class=\"\">OUVRIR LA VOIE<\/h2>                <div class='wysiwyg'><div id=\"lp-pom-text-61\" class=\"lp-element lp-pom-text nlh\">\n<p class=\"lplh-26\">\u00a0Nos pr\u00e9cieux rapports sur le <a href=\"https:\/\/www.quartix.com\/fr-fr\/geolocalisation\/eco-conduite\/\"><strong>comportement des conducteurs<\/strong><\/a> peuvent jouer un r\u00f4le cl\u00e9 dans votre strat\u00e9gie d&#8217;\u00e9conomies, vous permettant d&#8217;exploiter une flotte plus s\u00fbre, plus \u00e9cologique et plus efficace.<\/p>\n<\/div>\n<div id=\"lp-pom-image-64\" class=\"lp-element lp-pom-image\"><\/div>\n<\/div>                <\/div>\r\n                <div class=\"col2\">\r\n                                    <div class=\"\"><img loading=\"lazy\" decoding=\"async\" width=\"640\" height=\"624\" src=\"https:\/\/www.quartix.com\/content\/uploads\/2023\/04\/Construction-worker-with-metal-frame-768x749.png\" class=\"\" alt=\"\" srcset=\"https:\/\/www.quartix.com\/content\/uploads\/2023\/04\/Construction-worker-with-metal-frame-768x749.png 768w, https:\/\/www.quartix.com\/content\/uploads\/2023\/04\/Construction-worker-with-metal-frame-300x293.png 300w, https:\/\/www.quartix.com\/content\/uploads\/2023\/04\/Construction-worker-with-metal-frame.png 800w\" sizes=\"auto, (max-width: 640px) 100vw, 640px\" \/><\/div>                                <\/div>\r\n        <\/div>\r\n    <\/div>\r\n\r\n\r\n\n\n\r\n\r\n        <div  class=\"landingpageouter\" style=\"background-color:#ffffff ;\">\r\n        <div class=\"landingpagecolsblock twocols4060 \">\r\n            <div class=\"col1\">\r\n                                <h2 class=\"\">R\u00e9duire les \u00e9missions de la flotte<\/h2>                <div class='wysiwyg'><div id=\"lp-pom-text-81\" class=\"lp-element lp-pom-text nlh\">\n<p class=\"lplh-26\">En encourageant de meilleures habitudes de conduite gr\u00e2ce \u00e0 nos rapports sur <strong><a href=\"https:\/\/www.quartix.com\/fr-fr\/pour-conducteurs-et-equipes-terrain\/\">le comportement des conducteurs<\/a><\/strong>, vous pouvez d\u00e9montrer votre engagement \u00e0 r\u00e9duire les co\u00fbts de carburant et les \u00e9missions de CO2 de votre flotte. Gr\u00e2ce \u00e0 nos rapports sur les \u00e9missions de votre flotte et aux tendances en mati\u00e8re de style de conduite, vous pouvez mieux identifier les mauvaises habitudes de conduite et encourager des styles de conduite qui sont garantis pour am\u00e9liorer ces mesures.<\/p>\n<\/div>\n<div id=\"lp-pom-text-85\" class=\"lp-element lp-pom-text nlh\"><\/div>\n<\/div>            <\/div>\r\n            <div class=\"col2\">\r\n                <div class=\"responsivemedia\"><img loading=\"lazy\" decoding=\"async\" width=\"640\" height=\"427\" src=\"https:\/\/www.quartix.com\/content\/uploads\/2020\/04\/Driver-at-wheel-768x512.jpg\" class=\"\" alt=\"driver at wheel\" srcset=\"https:\/\/www.quartix.com\/content\/uploads\/2020\/04\/Driver-at-wheel-768x512.jpg 768w, https:\/\/www.quartix.com\/content\/uploads\/2020\/04\/Driver-at-wheel-300x200.jpg 300w, https:\/\/www.quartix.com\/content\/uploads\/2020\/04\/Driver-at-wheel.jpg 1000w\" sizes=\"auto, (max-width: 640px) 100vw, 640px\" \/><\/div>            <\/div>\r\n                        <\/div>\r\n    <\/div>\r\n\r\n\r\n\n\n\r\n\r\n        <div  class=\"landingpageouter\" style=\"background-color:#ffffff ;\">\r\n        <div class=\"landingpagecolsblock twocols4060 swap-content\">\r\n            <div class=\"col1\">\r\n                                <h2 class=\"\">Engagement des employ\u00e9s<\/h2>                <div class='wysiwyg'><div id=\"lp-pom-text-86\" class=\"lp-element lp-pom-text nlh\">\n<p class=\"lplh-26\">Notre suivi en <strong><a href=\"https:\/\/www.quartix.com\/fr-fr\/geolocalisation\/rapports-detailles\/\">temps r\u00e9el et nos audits<\/a><\/strong> de temps de fin\/d\u00e9but vous donnent un aper\u00e7u complet des performances de votre flotte afin que vous puissiez prendre des d\u00e9cisions \u00e9clair\u00e9es pour optimiser les performances de l\u2019\u00e9quipe. Obtenez une meilleure compr\u00e9hension de la productivit\u00e9, de l\u2019efficacit\u00e9 et des op\u00e9rations globales de la flotte des travailleurs gr\u00e2ce \u00e0 des alertes KPI en temps r\u00e9el et \u00e0 des journaux de bord quotidiens.<\/p>\n<\/div>\n<div id=\"lp-pom-image-87\" class=\"lp-element lp-pom-image\"><\/div>\n<\/div>            <\/div>\r\n            <div class=\"col2\">\r\n                <div class=\"responsivemedia\"><img loading=\"lazy\" decoding=\"async\" width=\"525\" height=\"472\" src=\"https:\/\/www.quartix.com\/content\/uploads\/2023\/04\/Rail-worker-in-tunnel-1.jpg\" class=\"\" alt=\"\" srcset=\"https:\/\/www.quartix.com\/content\/uploads\/2023\/04\/Rail-worker-in-tunnel-1.jpg 525w, https:\/\/www.quartix.com\/content\/uploads\/2023\/04\/Rail-worker-in-tunnel-1-300x270.jpg 300w\" sizes=\"auto, (max-width: 525px) 100vw, 525px\" \/><\/div>            <\/div>\r\n                        <\/div>\r\n    <\/div>\r\n\r\n\r\n\n\n\r\n\r\n        <div  class=\"landingpageouter\" style=\"background-color:#ffffff ;\">\r\n        <div class=\"landingpagecolsblock twocols4060 \">\r\n            <div class=\"col1\">\r\n                                <h2 class=\"\">Avoir une main-d\u2019\u0153uvre plus s\u00fbre et plus verte<\/h2>                <div class='wysiwyg'><div id=\"lp-pom-text-92\" class=\"lp-element lp-pom-text nlh\">\n<p class=\"lplh-26\">Exploiter la t\u00e9l\u00e9matique pour am\u00e9liorer l\u2019efficacit\u00e9 carbone et renforcer la s\u00e9curit\u00e9 routi\u00e8re constitue une approche innovante capable de transformer les op\u00e9rations des travailleurs ferroviaires. Gr\u00e2ce aux donn\u00e9es issues de notre syst\u00e8me de suivi de v\u00e9hicules, vous pouvez r\u00e9duire consid\u00e9rablement l\u2019empreinte carbone de votre flotte, r\u00e9aliser d\u2019importantes \u00e9conomies et am\u00e9liorer la s\u00e9curit\u00e9 routi\u00e8re en toute simplicit\u00e9.<\/p>\n<\/div>\n<div id=\"lp-pom-text-96\" class=\"lp-element lp-pom-text nlh\"><\/div>\n<\/div>            <\/div>\r\n            <div class=\"col2\">\r\n                <div class=\"responsivemedia\"><img loading=\"lazy\" decoding=\"async\" width=\"640\" height=\"400\" src=\"https:\/\/www.quartix.com\/content\/uploads\/2023\/04\/Rail-station-time-768x480.jpg\" class=\"\" alt=\"\" srcset=\"https:\/\/www.quartix.com\/content\/uploads\/2023\/04\/Rail-station-time-768x480.jpg 768w, https:\/\/www.quartix.com\/content\/uploads\/2023\/04\/Rail-station-time-300x188.jpg 300w, https:\/\/www.quartix.com\/content\/uploads\/2023\/04\/Rail-station-time.jpg 900w\" sizes=\"auto, (max-width: 640px) 100vw, 640px\" \/><\/div>            <\/div>\r\n                        <\/div>\r\n    <\/div>\r\n\r\n\r\n\n\n\r\n<div   class=\"hero-block smallhero\">\r\n    <img loading=\"lazy\" decoding=\"async\" width=\"1000\" height=\"667\" src=\"https:\/\/www.quartix.com\/content\/uploads\/2023\/03\/car-on-road-green.png\" class=\"\" alt=\"\" srcset=\"https:\/\/www.quartix.com\/content\/uploads\/2023\/03\/car-on-road-green.png 1000w, https:\/\/www.quartix.com\/content\/uploads\/2023\/03\/car-on-road-green-300x200.png 300w, https:\/\/www.quartix.com\/content\/uploads\/2023\/03\/car-on-road-green-768x512.png 768w\" sizes=\"auto, (max-width: 1000px) 100vw, 1000px\" \/>                <div class=\"hero-overlay\"><\/div>\r\n            \r\n\r\n\r\n    <div class=\"hero-content \">\r\n        <div class=\"inner\">\r\n                            <p class=\"title stylelikeh3\">Lib\u00e9rez l&#8217;efficacit\u00e9 maximale pour votre flotte de travailleurs ferroviaires<\/p>                                                        <div class=\"buttons\">\r\n                    <a href=\"#form\" class=\"btn btn-green btn-inline\"  title=\"R\u00c9SERVEZ UNE D\u00c9MO\">R\u00c9SERVEZ UNE D\u00c9MO<\/a>\r\n                <\/div>\r\n                    <\/div>\r\n    <\/div>\r\n<\/div>\n\n<div id=\"form\"  class=\"landingpageform  nobottommargin\">\r\n    <h2 class='form-block-title'>Organisez une d\u00e9monstration avec un membre de notre \u00e9quipe.<\/h2>\n<div class=\"wpcf7 no-js\" id=\"wpcf7-f71267-o1\" lang=\"fr-FR\" dir=\"ltr\" data-wpcf7-id=\"71267\">\n<div class=\"screen-reader-response\"><p role=\"status\" aria-live=\"polite\" aria-atomic=\"true\"><\/p> <ul><\/ul><\/div>\n<form action=\"\/fr-fr\/wp-json\/wp\/v2\/pages\/131029#wpcf7-f71267-o1\" method=\"post\" class=\"wpcf7-form init\" aria-label=\"Contact form\" novalidate=\"novalidate\" data-status=\"init\">\n<fieldset class=\"hidden-fields-container\"><input type=\"hidden\" name=\"_wpcf7\" value=\"71267\" \/><input type=\"hidden\" name=\"_wpcf7_version\" value=\"6.1.5\" \/><input type=\"hidden\" name=\"_wpcf7_locale\" value=\"fr_FR\" \/><input type=\"hidden\" name=\"_wpcf7_unit_tag\" value=\"wpcf7-f71267-o1\" \/><input type=\"hidden\" name=\"_wpcf7_container_post\" value=\"0\" \/><input type=\"hidden\" name=\"_wpcf7_posted_data_hash\" value=\"\" \/><input type=\"hidden\" name=\"_wpcf7cf_hidden_group_fields\" value=\"[]\" \/><input type=\"hidden\" name=\"_wpcf7cf_hidden_groups\" value=\"[]\" \/><input type=\"hidden\" name=\"_wpcf7cf_visible_groups\" value=\"[]\" \/><input type=\"hidden\" name=\"_wpcf7cf_repeaters\" value=\"[]\" \/><input type=\"hidden\" name=\"_wpcf7cf_steps\" value=\"{}\" \/><input type=\"hidden\" name=\"_wpcf7cf_options\" value=\"{&quot;form_id&quot;:71267,&quot;conditions&quot;:[],&quot;settings&quot;:{&quot;animation&quot;:&quot;yes&quot;,&quot;animation_intime&quot;:200,&quot;animation_outtime&quot;:200,&quot;conditions_ui&quot;:&quot;normal&quot;,&quot;notice_dismissed&quot;:false,&quot;notice_dismissed_update-cf7-6.0&quot;:true,&quot;notice_dismissed_update-cf7-6.0.1&quot;:true,&quot;notice_dismissed_update-cf7-6.0.2&quot;:true,&quot;notice_dismissed_rollback-cf7-6.0.5&quot;:true}}\" \/><input type=\"hidden\" name=\"_wpcf7_recaptcha_response\" value=\"\" \/>\n<\/fieldset>\n<div class=\"input-wrapper\"><span class=\"icon icon-face\"><\/span><span class=\"wpcf7-form-control-wrap\" data-name=\"first_name\"><input size=\"40\" maxlength=\"400\" class=\"wpcf7-form-control wpcf7-text wpcf7-validates-as-required\" aria-required=\"true\" aria-invalid=\"false\" placeholder=\"Pr\u00e9nom *\" value=\"\" type=\"text\" name=\"first_name\" \/><\/span><span class=\"wpcf7-form-control-wrap\" data-name=\"last_name\"><input size=\"40\" maxlength=\"400\" class=\"wpcf7-form-control wpcf7-text wpcf7-validates-as-required\" aria-required=\"true\" aria-invalid=\"false\" placeholder=\"Nom *\" value=\"\" type=\"text\" name=\"last_name\" \/><\/span><\/div>\n<div class=\"input-wrapper\"><span class=\"icon icon-envelope\"><\/span><span class=\"wpcf7-form-control-wrap\" data-name=\"email\"><input size=\"40\" maxlength=\"400\" class=\"wpcf7-form-control wpcf7-email wpcf7-validates-as-required wpcf7-text wpcf7-validates-as-email\" aria-required=\"true\" aria-invalid=\"false\" placeholder=\"Email *\" value=\"\" type=\"email\" name=\"email\" \/><\/span><\/div>\n<div class=\"input-wrapper\"><span class=\"icon icon-company\"><\/span><span class=\"wpcf7-form-control-wrap\" data-name=\"company\"><input size=\"40\" maxlength=\"400\" class=\"wpcf7-form-control wpcf7-text wpcf7-validates-as-required\" aria-required=\"true\" aria-invalid=\"false\" placeholder=\"Soci\u00e9t\u00e9 *\" value=\"\" type=\"text\" name=\"company\" \/><\/span><\/div>\n<div class=\"input-wrapper\"><span class=\"icon icon-telephone\"><\/span><span class=\"wpcf7-form-control-wrap\" data-name=\"phone\"><input size=\"40\" maxlength=\"400\" class=\"wpcf7-form-control wpcf7-tel wpcf7-validates-as-required wpcf7-text wpcf7-validates-as-tel\" aria-required=\"true\" aria-invalid=\"false\" placeholder=\"T\u00e9l\u00e9phone *\" value=\"\" type=\"tel\" name=\"phone\" \/><\/span><\/div>\n<div class=\"input-wrapper\"><span class=\"icon icon-vehicles\"><\/span><span class=\"wpcf7-form-control-wrap\" data-name=\"number_of_vehicles\"><input class=\"wpcf7-form-control wpcf7-number wpcf7-validates-as-required wpcf7-validates-as-number\" min=\"1\" aria-required=\"true\" aria-invalid=\"false\" placeholder=\"Taille de votre flotte *\" value=\"\" type=\"number\" name=\"number_of_vehicles\" \/><\/span><\/div>\n<input type=\"hidden\" name=\"thankyouURL\" value=\"\/fr-fr\/merci-demande-demo\/\" class=\"wpcf7-form-control wpcf7-hidden\" id=\"thankyouURL\">\n<input class=\"wpcf7-form-control wpcf7-hidden\" value=\"\" type=\"hidden\" name=\"pardot_extra_field\" \/>\n<input type=\"hidden\" name=\"page_title\" value=\"No post title\" class=\"wpcf7-form-control wpcf7-hidden\">\n<div class=\"recatpcha-text\">Ce site est prot\u00e9g\u00e9 par reCAPTCHA et la <a href=\"https:\/\/policies.google.com\/privacy?hl=fr\">politique de confidentialit\u00e9<\/a> et les <a href=\"https:\/\/policies.google.com\/terms?hl=fr\">conditions d&#8217;utilisation<\/a> de Google s&#8217;appliquent.<\/div>\n<div class=\"input-wrapper\"><input class=\"wpcf7-form-control wpcf7-submit has-spinner icon-plane\" type=\"submit\" value=\"Demander une d\u00e9mo gratuite\" \/><\/div><div class=\"wpcf7-response-output\" aria-hidden=\"true\"><\/div>\n<\/form>\n<\/div>\n<\/div>","protected":false},"excerpt":{"rendered":"","protected":false},"author":12,"featured_media":0,"parent":0,"menu_order":0,"comment_status":"closed","ping_status":"closed","template":"templates\/landing-pagebuilder.php","meta":{"_acf_changed":false,"inline_featured_image":false,"footnotes":""},"topic":[],"qtx_campaign":[],"class_list":["post-131029","page","type-page","status-publish","hentry"],"acf":[],"yoast_head":"<!-- This site is optimized with the Yoast SEO Premium plugin v27.5 (Yoast SEO v27.5) - https:\/\/yoast.com\/product\/yoast-seo-premium-wordpress\/ -->\n<title>La solution n\u00b01 du secteur ferroviaire pour la t\u00e9l\u00e9matique des flottes de travailleurs - FR<\/title>\n<meta name=\"description\" content=\"Avec notre syst\u00e8me de suivi des v\u00e9hicules, le secteur ferroviaire am\u00e9liore l\u2019efficacit\u00e9 op\u00e9rationnelle des \u00e9quipes de cheminots. En savoir plus !\" \/>\n<meta name=\"robots\" content=\"index, follow, max-snippet:-1, max-image-preview:large, max-video-preview:-1\" \/>\n<link rel=\"canonical\" href=\"https:\/\/www.quartix.com\/fr-fr\/chemin-de-fer\/\" \/>\n<meta property=\"og:locale\" content=\"fr_FR\" \/>\n<meta property=\"og:type\" content=\"article\" \/>\n<meta property=\"og:title\" content=\"Chemin de Fer\" \/>\n<meta property=\"og:description\" content=\"Avec notre syst\u00e8me de suivi des v\u00e9hicules, le secteur ferroviaire am\u00e9liore l\u2019efficacit\u00e9 op\u00e9rationnelle des \u00e9quipes de cheminots. En savoir plus !\" \/>\n<meta property=\"og:url\" content=\"https:\/\/www.quartix.com\/fr-fr\/chemin-de-fer\/\" \/>\n<meta property=\"og:site_name\" content=\"Quartix\" \/>\n<meta property=\"article:publisher\" content=\"https:\/\/www.facebook.com\/Quartix-USA-374426386097401\/\" \/>\n<meta property=\"article:modified_time\" content=\"2026-05-06T13:50:25+00:00\" \/>\n<meta name=\"twitter:card\" content=\"summary_large_image\" \/>\n<meta name=\"twitter:site\" content=\"@QuartixUSA\" \/>\n<meta name=\"twitter:label1\" content=\"Est. reading time\" \/>\n\t<meta name=\"twitter:data1\" content=\"3 minutes\" \/>\n<!-- \/ Yoast SEO Premium plugin. -->","yoast_head_json":{"title":"La solution n\u00b01 du secteur ferroviaire pour la t\u00e9l\u00e9matique des flottes de travailleurs - FR","description":"Avec notre syst\u00e8me de suivi des v\u00e9hicules, le secteur ferroviaire am\u00e9liore l\u2019efficacit\u00e9 op\u00e9rationnelle des \u00e9quipes de cheminots. En savoir plus !","robots":{"index":"index","follow":"follow","max-snippet":"max-snippet:-1","max-image-preview":"max-image-preview:large","max-video-preview":"max-video-preview:-1"},"canonical":"https:\/\/www.quartix.com\/fr-fr\/chemin-de-fer\/","og_locale":"fr_FR","og_type":"article","og_title":"Chemin de Fer","og_description":"Avec notre syst\u00e8me de suivi des v\u00e9hicules, le secteur ferroviaire am\u00e9liore l\u2019efficacit\u00e9 op\u00e9rationnelle des \u00e9quipes de cheminots. En savoir plus !","og_url":"https:\/\/www.quartix.com\/fr-fr\/chemin-de-fer\/","og_site_name":"Quartix","article_publisher":"https:\/\/www.facebook.com\/Quartix-USA-374426386097401\/","article_modified_time":"2026-05-06T13:50:25+00:00","twitter_card":"summary_large_image","twitter_site":"@QuartixUSA","twitter_misc":{"Est. reading time":"3 minutes"},"schema":{"@context":"https:\/\/schema.org","@graph":[{"@type":"WebPage","@id":"https:\/\/www.quartix.com\/fr-fr\/chemin-de-fer\/","url":"https:\/\/www.quartix.com\/fr-fr\/chemin-de-fer\/","name":"La solution n\u00b01 du secteur ferroviaire pour la t\u00e9l\u00e9matique des flottes de travailleurs","isPartOf":{"@id":"https:\/\/www.quartix.com\/fr-fr\/#website"},"datePublished":"2026-05-06T13:50:23+00:00","dateModified":"2026-05-06T13:50:25+00:00","description":"Avec notre syst\u00e8me de suivi des v\u00e9hicules, le secteur ferroviaire am\u00e9liore l\u2019efficacit\u00e9 op\u00e9rationnelle des \u00e9quipes de cheminots. En savoir plus !","breadcrumb":{"@id":"https:\/\/www.quartix.com\/fr-fr\/chemin-de-fer\/#breadcrumb"},"inLanguage":"fr-FR","potentialAction":[{"@type":"ReadAction","target":["https:\/\/www.quartix.com\/fr-fr\/chemin-de-fer\/"]}]},{"@type":"BreadcrumbList","@id":"https:\/\/www.quartix.com\/fr-fr\/chemin-de-fer\/#breadcrumb","itemListElement":[{"@type":"ListItem","position":1,"name":"Accueil","item":"https:\/\/www.quartix.com\/fr-fr\/quartix-suivi-de-vehicules-en-temps-reel\/"},{"@type":"ListItem","position":2,"name":"Chemin de Fer"}]},{"@type":"WebSite","@id":"https:\/\/www.quartix.com\/fr-fr\/#website","url":"https:\/\/www.quartix.com\/fr-fr\/","name":"Quartix","description":"Real-time vehicle tracking","publisher":{"@id":"https:\/\/www.quartix.com\/fr-fr\/#organization"},"potentialAction":[{"@type":"SearchAction","target":{"@type":"EntryPoint","urlTemplate":"https:\/\/www.quartix.com\/fr-fr\/?s={search_term_string}"},"query-input":{"@type":"PropertyValueSpecification","valueRequired":true,"valueName":"search_term_string"}}],"inLanguage":"fr-FR"},{"@type":"Organization","@id":"https:\/\/www.quartix.com\/fr-fr\/#organization","name":"Quartix","url":"https:\/\/www.quartix.com\/fr-fr\/","logo":{"@type":"ImageObject","inLanguage":"fr-FR","@id":"https:\/\/www.quartix.com\/fr-fr\/#\/schema\/logo\/image\/","url":"https:\/\/www.quartix.com\/content\/uploads\/2019\/02\/quartix-logo-eur.svg","contentUrl":"https:\/\/www.quartix.com\/content\/uploads\/2019\/02\/quartix-logo-eur.svg","width":1,"height":1,"caption":"Quartix"},"image":{"@id":"https:\/\/www.quartix.com\/fr-fr\/#\/schema\/logo\/image\/"},"sameAs":["https:\/\/www.facebook.com\/Quartix-USA-374426386097401\/","https:\/\/x.com\/QuartixUSA","https:\/\/www.linkedin.com\/company\/5346733\/","https:\/\/www.youtube.com\/channel\/UCzS-_GMfHF4kWiCheyIRrAQ"]}]}},"_links":{"self":[{"href":"https:\/\/www.quartix.com\/fr-fr\/wp-json\/wp\/v2\/pages\/131029","targetHints":{"allow":["GET"]}}],"collection":[{"href":"https:\/\/www.quartix.com\/fr-fr\/wp-json\/wp\/v2\/pages"}],"about":[{"href":"https:\/\/www.quartix.com\/fr-fr\/wp-json\/wp\/v2\/types\/page"}],"author":[{"embeddable":true,"href":"https:\/\/www.quartix.com\/fr-fr\/wp-json\/wp\/v2\/users\/12"}],"replies":[{"embeddable":true,"href":"https:\/\/www.quartix.com\/fr-fr\/wp-json\/wp\/v2\/comments?post=131029"}],"version-history":[{"count":8,"href":"https:\/\/www.quartix.com\/fr-fr\/wp-json\/wp\/v2\/pages\/131029\/revisions"}],"predecessor-version":[{"id":132287,"href":"https:\/\/www.quartix.com\/fr-fr\/wp-json\/wp\/v2\/pages\/131029\/revisions\/132287"}],"wp:attachment":[{"href":"https:\/\/www.quartix.com\/fr-fr\/wp-json\/wp\/v2\/media?parent=131029"}],"wp:term":[{"taxonomy":"topic","embeddable":true,"href":"https:\/\/www.quartix.com\/fr-fr\/wp-json\/wp\/v2\/topic?post=131029"},{"taxonomy":"qtx_campaign","embeddable":true,"href":"https:\/\/www.quartix.com\/fr-fr\/wp-json\/wp\/v2\/qtx_campaign?post=131029"}],"curies":[{"name":"wp","href":"https:\/\/api.w.org\/{rel}","templated":true}]}}