{"id":51498,"date":"2021-05-06T12:12:12","date_gmt":"2021-05-06T11:12:12","guid":{"rendered":" https:\/\/www.quartix.com\/?page_id=51498"},"modified":"2022-04-14T13:56:04","modified_gmt":"2022-04-14T12:56:04","slug":"temoignages-clients","status":"publish","type":"page","link":"https:\/\/www.quartix.com\/fr-fr\/ressources\/temoignages-clients\/","title":{"rendered":"T\u00e9moignages Clients"},"content":{"rendered":"","protected":false},"excerpt":{"rendered":"","protected":false},"author":12,"featured_media":0,"parent":51543,"menu_order":20,"comment_status":"closed","ping_status":"closed","template":"templates\/case-study-page.php","meta":{"_acf_changed":false,"inline_featured_image":false,"footnotes":""},"topic":[],"qtx_campaign":[],"class_list":["post-51498","page","type-page","status-publish","hentry"],"acf":[],"yoast_head":"<!-- This site is optimized with the Yoast SEO Premium plugin v27.2 (Yoast SEO v27.2) - https:\/\/yoast.com\/product\/yoast-seo-premium-wordpress\/ -->\n<title>T\u00e9moignages Clients Quartix | G\u00e9olocalisation de v\u00e9hicules - FR<\/title>\n<meta name=\"description\" content=\"Retrouvez les t\u00e9moignages clients Quartix et d\u00e9couvrez comment la g\u00e9olocalisation de v\u00e9hicules peut aider les entreprises \u00e0 r\u00e9aliser des \u00e9conomies.\" \/>\n<meta name=\"robots\" content=\"index, follow, max-snippet:-1, max-image-preview:large, max-video-preview:-1\" \/>\n<link rel=\"canonical\" href=\"https:\/\/www.quartix.com\/fr-fr\/ressources\/temoignages-clients\/\" \/>\n<meta property=\"og:locale\" content=\"fr_FR\" \/>\n<meta property=\"og:type\" content=\"article\" \/>\n<meta property=\"og:title\" content=\"T\u00e9moignages Clients\" \/>\n<meta property=\"og:description\" content=\"Retrouvez les t\u00e9moignages clients Quartix et d\u00e9couvrez comment la g\u00e9olocalisation de v\u00e9hicules peut aider les entreprises \u00e0 r\u00e9aliser des \u00e9conomies.\" \/>\n<meta property=\"og:url\" content=\"https:\/\/www.quartix.com\/fr-fr\/ressources\/temoignages-clients\/\" \/>\n<meta property=\"og:site_name\" content=\"Quartix\" \/>\n<meta property=\"article:publisher\" content=\"https:\/\/www.facebook.com\/Quartix-USA-374426386097401\/\" \/>\n<meta property=\"article:modified_time\" content=\"2022-04-14T12:56:04+00:00\" \/>\n<meta name=\"twitter:card\" content=\"summary_large_image\" \/>\n<meta name=\"twitter:site\" content=\"@QuartixUSA\" \/>\n<!-- \/ Yoast SEO Premium plugin. -->","yoast_head_json":{"title":"T\u00e9moignages Clients Quartix | G\u00e9olocalisation de v\u00e9hicules - FR","description":"Retrouvez les t\u00e9moignages clients Quartix et d\u00e9couvrez comment la g\u00e9olocalisation de v\u00e9hicules peut aider les entreprises \u00e0 r\u00e9aliser des \u00e9conomies.","robots":{"index":"index","follow":"follow","max-snippet":"max-snippet:-1","max-image-preview":"max-image-preview:large","max-video-preview":"max-video-preview:-1"},"canonical":"https:\/\/www.quartix.com\/fr-fr\/ressources\/temoignages-clients\/","og_locale":"fr_FR","og_type":"article","og_title":"T\u00e9moignages Clients","og_description":"Retrouvez les t\u00e9moignages clients Quartix et d\u00e9couvrez comment la g\u00e9olocalisation de v\u00e9hicules peut aider les entreprises \u00e0 r\u00e9aliser des \u00e9conomies.","og_url":"https:\/\/www.quartix.com\/fr-fr\/ressources\/temoignages-clients\/","og_site_name":"Quartix","article_publisher":"https:\/\/www.facebook.com\/Quartix-USA-374426386097401\/","article_modified_time":"2022-04-14T12:56:04+00:00","twitter_card":"summary_large_image","twitter_site":"@QuartixUSA","schema":{"@context":"https:\/\/schema.org","@graph":[{"@type":"WebPage","@id":"https:\/\/www.quartix.com\/fr-fr\/ressources\/temoignages-clients\/","url":"https:\/\/www.quartix.com\/fr-fr\/ressources\/temoignages-clients\/","name":"T\u00e9moignages Clients Quartix | G\u00e9olocalisation de v\u00e9hicules","isPartOf":{"@id":"https:\/\/www.quartix.com\/fr-fr\/#website"},"datePublished":"2021-05-06T11:12:12+00:00","dateModified":"2022-04-14T12:56:04+00:00","description":"Retrouvez les t\u00e9moignages clients Quartix et d\u00e9couvrez comment la g\u00e9olocalisation de v\u00e9hicules peut aider les entreprises \u00e0 r\u00e9aliser des \u00e9conomies.","breadcrumb":{"@id":"https:\/\/www.quartix.com\/fr-fr\/ressources\/temoignages-clients\/#breadcrumb"},"inLanguage":"fr-FR","potentialAction":[{"@type":"ReadAction","target":["https:\/\/www.quartix.com\/fr-fr\/ressources\/temoignages-clients\/"]}]},{"@type":"BreadcrumbList","@id":"https:\/\/www.quartix.com\/fr-fr\/ressources\/temoignages-clients\/#breadcrumb","itemListElement":[{"@type":"ListItem","position":1,"name":"Accueil","item":"https:\/\/www.quartix.com\/fr-fr\/quartix-suivi-de-vehicules-en-temps-reel\/"},{"@type":"ListItem","position":2,"name":"Ressources","item":"https:\/\/www.quartix.com\/fr-fr\/ressources\/"},{"@type":"ListItem","position":3,"name":"T\u00e9moignages Clients"}]},{"@type":"WebSite","@id":"https:\/\/www.quartix.com\/fr-fr\/#website","url":"https:\/\/www.quartix.com\/fr-fr\/","name":"Quartix","description":"Real-time vehicle tracking","publisher":{"@id":"https:\/\/www.quartix.com\/fr-fr\/#organization"},"potentialAction":[{"@type":"SearchAction","target":{"@type":"EntryPoint","urlTemplate":"https:\/\/www.quartix.com\/fr-fr\/?s={search_term_string}"},"query-input":{"@type":"PropertyValueSpecification","valueRequired":true,"valueName":"search_term_string"}}],"inLanguage":"fr-FR"},{"@type":"Organization","@id":"https:\/\/www.quartix.com\/fr-fr\/#organization","name":"Quartix","url":"https:\/\/www.quartix.com\/fr-fr\/","logo":{"@type":"ImageObject","inLanguage":"fr-FR","@id":"https:\/\/www.quartix.com\/fr-fr\/#\/schema\/logo\/image\/","url":"https:\/\/www.quartix.com\/content\/uploads\/2019\/02\/quartix-logo-eur.svg","contentUrl":"https:\/\/www.quartix.com\/content\/uploads\/2019\/02\/quartix-logo-eur.svg","width":1,"height":1,"caption":"Quartix"},"image":{"@id":"https:\/\/www.quartix.com\/fr-fr\/#\/schema\/logo\/image\/"},"sameAs":["https:\/\/www.facebook.com\/Quartix-USA-374426386097401\/","https:\/\/x.com\/QuartixUSA","https:\/\/www.linkedin.com\/company\/5346733\/","https:\/\/www.youtube.com\/channel\/UCzS-_GMfHF4kWiCheyIRrAQ"]}]}},"_links":{"self":[{"href":"https:\/\/www.quartix.com\/fr-fr\/wp-json\/wp\/v2\/pages\/51498","targetHints":{"allow":["GET"]}}],"collection":[{"href":"https:\/\/www.quartix.com\/fr-fr\/wp-json\/wp\/v2\/pages"}],"about":[{"href":"https:\/\/www.quartix.com\/fr-fr\/wp-json\/wp\/v2\/types\/page"}],"author":[{"embeddable":true,"href":"https:\/\/www.quartix.com\/fr-fr\/wp-json\/wp\/v2\/users\/12"}],"replies":[{"embeddable":true,"href":"https:\/\/www.quartix.com\/fr-fr\/wp-json\/wp\/v2\/comments?post=51498"}],"version-history":[{"count":0,"href":"https:\/\/www.quartix.com\/fr-fr\/wp-json\/wp\/v2\/pages\/51498\/revisions"}],"up":[{"embeddable":true,"href":"https:\/\/www.quartix.com\/fr-fr\/wp-json\/wp\/v2\/pages\/51543"}],"wp:attachment":[{"href":"https:\/\/www.quartix.com\/fr-fr\/wp-json\/wp\/v2\/media?parent=51498"}],"wp:term":[{"taxonomy":"topic","embeddable":true,"href":"https:\/\/www.quartix.com\/fr-fr\/wp-json\/wp\/v2\/topic?post=51498"},{"taxonomy":"qtx_campaign","embeddable":true,"href":"https:\/\/www.quartix.com\/fr-fr\/wp-json\/wp\/v2\/qtx_campaign?post=51498"}],"curies":[{"name":"wp","href":"https:\/\/api.w.org\/{rel}","templated":true}]}}