{"id":51604,"date":"2021-05-06T12:41:27","date_gmt":"2021-05-06T11:41:27","guid":{"rendered":"https:\/\/www.quartix.com\/?page_id=51604"},"modified":"2025-05-01T15:25:14","modified_gmt":"2025-05-01T14:25:14","slug":"quartix-geolocalisation-de-vehicules-en-temps-reel","status":"publish","type":"page","link":"https:\/\/www.quartix.com\/fr-fr\/quartix-geolocalisation-de-vehicules-en-temps-reel\/","title":{"rendered":"Quartix &#8211; G\u00e9olocalisation de v\u00e9hicules en temps r\u00e9el &#8211; OHP"},"content":{"rendered":"","protected":false},"excerpt":{"rendered":"","protected":false},"author":12,"featured_media":84429,"parent":0,"menu_order":100,"comment_status":"closed","ping_status":"closed","template":"templates\/home-page-twenty-four.php","meta":{"_acf_changed":false,"inline_featured_image":false,"footnotes":""},"topic":[],"qtx_campaign":[],"class_list":["post-51604","page","type-page","status-publish","has-post-thumbnail","hentry"],"acf":[],"yoast_head":"<!-- This site is optimized with the Yoast SEO Premium plugin v27.2 (Yoast SEO v27.2) - https:\/\/yoast.com\/product\/yoast-seo-premium-wordpress\/ -->\n<title>Quartix Localisation V\u00e9hicules et T\u00e9l\u00e9matique Embarqu\u00e9e - FR<\/title>\n<meta name=\"description\" content=\"Le syst\u00e8me de g\u00e9olocalisation de v\u00e9hicules Quartix aide les entreprises \u00e0 suivre l&#039;activit\u00e9 de leurs salari\u00e9s et \u00e0 r\u00e9aliser d&#039;importantes \u00e9conomies.\" \/>\n<meta name=\"robots\" content=\"index, follow, max-snippet:-1, max-image-preview:large, max-video-preview:-1\" \/>\n<link rel=\"canonical\" href=\"https:\/\/www.quartix.com\/fr-fr\/quartix-geolocalisation-de-vehicules-en-temps-reel\/\" \/>\n<meta property=\"og:locale\" content=\"fr_FR\" \/>\n<meta property=\"og:type\" content=\"article\" \/>\n<meta property=\"og:title\" content=\"Quartix - G\u00e9olocalisation de v\u00e9hicules en temps r\u00e9el - OHP\" \/>\n<meta property=\"og:description\" content=\"Le syst\u00e8me de g\u00e9olocalisation de v\u00e9hicules Quartix aide les entreprises \u00e0 suivre l&#039;activit\u00e9 de leurs salari\u00e9s et \u00e0 r\u00e9aliser d&#039;importantes \u00e9conomies.\" \/>\n<meta property=\"og:url\" content=\"https:\/\/www.quartix.com\/fr-fr\/quartix-geolocalisation-de-vehicules-en-temps-reel\/\" \/>\n<meta property=\"og:site_name\" content=\"Quartix\" \/>\n<meta property=\"article:publisher\" content=\"https:\/\/www.facebook.com\/Quartix-USA-374426386097401\/\" \/>\n<meta property=\"article:modified_time\" content=\"2025-05-01T14:25:14+00:00\" \/>\n<meta property=\"og:image\" content=\"https:\/\/www.quartix.com\/content\/uploads\/2023\/04\/Quartix-Vehicle-Tracking.jpg\" \/>\n\t<meta property=\"og:image:width\" content=\"1035\" \/>\n\t<meta property=\"og:image:height\" content=\"857\" \/>\n\t<meta property=\"og:image:type\" content=\"image\/jpeg\" \/>\n<meta name=\"twitter:card\" content=\"summary_large_image\" \/>\n<meta name=\"twitter:site\" content=\"@QuartixUSA\" \/>\n<meta name=\"twitter:label1\" content=\"Est. reading time\" \/>\n\t<meta name=\"twitter:data1\" content=\"7 minutes\" \/>\n<!-- \/ Yoast SEO Premium plugin. -->","yoast_head_json":{"title":"Quartix Localisation V\u00e9hicules et T\u00e9l\u00e9matique Embarqu\u00e9e - FR","description":"Le syst\u00e8me de g\u00e9olocalisation de v\u00e9hicules Quartix aide les entreprises \u00e0 suivre l'activit\u00e9 de leurs salari\u00e9s et \u00e0 r\u00e9aliser d'importantes \u00e9conomies.","robots":{"index":"index","follow":"follow","max-snippet":"max-snippet:-1","max-image-preview":"max-image-preview:large","max-video-preview":"max-video-preview:-1"},"canonical":"https:\/\/www.quartix.com\/fr-fr\/quartix-geolocalisation-de-vehicules-en-temps-reel\/","og_locale":"fr_FR","og_type":"article","og_title":"Quartix - G\u00e9olocalisation de v\u00e9hicules en temps r\u00e9el - OHP","og_description":"Le syst\u00e8me de g\u00e9olocalisation de v\u00e9hicules Quartix aide les entreprises \u00e0 suivre l'activit\u00e9 de leurs salari\u00e9s et \u00e0 r\u00e9aliser d'importantes \u00e9conomies.","og_url":"https:\/\/www.quartix.com\/fr-fr\/quartix-geolocalisation-de-vehicules-en-temps-reel\/","og_site_name":"Quartix","article_publisher":"https:\/\/www.facebook.com\/Quartix-USA-374426386097401\/","article_modified_time":"2025-05-01T14:25:14+00:00","og_image":[{"width":1035,"height":857,"url":"https:\/\/www.quartix.com\/content\/uploads\/2023\/04\/Quartix-Vehicle-Tracking.jpg","type":"image\/jpeg"}],"twitter_card":"summary_large_image","twitter_site":"@QuartixUSA","twitter_misc":{"Est. reading time":"7 minutes"},"schema":{"@context":"https:\/\/schema.org","@graph":[{"@type":"WebPage","@id":"https:\/\/www.quartix.com\/fr-fr\/quartix-geolocalisation-de-vehicules-en-temps-reel\/","url":"https:\/\/www.quartix.com\/fr-fr\/quartix-geolocalisation-de-vehicules-en-temps-reel\/","name":"Quartix Localisation V\u00e9hicules et T\u00e9l\u00e9matique Embarqu\u00e9e","isPartOf":{"@id":"https:\/\/www.quartix.com\/fr-fr\/#website"},"primaryImageOfPage":{"@id":"https:\/\/www.quartix.com\/fr-fr\/quartix-geolocalisation-de-vehicules-en-temps-reel\/#primaryimage"},"image":{"@id":"https:\/\/www.quartix.com\/fr-fr\/quartix-geolocalisation-de-vehicules-en-temps-reel\/#primaryimage"},"thumbnailUrl":"https:\/\/www.quartix.com\/content\/uploads\/2023\/04\/Quartix-Vehicle-Tracking.jpg","datePublished":"2021-05-06T11:41:27+00:00","dateModified":"2025-05-01T14:25:14+00:00","description":"Le syst\u00e8me de g\u00e9olocalisation de v\u00e9hicules Quartix aide les entreprises \u00e0 suivre l'activit\u00e9 de leurs salari\u00e9s et \u00e0 r\u00e9aliser d'importantes \u00e9conomies.","breadcrumb":{"@id":"https:\/\/www.quartix.com\/fr-fr\/quartix-geolocalisation-de-vehicules-en-temps-reel\/#breadcrumb"},"inLanguage":"fr-FR","potentialAction":[{"@type":"ReadAction","target":["https:\/\/www.quartix.com\/fr-fr\/quartix-geolocalisation-de-vehicules-en-temps-reel\/"]}]},{"@type":"ImageObject","inLanguage":"fr-FR","@id":"https:\/\/www.quartix.com\/fr-fr\/quartix-geolocalisation-de-vehicules-en-temps-reel\/#primaryimage","url":"https:\/\/www.quartix.com\/content\/uploads\/2023\/04\/Quartix-Vehicle-Tracking.jpg","contentUrl":"https:\/\/www.quartix.com\/content\/uploads\/2023\/04\/Quartix-Vehicle-Tracking.jpg","width":1035,"height":857},{"@type":"BreadcrumbList","@id":"https:\/\/www.quartix.com\/fr-fr\/quartix-geolocalisation-de-vehicules-en-temps-reel\/#breadcrumb","itemListElement":[{"@type":"ListItem","position":1,"name":"Accueil","item":"https:\/\/www.quartix.com\/fr-fr\/quartix-suivi-de-vehicules-en-temps-reel\/"},{"@type":"ListItem","position":2,"name":"Quartix &#8211; G\u00e9olocalisation de v\u00e9hicules en temps r\u00e9el &#8211; OHP"}]},{"@type":"WebSite","@id":"https:\/\/www.quartix.com\/fr-fr\/#website","url":"https:\/\/www.quartix.com\/fr-fr\/","name":"Quartix","description":"Real-time vehicle tracking","publisher":{"@id":"https:\/\/www.quartix.com\/fr-fr\/#organization"},"potentialAction":[{"@type":"SearchAction","target":{"@type":"EntryPoint","urlTemplate":"https:\/\/www.quartix.com\/fr-fr\/?s={search_term_string}"},"query-input":{"@type":"PropertyValueSpecification","valueRequired":true,"valueName":"search_term_string"}}],"inLanguage":"fr-FR"},{"@type":"Organization","@id":"https:\/\/www.quartix.com\/fr-fr\/#organization","name":"Quartix","url":"https:\/\/www.quartix.com\/fr-fr\/","logo":{"@type":"ImageObject","inLanguage":"fr-FR","@id":"https:\/\/www.quartix.com\/fr-fr\/#\/schema\/logo\/image\/","url":"https:\/\/www.quartix.com\/content\/uploads\/2019\/02\/quartix-logo-eur.svg","contentUrl":"https:\/\/www.quartix.com\/content\/uploads\/2019\/02\/quartix-logo-eur.svg","width":1,"height":1,"caption":"Quartix"},"image":{"@id":"https:\/\/www.quartix.com\/fr-fr\/#\/schema\/logo\/image\/"},"sameAs":["https:\/\/www.facebook.com\/Quartix-USA-374426386097401\/","https:\/\/x.com\/QuartixUSA","https:\/\/www.linkedin.com\/company\/5346733\/","https:\/\/www.youtube.com\/channel\/UCzS-_GMfHF4kWiCheyIRrAQ"]}]}},"_links":{"self":[{"href":"https:\/\/www.quartix.com\/fr-fr\/wp-json\/wp\/v2\/pages\/51604","targetHints":{"allow":["GET"]}}],"collection":[{"href":"https:\/\/www.quartix.com\/fr-fr\/wp-json\/wp\/v2\/pages"}],"about":[{"href":"https:\/\/www.quartix.com\/fr-fr\/wp-json\/wp\/v2\/types\/page"}],"author":[{"embeddable":true,"href":"https:\/\/www.quartix.com\/fr-fr\/wp-json\/wp\/v2\/users\/12"}],"replies":[{"embeddable":true,"href":"https:\/\/www.quartix.com\/fr-fr\/wp-json\/wp\/v2\/comments?post=51604"}],"version-history":[{"count":1,"href":"https:\/\/www.quartix.com\/fr-fr\/wp-json\/wp\/v2\/pages\/51604\/revisions"}],"predecessor-version":[{"id":120086,"href":"https:\/\/www.quartix.com\/fr-fr\/wp-json\/wp\/v2\/pages\/51604\/revisions\/120086"}],"wp:featuredmedia":[{"embeddable":true,"href":"https:\/\/www.quartix.com\/fr-fr\/wp-json\/wp\/v2\/media\/84429"}],"wp:attachment":[{"href":"https:\/\/www.quartix.com\/fr-fr\/wp-json\/wp\/v2\/media?parent=51604"}],"wp:term":[{"taxonomy":"topic","embeddable":true,"href":"https:\/\/www.quartix.com\/fr-fr\/wp-json\/wp\/v2\/topic?post=51604"},{"taxonomy":"qtx_campaign","embeddable":true,"href":"https:\/\/www.quartix.com\/fr-fr\/wp-json\/wp\/v2\/qtx_campaign?post=51604"}],"curies":[{"name":"wp","href":"https:\/\/api.w.org\/{rel}","templated":true}]}}