{"id":53132,"date":"2021-05-06T13:11:11","date_gmt":"2021-05-06T12:11:11","guid":{"rendered":"https:\/\/www.quartix.com\/?page_id=53132"},"modified":"2024-07-24T09:21:03","modified_gmt":"2024-07-24T08:21:03","slug":"geolocalisation","status":"publish","type":"page","link":"https:\/\/www.quartix.com\/fr-fr\/geolocalisation\/","title":{"rendered":"G\u00e9olocalisation"},"content":{"rendered":"\n<div class=\"wp-block-columns is-layout-flex wp-container-core-columns-is-layout-28f84493 wp-block-columns-is-layout-flex\">\n<div class=\"wp-block-column is-layout-flow wp-block-column-is-layout-flow\">\n<h2 class=\"wp-block-heading\">Suivi en temps-r\u00e9el<\/h2>\n\n\n\n<ul class=\"wp-block-list\">\n<li>Localisez vos v\u00e9hicules<\/li>\n\n\n\n<li>Suivez-les sur Google Maps<\/li>\n\n\n\n<li>Analysez leur activit\u00e9 quotidienne<\/li>\n<\/ul>\n\n\n\n<p>Utilisez le syst\u00e8me de g\u00e9olocalisation Quartix pour suivre vos v\u00e9hicules en temps r\u00e9el, \u00e0 tout moment, depuis n\u2019importe quel appareil connect\u00e9 \u00e0 internet. Aucun logiciel suppl\u00e9mentaire \u00e0 installer, tout est accessible depuis internet.<\/p>\n\n\n\r\n    <p class=\"iconandlink after centre\">\r\n        <a href=\"\/fr-fr\/geolocalisation\/suivi-de-flotte\/\" title=\"En savoir plus\" >\r\n                        En savoir plus            <i aria-hidden=\"true\" class=\"far fa-arrow-alt-circle-right\"><\/i>        <\/a>\r\n    <\/p>\r\n    <\/div>\n\n\n\n<div class=\"wp-block-column is-layout-flow wp-block-column-is-layout-flow\">\n<figure class=\"wp-block-image aligncenter size-large is-resized\"><img decoding=\"async\" src=\" https:\/\/www.quartix.com\/content\/uploads\/2021\/06\/real-time-tracking-2.svg\" alt=\"\" class=\"wp-image-59480\" style=\"width:280px;height:321px\"\/><\/figure>\n<\/div>\n<\/div>\n\n\n\n<div class=\"wp-block-columns is-layout-flex wp-container-core-columns-is-layout-28f84493 wp-block-columns-is-layout-flex\">\n<div class=\"wp-block-column is-layout-flow wp-block-column-is-layout-flow\">\n<figure class=\"wp-block-image aligncenter size-full is-resized\"><img decoding=\"async\" src=\" https:\/\/www.quartix.com\/content\/uploads\/2019\/07\/experts-at-tracking-3.svg\" alt=\"La g\u00e9olocalisation de v\u00e9hicules offre de nombreux avantages aux entreprises\" class=\"wp-image-54522\" style=\"width:343px;height:211px\"\/><\/figure>\n<\/div>\n\n\n\n<div class=\"wp-block-column is-layout-flow wp-block-column-is-layout-flow\">\n<h2 class=\"wp-block-heading\">Carnets de route<\/h2>\n\n\n\n<ul class=\"wp-block-list\">\n<li>Carnets de route quotidiens de chaque trajet<\/li>\n\n\n\n<li>V\u00e9rification simple de l\u2019activit\u00e9 \u00e0 une date pr\u00e9cise<\/li>\n\n\n\n<li>G\u00e9n\u00e9ration et envoi automatique de rapports<\/li>\n<\/ul>\n\n\n\n<p>Les carnets de route quotidiens sont clairs et faciles \u00e0 lire. La journ\u00e9e est divis\u00e9e en plusieurs trajets et le niveau d\u2019information des rapports peut \u00eatre personnalis\u00e9 pour chaque v\u00e9hicule. Les arr\u00eats moteur en marche et les trajets courts autour d\u2019un site peuvent \u00eatre visualis\u00e9s et filtr\u00e9s.<\/p>\n\n\n\r\n    <p class=\"iconandlink after centre\">\r\n        <a href=\"\/fr-fr\/geolocalisation\/carnet-de-route\/\" title=\"En savoir plus\" >\r\n                        En savoir plus            <i aria-hidden=\"true\" class=\"far fa-arrow-alt-circle-right\"><\/i>        <\/a>\r\n    <\/p>\r\n    <\/div>\n<\/div>\n\n\n\n<div class=\"wp-block-columns is-layout-flex wp-container-core-columns-is-layout-28f84493 wp-block-columns-is-layout-flex\">\n<div class=\"wp-block-column is-layout-flow wp-block-column-is-layout-flow\">\n<h2 class=\"wp-block-heading\">\u00c9co-conduite et analyse du style de conduite<\/h2>\n\n\n\n<ul class=\"wp-block-list\">\n<li>Vitesse, indice d\u2019acc\u00e9l\u00e9ration et freinage<\/li>\n\n\n\n<li>Analysez la conduite de vos employ\u00e9s \u00e0 l\u2019aide d\u2019un score et d&#8217;un classement<\/li>\n\n\n\n<li>\u00c9conomisez en carburant et r\u00e9duisez les risques d\u2019accidents avec l&#8217;\u00e9co-conduite<\/li>\n<\/ul>\n\n\n\n<p>Le <a href=\"\/fr-fr\/traceur-gps-vehicule-entreprise\/\">traceur GPS Quartix<\/a> ne vous donne pas seulement la position de vos v\u00e9hicules. Des rapports d\u2019analyse du style de conduite vous informent \u00e9galement de la vitesse et des scores d\u2019acc\u00e9l\u00e9ration et de freinage. Vous pouvez \u00e9galement comparer les scores de l\u2019ensemble de votre flotte, afin de savoir qui a une conduite responsable et qui a une conduite \u00e0 risques engendrant des co\u00fbts suppl\u00e9mentaires.<\/p>\n\n\n\r\n    <p class=\"iconandlink after centre\">\r\n        <a href=\"\/fr-fr\/geolocalisation\/eco-conduite\/\" title=\"En savoir plus\" >\r\n                        En savoir plus            <i aria-hidden=\"true\" class=\"far fa-arrow-alt-circle-right\"><\/i>        <\/a>\r\n    <\/p>\r\n    <\/div>\n\n\n\n<div class=\"wp-block-column is-vertically-aligned-top is-layout-flow wp-block-column-is-layout-flow\">\n<figure class=\"wp-block-image aligncenter size-large is-resized\"><img decoding=\"async\" src=\" https:\/\/www.quartix.com\/content\/uploads\/2021\/06\/driving-style-analysis.svg\" alt=\"\" class=\"wp-image-59500\" style=\"width:427px;height:262px\"\/><\/figure>\n<\/div>\n<\/div>\n\n\n\n<div class=\"wp-block-columns is-layout-flex wp-container-core-columns-is-layout-28f84493 wp-block-columns-is-layout-flex\">\n<div class=\"wp-block-column is-vertically-aligned-top is-layout-flow wp-block-column-is-layout-flow\">\n<figure class=\"wp-block-image aligncenter size-large is-resized\"><img decoding=\"async\" src=\" https:\/\/www.quartix.com\/content\/uploads\/2021\/06\/geofencing-1.svg\" alt=\"\" class=\"wp-image-59358\" style=\"width:302px;height:409px\"\/><\/figure>\n<\/div>\n\n\n\n<div class=\"wp-block-column is-layout-flow wp-block-column-is-layout-flow\">\n<h2 class=\"wp-block-heading\">Geofencing<\/h2>\n\n\n\n<ul class=\"wp-block-list\">\n<li>D\u00e9finissez des zones g\u00e9ographiques et des plages horaires obligatoires ou interdites<\/li>\n\n\n\n<li>Recevez des alertes si vos v\u00e9hicules ne respectent pas ces r\u00e8gles<\/li>\n\n\n\n<li>Assurez-vous que vos v\u00e9hicules soient l\u00e0 o\u00f9 ils sont cens\u00e9s \u00eatre<\/li>\n<\/ul>\n\n\n\n<p>Le syst\u00e8me Quartix peut vous informer des d\u00e9placements non autoris\u00e9s de vos v\u00e9hicules en temps r\u00e9el. Vous pouvez cr\u00e9er des zones g\u00e9ographiques et des p\u00e9riodes, pour ainsi suivre vos v\u00e9hicules et savoir \u00e0 tout moment si l\u2019une des r\u00e8gles est enfreinte.<\/p>\n\n\n\r\n    <p class=\"iconandlink after centre\">\r\n        <a href=\"\/fr-fr\/geolocalisation\/geofencing\/\" title=\"En savoir plus\" >\r\n                        En savoir plus            <i aria-hidden=\"true\" class=\"far fa-arrow-alt-circle-right\"><\/i>        <\/a>\r\n    <\/p>\r\n    <\/div>\n<\/div>\n\n\n\n<div class=\"wp-block-columns is-layout-flex wp-container-core-columns-is-layout-28f84493 wp-block-columns-is-layout-flex\">\n<div class=\"wp-block-column is-layout-flow wp-block-column-is-layout-flow\">\n<h2 class=\"wp-block-heading\">Rapports d\u00e9taill\u00e9s<\/h2>\n\n\n\n<p>Quartix se charge du plus difficile en analysant les donn\u00e9es r\u00e9colt\u00e9es et en g\u00e9n\u00e9rant des rapports simples d\u2019utilisation. D\u00e9couvrez qui sont vos meilleurs conducteurs, analysez leur kilom\u00e9trage et vos d\u00e9penses en carburant. Enfin, d\u00e9barrassez-vous de la lourdeur de vos t\u00e2ches administratives.<\/p>\n\n\n\n<p><\/p>\n\n\n\n<ul class=\"wp-block-list\">\n<li>Kilom\u00e9trage et carburant<\/li>\n\n\n\n<li>Temps de travail des conducteurs<\/li>\n\n\n\n<li>Contr\u00f4lez le compteur <a href=\"\/fr-fr\/geolocalisation\/compteur-horaire-moteur\/\">horaire moteur<\/a> afin d\u2019optimiser votre flotte<\/li>\n<\/ul>\n\n\n\r\n    <p class=\"iconandlink after centre\">\r\n        <a href=\"\/fr-fr\/geolocalisation\/rapports-detailles\/\" title=\"En savoir plus\" >\r\n                        En savoir plus            <i aria-hidden=\"true\" class=\"far fa-arrow-alt-circle-right\"><\/i>        <\/a>\r\n    <\/p>\r\n    <\/div>\n\n\n\n<div class=\"wp-block-column is-layout-flow wp-block-column-is-layout-flow\">\n<figure class=\"wp-block-image aligncenter size-full is-resized\"><img decoding=\"async\" src=\" https:\/\/www.quartix.com\/content\/uploads\/2017\/09\/electronic-logging-devices.svg\" alt=\"\" class=\"wp-image-53231\" style=\"width:338px;height:253px\"\/><\/figure>\n<\/div>\n<\/div>\n\n\n\n<div class=\"wp-block-columns is-layout-flex wp-container-core-columns-is-layout-28f84493 wp-block-columns-is-layout-flex\">\n<div class=\"wp-block-column is-layout-flow wp-block-column-is-layout-flow\">\n<h2 class=\"wp-block-heading\">Options d\u2019installation<\/h2>\n\n\n\n<p>Quartix propose diff\u00e9rentes options d\u2019installation pour r\u00e9pondre \u00e0 vos besoins<\/p>\n\n\n\n<ul class=\"wp-block-list\">\n<li>Balise Plug &amp; Track (auto-installation)<\/li>\n\n\n\n<li>Connect &amp; Track (auto-installation)<\/li>\n\n\n\n<li>Balise filaire (installation par un technicien)<\/li>\n<\/ul>\n\n\n\r\n    <p class=\"iconandlink after centre\">\r\n        <a href=\"\/fr-fr\/balises-gps-de-geolocalisation\/\" title=\"En savoir plus\" >\r\n                        En savoir plus            <i aria-hidden=\"true\" class=\"far fa-arrow-alt-circle-right\"><\/i>        <\/a>\r\n    <\/p>\r\n    <\/div>\n\n\n\n<div class=\"wp-block-column is-vertically-aligned-top is-layout-flow wp-block-column-is-layout-flow\">\n<figure class=\"wp-block-image aligncenter size-large is-resized\"><img decoding=\"async\" src=\" https:\/\/www.quartix.com\/content\/uploads\/2021\/06\/install.svg\" alt=\"\" class=\"wp-image-59110\" style=\"width:315px;height:271px\"\/><\/figure>\n<\/div>\n<\/div>\n","protected":false},"excerpt":{"rendered":"<p>Suivi en temps-r\u00e9el Utilisez le syst\u00e8me de g\u00e9olocalisation Quartix pour suivre vos v\u00e9hicules en temps r\u00e9el, \u00e0 tout moment, depuis n\u2019importe quel appareil connect\u00e9 \u00e0 internet. Aucun logiciel suppl\u00e9mentaire \u00e0 installer, tout est accessible depuis internet. Carnets de route Les carnets de route quotidiens sont clairs et faciles \u00e0 lire. La journ\u00e9e est divis\u00e9e en [&hellip;]<\/p>\n","protected":false},"author":12,"featured_media":106275,"parent":0,"menu_order":200,"comment_status":"closed","ping_status":"closed","template":"","meta":{"_acf_changed":false,"inline_featured_image":false,"footnotes":""},"topic":[],"qtx_campaign":[],"class_list":["post-53132","page","type-page","status-publish","has-post-thumbnail","hentry"],"acf":[],"yoast_head":"<!-- This site is optimized with the Yoast SEO Premium plugin v27.2 (Yoast SEO v27.2) - https:\/\/yoast.com\/product\/yoast-seo-premium-wordpress\/ -->\n<title>G\u00e9olocalisation de v\u00e9hicules pour entreprises - FR<\/title>\n<meta name=\"description\" content=\"Le syst\u00e8me de g\u00e9olocalisation de v\u00e9hicules Quartix permet aux entreprises de suivre l&#039;activit\u00e9 quotidienne de leurs salari\u00e9s d&#039;am\u00e9liorer leur productivit\u00e9.\" \/>\n<meta name=\"robots\" content=\"index, follow, max-snippet:-1, max-image-preview:large, max-video-preview:-1\" \/>\n<link rel=\"canonical\" href=\"https:\/\/www.quartix.com\/fr-fr\/geolocalisation\/\" \/>\n<meta property=\"og:locale\" content=\"fr_FR\" \/>\n<meta property=\"og:type\" content=\"article\" \/>\n<meta property=\"og:title\" content=\"G\u00e9olocalisation\" \/>\n<meta property=\"og:description\" content=\"Le syst\u00e8me de g\u00e9olocalisation de v\u00e9hicules Quartix permet aux entreprises de suivre l&#039;activit\u00e9 quotidienne de leurs salari\u00e9s d&#039;am\u00e9liorer leur productivit\u00e9.\" \/>\n<meta property=\"og:url\" content=\"https:\/\/www.quartix.com\/fr-fr\/geolocalisation\/\" \/>\n<meta property=\"og:site_name\" content=\"Quartix\" \/>\n<meta property=\"article:publisher\" content=\"https:\/\/www.facebook.com\/Quartix-USA-374426386097401\/\" \/>\n<meta property=\"article:modified_time\" content=\"2024-07-24T08:21:03+00:00\" \/>\n<meta property=\"og:image\" content=\"https:\/\/www.quartix.com\/content\/uploads\/2024\/06\/US-Vehicle-Tracking-Screens.png\" \/>\n\t<meta property=\"og:image:width\" content=\"874\" \/>\n\t<meta property=\"og:image:height\" content=\"590\" \/>\n\t<meta property=\"og:image:type\" content=\"image\/png\" \/>\n<meta name=\"twitter:card\" content=\"summary_large_image\" \/>\n<meta name=\"twitter:site\" content=\"@QuartixUSA\" \/>\n<meta name=\"twitter:label1\" content=\"Est. reading time\" \/>\n\t<meta name=\"twitter:data1\" content=\"5 minutes\" \/>\n<!-- \/ Yoast SEO Premium plugin. -->","yoast_head_json":{"title":"G\u00e9olocalisation de v\u00e9hicules pour entreprises - FR","description":"Le syst\u00e8me de g\u00e9olocalisation de v\u00e9hicules Quartix permet aux entreprises de suivre l'activit\u00e9 quotidienne de leurs salari\u00e9s d'am\u00e9liorer leur productivit\u00e9.","robots":{"index":"index","follow":"follow","max-snippet":"max-snippet:-1","max-image-preview":"max-image-preview:large","max-video-preview":"max-video-preview:-1"},"canonical":"https:\/\/www.quartix.com\/fr-fr\/geolocalisation\/","og_locale":"fr_FR","og_type":"article","og_title":"G\u00e9olocalisation","og_description":"Le syst\u00e8me de g\u00e9olocalisation de v\u00e9hicules Quartix permet aux entreprises de suivre l'activit\u00e9 quotidienne de leurs salari\u00e9s d'am\u00e9liorer leur productivit\u00e9.","og_url":"https:\/\/www.quartix.com\/fr-fr\/geolocalisation\/","og_site_name":"Quartix","article_publisher":"https:\/\/www.facebook.com\/Quartix-USA-374426386097401\/","article_modified_time":"2024-07-24T08:21:03+00:00","og_image":[{"width":874,"height":590,"url":"https:\/\/www.quartix.com\/content\/uploads\/2024\/06\/US-Vehicle-Tracking-Screens.png","type":"image\/png"}],"twitter_card":"summary_large_image","twitter_site":"@QuartixUSA","twitter_misc":{"Est. reading time":"5 minutes"},"schema":{"@context":"https:\/\/schema.org","@graph":[{"@type":"WebPage","@id":"https:\/\/www.quartix.com\/fr-fr\/geolocalisation\/","url":"https:\/\/www.quartix.com\/fr-fr\/geolocalisation\/","name":"G\u00e9olocalisation de v\u00e9hicules pour entreprises","isPartOf":{"@id":"https:\/\/www.quartix.com\/fr-fr\/#website"},"primaryImageOfPage":{"@id":"https:\/\/www.quartix.com\/fr-fr\/geolocalisation\/#primaryimage"},"image":{"@id":"https:\/\/www.quartix.com\/fr-fr\/geolocalisation\/#primaryimage"},"thumbnailUrl":"https:\/\/www.quartix.com\/content\/uploads\/2024\/06\/US-Vehicle-Tracking-Screens.png","datePublished":"2021-05-06T12:11:11+00:00","dateModified":"2024-07-24T08:21:03+00:00","description":"Le syst\u00e8me de g\u00e9olocalisation de v\u00e9hicules Quartix permet aux entreprises de suivre l'activit\u00e9 quotidienne de leurs salari\u00e9s d'am\u00e9liorer leur productivit\u00e9.","breadcrumb":{"@id":"https:\/\/www.quartix.com\/fr-fr\/geolocalisation\/#breadcrumb"},"inLanguage":"fr-FR","potentialAction":[{"@type":"ReadAction","target":["https:\/\/www.quartix.com\/fr-fr\/geolocalisation\/"]}]},{"@type":"ImageObject","inLanguage":"fr-FR","@id":"https:\/\/www.quartix.com\/fr-fr\/geolocalisation\/#primaryimage","url":"https:\/\/www.quartix.com\/content\/uploads\/2024\/06\/US-Vehicle-Tracking-Screens.png","contentUrl":"https:\/\/www.quartix.com\/content\/uploads\/2024\/06\/US-Vehicle-Tracking-Screens.png","width":874,"height":590,"caption":"US Vehicle Tracking Screens"},{"@type":"BreadcrumbList","@id":"https:\/\/www.quartix.com\/fr-fr\/geolocalisation\/#breadcrumb","itemListElement":[{"@type":"ListItem","position":1,"name":"Accueil","item":"https:\/\/www.quartix.com\/fr-fr\/quartix-suivi-de-vehicules-en-temps-reel\/"},{"@type":"ListItem","position":2,"name":"G\u00e9olocalisation"}]},{"@type":"WebSite","@id":"https:\/\/www.quartix.com\/fr-fr\/#website","url":"https:\/\/www.quartix.com\/fr-fr\/","name":"Quartix","description":"Real-time vehicle tracking","publisher":{"@id":"https:\/\/www.quartix.com\/fr-fr\/#organization"},"potentialAction":[{"@type":"SearchAction","target":{"@type":"EntryPoint","urlTemplate":"https:\/\/www.quartix.com\/fr-fr\/?s={search_term_string}"},"query-input":{"@type":"PropertyValueSpecification","valueRequired":true,"valueName":"search_term_string"}}],"inLanguage":"fr-FR"},{"@type":"Organization","@id":"https:\/\/www.quartix.com\/fr-fr\/#organization","name":"Quartix","url":"https:\/\/www.quartix.com\/fr-fr\/","logo":{"@type":"ImageObject","inLanguage":"fr-FR","@id":"https:\/\/www.quartix.com\/fr-fr\/#\/schema\/logo\/image\/","url":"https:\/\/www.quartix.com\/content\/uploads\/2019\/02\/quartix-logo-eur.svg","contentUrl":"https:\/\/www.quartix.com\/content\/uploads\/2019\/02\/quartix-logo-eur.svg","width":1,"height":1,"caption":"Quartix"},"image":{"@id":"https:\/\/www.quartix.com\/fr-fr\/#\/schema\/logo\/image\/"},"sameAs":["https:\/\/www.facebook.com\/Quartix-USA-374426386097401\/","https:\/\/x.com\/QuartixUSA","https:\/\/www.linkedin.com\/company\/5346733\/","https:\/\/www.youtube.com\/channel\/UCzS-_GMfHF4kWiCheyIRrAQ"]}]}},"_links":{"self":[{"href":"https:\/\/www.quartix.com\/fr-fr\/wp-json\/wp\/v2\/pages\/53132","targetHints":{"allow":["GET"]}}],"collection":[{"href":"https:\/\/www.quartix.com\/fr-fr\/wp-json\/wp\/v2\/pages"}],"about":[{"href":"https:\/\/www.quartix.com\/fr-fr\/wp-json\/wp\/v2\/types\/page"}],"author":[{"embeddable":true,"href":"https:\/\/www.quartix.com\/fr-fr\/wp-json\/wp\/v2\/users\/12"}],"replies":[{"embeddable":true,"href":"https:\/\/www.quartix.com\/fr-fr\/wp-json\/wp\/v2\/comments?post=53132"}],"version-history":[{"count":0,"href":"https:\/\/www.quartix.com\/fr-fr\/wp-json\/wp\/v2\/pages\/53132\/revisions"}],"wp:featuredmedia":[{"embeddable":true,"href":"https:\/\/www.quartix.com\/fr-fr\/wp-json\/wp\/v2\/media\/106275"}],"wp:attachment":[{"href":"https:\/\/www.quartix.com\/fr-fr\/wp-json\/wp\/v2\/media?parent=53132"}],"wp:term":[{"taxonomy":"topic","embeddable":true,"href":"https:\/\/www.quartix.com\/fr-fr\/wp-json\/wp\/v2\/topic?post=53132"},{"taxonomy":"qtx_campaign","embeddable":true,"href":"https:\/\/www.quartix.com\/fr-fr\/wp-json\/wp\/v2\/qtx_campaign?post=53132"}],"curies":[{"name":"wp","href":"https:\/\/api.w.org\/{rel}","templated":true}]}}