{"id":54607,"date":"2021-05-06T14:56:31","date_gmt":"2021-05-06T13:56:31","guid":{"rendered":"https:\/\/www.quartix.com\/?page_id=54607"},"modified":"2025-10-10T09:48:39","modified_gmt":"2025-10-10T08:48:39","slug":"a-propos-quartix","status":"publish","type":"page","link":"https:\/\/www.quartix.com\/fr-fr\/entreprise\/a-propos-quartix\/","title":{"rendered":"\u00c0 propos"},"content":{"rendered":"\n<div class=\"wp-block-columns is-layout-flex wp-container-core-columns-is-layout-28f84493 wp-block-columns-is-layout-flex\">\n<div class=\"wp-block-column is-layout-flow wp-block-column-is-layout-flow\">\n<h2 class=\"wp-block-heading\" id=\"h-experts-en-geolocalisation-de-vehicules\">Experts en g\u00e9olocalisation de v\u00e9hicules<\/h2>\n\n\n\n<p>Le <a href=\"\/fr-fr\/geolocalisation\/\">syst\u00e8me de g\u00e9olocalisation Quartix<\/a> a \u00e9t\u00e9 install\u00e9 dans plus de 600 000 v\u00e9hicules.<\/p>\n\n\n\n<p>Quartix a \u00e9t\u00e9 cr\u00e9\u00e9e en 2001 par quatre experts de notre industrie qui cumulent plus de 120 ans d\u2019exp\u00e9rience dans la conception de syst\u00e8mes, la t\u00e9l\u00e9m\u00e9trie, l\u2019informatique embarqu\u00e9e, les t\u00e9l\u00e9coms et les m\u00e9gabases de donn\u00e9es. \u00c0 ce jour, ils font encore tous partie de l\u2019entreprise.<\/p>\n\n\n\n<p>Depuis, Quartix a connu une croissance exceptionnelle : l&#8217;entreprise compte d\u00e9sormais plus de 17 500 clients en Europe et aux \u00c9tats-Unis. Une balise de g\u00e9olocalisation Quartix est actuellement install\u00e9e toutes les 80 secondes.<\/p>\n<\/div>\n\n\n\n<div class=\"wp-block-column is-layout-flow wp-block-column-is-layout-flow\">\n<figure class=\"wp-block-image size-full\"><img decoding=\"async\" src=\" https:\/\/www.quartix.com\/content\/uploads\/2019\/07\/experts-at-tracking-3.svg\" alt=\"La g\u00e9olocalisation de v\u00e9hicules offre de nombreux avantages aux entreprises\" class=\"wp-image-54522\"\/><\/figure>\n<\/div>\n<\/div>\n\n\n<section class=\"qtx-pagebuilder-section countups qtx-pagebuilder-section-counters   nobottommargin\">\r\n        <div class=\"countup first\">\r\n            <p class=\"pretext\">Plus de<\/p>\r\n            <p class=\"value\" id=\"cid6155678711\">600000<\/p>\r\n            <p class=\"posttext\">installations effectu\u00e9es<\/p>\r\n        <\/div>\r\n        <div class=\"countup\">\r\n            <p class=\"pretext\">Plus de<\/p>\r\n            <p class=\"value\" id=\"cid6155678712\">24<\/p>\r\n            <p class=\"posttext\">ans d&#8217;exp\u00e9rience en t\u00e9l\u00e9matique<\/p>\r\n        <\/div>\r\n        <div class=\"countup\">\r\n            <p class=\"pretext\">Plus de<\/p>\r\n            <p class=\"value\" id=\"cid6155678713\">400<\/p>\r\n            <p class=\"posttext\">nouveaux clients chaque mois<\/p>\r\n    <\/div>\r\n<\/section>\r\n\r\n<script nonce=\"\" nonce=\"\">\r\n\r\n    jQuery(function($) {\r\n        $( document ).ready(function(){\r\n            var countercontroller615567871 = new ScrollMagic.Controller();\r\n\r\n                                var options = {\r\n                        useEasing: true,\r\n                        useGrouping: true,\r\n                        separator: ' ',\r\n                        decimal: ',',\r\n                        suffix: ''\r\n                    };\r\n                \r\n            let c1countup= new CountUp('cid6155678711', 0, 600000,0,2,options);\r\n\t\t\tvar c1scene = new ScrollMagic.Scene({\r\n                triggerElement: \"#cid6155678711\",\r\n                triggerHook: 'onEnter',\r\n\t\t\t})\r\n\t\t\t.addTo(countercontroller615567871);\r\n            c1scene.on(\"enter\", function (event) {\r\n                if (!c1countup.error) {\r\n                \u2003\u2003c1countup.start();\r\n                } else {\r\n                \u2003\u2003console.error(c1countup.error);\r\n                }\r\n            });\r\n\r\n            let c2countup= new CountUp('cid6155678712', 0, 24,0,2,options);\r\n\t\t\tvar c2scene = new ScrollMagic.Scene({\r\n                triggerElement: \"#cid6155678712\",\r\n                triggerHook: 'onEnter',\r\n\t\t\t})\r\n\t\t\t.addTo(countercontroller615567871);\r\n            c2scene.on(\"enter\", function (event) {\r\n                if (!c2countup.error) {\r\n                \u2003\u2003c2countup.start();\r\n                } else {\r\n                \u2003\u2003console.error(c2countup.error);\r\n                }\r\n            });\r\n\r\n            let c3countup= new CountUp('cid6155678713', 0, 400,0,2,options);\r\n\t\t\tvar c3scene = new ScrollMagic.Scene({\r\n                triggerElement: \"#cid6155678713\",\r\n                triggerHook: 'onEnter',\r\n\t\t\t})\r\n\t\t\t.addTo(countercontroller615567871);\r\n            c3scene.on(\"enter\", function (event) {\r\n                if (!c3countup.error) {\r\n                \u2003\u2003c3countup.start();\r\n                } else {\r\n                \u2003\u2003console.error(c3countup.error);\r\n                }\r\n            });\r\n        })  \r\n    })\r\n            <\/script>\n\n<section  class=\"qtx-pagebuilder-section qtx-pagebuilder-section-blockquote qtx-pagebuilder-section-blockquote-green_testimonial_with_logo \">\r\n        <div class=\"green_testimonial_with_logo\">\r\n            <div class=\"speechmarks\">\r\n            <\/div>\r\n            <blockquote>\r\n                <p>Nous sommes toujours tr\u00e8s bien re\u00e7us par l\u2019\u00e9quipe Quartix. En cas de besoin ou de nouvelles installations, un technicien est toujours envoy\u00e9 tr\u00e8s rapidement.<\/p>\n                                    <footer>\r\n                                                                            <div class=\"cites\">\r\n                                <cite class=\"author\">Fernando Meras<\/cite>\r\n                                <cite class=\"author_line_2\">Sodivitrage<\/cite>\r\n                            <\/div>\r\n                                            <\/footer>\r\n                            <\/blockquote>\r\n        <\/div>\r\n        <\/section>\r\n\r\n\n\n\n<div class=\"wp-block-columns is-layout-flex wp-container-core-columns-is-layout-28f84493 wp-block-columns-is-layout-flex\">\n<div class=\"wp-block-column is-layout-flow wp-block-column-is-layout-flow\">\n<figure class=\"wp-block-image\"><img decoding=\"async\" src=\" https:\/\/www.quartix.com\/content\/uploads\/2017\/09\/customers-big-and-small.svg\" alt=\"\"\/><\/figure>\n<\/div>\n\n\n\n<div class=\"wp-block-column is-layout-flow wp-block-column-is-layout-flow\">\n<h2 class=\"wp-block-heading\" id=\"h-ce-que-nous-offrons\">Ce que nous offrons<\/h2>\n\n\n\n<p><strong>Acc\u00e8s depuis internet <\/strong>: Que ce soit \u00e0 la maison, au travail ou en d\u00e9placement.<\/p>\n\n\n\n<p><strong>Rapidit\u00e9 et facilit\u00e9 d\u2019utilisation <\/strong>: Un acc\u00e8s rapide sur internet et une prise en main intuitive rendent le syst\u00e8me tr\u00e8s facile \u00e0 utiliser.<\/p>\n\n\n\n<p><strong>Aucun frais cach\u00e9 <\/strong>: Chez Quartix, il n\u2019y aucun frais de garantie, de logiciels ou de services suppl\u00e9mentaires \u00e0 payer.<\/p>\n\n\n\n<p><strong>Engagement d\u00e8s 12 mois <\/strong>: Nous ne vous inciterons pas \u00e0 souscrire \u00e0 un contrat de 3 ans car nous sommes convaincus que vous resterez chez nous \u00e0 la fin de votre premi\u00e8re ann\u00e9e.<\/p>\n\n\n\n<p><strong>Service <\/strong>: Nous sommes fiers de notre service client et des relations durables que nous \u00e9tablissons avec nos clients.<\/p>\n\n\n\n<p><strong>Prix<\/strong> : Nous vous offrons les services essentiels dont vous avez besoin, sans fonctionnalit\u00e9s superflues.<\/p>\n<\/div>\n<\/div>\n\n\n\n<div class=\"wp-block-columns is-layout-flex wp-container-core-columns-is-layout-28f84493 wp-block-columns-is-layout-flex\">\n<div class=\"wp-block-column is-layout-flow wp-block-column-is-layout-flow\">\n<h2 class=\"wp-block-heading\" id=\"h-a-propos-de-nos-clients\">\u00c0 propos de nos clients<\/h2>\n\n\n\n<p>D\u00e9couvrez les secteurs d&#8217;activit\u00e9 de nos clients :<\/p>\n\n\n\n<p><strong>B\u00e2timent et construction <\/strong>: Excavation, peinture et d\u00e9coration, plomberie, services \u00e9lectriques, ma\u00e7onnerie, rev\u00eatement de sol, plaques de pl\u00e2tre, toiture, climatisation&#8230;<\/p>\n\n\n\n<p><strong>Intervention sur sites et services sp\u00e9cialis\u00e9s <\/strong>: Entretien et pose de signal\u00e9tique, agencement de magasins, antiparasitaires, merchandising, machines-outils, remplacement de fen\u00eatres, nettoyage, services environnementaux&#8230;<\/p>\n\n\n\n<p><strong>Transport<\/strong> :&nbsp;Gamme compl\u00e8te de services de transport, y compris le camionnage, l&#8217;exp\u00e9dition de courriers, les taxis et autres services de transports sp\u00e9cialis\u00e9s tels que les \u0153uvres d&#8217;art, les objets de valeur&#8230;<\/p>\n\n\n\n<p><strong>Service de s\u00e9curit\u00e9<\/strong> : Y compris l&#8217;installation de syst\u00e8me de vid\u00e9osurveillance, de voitures de patrouille, de transport de personnel, de surveillance d&#8217;usines et de machines, serruriers&#8230;<\/p>\n\n\n\n<p><strong>Distribution de produits<\/strong> : Dont le transport de produits alimentaires et frigorifiques, de produits pharmaceutiques, de produits \u00e9lectriques, de mati\u00e8res dangereuses, d&#8217;emballages et de mat\u00e9riaux divers&#8230;<\/p>\n<\/div>\n\n\n\n<div class=\"wp-block-column is-layout-flow wp-block-column-is-layout-flow\">\n<figure class=\"wp-block-image\"><img decoding=\"async\" src=\" https:\/\/www.quartix.com\/content\/uploads\/2017\/09\/award-winning.svg\" alt=\"\"\/><\/figure>\n<\/div>\n<\/div>\n","protected":false},"excerpt":{"rendered":"<p>Experts en g\u00e9olocalisation de v\u00e9hicules Le syst\u00e8me de g\u00e9olocalisation Quartix a \u00e9t\u00e9 install\u00e9 dans plus de 600 000 v\u00e9hicules. Quartix a \u00e9t\u00e9 cr\u00e9\u00e9e en 2001 par quatre experts de notre industrie qui cumulent plus de 120 ans d\u2019exp\u00e9rience dans la conception de syst\u00e8mes, la t\u00e9l\u00e9m\u00e9trie, l\u2019informatique embarqu\u00e9e, les t\u00e9l\u00e9coms et les m\u00e9gabases de donn\u00e9es. \u00c0 [&hellip;]<\/p>\n","protected":false},"author":12,"featured_media":0,"parent":54547,"menu_order":10,"comment_status":"closed","ping_status":"closed","template":"","meta":{"_acf_changed":false,"inline_featured_image":false,"footnotes":""},"topic":[],"qtx_campaign":[],"class_list":["post-54607","page","type-page","status-publish","hentry"],"acf":[],"yoast_head":"<!-- This site is optimized with the Yoast SEO Premium plugin v27.2 (Yoast SEO v27.2) - https:\/\/yoast.com\/product\/yoast-seo-premium-wordpress\/ -->\n<title>\u00c0 propos | G\u00e9olocalisation de v\u00e9hicules Quartix - FR<\/title>\n<meta name=\"description\" content=\"Expert en g\u00e9olocalisation de v\u00e9hicules, Quartix a \u00e9t\u00e9 cr\u00e9\u00e9 en 2001 et compte aujourd&#039;hui plus de 17 500 entreprises clientes et 600 000 balises install\u00e9es.\" \/>\n<meta name=\"robots\" content=\"index, follow, max-snippet:-1, max-image-preview:large, max-video-preview:-1\" \/>\n<link rel=\"canonical\" href=\"https:\/\/www.quartix.com\/fr-fr\/entreprise\/a-propos-quartix\/\" \/>\n<meta property=\"og:locale\" content=\"fr_FR\" \/>\n<meta property=\"og:type\" content=\"article\" \/>\n<meta property=\"og:title\" content=\"\u00c0 propos\" \/>\n<meta property=\"og:description\" content=\"Expert en g\u00e9olocalisation de v\u00e9hicules, Quartix a \u00e9t\u00e9 cr\u00e9\u00e9 en 2001 et compte aujourd&#039;hui plus de 17 500 entreprises clientes et 600 000 balises install\u00e9es.\" \/>\n<meta property=\"og:url\" content=\"https:\/\/www.quartix.com\/fr-fr\/entreprise\/a-propos-quartix\/\" \/>\n<meta property=\"og:site_name\" content=\"Quartix\" \/>\n<meta property=\"article:publisher\" content=\"https:\/\/www.facebook.com\/Quartix-USA-374426386097401\/\" \/>\n<meta property=\"article:modified_time\" content=\"2025-10-10T08:48:39+00:00\" \/>\n<meta name=\"twitter:card\" content=\"summary_large_image\" \/>\n<meta name=\"twitter:site\" content=\"@QuartixUSA\" \/>\n<meta name=\"twitter:label1\" content=\"Est. reading time\" \/>\n\t<meta name=\"twitter:data1\" content=\"3 minutes\" \/>\n<!-- \/ Yoast SEO Premium plugin. -->","yoast_head_json":{"title":"\u00c0 propos | G\u00e9olocalisation de v\u00e9hicules Quartix - FR","description":"Expert en g\u00e9olocalisation de v\u00e9hicules, Quartix a \u00e9t\u00e9 cr\u00e9\u00e9 en 2001 et compte aujourd'hui plus de 17 500 entreprises clientes et 600 000 balises install\u00e9es.","robots":{"index":"index","follow":"follow","max-snippet":"max-snippet:-1","max-image-preview":"max-image-preview:large","max-video-preview":"max-video-preview:-1"},"canonical":"https:\/\/www.quartix.com\/fr-fr\/entreprise\/a-propos-quartix\/","og_locale":"fr_FR","og_type":"article","og_title":"\u00c0 propos","og_description":"Expert en g\u00e9olocalisation de v\u00e9hicules, Quartix a \u00e9t\u00e9 cr\u00e9\u00e9 en 2001 et compte aujourd'hui plus de 17 500 entreprises clientes et 600 000 balises install\u00e9es.","og_url":"https:\/\/www.quartix.com\/fr-fr\/entreprise\/a-propos-quartix\/","og_site_name":"Quartix","article_publisher":"https:\/\/www.facebook.com\/Quartix-USA-374426386097401\/","article_modified_time":"2025-10-10T08:48:39+00:00","twitter_card":"summary_large_image","twitter_site":"@QuartixUSA","twitter_misc":{"Est. reading time":"3 minutes"},"schema":{"@context":"https:\/\/schema.org","@graph":[{"@type":"WebPage","@id":"https:\/\/www.quartix.com\/fr-fr\/entreprise\/a-propos-quartix\/","url":"https:\/\/www.quartix.com\/fr-fr\/entreprise\/a-propos-quartix\/","name":"\u00c0 propos | G\u00e9olocalisation de v\u00e9hicules Quartix","isPartOf":{"@id":"https:\/\/www.quartix.com\/fr-fr\/#website"},"datePublished":"2021-05-06T13:56:31+00:00","dateModified":"2025-10-10T08:48:39+00:00","description":"Expert en g\u00e9olocalisation de v\u00e9hicules, Quartix a \u00e9t\u00e9 cr\u00e9\u00e9 en 2001 et compte aujourd'hui plus de 17 500 entreprises clientes et 600 000 balises install\u00e9es.","breadcrumb":{"@id":"https:\/\/www.quartix.com\/fr-fr\/entreprise\/a-propos-quartix\/#breadcrumb"},"inLanguage":"fr-FR","potentialAction":[{"@type":"ReadAction","target":["https:\/\/www.quartix.com\/fr-fr\/entreprise\/a-propos-quartix\/"]}]},{"@type":"BreadcrumbList","@id":"https:\/\/www.quartix.com\/fr-fr\/entreprise\/a-propos-quartix\/#breadcrumb","itemListElement":[{"@type":"ListItem","position":1,"name":"Accueil","item":"https:\/\/www.quartix.com\/fr-fr\/quartix-suivi-de-vehicules-en-temps-reel\/"},{"@type":"ListItem","position":2,"name":"Entreprise","item":"https:\/\/www.quartix.com\/fr-fr\/entreprise\/"},{"@type":"ListItem","position":3,"name":"\u00c0 propos"}]},{"@type":"WebSite","@id":"https:\/\/www.quartix.com\/fr-fr\/#website","url":"https:\/\/www.quartix.com\/fr-fr\/","name":"Quartix","description":"Real-time vehicle tracking","publisher":{"@id":"https:\/\/www.quartix.com\/fr-fr\/#organization"},"potentialAction":[{"@type":"SearchAction","target":{"@type":"EntryPoint","urlTemplate":"https:\/\/www.quartix.com\/fr-fr\/?s={search_term_string}"},"query-input":{"@type":"PropertyValueSpecification","valueRequired":true,"valueName":"search_term_string"}}],"inLanguage":"fr-FR"},{"@type":"Organization","@id":"https:\/\/www.quartix.com\/fr-fr\/#organization","name":"Quartix","url":"https:\/\/www.quartix.com\/fr-fr\/","logo":{"@type":"ImageObject","inLanguage":"fr-FR","@id":"https:\/\/www.quartix.com\/fr-fr\/#\/schema\/logo\/image\/","url":"https:\/\/www.quartix.com\/content\/uploads\/2019\/02\/quartix-logo-eur.svg","contentUrl":"https:\/\/www.quartix.com\/content\/uploads\/2019\/02\/quartix-logo-eur.svg","width":1,"height":1,"caption":"Quartix"},"image":{"@id":"https:\/\/www.quartix.com\/fr-fr\/#\/schema\/logo\/image\/"},"sameAs":["https:\/\/www.facebook.com\/Quartix-USA-374426386097401\/","https:\/\/x.com\/QuartixUSA","https:\/\/www.linkedin.com\/company\/5346733\/","https:\/\/www.youtube.com\/channel\/UCzS-_GMfHF4kWiCheyIRrAQ"]}]}},"_links":{"self":[{"href":"https:\/\/www.quartix.com\/fr-fr\/wp-json\/wp\/v2\/pages\/54607","targetHints":{"allow":["GET"]}}],"collection":[{"href":"https:\/\/www.quartix.com\/fr-fr\/wp-json\/wp\/v2\/pages"}],"about":[{"href":"https:\/\/www.quartix.com\/fr-fr\/wp-json\/wp\/v2\/types\/page"}],"author":[{"embeddable":true,"href":"https:\/\/www.quartix.com\/fr-fr\/wp-json\/wp\/v2\/users\/12"}],"replies":[{"embeddable":true,"href":"https:\/\/www.quartix.com\/fr-fr\/wp-json\/wp\/v2\/comments?post=54607"}],"version-history":[{"count":1,"href":"https:\/\/www.quartix.com\/fr-fr\/wp-json\/wp\/v2\/pages\/54607\/revisions"}],"predecessor-version":[{"id":125361,"href":"https:\/\/www.quartix.com\/fr-fr\/wp-json\/wp\/v2\/pages\/54607\/revisions\/125361"}],"up":[{"embeddable":true,"href":"https:\/\/www.quartix.com\/fr-fr\/wp-json\/wp\/v2\/pages\/54547"}],"wp:attachment":[{"href":"https:\/\/www.quartix.com\/fr-fr\/wp-json\/wp\/v2\/media?parent=54607"}],"wp:term":[{"taxonomy":"topic","embeddable":true,"href":"https:\/\/www.quartix.com\/fr-fr\/wp-json\/wp\/v2\/topic?post=54607"},{"taxonomy":"qtx_campaign","embeddable":true,"href":"https:\/\/www.quartix.com\/fr-fr\/wp-json\/wp\/v2\/qtx_campaign?post=54607"}],"curies":[{"name":"wp","href":"https:\/\/api.w.org\/{rel}","templated":true}]}}