{"id":54806,"date":"2021-05-07T14:11:08","date_gmt":"2021-05-07T13:11:08","guid":{"rendered":" https:\/\/www.quartix.com\/?page_id=54806"},"modified":"2022-03-29T11:04:09","modified_gmt":"2022-03-29T10:04:09","slug":"alertes-geofencing","status":"publish","type":"page","link":"https:\/\/www.quartix.com\/fr-fr\/alertes-geofencing\/","title":{"rendered":"Alertes Geofencing"},"content":{"rendered":"\n<div class=\"wp-block-columns is-layout-flex wp-container-core-columns-is-layout-28f84493 wp-block-columns-is-layout-flex\">\n<div class=\"wp-block-column is-layout-flow wp-block-column-is-layout-flow\">\n<p>Avec la fonction Geofencing du syst\u00e8me Quartix, vous pouvez d\u00e9finir des zones g\u00e9ographiques et plages horaires\u00a0\u00ab\u00a0obligatoires\u00a0\u00bb ou\u00a0\u00ab\u00a0interdites\u00a0\u00bb. Si vos v\u00e9hicules doivent se trouver \u00e0 l\u2019int\u00e9rieur ou \u00e0 l\u2019ext\u00e9rieur d\u2019un p\u00e9rim\u00e8tre \u00e0 une heure d\u00e9finie, le geofencing peut vous informer instantan\u00e9ment lorsque ces r\u00e8gles sont enfreintes.<\/p>\n\n\n\n<p><br><strong>Zone g\u00e9ographique :\u00a0<\/strong>Cr\u00e9ez vos propres zones g\u00e9ographiques sur notre carte gr\u00e2ce \u00e0 notre outil en ligne. Vous pouvez \u00e9galement d\u00e9finir une adresse ou un point d\u2019int\u00e9r\u00eat en tant que zone \u00ab\u00a0obligatoire\u00a0\u00bb ou \u00ab\u00a0interdite\u00a0\u00bb, comme le domicile d\u2019un salari\u00e9 ou le site d\u2019un client.<a data-elementor-open-lightbox=\"yes\" data-elementor-lightbox-title=\"FR-quartix-site-geofencing-perspective\" href=\" https:\/\/www.quartix.com\/content\/uploads\/2021\/05\/quartix-site-geofencing-perspective.jpg\"> <\/a><\/p>\n<\/div>\n\n\n\n<div class=\"wp-block-column is-layout-flow wp-block-column-is-layout-flow\">\n<figure class=\"wp-block-image size-full\"><img loading=\"lazy\" decoding=\"async\" width=\"390\" height=\"260\" src=\" https:\/\/www.quartix.com\/content\/uploads\/2021\/05\/quartix-site-geofencing-perspective.jpg\" alt=\"\" class=\"wp-image-54830\" srcset=\"https:\/\/www.quartix.com\/content\/uploads\/2021\/05\/quartix-site-geofencing-perspective.jpg 390w, https:\/\/www.quartix.com\/content\/uploads\/2021\/05\/quartix-site-geofencing-perspective-300x200.jpg 300w\" sizes=\"auto, (max-width: 390px) 100vw, 390px\" \/><\/figure>\n<\/div>\n<\/div>\n\n\n\n<p><strong>Plages horaires :&nbsp;<\/strong>D\u00e9finissez des plages horaires pour lesquelles vos v\u00e9hicules sont autoris\u00e9s \u00e0 entrer ou sortir dans une zone sp\u00e9cifique.<\/p>\n\n\n\n<ul class=\"wp-block-list\"><li>En mode obligatoire : les v\u00e9hicules concern\u00e9s doivent se trouver \u00e0 l\u2019int\u00e9rieur du p\u00e9rim\u00e8tre pendant la p\u00e9riode d\u00e9finie.<\/li><li>En mode interdit : les v\u00e9hicules concern\u00e9s ne doivent pas entrer dans le p\u00e9rim\u00e8tre pendant la p\u00e9riode d\u00e9finie.<\/li><\/ul>\n\n\n\n<p><strong>Alertes en temps r\u00e9el :&nbsp;<\/strong>Recevez une alerte via email ou sms pour vous informer de tout d\u00e9placement non autoris\u00e9 ou anormal de vos v\u00e9hicules. Vous avez la possibilit\u00e9 de cr\u00e9er autant de r\u00e8gles de geofencing que vous souhaitez.<\/p>\n\n\n\n<p>L\u2019option geofencing est disponible avec nos formules InfoPlus et InfoDrive.<\/p>\n\n\n\n<div class=\"wp-block-columns is-layout-flex wp-container-core-columns-is-layout-28f84493 wp-block-columns-is-layout-flex\">\n<div class=\"wp-block-column is-layout-flow wp-block-column-is-layout-flow\">\n<h2 class=\"wp-block-heading\">B\u00e9n\u00e9fices<\/h2>\n\n\n\n<ul class=\"wp-block-list\"><li>Assurez-vous que vos employ\u00e9s respectent les r\u00e8gles d\u2019utilisation des v\u00e9hicules.<\/li><li>V\u00e9rifiez la non utilisation des v\u00e9hicules de fonction en dehors des heures de travail et du week-end.<\/li><li>Protection contre le vol de v\u00e9hicule, y compris pendant les week-ends.<\/li><\/ul>\n<\/div>\n\n\n\n<div class=\"wp-block-column is-layout-flow wp-block-column-is-layout-flow\">\n<figure class=\"wp-block-image\"><img decoding=\"async\" src=\" https:\/\/www.quartix.com\/content\/uploads\/2021\/05\/quartix-site-phone-perspective.jpg\" alt=\"\"\/><\/figure>\n<\/div>\n<\/div>\n\n\n\n<div class=\"wp-block-columns is-layout-flex wp-container-core-columns-is-layout-28f84493 wp-block-columns-is-layout-flex\">\n<div class=\"wp-block-column is-layout-flow wp-block-column-is-layout-flow\">\n<figure class=\"wp-block-image\"><img decoding=\"async\" src=\" https:\/\/www.quartix.com\/content\/uploads\/2021\/05\/quartix-site-perspective-dessin.jpg\" alt=\"\"\/><\/figure>\n<\/div>\n\n\n\n<div class=\"wp-block-column is-layout-flow wp-block-column-is-layout-flow\">\n<h2 class=\"wp-block-heading\">T\u00e9moignages clients<\/h2>\n\n\n\n<ul class=\"wp-block-list\"><li>Les salari\u00e9s r\u00e9alisaient des activit\u00e9s priv\u00e9es pendant les heures de travail.<\/li><li>Les salari\u00e9s rentraient chez eux entre deux missions.<\/li><li>Les salari\u00e9s utilisaient les v\u00e9hicules en dehors des heures de travail et les week-ends.<\/li><li>S\u2019assurer que les \u00e9quipes de nuit sont en poste et en s\u00e9curit\u00e9.<\/li><li>\u00catre inform\u00e9 en temps r\u00e9el en cas de v\u00e9hicule vol\u00e9.<\/li><\/ul>\n<\/div>\n<\/div>\n","protected":false},"excerpt":{"rendered":"<p>Avec la fonction Geofencing du syst\u00e8me Quartix, vous pouvez d\u00e9finir des zones g\u00e9ographiques et plages horaires\u00a0\u00ab\u00a0obligatoires\u00a0\u00bb ou\u00a0\u00ab\u00a0interdites\u00a0\u00bb. Si vos v\u00e9hicules doivent se trouver \u00e0 l\u2019int\u00e9rieur ou \u00e0 l\u2019ext\u00e9rieur d\u2019un p\u00e9rim\u00e8tre \u00e0 une heure d\u00e9finie, le geofencing peut vous informer instantan\u00e9ment lorsque ces r\u00e8gles sont enfreintes. Zone g\u00e9ographique :\u00a0Cr\u00e9ez vos propres zones g\u00e9ographiques sur notre carte [&hellip;]<\/p>\n","protected":false},"author":12,"featured_media":0,"parent":0,"menu_order":55,"comment_status":"closed","ping_status":"closed","template":"","meta":{"_acf_changed":false,"inline_featured_image":false,"footnotes":""},"topic":[],"qtx_campaign":[],"class_list":["post-54806","page","type-page","status-publish","hentry"],"acf":[],"yoast_head":"<!-- This site is optimized with the Yoast SEO Premium plugin v27.3 (Yoast SEO v27.3) - https:\/\/yoast.com\/product\/yoast-seo-premium-wordpress\/ -->\n<title>Fonction Geofencing - FR<\/title>\n<meta name=\"description\" content=\"D\u00e9finissez des zones et plages horaires obligatoires ou interdites pour vos v\u00e9hicules et recevez une alerte geofencing sms si une r\u00e8gle est enfreinte.\" \/>\n<meta name=\"robots\" content=\"index, follow, max-snippet:-1, max-image-preview:large, max-video-preview:-1\" \/>\n<link rel=\"canonical\" href=\"https:\/\/www.quartix.com\/fr-fr\/alertes-geofencing\/\" \/>\n<meta property=\"og:locale\" content=\"fr_FR\" \/>\n<meta property=\"og:type\" content=\"article\" \/>\n<meta property=\"og:title\" content=\"Alertes Geofencing\" \/>\n<meta property=\"og:description\" content=\"D\u00e9finissez des zones et plages horaires obligatoires ou interdites pour vos v\u00e9hicules et recevez une alerte geofencing sms si une r\u00e8gle est enfreinte.\" \/>\n<meta property=\"og:url\" content=\"https:\/\/www.quartix.com\/fr-fr\/alertes-geofencing\/\" \/>\n<meta property=\"og:site_name\" content=\"Quartix\" \/>\n<meta property=\"article:publisher\" content=\"https:\/\/www.facebook.com\/Quartix-USA-374426386097401\/\" \/>\n<meta property=\"article:modified_time\" content=\"2022-03-29T10:04:09+00:00\" \/>\n<meta name=\"twitter:card\" content=\"summary_large_image\" \/>\n<meta name=\"twitter:site\" content=\"@QuartixUSA\" \/>\n<meta name=\"twitter:label1\" content=\"Est. reading time\" \/>\n\t<meta name=\"twitter:data1\" content=\"2 minutes\" \/>\n<!-- \/ Yoast SEO Premium plugin. -->","yoast_head_json":{"title":"Fonction Geofencing - FR","description":"D\u00e9finissez des zones et plages horaires obligatoires ou interdites pour vos v\u00e9hicules et recevez une alerte geofencing sms si une r\u00e8gle est enfreinte.","robots":{"index":"index","follow":"follow","max-snippet":"max-snippet:-1","max-image-preview":"max-image-preview:large","max-video-preview":"max-video-preview:-1"},"canonical":"https:\/\/www.quartix.com\/fr-fr\/alertes-geofencing\/","og_locale":"fr_FR","og_type":"article","og_title":"Alertes Geofencing","og_description":"D\u00e9finissez des zones et plages horaires obligatoires ou interdites pour vos v\u00e9hicules et recevez une alerte geofencing sms si une r\u00e8gle est enfreinte.","og_url":"https:\/\/www.quartix.com\/fr-fr\/alertes-geofencing\/","og_site_name":"Quartix","article_publisher":"https:\/\/www.facebook.com\/Quartix-USA-374426386097401\/","article_modified_time":"2022-03-29T10:04:09+00:00","twitter_card":"summary_large_image","twitter_site":"@QuartixUSA","twitter_misc":{"Est. reading time":"2 minutes"},"schema":{"@context":"https:\/\/schema.org","@graph":[{"@type":"WebPage","@id":"https:\/\/www.quartix.com\/fr-fr\/alertes-geofencing\/","url":"https:\/\/www.quartix.com\/fr-fr\/alertes-geofencing\/","name":"Fonction Geofencing","isPartOf":{"@id":"https:\/\/www.quartix.com\/fr-fr\/#website"},"datePublished":"2021-05-07T13:11:08+00:00","dateModified":"2022-03-29T10:04:09+00:00","description":"D\u00e9finissez des zones et plages horaires obligatoires ou interdites pour vos v\u00e9hicules et recevez une alerte geofencing sms si une r\u00e8gle est enfreinte.","breadcrumb":{"@id":"https:\/\/www.quartix.com\/fr-fr\/alertes-geofencing\/#breadcrumb"},"inLanguage":"fr-FR","potentialAction":[{"@type":"ReadAction","target":["https:\/\/www.quartix.com\/fr-fr\/alertes-geofencing\/"]}]},{"@type":"BreadcrumbList","@id":"https:\/\/www.quartix.com\/fr-fr\/alertes-geofencing\/#breadcrumb","itemListElement":[{"@type":"ListItem","position":1,"name":"Accueil","item":"https:\/\/www.quartix.com\/fr-fr\/quartix-suivi-de-vehicules-en-temps-reel\/"},{"@type":"ListItem","position":2,"name":"Alertes Geofencing"}]},{"@type":"WebSite","@id":"https:\/\/www.quartix.com\/fr-fr\/#website","url":"https:\/\/www.quartix.com\/fr-fr\/","name":"Quartix","description":"Real-time vehicle tracking","publisher":{"@id":"https:\/\/www.quartix.com\/fr-fr\/#organization"},"potentialAction":[{"@type":"SearchAction","target":{"@type":"EntryPoint","urlTemplate":"https:\/\/www.quartix.com\/fr-fr\/?s={search_term_string}"},"query-input":{"@type":"PropertyValueSpecification","valueRequired":true,"valueName":"search_term_string"}}],"inLanguage":"fr-FR"},{"@type":"Organization","@id":"https:\/\/www.quartix.com\/fr-fr\/#organization","name":"Quartix","url":"https:\/\/www.quartix.com\/fr-fr\/","logo":{"@type":"ImageObject","inLanguage":"fr-FR","@id":"https:\/\/www.quartix.com\/fr-fr\/#\/schema\/logo\/image\/","url":"https:\/\/www.quartix.com\/content\/uploads\/2019\/02\/quartix-logo-eur.svg","contentUrl":"https:\/\/www.quartix.com\/content\/uploads\/2019\/02\/quartix-logo-eur.svg","width":1,"height":1,"caption":"Quartix"},"image":{"@id":"https:\/\/www.quartix.com\/fr-fr\/#\/schema\/logo\/image\/"},"sameAs":["https:\/\/www.facebook.com\/Quartix-USA-374426386097401\/","https:\/\/x.com\/QuartixUSA","https:\/\/www.linkedin.com\/company\/5346733\/","https:\/\/www.youtube.com\/channel\/UCzS-_GMfHF4kWiCheyIRrAQ"]}]}},"_links":{"self":[{"href":"https:\/\/www.quartix.com\/fr-fr\/wp-json\/wp\/v2\/pages\/54806","targetHints":{"allow":["GET"]}}],"collection":[{"href":"https:\/\/www.quartix.com\/fr-fr\/wp-json\/wp\/v2\/pages"}],"about":[{"href":"https:\/\/www.quartix.com\/fr-fr\/wp-json\/wp\/v2\/types\/page"}],"author":[{"embeddable":true,"href":"https:\/\/www.quartix.com\/fr-fr\/wp-json\/wp\/v2\/users\/12"}],"replies":[{"embeddable":true,"href":"https:\/\/www.quartix.com\/fr-fr\/wp-json\/wp\/v2\/comments?post=54806"}],"version-history":[{"count":0,"href":"https:\/\/www.quartix.com\/fr-fr\/wp-json\/wp\/v2\/pages\/54806\/revisions"}],"wp:attachment":[{"href":"https:\/\/www.quartix.com\/fr-fr\/wp-json\/wp\/v2\/media?parent=54806"}],"wp:term":[{"taxonomy":"topic","embeddable":true,"href":"https:\/\/www.quartix.com\/fr-fr\/wp-json\/wp\/v2\/topic?post=54806"},{"taxonomy":"qtx_campaign","embeddable":true,"href":"https:\/\/www.quartix.com\/fr-fr\/wp-json\/wp\/v2\/qtx_campaign?post=54806"}],"curies":[{"name":"wp","href":"https:\/\/api.w.org\/{rel}","templated":true}]}}