{"id":54843,"date":"2021-05-07T14:16:07","date_gmt":"2021-05-07T13:16:07","guid":{"rendered":" https:\/\/www.quartix.com\/?page_id=54843"},"modified":"2022-03-29T11:01:17","modified_gmt":"2022-03-29T10:01:17","slug":"connect-track","status":"publish","type":"page","link":"https:\/\/www.quartix.com\/fr-fr\/connect-track\/","title":{"rendered":"Connect &#038; Track"},"content":{"rendered":"\n<div class=\"wp-block-columns is-layout-flex wp-container-core-columns-is-layout-28f84493 wp-block-columns-is-layout-flex\">\n<div class=\"wp-block-column is-layout-flow wp-block-column-is-layout-flow\">\n<h2 class=\"wp-block-heading\">Boitier de g\u00e9olocalisation Quartix : le Connect &amp; Track, facile \u00e0 installer sur votre batterie<\/h2>\n\n\n\n<p>Connect &amp; Track est une option d\u2019auto-installation simple et discr\u00e8te permettant de mettre facilement en place la g\u00e9olocalisation de v\u00e9hicules Quartix.<br>Il vous suffit de relier les deux fils \u00e9lectriques de la balise \u00e0 la batterie de votre v\u00e9hicule pour acc\u00e9der en quelques minutes aux donn\u00e9es t\u00e9l\u00e9matiques relatives \u00e0 vos trajets.<\/p>\n\n\n\n<p>Le boitier Connect &amp; Track reste en place et hors de vue tout en g\u00e9n\u00e9rant de nombreuses informations pertinentes sur l\u2019activit\u00e9 de votre flotte. D\u00e9couvrez les feuilles de temps de vos conducteurs, les itin\u00e9raires, l\u2019analyse des styles de conduite, et bien d\u2019autres fonctionnalit\u00e9s depuis notre syst\u00e8me de g\u00e9olocalisation en ligne.<\/p>\n\n\n\n<p>La solution Connect &amp; Track est id\u00e9ale pour les entreprises ayant besoin de transf\u00e9rer les balises de g\u00e9olocalisation d\u2019un v\u00e9hicule \u00e0 un autre pour diverses raisons.<\/p>\n<\/div>\n\n\n\n<div class=\"wp-block-column is-layout-flow wp-block-column-is-layout-flow\">\n<figure class=\"wp-block-image\"><img decoding=\"async\" src=\" https:\/\/www.quartix.com\/content\/uploads\/2020\/07\/vehicle-tracking-device-battery-connected.jpg\" alt=\"connect and track device\"\/><\/figure>\n<\/div>\n<\/div>\n\n\n\n<div class=\"wp-block-columns is-layout-flex wp-container-core-columns-is-layout-28f84493 wp-block-columns-is-layout-flex\">\n<div class=\"wp-block-column is-layout-flow wp-block-column-is-layout-flow\">\n<figure class=\"wp-block-image\"><img decoding=\"async\" src=\" https:\/\/www.quartix.com\/content\/uploads\/2021\/05\/FR_laptop-and-phone-only_tracking_1020x754-1-1.png\" alt=\"\"\/><\/figure>\n<\/div>\n\n\n\n<div class=\"wp-block-column is-layout-flow wp-block-column-is-layout-flow\">\n<h2 class=\"wp-block-heading\">Une option souple<\/h2>\n\n\n\n<p>Facile \u00e0 transf\u00e9rer d\u2019un v\u00e9hicule \u00e0 un autre, la balise Connect &amp; Track est la solution id\u00e9ale pour le suivi des v\u00e9hicules de location et ceux de vos prestataires temporaires.<\/p>\n\n\n\r\n<section  class=\"qtx-pagebuilder-section qtx-pagebuilder-section-list \">\r\n<ul class='ticks fa-ul' style=''><li><span class='fa-li'><i class='fas fa-check-circle'><\/i><\/span>Pas de co\u00fbt d\u2019installation<\/li><li><span class='fa-li'><i class='fas fa-check-circle'><\/i><\/span>Balise plac\u00e9e hors de la vue<\/li><li><span class='fa-li'><i class='fas fa-check-circle'><\/i><\/span>Facile \u00e0 transf\u00e9rer d\u2019un v\u00e9hicule \u00e0 un autre<\/li><li><span class='fa-li'><i class='fas fa-check-circle'><\/i><\/span>Mises \u00e0 jour automatiques<\/li><li><span class='fa-li'><i class='fas fa-check-circle'><\/i><\/span>Alimentation 12v et 24v<\/li><li><span class='fa-li'><i class='fas fa-check-circle'><\/i><\/span>Alertes anti-effraction envoy\u00e9es par email<\/li><\/ul><\/section><\/div>\n<\/div>\n\n\n\n<figure class=\"wp-block-embed aligncenter is-type-video is-provider-youtube wp-block-embed-youtube wp-embed-aspect-16-9 wp-has-aspect-ratio\"><div class=\"wp-block-embed__wrapper\">\n<iframe loading=\"lazy\" title=\"Quartix - Guide d&#039;installation - Connect &amp; Track\" width=\"640\" height=\"360\" src=\"https:\/\/www.youtube.com\/embed\/dlFiXzB2mYw?feature=oembed\" frameborder=\"0\" allow=\"accelerometer; autoplay; clipboard-write; encrypted-media; gyroscope; picture-in-picture; web-share\" referrerpolicy=\"strict-origin-when-cross-origin\" allowfullscreen><\/iframe>\n<\/div><\/figure>\n","protected":false},"excerpt":{"rendered":"<p>Boitier de g\u00e9olocalisation Quartix : le Connect &amp; Track, facile \u00e0 installer sur votre batterie Connect &amp; Track est une option d\u2019auto-installation simple et discr\u00e8te permettant de mettre facilement en place la g\u00e9olocalisation de v\u00e9hicules Quartix.Il vous suffit de relier les deux fils \u00e9lectriques de la balise \u00e0 la batterie de votre v\u00e9hicule pour acc\u00e9der [&hellip;]<\/p>\n","protected":false},"author":12,"featured_media":0,"parent":0,"menu_order":1110,"comment_status":"closed","ping_status":"closed","template":"","meta":{"_acf_changed":false,"inline_featured_image":false,"footnotes":""},"topic":[],"qtx_campaign":[],"class_list":["post-54843","page","type-page","status-publish","hentry"],"acf":[],"yoast_head":"<!-- This site is optimized with the Yoast SEO Premium plugin v27.2 (Yoast SEO v27.2) - https:\/\/yoast.com\/product\/yoast-seo-premium-wordpress\/ -->\n<title>Connect &amp; Track | Balise GPS | Auto-installation | Garantie et SAV inclus - FR<\/title>\n<meta name=\"description\" content=\"Connect &amp; Track est un boitier de g\u00e9olocalisation de v\u00e9hicules simple et discret \u00e0 installer soi-m\u00eame. Une solution id\u00e9ale et efficace.\" \/>\n<meta name=\"robots\" content=\"index, follow, max-snippet:-1, max-image-preview:large, max-video-preview:-1\" \/>\n<link rel=\"canonical\" href=\"https:\/\/www.quartix.com\/fr-fr\/connect-track\/\" \/>\n<meta property=\"og:locale\" content=\"fr_FR\" \/>\n<meta property=\"og:type\" content=\"article\" \/>\n<meta property=\"og:title\" content=\"Connect &amp; Track\" \/>\n<meta property=\"og:description\" content=\"Connect &amp; Track est un boitier de g\u00e9olocalisation de v\u00e9hicules simple et discret \u00e0 installer soi-m\u00eame. Une solution id\u00e9ale et efficace.\" \/>\n<meta property=\"og:url\" content=\"https:\/\/www.quartix.com\/fr-fr\/connect-track\/\" \/>\n<meta property=\"og:site_name\" content=\"Quartix\" \/>\n<meta property=\"article:publisher\" content=\"https:\/\/www.facebook.com\/Quartix-USA-374426386097401\/\" \/>\n<meta property=\"article:modified_time\" content=\"2022-03-29T10:01:17+00:00\" \/>\n<meta name=\"twitter:card\" content=\"summary_large_image\" \/>\n<meta name=\"twitter:site\" content=\"@QuartixUSA\" \/>\n<meta name=\"twitter:label1\" content=\"Est. reading time\" \/>\n\t<meta name=\"twitter:data1\" content=\"2 minutes\" \/>\n<!-- \/ Yoast SEO Premium plugin. -->","yoast_head_json":{"title":"Connect & Track | Balise GPS | Auto-installation | Garantie et SAV inclus - FR","description":"Connect & Track est un boitier de g\u00e9olocalisation de v\u00e9hicules simple et discret \u00e0 installer soi-m\u00eame. Une solution id\u00e9ale et efficace.","robots":{"index":"index","follow":"follow","max-snippet":"max-snippet:-1","max-image-preview":"max-image-preview:large","max-video-preview":"max-video-preview:-1"},"canonical":"https:\/\/www.quartix.com\/fr-fr\/connect-track\/","og_locale":"fr_FR","og_type":"article","og_title":"Connect & Track","og_description":"Connect & Track est un boitier de g\u00e9olocalisation de v\u00e9hicules simple et discret \u00e0 installer soi-m\u00eame. Une solution id\u00e9ale et efficace.","og_url":"https:\/\/www.quartix.com\/fr-fr\/connect-track\/","og_site_name":"Quartix","article_publisher":"https:\/\/www.facebook.com\/Quartix-USA-374426386097401\/","article_modified_time":"2022-03-29T10:01:17+00:00","twitter_card":"summary_large_image","twitter_site":"@QuartixUSA","twitter_misc":{"Est. reading time":"2 minutes"},"schema":{"@context":"https:\/\/schema.org","@graph":[{"@type":"WebPage","@id":"https:\/\/www.quartix.com\/fr-fr\/connect-track\/","url":"https:\/\/www.quartix.com\/fr-fr\/connect-track\/","name":"Connect & Track | Balise GPS | Auto-installation | Garantie et SAV inclus","isPartOf":{"@id":"https:\/\/www.quartix.com\/fr-fr\/#website"},"datePublished":"2021-05-07T13:16:07+00:00","dateModified":"2022-03-29T10:01:17+00:00","description":"Connect & Track est un boitier de g\u00e9olocalisation de v\u00e9hicules simple et discret \u00e0 installer soi-m\u00eame. Une solution id\u00e9ale et efficace.","breadcrumb":{"@id":"https:\/\/www.quartix.com\/fr-fr\/connect-track\/#breadcrumb"},"inLanguage":"fr-FR","potentialAction":[{"@type":"ReadAction","target":["https:\/\/www.quartix.com\/fr-fr\/connect-track\/"]}]},{"@type":"BreadcrumbList","@id":"https:\/\/www.quartix.com\/fr-fr\/connect-track\/#breadcrumb","itemListElement":[{"@type":"ListItem","position":1,"name":"Accueil","item":"https:\/\/www.quartix.com\/fr-fr\/quartix-suivi-de-vehicules-en-temps-reel\/"},{"@type":"ListItem","position":2,"name":"Connect &#038; Track"}]},{"@type":"WebSite","@id":"https:\/\/www.quartix.com\/fr-fr\/#website","url":"https:\/\/www.quartix.com\/fr-fr\/","name":"Quartix","description":"Real-time vehicle tracking","publisher":{"@id":"https:\/\/www.quartix.com\/fr-fr\/#organization"},"potentialAction":[{"@type":"SearchAction","target":{"@type":"EntryPoint","urlTemplate":"https:\/\/www.quartix.com\/fr-fr\/?s={search_term_string}"},"query-input":{"@type":"PropertyValueSpecification","valueRequired":true,"valueName":"search_term_string"}}],"inLanguage":"fr-FR"},{"@type":"Organization","@id":"https:\/\/www.quartix.com\/fr-fr\/#organization","name":"Quartix","url":"https:\/\/www.quartix.com\/fr-fr\/","logo":{"@type":"ImageObject","inLanguage":"fr-FR","@id":"https:\/\/www.quartix.com\/fr-fr\/#\/schema\/logo\/image\/","url":"https:\/\/www.quartix.com\/content\/uploads\/2019\/02\/quartix-logo-eur.svg","contentUrl":"https:\/\/www.quartix.com\/content\/uploads\/2019\/02\/quartix-logo-eur.svg","width":1,"height":1,"caption":"Quartix"},"image":{"@id":"https:\/\/www.quartix.com\/fr-fr\/#\/schema\/logo\/image\/"},"sameAs":["https:\/\/www.facebook.com\/Quartix-USA-374426386097401\/","https:\/\/x.com\/QuartixUSA","https:\/\/www.linkedin.com\/company\/5346733\/","https:\/\/www.youtube.com\/channel\/UCzS-_GMfHF4kWiCheyIRrAQ"]}]}},"_links":{"self":[{"href":"https:\/\/www.quartix.com\/fr-fr\/wp-json\/wp\/v2\/pages\/54843","targetHints":{"allow":["GET"]}}],"collection":[{"href":"https:\/\/www.quartix.com\/fr-fr\/wp-json\/wp\/v2\/pages"}],"about":[{"href":"https:\/\/www.quartix.com\/fr-fr\/wp-json\/wp\/v2\/types\/page"}],"author":[{"embeddable":true,"href":"https:\/\/www.quartix.com\/fr-fr\/wp-json\/wp\/v2\/users\/12"}],"replies":[{"embeddable":true,"href":"https:\/\/www.quartix.com\/fr-fr\/wp-json\/wp\/v2\/comments?post=54843"}],"version-history":[{"count":0,"href":"https:\/\/www.quartix.com\/fr-fr\/wp-json\/wp\/v2\/pages\/54843\/revisions"}],"wp:attachment":[{"href":"https:\/\/www.quartix.com\/fr-fr\/wp-json\/wp\/v2\/media?parent=54843"}],"wp:term":[{"taxonomy":"topic","embeddable":true,"href":"https:\/\/www.quartix.com\/fr-fr\/wp-json\/wp\/v2\/topic?post=54843"},{"taxonomy":"qtx_campaign","embeddable":true,"href":"https:\/\/www.quartix.com\/fr-fr\/wp-json\/wp\/v2\/qtx_campaign?post=54843"}],"curies":[{"name":"wp","href":"https:\/\/api.w.org\/{rel}","templated":true}]}}