{"id":54863,"date":"2021-05-07T15:09:29","date_gmt":"2021-05-07T14:09:29","guid":{"rendered":" https:\/\/www.quartix.com\/?page_id=54863"},"modified":"2022-03-29T10:56:17","modified_gmt":"2022-03-29T09:56:17","slug":"fonctionnement","status":"publish","type":"page","link":"https:\/\/www.quartix.com\/fr-fr\/ressources\/fonctionnement\/","title":{"rendered":"Fonctionnement"},"content":{"rendered":"<section  class=\"qtx-pagebuilder-section qtx-pagebuilder-section-card per-row-4\">\r\n\r\n\r\n<div class=\"cardcontainer\">\r\n            \r\n    <div class=\"cardimage\" >\r\n        <img loading=\"lazy\" decoding=\"async\" width=\"300\" height=\"149\" src=\"https:\/\/www.quartix.com\/content\/uploads\/2021\/06\/FR-Hardwired-icon-balise-filaire-300x149.png\" class=\"\" alt=\"Balise filaire, geofencing, mode vie priv\u00e9e, t\u00e9l\u00e9matique... D\u00e9couvrez le vocabulaire de la g\u00e9olocalisation de v\u00e9hicules avec Quartix.\" srcset=\"https:\/\/www.quartix.com\/content\/uploads\/2021\/06\/FR-Hardwired-icon-balise-filaire-300x149.png 300w, https:\/\/www.quartix.com\/content\/uploads\/2021\/06\/FR-Hardwired-icon-balise-filaire-1000x497.png 1000w, https:\/\/www.quartix.com\/content\/uploads\/2021\/06\/FR-Hardwired-icon-balise-filaire-768x382.png 768w, https:\/\/www.quartix.com\/content\/uploads\/2021\/06\/FR-Hardwired-icon-balise-filaire.png 1184w\" sizes=\"auto, (max-width: 300px) 100vw, 300px\" \/>  \r\n    <\/div>\r\n        <div class=\"seperator\"><\/div>\r\n    <div class=\"cardcontent\">\r\n        <h3>INSTALLER<\/h3>        <p style=\"text-align: center;\">Chaque v\u00e9hicule est \u00e9quip\u00e9 de notre syst\u00e8me de g\u00e9olocalisation de v\u00e9hicules simple \u00e0 installer. Gr\u00e2ce au suivi GPS \u00e0 la seconde pr\u00e8s et \u00e0 la puissance du syst\u00e8me Quartix, les d\u00e9placements de chaque v\u00e9hicule sont enregistr\u00e9s.<\/p>\n        \r\n    <\/div>\r\n<\/div>\r\n\r\n\r\n        \r\n\r\n<div class=\"cardcontainer\">\r\n            \r\n    <div class=\"cardimage\" >\r\n        <img loading=\"lazy\" decoding=\"async\" width=\"1\" height=\"1\" src=\"https:\/\/www.quartix.com\/content\/uploads\/2019\/07\/track.svg\" class=\"\" alt=\"\" \/>  \r\n    <\/div>\r\n        <div class=\"seperator\"><\/div>\r\n    <div class=\"cardcontent\">\r\n        <h3>SUIVRE<\/h3>        <p style=\"text-align: center;\">Les v\u00e9hicules de votre flotte sont suivis par GPS, et un carnet de route regroupe les donn\u00e9es de leurs d\u00e9placements, de leurs vitesses et de leurs arr\u00eats pour une analyse pr\u00e9cise.<\/p>\n        \r\n    <\/div>\r\n<\/div>\r\n\r\n\r\n        \r\n\r\n<div class=\"cardcontainer\">\r\n            \r\n    <div class=\"cardimage\" >\r\n        <img loading=\"lazy\" decoding=\"async\" width=\"1\" height=\"1\" src=\"https:\/\/www.quartix.com\/content\/uploads\/2019\/08\/discover.svg\" class=\"\" alt=\"\" \/>  \r\n    <\/div>\r\n        <div class=\"seperator\"><\/div>\r\n    <div class=\"cardcontent\">\r\n        <h3>D\u00c9COUVRIR<\/h3>        <p style=\"text-align: center;\">Quartix se charge du plus difficile en analysant les donn\u00e9es recueillies et en g\u00e9n\u00e9rant des rapports simples d\u2019utilisation. D\u00e9couvrez vos meilleurs conducteurs, analysez leurs kilom\u00e9trages, vos d\u00e9penses en carburant, et all\u00e9gez vos t\u00e2ches administratives.<\/p>\n        \r\n    <\/div>\r\n<\/div>\r\n\r\n\r\n        \r\n\r\n<div class=\"cardcontainer\">\r\n            \r\n    <div class=\"cardimage\" >\r\n        <img loading=\"lazy\" decoding=\"async\" width=\"300\" height=\"300\" src=\"https:\/\/www.quartix.com\/content\/uploads\/2021\/06\/save-euro.svg\" class=\"\" alt=\"\" \/>  \r\n    <\/div>\r\n        <div class=\"seperator\"><\/div>\r\n    <div class=\"cardcontent\">\r\n        <h3>\u00c9CONOMISER<\/h3>        <p style=\"text-align: center;\">V\u00e9ritable outil d\u2019analyse, Quartix vous aide \u00e0 optimiser vos trajets, \u00e0 am\u00e9liorer le style de conduite de votre \u00e9quipe, \u00e0 r\u00e9duire vos co\u00fbts et \u00e0 \u00e9viter les t\u00e2ches fastidieuses.<\/p>\n        \r\n    <\/div>\r\n<\/div>\r\n\r\n\r\n        <\/section>\r\n    \n\n    <div class=\"button-container centre\">\r\n<a href=\"\/fr-fr\/balises-gps-de-geolocalisation\/\" class=\"btn pagebuilder-btn btn-green btn-\" title=\"D\u00e9couvrir les options d'installation\" >D\u00e9couvrir les options d&#8217;installation<\/a>\r\n<\/div>\r\n\n\n\n<div class=\"wp-block-columns is-layout-flex wp-container-core-columns-is-layout-28f84493 wp-block-columns-is-layout-flex\">\n<div class=\"wp-block-column is-layout-flow wp-block-column-is-layout-flow\">\n<h2 class=\"wp-block-heading\">Un syst\u00e8me t\u00e9l\u00e9matique qui repose sur la tol\u00e9rance aux pannes et la redondance active<\/h2>\n\n\n\n<p>Le syst\u00e8me de g\u00e9olocalisation de v\u00e9hicules Quartix a \u00e9t\u00e9 d\u00e9velopp\u00e9 par nos \u00e9quipes d\u2019ing\u00e9nieurs bas\u00e9es au Royaume-Uni, du terminal et firmware t\u00e9l\u00e9matique aux syst\u00e8mes de base de donn\u00e9es et aux applications utilisateurs.<\/p>\n\n\n\n<p>L\u2019architecture du syst\u00e8me, qui repose sur la tol\u00e9rance aux pannes et la redondance active, vous assure ainsi de b\u00e9n\u00e9ficier d\u2019un syst\u00e8me de g\u00e9olocalisation de v\u00e9hicules fiable et robuste.<\/p>\n\n\n\n<p>Les principales fonctionnalit\u00e9s de la conception du syst\u00e8me comprennent :<\/p>\n\n\n\n<ul class=\"wp-block-list\"><li>La g\u00e9olocalisation GPS de v\u00e9hicules via l\u2019utilisation de puces GPS derni\u00e8re g\u00e9n\u00e9ration<\/li><li>Les communications mobiles en temps r\u00e9el et l\u2019int\u00e9gration de la tol\u00e9rance aux pannes et des sauvegardes<\/li><li>Des serveurs de g\u00e9olocalisation de v\u00e9hicules \u00e0 double redondance et des syst\u00e8mes de base de donn\u00e9es situ\u00e9s dans des emplacements distincts<\/li><\/ul>\n<\/div>\n\n\n\n<div class=\"wp-block-column is-layout-flow wp-block-column-is-layout-flow\">\n<figure class=\"wp-block-image\"><img decoding=\"async\" src=\" https:\/\/www.quartix.com\/content\/uploads\/2019\/07\/How-does-telematics-work-768x433.jpg\" alt=\"\"\/><\/figure>\n<\/div>\n<\/div>\n","protected":false},"excerpt":{"rendered":"<p>Un syst\u00e8me t\u00e9l\u00e9matique qui repose sur la tol\u00e9rance aux pannes et la redondance active Le syst\u00e8me de g\u00e9olocalisation de v\u00e9hicules Quartix a \u00e9t\u00e9 d\u00e9velopp\u00e9 par nos \u00e9quipes d\u2019ing\u00e9nieurs bas\u00e9es au Royaume-Uni, du terminal et firmware t\u00e9l\u00e9matique aux syst\u00e8mes de base de donn\u00e9es et aux applications utilisateurs. L\u2019architecture du syst\u00e8me, qui repose sur la tol\u00e9rance aux [&hellip;]<\/p>\n","protected":false},"author":12,"featured_media":0,"parent":51543,"menu_order":70,"comment_status":"closed","ping_status":"closed","template":"","meta":{"_acf_changed":false,"inline_featured_image":false,"footnotes":""},"topic":[],"qtx_campaign":[],"class_list":["post-54863","page","type-page","status-publish","hentry"],"acf":[],"yoast_head":"<!-- This site is optimized with the Yoast SEO Premium plugin v27.2 (Yoast SEO v27.2) - https:\/\/yoast.com\/product\/yoast-seo-premium-wordpress\/ -->\n<title>Fonctionnement du syst\u00e8me Quartix - FR<\/title>\n<meta name=\"description\" content=\"Le syst\u00e8me de g\u00e9olocalisation de v\u00e9hicules Quartix est fiable et robuste. D\u00e9couvrez comment il fonctionne, de l&#039;installation \u00e0 l&#039;analyse de vos donn\u00e9es.\" \/>\n<meta name=\"robots\" content=\"index, follow, max-snippet:-1, max-image-preview:large, max-video-preview:-1\" \/>\n<link rel=\"canonical\" href=\"https:\/\/www.quartix.com\/fr-fr\/ressources\/fonctionnement\/\" \/>\n<meta property=\"og:locale\" content=\"fr_FR\" \/>\n<meta property=\"og:type\" content=\"article\" \/>\n<meta property=\"og:title\" content=\"Fonctionnement\" \/>\n<meta property=\"og:description\" content=\"Le syst\u00e8me de g\u00e9olocalisation de v\u00e9hicules Quartix est fiable et robuste. D\u00e9couvrez comment il fonctionne, de l&#039;installation \u00e0 l&#039;analyse de vos donn\u00e9es.\" \/>\n<meta property=\"og:url\" content=\"https:\/\/www.quartix.com\/fr-fr\/ressources\/fonctionnement\/\" \/>\n<meta property=\"og:site_name\" content=\"Quartix\" \/>\n<meta property=\"article:publisher\" content=\"https:\/\/www.facebook.com\/Quartix-USA-374426386097401\/\" \/>\n<meta property=\"article:modified_time\" content=\"2022-03-29T09:56:17+00:00\" \/>\n<meta name=\"twitter:card\" content=\"summary_large_image\" \/>\n<meta name=\"twitter:site\" content=\"@QuartixUSA\" \/>\n<meta name=\"twitter:label1\" content=\"Est. reading time\" \/>\n\t<meta name=\"twitter:data1\" content=\"1 minute\" \/>\n<!-- \/ Yoast SEO Premium plugin. -->","yoast_head_json":{"title":"Fonctionnement du syst\u00e8me Quartix - FR","description":"Le syst\u00e8me de g\u00e9olocalisation de v\u00e9hicules Quartix est fiable et robuste. D\u00e9couvrez comment il fonctionne, de l'installation \u00e0 l'analyse de vos donn\u00e9es.","robots":{"index":"index","follow":"follow","max-snippet":"max-snippet:-1","max-image-preview":"max-image-preview:large","max-video-preview":"max-video-preview:-1"},"canonical":"https:\/\/www.quartix.com\/fr-fr\/ressources\/fonctionnement\/","og_locale":"fr_FR","og_type":"article","og_title":"Fonctionnement","og_description":"Le syst\u00e8me de g\u00e9olocalisation de v\u00e9hicules Quartix est fiable et robuste. D\u00e9couvrez comment il fonctionne, de l'installation \u00e0 l'analyse de vos donn\u00e9es.","og_url":"https:\/\/www.quartix.com\/fr-fr\/ressources\/fonctionnement\/","og_site_name":"Quartix","article_publisher":"https:\/\/www.facebook.com\/Quartix-USA-374426386097401\/","article_modified_time":"2022-03-29T09:56:17+00:00","twitter_card":"summary_large_image","twitter_site":"@QuartixUSA","twitter_misc":{"Est. reading time":"1 minute"},"schema":{"@context":"https:\/\/schema.org","@graph":[{"@type":"WebPage","@id":"https:\/\/www.quartix.com\/fr-fr\/ressources\/fonctionnement\/","url":"https:\/\/www.quartix.com\/fr-fr\/ressources\/fonctionnement\/","name":"Fonctionnement du syst\u00e8me Quartix","isPartOf":{"@id":"https:\/\/www.quartix.com\/fr-fr\/#website"},"datePublished":"2021-05-07T14:09:29+00:00","dateModified":"2022-03-29T09:56:17+00:00","description":"Le syst\u00e8me de g\u00e9olocalisation de v\u00e9hicules Quartix est fiable et robuste. D\u00e9couvrez comment il fonctionne, de l'installation \u00e0 l'analyse de vos donn\u00e9es.","breadcrumb":{"@id":"https:\/\/www.quartix.com\/fr-fr\/ressources\/fonctionnement\/#breadcrumb"},"inLanguage":"fr-FR","potentialAction":[{"@type":"ReadAction","target":["https:\/\/www.quartix.com\/fr-fr\/ressources\/fonctionnement\/"]}]},{"@type":"BreadcrumbList","@id":"https:\/\/www.quartix.com\/fr-fr\/ressources\/fonctionnement\/#breadcrumb","itemListElement":[{"@type":"ListItem","position":1,"name":"Accueil","item":"https:\/\/www.quartix.com\/fr-fr\/quartix-suivi-de-vehicules-en-temps-reel\/"},{"@type":"ListItem","position":2,"name":"Ressources","item":"https:\/\/www.quartix.com\/fr-fr\/ressources\/"},{"@type":"ListItem","position":3,"name":"Fonctionnement"}]},{"@type":"WebSite","@id":"https:\/\/www.quartix.com\/fr-fr\/#website","url":"https:\/\/www.quartix.com\/fr-fr\/","name":"Quartix","description":"Real-time vehicle tracking","publisher":{"@id":"https:\/\/www.quartix.com\/fr-fr\/#organization"},"potentialAction":[{"@type":"SearchAction","target":{"@type":"EntryPoint","urlTemplate":"https:\/\/www.quartix.com\/fr-fr\/?s={search_term_string}"},"query-input":{"@type":"PropertyValueSpecification","valueRequired":true,"valueName":"search_term_string"}}],"inLanguage":"fr-FR"},{"@type":"Organization","@id":"https:\/\/www.quartix.com\/fr-fr\/#organization","name":"Quartix","url":"https:\/\/www.quartix.com\/fr-fr\/","logo":{"@type":"ImageObject","inLanguage":"fr-FR","@id":"https:\/\/www.quartix.com\/fr-fr\/#\/schema\/logo\/image\/","url":"https:\/\/www.quartix.com\/content\/uploads\/2019\/02\/quartix-logo-eur.svg","contentUrl":"https:\/\/www.quartix.com\/content\/uploads\/2019\/02\/quartix-logo-eur.svg","width":1,"height":1,"caption":"Quartix"},"image":{"@id":"https:\/\/www.quartix.com\/fr-fr\/#\/schema\/logo\/image\/"},"sameAs":["https:\/\/www.facebook.com\/Quartix-USA-374426386097401\/","https:\/\/x.com\/QuartixUSA","https:\/\/www.linkedin.com\/company\/5346733\/","https:\/\/www.youtube.com\/channel\/UCzS-_GMfHF4kWiCheyIRrAQ"]}]}},"_links":{"self":[{"href":"https:\/\/www.quartix.com\/fr-fr\/wp-json\/wp\/v2\/pages\/54863","targetHints":{"allow":["GET"]}}],"collection":[{"href":"https:\/\/www.quartix.com\/fr-fr\/wp-json\/wp\/v2\/pages"}],"about":[{"href":"https:\/\/www.quartix.com\/fr-fr\/wp-json\/wp\/v2\/types\/page"}],"author":[{"embeddable":true,"href":"https:\/\/www.quartix.com\/fr-fr\/wp-json\/wp\/v2\/users\/12"}],"replies":[{"embeddable":true,"href":"https:\/\/www.quartix.com\/fr-fr\/wp-json\/wp\/v2\/comments?post=54863"}],"version-history":[{"count":0,"href":"https:\/\/www.quartix.com\/fr-fr\/wp-json\/wp\/v2\/pages\/54863\/revisions"}],"up":[{"embeddable":true,"href":"https:\/\/www.quartix.com\/fr-fr\/wp-json\/wp\/v2\/pages\/51543"}],"wp:attachment":[{"href":"https:\/\/www.quartix.com\/fr-fr\/wp-json\/wp\/v2\/media?parent=54863"}],"wp:term":[{"taxonomy":"topic","embeddable":true,"href":"https:\/\/www.quartix.com\/fr-fr\/wp-json\/wp\/v2\/topic?post=54863"},{"taxonomy":"qtx_campaign","embeddable":true,"href":"https:\/\/www.quartix.com\/fr-fr\/wp-json\/wp\/v2\/qtx_campaign?post=54863"}],"curies":[{"name":"wp","href":"https:\/\/api.w.org\/{rel}","templated":true}]}}