{"id":54924,"date":"2021-05-07T16:44:38","date_gmt":"2021-05-07T15:44:38","guid":{"rendered":"https:\/\/www.quartix.com\/?page_id=54924"},"modified":"2024-06-25T15:03:42","modified_gmt":"2024-06-25T14:03:42","slug":"guide-dachat","status":"publish","type":"page","link":"https:\/\/www.quartix.com\/fr-fr\/guide-dachat\/","title":{"rendered":"Guide d\u2019achat : Choisir son syst\u00e8me de g\u00e9olocalisation de v\u00e9hicules"},"content":{"rendered":"\r\n<div   class=\"hero-block bighero\">\r\n    <img loading=\"lazy\" decoding=\"async\" width=\"1080\" height=\"400\" src=\"https:\/\/www.quartix.com\/content\/uploads\/2024\/06\/French-road-1.png\" class=\"\" alt=\"\" srcset=\"https:\/\/www.quartix.com\/content\/uploads\/2024\/06\/French-road-1.png 1080w, https:\/\/www.quartix.com\/content\/uploads\/2024\/06\/French-road-1-300x111.png 300w, https:\/\/www.quartix.com\/content\/uploads\/2024\/06\/French-road-1-1000x370.png 1000w, https:\/\/www.quartix.com\/content\/uploads\/2024\/06\/French-road-1-768x284.png 768w\" sizes=\"auto, (max-width: 1080px) 100vw, 1080px\" \/>                <div class=\"hero-overlay\"><\/div>\r\n            \r\n\r\n\r\n    <div class=\"hero-content \">\r\n        <div class=\"inner limited-width\">\r\n                                                <p class=\"title stylelikeh1\">Guide de l&#8217;acheteur pour le suivi des v\u00e9hicules<\/p>\r\n                                <p class=\"text\">D\u00e9terminez les questions que vous devez poser pour vous assurer d&#8217;obtenir le meilleur syst\u00e8me t\u00e9l\u00e9matique pour votre entreprise<\/p>                                        <div class=\"buttons\">\r\n                    <a href=\"https:\/\/go.marketing.quartix.com\/Guide_Achat_de_suivi_de_vehicules\" class=\"btn btn-green btn-inline\" target=\"_blank\" title=\"T\u00c9L\u00c9CHARGER LE GUIDE\">T\u00c9L\u00c9CHARGER LE GUIDE<\/a>\r\n                <\/div>\r\n                    <\/div>\r\n    <\/div>\r\n<\/div>\n\n\r\n<div   class=\"hero-block smallhero landing-cta\">\r\n            <div class=\"hero-overlay greybg\"><\/div>\r\n        <div class=\"hero-content greybg noimage\">\r\n        <div class=\"inner\">\r\n            <h2 class=\"title\">D\u00e9couvrez ce qui fait un bon syst\u00e8me de g\u00e9olocalisation des v\u00e9hicules et comment vous pouvez obtenir le meilleur rendement de votre investissement<\/h2>            <div class=\"author\"><p>Dans ce guide, vous apprendrez :<\/p>\n<\/div>            <div class='landingctalist centrelist'><ul class='ticks fa-ul' style=''><li><span class='fa-li'><i class='fas fa-check-circle'><\/i><\/span>Quels rapports de suivi des v\u00e9hicules peuvent contribuer \u00e0 am\u00e9liorer la productivit\u00e9<\/li><li><span class='fa-li'><i class='fas fa-check-circle'><\/i><\/span>Quelles informations t\u00e9l\u00e9matiques peuvent \u00eatre utilis\u00e9es pour r\u00e9duire les co\u00fbts globaux ?<\/li><li><span class='fa-li'><i class='fas fa-check-circle'><\/i><\/span>Comment votre syst\u00e8me de suivi des v\u00e9hicules peut vous aider \u00e0 prot\u00e9ger vos conducteurs<\/li><\/ul><\/div>            \r\n                            <div class=\"buttons\">\r\n                    <a href=\"https:\/\/go.marketing.quartix.com\/Guide_Achat_de_suivi_de_vehicules\" class=\"btn btn-green\" target=\"_blank\" title=\"T\u00c9L\u00c9CHARGER LE GUIDE\">T\u00c9L\u00c9CHARGER LE GUIDE<\/a>\r\n                <\/div>\r\n                    <\/div>\r\n    <\/div>\r\n<\/div>\n\n\r\n\r\n        <div  class=\"landingpageouter\" style=\"background-color:#ffffff ;\">\r\n        <div class=\"landingpagecolsblock twocols4060 \">\r\n            <div class=\"col1\">\r\n                <p class=\"pre-title\">AM\u00c9LIORER LES OP\u00c9RATIONS<\/p>                                <div class='wysiwyg'><p>D\u00e9couvrez comment un syst\u00e8me de suivi des v\u00e9hicules avec des feuilles de temps, des rapports personnalis\u00e9s, des alertes automatis\u00e9es et la commodit\u00e9 d&#8217;une application mobile vous aidera \u00e0 lib\u00e9rer votre temps, afin que vous puissiez vous concentrer sur le c\u0153ur de votre activit\u00e9.<\/p>\n<\/div>            <\/div>\r\n            <div class=\"col2\">\r\n                <div class=\"responsivemedia\"><img loading=\"lazy\" decoding=\"async\" width=\"500\" height=\"339\" src=\"https:\/\/www.quartix.com\/content\/uploads\/2024\/03\/man-working-on-vehicle-tracking-laws-1.png\" class=\"\" alt=\"Van tracking for businesses system reports\" \/><\/div>            <\/div>\r\n                        <\/div>\r\n    <\/div>\r\n\r\n\r\n\n\n\r\n\r\n        <div  class=\"landingpageouter\" style=\"background-color:#efefef ;\">\r\n        <div class=\"landingpagecolsblock twocols4060 swap-content\">\r\n            <div class=\"col1\">\r\n                <p class=\"pre-title\">R\u00c9DUIRE LES CO\u00dbTS DE CARBURANT<\/p>                                <div class='wysiwyg'><p>Avec l&#8217;augmentation constante des prix du carburant, s&#8217;assurer que votre flotte est aussi efficace que possible peut faire une \u00e9norme diff\u00e9rence dans vos r\u00e9sultats. D\u00e9couvrez comment le suivi des v\u00e9hicules peut vous aider \u00e0 identifier les domaines dans lesquels des am\u00e9liorations peuvent \u00eatre apport\u00e9es, comme la marche au ralenti excessive.<\/p>\n<\/div>            <\/div>\r\n            <div class=\"col2\">\r\n                <div class=\"responsivemedia\"><img loading=\"lazy\" decoding=\"async\" width=\"600\" height=\"400\" src=\"https:\/\/www.quartix.com\/content\/uploads\/2024\/06\/french-fuel-pump.png\" class=\"\" alt=\"\" srcset=\"https:\/\/www.quartix.com\/content\/uploads\/2024\/06\/french-fuel-pump.png 600w, https:\/\/www.quartix.com\/content\/uploads\/2024\/06\/french-fuel-pump-300x200.png 300w\" sizes=\"auto, (max-width: 600px) 100vw, 600px\" \/><\/div>            <\/div>\r\n                        <\/div>\r\n    <\/div>\r\n\r\n\r\n\n\n\r\n\r\n        <div  class=\"landingpageouter\" style=\"background-color:#f8f8f8 ;\">\r\n        <div class=\"landingpagecolsblock twocols4060 \">\r\n            <div class=\"col1\">\r\n                <p class=\"pre-title\">SOUTENIR LES CONDUCTEURS<\/p>                                <div class='wysiwyg'><p>D\u00e9couvrez comment le suivi des v\u00e9hicules peut donner \u00e0 votre entreprise les outils n\u00e9cessaires pour identifier les conducteurs qui peuvent \u00eatre encourag\u00e9s \u00e0 adopter de meilleures habitudes de conduite, cr\u00e9ant ainsi une flotte plus s\u00fbre.<\/p>\n<\/div>            <\/div>\r\n            <div class=\"col2\">\r\n                <div class=\"responsivemedia\"><img loading=\"lazy\" decoding=\"async\" width=\"640\" height=\"414\" src=\"https:\/\/www.quartix.com\/content\/uploads\/2024\/01\/US-man-driving-truck.png\" class=\"\" alt=\"\" \/><\/div>            <\/div>\r\n                        <\/div>\r\n    <\/div>\r\n\r\n\r\n\n\n\r\n<div   class=\"hero-block smallhero landing-cta\">\r\n    <img loading=\"lazy\" decoding=\"async\" width=\"1620\" height=\"1080\" src=\"https:\/\/www.quartix.com\/content\/uploads\/2024\/04\/busy-roadway.jpeg\" class=\"\" alt=\"Traffic on UK motorway\" \/>        <div class=\"hero-overlay\"><\/div>\r\n        <div class=\"hero-content \">\r\n        <div class=\"inner\">\r\n            <h2 class=\"title\">S&#8217;assurer de choisir le bon fournisseur de services de suivi de v\u00e9hicules<\/h2>            <div class=\"author\"><p>Dans ce guide, vous comprendrez comment \u00e9valuer le fournisseur dans lequel vous investissez lorsque vous installez un syst\u00e8me t\u00e9l\u00e9matique :<\/p>\n<\/div>            <div class='landingctalist centrelist'><ul class='ticks fa-ul' style=''><li><span class='fa-li'><i class='fas fa-check-circle'><\/i><\/span>Une d\u00e9monstration compl\u00e8te et interactive<\/li><li><span class='fa-li'><i class='fas fa-check-circle'><\/i><\/span>Un essai gratuit du syst\u00e8me<\/li><li><span class='fa-li'><i class='fas fa-check-circle'><\/i><\/span>Des t\u00e9moignages de clients d&#8217;entreprises similaires<\/li><li><span class='fa-li'><i class='fas fa-check-circle'><\/i><\/span>Leurs r\u00e9compenses et leurs r\u00e9alisations<\/li><\/ul><\/div>            \r\n                            <div class=\"buttons\">\r\n                    <a href=\"https:\/\/go.marketing.quartix.com\/Guide_Achat_de_suivi_de_vehicules\" class=\"btn btn-green\" target=\"_blank\" title=\"T\u00c9L\u00c9CHARGER LE GUIDE\">T\u00c9L\u00c9CHARGER LE GUIDE<\/a>\r\n                <\/div>\r\n                    <\/div>\r\n    <\/div>\r\n<\/div>\n\n\r\n<section class=\"qtx-pagebuilder-section qtx-pagebuilder-section-bannercontent  notopmargin \"\r\nstyle=\"background-color:#13AB5B; color: #FFFFFF;\">\r\n    <div class=\"bannercontentinner\">\r\n        <p style=\"text-align: center\">&#8220;Nous avons b\u00e9n\u00e9fici\u00e9 d&#8217;une excellente communication d\u00e8s le d\u00e9part et tout au long du processus de d\u00e9cision. Nous avons re\u00e7u toutes les informations dont nous avions besoin et rien n&#8217;a \u00e9t\u00e9 trop difficile lorsque nous avons demand\u00e9 des informations suppl\u00e9mentaires. Nous avons eu le sentiment que l&#8217;offre correspondait exactement \u00e0 ce que nous recherchions&#8221;.<\/p>\n<p style=\"text-align: center\">&#8211; Andrew Davies, Logistica Facilities Management<\/p>\n    <\/div>\r\n<\/section>\n\n\n<div class=\"wp-block-columns is-layout-flex wp-container-core-columns-is-layout-28f84493 wp-block-columns-is-layout-flex\">\n<div class=\"wp-block-column is-layout-flow wp-block-column-is-layout-flow\">\n<h2 class=\"wp-block-heading\">Votre guide de la confiance en mati\u00e8re de suivi des v\u00e9hicules<\/h2>\n\n\n\n<p>Sachez ce qui fait un bon syst\u00e8me t\u00e9l\u00e9matique et comment vous pouvez utiliser au mieux tout ce qu&#8217;il a \u00e0 offrir pour aider votre entreprise.<\/p>\n\n\n    <div class=\"button-container \">\r\n<a href=\"https:\/\/go.marketing.quartix.com\/Guide_Achat_de_suivi_de_vehicules\" class=\"btn pagebuilder-btn btn-green btn-\" title=\"T\u00c9L\u00c9CHARGER LE GUIDE\" target=\"_blank\">T\u00c9L\u00c9CHARGER LE GUIDE<\/a>\r\n<\/div>\r\n<\/div>\n\n\n\n<div class=\"wp-block-column is-layout-flow wp-block-column-is-layout-flow\">\n<figure class=\"wp-block-image size-full is-resized\"><img loading=\"lazy\" decoding=\"async\" width=\"545\" height=\"650\" src=\"https:\/\/www.quartix.com\/content\/uploads\/2024\/06\/fr-buyers-guide-1.png\" alt=\"\" class=\"wp-image-106624\" style=\"width:351px;height:auto\" srcset=\"https:\/\/www.quartix.com\/content\/uploads\/2024\/06\/fr-buyers-guide-1.png 545w, https:\/\/www.quartix.com\/content\/uploads\/2024\/06\/fr-buyers-guide-1-252x300.png 252w\" sizes=\"auto, (max-width: 545px) 100vw, 545px\" \/><\/figure>\n<\/div>\n<\/div>\n","protected":false},"excerpt":{"rendered":"<p>Votre guide de la confiance en mati\u00e8re de suivi des v\u00e9hicules Sachez ce qui fait un bon syst\u00e8me t\u00e9l\u00e9matique et comment vous pouvez utiliser au mieux tout ce qu&#8217;il a \u00e0 offrir pour aider votre entreprise.<\/p>\n","protected":false},"author":12,"featured_media":52566,"parent":0,"menu_order":3402,"comment_status":"closed","ping_status":"closed","template":"templates\/landing-pagebuilder.php","meta":{"_acf_changed":false,"inline_featured_image":false,"footnotes":""},"topic":[1872],"qtx_campaign":[],"class_list":["post-54924","page","type-page","status-publish","has-post-thumbnail","hentry","topic-efficacite-et-economies"],"acf":[],"yoast_head":"<!-- This site is optimized with the Yoast SEO Premium plugin v27.2 (Yoast SEO v27.2) - https:\/\/yoast.com\/product\/yoast-seo-premium-wordpress\/ -->\n<title>Guide d\u2019achat | Choisir son syst\u00e8me de g\u00e9olocalisation de v\u00e9hicules - FR<\/title>\n<meta name=\"description\" content=\"Guide d\u2019achat Quartix : Adoptez la bonne solution pour am\u00e9liorer la productivit\u00e9, r\u00e9duire les co\u00fbts d\u2019exploitation et augmenter la s\u00e9curit\u00e9 de votre flotte.\" \/>\n<meta name=\"robots\" content=\"index, follow, max-snippet:-1, max-image-preview:large, max-video-preview:-1\" \/>\n<link rel=\"canonical\" href=\"https:\/\/www.quartix.com\/fr-fr\/guide-dachat\/\" \/>\n<meta property=\"og:locale\" content=\"fr_FR\" \/>\n<meta property=\"og:type\" content=\"article\" \/>\n<meta property=\"og:title\" content=\"Guide d\u2019achat : Choisir son syst\u00e8me de g\u00e9olocalisation de v\u00e9hicules\" \/>\n<meta property=\"og:description\" content=\"Guide d\u2019achat Quartix : Adoptez la bonne solution pour am\u00e9liorer la productivit\u00e9, r\u00e9duire les co\u00fbts d\u2019exploitation et augmenter la s\u00e9curit\u00e9 de votre flotte.\" \/>\n<meta property=\"og:url\" content=\"https:\/\/www.quartix.com\/fr-fr\/guide-dachat\/\" \/>\n<meta property=\"og:site_name\" content=\"Quartix\" \/>\n<meta property=\"article:publisher\" content=\"https:\/\/www.facebook.com\/Quartix-USA-374426386097401\/\" \/>\n<meta property=\"article:modified_time\" content=\"2024-06-25T14:03:42+00:00\" \/>\n<meta property=\"og:image\" content=\"https:\/\/www.quartix.com\/content\/uploads\/2019\/01\/2019-Buyers-Guide-image.jpg\" \/>\n\t<meta property=\"og:image:width\" content=\"775\" \/>\n\t<meta property=\"og:image:height\" content=\"720\" \/>\n\t<meta property=\"og:image:type\" content=\"image\/jpeg\" \/>\n<meta name=\"twitter:card\" content=\"summary_large_image\" \/>\n<meta name=\"twitter:site\" content=\"@QuartixUSA\" \/>\n<meta name=\"twitter:label1\" content=\"Est. reading time\" \/>\n\t<meta name=\"twitter:data1\" content=\"4 minutes\" \/>\n<!-- \/ Yoast SEO Premium plugin. -->","yoast_head_json":{"title":"Guide d\u2019achat | Choisir son syst\u00e8me de g\u00e9olocalisation de v\u00e9hicules - FR","description":"Guide d\u2019achat Quartix : Adoptez la bonne solution pour am\u00e9liorer la productivit\u00e9, r\u00e9duire les co\u00fbts d\u2019exploitation et augmenter la s\u00e9curit\u00e9 de votre flotte.","robots":{"index":"index","follow":"follow","max-snippet":"max-snippet:-1","max-image-preview":"max-image-preview:large","max-video-preview":"max-video-preview:-1"},"canonical":"https:\/\/www.quartix.com\/fr-fr\/guide-dachat\/","og_locale":"fr_FR","og_type":"article","og_title":"Guide d\u2019achat : Choisir son syst\u00e8me de g\u00e9olocalisation de v\u00e9hicules","og_description":"Guide d\u2019achat Quartix : Adoptez la bonne solution pour am\u00e9liorer la productivit\u00e9, r\u00e9duire les co\u00fbts d\u2019exploitation et augmenter la s\u00e9curit\u00e9 de votre flotte.","og_url":"https:\/\/www.quartix.com\/fr-fr\/guide-dachat\/","og_site_name":"Quartix","article_publisher":"https:\/\/www.facebook.com\/Quartix-USA-374426386097401\/","article_modified_time":"2024-06-25T14:03:42+00:00","og_image":[{"width":775,"height":720,"url":"https:\/\/www.quartix.com\/content\/uploads\/2019\/01\/2019-Buyers-Guide-image.jpg","type":"image\/jpeg"}],"twitter_card":"summary_large_image","twitter_site":"@QuartixUSA","twitter_misc":{"Est. reading time":"4 minutes"},"schema":{"@context":"https:\/\/schema.org","@graph":[{"@type":"WebPage","@id":"https:\/\/www.quartix.com\/fr-fr\/guide-dachat\/","url":"https:\/\/www.quartix.com\/fr-fr\/guide-dachat\/","name":"Guide d\u2019achat | Choisir son syst\u00e8me de g\u00e9olocalisation de v\u00e9hicules","isPartOf":{"@id":"https:\/\/www.quartix.com\/fr-fr\/#website"},"primaryImageOfPage":{"@id":"https:\/\/www.quartix.com\/fr-fr\/guide-dachat\/#primaryimage"},"image":{"@id":"https:\/\/www.quartix.com\/fr-fr\/guide-dachat\/#primaryimage"},"thumbnailUrl":"https:\/\/www.quartix.com\/content\/uploads\/2019\/01\/2019-Buyers-Guide-image.jpg","datePublished":"2021-05-07T15:44:38+00:00","dateModified":"2024-06-25T14:03:42+00:00","description":"Guide d\u2019achat Quartix : Adoptez la bonne solution pour am\u00e9liorer la productivit\u00e9, r\u00e9duire les co\u00fbts d\u2019exploitation et augmenter la s\u00e9curit\u00e9 de votre flotte.","breadcrumb":{"@id":"https:\/\/www.quartix.com\/fr-fr\/guide-dachat\/#breadcrumb"},"inLanguage":"fr-FR","potentialAction":[{"@type":"ReadAction","target":["https:\/\/www.quartix.com\/fr-fr\/guide-dachat\/"]}]},{"@type":"ImageObject","inLanguage":"fr-FR","@id":"https:\/\/www.quartix.com\/fr-fr\/guide-dachat\/#primaryimage","url":"https:\/\/www.quartix.com\/content\/uploads\/2019\/01\/2019-Buyers-Guide-image.jpg","contentUrl":"https:\/\/www.quartix.com\/content\/uploads\/2019\/01\/2019-Buyers-Guide-image.jpg","width":775,"height":720},{"@type":"BreadcrumbList","@id":"https:\/\/www.quartix.com\/fr-fr\/guide-dachat\/#breadcrumb","itemListElement":[{"@type":"ListItem","position":1,"name":"Accueil","item":"https:\/\/www.quartix.com\/fr-fr\/quartix-suivi-de-vehicules-en-temps-reel\/"},{"@type":"ListItem","position":2,"name":"Guide d\u2019achat : Choisir son syst\u00e8me de g\u00e9olocalisation de v\u00e9hicules"}]},{"@type":"WebSite","@id":"https:\/\/www.quartix.com\/fr-fr\/#website","url":"https:\/\/www.quartix.com\/fr-fr\/","name":"Quartix","description":"Real-time vehicle tracking","publisher":{"@id":"https:\/\/www.quartix.com\/fr-fr\/#organization"},"potentialAction":[{"@type":"SearchAction","target":{"@type":"EntryPoint","urlTemplate":"https:\/\/www.quartix.com\/fr-fr\/?s={search_term_string}"},"query-input":{"@type":"PropertyValueSpecification","valueRequired":true,"valueName":"search_term_string"}}],"inLanguage":"fr-FR"},{"@type":"Organization","@id":"https:\/\/www.quartix.com\/fr-fr\/#organization","name":"Quartix","url":"https:\/\/www.quartix.com\/fr-fr\/","logo":{"@type":"ImageObject","inLanguage":"fr-FR","@id":"https:\/\/www.quartix.com\/fr-fr\/#\/schema\/logo\/image\/","url":"https:\/\/www.quartix.com\/content\/uploads\/2019\/02\/quartix-logo-eur.svg","contentUrl":"https:\/\/www.quartix.com\/content\/uploads\/2019\/02\/quartix-logo-eur.svg","width":1,"height":1,"caption":"Quartix"},"image":{"@id":"https:\/\/www.quartix.com\/fr-fr\/#\/schema\/logo\/image\/"},"sameAs":["https:\/\/www.facebook.com\/Quartix-USA-374426386097401\/","https:\/\/x.com\/QuartixUSA","https:\/\/www.linkedin.com\/company\/5346733\/","https:\/\/www.youtube.com\/channel\/UCzS-_GMfHF4kWiCheyIRrAQ"]}]}},"_links":{"self":[{"href":"https:\/\/www.quartix.com\/fr-fr\/wp-json\/wp\/v2\/pages\/54924","targetHints":{"allow":["GET"]}}],"collection":[{"href":"https:\/\/www.quartix.com\/fr-fr\/wp-json\/wp\/v2\/pages"}],"about":[{"href":"https:\/\/www.quartix.com\/fr-fr\/wp-json\/wp\/v2\/types\/page"}],"author":[{"embeddable":true,"href":"https:\/\/www.quartix.com\/fr-fr\/wp-json\/wp\/v2\/users\/12"}],"replies":[{"embeddable":true,"href":"https:\/\/www.quartix.com\/fr-fr\/wp-json\/wp\/v2\/comments?post=54924"}],"version-history":[{"count":0,"href":"https:\/\/www.quartix.com\/fr-fr\/wp-json\/wp\/v2\/pages\/54924\/revisions"}],"wp:featuredmedia":[{"embeddable":true,"href":"https:\/\/www.quartix.com\/fr-fr\/wp-json\/wp\/v2\/media\/52566"}],"wp:attachment":[{"href":"https:\/\/www.quartix.com\/fr-fr\/wp-json\/wp\/v2\/media?parent=54924"}],"wp:term":[{"taxonomy":"topic","embeddable":true,"href":"https:\/\/www.quartix.com\/fr-fr\/wp-json\/wp\/v2\/topic?post=54924"},{"taxonomy":"qtx_campaign","embeddable":true,"href":"https:\/\/www.quartix.com\/fr-fr\/wp-json\/wp\/v2\/qtx_campaign?post=54924"}],"curies":[{"name":"wp","href":"https:\/\/api.w.org\/{rel}","templated":true}]}}