{"id":54939,"date":"2021-05-07T17:07:24","date_gmt":"2021-05-07T16:07:24","guid":{"rendered":"https:\/\/www.quartix.com\/?page_id=54939"},"modified":"2024-07-02T13:29:56","modified_gmt":"2024-07-02T12:29:56","slug":"guide-geolocalisation-pour-les-conducteurs","status":"publish","type":"page","link":"https:\/\/www.quartix.com\/fr-fr\/guide-geolocalisation-pour-les-conducteurs\/","title":{"rendered":"Guide g\u00e9olocalisation pour les conducteurs"},"content":{"rendered":"\r\n<div   class=\"hero-block bighero\">\r\n    <img loading=\"lazy\" decoding=\"async\" width=\"1752\" height=\"558\" src=\"https:\/\/www.quartix.com\/content\/uploads\/2023\/10\/Man-in-van-blue-hat-header-cropped.png\" class=\"\" alt=\"\" srcset=\"https:\/\/www.quartix.com\/content\/uploads\/2023\/10\/Man-in-van-blue-hat-header-cropped.png 1752w, https:\/\/www.quartix.com\/content\/uploads\/2023\/10\/Man-in-van-blue-hat-header-cropped-300x96.png 300w, https:\/\/www.quartix.com\/content\/uploads\/2023\/10\/Man-in-van-blue-hat-header-cropped-1000x318.png 1000w, https:\/\/www.quartix.com\/content\/uploads\/2023\/10\/Man-in-van-blue-hat-header-cropped-768x245.png 768w, https:\/\/www.quartix.com\/content\/uploads\/2023\/10\/Man-in-van-blue-hat-header-cropped-1536x489.png 1536w\" sizes=\"auto, (max-width: 1752px) 100vw, 1752px\" \/>                <div class=\"hero-overlay\"><\/div>\r\n            \r\n\r\n\r\n    <div class=\"hero-content \">\r\n        <div class=\"inner limited-width\">\r\n                                                <p class=\"title stylelikeh1\">D\u00e9couvrez les avantages du suivi des v\u00e9hicules pour les conducteurs <\/p>\r\n                                <p class=\"text\">D\u00e9couvrez comment la t\u00e9l\u00e9matique soutient et prot\u00e8ge les personnes qui conduisent vos v\u00e9hicules<\/p>                                        <div class=\"buttons\">\r\n                    <a href=\"https:\/\/go.marketing.quartix.com\/Guide_avantages_pour_les_conducteurs\" class=\"btn btn-green btn-inline\" target=\"_blank\" title=\"T\u00c9L\u00c9CHARGER LE GUIDE\">T\u00c9L\u00c9CHARGER LE GUIDE<\/a>\r\n                <\/div>\r\n                    <\/div>\r\n    <\/div>\r\n<\/div>\n\n\r\n<div   class=\"hero-block smallhero landing-cta\">\r\n            <div class=\"hero-overlay greybg\"><\/div>\r\n        <div class=\"hero-content greybg noimage\">\r\n        <div class=\"inner\">\r\n            <h2 class=\"title\">Encadrez et d\u00e9fendez vos employ\u00e9s gr\u00e2ce \u00e0 la richesse des donn\u00e9es fournies par le suivi des v\u00e9hicules<\/h2>            <div class=\"author\"><p>Dans ce guide, vous d\u00e9couvrirez comment le suivi des v\u00e9hicules peut vous aider \u00e0 :<\/p>\n<\/div>            <div class='landingctalist centrelist'><ul class='ticks fa-ul' style=''><li><span class='fa-li'><i class='fas fa-check-circle'><\/i><\/span>Am\u00e9liorer les comp\u00e9tences des conducteurs et cr\u00e9er une culture de la s\u00e9curit\u00e9<\/li><li><span class='fa-li'><i class='fas fa-check-circle'><\/i><\/span>R\u00e9soudre les divergences entre les factures et les feuilles de temps pour s&#8217;assurer que les conducteurs sont pay\u00e9s \u00e9quitablement<\/li><li><span class='fa-li'><i class='fas fa-check-circle'><\/i><\/span>Prot\u00e9ger les conducteurs contre les fausses d\u00e9clarations d&#8217;assurance ou d&#8217;accident gr\u00e2ce \u00e0 des donn\u00e9es de localisation pr\u00e9cises<\/li><\/ul><\/div>            \r\n                            <div class=\"buttons\">\r\n                    <a href=\"https:\/\/go.marketing.quartix.com\/Guide_avantages_pour_les_conducteurs\" class=\"btn btn-green\" target=\"_blank\" title=\"T\u00c9L\u00c9CHARGER LE GUIDE\">T\u00c9L\u00c9CHARGER LE GUIDE<\/a>\r\n                <\/div>\r\n                    <\/div>\r\n    <\/div>\r\n<\/div>\n\n\r\n\r\n        <div  class=\"landingpageouter\" style=\"background-color:#ffffff ;\">\r\n        <div class=\"landingpagecolsblock twocols4060 \">\r\n            <div class=\"col1\">\r\n                <p class=\"pre-title\">ENCOURAGER&#8230;<\/p>                <h2 class=\"\">Des habitudes de conduite plus s\u00fbres<\/h2>                <div class='wysiwyg'><p>D\u00e9couvrez comment les informations que vous obtiendrez gr\u00e2ce aux donn\u00e9es de suivi des v\u00e9hicules peuvent se traduire par des mesures claires que vous pouvez encourager vos conducteurs \u00e0 prendre, afin de se prot\u00e9ger et de prot\u00e9ger les autres conducteurs sur la route.<\/p>\n<\/div>            <\/div>\r\n            <div class=\"col2\">\r\n                <div class=\"responsivemedia\"><img loading=\"lazy\" decoding=\"async\" width=\"640\" height=\"427\" src=\"https:\/\/www.quartix.com\/content\/uploads\/2021\/08\/driver-performance-review-768x512.jpg\" class=\"\" alt=\"fleet manager and driver reviewing driving performance \" srcset=\"https:\/\/www.quartix.com\/content\/uploads\/2021\/08\/driver-performance-review-768x512.jpg 768w, https:\/\/www.quartix.com\/content\/uploads\/2021\/08\/driver-performance-review-300x200.jpg 300w, https:\/\/www.quartix.com\/content\/uploads\/2021\/08\/driver-performance-review-1000x667.jpg 1000w, https:\/\/www.quartix.com\/content\/uploads\/2021\/08\/driver-performance-review.jpg 1152w\" sizes=\"auto, (max-width: 640px) 100vw, 640px\" \/><\/div>            <\/div>\r\n                        <\/div>\r\n    <\/div>\r\n\r\n\r\n\n\n\r\n\r\n        <div  class=\"landingpageouter\" style=\"background-color:#efefef ;\">\r\n        <div class=\"landingpagecolsblock twocols4060 swap-content\">\r\n            <div class=\"col1\">\r\n                <p class=\"pre-title\">GARANTIR&#8230;<\/p>                <h2 class=\"\">Une indemnisation juste et \u00e9quitable <\/h2>                <div class='wysiwyg'><p>Gr\u00e2ce aux informations concr\u00e8tes fournies par la t\u00e9l\u00e9matique, d\u00e9couvrez comment \u00e9viter les incoh\u00e9rences dans les heures hors travail, les feuilles de temps ou les factures, afin que vos conducteurs sachent qu&#8217;ils sont pay\u00e9s correctement.<\/p>\n<\/div>            <\/div>\r\n            <div class=\"col2\">\r\n                <div class=\"responsivemedia\"><img loading=\"lazy\" decoding=\"async\" width=\"640\" height=\"428\" src=\"https:\/\/www.quartix.com\/content\/uploads\/2023\/05\/Fleet-Manager-Checking-Fleet-Inspections-768x513.jpg\" class=\"\" alt=\"\" srcset=\"https:\/\/www.quartix.com\/content\/uploads\/2023\/05\/Fleet-Manager-Checking-Fleet-Inspections-768x513.jpg 768w, https:\/\/www.quartix.com\/content\/uploads\/2023\/05\/Fleet-Manager-Checking-Fleet-Inspections-300x200.jpg 300w, https:\/\/www.quartix.com\/content\/uploads\/2023\/05\/Fleet-Manager-Checking-Fleet-Inspections.jpg 800w\" sizes=\"auto, (max-width: 640px) 100vw, 640px\" \/><\/div>            <\/div>\r\n                        <\/div>\r\n    <\/div>\r\n\r\n\r\n\n\n\r\n\r\n        <div  class=\"landingpageouter\" style=\"background-color:#f8f8f8 ;\">\r\n        <div class=\"landingpagecolsblock twocols4060 \">\r\n            <div class=\"col1\">\r\n                <p class=\"pre-title\">PROT\u00c9GER&#8230;<\/p>                <h2 class=\"\">Contre les fausses r\u00e9clamations de tiers<\/h2>                <div class='wysiwyg'><p>D\u00e9couvrez comment le suivi de v\u00e9hicules, en tant que t\u00e9moin silencieux, peut prot\u00e9ger vos conducteurs contre les fausses accusations d&#8217;exc\u00e8s de vitesse, de freinage brusque ou m\u00eame de dommages mat\u00e9riels.<\/p>\n<\/div>            <\/div>\r\n            <div class=\"col2\">\r\n                <div class=\"responsivemedia\"><img loading=\"lazy\" decoding=\"async\" width=\"640\" height=\"537\" src=\"https:\/\/www.quartix.com\/content\/uploads\/2024\/01\/employee-and-employer-talking-vehicle-tracking.png\" class=\"\" alt=\"\" \/><\/div>            <\/div>\r\n                        <\/div>\r\n    <\/div>\r\n\r\n\r\n\n\n\r\n<div   class=\"hero-block smallhero\">\r\n    <img loading=\"lazy\" decoding=\"async\" width=\"940\" height=\"239\" src=\"https:\/\/www.quartix.com\/content\/uploads\/2024\/07\/US-FR-driver-behind-wheel-1.png\" class=\"\" alt=\"\" srcset=\"https:\/\/www.quartix.com\/content\/uploads\/2024\/07\/US-FR-driver-behind-wheel-1.png 940w, https:\/\/www.quartix.com\/content\/uploads\/2024\/07\/US-FR-driver-behind-wheel-1-300x76.png 300w, https:\/\/www.quartix.com\/content\/uploads\/2024\/07\/US-FR-driver-behind-wheel-1-768x195.png 768w\" sizes=\"auto, (max-width: 940px) 100vw, 940px\" \/>                <div class=\"hero-overlay\"><\/div>\r\n            \r\n\r\n\r\n    <div class=\"hero-content \">\r\n        <div class=\"inner\">\r\n                            <p class=\"title stylelikeh3\">Utilisez le suivi de v\u00e9hicules et les donn\u00e9es qu&#8217;il fournit pour d\u00e9fendre et prot\u00e9ger vos conducteurs<\/p>                <div class=\"author\"><p>Utilisez ce guide pour r\u00e9pondre aux inqui\u00e9tudes de vos employ\u00e9s concernant la t\u00e9l\u00e9matique en leur montrant les avantages qu&#8217;ils tireront du suivi<\/p>\n<\/div>                                        <div class=\"buttons\">\r\n                    <a href=\"https:\/\/go.marketing.quartix.com\/Guide_avantages_pour_les_conducteurs\" class=\"btn btn-green btn-inline\" target=\"_blank\" title=\"T\u00c9L\u00c9CHARGER LE GUIDE\">T\u00c9L\u00c9CHARGER LE GUIDE<\/a>\r\n                <\/div>\r\n                    <\/div>\r\n    <\/div>\r\n<\/div>\n\n\r\n<section class=\"qtx-pagebuilder-section qtx-pagebuilder-section-bannercontent  notopmargin \"\r\nstyle=\"background-color:#13AB5B; color: #FFFFFF;\">\r\n    <div class=\"bannercontentinner\">\r\n        <p style=\"text-align: center\">&#8220;Le suivi des v\u00e9hicules par Quartix est en fait un moyen de d\u00e9fense pour nos conducteurs. C&#8217;est leur protection personnelle en cas de r\u00e9clamations injustes.&#8221;<\/p>\n<p style=\"text-align: center\">&#8211; Matt O&#8217;Conner, John O&#8217;Conner Grounds Maintenance<\/p>\n    <\/div>\r\n<\/section>\n\n\n<div class=\"wp-block-columns is-layout-flex wp-container-core-columns-is-layout-28f84493 wp-block-columns-is-layout-flex\">\n<div class=\"wp-block-column is-layout-flow wp-block-column-is-layout-flow\">\n<h2 class=\"wp-block-heading\">Votre guide des avantages pour les conducteurs<\/h2>\n\n\n\n<p>D\u00e9couvrez les avantages des donn\u00e9es t\u00e9l\u00e9matiques du point de vue du conducteur et assurez-vous que vos employ\u00e9s sont conscients de la fa\u00e7on dont le suivi des v\u00e9hicules peut les aider au quotidien.\u00a0<\/p>\n\n\n    <div class=\"button-container \">\r\n<a href=\"https:\/\/go.marketing.quartix.com\/Guide_avantages_pour_les_conducteurs\" class=\"btn pagebuilder-btn btn-green btn-\" title=\"T\u00c9L\u00c9CHARGER LE GUIDE\" target=\"_blank\">T\u00c9L\u00c9CHARGER LE GUIDE<\/a>\r\n<\/div>\r\n<\/div>\n\n\n\n<div class=\"wp-block-column is-layout-flow wp-block-column-is-layout-flow\">\n<figure class=\"wp-block-image size-full is-resized\"><img loading=\"lazy\" decoding=\"async\" width=\"545\" height=\"650\" src=\"https:\/\/www.quartix.com\/content\/uploads\/2024\/07\/fr-benefits-for-drivers.png\" alt=\"\" class=\"wp-image-106924\" style=\"width:360px;height:auto\" srcset=\"https:\/\/www.quartix.com\/content\/uploads\/2024\/07\/fr-benefits-for-drivers.png 545w, https:\/\/www.quartix.com\/content\/uploads\/2024\/07\/fr-benefits-for-drivers-252x300.png 252w\" sizes=\"auto, (max-width: 545px) 100vw, 545px\" \/><\/figure>\n<\/div>\n<\/div>\n","protected":false},"excerpt":{"rendered":"<p>Votre guide des avantages pour les conducteurs D\u00e9couvrez les avantages des donn\u00e9es t\u00e9l\u00e9matiques du point de vue du conducteur et assurez-vous que vos employ\u00e9s sont conscients de la fa\u00e7on dont le suivi des v\u00e9hicules peut les aider au quotidien.\u00a0<\/p>\n","protected":false},"author":12,"featured_media":86388,"parent":0,"menu_order":3414,"comment_status":"closed","ping_status":"closed","template":"templates\/landing-pagebuilder.php","meta":{"_acf_changed":false,"inline_featured_image":false,"footnotes":""},"topic":[1873],"qtx_campaign":[],"class_list":["post-54939","page","type-page","status-publish","has-post-thumbnail","hentry","topic-gestion-des-conducteurs"],"acf":[],"yoast_head":"<!-- This site is optimized with the Yoast SEO Premium plugin v27.2 (Yoast SEO v27.2) - https:\/\/yoast.com\/product\/yoast-seo-premium-wordpress\/ -->\n<title>Guide g\u00e9olocalisation pour les conducteurs - FR<\/title>\n<meta name=\"description\" content=\"En plus d&#039;aider votre entreprise, g\u00e9olocaliser vos v\u00e9hicules pr\u00e9sente de nombreux avantages pour vos conducteurs. T\u00e9l\u00e9chargez le guide pour en savoir plus.\" \/>\n<meta name=\"robots\" content=\"index, follow, max-snippet:-1, max-image-preview:large, max-video-preview:-1\" \/>\n<link rel=\"canonical\" href=\"https:\/\/www.quartix.com\/fr-fr\/guide-geolocalisation-pour-les-conducteurs\/\" \/>\n<meta property=\"og:locale\" content=\"fr_FR\" \/>\n<meta property=\"og:type\" content=\"article\" \/>\n<meta property=\"og:title\" content=\"Guide g\u00e9olocalisation pour les conducteurs\" \/>\n<meta property=\"og:description\" content=\"En plus d&#039;aider votre entreprise, g\u00e9olocaliser vos v\u00e9hicules pr\u00e9sente de nombreux avantages pour vos conducteurs. T\u00e9l\u00e9chargez le guide pour en savoir plus.\" \/>\n<meta property=\"og:url\" content=\"https:\/\/www.quartix.com\/fr-fr\/guide-geolocalisation-pour-les-conducteurs\/\" \/>\n<meta property=\"og:site_name\" content=\"Quartix\" \/>\n<meta property=\"article:publisher\" content=\"https:\/\/www.facebook.com\/Quartix-USA-374426386097401\/\" \/>\n<meta property=\"article:modified_time\" content=\"2024-07-02T12:29:56+00:00\" \/>\n<meta property=\"og:image\" content=\"https:\/\/www.quartix.com\/content\/uploads\/2023\/05\/The-benefits-of-vehicle-tracking-for-drivers.jpg\" \/>\n\t<meta property=\"og:image:width\" content=\"656\" \/>\n\t<meta property=\"og:image:height\" content=\"584\" \/>\n\t<meta property=\"og:image:type\" content=\"image\/jpeg\" \/>\n<meta name=\"twitter:card\" content=\"summary_large_image\" \/>\n<meta name=\"twitter:site\" content=\"@QuartixUSA\" \/>\n<meta name=\"twitter:label1\" content=\"Est. reading time\" \/>\n\t<meta name=\"twitter:data1\" content=\"2 minutes\" \/>\n<!-- \/ Yoast SEO Premium plugin. -->","yoast_head_json":{"title":"Guide g\u00e9olocalisation pour les conducteurs - FR","description":"En plus d'aider votre entreprise, g\u00e9olocaliser vos v\u00e9hicules pr\u00e9sente de nombreux avantages pour vos conducteurs. T\u00e9l\u00e9chargez le guide pour en savoir plus.","robots":{"index":"index","follow":"follow","max-snippet":"max-snippet:-1","max-image-preview":"max-image-preview:large","max-video-preview":"max-video-preview:-1"},"canonical":"https:\/\/www.quartix.com\/fr-fr\/guide-geolocalisation-pour-les-conducteurs\/","og_locale":"fr_FR","og_type":"article","og_title":"Guide g\u00e9olocalisation pour les conducteurs","og_description":"En plus d'aider votre entreprise, g\u00e9olocaliser vos v\u00e9hicules pr\u00e9sente de nombreux avantages pour vos conducteurs. T\u00e9l\u00e9chargez le guide pour en savoir plus.","og_url":"https:\/\/www.quartix.com\/fr-fr\/guide-geolocalisation-pour-les-conducteurs\/","og_site_name":"Quartix","article_publisher":"https:\/\/www.facebook.com\/Quartix-USA-374426386097401\/","article_modified_time":"2024-07-02T12:29:56+00:00","og_image":[{"width":656,"height":584,"url":"https:\/\/www.quartix.com\/content\/uploads\/2023\/05\/The-benefits-of-vehicle-tracking-for-drivers.jpg","type":"image\/jpeg"}],"twitter_card":"summary_large_image","twitter_site":"@QuartixUSA","twitter_misc":{"Est. reading time":"2 minutes"},"schema":{"@context":"https:\/\/schema.org","@graph":[{"@type":"WebPage","@id":"https:\/\/www.quartix.com\/fr-fr\/guide-geolocalisation-pour-les-conducteurs\/","url":"https:\/\/www.quartix.com\/fr-fr\/guide-geolocalisation-pour-les-conducteurs\/","name":"Guide g\u00e9olocalisation pour les conducteurs","isPartOf":{"@id":"https:\/\/www.quartix.com\/fr-fr\/#website"},"primaryImageOfPage":{"@id":"https:\/\/www.quartix.com\/fr-fr\/guide-geolocalisation-pour-les-conducteurs\/#primaryimage"},"image":{"@id":"https:\/\/www.quartix.com\/fr-fr\/guide-geolocalisation-pour-les-conducteurs\/#primaryimage"},"thumbnailUrl":"https:\/\/www.quartix.com\/content\/uploads\/2023\/05\/The-benefits-of-vehicle-tracking-for-drivers.jpg","datePublished":"2021-05-07T16:07:24+00:00","dateModified":"2024-07-02T12:29:56+00:00","description":"En plus d'aider votre entreprise, g\u00e9olocaliser vos v\u00e9hicules pr\u00e9sente de nombreux avantages pour vos conducteurs. T\u00e9l\u00e9chargez le guide pour en savoir plus.","breadcrumb":{"@id":"https:\/\/www.quartix.com\/fr-fr\/guide-geolocalisation-pour-les-conducteurs\/#breadcrumb"},"inLanguage":"fr-FR","potentialAction":[{"@type":"ReadAction","target":["https:\/\/www.quartix.com\/fr-fr\/guide-geolocalisation-pour-les-conducteurs\/"]}]},{"@type":"ImageObject","inLanguage":"fr-FR","@id":"https:\/\/www.quartix.com\/fr-fr\/guide-geolocalisation-pour-les-conducteurs\/#primaryimage","url":"https:\/\/www.quartix.com\/content\/uploads\/2023\/05\/The-benefits-of-vehicle-tracking-for-drivers.jpg","contentUrl":"https:\/\/www.quartix.com\/content\/uploads\/2023\/05\/The-benefits-of-vehicle-tracking-for-drivers.jpg","width":656,"height":584},{"@type":"BreadcrumbList","@id":"https:\/\/www.quartix.com\/fr-fr\/guide-geolocalisation-pour-les-conducteurs\/#breadcrumb","itemListElement":[{"@type":"ListItem","position":1,"name":"Accueil","item":"https:\/\/www.quartix.com\/fr-fr\/quartix-suivi-de-vehicules-en-temps-reel\/"},{"@type":"ListItem","position":2,"name":"Guide g\u00e9olocalisation pour les conducteurs"}]},{"@type":"WebSite","@id":"https:\/\/www.quartix.com\/fr-fr\/#website","url":"https:\/\/www.quartix.com\/fr-fr\/","name":"Quartix","description":"Real-time vehicle tracking","publisher":{"@id":"https:\/\/www.quartix.com\/fr-fr\/#organization"},"potentialAction":[{"@type":"SearchAction","target":{"@type":"EntryPoint","urlTemplate":"https:\/\/www.quartix.com\/fr-fr\/?s={search_term_string}"},"query-input":{"@type":"PropertyValueSpecification","valueRequired":true,"valueName":"search_term_string"}}],"inLanguage":"fr-FR"},{"@type":"Organization","@id":"https:\/\/www.quartix.com\/fr-fr\/#organization","name":"Quartix","url":"https:\/\/www.quartix.com\/fr-fr\/","logo":{"@type":"ImageObject","inLanguage":"fr-FR","@id":"https:\/\/www.quartix.com\/fr-fr\/#\/schema\/logo\/image\/","url":"https:\/\/www.quartix.com\/content\/uploads\/2019\/02\/quartix-logo-eur.svg","contentUrl":"https:\/\/www.quartix.com\/content\/uploads\/2019\/02\/quartix-logo-eur.svg","width":1,"height":1,"caption":"Quartix"},"image":{"@id":"https:\/\/www.quartix.com\/fr-fr\/#\/schema\/logo\/image\/"},"sameAs":["https:\/\/www.facebook.com\/Quartix-USA-374426386097401\/","https:\/\/x.com\/QuartixUSA","https:\/\/www.linkedin.com\/company\/5346733\/","https:\/\/www.youtube.com\/channel\/UCzS-_GMfHF4kWiCheyIRrAQ"]}]}},"_links":{"self":[{"href":"https:\/\/www.quartix.com\/fr-fr\/wp-json\/wp\/v2\/pages\/54939","targetHints":{"allow":["GET"]}}],"collection":[{"href":"https:\/\/www.quartix.com\/fr-fr\/wp-json\/wp\/v2\/pages"}],"about":[{"href":"https:\/\/www.quartix.com\/fr-fr\/wp-json\/wp\/v2\/types\/page"}],"author":[{"embeddable":true,"href":"https:\/\/www.quartix.com\/fr-fr\/wp-json\/wp\/v2\/users\/12"}],"replies":[{"embeddable":true,"href":"https:\/\/www.quartix.com\/fr-fr\/wp-json\/wp\/v2\/comments?post=54939"}],"version-history":[{"count":0,"href":"https:\/\/www.quartix.com\/fr-fr\/wp-json\/wp\/v2\/pages\/54939\/revisions"}],"wp:featuredmedia":[{"embeddable":true,"href":"https:\/\/www.quartix.com\/fr-fr\/wp-json\/wp\/v2\/media\/86388"}],"wp:attachment":[{"href":"https:\/\/www.quartix.com\/fr-fr\/wp-json\/wp\/v2\/media?parent=54939"}],"wp:term":[{"taxonomy":"topic","embeddable":true,"href":"https:\/\/www.quartix.com\/fr-fr\/wp-json\/wp\/v2\/topic?post=54939"},{"taxonomy":"qtx_campaign","embeddable":true,"href":"https:\/\/www.quartix.com\/fr-fr\/wp-json\/wp\/v2\/qtx_campaign?post=54939"}],"curies":[{"name":"wp","href":"https:\/\/api.w.org\/{rel}","templated":true}]}}