{"id":54984,"date":"2021-05-07T17:26:14","date_gmt":"2021-05-07T16:26:14","guid":{"rendered":"https:\/\/www.quartix.com\/?page_id=54984"},"modified":"2024-07-03T09:58:16","modified_gmt":"2024-07-03T08:58:16","slug":"guide-service-client","status":"publish","type":"page","link":"https:\/\/www.quartix.com\/fr-fr\/guide-service-client\/","title":{"rendered":"Service client : Atteindre l\u2019excellence gr\u00e2ce \u00e0 la g\u00e9olocalisation de v\u00e9hicules"},"content":{"rendered":"\r\n<div   class=\"hero-block bighero\">\r\n    <img loading=\"lazy\" decoding=\"async\" width=\"873\" height=\"272\" src=\"https:\/\/www.quartix.com\/content\/uploads\/2024\/01\/shaking-hands-close-up-1.png\" class=\"\" alt=\"\" \/>                <div class=\"hero-overlay\"><\/div>\r\n            \r\n\r\n\r\n    <div class=\"hero-content \">\r\n        <div class=\"inner limited-width\">\r\n                                                <p class=\"title stylelikeh1\">Am\u00e9liorez votre service \u00e0 la client\u00e8le gr\u00e2ce au suivi de v\u00e9hicules<\/p>\r\n                                <p class=\"text\">Utilisez les outils de votre syst\u00e8me de suivi de v\u00e9hicules pour ravir vos clients et les fid\u00e9liser \u00e0 votre entreprise<\/p>                                        <div class=\"buttons\">\r\n                    <a href=\"https:\/\/go.marketing.quartix.com\/Guide_service_client\" class=\"btn btn-green btn-inline\" target=\"_blank\" title=\"T\u00c9L\u00c9CHARGER LE GUIDE\">T\u00c9L\u00c9CHARGER LE GUIDE<\/a>\r\n                <\/div>\r\n                    <\/div>\r\n    <\/div>\r\n<\/div>\n\n\r\n<div   class=\"hero-block smallhero landing-cta\">\r\n            <div class=\"hero-overlay greybg\"><\/div>\r\n        <div class=\"hero-content greybg noimage\">\r\n        <div class=\"inner\">\r\n            <h2 class=\"title\">Gardez une longueur d&#8217;avance sur la concurrence en offrant un service de qualit\u00e9 sup\u00e9rieure<\/h2>            <div class=\"author\"><p>Dans ce guide, vous d\u00e9couvrirez des fa\u00e7ons surprenantes d&#8217;utiliser les fonctions de votre syst\u00e8me de suivi de v\u00e9hicules pour offrir une exp\u00e9rience exceptionnelle \u00e0 vos clients. La t\u00e9l\u00e9matique vous permet d&#8217;offrir :<\/p>\n<\/div>            <div class='landingctalist centrelist'><ul class='ticks fa-ul' style=''><li><span class='fa-li'><i class='fas fa-check-circle'><\/i><\/span>Des informations actualis\u00e9es sur la localisation de vos conducteurs<\/li><li><span class='fa-li'><i class='fas fa-check-circle'><\/i><\/span>La notification de tout retard d\u00fb \u00e0 la circulation ou \u00e0 des circonstances impr\u00e9vues<\/li><li><span class='fa-li'><i class='fas fa-check-circle'><\/i><\/span>Des feuilles de temps pr\u00e9cises pour que les clients sachent qu&#8217;ils sont factur\u00e9s correctement<\/li><li><span class='fa-li'><i class='fas fa-check-circle'><\/i><\/span>La g\u00e9olocalisation pour avertir les clients du moment o\u00f9 ils doivent se pr\u00e9parer \u00e0 l&#8217;arriv\u00e9e de votre chauffeur<\/li><\/ul><\/div>            \r\n                            <div class=\"buttons\">\r\n                    <a href=\"https:\/\/go.marketing.quartix.com\/Guide_service_client\" class=\"btn btn-green\" target=\"_blank\" title=\"T\u00c9L\u00c9CHARGER LE GUIDE\">T\u00c9L\u00c9CHARGER LE GUIDE<\/a>\r\n                <\/div>\r\n                    <\/div>\r\n    <\/div>\r\n<\/div>\n\n\r\n\r\n        <div  class=\"landingpageouter\" style=\"background-color:#ffffff ;\">\r\n        <div class=\"landingpagecolsblock twocols4060 \">\r\n            <div class=\"col1\">\r\n                <p class=\"pre-title\">ORGANISEZ <\/p>                                <div class='wysiwyg'><p>Utilisez des fonctionnalit\u00e9s telles que les cartes d&#8217;itin\u00e9raires et les recherches par code postal pour atteindre plus de clients le plus rapidement possible. Gr\u00e2ce aux rapports disponibles en ligne \u00e0 tout moment, vous serez mieux \u00e9quip\u00e9 pour r\u00e9pondre aux questions des clients sans avoir \u00e0 fouiller dans les dossiers papier.<\/p>\n<\/div>            <\/div>\r\n            <div class=\"col2\">\r\n                <div class=\"responsivemedia\"><img loading=\"lazy\" decoding=\"async\" width=\"640\" height=\"537\" src=\"https:\/\/www.quartix.com\/content\/uploads\/2024\/01\/Man-allocating-vehicles.png\" class=\"\" alt=\"\" \/><\/div>            <\/div>\r\n                        <\/div>\r\n    <\/div>\r\n\r\n\r\n\n\n\r\n\r\n        <div  class=\"landingpageouter\" style=\"background-color:#efefef ;\">\r\n        <div class=\"landingpagecolsblock twocols4060 swap-content\">\r\n            <div class=\"col1\">\r\n                <p class=\"pre-title\">FOCUS<\/p>                                <div class='wysiwyg'><p>Le suivi des v\u00e9hicules vous aide \u00e0 r\u00e9duire les co\u00fbts excessifs, ce qui vous laisse plus d&#8217;argent \u00e0 investir dans le service \u00e0 la client\u00e8le. Dans le m\u00eame temps, des avantages tels que des feuilles de temps pr\u00e9cises peuvent faciliter la facturation et la paie, vous permettant ainsi de vous concentrer sur l&#8217;exp\u00e9rience de vos clients.<\/p>\n<\/div>            <\/div>\r\n            <div class=\"col2\">\r\n                <div class=\"responsivemedia\"><img loading=\"lazy\" decoding=\"async\" width=\"640\" height=\"537\" src=\"https:\/\/www.quartix.com\/content\/uploads\/2024\/01\/Woman-handling-customers.png\" class=\"\" alt=\"\" \/><\/div>            <\/div>\r\n                        <\/div>\r\n    <\/div>\r\n\r\n\r\n\n\n\r\n<div   class=\"hero-block smallhero\">\r\n    <img loading=\"lazy\" decoding=\"async\" width=\"851\" height=\"293\" src=\"https:\/\/www.quartix.com\/content\/uploads\/2024\/01\/customer-service-phone-with-headset-1.png\" class=\"\" alt=\"\" \/>                <div class=\"hero-overlay\"><\/div>\r\n            \r\n\r\n\r\n    <div class=\"hero-content \">\r\n        <div class=\"inner\">\r\n                            <p class=\"title stylelikeh3\">Offrez un service efficace tout en exploitant une flotte s\u00fbre<\/br>et responsable gr\u00e2ce au suivi de v\u00e9hicules<\/p>                                                        <div class=\"buttons\">\r\n                    <a href=\"https:\/\/go.marketing.quartix.com\/Guide_service_client\" class=\"btn btn-green btn-inline\" target=\"_blank\" title=\"T\u00c9L\u00c9CHARGER LE GUIDE\">T\u00c9L\u00c9CHARGER LE GUIDE<\/a>\r\n                <\/div>\r\n                    <\/div>\r\n    <\/div>\r\n<\/div>\n\n\r\n<section class=\"qtx-pagebuilder-section qtx-pagebuilder-section-bannercontent  notopmargin \"\r\nstyle=\"background-color:#13AB5B; color: #FFFFFF;\">\r\n    <div class=\"bannercontentinner\">\r\n        <p style=\"text-align: center\">&#8220;Nous constatons que la confiance de nos clients est renforc\u00e9e lorsque nous leur indiquons que nos v\u00e9hicules sont suivis par GPS. Les informations fournies par Quartix peuvent vraiment vous aider \u00e0 construire une bonne relation avec vos clients et \u00e0 renforcer la confiance.&#8221;<\/p>\n<p style=\"text-align: center\">&#8211; Matt O&#8217;Conner, John O&#8217;Conner Landscaping<\/p>\n    <\/div>\r\n<\/section>\n\n\n<div class=\"wp-block-columns is-layout-flex wp-container-core-columns-is-layout-28f84493 wp-block-columns-is-layout-flex\">\n<div class=\"wp-block-column is-layout-flow wp-block-column-is-layout-flow\">\n<h2 class=\"wp-block-heading\">Votre guide pour un excellent service client<\/h2>\n\n\n\n<p>Avec le suivi de v\u00e9hicules, assurez-vous que votre entreprise conserve des clients heureux et satisfaits qui recommanderont votre service \u00e0 d&#8217;autres.<\/p>\n\n\n    <div class=\"button-container \">\r\n<a href=\"https:\/\/go.marketing.quartix.com\/Guide_service_client\" class=\"btn pagebuilder-btn btn-green btn-\" title=\"T\u00c9L\u00c9CHARGER LE GUIDE\" target=\"_blank\">T\u00c9L\u00c9CHARGER LE GUIDE<\/a>\r\n<\/div>\r\n<\/div>\n\n\n\n<div class=\"wp-block-column is-layout-flow wp-block-column-is-layout-flow\">\n<figure class=\"wp-block-image size-full is-resized\"><img loading=\"lazy\" decoding=\"async\" width=\"545\" height=\"650\" src=\"https:\/\/www.quartix.com\/content\/uploads\/2024\/07\/fr-customer-service.png\" alt=\"\" class=\"wp-image-107079\" style=\"width:367px;height:auto\" srcset=\"https:\/\/www.quartix.com\/content\/uploads\/2024\/07\/fr-customer-service.png 545w, https:\/\/www.quartix.com\/content\/uploads\/2024\/07\/fr-customer-service-252x300.png 252w\" sizes=\"auto, (max-width: 545px) 100vw, 545px\" \/><\/figure>\n<\/div>\n<\/div>\n","protected":false},"excerpt":{"rendered":"<p>Votre guide pour un excellent service client Avec le suivi de v\u00e9hicules, assurez-vous que votre entreprise conserve des clients heureux et satisfaits qui recommanderont votre service \u00e0 d&#8217;autres.<\/p>\n","protected":false},"author":12,"featured_media":86407,"parent":0,"menu_order":3430,"comment_status":"closed","ping_status":"closed","template":"templates\/landing-pagebuilder.php","meta":{"_acf_changed":false,"inline_featured_image":false,"footnotes":""},"topic":[1863],"qtx_campaign":[],"class_list":["post-54984","page","type-page","status-publish","has-post-thumbnail","hentry","topic-gestion-des-risques"],"acf":[],"yoast_head":"<!-- This site is optimized with the Yoast SEO Premium plugin v27.2 (Yoast SEO v27.2) - https:\/\/yoast.com\/product\/yoast-seo-premium-wordpress\/ -->\n<title>Service client &amp; g\u00e9olocalisation de v\u00e9hicules - FR<\/title>\n<meta name=\"description\" content=\"D\u00e9couvrez comment la g\u00e9olocalisation de v\u00e9hicules peut vous aider \u00e0 am\u00e9liorer votre service client. T\u00e9l\u00e9chargez notre guide !\" \/>\n<meta name=\"robots\" content=\"index, follow, max-snippet:-1, max-image-preview:large, max-video-preview:-1\" \/>\n<link rel=\"canonical\" href=\"https:\/\/www.quartix.com\/fr-fr\/guide-service-client\/\" \/>\n<meta property=\"og:locale\" content=\"fr_FR\" \/>\n<meta property=\"og:type\" content=\"article\" \/>\n<meta property=\"og:title\" content=\"Service client : Atteindre l\u2019excellence gr\u00e2ce \u00e0 la g\u00e9olocalisation de v\u00e9hicules\" \/>\n<meta property=\"og:description\" content=\"D\u00e9couvrez comment la g\u00e9olocalisation de v\u00e9hicules peut vous aider \u00e0 am\u00e9liorer votre service client. T\u00e9l\u00e9chargez notre guide !\" \/>\n<meta property=\"og:url\" content=\"https:\/\/www.quartix.com\/fr-fr\/guide-service-client\/\" \/>\n<meta property=\"og:site_name\" content=\"Quartix\" \/>\n<meta property=\"article:publisher\" content=\"https:\/\/www.facebook.com\/Quartix-USA-374426386097401\/\" \/>\n<meta property=\"article:modified_time\" content=\"2024-07-03T08:58:16+00:00\" \/>\n<meta property=\"og:image\" content=\"https:\/\/www.quartix.com\/content\/uploads\/2023\/05\/Customer-service.png\" \/>\n\t<meta property=\"og:image:width\" content=\"500\" \/>\n\t<meta property=\"og:image:height\" content=\"500\" \/>\n\t<meta property=\"og:image:type\" content=\"image\/png\" \/>\n<meta name=\"twitter:card\" content=\"summary_large_image\" \/>\n<meta name=\"twitter:site\" content=\"@QuartixUSA\" \/>\n<meta name=\"twitter:label1\" content=\"Est. reading time\" \/>\n\t<meta name=\"twitter:data1\" content=\"2 minutes\" \/>\n<!-- \/ Yoast SEO Premium plugin. -->","yoast_head_json":{"title":"Service client & g\u00e9olocalisation de v\u00e9hicules - FR","description":"D\u00e9couvrez comment la g\u00e9olocalisation de v\u00e9hicules peut vous aider \u00e0 am\u00e9liorer votre service client. T\u00e9l\u00e9chargez notre guide !","robots":{"index":"index","follow":"follow","max-snippet":"max-snippet:-1","max-image-preview":"max-image-preview:large","max-video-preview":"max-video-preview:-1"},"canonical":"https:\/\/www.quartix.com\/fr-fr\/guide-service-client\/","og_locale":"fr_FR","og_type":"article","og_title":"Service client : Atteindre l\u2019excellence gr\u00e2ce \u00e0 la g\u00e9olocalisation de v\u00e9hicules","og_description":"D\u00e9couvrez comment la g\u00e9olocalisation de v\u00e9hicules peut vous aider \u00e0 am\u00e9liorer votre service client. T\u00e9l\u00e9chargez notre guide !","og_url":"https:\/\/www.quartix.com\/fr-fr\/guide-service-client\/","og_site_name":"Quartix","article_publisher":"https:\/\/www.facebook.com\/Quartix-USA-374426386097401\/","article_modified_time":"2024-07-03T08:58:16+00:00","og_image":[{"width":500,"height":500,"url":"https:\/\/www.quartix.com\/content\/uploads\/2023\/05\/Customer-service.png","type":"image\/png"}],"twitter_card":"summary_large_image","twitter_site":"@QuartixUSA","twitter_misc":{"Est. reading time":"2 minutes"},"schema":{"@context":"https:\/\/schema.org","@graph":[{"@type":"WebPage","@id":"https:\/\/www.quartix.com\/fr-fr\/guide-service-client\/","url":"https:\/\/www.quartix.com\/fr-fr\/guide-service-client\/","name":"Service client & g\u00e9olocalisation de v\u00e9hicules","isPartOf":{"@id":"https:\/\/www.quartix.com\/fr-fr\/#website"},"primaryImageOfPage":{"@id":"https:\/\/www.quartix.com\/fr-fr\/guide-service-client\/#primaryimage"},"image":{"@id":"https:\/\/www.quartix.com\/fr-fr\/guide-service-client\/#primaryimage"},"thumbnailUrl":"https:\/\/www.quartix.com\/content\/uploads\/2023\/05\/Customer-service.png","datePublished":"2021-05-07T16:26:14+00:00","dateModified":"2024-07-03T08:58:16+00:00","description":"D\u00e9couvrez comment la g\u00e9olocalisation de v\u00e9hicules peut vous aider \u00e0 am\u00e9liorer votre service client. T\u00e9l\u00e9chargez notre guide !","breadcrumb":{"@id":"https:\/\/www.quartix.com\/fr-fr\/guide-service-client\/#breadcrumb"},"inLanguage":"fr-FR","potentialAction":[{"@type":"ReadAction","target":["https:\/\/www.quartix.com\/fr-fr\/guide-service-client\/"]}]},{"@type":"ImageObject","inLanguage":"fr-FR","@id":"https:\/\/www.quartix.com\/fr-fr\/guide-service-client\/#primaryimage","url":"https:\/\/www.quartix.com\/content\/uploads\/2023\/05\/Customer-service.png","contentUrl":"https:\/\/www.quartix.com\/content\/uploads\/2023\/05\/Customer-service.png","width":500,"height":500},{"@type":"BreadcrumbList","@id":"https:\/\/www.quartix.com\/fr-fr\/guide-service-client\/#breadcrumb","itemListElement":[{"@type":"ListItem","position":1,"name":"Accueil","item":"https:\/\/www.quartix.com\/fr-fr\/quartix-suivi-de-vehicules-en-temps-reel\/"},{"@type":"ListItem","position":2,"name":"Service client : Atteindre l\u2019excellence gr\u00e2ce \u00e0 la g\u00e9olocalisation de v\u00e9hicules"}]},{"@type":"WebSite","@id":"https:\/\/www.quartix.com\/fr-fr\/#website","url":"https:\/\/www.quartix.com\/fr-fr\/","name":"Quartix","description":"Real-time vehicle tracking","publisher":{"@id":"https:\/\/www.quartix.com\/fr-fr\/#organization"},"potentialAction":[{"@type":"SearchAction","target":{"@type":"EntryPoint","urlTemplate":"https:\/\/www.quartix.com\/fr-fr\/?s={search_term_string}"},"query-input":{"@type":"PropertyValueSpecification","valueRequired":true,"valueName":"search_term_string"}}],"inLanguage":"fr-FR"},{"@type":"Organization","@id":"https:\/\/www.quartix.com\/fr-fr\/#organization","name":"Quartix","url":"https:\/\/www.quartix.com\/fr-fr\/","logo":{"@type":"ImageObject","inLanguage":"fr-FR","@id":"https:\/\/www.quartix.com\/fr-fr\/#\/schema\/logo\/image\/","url":"https:\/\/www.quartix.com\/content\/uploads\/2019\/02\/quartix-logo-eur.svg","contentUrl":"https:\/\/www.quartix.com\/content\/uploads\/2019\/02\/quartix-logo-eur.svg","width":1,"height":1,"caption":"Quartix"},"image":{"@id":"https:\/\/www.quartix.com\/fr-fr\/#\/schema\/logo\/image\/"},"sameAs":["https:\/\/www.facebook.com\/Quartix-USA-374426386097401\/","https:\/\/x.com\/QuartixUSA","https:\/\/www.linkedin.com\/company\/5346733\/","https:\/\/www.youtube.com\/channel\/UCzS-_GMfHF4kWiCheyIRrAQ"]}]}},"_links":{"self":[{"href":"https:\/\/www.quartix.com\/fr-fr\/wp-json\/wp\/v2\/pages\/54984","targetHints":{"allow":["GET"]}}],"collection":[{"href":"https:\/\/www.quartix.com\/fr-fr\/wp-json\/wp\/v2\/pages"}],"about":[{"href":"https:\/\/www.quartix.com\/fr-fr\/wp-json\/wp\/v2\/types\/page"}],"author":[{"embeddable":true,"href":"https:\/\/www.quartix.com\/fr-fr\/wp-json\/wp\/v2\/users\/12"}],"replies":[{"embeddable":true,"href":"https:\/\/www.quartix.com\/fr-fr\/wp-json\/wp\/v2\/comments?post=54984"}],"version-history":[{"count":0,"href":"https:\/\/www.quartix.com\/fr-fr\/wp-json\/wp\/v2\/pages\/54984\/revisions"}],"wp:featuredmedia":[{"embeddable":true,"href":"https:\/\/www.quartix.com\/fr-fr\/wp-json\/wp\/v2\/media\/86407"}],"wp:attachment":[{"href":"https:\/\/www.quartix.com\/fr-fr\/wp-json\/wp\/v2\/media?parent=54984"}],"wp:term":[{"taxonomy":"topic","embeddable":true,"href":"https:\/\/www.quartix.com\/fr-fr\/wp-json\/wp\/v2\/topic?post=54984"},{"taxonomy":"qtx_campaign","embeddable":true,"href":"https:\/\/www.quartix.com\/fr-fr\/wp-json\/wp\/v2\/qtx_campaign?post=54984"}],"curies":[{"name":"wp","href":"https:\/\/api.w.org\/{rel}","templated":true}]}}