{"id":55006,"date":"2021-05-10T11:41:27","date_gmt":"2021-05-10T10:41:27","guid":{"rendered":" https:\/\/www.quartix.com\/?page_id=55006"},"modified":"2023-08-24T14:46:52","modified_gmt":"2023-08-24T13:46:52","slug":"balises-gps-de-geolocalisation","status":"publish","type":"page","link":"https:\/\/www.quartix.com\/fr-fr\/balises-gps-de-geolocalisation\/","title":{"rendered":"Balises GPS de g\u00e9olocalisation"},"content":{"rendered":"\n<h2 class=\"wp-block-heading\">Balises GPS : comment les installer ?<\/h2>\n\n\n\n<div class=\"wp-block-columns is-layout-flex wp-container-core-columns-is-layout-28f84493 wp-block-columns-is-layout-flex\">\n<div class=\"wp-block-column is-layout-flow wp-block-column-is-layout-flow\">\n<p>Quartix vous propose trois types de balise avec chacune un processus d\u2019installation diff\u00e9rent. Cela vous permet de choisir le type d\u2019installation qui r\u00e9pond aux besoins de votre entreprise.<\/p>\n\n\n\n<p>La <a href=\"#Filaire\">balise filaire<\/a> de Quartix doit \u00eatre install\u00e9e par un technicien sp\u00e9cialis\u00e9. Il s\u2019agit d\u2019une intervention rapide, qui n\u00e9cessite cependant un court d\u00e9lai correspondant \u00e0 l\u2019intervention de l\u2019installateur.<\/p>\n\n\n\n<p>Si vous optez pour un <a href=\"#Balise\">dispositif d\u2019auto-installation<\/a>, Quartix propose deux balises faciles \u00e0 installer et pouvant \u00eatre transf\u00e9r\u00e9es entre deux v\u00e9hicules \u00e0 votre convenance.<\/p>\n<\/div>\n\n\n\n<div class=\"wp-block-column is-layout-flow wp-block-column-is-layout-flow\">\n<figure class=\"wp-block-embed is-type-video is-provider-youtube wp-block-embed-youtube wp-embed-aspect-16-9 wp-has-aspect-ratio\"><div class=\"wp-block-embed__wrapper\">\n<iframe loading=\"lazy\" title=\"Quartix - Guide d&#039;installation - Connect &amp; Track\" width=\"640\" height=\"360\" src=\"https:\/\/www.youtube.com\/embed\/dlFiXzB2mYw?feature=oembed\" frameborder=\"0\" allow=\"accelerometer; autoplay; clipboard-write; encrypted-media; gyroscope; picture-in-picture; web-share\" referrerpolicy=\"strict-origin-when-cross-origin\" allowfullscreen><\/iframe>\n<\/div><\/figure>\n<\/div>\n<\/div>\n\n\n\n<h2 class=\"wp-block-heading has-text-align-center\">Comparaison entre balises filaires et balises d\u2019auto-installation<\/h2>\n\n\n\n<div class=\"wp-block-columns is-layout-flex wp-container-core-columns-is-layout-28f84493 wp-block-columns-is-layout-flex\">\n<div class=\"wp-block-column is-layout-flow wp-block-column-is-layout-flow\">\n<h2 class=\"wp-block-heading\" id=\"Filaire\">Filaire install\u00e9e par un technicien<\/h2>\n\n\n\r\n<section  class=\"qtx-pagebuilder-section qtx-pagebuilder-section-list \">\r\n<ul class='ticks fa-ul' style='0'><li><span class='fa-li'><i class='fas fa-check-circle'><\/i><\/span>Un technicien se rendra sur votre site et proc\u00e9dera \u00e0 l\u2019installation<\/li><li><span class='fa-li'><i class='fas fa-check-circle'><\/i><\/span>L\u2019immobilisation des v\u00e9hicules est programm\u00e9e pour l\u2019installation des balises<\/li><li><span class='fa-li'><i class='fas fa-check-circle'><\/i><\/span>La balise est dissimul\u00e9e et, par cons\u00e9quent, invisible<\/li><li><span class='fa-li'><i class='fas fa-check-circle'><\/i><\/span>Balise fix\u00e9e<\/li><li><span class='fa-li'><i class='fas fa-check-circle'><\/i><\/span>Compatible avec le lecteur de badge<\/li><li><span class='fa-li'><i class='fas fa-check-circle'><\/i><\/span>Fonction auxiliaire (hayon \u00e9l\u00e9vateur et ouverture de portes)<\/li><\/ul><\/section>\n\n\r\n    <p class=\"iconandlink after \">\r\n        <a href=\"#filaire\" title=\"Plus d'informations\" >\r\n                        Plus d&#8217;informations            <i aria-hidden=\"true\" class=\"far fa-arrow-alt-circle-right\"><\/i>        <\/a>\r\n    <\/p>\r\n    <\/div>\n\n\n\n<div class=\"wp-block-column is-layout-flow wp-block-column-is-layout-flow\">\n<h2 class=\"wp-block-heading\" id=\"Balise\">Balise d\u2019auto-installation<\/h2>\n\n\n\r\n<section  class=\"qtx-pagebuilder-section qtx-pagebuilder-section-list \">\r\n<ul class='ticks fa-ul' style=''><li><span class='fa-li'><i class='fas fa-check-circle'><\/i><\/span>Instructions et tutoriels simples \u00e0 suivre<\/li><li><span class='fa-li'><i class='fas fa-check-circle'><\/i><\/span>Temps d\u2019immobilisation des v\u00e9hicules r\u00e9duit<\/li><li><span class='fa-li'><i class='fas fa-check-circle'><\/i><\/span>D\u00e9pose facile du dispositif<\/li><li><span class='fa-li'><i class='fas fa-check-circle'><\/i><\/span>Alertes de d\u00e9connexion en cas de retrait de l\u2019appareil<\/li><li><span class='fa-li'><i class='fas fa-check-circle'><\/i><\/span>Facile \u00e0 transf\u00e9rer entre deux v\u00e9hicules<\/li><li><span class='fa-li'><i class='fas fa-check-circle'><\/i><\/span>Acc\u00e8s aux fonctionnalit\u00e9s standard du syst\u00e8me<\/li><\/ul><\/section>\n\n\r\n    <p class=\"iconandlink after \">\r\n        <a href=\"#autoinstallation\" title=\"Plus d'informations\" >\r\n                        Plus d&#8217;informations            <i aria-hidden=\"true\" class=\"far fa-arrow-alt-circle-right\"><\/i>        <\/a>\r\n    <\/p>\r\n    <\/div>\n<\/div>\n\n\n\n<h2 class=\"wp-block-heading\">Quelle est la balise la plus adapt\u00e9e \u00e0 votre flotte ?<\/h2>\n\n\n\n<p>\u00c9tablir les besoins de votre flotte vous aidera \u00e0 choisir l\u2019un des trois types de balise disponibles chez Quartix. Pour commencer, il suffit de tenir compte des \u00e9l\u00e9ments suivants : souhaitez-vous disposer de balises fix\u00e9es dans vos v\u00e9hicules ou plut\u00f4t opter pour un mod\u00e8le \u00e0 installer vous-m\u00eame&nbsp;?<\/p>\n\n\n\n<p>Voici quelques points \u00e0 consid\u00e9rer :<\/p>\n\n\n\r\n<section  class=\"qtx-pagebuilder-section qtx-pagebuilder-section-accordion\">\r\n            <div class=\"accordion noboxes\" id=\"acc1601653096\">\r\n                                            <div class=\"accordion-item\">\r\n                    <button class=\"accordion-title\"><span class=\"arrow\"><\/span>Quel est le type de v\u00e9hicules de votre flotte ?<\/button>\r\n                    <div class=\"accordion-content\"><p>Selon le type de v\u00e9hicules de votre flotte, la <a href=\"#hardwired\">balise filaire<\/a> peut \u00eatre la solution la plus adapt\u00e9e. Nos balises \u00e0 installer soi-m\u00eame sont id\u00e9ales pour les v\u00e9hicules l\u00e9gers et les utilitaires, tandis que la balise filaire est compatible avec tous types de mod\u00e8les.<\/p>\n<\/div>\r\n                <\/div>\r\n                                            <div class=\"accordion-item\">\r\n                    <button class=\"accordion-title\"><span class=\"arrow\"><\/span>Vos v\u00e9hicules sont-ils en location ?<\/button>\r\n                    <div class=\"accordion-content\"><p>En cas de transferts r\u00e9guliers de vos balises sur diff\u00e9rents v\u00e9hicules, nos <a href=\"#Self-install\">balises d\u2019auto-installation<\/a> constituent l\u2019option amovible la plus pratique.<\/p>\n<\/div>\r\n                <\/div>\r\n                                            <div class=\"accordion-item\">\r\n                    <button class=\"accordion-title\"><span class=\"arrow\"><\/span>Vos v\u00e9hicules sont-ils attitr\u00e9s \u00e0 un seul chauffeur ?<\/button>\r\n                    <div class=\"accordion-content\"><p style=\"text-align: left;\">Notre balise filaire est compatible avec le lecteur de badge pour l\u2019identification du chauffeur afin de vous aider \u00e0 diff\u00e9rencier les trajets effectu\u00e9s par diff\u00e9rents chauffeurs avec le m\u00eame v\u00e9hicule.<\/p>\n<\/div>\r\n                <\/div>\r\n                                            <div class=\"accordion-item\">\r\n                    <button class=\"accordion-title\"><span class=\"arrow\"><\/span>Les v\u00e9hicules sont-ils \u00e9quip\u00e9s de fonctions auxiliaires ?<\/button>\r\n                    <div class=\"accordion-content\"><p>Nous proposons des options suppl\u00e9mentaires avec notre balise filaire, comme la remont\u00e9e des donn\u00e9es des ouvertures de portes ou l\u2019utilisation des hayons \u00e9l\u00e9vateurs. La\u00a0<a href=\"#hardwired\">balise install\u00e9e par le technicien<\/a>\u00a0est n\u00e9cessaire si vous souhaitez b\u00e9n\u00e9ficier de ces options.<\/p>\n<\/div>\r\n                <\/div>\r\n                    <\/div>\r\n    <\/section>\r\n<script nonce=\"\" nonce=\"\">\r\ndocument.addEventListener(\"DOMContentLoaded\", function(){\r\n    var titles = document.getElementById (\"acc1601653096\").getElementsByClassName(\"accordion-title\");\r\n    for (var i = 0; i < titles.length; i++) {\r\n        if ( i == (parseInt(-1 ))) {\r\n            titles[i].classList.add(\"active\");\r\n            titles[i].nextElementSibling.style.maxHeight = titles[i].nextElementSibling.scrollHeight + \"px\";\r\n        }\r\n    }\r\n});\r\n\r\nvar titles = document.getElementById (\"acc1601653096\").getElementsByClassName(\"accordion-title\");\r\nfor (var i = 0; i < titles.length; i++) {\r\n    titles[i].addEventListener(\"click\", function() {\r\n        if (\"openlots\" == \"openone\") {\r\n            if(this.classList.contains(\"active\")) {\r\n                this.classList.toggle(\"active\");\r\n                this.nextElementSibling.style.maxHeight = null;\r\n            }\r\n            else {\r\n                document.querySelectorAll('#acc1601653096 .accordion-title').forEach(el => el.classList.remove('active'));\r\n                document.querySelectorAll('#acc1601653096 .accordion-content').forEach(el => el.style.maxHeight = null);\r\n                this.classList.toggle(\"active\");\r\n                var panel = this.nextElementSibling;\r\n                if (this.classList.contains(\"active\")) {\r\n                    panel.style.maxHeight = panel.scrollHeight + \"px\";\r\n                } else {\r\n                panel.style.maxHeight = null;\r\n                }\r\n            }\r\n        }\r\n        else {\r\n            this.classList.toggle(\"active\");\r\n            var panel = this.nextElementSibling;\r\n            if (this.classList.contains(\"active\")) {\r\n                panel.style.maxHeight = panel.scrollHeight + \"px\";\r\n            } else {\r\n            panel.style.maxHeight = null;\r\n            }\r\n        }\r\n    });\r\n}\r\n<\/script>\n\n\n<div class=\"wp-block-columns is-layout-flex wp-container-core-columns-is-layout-28f84493 wp-block-columns-is-layout-flex\">\n<div class=\"wp-block-column is-layout-flow wp-block-column-is-layout-flow\"><\/div>\n\n\n\n<div class=\"wp-block-column is-layout-flow wp-block-column-is-layout-flow\"><\/div>\n<\/div>\n\n\n\n<div class=\"wp-block-columns is-layout-flex wp-container-core-columns-is-layout-28f84493 wp-block-columns-is-layout-flex\">\n<div class=\"wp-block-column is-layout-flow wp-block-column-is-layout-flow\">\n<h2 class=\"wp-block-heading\" id=\"filaire\">Balise de g\u00e9olocalisation filaire<\/h2>\n\n\n\n<p>Les dimensions de la balise filaire de Quartix sont 9 cm x 5,5 cm x 2,4 cm, pour un poids de 90 g uniquement. L\u2019intervention du technicien peut durer entre 30 et 40 minutes. Une fois install\u00e9, le dispositif est enti\u00e8rement dissimul\u00e9.<\/p>\n\n\n\n<p>Apr\u00e8s l\u2019installation, la manipulation de la balise filaire est extr\u00eamement difficile. Elle vous permet aussi d\u2019avoir acc\u00e8s \u00e0 des fonctionnalit\u00e9s suppl\u00e9mentaires, comme le lecteur de badge pour l\u2019identification du chauffeur et les fonctions auxiliaires.<\/p>\n\n\n\n<p>Pour mieux r\u00e9pondre aux besoins de votre activit\u00e9, les cr\u00e9neaux d\u2019installation peuvent \u00eatre convenus partout en France, aussi bien pendant la journ\u00e9e de travail que le soir et le week-end.<\/p>\n<\/div>\n\n\n\n<div class=\"wp-block-column is-layout-flow wp-block-column-is-layout-flow\">\n<figure class=\"wp-block-image\"><img decoding=\"async\" src=\" https:\/\/www.quartix.com\/content\/uploads\/2021\/05\/vehicle-tracking-device-hardwired-1.jpg\" alt=\"\"\/><\/figure>\n<\/div>\n<\/div>\n\n\n\n<h2 class=\"wp-block-heading\" id=\"autoinstallation\">Balise d\u2019auto-installation : l\u2019option la plus flexible<\/h2>\n\n\n\n<p>Pour les clients ayant besoin de transf\u00e9rer r\u00e9guli\u00e8rement leurs balises entre deux v\u00e9hicules, les balises \u00e0 installer soi-m\u00eame constituent la solution la plus pratique, car elles sont amovibles et ne n\u00e9cessitent pas l\u2019intervention d\u2019un technicien.<\/p>\n\n\n\n<p>Quartix propose deux diff\u00e9rentes balises d\u2019auto-installation avec les m\u00eames fonctionnalit\u00e9s en termes de suivi en temps r\u00e9el et de rapports simples que la balise filaire, mais sans les options compl\u00e9mentaires. Voici plus d\u2019informations sur nos balises \u00e0 installer soi-m\u00eame.<\/p>\n\n\n\n<div class=\"wp-block-columns is-layout-flex wp-container-core-columns-is-layout-28f84493 wp-block-columns-is-layout-flex\">\n<div class=\"wp-block-column is-layout-flow wp-block-column-is-layout-flow\">\n<h2 class=\"wp-block-heading\">Balise de g\u00e9olocalisation Connect &amp; Track<\/h2>\n\n\n\n<p>La Connect &amp; Track est une balise simple et discr\u00e8te \u00e0 installer soi-m\u00eame. Il suffit de brancher simplement les deux c\u00e2bles de la balise \u00e0 la batterie de votre v\u00e9hicule pour acc\u00e9der en quelques minutes aux donn\u00e9es t\u00e9l\u00e9matiques relatives \u00e0 vos trajets.<\/p>\n\n\n\n<p>La balise Connect &amp; Track est relativement simple \u00e0 transf\u00e9rer entre deux v\u00e9hicules et constitue le choix id\u00e9al pour les contrats temporaires et les entreprises avec des v\u00e9hicules en leasing. Le dispositif est compatible avec tous types de v\u00e9hicules.<\/p>\n\n\n\n<p>Caract\u00e9ristiques principales de la Connect &amp; Track :<\/p>\n\n\n\n<ul class=\"wp-block-list\">\n<li>Aucune intervention du technicien<\/li>\n\n\n\n<li>Dispositif dissimul\u00e9<\/li>\n\n\n\n<li>Mises \u00e0 jour simples et en temps r\u00e9el<\/li>\n\n\n\n<li>Alertes de d\u00e9connexion par e-mail<\/li>\n<\/ul>\n<\/div>\n\n\n\n<div class=\"wp-block-column is-layout-flow wp-block-column-is-layout-flow\">\n<figure class=\"wp-block-image size-full\"><img loading=\"lazy\" decoding=\"async\" width=\"500\" height=\"333\" src=\" https:\/\/www.quartix.com\/content\/uploads\/2021\/05\/vehicle-tracking-device-battery-connected-1.jpg\" alt=\"\" class=\"wp-image-55073\" srcset=\"https:\/\/www.quartix.com\/content\/uploads\/2021\/05\/vehicle-tracking-device-battery-connected-1.jpg 500w, https:\/\/www.quartix.com\/content\/uploads\/2021\/05\/vehicle-tracking-device-battery-connected-1-300x200.jpg 300w\" sizes=\"auto, (max-width: 500px) 100vw, 500px\" \/><\/figure>\n<\/div>\n<\/div>\n\n\n\n<p><a role=\"button\" href=\"\/fr-fr\/connect-track\/\">Plus d\u2019informations sur l\u2019installation de la Connect &amp; Track<br><\/a><\/p>\n\n\n\n<div class=\"wp-block-columns is-layout-flex wp-container-core-columns-is-layout-28f84493 wp-block-columns-is-layout-flex\">\n<div class=\"wp-block-column is-layout-flow wp-block-column-is-layout-flow\">\n<h2 class=\"wp-block-heading\">Balise de g\u00e9olocalisation Plug &amp; Track<\/h2>\n\n\n\n<p>La balise Plug &amp; Track de Quartix ou OBD est id\u00e9ale si vous avez besoin d\u2019une mani\u00e8re simple et rapide de transf\u00e9rer votre balise entre deux v\u00e9hicules.<\/p>\n\n\n\n<p>La balise Plug &amp; Track se branche directement \u00e0 la prise diagnostique du v\u00e9hicule et convient parfaitement pour les v\u00e9hicules utilitaires, l\u00e9gers et notamment les v\u00e9hicules en leasing.<\/p>\n\n\n\n<p>Caract\u00e9ristiques principales de la Plug &amp; Track :<\/p>\n\n\n\n<ul class=\"wp-block-list\">\n<li>Mises \u00e0 jour du syst\u00e8me et du firmware simples, rapides et en temps r\u00e9el<\/li>\n\n\n\n<li>Batterie interne int\u00e9gr\u00e9e<\/li>\n\n\n\n<li>Alertes lorsque :\n<ul class=\"wp-block-list\">\n<li>La balise est connect\u00e9e<\/li>\n\n\n\n<li>La balise est d\u00e9connect\u00e9e<\/li>\n\n\n\n<li>Le v\u00e9hicule se d\u00e9place avec le contact&nbsp;coup\u00e9<\/li>\n<\/ul>\n<\/li>\n<\/ul>\n<\/div>\n\n\n\n<div class=\"wp-block-column is-layout-flow wp-block-column-is-layout-flow\">\n<figure class=\"wp-block-image size-large\"><img loading=\"lazy\" decoding=\"async\" width=\"1000\" height=\"769\" src=\" https:\/\/www.quartix.com\/content\/uploads\/2019\/04\/PlugTrackUnit-1000x769.png\" alt=\"\" class=\"wp-image-54233\" srcset=\"https:\/\/www.quartix.com\/content\/uploads\/2019\/04\/PlugTrackUnit-1000x769.png 1000w, https:\/\/www.quartix.com\/content\/uploads\/2019\/04\/PlugTrackUnit-300x231.png 300w, https:\/\/www.quartix.com\/content\/uploads\/2019\/04\/PlugTrackUnit-768x590.png 768w, https:\/\/www.quartix.com\/content\/uploads\/2019\/04\/PlugTrackUnit.png 1661w\" sizes=\"auto, (max-width: 1000px) 100vw, 1000px\" \/><\/figure>\n<\/div>\n<\/div>\n\n\n\n<p><a role=\"button\" href=\"\/fr-fr\/balise-plug-track-obd\/\">Plus d\u2019informations sur l\u2019installation de la Plug &amp; Track<\/a><\/p>\n\n\n\n<p><\/p>\n\n\n\n<p>Vous vous demandez comment se passent les premiers pas avec la g\u00e9olocalisation de v\u00e9hicules Quartix ? Consultez notre&nbsp;<a href=\" https:\/\/www.quartix.com\/fr-fr\/blog\/quartix-repond-a-vos-questions-premiers-pas-avec-la-geolocalisation-de-vehicules\/\">article de blog<\/a>.<\/p>\n","protected":false},"excerpt":{"rendered":"<p>Balises GPS : comment les installer ? Quartix vous propose trois types de balise avec chacune un processus d\u2019installation diff\u00e9rent. Cela vous permet de choisir le type d\u2019installation qui r\u00e9pond aux besoins de votre entreprise. La balise filaire de Quartix doit \u00eatre install\u00e9e par un technicien sp\u00e9cialis\u00e9. Il s\u2019agit d\u2019une intervention rapide, qui n\u00e9cessite cependant [&hellip;]<\/p>\n","protected":false},"author":12,"featured_media":0,"parent":0,"menu_order":110,"comment_status":"closed","ping_status":"closed","template":"","meta":{"_acf_changed":false,"inline_featured_image":false,"footnotes":""},"topic":[],"qtx_campaign":[],"class_list":["post-55006","page","type-page","status-publish","hentry"],"acf":[],"yoast_head":"<!-- This site is optimized with the Yoast SEO Premium plugin v27.3 (Yoast SEO v27.3) - https:\/\/yoast.com\/product\/yoast-seo-premium-wordpress\/ -->\n<title>Balises GPS Options | Syst\u00e8me de g\u00e9olocalisation de v\u00e9hicules - FR<\/title>\n<meta name=\"description\" content=\"D\u00e9couvrez les options des balises GPS Quartix. Nos balises filaires et OBD permettent d&#039;acc\u00e9der au m\u00eame syst\u00e8me de g\u00e9olocalisation de v\u00e9hicules.\" \/>\n<meta name=\"robots\" content=\"index, follow, max-snippet:-1, max-image-preview:large, max-video-preview:-1\" \/>\n<link rel=\"canonical\" href=\"https:\/\/www.quartix.com\/fr-fr\/balises-gps-de-geolocalisation\/\" \/>\n<meta property=\"og:locale\" content=\"fr_FR\" \/>\n<meta property=\"og:type\" content=\"article\" \/>\n<meta property=\"og:title\" content=\"Balises GPS de g\u00e9olocalisation\" \/>\n<meta property=\"og:description\" content=\"D\u00e9couvrez les options des balises GPS Quartix. Nos balises filaires et OBD permettent d&#039;acc\u00e9der au m\u00eame syst\u00e8me de g\u00e9olocalisation de v\u00e9hicules.\" \/>\n<meta property=\"og:url\" content=\"https:\/\/www.quartix.com\/fr-fr\/balises-gps-de-geolocalisation\/\" \/>\n<meta property=\"og:site_name\" content=\"Quartix\" \/>\n<meta property=\"article:publisher\" content=\"https:\/\/www.facebook.com\/Quartix-USA-374426386097401\/\" \/>\n<meta property=\"article:modified_time\" content=\"2023-08-24T13:46:52+00:00\" \/>\n<meta name=\"twitter:card\" content=\"summary_large_image\" \/>\n<meta name=\"twitter:site\" content=\"@QuartixUSA\" \/>\n<meta name=\"twitter:label1\" content=\"Est. reading time\" \/>\n\t<meta name=\"twitter:data1\" content=\"4 minutes\" \/>\n<!-- \/ Yoast SEO Premium plugin. -->","yoast_head_json":{"title":"Balises GPS Options | Syst\u00e8me de g\u00e9olocalisation de v\u00e9hicules - FR","description":"D\u00e9couvrez les options des balises GPS Quartix. Nos balises filaires et OBD permettent d'acc\u00e9der au m\u00eame syst\u00e8me de g\u00e9olocalisation de v\u00e9hicules.","robots":{"index":"index","follow":"follow","max-snippet":"max-snippet:-1","max-image-preview":"max-image-preview:large","max-video-preview":"max-video-preview:-1"},"canonical":"https:\/\/www.quartix.com\/fr-fr\/balises-gps-de-geolocalisation\/","og_locale":"fr_FR","og_type":"article","og_title":"Balises GPS de g\u00e9olocalisation","og_description":"D\u00e9couvrez les options des balises GPS Quartix. Nos balises filaires et OBD permettent d'acc\u00e9der au m\u00eame syst\u00e8me de g\u00e9olocalisation de v\u00e9hicules.","og_url":"https:\/\/www.quartix.com\/fr-fr\/balises-gps-de-geolocalisation\/","og_site_name":"Quartix","article_publisher":"https:\/\/www.facebook.com\/Quartix-USA-374426386097401\/","article_modified_time":"2023-08-24T13:46:52+00:00","twitter_card":"summary_large_image","twitter_site":"@QuartixUSA","twitter_misc":{"Est. reading time":"4 minutes"},"schema":{"@context":"https:\/\/schema.org","@graph":[{"@type":"WebPage","@id":"https:\/\/www.quartix.com\/fr-fr\/balises-gps-de-geolocalisation\/","url":"https:\/\/www.quartix.com\/fr-fr\/balises-gps-de-geolocalisation\/","name":"Balises GPS Options | Syst\u00e8me de g\u00e9olocalisation de v\u00e9hicules","isPartOf":{"@id":"https:\/\/www.quartix.com\/fr-fr\/#website"},"datePublished":"2021-05-10T10:41:27+00:00","dateModified":"2023-08-24T13:46:52+00:00","description":"D\u00e9couvrez les options des balises GPS Quartix. Nos balises filaires et OBD permettent d'acc\u00e9der au m\u00eame syst\u00e8me de g\u00e9olocalisation de v\u00e9hicules.","breadcrumb":{"@id":"https:\/\/www.quartix.com\/fr-fr\/balises-gps-de-geolocalisation\/#breadcrumb"},"inLanguage":"fr-FR","potentialAction":[{"@type":"ReadAction","target":["https:\/\/www.quartix.com\/fr-fr\/balises-gps-de-geolocalisation\/"]}]},{"@type":"BreadcrumbList","@id":"https:\/\/www.quartix.com\/fr-fr\/balises-gps-de-geolocalisation\/#breadcrumb","itemListElement":[{"@type":"ListItem","position":1,"name":"Accueil","item":"https:\/\/www.quartix.com\/fr-fr\/"},{"@type":"ListItem","position":2,"name":"Balises GPS de g\u00e9olocalisation"}]},{"@type":"WebSite","@id":"https:\/\/www.quartix.com\/fr-fr\/#website","url":"https:\/\/www.quartix.com\/fr-fr\/","name":"Quartix","description":"Real-time vehicle tracking","publisher":{"@id":"https:\/\/www.quartix.com\/fr-fr\/#organization"},"potentialAction":[{"@type":"SearchAction","target":{"@type":"EntryPoint","urlTemplate":"https:\/\/www.quartix.com\/fr-fr\/?s={search_term_string}"},"query-input":{"@type":"PropertyValueSpecification","valueRequired":true,"valueName":"search_term_string"}}],"inLanguage":"fr-FR"},{"@type":"Organization","@id":"https:\/\/www.quartix.com\/fr-fr\/#organization","name":"Quartix","url":"https:\/\/www.quartix.com\/fr-fr\/","logo":{"@type":"ImageObject","inLanguage":"fr-FR","@id":"https:\/\/www.quartix.com\/fr-fr\/#\/schema\/logo\/image\/","url":"https:\/\/www.quartix.com\/content\/uploads\/2019\/02\/quartix-logo-eur.svg","contentUrl":"https:\/\/www.quartix.com\/content\/uploads\/2019\/02\/quartix-logo-eur.svg","width":1,"height":1,"caption":"Quartix"},"image":{"@id":"https:\/\/www.quartix.com\/fr-fr\/#\/schema\/logo\/image\/"},"sameAs":["https:\/\/www.facebook.com\/Quartix-USA-374426386097401\/","https:\/\/x.com\/QuartixUSA","https:\/\/www.linkedin.com\/company\/5346733\/","https:\/\/www.youtube.com\/channel\/UCzS-_GMfHF4kWiCheyIRrAQ"]}]}},"_links":{"self":[{"href":"https:\/\/www.quartix.com\/fr-fr\/wp-json\/wp\/v2\/pages\/55006","targetHints":{"allow":["GET"]}}],"collection":[{"href":"https:\/\/www.quartix.com\/fr-fr\/wp-json\/wp\/v2\/pages"}],"about":[{"href":"https:\/\/www.quartix.com\/fr-fr\/wp-json\/wp\/v2\/types\/page"}],"author":[{"embeddable":true,"href":"https:\/\/www.quartix.com\/fr-fr\/wp-json\/wp\/v2\/users\/12"}],"replies":[{"embeddable":true,"href":"https:\/\/www.quartix.com\/fr-fr\/wp-json\/wp\/v2\/comments?post=55006"}],"version-history":[{"count":0,"href":"https:\/\/www.quartix.com\/fr-fr\/wp-json\/wp\/v2\/pages\/55006\/revisions"}],"wp:attachment":[{"href":"https:\/\/www.quartix.com\/fr-fr\/wp-json\/wp\/v2\/media?parent=55006"}],"wp:term":[{"taxonomy":"topic","embeddable":true,"href":"https:\/\/www.quartix.com\/fr-fr\/wp-json\/wp\/v2\/topic?post=55006"},{"taxonomy":"qtx_campaign","embeddable":true,"href":"https:\/\/www.quartix.com\/fr-fr\/wp-json\/wp\/v2\/qtx_campaign?post=55006"}],"curies":[{"name":"wp","href":"https:\/\/api.w.org\/{rel}","templated":true}]}}