{"id":55126,"date":"2021-05-10T17:54:47","date_gmt":"2021-05-10T16:54:47","guid":{"rendered":" https:\/\/www.quartix.com\/?page_id=55126"},"modified":"2022-03-28T15:32:25","modified_gmt":"2022-03-28T14:32:25","slug":"compteur-horaire-moteur","status":"publish","type":"page","link":"https:\/\/www.quartix.com\/fr-fr\/geolocalisation\/compteur-horaire-moteur\/","title":{"rendered":"Compteur horaire moteur : une id\u00e9e plus pr\u00e9cise de l\u2019utilisation de votre flotte"},"content":{"rendered":"\n<h2 class=\"wp-block-heading\">Contr\u00f4lez l\u2019utilisation r\u00e9elle de votre moteur<\/h2>\n\n\n\n<p>Les rapports de r\u00e9vision Quartix contiennent des informations sur le compteur horaire moteur pour conna\u00eetre pr\u00e9cis\u00e9ment la dur\u00e9e de mise en marche d\u2019un v\u00e9hicule \u00e9quip\u00e9 du syst\u00e8me Quartix sur une p\u00e9riode donn\u00e9e. Ces informations peuvent s\u2019av\u00e9rer utiles au moment de calculer l\u2019usure de vos v\u00e9hicules et d\u2019en relever l\u2019utilisation, m\u00eame lorsqu\u2019ils sont stationnaires. Le syst\u00e8me Quartix calcule le kilom\u00e9trage \u00e0 partir de la <a href=\"\/fr-fr\/geolocalisation\/rapports-detailles\/\" target=\"_blank\" rel=\"noopener\">distance totale parcourue<\/a>, pendant que les heures de fonctionnement du moteur sont analys\u00e9es en parall\u00e8le, ce qui permet de garantir un contr\u00f4le suppl\u00e9mentaire aux donn\u00e9es d\u2019utilisation de votre flotte.<\/p>\n\n\n\n<div class=\"wp-block-columns is-layout-flex wp-container-core-columns-is-layout-28f84493 wp-block-columns-is-layout-flex\">\n<div class=\"wp-block-column is-layout-flow wp-block-column-is-layout-flow\">\n<p>Les donn\u00e9es du compteur horaire moteur sont particuli\u00e8rement utiles pour suivre des v\u00e9hicules qui travaillent non seulement sur un seul site comme les bulldozers, les tondeuses autoport\u00e9es et les excavatrices, mais \u00e9galement pour des flottes plus mobiles. Il devient plus simple de comprendre les co\u00fbts li\u00e9s au carburant et \u00e0 l\u2019entretien si l\u2019on associe le compteur horaire moteur aux activit\u00e9s des v\u00e9hicules en mouvement. Ces informations vous permettront d\u2019am\u00e9liorer plus facilement les comportements qui :<\/p>\n\n\n\n<ul class=\"wp-block-list\"><li>mettent en danger la sant\u00e9 et la s\u00e9curit\u00e9 de vos employ\u00e9s<\/li><li>compromettent la garantie des v\u00e9hicules<\/li><li>g\u00e9n\u00e8rent des co\u00fbts superflus<\/li><\/ul>\n<\/div>\n\n\n\n<div class=\"wp-block-column is-layout-flow wp-block-column-is-layout-flow\">\n<figure class=\"wp-block-image\"><img decoding=\"async\" src=\" https:\/\/www.quartix.com\/content\/uploads\/2020\/10\/machinery-being-operated.jpg\" alt=\"Heavy Machinery\"\/><\/figure>\n<\/div>\n<\/div>\n\n\n\n<h2 class=\"wp-block-heading\">\u00c9vitez une mauvaise utilisation de votre flotte<\/h2>\n\n\n\n<p>Connaitre la dur\u00e9e d\u2019utilisation exacte de vos v\u00e9hicules peut s\u2019av\u00e9rer fondamental pour en assurer l\u2019entretien et respecter les normes de sant\u00e9 et de s\u00e9curit\u00e9. Il peut \u00eatre n\u00e9cessaire de garder une trace de la dur\u00e9e d\u2019utilisation de vos v\u00e9hicules afin de conserver la validit\u00e9 de votre garantie constructeur.<\/p>\n\n\n\n<div class=\"wp-block-columns is-layout-flex wp-container-core-columns-is-layout-28f84493 wp-block-columns-is-layout-flex\">\n<div class=\"wp-block-column is-layout-flow wp-block-column-is-layout-flow\">\n<h2 class=\"wp-block-heading\">Respectez les limites d\u2019utilisation des \u00e9quipements lourd<\/h2>\n\n\n\n<p>Prot\u00e9gez vos employ\u00e9s en veillant \u00e0 ce qu\u2019ils ne soient pas expos\u00e9s \u00e0 de fortes vibrations sur les \u00e9quipements pendant leurs heures de travail. Les&nbsp;vibrations qui se propagent \u00e0 travers le plancher de certains v\u00e9hicules de travail peuvent causer des probl\u00e8mes de sant\u00e9, y compris des douleurs au dos. Plus le temps pass\u00e9 sur ces v\u00e9hicules est important, plus le risque que l\u2019employ\u00e9 d\u00e9veloppe des probl\u00e8mes sur le long terme augmente. Le compteur horaire moteur vous permet de respecter avec pr\u00e9caution les normes de s\u00e9curit\u00e9 et de prot\u00e9ger vos employ\u00e9s dans ces situations.<\/p>\n<\/div>\n\n\n\n<div class=\"wp-block-column is-layout-flow wp-block-column-is-layout-flow\">\n<figure class=\"wp-block-image\"><img decoding=\"async\" src=\" https:\/\/www.quartix.com\/content\/uploads\/2021\/05\/FR_engine-hours-1000x374.png\" alt=\"\"\/><\/figure>\n<\/div>\n<\/div>\n\n\n\n<div class=\"wp-block-columns is-layout-flex wp-container-core-columns-is-layout-28f84493 wp-block-columns-is-layout-flex\">\n<div class=\"wp-block-column is-layout-flow wp-block-column-is-layout-flow\">\n<figure class=\"wp-block-image\"><img decoding=\"async\" src=\" https:\/\/www.quartix.com\/content\/uploads\/2020\/10\/Oil-change-vehicle.jpg\" alt=\"\"\/><\/figure>\n<\/div>\n\n\n\n<div class=\"wp-block-column is-layout-flow wp-block-column-is-layout-flow\">\n<h2 class=\"wp-block-heading\">Am\u00e9liorez l\u2019\u00e9tat de vos v\u00e9hicules<\/h2>\n\n\n\n<p>Avec l\u2019aide du compteur horaire moteur, r\u00e9glez les bons intervalles pour les changements d\u2019huile et de filtres. Associ\u00e9 aux rapports heures de service \/ r\u00e9vision, le syst\u00e8me Quartix vous aide \u00e0 maintenir votre flotte dans un \u00e9tat de fonctionnement optimal.<\/p>\n\n\n\n<p>Le compteur horaire moteur mettra en \u00e9vidence les endroits o\u00f9 vos v\u00e9hicules sont \u00e0 l\u2019arr\u00eat moteur en marche pour de longues dur\u00e9es. En plus d\u2019entra\u00eener non seulement l\u2019usure de vos v\u00e9hicules, cela augmente la consommation de carburant et les \u00e9missions de CO2. Le <a href=\"\/fr-fr\/geolocalisation\/\" target=\"_blank\" rel=\"noopener\">syst\u00e8me de g\u00e9olocalisation<\/a> de Quartix aide les entreprises \u00e0 am\u00e9liorer ces comportements, \u00e0 r\u00e9duire l\u2019usure des v\u00e9hicules et \u00e0 minimiser les d\u00e9penses en carburant.<\/p>\n\n\n\n<p>D\u00e9couvrez notre <a href=\"\/fr-fr\/guide-eco-conduite-entreprise\/\" target=\"_blank\" rel=\"noopener\">guide \u00e9co-conduite<\/a> pour en savoir plus sur la fa\u00e7on dont l\u2019utilisation des donn\u00e9es de g\u00e9olocalisation peut pr\u00e9server l\u2019\u00e9tat de votre flotte.<\/p>\n<\/div>\n<\/div>\n\n\n\n<h2 class=\"wp-block-heading\">Obtenez un seul point d\u2019information<\/h2>\n\n\n\n<p>Certaines entreprises choisissent le compteur horaire moteur pour conserver la garantie de leurs v\u00e9hicules et en contr\u00f4ler l\u2019utilisation. Pour cela, il est n\u00e9cessaire d\u2019installer une pi\u00e8ce s\u00e9par\u00e9e sur le v\u00e9hicule ou la machine dans le but de calculer les heures de fonctionnement du moteur. Avec Quartix, vous n\u2019avez pas besoin d\u2019un outil de contr\u00f4le suppl\u00e9mentaire. Cette fonctionnalit\u00e9 est int\u00e9gr\u00e9e \u00e0 nos balises et collecte les donn\u00e9es directement sur l\u2019interface afin que vous puissiez les consulter en un clin d\u2019\u0153il.<\/p>\n\n\n\n<p>Pour en savoir plus sur le contr\u00f4le du compteur horaire moteur avec Quartix, <a href=\"\/fr-fr\/entreprise\/contact\/\" target=\"_blank\" rel=\"noopener\">contactez-nous<\/a> d\u00e8s maintenant !<\/p>\n","protected":false},"excerpt":{"rendered":"<p>Contr\u00f4lez l\u2019utilisation r\u00e9elle de votre moteur Les rapports de r\u00e9vision Quartix contiennent des informations sur le compteur horaire moteur pour conna\u00eetre pr\u00e9cis\u00e9ment la dur\u00e9e de mise en marche d\u2019un v\u00e9hicule \u00e9quip\u00e9 du syst\u00e8me Quartix sur une p\u00e9riode donn\u00e9e. Ces informations peuvent s\u2019av\u00e9rer utiles au moment de calculer l\u2019usure de vos v\u00e9hicules et d\u2019en relever l\u2019utilisation, [&hellip;]<\/p>\n","protected":false},"author":12,"featured_media":0,"parent":53132,"menu_order":95,"comment_status":"closed","ping_status":"closed","template":"","meta":{"_acf_changed":false,"inline_featured_image":false,"footnotes":""},"topic":[],"qtx_campaign":[],"class_list":["post-55126","page","type-page","status-publish","hentry"],"acf":[],"yoast_head":"<!-- This site is optimized with the Yoast SEO Premium plugin v27.3 (Yoast SEO v27.3) - https:\/\/yoast.com\/product\/yoast-seo-premium-wordpress\/ -->\n<title>Compteur horaire moteur : une id\u00e9e plus pr\u00e9cise de l\u2019utilisation de votre flotte - FR<\/title>\n<meta name=\"description\" content=\"Le compteur horaire moteur indique la dur\u00e9e pr\u00e9cise de mise en marche de vos v\u00e9hicules pour en assurer l&#039;entretien et respecter les normes de s\u00e9curit\u00e9.\" \/>\n<meta name=\"robots\" content=\"index, follow, max-snippet:-1, max-image-preview:large, max-video-preview:-1\" \/>\n<link rel=\"canonical\" href=\"https:\/\/www.quartix.com\/fr-fr\/geolocalisation\/compteur-horaire-moteur\/\" \/>\n<meta property=\"og:locale\" content=\"fr_FR\" \/>\n<meta property=\"og:type\" content=\"article\" \/>\n<meta property=\"og:title\" content=\"Compteur horaire moteur : une id\u00e9e plus pr\u00e9cise de l\u2019utilisation de votre flotte\" \/>\n<meta property=\"og:description\" content=\"Le compteur horaire moteur indique la dur\u00e9e pr\u00e9cise de mise en marche de vos v\u00e9hicules pour en assurer l&#039;entretien et respecter les normes de s\u00e9curit\u00e9.\" \/>\n<meta property=\"og:url\" content=\"https:\/\/www.quartix.com\/fr-fr\/geolocalisation\/compteur-horaire-moteur\/\" \/>\n<meta property=\"og:site_name\" content=\"Quartix\" \/>\n<meta property=\"article:publisher\" content=\"https:\/\/www.facebook.com\/Quartix-USA-374426386097401\/\" \/>\n<meta property=\"article:modified_time\" content=\"2022-03-28T14:32:25+00:00\" \/>\n<meta name=\"twitter:card\" content=\"summary_large_image\" \/>\n<meta name=\"twitter:site\" content=\"@QuartixUSA\" \/>\n<meta name=\"twitter:label1\" content=\"Est. reading time\" \/>\n\t<meta name=\"twitter:data1\" content=\"4 minutes\" \/>\n<!-- \/ Yoast SEO Premium plugin. -->","yoast_head_json":{"title":"Compteur horaire moteur : une id\u00e9e plus pr\u00e9cise de l\u2019utilisation de votre flotte - FR","description":"Le compteur horaire moteur indique la dur\u00e9e pr\u00e9cise de mise en marche de vos v\u00e9hicules pour en assurer l'entretien et respecter les normes de s\u00e9curit\u00e9.","robots":{"index":"index","follow":"follow","max-snippet":"max-snippet:-1","max-image-preview":"max-image-preview:large","max-video-preview":"max-video-preview:-1"},"canonical":"https:\/\/www.quartix.com\/fr-fr\/geolocalisation\/compteur-horaire-moteur\/","og_locale":"fr_FR","og_type":"article","og_title":"Compteur horaire moteur : une id\u00e9e plus pr\u00e9cise de l\u2019utilisation de votre flotte","og_description":"Le compteur horaire moteur indique la dur\u00e9e pr\u00e9cise de mise en marche de vos v\u00e9hicules pour en assurer l'entretien et respecter les normes de s\u00e9curit\u00e9.","og_url":"https:\/\/www.quartix.com\/fr-fr\/geolocalisation\/compteur-horaire-moteur\/","og_site_name":"Quartix","article_publisher":"https:\/\/www.facebook.com\/Quartix-USA-374426386097401\/","article_modified_time":"2022-03-28T14:32:25+00:00","twitter_card":"summary_large_image","twitter_site":"@QuartixUSA","twitter_misc":{"Est. reading time":"4 minutes"},"schema":{"@context":"https:\/\/schema.org","@graph":[{"@type":"WebPage","@id":"https:\/\/www.quartix.com\/fr-fr\/geolocalisation\/compteur-horaire-moteur\/","url":"https:\/\/www.quartix.com\/fr-fr\/geolocalisation\/compteur-horaire-moteur\/","name":"Compteur horaire moteur : une id\u00e9e plus pr\u00e9cise de l\u2019utilisation de votre flotte","isPartOf":{"@id":"https:\/\/www.quartix.com\/fr-fr\/#website"},"datePublished":"2021-05-10T16:54:47+00:00","dateModified":"2022-03-28T14:32:25+00:00","description":"Le compteur horaire moteur indique la dur\u00e9e pr\u00e9cise de mise en marche de vos v\u00e9hicules pour en assurer l'entretien et respecter les normes de s\u00e9curit\u00e9.","breadcrumb":{"@id":"https:\/\/www.quartix.com\/fr-fr\/geolocalisation\/compteur-horaire-moteur\/#breadcrumb"},"inLanguage":"fr-FR","potentialAction":[{"@type":"ReadAction","target":["https:\/\/www.quartix.com\/fr-fr\/geolocalisation\/compteur-horaire-moteur\/"]}]},{"@type":"BreadcrumbList","@id":"https:\/\/www.quartix.com\/fr-fr\/geolocalisation\/compteur-horaire-moteur\/#breadcrumb","itemListElement":[{"@type":"ListItem","position":1,"name":"Accueil","item":"https:\/\/www.quartix.com\/fr-fr\/quartix-suivi-de-vehicules-en-temps-reel\/"},{"@type":"ListItem","position":2,"name":"G\u00e9olocalisation","item":"https:\/\/www.quartix.com\/fr-fr\/geolocalisation\/"},{"@type":"ListItem","position":3,"name":"Compteur horaire moteur : une id\u00e9e plus pr\u00e9cise de l\u2019utilisation de votre flotte"}]},{"@type":"WebSite","@id":"https:\/\/www.quartix.com\/fr-fr\/#website","url":"https:\/\/www.quartix.com\/fr-fr\/","name":"Quartix","description":"Real-time vehicle tracking","publisher":{"@id":"https:\/\/www.quartix.com\/fr-fr\/#organization"},"potentialAction":[{"@type":"SearchAction","target":{"@type":"EntryPoint","urlTemplate":"https:\/\/www.quartix.com\/fr-fr\/?s={search_term_string}"},"query-input":{"@type":"PropertyValueSpecification","valueRequired":true,"valueName":"search_term_string"}}],"inLanguage":"fr-FR"},{"@type":"Organization","@id":"https:\/\/www.quartix.com\/fr-fr\/#organization","name":"Quartix","url":"https:\/\/www.quartix.com\/fr-fr\/","logo":{"@type":"ImageObject","inLanguage":"fr-FR","@id":"https:\/\/www.quartix.com\/fr-fr\/#\/schema\/logo\/image\/","url":"https:\/\/www.quartix.com\/content\/uploads\/2019\/02\/quartix-logo-eur.svg","contentUrl":"https:\/\/www.quartix.com\/content\/uploads\/2019\/02\/quartix-logo-eur.svg","width":1,"height":1,"caption":"Quartix"},"image":{"@id":"https:\/\/www.quartix.com\/fr-fr\/#\/schema\/logo\/image\/"},"sameAs":["https:\/\/www.facebook.com\/Quartix-USA-374426386097401\/","https:\/\/x.com\/QuartixUSA","https:\/\/www.linkedin.com\/company\/5346733\/","https:\/\/www.youtube.com\/channel\/UCzS-_GMfHF4kWiCheyIRrAQ"]}]}},"_links":{"self":[{"href":"https:\/\/www.quartix.com\/fr-fr\/wp-json\/wp\/v2\/pages\/55126","targetHints":{"allow":["GET"]}}],"collection":[{"href":"https:\/\/www.quartix.com\/fr-fr\/wp-json\/wp\/v2\/pages"}],"about":[{"href":"https:\/\/www.quartix.com\/fr-fr\/wp-json\/wp\/v2\/types\/page"}],"author":[{"embeddable":true,"href":"https:\/\/www.quartix.com\/fr-fr\/wp-json\/wp\/v2\/users\/12"}],"replies":[{"embeddable":true,"href":"https:\/\/www.quartix.com\/fr-fr\/wp-json\/wp\/v2\/comments?post=55126"}],"version-history":[{"count":0,"href":"https:\/\/www.quartix.com\/fr-fr\/wp-json\/wp\/v2\/pages\/55126\/revisions"}],"up":[{"embeddable":true,"href":"https:\/\/www.quartix.com\/fr-fr\/wp-json\/wp\/v2\/pages\/53132"}],"wp:attachment":[{"href":"https:\/\/www.quartix.com\/fr-fr\/wp-json\/wp\/v2\/media?parent=55126"}],"wp:term":[{"taxonomy":"topic","embeddable":true,"href":"https:\/\/www.quartix.com\/fr-fr\/wp-json\/wp\/v2\/topic?post=55126"},{"taxonomy":"qtx_campaign","embeddable":true,"href":"https:\/\/www.quartix.com\/fr-fr\/wp-json\/wp\/v2\/qtx_campaign?post=55126"}],"curies":[{"name":"wp","href":"https:\/\/api.w.org\/{rel}","templated":true}]}}