{"id":55144,"date":"2021-05-10T18:07:46","date_gmt":"2021-05-10T17:07:46","guid":{"rendered":"https:\/\/www.quartix.com\/?page_id=55144"},"modified":"2026-02-25T17:20:27","modified_gmt":"2026-02-25T16:20:27","slug":"suivi-de-flotte","status":"publish","type":"page","link":"https:\/\/www.quartix.com\/fr-fr\/geolocalisation\/suivi-de-flotte\/","title":{"rendered":"Suivi de flotte"},"content":{"rendered":"\n<div class=\"wp-block-columns is-layout-flex wp-container-core-columns-is-layout-28f84493 wp-block-columns-is-layout-flex\">\n<div class=\"wp-block-column is-layout-flow wp-block-column-is-layout-flow\">\n<h2 class=\"wp-block-heading\" id=\"h-suivi-de-vehicules-en-temps-reel\">Suivi de v\u00e9hicules en temps r\u00e9el<\/h2>\n\n\n\n<p>Avec la g\u00e9olocalisation de v\u00e9hicules Quartix, acc\u00e9dez \u00e0 la position des v\u00e9hicules de votre flotte 24h\/7j. Aucun logiciel suppl\u00e9mentaire n\u2019est \u00e0 installer, vous avez seulement besoin d\u2019un appareil connect\u00e9 \u00e0 internet. Les satellites GPS indiquent o\u00f9 se trouvent vos v\u00e9hicules et la technologie GPRS met \u00e0 jour ces informations en continu.<\/p>\n\n\n\n<p><a href=\"https:\/\/www.quartix.com\/fr-fr\/suivi-de-flotte-de-vehicules\/\">En savoir plus sur les avantages de la g\u00e9olocalisation de v\u00e9hicules sur la gestion de flotte<\/a>.<\/p>\n<\/div>\n\n\n\n<div class=\"wp-block-column is-layout-flow wp-block-column-is-layout-flow\">\n<figure class=\"wp-block-image\"><img decoding=\"async\" src=\" https:\/\/www.quartix.com\/content\/uploads\/2021\/05\/FR_laptop-and-phone-only_tracking_1020x754-1-1.png\" alt=\"\"\/><\/figure>\n<\/div>\n<\/div>\n\n\n\n<div class=\"wp-block-columns is-layout-flex wp-container-core-columns-is-layout-28f84493 wp-block-columns-is-layout-flex\">\n<div class=\"wp-block-column is-layout-flow wp-block-column-is-layout-flow\">\n<figure class=\"wp-block-image\"><img decoding=\"async\" src=\" https:\/\/www.quartix.com\/content\/uploads\/2021\/05\/FR_man_at_desk_screens-scaled-1-1000x563.jpg\" alt=\"\"\/><\/figure>\n<\/div>\n\n\n\n<div class=\"wp-block-column is-layout-flow wp-block-column-is-layout-flow\">\n<h2 class=\"wp-block-heading\" id=\"h-localisation-vehicules-de-fonction-sur-google-maps\">Localisation v\u00e9hicules de fonction sur Google Maps<\/h2>\n\n\n\n<p>Avec l\u2019int\u00e9gration des cartes Google Satellite, Street View et Traffic, notre syst\u00e8me rend le <a href=\"https:\/\/www.quartix.com\/fr-fr\/suivi-de-flotte-de-vehicules\/\">suivi de flotte<\/a> simple et vous donne une vue d\u2019ensemble de l\u2019activit\u00e9 de vos chauffeurs vous permettant d\u2019am\u00e9liorer la gestion de flotte et votre r\u00e9activit\u00e9.<\/p>\n<\/div>\n<\/div>\n\n\n\n<div class=\"wp-block-columns is-layout-flex wp-container-core-columns-is-layout-28f84493 wp-block-columns-is-layout-flex\">\n<div class=\"wp-block-column is-layout-flow wp-block-column-is-layout-flow\">\n<h2 class=\"wp-block-heading\" id=\"h-accedez-a-l-historique-de-suivi-de-vehicules\">Acc\u00e9dez \u00e0 l\u2019historique de suivi de v\u00e9hicules<\/h2>\n\n\n\n<p>Vous avez besoin d\u2019information concernant l\u2019activit\u00e9 du dernier trimestre ? Les donn\u00e9es recueillies par le syst\u00e8me Quartix sont accessibles depuis l\u2019interface. Vous pouvez \u00e9diter et exporter l\u2019historique de l\u2019activit\u00e9 de vos v\u00e9hicules*.<\/p>\n\n\n\n<p><em>*En fonction des finalit\u00e9s et de la dur\u00e9e de conservation des donn\u00e9es d\u00e9clar\u00e9es \u00e0 la CNIL.<\/em><\/p>\n<\/div>\n\n\n\n<div class=\"wp-block-column is-layout-flow wp-block-column-is-layout-flow\">\n<figure class=\"wp-block-image\"><img decoding=\"async\" src=\" https:\/\/www.quartix.com\/content\/uploads\/2021\/05\/FR-carnet-de-route-1000x663.jpg\" alt=\"\"\/><\/figure>\n<\/div>\n<\/div>\n\n\n\n<div class=\"wp-block-columns is-layout-flex wp-container-core-columns-is-layout-28f84493 wp-block-columns-is-layout-flex\">\n<div class=\"wp-block-column is-layout-flow wp-block-column-is-layout-flow\">\n<figure class=\"wp-block-image size-large\"><img loading=\"lazy\" decoding=\"async\" width=\"1000\" height=\"750\" src=\"https:\/\/www.quartix.com\/content\/uploads\/2026\/02\/FR-Heatmap-1000x750.png\" alt=\"Screenshot of a French route heatmap tool showing major vehicle routes between Geneva and Montpellier, with highlighted paths and input fields for dates, vehicle type, and group.\" class=\"wp-image-129915\" srcset=\"https:\/\/www.quartix.com\/content\/uploads\/2026\/02\/FR-Heatmap-1000x750.png 1000w, https:\/\/www.quartix.com\/content\/uploads\/2026\/02\/FR-Heatmap-300x225.png 300w, https:\/\/www.quartix.com\/content\/uploads\/2026\/02\/FR-Heatmap-768x576.png 768w, https:\/\/www.quartix.com\/content\/uploads\/2026\/02\/FR-Heatmap.png 1200w\" sizes=\"auto, (max-width: 1000px) 100vw, 1000px\" \/><\/figure>\n<\/div>\n\n\n\n<div class=\"wp-block-column is-layout-flow wp-block-column-is-layout-flow\">\n<h2 class=\"wp-block-heading\" id=\"h-carte-thermique-comprendre-les-deplacements-de-vos-vehicules-n-a-jamais-ete-aussi-simple\"><strong>Carte thermique : comprendre les d\u00e9placements de vos v\u00e9hicules n&#8217;a jamais \u00e9t\u00e9 aussi simple<\/strong><\/h2>\n\n\n\n<p>Avez-vous d\u00e9j\u00e0 voulu savoir quelles routes vos v\u00e9hicules empruntent le plus souvent ? Avec la carte thermique de Quartix, vous pouvez le voir en un instant : une carte color\u00e9e vous montre o\u00f9 l&#8217;activit\u00e9 est la plus importante. Plus la couleur est vive, plus cet itin\u00e9raire a \u00e9t\u00e9 utilis\u00e9.<\/p>\n\n\n\n<p>S\u00e9lectionnez simplement les v\u00e9hicules qui vous int\u00e9ressent et la p\u00e9riode \u00e0 analyser, et la carte s&#8217;occupe du reste. Vous pourrez ainsi comprendre comment se d\u00e9place votre flotte, rep\u00e9rer les trajets inutilement r\u00e9p\u00e9t\u00e9s et \u00e9conomiser du temps et de l&#8217;argent au quotidien.<\/p>\n<\/div>\n<\/div>\n\n\n\n<div class=\"wp-block-columns is-layout-flex wp-container-core-columns-is-layout-28f84493 wp-block-columns-is-layout-flex\">\n<div class=\"wp-block-column is-layout-flow wp-block-column-is-layout-flow\">\n<figure class=\"wp-block-image\"><img decoding=\"async\" src=\" https:\/\/www.quartix.com\/content\/uploads\/2021\/05\/FR-mobile-app-563x1000.jpg\" alt=\"\"\/><\/figure>\n<\/div>\n\n\n\n<div class=\"wp-block-column is-layout-flow wp-block-column-is-layout-flow\">\n<h2 class=\"wp-block-heading\" id=\"h-application-mobile\">Application Mobile<\/h2>\n\n\n\n<p>L&#8217;application mobile Quartix permet aux utilisateurs de suivre l&#8217;emplacement de leurs v\u00e9hicules en temps r\u00e9el et d&#8217;acc\u00e9der aux fonctionnalit\u00e9s principales du syst\u00e8me \u00e0 tout moment. <a href=\"https:\/\/www.quartix.com\/fr-fr\/geolocalisation\/application-mobile\/\">L&#8217;application<\/a> Quartix propose trois fonctionnalit\u00e9s principales :<\/p>\n\n\n\n<ul class=\"wp-block-list\">\n<li>Liste des v\u00e9hicules : un r\u00e9sum\u00e9 de tous les v\u00e9hicules auxquels l&#8217;utilisateur a acc\u00e8s, et leur position actuelle.<\/li>\n\n\n\n<li>Localisation flotte en temps r\u00e9el : affiche l\u2019emplacement d\u2019un v\u00e9hicule choisi en temps r\u00e9el, ainsi que d&#8217;autres v\u00e9hicules dans la zone. Le v\u00e9hicule peut \u00eatre s\u00e9lectionn\u00e9 pour \u00eatre suivi par l&#8217;application, la carte sera automatiquement mise \u00e0 jour.<\/li>\n\n\n\n<li>Donn\u00e9es de trajets : indiquent le d\u00e9tail des trajets effectu\u00e9s. Vous pouvez \u00e9galement acc\u00e9der \u00e0 l\u2019historique de suivi.<\/li>\n<\/ul>\n\n\n\n<p>L\u2019application mobile est gratuite et peut \u00eatre utilis\u00e9e par tous les clients de Quartix.<\/p>\n\n\n\n<p><a href=\"https:\/\/play.google.com\/store\/apps\/details?id=com.quartix.mobiletracking&amp;hl=fr\">Google Play<\/a><br><a href=\"https:\/\/itunes.apple.com\/fr\/app\/suivi-de-v%C3%A9hicules-quartix\/id783601545?mt=8\">Apple Store<\/a><br><a href=\"https:\/\/www.microsoft.com\/fr-fr\/p\/quartix\/9nblggh0jr5m?rtc=1&amp;activetab=pivot%3aoverviewtab\">Windows Store<\/a><\/p>\n<\/div>\n<\/div>\n\n\n\n<p><a href=\" https:\/\/www.quartix.com\/content\/uploads\/2021\/05\/FR-carnet-de-route.jpg\" data-elementor-open-lightbox=\"yes\" data-elementor-lightbox-title=\"FR-carnet-de-route\"><br> <\/a><br><\/p>\n","protected":false},"excerpt":{"rendered":"<p>Suivi de v\u00e9hicules en temps r\u00e9el Avec la g\u00e9olocalisation de v\u00e9hicules Quartix, acc\u00e9dez \u00e0 la position des v\u00e9hicules de votre flotte 24h\/7j. Aucun logiciel suppl\u00e9mentaire n\u2019est \u00e0 installer, vous avez seulement besoin d\u2019un appareil connect\u00e9 \u00e0 internet. Les satellites GPS indiquent o\u00f9 se trouvent vos v\u00e9hicules et la technologie GPRS met \u00e0 jour ces informations [&hellip;]<\/p>\n","protected":false},"author":12,"featured_media":0,"parent":53132,"menu_order":10,"comment_status":"closed","ping_status":"closed","template":"","meta":{"_acf_changed":false,"inline_featured_image":false,"footnotes":""},"topic":[],"qtx_campaign":[],"class_list":["post-55144","page","type-page","status-publish","hentry"],"acf":[],"yoast_head":"<!-- This site is optimized with the Yoast SEO Premium plugin v27.3 (Yoast SEO v27.3) - https:\/\/yoast.com\/product\/yoast-seo-premium-wordpress\/ -->\n<title>Suivi de flotte et g\u00e9olocalisation de v\u00e9hicules | Contrats flexibles - FR<\/title>\n<meta name=\"description\" content=\"Solution de suivi de flotte et g\u00e9olocalisation de v\u00e9hicules pour entreprises. Acc\u00e9dez au suivi de v\u00e9hicules en ligne 24h\/7j et \u00e0 des rapports d&#039;activit\u00e9.\" \/>\n<meta name=\"robots\" content=\"index, follow, max-snippet:-1, max-image-preview:large, max-video-preview:-1\" \/>\n<link rel=\"canonical\" href=\"https:\/\/www.quartix.com\/fr-fr\/geolocalisation\/suivi-de-flotte\/\" \/>\n<meta property=\"og:locale\" content=\"fr_FR\" \/>\n<meta property=\"og:type\" content=\"article\" \/>\n<meta property=\"og:title\" content=\"Suivi de flotte\" \/>\n<meta property=\"og:description\" content=\"Solution de suivi de flotte et g\u00e9olocalisation de v\u00e9hicules pour entreprises. Acc\u00e9dez au suivi de v\u00e9hicules en ligne 24h\/7j et \u00e0 des rapports d&#039;activit\u00e9.\" \/>\n<meta property=\"og:url\" content=\"https:\/\/www.quartix.com\/fr-fr\/geolocalisation\/suivi-de-flotte\/\" \/>\n<meta property=\"og:site_name\" content=\"Quartix\" \/>\n<meta property=\"article:publisher\" content=\"https:\/\/www.facebook.com\/Quartix-USA-374426386097401\/\" \/>\n<meta property=\"article:modified_time\" content=\"2026-02-25T16:20:27+00:00\" \/>\n<meta property=\"og:image\" content=\"https:\/\/www.quartix.com\/content\/uploads\/2026\/02\/FR-Heatmap-1000x750.png\" \/>\n<meta name=\"twitter:card\" content=\"summary_large_image\" \/>\n<meta name=\"twitter:site\" content=\"@QuartixUSA\" \/>\n<meta name=\"twitter:label1\" content=\"Est. reading time\" \/>\n\t<meta name=\"twitter:data1\" content=\"4 minutes\" \/>\n<!-- \/ Yoast SEO Premium plugin. -->","yoast_head_json":{"title":"Suivi de flotte et g\u00e9olocalisation de v\u00e9hicules | Contrats flexibles - FR","description":"Solution de suivi de flotte et g\u00e9olocalisation de v\u00e9hicules pour entreprises. Acc\u00e9dez au suivi de v\u00e9hicules en ligne 24h\/7j et \u00e0 des rapports d'activit\u00e9.","robots":{"index":"index","follow":"follow","max-snippet":"max-snippet:-1","max-image-preview":"max-image-preview:large","max-video-preview":"max-video-preview:-1"},"canonical":"https:\/\/www.quartix.com\/fr-fr\/geolocalisation\/suivi-de-flotte\/","og_locale":"fr_FR","og_type":"article","og_title":"Suivi de flotte","og_description":"Solution de suivi de flotte et g\u00e9olocalisation de v\u00e9hicules pour entreprises. Acc\u00e9dez au suivi de v\u00e9hicules en ligne 24h\/7j et \u00e0 des rapports d'activit\u00e9.","og_url":"https:\/\/www.quartix.com\/fr-fr\/geolocalisation\/suivi-de-flotte\/","og_site_name":"Quartix","article_publisher":"https:\/\/www.facebook.com\/Quartix-USA-374426386097401\/","article_modified_time":"2026-02-25T16:20:27+00:00","og_image":[{"url":"https:\/\/www.quartix.com\/content\/uploads\/2026\/02\/FR-Heatmap-1000x750.png","type":"","width":"","height":""}],"twitter_card":"summary_large_image","twitter_site":"@QuartixUSA","twitter_misc":{"Est. reading time":"4 minutes"},"schema":{"@context":"https:\/\/schema.org","@graph":[{"@type":"WebPage","@id":"https:\/\/www.quartix.com\/fr-fr\/geolocalisation\/suivi-de-flotte\/","url":"https:\/\/www.quartix.com\/fr-fr\/geolocalisation\/suivi-de-flotte\/","name":"Suivi de flotte et g\u00e9olocalisation de v\u00e9hicules | Contrats flexibles","isPartOf":{"@id":"https:\/\/www.quartix.com\/fr-fr\/#website"},"primaryImageOfPage":{"@id":"https:\/\/www.quartix.com\/fr-fr\/geolocalisation\/suivi-de-flotte\/#primaryimage"},"image":{"@id":"https:\/\/www.quartix.com\/fr-fr\/geolocalisation\/suivi-de-flotte\/#primaryimage"},"thumbnailUrl":"https:\/\/www.quartix.com\/content\/uploads\/2026\/02\/FR-Heatmap-1000x750.png","datePublished":"2021-05-10T17:07:46+00:00","dateModified":"2026-02-25T16:20:27+00:00","description":"Solution de suivi de flotte et g\u00e9olocalisation de v\u00e9hicules pour entreprises. Acc\u00e9dez au suivi de v\u00e9hicules en ligne 24h\/7j et \u00e0 des rapports d'activit\u00e9.","breadcrumb":{"@id":"https:\/\/www.quartix.com\/fr-fr\/geolocalisation\/suivi-de-flotte\/#breadcrumb"},"inLanguage":"fr-FR","potentialAction":[{"@type":"ReadAction","target":["https:\/\/www.quartix.com\/fr-fr\/geolocalisation\/suivi-de-flotte\/"]}]},{"@type":"ImageObject","inLanguage":"fr-FR","@id":"https:\/\/www.quartix.com\/fr-fr\/geolocalisation\/suivi-de-flotte\/#primaryimage","url":"https:\/\/www.quartix.com\/content\/uploads\/2026\/02\/FR-Heatmap-1000x750.png","contentUrl":"https:\/\/www.quartix.com\/content\/uploads\/2026\/02\/FR-Heatmap-1000x750.png"},{"@type":"BreadcrumbList","@id":"https:\/\/www.quartix.com\/fr-fr\/geolocalisation\/suivi-de-flotte\/#breadcrumb","itemListElement":[{"@type":"ListItem","position":1,"name":"Accueil","item":"https:\/\/www.quartix.com\/fr-fr\/quartix-suivi-de-vehicules-en-temps-reel\/"},{"@type":"ListItem","position":2,"name":"G\u00e9olocalisation","item":"https:\/\/www.quartix.com\/fr-fr\/geolocalisation\/"},{"@type":"ListItem","position":3,"name":"Suivi de flotte"}]},{"@type":"WebSite","@id":"https:\/\/www.quartix.com\/fr-fr\/#website","url":"https:\/\/www.quartix.com\/fr-fr\/","name":"Quartix","description":"Real-time vehicle tracking","publisher":{"@id":"https:\/\/www.quartix.com\/fr-fr\/#organization"},"potentialAction":[{"@type":"SearchAction","target":{"@type":"EntryPoint","urlTemplate":"https:\/\/www.quartix.com\/fr-fr\/?s={search_term_string}"},"query-input":{"@type":"PropertyValueSpecification","valueRequired":true,"valueName":"search_term_string"}}],"inLanguage":"fr-FR"},{"@type":"Organization","@id":"https:\/\/www.quartix.com\/fr-fr\/#organization","name":"Quartix","url":"https:\/\/www.quartix.com\/fr-fr\/","logo":{"@type":"ImageObject","inLanguage":"fr-FR","@id":"https:\/\/www.quartix.com\/fr-fr\/#\/schema\/logo\/image\/","url":"https:\/\/www.quartix.com\/content\/uploads\/2019\/02\/quartix-logo-eur.svg","contentUrl":"https:\/\/www.quartix.com\/content\/uploads\/2019\/02\/quartix-logo-eur.svg","width":1,"height":1,"caption":"Quartix"},"image":{"@id":"https:\/\/www.quartix.com\/fr-fr\/#\/schema\/logo\/image\/"},"sameAs":["https:\/\/www.facebook.com\/Quartix-USA-374426386097401\/","https:\/\/x.com\/QuartixUSA","https:\/\/www.linkedin.com\/company\/5346733\/","https:\/\/www.youtube.com\/channel\/UCzS-_GMfHF4kWiCheyIRrAQ"]}]}},"_links":{"self":[{"href":"https:\/\/www.quartix.com\/fr-fr\/wp-json\/wp\/v2\/pages\/55144","targetHints":{"allow":["GET"]}}],"collection":[{"href":"https:\/\/www.quartix.com\/fr-fr\/wp-json\/wp\/v2\/pages"}],"about":[{"href":"https:\/\/www.quartix.com\/fr-fr\/wp-json\/wp\/v2\/types\/page"}],"author":[{"embeddable":true,"href":"https:\/\/www.quartix.com\/fr-fr\/wp-json\/wp\/v2\/users\/12"}],"replies":[{"embeddable":true,"href":"https:\/\/www.quartix.com\/fr-fr\/wp-json\/wp\/v2\/comments?post=55144"}],"version-history":[{"count":2,"href":"https:\/\/www.quartix.com\/fr-fr\/wp-json\/wp\/v2\/pages\/55144\/revisions"}],"predecessor-version":[{"id":129928,"href":"https:\/\/www.quartix.com\/fr-fr\/wp-json\/wp\/v2\/pages\/55144\/revisions\/129928"}],"up":[{"embeddable":true,"href":"https:\/\/www.quartix.com\/fr-fr\/wp-json\/wp\/v2\/pages\/53132"}],"wp:attachment":[{"href":"https:\/\/www.quartix.com\/fr-fr\/wp-json\/wp\/v2\/media?parent=55144"}],"wp:term":[{"taxonomy":"topic","embeddable":true,"href":"https:\/\/www.quartix.com\/fr-fr\/wp-json\/wp\/v2\/topic?post=55144"},{"taxonomy":"qtx_campaign","embeddable":true,"href":"https:\/\/www.quartix.com\/fr-fr\/wp-json\/wp\/v2\/qtx_campaign?post=55144"}],"curies":[{"name":"wp","href":"https:\/\/api.w.org\/{rel}","templated":true}]}}