{"id":55180,"date":"2021-05-10T18:14:35","date_gmt":"2021-05-10T17:14:35","guid":{"rendered":" https:\/\/www.quartix.com\/?page_id=55180"},"modified":"2023-07-13T13:17:53","modified_gmt":"2023-07-13T12:17:53","slug":"carnet-de-route","status":"publish","type":"page","link":"https:\/\/www.quartix.com\/fr-fr\/geolocalisation\/carnet-de-route\/","title":{"rendered":"Carnet de route"},"content":{"rendered":"\n<div class=\"wp-block-columns is-layout-flex wp-container-core-columns-is-layout-28f84493 wp-block-columns-is-layout-flex\">\n<div class=\"wp-block-column is-layout-flow wp-block-column-is-layout-flow\">\n<h2 class=\"wp-block-heading\">Suivez l\u2019activit\u00e9 quotidienne de vos conducteurs<\/h2>\n\n\n\n<p>Disponible en ligne ou par email, notre carnet de route quotidien est facile \u00e0 lire et contient le d\u00e9tail de chaque trajet. Vous pouvez personnaliser le niveau d\u2019information que vous souhaitez recevoir pour chaque v\u00e9hicule. Les arr\u00eats moteurs en marche et les trajets courts sur site peuvent \u00eatre filtr\u00e9s.<\/p>\n<\/div>\n\n\n\n<div class=\"wp-block-column is-layout-flow wp-block-column-is-layout-flow\">\n<figure class=\"wp-block-image\"><img decoding=\"async\" src=\" https:\/\/www.quartix.com\/content\/uploads\/2021\/05\/FR-carnet-de-route-rapport.jpg\" alt=\"\"\/><\/figure>\n<\/div>\n<\/div>\n\n\n\n<div class=\"wp-block-columns is-layout-flex wp-container-core-columns-is-layout-28f84493 wp-block-columns-is-layout-flex\">\n<div class=\"wp-block-column is-layout-flow wp-block-column-is-layout-flow\">\n<figure class=\"wp-block-image\"><img decoding=\"async\" src=\" https:\/\/www.quartix.com\/content\/uploads\/2021\/05\/FR-route-map.jpg\" alt=\"\"\/><\/figure>\n<\/div>\n\n\n\n<div class=\"wp-block-column is-layout-flow wp-block-column-is-layout-flow\">\n<h2 class=\"wp-block-heading\">Passez en revue les trajets effectu\u00e9s<\/h2>\n\n\n\n<p>Vous avez besoin de savoir si les itin\u00e9raires de vos chauffeurs sont optimis\u00e9s ? Le <a href=\"\/fr-fr\/traceur-gps-vehicule-entreprise\/\" target=\"_blank\" rel=\"noopener\">traceur GPS de v\u00e9hicules Quartix<\/a> vous donne les d\u00e9tails de tous les trajets effectu\u00e9s dans la journ\u00e9e en indiquant la direction suivie et la vitesse pratiqu\u00e9e \u00e0 chaque \u00e9tape.<\/p>\n<\/div>\n<\/div>\n\n\n\n<div class=\"wp-block-columns is-layout-flex wp-container-core-columns-is-layout-28f84493 wp-block-columns-is-layout-flex\">\n<div class=\"wp-block-column is-layout-flow wp-block-column-is-layout-flow\">\n<h2 class=\"wp-block-heading\">Personnalisez les lieux les plus visit\u00e9s par votre flotte<\/h2>\n\n\n\n<p>Que ce soit votre si\u00e8ge, le d\u00e9p\u00f4t, ou la position d\u2019un client, Quartix vous permet de cr\u00e9er des points d\u2019int\u00e9r\u00eat correspondant aux lieux sur lesquels vous intervenez le plus souvent. Vous pouvez donc facilement les identifier dans vos carnets de route quotidiens et vos rapports.<\/p>\n<\/div>\n\n\n\n<div class=\"wp-block-column is-layout-flow wp-block-column-is-layout-flow\">\n<figure class=\"wp-block-image\"><img decoding=\"async\" src=\" https:\/\/www.quartix.com\/content\/uploads\/2021\/05\/FR-quartix-site-config-perspective.jpg\" alt=\"\"\/><\/figure>\n<\/div>\n<\/div>\n\n\n\n<div class=\"wp-block-columns is-layout-flex wp-container-core-columns-is-layout-28f84493 wp-block-columns-is-layout-flex\">\n<div class=\"wp-block-column is-layout-flow wp-block-column-is-layout-flow\">\n<figure class=\"wp-block-image size-full\"><img loading=\"lazy\" decoding=\"async\" width=\"450\" height=\"316\" src=\" https:\/\/www.quartix.com\/content\/uploads\/2019\/07\/Driver-ID-2.jpg\" alt=\"\" class=\"wp-image-54339\" srcset=\"https:\/\/www.quartix.com\/content\/uploads\/2019\/07\/Driver-ID-2.jpg 450w, https:\/\/www.quartix.com\/content\/uploads\/2019\/07\/Driver-ID-2-300x211.jpg 300w\" sizes=\"auto, (max-width: 450px) 100vw, 450px\" \/><\/figure>\n<\/div>\n\n\n\n<div class=\"wp-block-column is-layout-flow wp-block-column-is-layout-flow\">\n<h2 class=\"wp-block-heading\">Rapports pour chaque conducteur<\/h2>\n\n\n\n<p>L\u2019identifiant conducteur est une option suppl\u00e9mentaire disponible avec notre solution InfoDrive.<\/p>\n\n\n\n<p><strong>V\u00e9hicules partag\u00e9s<\/strong><\/p>\n\n\n\n<p>Si le v\u00e9hicule n\u2019est pas attitr\u00e9, l\u2019<a href=\" https:\/\/www.quartix.com\/fr-fr\/identifiant-conducteur\/\">identifiant conducteur<\/a>&nbsp;de Quartix vous permet d\u2019identifier les conducteurs et d\u2019\u00e9tablir des rapports sur les conducteurs ainsi que les v\u00e9hicules.<\/p>\n\n\n\n<p><strong>Trajets personnels<\/strong><\/p>\n\n\n\n<p>De plus, l\u2019identifiant conducteur vous permet de diff\u00e9rencier les trajets personnels et professionnels. Par exemple, si vous autorisez vos employ\u00e9s \u00e0 utiliser les v\u00e9hicules le soir et les week-ends, vous pourrez distinguer les trajets professionnels et personnels.<\/p>\n\n\n\n<p>Plus d\u2019informations sur notre&nbsp;<a href=\" https:\/\/www.quartix.com\/fr-fr\/blog\/identifiant-conducteur-rapports-plus-clairs-plus-complets\/\">option identifiant conducteur<\/a>.<\/p>\n<\/div>\n<\/div>\n","protected":false},"excerpt":{"rendered":"<p>Suivez l\u2019activit\u00e9 quotidienne de vos conducteurs Disponible en ligne ou par email, notre carnet de route quotidien est facile \u00e0 lire et contient le d\u00e9tail de chaque trajet. Vous pouvez personnaliser le niveau d\u2019information que vous souhaitez recevoir pour chaque v\u00e9hicule. Les arr\u00eats moteurs en marche et les trajets courts sur site peuvent \u00eatre filtr\u00e9s. [&hellip;]<\/p>\n","protected":false},"author":12,"featured_media":54513,"parent":53132,"menu_order":20,"comment_status":"closed","ping_status":"closed","template":"","meta":{"_acf_changed":false,"inline_featured_image":false,"footnotes":""},"topic":[],"qtx_campaign":[],"class_list":["post-55180","page","type-page","status-publish","has-post-thumbnail","hentry"],"acf":[],"yoast_head":"<!-- This site is optimized with the Yoast SEO Premium plugin v27.3 (Yoast SEO v27.3) - https:\/\/yoast.com\/product\/yoast-seo-premium-wordpress\/ -->\n<title>Carnet de route et rapport de trajets | G\u00e9olocalisation de v\u00e9hicules Quartix - FR<\/title>\n<meta name=\"description\" content=\"Avec le syst\u00e8me Quartix suivez l\u2019activit\u00e9 quotidienne de vos conducteurs et passez en revue les trajets effectu\u00e9s par votre flotte avec le carnet de route.\" \/>\n<meta name=\"robots\" content=\"index, follow, max-snippet:-1, max-image-preview:large, max-video-preview:-1\" \/>\n<link rel=\"canonical\" href=\"https:\/\/www.quartix.com\/fr-fr\/geolocalisation\/carnet-de-route\/\" \/>\n<meta property=\"og:locale\" content=\"fr_FR\" \/>\n<meta property=\"og:type\" content=\"article\" \/>\n<meta property=\"og:title\" content=\"Carnet de route\" \/>\n<meta property=\"og:description\" content=\"Avec le syst\u00e8me Quartix suivez l\u2019activit\u00e9 quotidienne de vos conducteurs et passez en revue les trajets effectu\u00e9s par votre flotte avec le carnet de route.\" \/>\n<meta property=\"og:url\" content=\"https:\/\/www.quartix.com\/fr-fr\/geolocalisation\/carnet-de-route\/\" \/>\n<meta property=\"og:site_name\" content=\"Quartix\" \/>\n<meta property=\"article:publisher\" content=\"https:\/\/www.facebook.com\/Quartix-USA-374426386097401\/\" \/>\n<meta property=\"article:modified_time\" content=\"2023-07-13T12:17:53+00:00\" \/>\n<meta property=\"og:image\" content=\"https:\/\/www.quartix.com\/content\/uploads\/2019\/07\/trip-reporter.png\" \/>\n\t<meta property=\"og:image:width\" content=\"1642\" \/>\n\t<meta property=\"og:image:height\" content=\"967\" \/>\n\t<meta property=\"og:image:type\" content=\"image\/png\" \/>\n<meta name=\"twitter:card\" content=\"summary_large_image\" \/>\n<meta name=\"twitter:site\" content=\"@QuartixUSA\" \/>\n<meta name=\"twitter:label1\" content=\"Est. reading time\" \/>\n\t<meta name=\"twitter:data1\" content=\"2 minutes\" \/>\n<!-- \/ Yoast SEO Premium plugin. -->","yoast_head_json":{"title":"Carnet de route et rapport de trajets | G\u00e9olocalisation de v\u00e9hicules Quartix - FR","description":"Avec le syst\u00e8me Quartix suivez l\u2019activit\u00e9 quotidienne de vos conducteurs et passez en revue les trajets effectu\u00e9s par votre flotte avec le carnet de route.","robots":{"index":"index","follow":"follow","max-snippet":"max-snippet:-1","max-image-preview":"max-image-preview:large","max-video-preview":"max-video-preview:-1"},"canonical":"https:\/\/www.quartix.com\/fr-fr\/geolocalisation\/carnet-de-route\/","og_locale":"fr_FR","og_type":"article","og_title":"Carnet de route","og_description":"Avec le syst\u00e8me Quartix suivez l\u2019activit\u00e9 quotidienne de vos conducteurs et passez en revue les trajets effectu\u00e9s par votre flotte avec le carnet de route.","og_url":"https:\/\/www.quartix.com\/fr-fr\/geolocalisation\/carnet-de-route\/","og_site_name":"Quartix","article_publisher":"https:\/\/www.facebook.com\/Quartix-USA-374426386097401\/","article_modified_time":"2023-07-13T12:17:53+00:00","og_image":[{"width":1642,"height":967,"url":"https:\/\/www.quartix.com\/content\/uploads\/2019\/07\/trip-reporter.png","type":"image\/png"}],"twitter_card":"summary_large_image","twitter_site":"@QuartixUSA","twitter_misc":{"Est. reading time":"2 minutes"},"schema":{"@context":"https:\/\/schema.org","@graph":[{"@type":"WebPage","@id":"https:\/\/www.quartix.com\/fr-fr\/geolocalisation\/carnet-de-route\/","url":"https:\/\/www.quartix.com\/fr-fr\/geolocalisation\/carnet-de-route\/","name":"Carnet de route et rapport de trajets | G\u00e9olocalisation de v\u00e9hicules Quartix","isPartOf":{"@id":"https:\/\/www.quartix.com\/fr-fr\/#website"},"primaryImageOfPage":{"@id":"https:\/\/www.quartix.com\/fr-fr\/geolocalisation\/carnet-de-route\/#primaryimage"},"image":{"@id":"https:\/\/www.quartix.com\/fr-fr\/geolocalisation\/carnet-de-route\/#primaryimage"},"thumbnailUrl":"https:\/\/www.quartix.com\/content\/uploads\/2019\/07\/trip-reporter.png","datePublished":"2021-05-10T17:14:35+00:00","dateModified":"2023-07-13T12:17:53+00:00","description":"Avec le syst\u00e8me Quartix suivez l\u2019activit\u00e9 quotidienne de vos conducteurs et passez en revue les trajets effectu\u00e9s par votre flotte avec le carnet de route.","breadcrumb":{"@id":"https:\/\/www.quartix.com\/fr-fr\/geolocalisation\/carnet-de-route\/#breadcrumb"},"inLanguage":"fr-FR","potentialAction":[{"@type":"ReadAction","target":["https:\/\/www.quartix.com\/fr-fr\/geolocalisation\/carnet-de-route\/"]}]},{"@type":"ImageObject","inLanguage":"fr-FR","@id":"https:\/\/www.quartix.com\/fr-fr\/geolocalisation\/carnet-de-route\/#primaryimage","url":"https:\/\/www.quartix.com\/content\/uploads\/2019\/07\/trip-reporter.png","contentUrl":"https:\/\/www.quartix.com\/content\/uploads\/2019\/07\/trip-reporter.png","width":1642,"height":967},{"@type":"BreadcrumbList","@id":"https:\/\/www.quartix.com\/fr-fr\/geolocalisation\/carnet-de-route\/#breadcrumb","itemListElement":[{"@type":"ListItem","position":1,"name":"Accueil","item":"https:\/\/www.quartix.com\/fr-fr\/"},{"@type":"ListItem","position":2,"name":"G\u00e9olocalisation","item":"https:\/\/www.quartix.com\/fr-fr\/geolocalisation\/"},{"@type":"ListItem","position":3,"name":"Carnet de route"}]},{"@type":"WebSite","@id":"https:\/\/www.quartix.com\/fr-fr\/#website","url":"https:\/\/www.quartix.com\/fr-fr\/","name":"Quartix","description":"Real-time vehicle tracking","publisher":{"@id":"https:\/\/www.quartix.com\/fr-fr\/#organization"},"potentialAction":[{"@type":"SearchAction","target":{"@type":"EntryPoint","urlTemplate":"https:\/\/www.quartix.com\/fr-fr\/?s={search_term_string}"},"query-input":{"@type":"PropertyValueSpecification","valueRequired":true,"valueName":"search_term_string"}}],"inLanguage":"fr-FR"},{"@type":"Organization","@id":"https:\/\/www.quartix.com\/fr-fr\/#organization","name":"Quartix","url":"https:\/\/www.quartix.com\/fr-fr\/","logo":{"@type":"ImageObject","inLanguage":"fr-FR","@id":"https:\/\/www.quartix.com\/fr-fr\/#\/schema\/logo\/image\/","url":"https:\/\/www.quartix.com\/content\/uploads\/2019\/02\/quartix-logo-eur.svg","contentUrl":"https:\/\/www.quartix.com\/content\/uploads\/2019\/02\/quartix-logo-eur.svg","width":1,"height":1,"caption":"Quartix"},"image":{"@id":"https:\/\/www.quartix.com\/fr-fr\/#\/schema\/logo\/image\/"},"sameAs":["https:\/\/www.facebook.com\/Quartix-USA-374426386097401\/","https:\/\/x.com\/QuartixUSA","https:\/\/www.linkedin.com\/company\/5346733\/","https:\/\/www.youtube.com\/channel\/UCzS-_GMfHF4kWiCheyIRrAQ"]}]}},"_links":{"self":[{"href":"https:\/\/www.quartix.com\/fr-fr\/wp-json\/wp\/v2\/pages\/55180","targetHints":{"allow":["GET"]}}],"collection":[{"href":"https:\/\/www.quartix.com\/fr-fr\/wp-json\/wp\/v2\/pages"}],"about":[{"href":"https:\/\/www.quartix.com\/fr-fr\/wp-json\/wp\/v2\/types\/page"}],"author":[{"embeddable":true,"href":"https:\/\/www.quartix.com\/fr-fr\/wp-json\/wp\/v2\/users\/12"}],"replies":[{"embeddable":true,"href":"https:\/\/www.quartix.com\/fr-fr\/wp-json\/wp\/v2\/comments?post=55180"}],"version-history":[{"count":0,"href":"https:\/\/www.quartix.com\/fr-fr\/wp-json\/wp\/v2\/pages\/55180\/revisions"}],"up":[{"embeddable":true,"href":"https:\/\/www.quartix.com\/fr-fr\/wp-json\/wp\/v2\/pages\/53132"}],"wp:featuredmedia":[{"embeddable":true,"href":"https:\/\/www.quartix.com\/fr-fr\/wp-json\/wp\/v2\/media\/54513"}],"wp:attachment":[{"href":"https:\/\/www.quartix.com\/fr-fr\/wp-json\/wp\/v2\/media?parent=55180"}],"wp:term":[{"taxonomy":"topic","embeddable":true,"href":"https:\/\/www.quartix.com\/fr-fr\/wp-json\/wp\/v2\/topic?post=55180"},{"taxonomy":"qtx_campaign","embeddable":true,"href":"https:\/\/www.quartix.com\/fr-fr\/wp-json\/wp\/v2\/qtx_campaign?post=55180"}],"curies":[{"name":"wp","href":"https:\/\/api.w.org\/{rel}","templated":true}]}}