{"id":55220,"date":"2021-05-10T18:21:49","date_gmt":"2021-05-10T17:21:49","guid":{"rendered":"https:\/\/www.quartix.com\/?page_id=55220"},"modified":"2025-06-11T15:34:36","modified_gmt":"2025-06-11T14:34:36","slug":"eco-conduite","status":"publish","type":"page","link":"https:\/\/www.quartix.com\/fr-fr\/geolocalisation\/eco-conduite\/","title":{"rendered":"Comportement du conducteur"},"content":{"rendered":"\n<div class=\"wp-block-columns is-layout-flex wp-container-core-columns-is-layout-28f84493 wp-block-columns-is-layout-flex\">\n<div class=\"wp-block-column is-layout-flow wp-block-column-is-layout-flow\">\n<h2 class=\"wp-block-heading\" id=\"h-tableau-de-classement-des-pilotes\">Tableau de classement des pilotes<\/h2>\n\n\n\n<p>Comparez les scores de comportement des conducteurs sur l\u2019ensemble de votre flotte. Chaque conducteur se voit attribuer une note en fonction de son profil de conduite. Ceux qui prennent trop de risques se d\u00e9marqueront en rouge dans le classement des conducteurs. Les meilleurs pilotes appara\u00eetront en vert, et ceux entre les deux seront orange.   <\/p>\n\n\n\n<p>Les rapports vous permettent de voir l\u2019acc\u00e9l\u00e9ration et le freinage, et un simple clic vous am\u00e8nera \u00e0 l\u2019endroit exact sur Google Maps o\u00f9 l\u2019incident a eu lieu, ce qui vous permet d\u2019enqu\u00eater plus avant.<\/p>\n<\/div>\n\n\n\n<div class=\"wp-block-column is-layout-flow wp-block-column-is-layout-flow\">\n<figure class=\"wp-block-image aligncenter\"><img decoding=\"async\" src=\" https:\/\/www.quartix.com\/content\/uploads\/2018\/11\/Driving-Style-GIF-New-Look-US.gif\" alt=\"\"\/><\/figure>\n<\/div>\n<\/div>\n\n\n<section  class=\"qtx-pagebuilder-section qtx-pagebuilder-section-blockquote qtx-pagebuilder-section-blockquote-left_green_border \">\r\n        <div class=\"left_green_border\">\r\n            <blockquote>\r\n                <p>La surveillance et l\u2019am\u00e9lioration du style de conduite peuvent permettre d \u00ab \u00e9conomiser jusqu \u00bb \u00e0 15 % de carburant et de r\u00e9duire le risque d\u2019accident et de blessure. Former votre personnel \u00e0 conduire en toute s\u00e9curit\u00e9 est facile avec Quartix. Notre gamme de rapports, y compris la r\u00e9partition de la vitesse et les profils d\u2019acc\u00e9l\u00e9ration\/freinage, vous fournit toutes les donn\u00e9es dont vous avez besoin pour influencer et encourager un comportement de conduite s\u00fbr et \u00e9conomique.  <\/p>\n                            <\/blockquote>\r\n        <\/div>\r\n        <\/section>\r\n\r\n\n\n\n<div class=\"wp-block-columns is-layout-flex wp-container-core-columns-is-layout-28f84493 wp-block-columns-is-layout-flex\">\n<div class=\"wp-block-column is-layout-flow wp-block-column-is-layout-flow\">\n<figure class=\"wp-block-image aligncenter\"><img decoding=\"async\" src=\" https:\/\/www.quartix.com\/content\/uploads\/2018\/11\/daily-driver-briefing-1000x951.png\" alt=\"\"\/><\/figure>\n<\/div>\n\n\n\n<div class=\"wp-block-column is-layout-flow wp-block-column-is-layout-flow\">\n<h2 class=\"wp-block-heading\" id=\"h-briefing-quotidien-des-conducteurs\">Briefing quotidien des conducteurs<\/h2>\n\n\n\n<p>Travaillez avec vos conducteurs pour am\u00e9liorer les styles de conduite et utilisez les donn\u00e9es pour montrer les parties de leur trajet o\u00f9 ils ont \u00ab perdu \u00bb des points de conduite, afin qu\u2019ils puissent examiner les donn\u00e9es r\u00e9elles et tirer des le\u00e7ons de leur exp\u00e9rience.<\/p>\n\n\n\n<p>Le rapport d\u2019information du conducteur indique les vitesses de la journ\u00e9e ainsi que les profils d\u2019acc\u00e9l\u00e9ration et de freinage. Pour explorer en d\u00e9tail l\u2019emplacement r\u00e9el des exc\u00e8s de vitesse ou des incidents de freinage brusque, il suffit de cliquer sur les barres graphiques pour voir le Google Street View. <\/p>\n\n\n\n<ul class=\"wp-block-list\">\n<li>Surveillez les profils de vitesse, d\u2019acc\u00e9l\u00e9ration et de freinage<\/li>\n\n\n\n<li>Comparez les scores de comportement des conducteurs sur un groupe de v\u00e9hicules ou sur l\u2019ensemble de la flotte<\/li>\n\n\n\n<li>\u00c9conomisez du carburant et r\u00e9duisez le risque d\u2019accident<\/li>\n<\/ul>\n<\/div>\n<\/div>\n\n\n\n<div class=\"wp-block-columns is-layout-flex wp-container-core-columns-is-layout-28f84493 wp-block-columns-is-layout-flex\">\n<div class=\"wp-block-column is-layout-flow wp-block-column-is-layout-flow\">\n<h2 class=\"wp-block-heading\" id=\"h-tendance-du-style-de-conduite\">Tendance du style de conduite<\/h2>\n\n\n\n<p>Identifiez rapidement tout probl\u00e8me de style de conduite qui pourrait n\u00e9cessiter une attention imm\u00e9diate. En travaillant avec vos conducteurs, vous pouvez identifier si leur style s\u2019am\u00e9liore au fil du temps \u2013 au cours d\u2019un mois, vous pouvez vous attendre \u00e0 voir un impact \u2013 et l\u2019int\u00e9grer dans les \u00e9valuations de performance ou les programmes de r\u00e9compense pour encourager une meilleure conduite. <\/p>\n<\/div>\n\n\n\n<div class=\"wp-block-column is-layout-flow wp-block-column-is-layout-flow\">\n<figure class=\"wp-block-image aligncenter\"><img decoding=\"async\" src=\" https:\/\/www.quartix.com\/content\/uploads\/2018\/11\/driving-style-trend-1000x658.jpg\" alt=\"\"\/><\/figure>\n<\/div>\n<\/div>\n\n\n\n<div class=\"wp-block-columns is-layout-flex wp-container-core-columns-is-layout-28f84493 wp-block-columns-is-layout-flex\">\n<div class=\"wp-block-column is-layout-flow wp-block-column-is-layout-flow\">\n<figure class=\"wp-block-image aligncenter\"><img decoding=\"async\" src=\" https:\/\/www.quartix.com\/content\/uploads\/2018\/06\/US-Driving-Style-App.gif\" alt=\"Style de conduite de l\u2019application mobile\"\/><\/figure>\n<\/div>\n\n\n\n<div class=\"wp-block-column is-layout-flow wp-block-column-is-layout-flow\">\n<h2 class=\"wp-block-heading\" id=\"h-application-mobile-pour-les-conducteurs\">Application mobile pour les conducteurs<\/h2>\n\n\n\n<p>Accordez \u00e0 chaque conducteur l\u2019acc\u00e8s \u00e0 ses propres rapports de style de conduite via l\u2019application mobile, sans lui donner acc\u00e8s aux informations des autres conducteurs. Cela encourage les conducteurs \u00e0 voir leurs propres scores et performances \u00e0 la fin de chaque journ\u00e9e. <\/p>\n\n\n\n<p>Le conducteur pourra voir la vitesse \u00e0 laquelle il a voyag\u00e9 \u00e0 diff\u00e9rents moments de la journ\u00e9e, et il peut voir l\u2019acc\u00e9l\u00e9ration et l\u2019indice de freinage pour cette m\u00eame p\u00e9riode.<\/p>\n\n\n\n<p>Le score quotidien du conducteur est \u00e9galement clairement visible, de sorte que le conducteur peut acc\u00e9der \u00e0 son style de conduite \u00e0 la fin de chaque journ\u00e9e, ou revenir sur les jours pr\u00e9c\u00e9dents de la semaine pour voir comment sa conduite s\u2019est am\u00e9lior\u00e9e.<\/p>\n\n\n\n<p>Le t\u00e9l\u00e9chargement de l\u2019application est gratuit et il n\u2019y a pas de limite au nombre de personnes qui peuvent utiliser et t\u00e9l\u00e9charger l\u2019application par compte.<\/p>\n<\/div>\n<\/div>\n\n\n\r\n<section  class=\"qtx-pagebuilder-section qtx-pagebuilder-section-accordion\">\r\n            <div class=\"accordion noboxes\" id=\"acc1303874890\">\r\n                                            <div class=\"accordion-item\">\r\n                    <button class=\"accordion-title\"><span class=\"arrow\"><\/span>Comment Quartix mesure-t-il le comportement du conducteur ?<\/button>\r\n                    <div class=\"accordion-content\"><p>Quartix analyse les habitudes d&#8217;acc\u00e9l\u00e9ration, de freinage et de d\u00e9passement de la vitesse de chaque conducteur \u00e0 chaque trajet. \u00c0 partir de ces donn\u00e9es, le syst\u00e8me g\u00e9n\u00e8re un score de conduite pour chaque conducteur et chaque v\u00e9hicule. L\u2019ensemble des scores est regroup\u00e9 dans un classement des conducteurs, ce qui vous permet de voir imm\u00e9diatement qui conduit de mani\u00e8re s\u00fbre (scores verts) et qui pourrait prendre des risques excessifs (scores rouges). Cette m\u00e9thode d\u2019\u00e9valuation objective vous offre une vue d\u2019ensemble claire des styles de conduite au sein de votre flotte.<\/p>\n<\/div>\r\n                <\/div>\r\n                                            <div class=\"accordion-item\">\r\n                    <button class=\"accordion-title\"><span class=\"arrow\"><\/span>Quels types de rapports de conduite puis-je obtenir avec Quartix ?<\/button>\r\n                    <div class=\"accordion-content\"><p>Quartix fournit plusieurs rapports d\u00e9taill\u00e9s sur le style de conduite. Le rapport quotidien d\u2019information du conducteur, par exemple, affiche les vitesses atteintes par chaque conducteur tout au long de la journ\u00e9e, ainsi que les cas d\u2019acc\u00e9l\u00e9ration ou de freinage brusques. Vous pouvez cliquer sur n\u2019importe quel \u00e9v\u00e9nement (comme un freinage brusque ou un exc\u00e8s de vitesse) pour voir l\u2019emplacement exact sur Google Maps ou Street View, ce qui vous aide \u00e0 enqu\u00eater et \u00e0 en discuter avec le conducteur. D\u2019autres rapports incluent des graphiques de r\u00e9partition des vitesses et des profils d\u2019acc\u00e9l\u00e9ration\/freinage, qui permettent d\u2019identifier les moments o\u00f9 un conducteur a perdu des points, afin que vous puissiez le conseiller pr\u00e9cis\u00e9ment sur ces incidents.<\/p>\n<\/div>\r\n                <\/div>\r\n                                            <div class=\"accordion-item\">\r\n                    <button class=\"accordion-title\"><span class=\"arrow\"><\/span>Qu&#8217;est-ce que la base de donn\u00e9es SafeSpeed et le score de vitesse relative ?<\/button>\r\n                    <div class=\"accordion-content\"><p>La base de donn\u00e9es SafeSpeed est une fonctionnalit\u00e9 unique de Quartix qui compare les vitesses de vos conducteurs aux vitesses moyennes pratiqu\u00e9es sur les m\u00eames routes. Gr\u00e2ce \u00e0 ces donn\u00e9es, Quartix attribue un score de vitesse relative qui prend en compte le contexte routier \u2013 et pas seulement les limites de vitesse l\u00e9gales. Cela signifie que m\u00eame si un conducteur ne d\u00e9passe pas la limite autoris\u00e9e, vous saurez s\u2019il roule beaucoup plus vite que le trafic moyen sur cet itin\u00e9raire (ce qui peut \u00eatre risqu\u00e9 sur des routes sinueuses ou rurales). Le score de vitesse relative offre une vision plus compl\u00e8te de la s\u00e9curit\u00e9 du conducteur et vous aide \u00e0 l\u2019accompagner pour choisir des vitesses plus adapt\u00e9es aux conditions.<\/p>\n<\/div>\r\n                <\/div>\r\n                                            <div class=\"accordion-item\">\r\n                    <button class=\"accordion-title\"><span class=\"arrow\"><\/span>Comment Quartix peut-il aider \u00e0 am\u00e9liorer la s\u00e9curit\u00e9 de conduite ou l\u2019efficacit\u00e9 \u00e9nerg\u00e9tique ?<\/button>\r\n                    <div class=\"accordion-content\"><p>En mettant en \u00e9vidence les comportements de conduite \u00e0 risque, Quartix permet une formation cibl\u00e9e des conducteurs qui peut apporter des b\u00e9n\u00e9fices importants. Les gestionnaires de flotte peuvent utiliser les scores et les rapports pour accompagner les conducteurs \u2013 par exemple, en leur montrant pr\u00e9cis\u00e9ment o\u00f9 ils ont roul\u00e9 trop vite ou frein\u00e9 brusquement, et en discutant des fa\u00e7ons de s&#8217;am\u00e9liorer. Ce processus de retour d\u2019information favorise une conduite plus s\u00fbre. Une conduite plus s\u00fbre et plus fluide r\u00e9duit non seulement le risque d\u2019accidents, mais am\u00e9liore aussi la consommation de carburant. En effet, de nombreux clients de Quartix constatent qu\u2019un suivi et une am\u00e9lioration du style de conduite entra\u00eenent des \u00e9conomies de carburant significatives (jusqu\u2019\u00e0 15 % de r\u00e9duction des co\u00fbts) ainsi qu\u2019une usure moindre des v\u00e9hicules.<\/p>\n<\/div>\r\n                <\/div>\r\n                                            <div class=\"accordion-item\">\r\n                    <button class=\"accordion-title\"><span class=\"arrow\"><\/span>Mes conducteurs peuvent-ils voir leurs propres scores de performance ?<\/button>\r\n                    <div class=\"accordion-content\"><p>Oui, si vous choisissez de les partager. Quartix dispose d\u2019une application mobile qui peut \u00eatre configur\u00e9e pour permettre aux conducteurs d\u2019acc\u00e9der \u00e0 leurs propres scores et rapports de conduite (et uniquement les leurs). Ainsi, chaque conducteur peut consulter ses performances en fin de journ\u00e9e, ce qui encourage la responsabilit\u00e9 individuelle. Ils ne peuvent pas voir les donn\u00e9es des autres conducteurs, ce qui garantit la confidentialit\u00e9 des informations. En leur permettant de suivre leurs propres progr\u00e8s, vous pouvez favoriser un esprit de comp\u00e9tition ou d\u2019am\u00e9lioration personnelle, augmentant ainsi les chances qu\u2019ils adaptent et am\u00e9liorent leur comportement au volant avec le temps.<\/p>\n<\/div>\r\n                <\/div>\r\n                    <\/div>\r\n    <\/section>\r\n<script nonce=\"\" nonce=\"\">\r\ndocument.addEventListener(\"DOMContentLoaded\", function(){\r\n    var titles = document.getElementById (\"acc1303874890\").getElementsByClassName(\"accordion-title\");\r\n    for (var i = 0; i < titles.length; i++) {\r\n        if ( i == (parseInt(-1 ))) {\r\n            titles[i].classList.add(\"active\");\r\n            titles[i].nextElementSibling.style.maxHeight = titles[i].nextElementSibling.scrollHeight + \"px\";\r\n        }\r\n    }\r\n});\r\n\r\nvar titles = document.getElementById (\"acc1303874890\").getElementsByClassName(\"accordion-title\");\r\nfor (var i = 0; i < titles.length; i++) {\r\n    titles[i].addEventListener(\"click\", function() {\r\n        if (\"openone\" == \"openone\") {\r\n            if(this.classList.contains(\"active\")) {\r\n                this.classList.toggle(\"active\");\r\n                this.nextElementSibling.style.maxHeight = null;\r\n            }\r\n            else {\r\n                document.querySelectorAll('#acc1303874890 .accordion-title').forEach(el => el.classList.remove('active'));\r\n                document.querySelectorAll('#acc1303874890 .accordion-content').forEach(el => el.style.maxHeight = null);\r\n                this.classList.toggle(\"active\");\r\n                var panel = this.nextElementSibling;\r\n                if (this.classList.contains(\"active\")) {\r\n                    panel.style.maxHeight = panel.scrollHeight + \"px\";\r\n                } else {\r\n                panel.style.maxHeight = null;\r\n                }\r\n            }\r\n        }\r\n        else {\r\n            this.classList.toggle(\"active\");\r\n            var panel = this.nextElementSibling;\r\n            if (this.classList.contains(\"active\")) {\r\n                panel.style.maxHeight = panel.scrollHeight + \"px\";\r\n            } else {\r\n            panel.style.maxHeight = null;\r\n            }\r\n        }\r\n    });\r\n}\r\n<\/script>","protected":false},"excerpt":{"rendered":"<p>Comparez les scores de comportement des conducteurs sur l\u2019ensemble de votre flotte. Chaque conducteur se voit attribuer une note en fonction de son profil de conduite.   <\/p>\n","protected":false},"author":2,"featured_media":54246,"parent":53132,"menu_order":30,"comment_status":"closed","ping_status":"closed","template":"","meta":{"_acf_changed":false,"inline_featured_image":false,"footnotes":""},"topic":[1873],"qtx_campaign":[],"class_list":["post-55220","page","type-page","status-publish","has-post-thumbnail","hentry","topic-gestion-des-conducteurs"],"acf":[],"yoast_head":"<!-- This site is optimized with the Yoast SEO Premium plugin v27.2 (Yoast SEO v27.2) - https:\/\/yoast.com\/product\/yoast-seo-premium-wordpress\/ -->\n<title>Surveillance des conducteurs de flotte et analyse du comportement - Rapports d\u00e9taill\u00e9s - FR<\/title>\n<meta name=\"description\" content=\"La surveillance du comportement de conduite vous permet de consulter les scores et les rapports de comportement des conducteurs, et d\u2019identifier les exigences en mati\u00e8re de formation. Obtenez un essai GRATUIT. Appelez-nous d\u00e8s aujourd\u2019hui\u00a0!\" \/>\n<meta name=\"robots\" content=\"index, follow, max-snippet:-1, max-image-preview:large, max-video-preview:-1\" \/>\n<link rel=\"canonical\" href=\"https:\/\/www.quartix.com\/fr-fr\/geolocalisation\/eco-conduite\/\" \/>\n<meta property=\"og:locale\" content=\"fr_FR\" \/>\n<meta property=\"og:type\" content=\"article\" \/>\n<meta property=\"og:title\" content=\"Comportement du conducteur\" \/>\n<meta property=\"og:description\" content=\"La surveillance du comportement de conduite vous permet de consulter les scores et les rapports de comportement des conducteurs, et d\u2019identifier les exigences en mati\u00e8re de formation. Obtenez un essai GRATUIT. Appelez-nous d\u00e8s aujourd\u2019hui\u00a0!\" \/>\n<meta property=\"og:url\" content=\"https:\/\/www.quartix.com\/fr-fr\/geolocalisation\/eco-conduite\/\" \/>\n<meta property=\"og:site_name\" content=\"Quartix\" \/>\n<meta property=\"article:publisher\" content=\"https:\/\/www.facebook.com\/Quartix-USA-374426386097401\/\" \/>\n<meta property=\"article:modified_time\" content=\"2025-06-11T14:34:36+00:00\" \/>\n<meta property=\"og:image\" content=\"https:\/\/www.quartix.com\/content\/uploads\/2019\/05\/us-driving-style-league-table.png\" \/>\n\t<meta property=\"og:image:width\" content=\"1182\" \/>\n\t<meta property=\"og:image:height\" content=\"686\" \/>\n\t<meta property=\"og:image:type\" content=\"image\/png\" \/>\n<meta name=\"twitter:card\" content=\"summary_large_image\" \/>\n<meta name=\"twitter:site\" content=\"@QuartixUSA\" \/>\n<meta name=\"twitter:label1\" content=\"Est. reading time\" \/>\n\t<meta name=\"twitter:data1\" content=\"7 minutes\" \/>\n<!-- \/ Yoast SEO Premium plugin. -->","yoast_head_json":{"title":"Surveillance des conducteurs de flotte et analyse du comportement - Rapports d\u00e9taill\u00e9s - FR","description":"La surveillance du comportement de conduite vous permet de consulter les scores et les rapports de comportement des conducteurs, et d\u2019identifier les exigences en mati\u00e8re de formation. Obtenez un essai GRATUIT. Appelez-nous d\u00e8s aujourd\u2019hui\u00a0!","robots":{"index":"index","follow":"follow","max-snippet":"max-snippet:-1","max-image-preview":"max-image-preview:large","max-video-preview":"max-video-preview:-1"},"canonical":"https:\/\/www.quartix.com\/fr-fr\/geolocalisation\/eco-conduite\/","og_locale":"fr_FR","og_type":"article","og_title":"Comportement du conducteur","og_description":"La surveillance du comportement de conduite vous permet de consulter les scores et les rapports de comportement des conducteurs, et d\u2019identifier les exigences en mati\u00e8re de formation. Obtenez un essai GRATUIT. Appelez-nous d\u00e8s aujourd\u2019hui\u00a0!","og_url":"https:\/\/www.quartix.com\/fr-fr\/geolocalisation\/eco-conduite\/","og_site_name":"Quartix","article_publisher":"https:\/\/www.facebook.com\/Quartix-USA-374426386097401\/","article_modified_time":"2025-06-11T14:34:36+00:00","og_image":[{"width":1182,"height":686,"url":"https:\/\/www.quartix.com\/content\/uploads\/2019\/05\/us-driving-style-league-table.png","type":"image\/png"}],"twitter_card":"summary_large_image","twitter_site":"@QuartixUSA","twitter_misc":{"Est. reading time":"7 minutes"},"schema":{"@context":"https:\/\/schema.org","@graph":[{"@type":"WebPage","@id":"https:\/\/www.quartix.com\/fr-fr\/geolocalisation\/eco-conduite\/","url":"https:\/\/www.quartix.com\/fr-fr\/geolocalisation\/eco-conduite\/","name":"Surveillance des conducteurs de flotte et analyse du comportement - Rapports d\u00e9taill\u00e9s","isPartOf":{"@id":"https:\/\/www.quartix.com\/fr-fr\/#website"},"primaryImageOfPage":{"@id":"https:\/\/www.quartix.com\/fr-fr\/geolocalisation\/eco-conduite\/#primaryimage"},"image":{"@id":"https:\/\/www.quartix.com\/fr-fr\/geolocalisation\/eco-conduite\/#primaryimage"},"thumbnailUrl":"https:\/\/www.quartix.com\/content\/uploads\/2019\/05\/us-driving-style-league-table.png","datePublished":"2021-05-10T17:21:49+00:00","dateModified":"2025-06-11T14:34:36+00:00","description":"La surveillance du comportement de conduite vous permet de consulter les scores et les rapports de comportement des conducteurs, et d\u2019identifier les exigences en mati\u00e8re de formation. Obtenez un essai GRATUIT. Appelez-nous d\u00e8s aujourd\u2019hui\u00a0!","breadcrumb":{"@id":"https:\/\/www.quartix.com\/fr-fr\/geolocalisation\/eco-conduite\/#breadcrumb"},"inLanguage":"fr-FR","potentialAction":[{"@type":"ReadAction","target":["https:\/\/www.quartix.com\/fr-fr\/geolocalisation\/eco-conduite\/"]}]},{"@type":"ImageObject","inLanguage":"fr-FR","@id":"https:\/\/www.quartix.com\/fr-fr\/geolocalisation\/eco-conduite\/#primaryimage","url":"https:\/\/www.quartix.com\/content\/uploads\/2019\/05\/us-driving-style-league-table.png","contentUrl":"https:\/\/www.quartix.com\/content\/uploads\/2019\/05\/us-driving-style-league-table.png","width":1182,"height":686},{"@type":"BreadcrumbList","@id":"https:\/\/www.quartix.com\/fr-fr\/geolocalisation\/eco-conduite\/#breadcrumb","itemListElement":[{"@type":"ListItem","position":1,"name":"Accueil","item":"https:\/\/www.quartix.com\/fr-fr\/quartix-suivi-de-vehicules-en-temps-reel\/"},{"@type":"ListItem","position":2,"name":"G\u00e9olocalisation","item":"https:\/\/www.quartix.com\/fr-fr\/geolocalisation\/"},{"@type":"ListItem","position":3,"name":"Comportement du conducteur"}]},{"@type":"WebSite","@id":"https:\/\/www.quartix.com\/fr-fr\/#website","url":"https:\/\/www.quartix.com\/fr-fr\/","name":"Quartix","description":"Real-time vehicle tracking","publisher":{"@id":"https:\/\/www.quartix.com\/fr-fr\/#organization"},"potentialAction":[{"@type":"SearchAction","target":{"@type":"EntryPoint","urlTemplate":"https:\/\/www.quartix.com\/fr-fr\/?s={search_term_string}"},"query-input":{"@type":"PropertyValueSpecification","valueRequired":true,"valueName":"search_term_string"}}],"inLanguage":"fr-FR"},{"@type":"Organization","@id":"https:\/\/www.quartix.com\/fr-fr\/#organization","name":"Quartix","url":"https:\/\/www.quartix.com\/fr-fr\/","logo":{"@type":"ImageObject","inLanguage":"fr-FR","@id":"https:\/\/www.quartix.com\/fr-fr\/#\/schema\/logo\/image\/","url":"https:\/\/www.quartix.com\/content\/uploads\/2019\/02\/quartix-logo-eur.svg","contentUrl":"https:\/\/www.quartix.com\/content\/uploads\/2019\/02\/quartix-logo-eur.svg","width":1,"height":1,"caption":"Quartix"},"image":{"@id":"https:\/\/www.quartix.com\/fr-fr\/#\/schema\/logo\/image\/"},"sameAs":["https:\/\/www.facebook.com\/Quartix-USA-374426386097401\/","https:\/\/x.com\/QuartixUSA","https:\/\/www.linkedin.com\/company\/5346733\/","https:\/\/www.youtube.com\/channel\/UCzS-_GMfHF4kWiCheyIRrAQ"]}]}},"_links":{"self":[{"href":"https:\/\/www.quartix.com\/fr-fr\/wp-json\/wp\/v2\/pages\/55220","targetHints":{"allow":["GET"]}}],"collection":[{"href":"https:\/\/www.quartix.com\/fr-fr\/wp-json\/wp\/v2\/pages"}],"about":[{"href":"https:\/\/www.quartix.com\/fr-fr\/wp-json\/wp\/v2\/types\/page"}],"author":[{"embeddable":true,"href":"https:\/\/www.quartix.com\/fr-fr\/wp-json\/wp\/v2\/users\/2"}],"replies":[{"embeddable":true,"href":"https:\/\/www.quartix.com\/fr-fr\/wp-json\/wp\/v2\/comments?post=55220"}],"version-history":[{"count":7,"href":"https:\/\/www.quartix.com\/fr-fr\/wp-json\/wp\/v2\/pages\/55220\/revisions"}],"predecessor-version":[{"id":122655,"href":"https:\/\/www.quartix.com\/fr-fr\/wp-json\/wp\/v2\/pages\/55220\/revisions\/122655"}],"up":[{"embeddable":true,"href":"https:\/\/www.quartix.com\/fr-fr\/wp-json\/wp\/v2\/pages\/53132"}],"wp:featuredmedia":[{"embeddable":true,"href":"https:\/\/www.quartix.com\/fr-fr\/wp-json\/wp\/v2\/media\/54246"}],"wp:attachment":[{"href":"https:\/\/www.quartix.com\/fr-fr\/wp-json\/wp\/v2\/media?parent=55220"}],"wp:term":[{"taxonomy":"topic","embeddable":true,"href":"https:\/\/www.quartix.com\/fr-fr\/wp-json\/wp\/v2\/topic?post=55220"},{"taxonomy":"qtx_campaign","embeddable":true,"href":"https:\/\/www.quartix.com\/fr-fr\/wp-json\/wp\/v2\/qtx_campaign?post=55220"}],"curies":[{"name":"wp","href":"https:\/\/api.w.org\/{rel}","templated":true}]}}