{"id":55264,"date":"2021-05-11T09:26:19","date_gmt":"2021-05-11T08:26:19","guid":{"rendered":" https:\/\/www.quartix.com\/?page_id=55264"},"modified":"2023-07-13T13:17:45","modified_gmt":"2023-07-13T12:17:45","slug":"geofencing","status":"publish","type":"page","link":"https:\/\/www.quartix.com\/fr-fr\/geolocalisation\/geofencing\/","title":{"rendered":"Geofencing"},"content":{"rendered":"\n<div class=\"wp-block-columns is-layout-flex wp-container-core-columns-is-layout-28f84493 wp-block-columns-is-layout-flex\">\n<div class=\"wp-block-column is-layout-flow wp-block-column-is-layout-flow\">\n<h2 class=\"wp-block-heading\" id=\"creez-vos-propres-zones-geographiques\">Cr\u00e9ez vos propres zones g\u00e9ographiques<\/h2>\n\n\n\n<p>Si vos v\u00e9hicules doivent se trouver \u00e0 l\u2019int\u00e9rieur ou \u00e0 l\u2019ext\u00e9rieur d\u2019un p\u00e9rim\u00e8tre \u00e0 une heure d\u00e9finie, le geofencing peut vous informer instantan\u00e9ment lorsque ces r\u00e8gles sont enfreintes. Il vous suffit de d\u00e9finir le p\u00e9rim\u00e8tre souhait\u00e9 sur notre carte avec notre outil en ligne.<\/p>\n<\/div>\n\n\n\n<div class=\"wp-block-column is-layout-flow wp-block-column-is-layout-flow\">\n<figure class=\"wp-block-image\"><img decoding=\"async\" src=\" https:\/\/www.quartix.com\/content\/uploads\/2021\/05\/quartix-site-perspective-dessin.jpg\" alt=\"\"\/><\/figure>\n<\/div>\n<\/div>\n\n\n\n<p><br><\/p>\n\n\n\n<div class=\"wp-block-columns is-layout-flex wp-container-core-columns-is-layout-28f84493 wp-block-columns-is-layout-flex\">\n<div class=\"wp-block-column is-layout-flow wp-block-column-is-layout-flow\">\n<figure class=\"wp-block-image\"><img decoding=\"async\" src=\" https:\/\/www.quartix.com\/content\/uploads\/2021\/05\/quartix-site-geofencing-perspective.jpg\" alt=\"\"\/><\/figure>\n<\/div>\n\n\n\n<div class=\"wp-block-column is-layout-flow wp-block-column-is-layout-flow\">\n<h2 class=\"wp-block-heading\" id=\"definissez-des-zones-obligatoires-ou-interdites\">D\u00e9finissez des zones obligatoires ou interdites<\/h2>\n\n\n\n<p>En mode obligatoire, les v\u00e9hicules concern\u00e9s doivent se trouver \u00e0 l\u2019int\u00e9rieur du p\u00e9rim\u00e8tre pendant la p\u00e9riode d\u00e9finie. En mode interdit, ils ne doivent pas entrer dans le p\u00e9rim\u00e8tre.<\/p>\n<\/div>\n<\/div>\n\n\n\n<div class=\"wp-block-columns is-layout-flex wp-container-core-columns-is-layout-28f84493 wp-block-columns-is-layout-flex\">\n<div class=\"wp-block-column is-layout-flow wp-block-column-is-layout-flow\">\n<h2 class=\"wp-block-heading\" id=\"alertes-en-cas-de-non-respect-des-regles\">Alertes en cas de non respect des r\u00e8gles<\/h2>\n\n\n\n<p>Si les r\u00e8gles de geofencing ne sont pas respect\u00e9es, une alerte en temps r\u00e9el sera envoy\u00e9e par email et sms, vous permettant ainsi d\u2019avoir davantage de contr\u00f4le sur vos \u00e9quipes mobiles.<\/p>\n\n\n\n<p>En savoir plus sur <a href=\"\/fr-fr\/alertes-geofencing\/\">notre fonction Geofencing<\/a>.<\/p>\n<\/div>\n\n\n\n<div class=\"wp-block-column is-layout-flow wp-block-column-is-layout-flow\">\n<figure class=\"wp-block-image\"><img decoding=\"async\" src=\" https:\/\/www.quartix.com\/content\/uploads\/2021\/05\/quartix-site-phone-perspective.jpg\" alt=\"\"\/><\/figure>\n<\/div>\n<\/div>\n\n\n\n<h2 class=\"wp-block-heading\" id=\"pour-aller-plus-loin\">Pour aller plus loin&#8230;<\/h2>\n\n\n\n<p>Consultez notre article de blog sur <a href=\" https:\/\/www.quartix.com\/fr-fr\/blog\/conseils-gerer-vehicules-a-distance\/\">Comment g\u00e9rer vos v\u00e9hicules \u00e0 distance<\/a>.<\/p>\n","protected":false},"excerpt":{"rendered":"<p>Cr\u00e9ez vos propres zones g\u00e9ographiques Si vos v\u00e9hicules doivent se trouver \u00e0 l\u2019int\u00e9rieur ou \u00e0 l\u2019ext\u00e9rieur d\u2019un p\u00e9rim\u00e8tre \u00e0 une heure d\u00e9finie, le geofencing peut vous informer instantan\u00e9ment lorsque ces r\u00e8gles sont enfreintes. Il vous suffit de d\u00e9finir le p\u00e9rim\u00e8tre souhait\u00e9 sur notre carte avec notre outil en ligne. D\u00e9finissez des zones obligatoires ou interdites [&hellip;]<\/p>\n","protected":false},"author":12,"featured_media":0,"parent":53132,"menu_order":50,"comment_status":"closed","ping_status":"closed","template":"","meta":{"_acf_changed":false,"inline_featured_image":false,"footnotes":""},"topic":[],"qtx_campaign":[],"class_list":["post-55264","page","type-page","status-publish","hentry"],"acf":[],"yoast_head":"<!-- This site is optimized with the Yoast SEO Premium plugin v27.3 (Yoast SEO v27.3) - https:\/\/yoast.com\/product\/yoast-seo-premium-wordpress\/ -->\n<title>Alertes Geofencing | G\u00e9olocalisation de v\u00e9hicules Quartix - FR<\/title>\n<meta name=\"description\" content=\"La fonction geofencing du syst\u00e8me de g\u00e9olocalisation de v\u00e9hicules Quartix peut vous alerter des d\u00e9placements non autoris\u00e9s ou inhabituels de vos v\u00e9hicules.\" \/>\n<meta name=\"robots\" content=\"index, follow, max-snippet:-1, max-image-preview:large, max-video-preview:-1\" \/>\n<link rel=\"canonical\" href=\"https:\/\/www.quartix.com\/fr-fr\/geolocalisation\/geofencing\/\" \/>\n<meta property=\"og:locale\" content=\"fr_FR\" \/>\n<meta property=\"og:type\" content=\"article\" \/>\n<meta property=\"og:title\" content=\"Geofencing\" \/>\n<meta property=\"og:description\" content=\"La fonction geofencing du syst\u00e8me de g\u00e9olocalisation de v\u00e9hicules Quartix peut vous alerter des d\u00e9placements non autoris\u00e9s ou inhabituels de vos v\u00e9hicules.\" \/>\n<meta property=\"og:url\" content=\"https:\/\/www.quartix.com\/fr-fr\/geolocalisation\/geofencing\/\" \/>\n<meta property=\"og:site_name\" content=\"Quartix\" \/>\n<meta property=\"article:publisher\" content=\"https:\/\/www.facebook.com\/Quartix-USA-374426386097401\/\" \/>\n<meta property=\"article:modified_time\" content=\"2023-07-13T12:17:45+00:00\" \/>\n<meta name=\"twitter:card\" content=\"summary_large_image\" \/>\n<meta name=\"twitter:site\" content=\"@QuartixUSA\" \/>\n<meta name=\"twitter:label1\" content=\"Est. reading time\" \/>\n\t<meta name=\"twitter:data1\" content=\"2 minutes\" \/>\n<!-- \/ Yoast SEO Premium plugin. -->","yoast_head_json":{"title":"Alertes Geofencing | G\u00e9olocalisation de v\u00e9hicules Quartix - FR","description":"La fonction geofencing du syst\u00e8me de g\u00e9olocalisation de v\u00e9hicules Quartix peut vous alerter des d\u00e9placements non autoris\u00e9s ou inhabituels de vos v\u00e9hicules.","robots":{"index":"index","follow":"follow","max-snippet":"max-snippet:-1","max-image-preview":"max-image-preview:large","max-video-preview":"max-video-preview:-1"},"canonical":"https:\/\/www.quartix.com\/fr-fr\/geolocalisation\/geofencing\/","og_locale":"fr_FR","og_type":"article","og_title":"Geofencing","og_description":"La fonction geofencing du syst\u00e8me de g\u00e9olocalisation de v\u00e9hicules Quartix peut vous alerter des d\u00e9placements non autoris\u00e9s ou inhabituels de vos v\u00e9hicules.","og_url":"https:\/\/www.quartix.com\/fr-fr\/geolocalisation\/geofencing\/","og_site_name":"Quartix","article_publisher":"https:\/\/www.facebook.com\/Quartix-USA-374426386097401\/","article_modified_time":"2023-07-13T12:17:45+00:00","twitter_card":"summary_large_image","twitter_site":"@QuartixUSA","twitter_misc":{"Est. reading time":"2 minutes"},"schema":{"@context":"https:\/\/schema.org","@graph":[{"@type":"WebPage","@id":"https:\/\/www.quartix.com\/fr-fr\/geolocalisation\/geofencing\/","url":"https:\/\/www.quartix.com\/fr-fr\/geolocalisation\/geofencing\/","name":"Alertes Geofencing | G\u00e9olocalisation de v\u00e9hicules Quartix","isPartOf":{"@id":"https:\/\/www.quartix.com\/fr-fr\/#website"},"datePublished":"2021-05-11T08:26:19+00:00","dateModified":"2023-07-13T12:17:45+00:00","description":"La fonction geofencing du syst\u00e8me de g\u00e9olocalisation de v\u00e9hicules Quartix peut vous alerter des d\u00e9placements non autoris\u00e9s ou inhabituels de vos v\u00e9hicules.","breadcrumb":{"@id":"https:\/\/www.quartix.com\/fr-fr\/geolocalisation\/geofencing\/#breadcrumb"},"inLanguage":"fr-FR","potentialAction":[{"@type":"ReadAction","target":["https:\/\/www.quartix.com\/fr-fr\/geolocalisation\/geofencing\/"]}]},{"@type":"BreadcrumbList","@id":"https:\/\/www.quartix.com\/fr-fr\/geolocalisation\/geofencing\/#breadcrumb","itemListElement":[{"@type":"ListItem","position":1,"name":"Accueil","item":"https:\/\/www.quartix.com\/fr-fr\/quartix-suivi-de-vehicules-en-temps-reel\/"},{"@type":"ListItem","position":2,"name":"G\u00e9olocalisation","item":"https:\/\/www.quartix.com\/fr-fr\/geolocalisation\/"},{"@type":"ListItem","position":3,"name":"Geofencing"}]},{"@type":"WebSite","@id":"https:\/\/www.quartix.com\/fr-fr\/#website","url":"https:\/\/www.quartix.com\/fr-fr\/","name":"Quartix","description":"Real-time vehicle tracking","publisher":{"@id":"https:\/\/www.quartix.com\/fr-fr\/#organization"},"potentialAction":[{"@type":"SearchAction","target":{"@type":"EntryPoint","urlTemplate":"https:\/\/www.quartix.com\/fr-fr\/?s={search_term_string}"},"query-input":{"@type":"PropertyValueSpecification","valueRequired":true,"valueName":"search_term_string"}}],"inLanguage":"fr-FR"},{"@type":"Organization","@id":"https:\/\/www.quartix.com\/fr-fr\/#organization","name":"Quartix","url":"https:\/\/www.quartix.com\/fr-fr\/","logo":{"@type":"ImageObject","inLanguage":"fr-FR","@id":"https:\/\/www.quartix.com\/fr-fr\/#\/schema\/logo\/image\/","url":"https:\/\/www.quartix.com\/content\/uploads\/2019\/02\/quartix-logo-eur.svg","contentUrl":"https:\/\/www.quartix.com\/content\/uploads\/2019\/02\/quartix-logo-eur.svg","width":1,"height":1,"caption":"Quartix"},"image":{"@id":"https:\/\/www.quartix.com\/fr-fr\/#\/schema\/logo\/image\/"},"sameAs":["https:\/\/www.facebook.com\/Quartix-USA-374426386097401\/","https:\/\/x.com\/QuartixUSA","https:\/\/www.linkedin.com\/company\/5346733\/","https:\/\/www.youtube.com\/channel\/UCzS-_GMfHF4kWiCheyIRrAQ"]}]}},"_links":{"self":[{"href":"https:\/\/www.quartix.com\/fr-fr\/wp-json\/wp\/v2\/pages\/55264","targetHints":{"allow":["GET"]}}],"collection":[{"href":"https:\/\/www.quartix.com\/fr-fr\/wp-json\/wp\/v2\/pages"}],"about":[{"href":"https:\/\/www.quartix.com\/fr-fr\/wp-json\/wp\/v2\/types\/page"}],"author":[{"embeddable":true,"href":"https:\/\/www.quartix.com\/fr-fr\/wp-json\/wp\/v2\/users\/12"}],"replies":[{"embeddable":true,"href":"https:\/\/www.quartix.com\/fr-fr\/wp-json\/wp\/v2\/comments?post=55264"}],"version-history":[{"count":0,"href":"https:\/\/www.quartix.com\/fr-fr\/wp-json\/wp\/v2\/pages\/55264\/revisions"}],"up":[{"embeddable":true,"href":"https:\/\/www.quartix.com\/fr-fr\/wp-json\/wp\/v2\/pages\/53132"}],"wp:attachment":[{"href":"https:\/\/www.quartix.com\/fr-fr\/wp-json\/wp\/v2\/media?parent=55264"}],"wp:term":[{"taxonomy":"topic","embeddable":true,"href":"https:\/\/www.quartix.com\/fr-fr\/wp-json\/wp\/v2\/topic?post=55264"},{"taxonomy":"qtx_campaign","embeddable":true,"href":"https:\/\/www.quartix.com\/fr-fr\/wp-json\/wp\/v2\/qtx_campaign?post=55264"}],"curies":[{"name":"wp","href":"https:\/\/api.w.org\/{rel}","templated":true}]}}