{"id":55278,"date":"2021-05-11T09:52:13","date_gmt":"2021-05-11T08:52:13","guid":{"rendered":" https:\/\/www.quartix.com\/?page_id=55278"},"modified":"2022-03-08T20:15:29","modified_gmt":"2022-03-08T19:15:29","slug":"controle-temperature","status":"publish","type":"page","link":"https:\/\/www.quartix.com\/fr-fr\/geolocalisation\/controle-temperature\/","title":{"rendered":"Contr\u00f4le de la temp\u00e9rature du v\u00e9hicule"},"content":{"rendered":"\n<h2 class=\"wp-block-heading\" id=\"distribution-homogene-de-la-chaine-du-froid\">Distribution homog\u00e8ne de la cha\u00eene du froid<\/h2>\n\n\n\n<p>La g\u00e9olocalisation de v\u00e9hicules de Quartix peut aider les entreprises qui ont besoin d\u2019une distribution r\u00e9frig\u00e9r\u00e9e constante des marchandises, comme les fournisseurs de denr\u00e9es alimentaires ou les transporteurs de vaccins. Les sondes de temp\u00e9rature install\u00e9es dans un v\u00e9hicule frigorifique peuvent transmettre en continu les donn\u00e9es de temp\u00e9rature \u00e0&nbsp;la balise GPS. Le dispositif transmet directement les temp\u00e9ratures \u00e0 votre syst\u00e8me de g\u00e9olocalisation ainsi que d\u2019autres informations relatives aux mouvements de votre v\u00e9hicule, ce qui vous permet d\u2019avoir un aper\u00e7u g\u00e9n\u00e9ral de l\u2019activit\u00e9 de votre flotte.<\/p>\n\n\n\n<div class=\"wp-block-columns is-layout-flex wp-container-core-columns-is-layout-28f84493 wp-block-columns-is-layout-flex\">\n<div class=\"wp-block-column is-layout-flow wp-block-column-is-layout-flow\">\n<figure class=\"wp-block-image\"><img decoding=\"async\" src=\" https:\/\/www.quartix.com\/content\/uploads\/2021\/03\/cold-chain-van.jpg\" alt=\"\"\/><\/figure>\n<\/div>\n\n\n\n<div class=\"wp-block-column is-layout-flow wp-block-column-is-layout-flow\">\n<h2 class=\"wp-block-heading\" id=\"conservez-la-qualite-des-produits-a-tout-moment\">Conservez la qualit\u00e9 des produits \u00e0 tout moment<\/h2>\n\n\n\n<p>L\u2019\u00e9cran de suivi en temps r\u00e9el affiche \u00e9galement les donn\u00e9es de temp\u00e9rature pour vos v\u00e9hicules, mises \u00e0 jour gr\u00e2ce aux sondes. Ce flux constant de donn\u00e9es vous permet de r\u00e9agir rapidement et d\u2019\u00e9viter toute perte relative \u00e0 des changements de temp\u00e9ratures involontaires dans vos v\u00e9hicules.<\/p>\n\n\n\r\n<section  class=\"qtx-pagebuilder-section qtx-pagebuilder-section-list \">\r\n<ul class='ticks fa-ul' style=''><li><span class='fa-li'><i class='fas fa-check-circle'><\/i><\/span>Plages de temp\u00e9rature personnalis\u00e9es<\/li><li><span class='fa-li'><i class='fas fa-check-circle'><\/i><\/span>Pr\u00e9cision de +\/- 0.5\u00b0 C<\/li><li><span class='fa-li'><i class='fas fa-check-circle'><\/i><\/span>Alerte envoy\u00e9e par e-mail en cas de temp\u00e9rature en dehors du seuil<\/li><li><span class='fa-li'><i class='fas fa-check-circle'><\/i><\/span>Int\u00e9gr\u00e9es \u00e0 l\u2019ensemble de vos donn\u00e9es de g\u00e9olocalisation<\/li><\/ul><\/section><\/div>\n<\/div>\n\n\n\n<div class=\"wp-block-columns is-layout-flex wp-container-core-columns-is-layout-28f84493 wp-block-columns-is-layout-flex\">\n<div class=\"wp-block-column is-layout-flow wp-block-column-is-layout-flow\">\n<h2 class=\"wp-block-heading\" id=\"configurez-le-seuil-de-temperature-des-vehicules-et-les-alertes\">Configurez le seuil de temp\u00e9rature des v\u00e9hicules et les alertes<\/h2>\n\n\n\n<p>Le syst\u00e8me de Quartix vous permet de configurer un seuil de temp\u00e9rature pour chaque v\u00e9hicule. Toute lecture en dehors du seuil d\u00e9clenchera une alerte par e-mail. Cela peut marquer la diff\u00e9rence entre un produit de qualit\u00e9 et un produit gaspill\u00e9. L\u2019ensemble de ces donn\u00e9es peut \u00eatre contr\u00f4l\u00e9 \u00e0 distance sans le besoin de d\u00e9ranger vos chauffeurs, except\u00e9 si un probl\u00e8me survient.<\/p>\n<\/div>\n\n\n\n<div class=\"wp-block-column is-layout-flow wp-block-column-is-layout-flow\">\n<figure class=\"wp-block-image\"><img decoding=\"async\" src=\" https:\/\/www.quartix.com\/content\/uploads\/2021\/05\/FR-Temperature-Monitoring-1-1000x464.png\" alt=\"Le contr\u00f4le de la temp\u00e9rature des v\u00e9hicules est essentiel pour les entreprises qui transportent des denr\u00e9es alimentaires ou des doses de vaccins contre le Covid-19\"\/><\/figure>\n<\/div>\n<\/div>\n\n\n\n<p><a href=\" https:\/\/www.quartix.com\/content\/uploads\/2021\/05\/FR-Temperature-Monitoring-1.png\" data-elementor-open-lightbox=\"yes\" data-elementor-lightbox-title=\"FR-Temperature-Monitoring\"><br> <\/a><\/p>\n\n\n\n<h2 class=\"wp-block-heading\" id=\"obtenez-une-vue-d-ensemble-des-itineraires-de-vos-marchandises\">Obtenez une vue d\u2019ensemble des itin\u00e9raires de vos marchandises<\/h2>\n\n\n\n<p>Le syst\u00e8me de g\u00e9olocalisation de Quartix vous permet de suivre les itin\u00e9raires de vos marchandises d\u2019un point A \u00e0 un point B. Les donn\u00e9es en temps r\u00e9el et l\u2019historique du syst\u00e8me vous fournissent une liste de contr\u00f4le compl\u00e8te&nbsp;: consultez les routes parcourues par les chauffeurs, les temps de livraison des marchandises et la temp\u00e9rature des v\u00e9hicules \u00e0 chaque \u00e9tape du trajet. Quartix vous apporte les solutions n\u00e9cessaires pour garantir la livraison de votre produit de mani\u00e8re efficace, dans de bonnes conditions et surtout \u00e0 l\u2019heure pr\u00e9vue.<\/p>\n\n\n\n<div class=\"wp-block-columns is-layout-flex wp-container-core-columns-is-layout-28f84493 wp-block-columns-is-layout-flex\">\n<div class=\"wp-block-column is-layout-flow wp-block-column-is-layout-flow\">\n<h2 class=\"wp-block-heading\" id=\"contactez-nous-pour-obtenir-un-devis\">Contactez-nous pour obtenir un devis<\/h2>\n\n\n\n<p>Notre \u00e9quipe est ravie de vous proposer la solution la plus adapt\u00e9e aux besoins de votre entreprise.<\/p>\n\n\n\n<div class=\"wpcf7 no-js\" id=\"wpcf7-f71468-o1\" lang=\"fr-FR\" dir=\"ltr\" data-wpcf7-id=\"71468\">\n<div class=\"screen-reader-response\"><p role=\"status\" aria-live=\"polite\" aria-atomic=\"true\"><\/p> <ul><\/ul><\/div>\n<form action=\"\/fr-fr\/wp-json\/wp\/v2\/pages\/55278#wpcf7-f71468-o1\" method=\"post\" class=\"wpcf7-form init\" aria-label=\"Contact form\" novalidate=\"novalidate\" data-status=\"init\">\n<fieldset class=\"hidden-fields-container\"><input type=\"hidden\" name=\"_wpcf7\" value=\"71468\" \/><input type=\"hidden\" name=\"_wpcf7_version\" value=\"6.1.5\" \/><input type=\"hidden\" name=\"_wpcf7_locale\" value=\"fr_FR\" \/><input type=\"hidden\" name=\"_wpcf7_unit_tag\" value=\"wpcf7-f71468-o1\" \/><input type=\"hidden\" name=\"_wpcf7_container_post\" value=\"0\" \/><input type=\"hidden\" name=\"_wpcf7_posted_data_hash\" value=\"\" \/><input type=\"hidden\" name=\"_wpcf7cf_hidden_group_fields\" value=\"[]\" \/><input type=\"hidden\" name=\"_wpcf7cf_hidden_groups\" value=\"[]\" \/><input type=\"hidden\" name=\"_wpcf7cf_visible_groups\" value=\"[]\" \/><input type=\"hidden\" name=\"_wpcf7cf_repeaters\" value=\"[]\" \/><input type=\"hidden\" name=\"_wpcf7cf_steps\" value=\"{}\" \/><input type=\"hidden\" name=\"_wpcf7cf_options\" value=\"{&quot;form_id&quot;:71468,&quot;conditions&quot;:[],&quot;settings&quot;:{&quot;animation&quot;:&quot;yes&quot;,&quot;animation_intime&quot;:200,&quot;animation_outtime&quot;:200,&quot;conditions_ui&quot;:&quot;normal&quot;,&quot;notice_dismissed&quot;:false,&quot;notice_dismissed_update-cf7-6.0&quot;:true,&quot;notice_dismissed_update-cf7-6.0.1&quot;:true,&quot;notice_dismissed_update-cf7-6.0.2&quot;:true,&quot;notice_dismissed_rollback-cf7-6.0.5&quot;:true}}\" \/><input type=\"hidden\" name=\"_wpcf7_recaptcha_response\" value=\"\" \/>\n<\/fieldset>\n<div class=\"input-wrapper\"><span class=\"icon icon-face\"><\/span><span class=\"wpcf7-form-control-wrap\" data-name=\"first_name\"><input size=\"40\" maxlength=\"400\" class=\"wpcf7-form-control wpcf7-text wpcf7-validates-as-required\" aria-required=\"true\" aria-invalid=\"false\" placeholder=\"Pr\u00e9nom *\" value=\"\" type=\"text\" name=\"first_name\" \/><\/span><span class=\"wpcf7-form-control-wrap\" data-name=\"last_name\"><input size=\"40\" maxlength=\"400\" class=\"wpcf7-form-control wpcf7-text wpcf7-validates-as-required\" aria-required=\"true\" aria-invalid=\"false\" placeholder=\"Nom *\" value=\"\" type=\"text\" name=\"last_name\" \/><\/span><\/div>\n<div class=\"input-wrapper\"><span class=\"icon icon-envelope\"><\/span><span class=\"wpcf7-form-control-wrap\" data-name=\"email\"><input size=\"40\" maxlength=\"400\" class=\"wpcf7-form-control wpcf7-email wpcf7-validates-as-required wpcf7-text wpcf7-validates-as-email\" aria-required=\"true\" aria-invalid=\"false\" placeholder=\"Email *\" value=\"\" type=\"email\" name=\"email\" \/><\/span><\/div>\n<div class=\"input-wrapper\"><span class=\"icon icon-company\"><\/span><span class=\"wpcf7-form-control-wrap\" data-name=\"company\"><input size=\"40\" maxlength=\"400\" class=\"wpcf7-form-control wpcf7-text wpcf7-validates-as-required\" aria-required=\"true\" aria-invalid=\"false\" placeholder=\"Soci\u00e9t\u00e9 *\" value=\"\" type=\"text\" name=\"company\" \/><\/span><\/div>\n<div class=\"input-wrapper\"><span class=\"icon icon-telephone\"><\/span><span class=\"wpcf7-form-control-wrap\" data-name=\"phone\"><input size=\"40\" maxlength=\"400\" class=\"wpcf7-form-control wpcf7-tel wpcf7-validates-as-required wpcf7-text wpcf7-validates-as-tel\" aria-required=\"true\" aria-invalid=\"false\" placeholder=\"T\u00e9l\u00e9phone *\" value=\"\" type=\"tel\" name=\"phone\" \/><\/span><\/div>\n<div class=\"input-wrapper\"><span class=\"icon icon-vehicles\"><\/span><span class=\"wpcf7-form-control-wrap\" data-name=\"number_of_vehicles\"><input class=\"wpcf7-form-control wpcf7-number wpcf7-validates-as-required wpcf7-validates-as-number\" min=\"1\" aria-required=\"true\" aria-invalid=\"false\" placeholder=\"Taille de votre flotte *\" value=\"\" type=\"number\" name=\"number_of_vehicles\" \/><\/span><\/div>\n<div class=\"input-wrapper\"><span class=\"icon icon-message\"><\/span><span class=\"wpcf7-form-control-wrap\" data-name=\"comments\"><textarea cols=\"40\" rows=\"10\" maxlength=\"2000\" class=\"wpcf7-form-control wpcf7-textarea\" aria-invalid=\"false\" placeholder=\"Commentaires\" name=\"comments\"><\/textarea><\/span><\/div>\n<input type=\"hidden\" name=\"thankyouURL\" value=\"\/fr-fr\/merci-devis\/\" class=\"wpcf7-form-control wpcf7-hidden\" id=\"thankyouURL\">\n<input class=\"wpcf7-form-control wpcf7-hidden\" value=\"\" type=\"hidden\" name=\"pardot_extra_field\" \/>\n<input type=\"hidden\" name=\"page_title\" value=\"No post title\" class=\"wpcf7-form-control wpcf7-hidden\">\n<div class=\"recatpcha-text\">Ce site est prot\u00e9g\u00e9 par reCAPTCHA et la <a href=\"https:\/\/policies.google.com\/privacy?hl=fr\">politique de confidentialit\u00e9<\/a> et les <a href=\"https:\/\/policies.google.com\/terms?hl=fr\">conditions d'utilisation<\/a> de Google s'appliquent.<\/div>\n<div class=\"input-wrapper\"><input class=\"wpcf7-form-control wpcf7-submit has-spinner icon-plane\" type=\"submit\" value=\"Obtenez un devis\" \/><\/div><div class=\"wpcf7-response-output\" aria-hidden=\"true\"><\/div>\n<\/form>\n<\/div>\n\n<\/div>\n\n\n\n<div class=\"wp-block-column is-layout-flow wp-block-column-is-layout-flow\">\n<figure class=\"wp-block-image\"><img decoding=\"async\" src=\" https:\/\/www.quartix.com\/content\/uploads\/2021\/07\/quartix_FR_screens_apps_image-768x438-1.png\" alt=\"La g\u00e9olocalisation de v\u00e9hicules pr\u00e9sente de nombreux avantages pour les entreprises. Demandez votre devis.\"\/><\/figure>\n\n\n\r\n<section  class=\"qtx-pagebuilder-section qtx-pagebuilder-section-list \">\r\n<ul class='ticks fa-ul' style=''><li><span class='fa-li'><i class='fas fa-check-circle'><\/i><\/span>Suivez la position de vos v\u00e9hicules en temps r\u00e9el<\/li><li><span class='fa-li'><i class='fas fa-check-circle'><\/i><\/span>Obtenez les feuilles de temps de vos conducteurs et v\u00e9hicules<\/li><li><span class='fa-li'><i class='fas fa-check-circle'><\/i><\/span>Recevez des rapports de style de conduite d\u00e9taill\u00e9s<\/li><li><span class='fa-li'><i class='fas fa-check-circle'><\/i><\/span>V\u00e9rifiez la position de vos conducteurs dans le classement de conduite<\/li><li><span class='fa-li'><i class='fas fa-check-circle'><\/i><\/span>Recevez des alertes en cas de d\u00e9placements non-autoris\u00e9s<\/li><\/ul><\/section><\/div>\n<\/div>\n","protected":false},"excerpt":{"rendered":"<p>Distribution homog\u00e8ne de la cha\u00eene du froid La g\u00e9olocalisation de v\u00e9hicules de Quartix peut aider les entreprises qui ont besoin d\u2019une distribution r\u00e9frig\u00e9r\u00e9e constante des marchandises, comme les fournisseurs de denr\u00e9es alimentaires ou les transporteurs de vaccins. Les sondes de temp\u00e9rature install\u00e9es dans un v\u00e9hicule frigorifique peuvent transmettre en continu les donn\u00e9es de temp\u00e9rature \u00e0&nbsp;la [&hellip;]<\/p>\n","protected":false},"author":12,"featured_media":55279,"parent":53132,"menu_order":45,"comment_status":"closed","ping_status":"closed","template":"","meta":{"_acf_changed":false,"inline_featured_image":false,"footnotes":""},"topic":[],"qtx_campaign":[],"class_list":["post-55278","page","type-page","status-publish","has-post-thumbnail","hentry"],"acf":[],"yoast_head":"<!-- This site is optimized with the Yoast SEO Premium plugin v27.3 (Yoast SEO v27.3) - https:\/\/yoast.com\/product\/yoast-seo-premium-wordpress\/ -->\n<title>Contr\u00f4le de la temp\u00e9rature du v\u00e9hicule | Sonde | Quartix - FR<\/title>\n<meta name=\"description\" content=\"Les sondes install\u00e9es sur un v\u00e9hicule r\u00e9frig\u00e9r\u00e9 permettent le contr\u00f4le de la temp\u00e9rature, qui s&#039;affiche dans votre syst\u00e8me de suivi de v\u00e9hicules Quartix.\" \/>\n<meta name=\"robots\" content=\"index, follow, max-snippet:-1, max-image-preview:large, max-video-preview:-1\" \/>\n<link rel=\"canonical\" href=\"https:\/\/www.quartix.com\/fr-fr\/geolocalisation\/controle-temperature\/\" \/>\n<meta property=\"og:locale\" content=\"fr_FR\" \/>\n<meta property=\"og:type\" content=\"article\" \/>\n<meta property=\"og:title\" content=\"Contr\u00f4le de la temp\u00e9rature du v\u00e9hicule\" \/>\n<meta property=\"og:description\" content=\"Les sondes install\u00e9es sur un v\u00e9hicule r\u00e9frig\u00e9r\u00e9 permettent le contr\u00f4le de la temp\u00e9rature, qui s&#039;affiche dans votre syst\u00e8me de suivi de v\u00e9hicules Quartix.\" \/>\n<meta property=\"og:url\" content=\"https:\/\/www.quartix.com\/fr-fr\/geolocalisation\/controle-temperature\/\" \/>\n<meta property=\"og:site_name\" content=\"Quartix\" \/>\n<meta property=\"article:publisher\" content=\"https:\/\/www.facebook.com\/Quartix-USA-374426386097401\/\" \/>\n<meta property=\"article:modified_time\" content=\"2022-03-08T19:15:29+00:00\" \/>\n<meta property=\"og:image\" content=\"https:\/\/www.quartix.com\/content\/uploads\/2021\/03\/cold-chain-van.jpg\" \/>\n\t<meta property=\"og:image:width\" content=\"800\" \/>\n\t<meta property=\"og:image:height\" content=\"640\" \/>\n\t<meta property=\"og:image:type\" content=\"image\/jpeg\" \/>\n<meta name=\"twitter:card\" content=\"summary_large_image\" \/>\n<meta name=\"twitter:site\" content=\"@QuartixUSA\" \/>\n<meta name=\"twitter:label1\" content=\"Est. reading time\" \/>\n\t<meta name=\"twitter:data1\" content=\"3 minutes\" \/>\n<!-- \/ Yoast SEO Premium plugin. -->","yoast_head_json":{"title":"Contr\u00f4le de la temp\u00e9rature du v\u00e9hicule | Sonde | Quartix - FR","description":"Les sondes install\u00e9es sur un v\u00e9hicule r\u00e9frig\u00e9r\u00e9 permettent le contr\u00f4le de la temp\u00e9rature, qui s'affiche dans votre syst\u00e8me de suivi de v\u00e9hicules Quartix.","robots":{"index":"index","follow":"follow","max-snippet":"max-snippet:-1","max-image-preview":"max-image-preview:large","max-video-preview":"max-video-preview:-1"},"canonical":"https:\/\/www.quartix.com\/fr-fr\/geolocalisation\/controle-temperature\/","og_locale":"fr_FR","og_type":"article","og_title":"Contr\u00f4le de la temp\u00e9rature du v\u00e9hicule","og_description":"Les sondes install\u00e9es sur un v\u00e9hicule r\u00e9frig\u00e9r\u00e9 permettent le contr\u00f4le de la temp\u00e9rature, qui s'affiche dans votre syst\u00e8me de suivi de v\u00e9hicules Quartix.","og_url":"https:\/\/www.quartix.com\/fr-fr\/geolocalisation\/controle-temperature\/","og_site_name":"Quartix","article_publisher":"https:\/\/www.facebook.com\/Quartix-USA-374426386097401\/","article_modified_time":"2022-03-08T19:15:29+00:00","og_image":[{"width":800,"height":640,"url":"https:\/\/www.quartix.com\/content\/uploads\/2021\/03\/cold-chain-van.jpg","type":"image\/jpeg"}],"twitter_card":"summary_large_image","twitter_site":"@QuartixUSA","twitter_misc":{"Est. reading time":"3 minutes"},"schema":{"@context":"https:\/\/schema.org","@graph":[{"@type":"WebPage","@id":"https:\/\/www.quartix.com\/fr-fr\/geolocalisation\/controle-temperature\/","url":"https:\/\/www.quartix.com\/fr-fr\/geolocalisation\/controle-temperature\/","name":"Contr\u00f4le de la temp\u00e9rature du v\u00e9hicule | Sonde | Quartix","isPartOf":{"@id":"https:\/\/www.quartix.com\/fr-fr\/#website"},"primaryImageOfPage":{"@id":"https:\/\/www.quartix.com\/fr-fr\/geolocalisation\/controle-temperature\/#primaryimage"},"image":{"@id":"https:\/\/www.quartix.com\/fr-fr\/geolocalisation\/controle-temperature\/#primaryimage"},"thumbnailUrl":"https:\/\/www.quartix.com\/content\/uploads\/2021\/03\/cold-chain-van.jpg","datePublished":"2021-05-11T08:52:13+00:00","dateModified":"2022-03-08T19:15:29+00:00","description":"Les sondes install\u00e9es sur un v\u00e9hicule r\u00e9frig\u00e9r\u00e9 permettent le contr\u00f4le de la temp\u00e9rature, qui s'affiche dans votre syst\u00e8me de suivi de v\u00e9hicules Quartix.","breadcrumb":{"@id":"https:\/\/www.quartix.com\/fr-fr\/geolocalisation\/controle-temperature\/#breadcrumb"},"inLanguage":"fr-FR","potentialAction":[{"@type":"ReadAction","target":["https:\/\/www.quartix.com\/fr-fr\/geolocalisation\/controle-temperature\/"]}]},{"@type":"ImageObject","inLanguage":"fr-FR","@id":"https:\/\/www.quartix.com\/fr-fr\/geolocalisation\/controle-temperature\/#primaryimage","url":"https:\/\/www.quartix.com\/content\/uploads\/2021\/03\/cold-chain-van.jpg","contentUrl":"https:\/\/www.quartix.com\/content\/uploads\/2021\/03\/cold-chain-van.jpg","width":800,"height":640,"caption":"Insulated Fridge Freezer Food Delivery Van Transport Rear Doors"},{"@type":"BreadcrumbList","@id":"https:\/\/www.quartix.com\/fr-fr\/geolocalisation\/controle-temperature\/#breadcrumb","itemListElement":[{"@type":"ListItem","position":1,"name":"Accueil","item":"https:\/\/www.quartix.com\/fr-fr\/quartix-suivi-de-vehicules-en-temps-reel\/"},{"@type":"ListItem","position":2,"name":"G\u00e9olocalisation","item":"https:\/\/www.quartix.com\/fr-fr\/geolocalisation\/"},{"@type":"ListItem","position":3,"name":"Contr\u00f4le de la temp\u00e9rature du v\u00e9hicule"}]},{"@type":"WebSite","@id":"https:\/\/www.quartix.com\/fr-fr\/#website","url":"https:\/\/www.quartix.com\/fr-fr\/","name":"Quartix","description":"Real-time vehicle tracking","publisher":{"@id":"https:\/\/www.quartix.com\/fr-fr\/#organization"},"potentialAction":[{"@type":"SearchAction","target":{"@type":"EntryPoint","urlTemplate":"https:\/\/www.quartix.com\/fr-fr\/?s={search_term_string}"},"query-input":{"@type":"PropertyValueSpecification","valueRequired":true,"valueName":"search_term_string"}}],"inLanguage":"fr-FR"},{"@type":"Organization","@id":"https:\/\/www.quartix.com\/fr-fr\/#organization","name":"Quartix","url":"https:\/\/www.quartix.com\/fr-fr\/","logo":{"@type":"ImageObject","inLanguage":"fr-FR","@id":"https:\/\/www.quartix.com\/fr-fr\/#\/schema\/logo\/image\/","url":"https:\/\/www.quartix.com\/content\/uploads\/2019\/02\/quartix-logo-eur.svg","contentUrl":"https:\/\/www.quartix.com\/content\/uploads\/2019\/02\/quartix-logo-eur.svg","width":1,"height":1,"caption":"Quartix"},"image":{"@id":"https:\/\/www.quartix.com\/fr-fr\/#\/schema\/logo\/image\/"},"sameAs":["https:\/\/www.facebook.com\/Quartix-USA-374426386097401\/","https:\/\/x.com\/QuartixUSA","https:\/\/www.linkedin.com\/company\/5346733\/","https:\/\/www.youtube.com\/channel\/UCzS-_GMfHF4kWiCheyIRrAQ"]}]}},"_links":{"self":[{"href":"https:\/\/www.quartix.com\/fr-fr\/wp-json\/wp\/v2\/pages\/55278","targetHints":{"allow":["GET"]}}],"collection":[{"href":"https:\/\/www.quartix.com\/fr-fr\/wp-json\/wp\/v2\/pages"}],"about":[{"href":"https:\/\/www.quartix.com\/fr-fr\/wp-json\/wp\/v2\/types\/page"}],"author":[{"embeddable":true,"href":"https:\/\/www.quartix.com\/fr-fr\/wp-json\/wp\/v2\/users\/12"}],"replies":[{"embeddable":true,"href":"https:\/\/www.quartix.com\/fr-fr\/wp-json\/wp\/v2\/comments?post=55278"}],"version-history":[{"count":0,"href":"https:\/\/www.quartix.com\/fr-fr\/wp-json\/wp\/v2\/pages\/55278\/revisions"}],"up":[{"embeddable":true,"href":"https:\/\/www.quartix.com\/fr-fr\/wp-json\/wp\/v2\/pages\/53132"}],"wp:featuredmedia":[{"embeddable":true,"href":"https:\/\/www.quartix.com\/fr-fr\/wp-json\/wp\/v2\/media\/55279"}],"wp:attachment":[{"href":"https:\/\/www.quartix.com\/fr-fr\/wp-json\/wp\/v2\/media?parent=55278"}],"wp:term":[{"taxonomy":"topic","embeddable":true,"href":"https:\/\/www.quartix.com\/fr-fr\/wp-json\/wp\/v2\/topic?post=55278"},{"taxonomy":"qtx_campaign","embeddable":true,"href":"https:\/\/www.quartix.com\/fr-fr\/wp-json\/wp\/v2\/qtx_campaign?post=55278"}],"curies":[{"name":"wp","href":"https:\/\/api.w.org\/{rel}","templated":true}]}}