{"id":55284,"date":"2021-05-11T10:05:29","date_gmt":"2021-05-11T09:05:29","guid":{"rendered":"https:\/\/www.quartix.com\/?page_id=55284"},"modified":"2025-11-05T16:10:10","modified_gmt":"2025-11-05T15:10:10","slug":"balise-plug-track-obd","status":"publish","type":"page","link":"https:\/\/www.quartix.com\/fr-fr\/balise-plug-track-obd\/","title":{"rendered":"Balise Plug &#038; Track"},"content":{"rendered":"\n<div class=\"wp-block-columns is-layout-flex wp-container-core-columns-is-layout-28f84493 wp-block-columns-is-layout-flex\">\n<div class=\"wp-block-column is-layout-flow wp-block-column-is-layout-flow\">\n<h2 class=\"wp-block-heading\" id=\"l-option-d-auto-installation-plug-track\">L&#8217;option d&#8217;auto-installation Plug &amp; Track<\/h2>\n\n\n\n<p>Le Plug &amp; Track OBD de Quartix est la solution id\u00e9ale lorsque la balise de g\u00e9olocalisation doit \u00eatre transf\u00e9r\u00e9e d\u2019un v\u00e9hicule \u00e0 un autre, vous permettant d\u2019\u00e9viter l\u2019intervention d\u2019un technicien. Voici quelques exemples d\u2019applications pour votre entreprise :<\/p>\n\n\n\n<p><strong>Sous-traitants et personnel int\u00e9rimaire<\/strong><\/p>\n\n\n\n<p>Besoin de suivre des sous-traitants int\u00e9rimaires ? L\u2019option Plug &amp; Track vous donne acc\u00e8s \u00e0 toutes les donn\u00e9es de g\u00e9olocalisation et de suivi de vos sous-traitants ainsi que de votre personnel permanent. Obtenez ainsi des donn\u00e9es coh\u00e9rentes et uniformes pour l\u2019ensemble de votre flotte tout en gardant l\u2019esprit tranquille.<\/p>\n<\/div>\n\n\n\n<div class=\"wp-block-column is-layout-flow wp-block-column-is-layout-flow\">\n<figure class=\"wp-block-image\"><img decoding=\"async\" src=\" https:\/\/www.quartix.com\/content\/uploads\/2019\/04\/PlugTrackUnit-1000x769.png\" alt=\"\"\/><\/figure>\n<\/div>\n<\/div>\n\n\n\n<p><strong>Remplacement des v\u00e9hicules<\/strong><br>Si les v\u00e9hicules de votre flotte doivent \u00eatre prochainement remplac\u00e9s, le Plug &amp; Track OBD vous permet de transf\u00e9rer facilement la balise de g\u00e9olocalisation d\u2019un v\u00e9hicule \u00e0 un autre en changeant le num\u00e9ro d\u2019immatriculation des v\u00e9hicules concern\u00e9s, vous aidant ainsi \u00e0 gagner du temps et \u00e0 r\u00e9duire vos co\u00fbts.<\/p>\n\n\n\n<p><strong>V\u00e9hicules en location<br><\/strong>De nombreuses entreprises louent des v\u00e9hicules utilitaires pour remplacer les v\u00e9hicules en r\u00e9paration ou pour r\u00e9pondre \u00e0 la demande croissante de leurs clients. L\u2019utilisation du Plug &amp; Track de Quartix garantit un suivi continu et uniforme des donn\u00e9es de votre flotte, aussi bien pour les v\u00e9hicules en propre que pour les v\u00e9hicules en location.<\/p>\n\n\n\n<p>Pour en savoir plus, t\u00e9l\u00e9chargez la&nbsp;<a style=\"box-sizing: inherit;\" href=\"https:\/\/go.pardot.com\/l\/375002\/2018-09-04\/5yj4rn\/375002\/295453\/Plug___Track_Quartix___Fiche_produit.pdf\">fiche produit du Plug &amp; Track<\/a>.<\/p>\n\n\n\n<div class=\"wp-block-columns is-layout-flex wp-container-core-columns-is-layout-28f84493 wp-block-columns-is-layout-flex\">\n<div class=\"wp-block-column is-layout-flow wp-block-column-is-layout-flow\">\n<figure class=\"wp-block-image\"><img decoding=\"async\" src=\" https:\/\/www.quartix.com\/content\/uploads\/2019\/07\/plug_track_img-1.png\" alt=\"\"\/><\/figure>\n<\/div>\n\n\n\n<div class=\"wp-block-column is-layout-flow wp-block-column-is-layout-flow\">\n<h2 class=\"wp-block-heading\" id=\"les-principales-fonctionnalites\">Les principales fonctionnalit\u00e9s<\/h2>\n\n\n\n<p>Le Plug &amp; Track Quartix se branche facilement sur la prise diagnostic (OBD) standard de 12v, vous permettant d\u2019acc\u00e9der \u00e0 toutes vos donn\u00e9es t\u00e9l\u00e9matiques en quelques minutes.<\/p>\n\n\n\n<p>La solution Plug &amp; Track permet de suivre l\u2019activit\u00e9 des v\u00e9hicules, de g\u00e9n\u00e9rer des rapports d\u2019activit\u00e9, de d\u00e9couvrir les itin\u00e9raires emprunt\u00e9s et d\u2019analyser le style de conduite des conducteurs en toute simplicit\u00e9.<\/p>\n\n\n\n<ul class=\"wp-block-list\">\n<li>Aucun rendez-vous d\u2019installation requis<\/li>\n\n\n\n<li>Balise facile \u00e0 transf\u00e9rer d\u2019un v\u00e9hicule \u00e0 un autre<\/li>\n\n\n\n<li>Compatible avec la plupart des VL, VU et VUL<\/li>\n\n\n\n<li>\u00c9quip\u00e9 d\u2019une batterie interne<\/li>\n\n\n\n<li>Mises \u00e0 jour logicielles simples et rapides<\/li>\n\n\n\n<li>Capacit\u00e9 m\u00e9moire importante (zones blanches) : jusqu\u2019\u00e0 500 trajets<\/li>\n\n\n\n<li>Alertes anti-effractions<\/li>\n\n\n\n<li>D\u00e9branchement non autoris\u00e9<\/li>\n\n\n\n<li>D\u00e9connection batterie<\/li>\n\n\n\n<li>Mouvement sans contact<\/li>\n<\/ul>\n<\/div>\n<\/div>\n\n\n\n<p>L\u2019installation du Plug &amp; Track OBD de Quartix est tr\u00e8s simple,&nbsp;<a style=\"box-sizing: inherit;\" href=\"https:\/\/go.pardot.com\/l\/375002\/2018-11-01\/633gbd\/375002\/307603\/Plug_Track_Quartix_Guide_dInstallation.pdf\">t\u00e9l\u00e9chargez notre guide d\u2019installation rapide<\/a>&nbsp;afin de d\u00e9marrer d\u00e8s la r\u00e9ception de votre balise.<\/p>\n\n\n\n<p>Si vous avez besoin d\u2019aide pour localiser votre prise OBD vous pouvez consulter notre\u00a0<a href=\"https:\/\/www.klavkarr.com\/location-plug-connector-obd.php\" target=\"_blank\" rel=\"noreferrer noopener\">wiki Plug &amp; Track<\/a>.<\/p>\n\n\n\n<p><\/p>\n","protected":false},"excerpt":{"rendered":"<p>L&#8217;option d&#8217;auto-installation Plug &amp; Track Le Plug &amp; Track OBD de Quartix est la solution id\u00e9ale lorsque la balise de g\u00e9olocalisation doit \u00eatre transf\u00e9r\u00e9e d\u2019un v\u00e9hicule \u00e0 un autre, vous permettant d\u2019\u00e9viter l\u2019intervention d\u2019un technicien. Voici quelques exemples d\u2019applications pour votre entreprise : Sous-traitants et personnel int\u00e9rimaire Besoin de suivre des sous-traitants int\u00e9rimaires ? L\u2019option [&hellip;]<\/p>\n","protected":false},"author":12,"featured_media":0,"parent":0,"menu_order":1100,"comment_status":"closed","ping_status":"closed","template":"","meta":{"_acf_changed":false,"inline_featured_image":false,"footnotes":""},"topic":[],"qtx_campaign":[],"class_list":["post-55284","page","type-page","status-publish","hentry"],"acf":[],"yoast_head":"<!-- This site is optimized with the Yoast SEO Premium plugin v27.3 (Yoast SEO v27.3) - https:\/\/yoast.com\/product\/yoast-seo-premium-wordpress\/ -->\n<title>Balise Plug &amp; Track OBD | G\u00e9olocalisation de v\u00e9hicules Quartix - FR<\/title>\n<meta name=\"description\" content=\"Le Plug &amp; Track de Quartix est la solution id\u00e9ale lorsque la balise de g\u00e9olocalisation doit \u00eatre transf\u00e9r\u00e9e d\u2019un v\u00e9hicule \u00e0 un autre.\" \/>\n<meta name=\"robots\" content=\"index, follow, max-snippet:-1, max-image-preview:large, max-video-preview:-1\" \/>\n<link rel=\"canonical\" href=\"https:\/\/www.quartix.com\/fr-fr\/balise-plug-track-obd\/\" \/>\n<meta property=\"og:locale\" content=\"fr_FR\" \/>\n<meta property=\"og:type\" content=\"article\" \/>\n<meta property=\"og:title\" content=\"Balise Plug &amp; Track\" \/>\n<meta property=\"og:description\" content=\"Le Plug &amp; Track de Quartix est la solution id\u00e9ale lorsque la balise de g\u00e9olocalisation doit \u00eatre transf\u00e9r\u00e9e d\u2019un v\u00e9hicule \u00e0 un autre.\" \/>\n<meta property=\"og:url\" content=\"https:\/\/www.quartix.com\/fr-fr\/balise-plug-track-obd\/\" \/>\n<meta property=\"og:site_name\" content=\"Quartix\" \/>\n<meta property=\"article:publisher\" content=\"https:\/\/www.facebook.com\/Quartix-USA-374426386097401\/\" \/>\n<meta property=\"article:modified_time\" content=\"2025-11-05T15:10:10+00:00\" \/>\n<meta name=\"twitter:card\" content=\"summary_large_image\" \/>\n<meta name=\"twitter:site\" content=\"@QuartixUSA\" \/>\n<meta name=\"twitter:label1\" content=\"Est. reading time\" \/>\n\t<meta name=\"twitter:data1\" content=\"3 minutes\" \/>\n<!-- \/ Yoast SEO Premium plugin. -->","yoast_head_json":{"title":"Balise Plug & Track OBD | G\u00e9olocalisation de v\u00e9hicules Quartix - FR","description":"Le Plug & Track de Quartix est la solution id\u00e9ale lorsque la balise de g\u00e9olocalisation doit \u00eatre transf\u00e9r\u00e9e d\u2019un v\u00e9hicule \u00e0 un autre.","robots":{"index":"index","follow":"follow","max-snippet":"max-snippet:-1","max-image-preview":"max-image-preview:large","max-video-preview":"max-video-preview:-1"},"canonical":"https:\/\/www.quartix.com\/fr-fr\/balise-plug-track-obd\/","og_locale":"fr_FR","og_type":"article","og_title":"Balise Plug & Track","og_description":"Le Plug & Track de Quartix est la solution id\u00e9ale lorsque la balise de g\u00e9olocalisation doit \u00eatre transf\u00e9r\u00e9e d\u2019un v\u00e9hicule \u00e0 un autre.","og_url":"https:\/\/www.quartix.com\/fr-fr\/balise-plug-track-obd\/","og_site_name":"Quartix","article_publisher":"https:\/\/www.facebook.com\/Quartix-USA-374426386097401\/","article_modified_time":"2025-11-05T15:10:10+00:00","twitter_card":"summary_large_image","twitter_site":"@QuartixUSA","twitter_misc":{"Est. reading time":"3 minutes"},"schema":{"@context":"https:\/\/schema.org","@graph":[{"@type":"WebPage","@id":"https:\/\/www.quartix.com\/fr-fr\/balise-plug-track-obd\/","url":"https:\/\/www.quartix.com\/fr-fr\/balise-plug-track-obd\/","name":"Balise Plug & Track OBD | G\u00e9olocalisation de v\u00e9hicules Quartix","isPartOf":{"@id":"https:\/\/www.quartix.com\/fr-fr\/#website"},"datePublished":"2021-05-11T09:05:29+00:00","dateModified":"2025-11-05T15:10:10+00:00","description":"Le Plug & Track de Quartix est la solution id\u00e9ale lorsque la balise de g\u00e9olocalisation doit \u00eatre transf\u00e9r\u00e9e d\u2019un v\u00e9hicule \u00e0 un autre.","breadcrumb":{"@id":"https:\/\/www.quartix.com\/fr-fr\/balise-plug-track-obd\/#breadcrumb"},"inLanguage":"fr-FR","potentialAction":[{"@type":"ReadAction","target":["https:\/\/www.quartix.com\/fr-fr\/balise-plug-track-obd\/"]}]},{"@type":"BreadcrumbList","@id":"https:\/\/www.quartix.com\/fr-fr\/balise-plug-track-obd\/#breadcrumb","itemListElement":[{"@type":"ListItem","position":1,"name":"Accueil","item":"https:\/\/www.quartix.com\/fr-fr\/quartix-suivi-de-vehicules-en-temps-reel\/"},{"@type":"ListItem","position":2,"name":"Balise Plug &#038; Track"}]},{"@type":"WebSite","@id":"https:\/\/www.quartix.com\/fr-fr\/#website","url":"https:\/\/www.quartix.com\/fr-fr\/","name":"Quartix","description":"Real-time vehicle tracking","publisher":{"@id":"https:\/\/www.quartix.com\/fr-fr\/#organization"},"potentialAction":[{"@type":"SearchAction","target":{"@type":"EntryPoint","urlTemplate":"https:\/\/www.quartix.com\/fr-fr\/?s={search_term_string}"},"query-input":{"@type":"PropertyValueSpecification","valueRequired":true,"valueName":"search_term_string"}}],"inLanguage":"fr-FR"},{"@type":"Organization","@id":"https:\/\/www.quartix.com\/fr-fr\/#organization","name":"Quartix","url":"https:\/\/www.quartix.com\/fr-fr\/","logo":{"@type":"ImageObject","inLanguage":"fr-FR","@id":"https:\/\/www.quartix.com\/fr-fr\/#\/schema\/logo\/image\/","url":"https:\/\/www.quartix.com\/content\/uploads\/2019\/02\/quartix-logo-eur.svg","contentUrl":"https:\/\/www.quartix.com\/content\/uploads\/2019\/02\/quartix-logo-eur.svg","width":1,"height":1,"caption":"Quartix"},"image":{"@id":"https:\/\/www.quartix.com\/fr-fr\/#\/schema\/logo\/image\/"},"sameAs":["https:\/\/www.facebook.com\/Quartix-USA-374426386097401\/","https:\/\/x.com\/QuartixUSA","https:\/\/www.linkedin.com\/company\/5346733\/","https:\/\/www.youtube.com\/channel\/UCzS-_GMfHF4kWiCheyIRrAQ"]}]}},"_links":{"self":[{"href":"https:\/\/www.quartix.com\/fr-fr\/wp-json\/wp\/v2\/pages\/55284","targetHints":{"allow":["GET"]}}],"collection":[{"href":"https:\/\/www.quartix.com\/fr-fr\/wp-json\/wp\/v2\/pages"}],"about":[{"href":"https:\/\/www.quartix.com\/fr-fr\/wp-json\/wp\/v2\/types\/page"}],"author":[{"embeddable":true,"href":"https:\/\/www.quartix.com\/fr-fr\/wp-json\/wp\/v2\/users\/12"}],"replies":[{"embeddable":true,"href":"https:\/\/www.quartix.com\/fr-fr\/wp-json\/wp\/v2\/comments?post=55284"}],"version-history":[{"count":2,"href":"https:\/\/www.quartix.com\/fr-fr\/wp-json\/wp\/v2\/pages\/55284\/revisions"}],"predecessor-version":[{"id":125782,"href":"https:\/\/www.quartix.com\/fr-fr\/wp-json\/wp\/v2\/pages\/55284\/revisions\/125782"}],"wp:attachment":[{"href":"https:\/\/www.quartix.com\/fr-fr\/wp-json\/wp\/v2\/media?parent=55284"}],"wp:term":[{"taxonomy":"topic","embeddable":true,"href":"https:\/\/www.quartix.com\/fr-fr\/wp-json\/wp\/v2\/topic?post=55284"},{"taxonomy":"qtx_campaign","embeddable":true,"href":"https:\/\/www.quartix.com\/fr-fr\/wp-json\/wp\/v2\/qtx_campaign?post=55284"}],"curies":[{"name":"wp","href":"https:\/\/api.w.org\/{rel}","templated":true}]}}