{"id":55292,"date":"2021-05-11T10:25:09","date_gmt":"2021-05-11T09:25:09","guid":{"rendered":" https:\/\/www.quartix.com\/?page_id=55292"},"modified":"2023-01-20T16:18:39","modified_gmt":"2023-01-20T15:18:39","slug":"suivi-de-flotte-de-vehicules","status":"publish","type":"page","link":"https:\/\/www.quartix.com\/fr-fr\/suivi-de-flotte-de-vehicules\/","title":{"rendered":"Suivi de flotte de v\u00e9hicules"},"content":{"rendered":"\n<div class=\"wp-block-columns is-layout-flex wp-container-core-columns-is-layout-28f84493 wp-block-columns-is-layout-flex\">\n<div class=\"wp-block-column is-layout-flow wp-block-column-is-layout-flow\">\n<h2 class=\"wp-block-heading\" id=\"un-logiciel-permettant-de-gerer-efficacement-votre-flotte\">Un logiciel permettant de g\u00e9rer efficacement votre flotte<\/h2>\n\n\n\n<p>Optimisez vos itin\u00e9raires en r\u00e9affectant les conducteurs les plus proches de vos interventions gr\u00e2ce au suivi et \u00e0 la localisation de flotte de v\u00e9hicules en temps r\u00e9el.<\/p>\n\n\n\n<ul class=\"wp-block-list\">\n<li>Sensibilisez vos employ\u00e9s et encouragez-les \u00e0 adopter une conduite responsable et \u00e9conomique \u00e0 l\u2019aide des rapports d\u2019analyse de style de conduite et de vitesse.<\/li>\n\n\n\n<li>Respectez les d\u00e9lais de maintenance des v\u00e9hicules et le renouvellement de votre contrat d\u2019assurance gr\u00e2ce \u00e0 des alertes int\u00e9gr\u00e9es.<\/li>\n\n\n\n<li>Assurez-vous que vos salari\u00e9s restent dans des zones d\u00e9finies pendant leurs heures de travail.<\/li>\n\n\n\n<li>R\u00e9duisez votre charge administrative et validez plus facilement les heures suppl\u00e9mentaires.<\/li>\n\n\n\n<li>Suivez votre flotte automobile et l&#8217;activit\u00e9 quotidienne des conducteurs o\u00f9 que vous soyez.<\/li>\n<\/ul>\n\n\n\n<p><a href=\"\/fr-fr\/demande-brochure\/\" target=\"_blank\" rel=\"noopener\">Brochure de g\u00e9olocalisation de flotte automobile<\/a><\/p>\n<\/div>\n\n\n\n<div class=\"wp-block-column is-layout-flow wp-block-column-is-layout-flow\">\n<figure class=\"wp-block-image\"><img decoding=\"async\" src=\" https:\/\/www.quartix.com\/content\/uploads\/2021\/05\/FR_laptop-and-phone-only_tracking_1020x754-1-1.png\" alt=\"\"\/><\/figure>\n<\/div>\n<\/div>\n\n\n\n<div class=\"wp-block-columns is-layout-flex wp-container-core-columns-is-layout-28f84493 wp-block-columns-is-layout-flex\">\n<div class=\"wp-block-column is-layout-flow wp-block-column-is-layout-flow\">\n<figure class=\"wp-block-image\"><img decoding=\"async\" src=\" https:\/\/www.quartix.com\/content\/uploads\/2019\/07\/experts-at-tracking-3.svg\" alt=\"La g\u00e9olocalisation de v\u00e9hicules offre de nombreux avantages aux entreprises\"\/><\/figure>\n<\/div>\n\n\n\n<div class=\"wp-block-column is-layout-flow wp-block-column-is-layout-flow\">\n<h2 class=\"wp-block-heading\" id=\"des-economies-rapides-et-quantifiables\">Des \u00e9conomies rapides et quantifiables<\/h2>\n\n\n\n<ul class=\"wp-block-list\">\n<li><strong>Augmentez votre productivit\u00e9<\/strong> : r\u00e9affecter les conducteurs les plus proches d\u2019une mission via l\u2019itin\u00e9raire le plus rapide vous permet d\u2019effectuer plus d\u2019interventions dans la journ\u00e9e. Gr\u00e2ce \u00e0 un aper\u00e7u d\u00e9taill\u00e9 des arr\u00eats moteur en marche et du temps de trajet, vous contr\u00f4lez votre flotte plus efficacement.<\/li>\n\n\n\n<li><strong>Restez en conformit\u00e9<\/strong> : assurez-vous de faire r\u00e9guli\u00e8rement contr\u00f4ler vos v\u00e9hicules et d\u2019indemniser correctement les heures suppl\u00e9mentaires pour instaurer des relations de confiance avec vos clients et employ\u00e9s.<\/li>\n\n\n\n<li><strong>R\u00e9duisez votre empreinte carbone<\/strong> : encourager une conduite plus \u00e9conomique permet non seulement de r\u00e9duire vos d\u00e9penses en carburant, mais \u00e9galement de diminuer l&#8217;impact de vos v\u00e9hicules sur l&#8217;environnement.<\/li>\n\n\n\n<li><strong>La s\u00e9curit\u00e9 avant tout <\/strong> : identifiez les styles de conduite \u00e0 risques et sensibilisez vos salari\u00e9s \u00e0 une conduite plus responsable. Une gestion de flotte optimis\u00e9e permet de pr\u00e9venir la fatigue au volant afin de r\u00e9duire les risques d\u2019accident.<\/li>\n\n\n\n<li><strong>Actions responsables<\/strong> : l\u2019obtention de donn\u00e9es pr\u00e9cises sur la localisation de vos conducteurs et leur style de conduite peut aider votre entreprise \u00e0 r\u00e9pondre \u00e0 de fausses accusations.<\/li>\n<\/ul>\n\n\n\n<p><a href=\"\/fr-fr\/ressources\/temoignages-clients\/\" target=\"_blank\" rel=\"noopener\">Suivi de flotte : t\u00e9moignages clients<\/a><\/p>\n<\/div>\n<\/div>\n\n\n\n<div class=\"wp-block-columns is-layout-flex wp-container-core-columns-is-layout-28f84493 wp-block-columns-is-layout-flex\">\n<div class=\"wp-block-column is-layout-flow wp-block-column-is-layout-flow\">\n<h2 class=\"wp-block-heading\" id=\"une-gestion-de-flotte-plus-intelligente\">Une gestion de flotte plus intelligente<\/h2>\n\n\n<section  class=\"qtx-pagebuilder-section qtx-pagebuilder-section-blockquote qtx-pagebuilder-section-blockquote-left_green_border \">\r\n        <div class=\"left_green_border\">\r\n            <blockquote>\r\n                <p>&#8220;Les rapports d\u2019activit\u00e9 nous fournissent des informations essentielles telles que la consommation de carburant ou les trajets parcourus. Cela nous permet d\u2019entretenir plus efficacement notre flotte de v\u00e9hicules et de b\u00e9n\u00e9ficier d\u2019une baisse significative de notre charge de travail administratif.&#8221;<\/p>\n                                    <footer>\r\n                        \u2014 <cite class=\"author\">Laura Maubrey<\/cite>, <cite class=\"author_line_2\">Responsable du Parc Automobile UP Sell.<\/cite>\r\n                    <\/footer>\r\n                            <\/blockquote>\r\n        <\/div>\r\n        <\/section>\r\n\r\n\n\n\n<ul class=\"wp-block-list\">\n<li><strong>25%<\/strong> d\u2019\u00e9conomies de carburant<\/li>\n\n\n\n<li><strong>15%<\/strong> de productivit\u00e9 gagn\u00e9e<\/li>\n\n\n\n<li><strong>15%<\/strong> d\u2019heures suppl\u00e9mentaires en moins<\/li>\n\n\n\n<li><strong>20%<\/strong> d\u2019augmentation de l\u2019utilisation des v\u00e9hicules<\/li>\n\n\n\n<li><strong>10%<\/strong> de kilom\u00e8tres parcourus en moins<\/li>\n<\/ul>\n\n\n\n<p><em>*Frost &amp; Sullivan 2015<\/em><\/p>\n<\/div>\n\n\n\n<div class=\"wp-block-column is-layout-flow wp-block-column-is-layout-flow\">\n<figure class=\"wp-block-image\"><img decoding=\"async\" src=\" https:\/\/www.quartix.com\/content\/uploads\/2019\/06\/save-euros-946x1000.png\" alt=\"\u00c9conomies\"\/><\/figure>\n<\/div>\n<\/div>\n\n\n\n<div class=\"wp-block-columns is-layout-flex wp-container-core-columns-is-layout-28f84493 wp-block-columns-is-layout-flex\">\n<div class=\"wp-block-column is-layout-flow wp-block-column-is-layout-flow\">\n<h2 class=\"wp-block-heading\" id=\"testez-le-systeme-quartix-des-maintenant\">Testez le syst\u00e8me Quartix d\u00e8s maintenant!<\/h2>\n\n\n\n<p>Toutes les fonctionnalit\u00e9s essentielles de la g\u00e9olocalisation de v\u00e9hicules au meilleur prix.<\/p>\n\n\n\n<div class=\"wpcf7 no-js\" id=\"wpcf7-f71267-o1\" lang=\"fr-FR\" dir=\"ltr\" data-wpcf7-id=\"71267\">\n<div class=\"screen-reader-response\"><p role=\"status\" aria-live=\"polite\" aria-atomic=\"true\"><\/p> <ul><\/ul><\/div>\n<form action=\"\/fr-fr\/wp-json\/wp\/v2\/pages\/55292#wpcf7-f71267-o1\" method=\"post\" class=\"wpcf7-form init\" aria-label=\"Contact form\" novalidate=\"novalidate\" data-status=\"init\">\n<fieldset class=\"hidden-fields-container\"><input type=\"hidden\" name=\"_wpcf7\" value=\"71267\" \/><input type=\"hidden\" name=\"_wpcf7_version\" value=\"6.1.5\" \/><input type=\"hidden\" name=\"_wpcf7_locale\" value=\"fr_FR\" \/><input type=\"hidden\" name=\"_wpcf7_unit_tag\" value=\"wpcf7-f71267-o1\" \/><input type=\"hidden\" name=\"_wpcf7_container_post\" value=\"0\" \/><input type=\"hidden\" name=\"_wpcf7_posted_data_hash\" value=\"\" \/><input type=\"hidden\" name=\"_wpcf7cf_hidden_group_fields\" value=\"[]\" \/><input type=\"hidden\" name=\"_wpcf7cf_hidden_groups\" value=\"[]\" \/><input type=\"hidden\" name=\"_wpcf7cf_visible_groups\" value=\"[]\" \/><input type=\"hidden\" name=\"_wpcf7cf_repeaters\" value=\"[]\" \/><input type=\"hidden\" name=\"_wpcf7cf_steps\" value=\"{}\" \/><input type=\"hidden\" name=\"_wpcf7cf_options\" value=\"{&quot;form_id&quot;:71267,&quot;conditions&quot;:[],&quot;settings&quot;:{&quot;animation&quot;:&quot;yes&quot;,&quot;animation_intime&quot;:200,&quot;animation_outtime&quot;:200,&quot;conditions_ui&quot;:&quot;normal&quot;,&quot;notice_dismissed&quot;:false,&quot;notice_dismissed_update-cf7-6.0&quot;:true,&quot;notice_dismissed_update-cf7-6.0.1&quot;:true,&quot;notice_dismissed_update-cf7-6.0.2&quot;:true,&quot;notice_dismissed_rollback-cf7-6.0.5&quot;:true}}\" \/><input type=\"hidden\" name=\"_wpcf7_recaptcha_response\" value=\"\" \/>\n<\/fieldset>\n<div class=\"input-wrapper\"><span class=\"icon icon-face\"><\/span><span class=\"wpcf7-form-control-wrap\" data-name=\"first_name\"><input size=\"40\" maxlength=\"400\" class=\"wpcf7-form-control wpcf7-text wpcf7-validates-as-required\" aria-required=\"true\" aria-invalid=\"false\" placeholder=\"Pr\u00e9nom *\" value=\"\" type=\"text\" name=\"first_name\" \/><\/span><span class=\"wpcf7-form-control-wrap\" data-name=\"last_name\"><input size=\"40\" maxlength=\"400\" class=\"wpcf7-form-control wpcf7-text wpcf7-validates-as-required\" aria-required=\"true\" aria-invalid=\"false\" placeholder=\"Nom *\" value=\"\" type=\"text\" name=\"last_name\" \/><\/span><\/div>\n<div class=\"input-wrapper\"><span class=\"icon icon-envelope\"><\/span><span class=\"wpcf7-form-control-wrap\" data-name=\"email\"><input size=\"40\" maxlength=\"400\" class=\"wpcf7-form-control wpcf7-email wpcf7-validates-as-required wpcf7-text wpcf7-validates-as-email\" aria-required=\"true\" aria-invalid=\"false\" placeholder=\"Email *\" value=\"\" type=\"email\" name=\"email\" \/><\/span><\/div>\n<div class=\"input-wrapper\"><span class=\"icon icon-company\"><\/span><span class=\"wpcf7-form-control-wrap\" data-name=\"company\"><input size=\"40\" maxlength=\"400\" class=\"wpcf7-form-control wpcf7-text wpcf7-validates-as-required\" aria-required=\"true\" aria-invalid=\"false\" placeholder=\"Soci\u00e9t\u00e9 *\" value=\"\" type=\"text\" name=\"company\" \/><\/span><\/div>\n<div class=\"input-wrapper\"><span class=\"icon icon-telephone\"><\/span><span class=\"wpcf7-form-control-wrap\" data-name=\"phone\"><input size=\"40\" maxlength=\"400\" class=\"wpcf7-form-control wpcf7-tel wpcf7-validates-as-required wpcf7-text wpcf7-validates-as-tel\" aria-required=\"true\" aria-invalid=\"false\" placeholder=\"T\u00e9l\u00e9phone *\" value=\"\" type=\"tel\" name=\"phone\" \/><\/span><\/div>\n<div class=\"input-wrapper\"><span class=\"icon icon-vehicles\"><\/span><span class=\"wpcf7-form-control-wrap\" data-name=\"number_of_vehicles\"><input class=\"wpcf7-form-control wpcf7-number wpcf7-validates-as-required wpcf7-validates-as-number\" min=\"1\" aria-required=\"true\" aria-invalid=\"false\" placeholder=\"Taille de votre flotte *\" value=\"\" type=\"number\" name=\"number_of_vehicles\" \/><\/span><\/div>\n<input type=\"hidden\" name=\"thankyouURL\" value=\"\/fr-fr\/merci-demande-demo\/\" class=\"wpcf7-form-control wpcf7-hidden\" id=\"thankyouURL\">\n<input class=\"wpcf7-form-control wpcf7-hidden\" value=\"\" type=\"hidden\" name=\"pardot_extra_field\" \/>\n<input type=\"hidden\" name=\"page_title\" value=\"No post title\" class=\"wpcf7-form-control wpcf7-hidden\">\n<div class=\"recatpcha-text\">Ce site est prot\u00e9g\u00e9 par reCAPTCHA et la <a href=\"https:\/\/policies.google.com\/privacy?hl=fr\">politique de confidentialit\u00e9<\/a> et les <a href=\"https:\/\/policies.google.com\/terms?hl=fr\">conditions d'utilisation<\/a> de Google s'appliquent.<\/div>\n<div class=\"input-wrapper\"><input class=\"wpcf7-form-control wpcf7-submit has-spinner icon-plane\" type=\"submit\" value=\"Demander une d\u00e9mo gratuite\" \/><\/div><div class=\"wpcf7-response-output\" aria-hidden=\"true\"><\/div>\n<\/form>\n<\/div>\n\n<\/div>\n\n\n\n<div class=\"wp-block-column is-layout-flow wp-block-column-is-layout-flow\">\n<figure class=\"wp-block-image\"><img decoding=\"async\" src=\" https:\/\/www.quartix.com\/content\/uploads\/2021\/08\/quartix_FR_screens_apps_image_MAR20-1000x571.jpg\" alt=\"\"\/><\/figure>\n\n\n\r\n<section  class=\"qtx-pagebuilder-section qtx-pagebuilder-section-list \">\r\n<ul class='ticks fa-ul' style=''><li><span class='fa-li'><i class='fas fa-check-circle'><\/i><\/span>Localisez vos v\u00e9hicules en un clic<\/li><li><span class='fa-li'><i class='fas fa-check-circle'><\/i><\/span>Recevez des rapports d&#8217;activit\u00e9 par email<\/li><li><span class='fa-li'><i class='fas fa-check-circle'><\/i><\/span>Gagnez du temps et r\u00e9duisez vos co\u00fbts<\/li><li><span class='fa-li'><i class='fas fa-check-circle'><\/i><\/span>Am\u00e9liorez votre productivit\u00e9 et votre r\u00e9activit\u00e9<\/li><li><span class='fa-li'><i class='fas fa-check-circle'><\/i><\/span>R\u00e9duisez les risques d\u2019accidents<\/li><\/ul><\/section><\/div>\n<\/div>\n","protected":false},"excerpt":{"rendered":"<p>Un logiciel permettant de g\u00e9rer efficacement votre flotte Optimisez vos itin\u00e9raires en r\u00e9affectant les conducteurs les plus proches de vos interventions gr\u00e2ce au suivi et \u00e0 la localisation de flotte de v\u00e9hicules en temps r\u00e9el. Brochure de g\u00e9olocalisation de flotte automobile Des \u00e9conomies rapides et quantifiables Suivi de flotte : t\u00e9moignages clients Une gestion de [&hellip;]<\/p>\n","protected":false},"author":12,"featured_media":69157,"parent":0,"menu_order":9010,"comment_status":"closed","ping_status":"closed","template":"","meta":{"_acf_changed":false,"inline_featured_image":false,"footnotes":""},"topic":[1872],"qtx_campaign":[],"class_list":["post-55292","page","type-page","status-publish","has-post-thumbnail","hentry","topic-efficacite-et-economies"],"acf":[],"yoast_head":"<!-- This site is optimized with the Yoast SEO Premium plugin v27.3 (Yoast SEO v27.3) - https:\/\/yoast.com\/product\/yoast-seo-premium-wordpress\/ -->\n<title>Suivi de Flotte de V\u00e9hicules | Services T\u00e9l\u00e9matiques Quartix - FR<\/title>\n<meta name=\"description\" content=\"Am\u00e9liorez votre productivit\u00e9 et r\u00e9duisez vos co\u00fbts avec le syst\u00e8me de suivi de flotte et de g\u00e9olocalisation de v\u00e9hicules Quartix.\" \/>\n<meta name=\"robots\" content=\"index, follow, max-snippet:-1, max-image-preview:large, max-video-preview:-1\" \/>\n<link rel=\"canonical\" href=\"https:\/\/www.quartix.com\/fr-fr\/suivi-de-flotte-de-vehicules\/\" \/>\n<meta property=\"og:locale\" content=\"fr_FR\" \/>\n<meta property=\"og:type\" content=\"article\" \/>\n<meta property=\"og:title\" content=\"Suivi de flotte de v\u00e9hicules\" \/>\n<meta property=\"og:description\" content=\"Am\u00e9liorez votre productivit\u00e9 et r\u00e9duisez vos co\u00fbts avec le syst\u00e8me de suivi de flotte et de g\u00e9olocalisation de v\u00e9hicules Quartix.\" \/>\n<meta property=\"og:url\" content=\"https:\/\/www.quartix.com\/fr-fr\/suivi-de-flotte-de-vehicules\/\" \/>\n<meta property=\"og:site_name\" content=\"Quartix\" \/>\n<meta property=\"article:publisher\" content=\"https:\/\/www.facebook.com\/Quartix-USA-374426386097401\/\" \/>\n<meta property=\"article:modified_time\" content=\"2023-01-20T15:18:39+00:00\" \/>\n<meta property=\"og:image\" content=\"https:\/\/www.quartix.com\/content\/uploads\/2021\/10\/vans-iStock-155097991-scaled.jpg\" \/>\n\t<meta property=\"og:image:width\" content=\"2560\" \/>\n\t<meta property=\"og:image:height\" content=\"1862\" \/>\n\t<meta property=\"og:image:type\" content=\"image\/jpeg\" \/>\n<meta name=\"twitter:card\" content=\"summary_large_image\" \/>\n<meta name=\"twitter:site\" content=\"@QuartixUSA\" \/>\n<meta name=\"twitter:label1\" content=\"Est. reading time\" \/>\n\t<meta name=\"twitter:data1\" content=\"3 minutes\" \/>\n<!-- \/ Yoast SEO Premium plugin. -->","yoast_head_json":{"title":"Suivi de Flotte de V\u00e9hicules | Services T\u00e9l\u00e9matiques Quartix - FR","description":"Am\u00e9liorez votre productivit\u00e9 et r\u00e9duisez vos co\u00fbts avec le syst\u00e8me de suivi de flotte et de g\u00e9olocalisation de v\u00e9hicules Quartix.","robots":{"index":"index","follow":"follow","max-snippet":"max-snippet:-1","max-image-preview":"max-image-preview:large","max-video-preview":"max-video-preview:-1"},"canonical":"https:\/\/www.quartix.com\/fr-fr\/suivi-de-flotte-de-vehicules\/","og_locale":"fr_FR","og_type":"article","og_title":"Suivi de flotte de v\u00e9hicules","og_description":"Am\u00e9liorez votre productivit\u00e9 et r\u00e9duisez vos co\u00fbts avec le syst\u00e8me de suivi de flotte et de g\u00e9olocalisation de v\u00e9hicules Quartix.","og_url":"https:\/\/www.quartix.com\/fr-fr\/suivi-de-flotte-de-vehicules\/","og_site_name":"Quartix","article_publisher":"https:\/\/www.facebook.com\/Quartix-USA-374426386097401\/","article_modified_time":"2023-01-20T15:18:39+00:00","og_image":[{"width":2560,"height":1862,"url":"https:\/\/www.quartix.com\/content\/uploads\/2021\/10\/vans-iStock-155097991-scaled.jpg","type":"image\/jpeg"}],"twitter_card":"summary_large_image","twitter_site":"@QuartixUSA","twitter_misc":{"Est. reading time":"3 minutes"},"schema":{"@context":"https:\/\/schema.org","@graph":[{"@type":"WebPage","@id":"https:\/\/www.quartix.com\/fr-fr\/suivi-de-flotte-de-vehicules\/","url":"https:\/\/www.quartix.com\/fr-fr\/suivi-de-flotte-de-vehicules\/","name":"Suivi de Flotte de V\u00e9hicules | Services T\u00e9l\u00e9matiques Quartix","isPartOf":{"@id":"https:\/\/www.quartix.com\/fr-fr\/#website"},"primaryImageOfPage":{"@id":"https:\/\/www.quartix.com\/fr-fr\/suivi-de-flotte-de-vehicules\/#primaryimage"},"image":{"@id":"https:\/\/www.quartix.com\/fr-fr\/suivi-de-flotte-de-vehicules\/#primaryimage"},"thumbnailUrl":"https:\/\/www.quartix.com\/content\/uploads\/2021\/10\/vans-iStock-155097991-scaled.jpg","datePublished":"2021-05-11T09:25:09+00:00","dateModified":"2023-01-20T15:18:39+00:00","description":"Am\u00e9liorez votre productivit\u00e9 et r\u00e9duisez vos co\u00fbts avec le syst\u00e8me de suivi de flotte et de g\u00e9olocalisation de v\u00e9hicules Quartix.","breadcrumb":{"@id":"https:\/\/www.quartix.com\/fr-fr\/suivi-de-flotte-de-vehicules\/#breadcrumb"},"inLanguage":"fr-FR","potentialAction":[{"@type":"ReadAction","target":["https:\/\/www.quartix.com\/fr-fr\/suivi-de-flotte-de-vehicules\/"]}]},{"@type":"ImageObject","inLanguage":"fr-FR","@id":"https:\/\/www.quartix.com\/fr-fr\/suivi-de-flotte-de-vehicules\/#primaryimage","url":"https:\/\/www.quartix.com\/content\/uploads\/2021\/10\/vans-iStock-155097991-scaled.jpg","contentUrl":"https:\/\/www.quartix.com\/content\/uploads\/2021\/10\/vans-iStock-155097991-scaled.jpg","width":2560,"height":1862},{"@type":"BreadcrumbList","@id":"https:\/\/www.quartix.com\/fr-fr\/suivi-de-flotte-de-vehicules\/#breadcrumb","itemListElement":[{"@type":"ListItem","position":1,"name":"Accueil","item":"https:\/\/www.quartix.com\/fr-fr\/quartix-suivi-de-vehicules-en-temps-reel\/"},{"@type":"ListItem","position":2,"name":"Suivi de flotte de v\u00e9hicules"}]},{"@type":"WebSite","@id":"https:\/\/www.quartix.com\/fr-fr\/#website","url":"https:\/\/www.quartix.com\/fr-fr\/","name":"Quartix","description":"Real-time vehicle tracking","publisher":{"@id":"https:\/\/www.quartix.com\/fr-fr\/#organization"},"potentialAction":[{"@type":"SearchAction","target":{"@type":"EntryPoint","urlTemplate":"https:\/\/www.quartix.com\/fr-fr\/?s={search_term_string}"},"query-input":{"@type":"PropertyValueSpecification","valueRequired":true,"valueName":"search_term_string"}}],"inLanguage":"fr-FR"},{"@type":"Organization","@id":"https:\/\/www.quartix.com\/fr-fr\/#organization","name":"Quartix","url":"https:\/\/www.quartix.com\/fr-fr\/","logo":{"@type":"ImageObject","inLanguage":"fr-FR","@id":"https:\/\/www.quartix.com\/fr-fr\/#\/schema\/logo\/image\/","url":"https:\/\/www.quartix.com\/content\/uploads\/2019\/02\/quartix-logo-eur.svg","contentUrl":"https:\/\/www.quartix.com\/content\/uploads\/2019\/02\/quartix-logo-eur.svg","width":1,"height":1,"caption":"Quartix"},"image":{"@id":"https:\/\/www.quartix.com\/fr-fr\/#\/schema\/logo\/image\/"},"sameAs":["https:\/\/www.facebook.com\/Quartix-USA-374426386097401\/","https:\/\/x.com\/QuartixUSA","https:\/\/www.linkedin.com\/company\/5346733\/","https:\/\/www.youtube.com\/channel\/UCzS-_GMfHF4kWiCheyIRrAQ"]}]}},"_links":{"self":[{"href":"https:\/\/www.quartix.com\/fr-fr\/wp-json\/wp\/v2\/pages\/55292","targetHints":{"allow":["GET"]}}],"collection":[{"href":"https:\/\/www.quartix.com\/fr-fr\/wp-json\/wp\/v2\/pages"}],"about":[{"href":"https:\/\/www.quartix.com\/fr-fr\/wp-json\/wp\/v2\/types\/page"}],"author":[{"embeddable":true,"href":"https:\/\/www.quartix.com\/fr-fr\/wp-json\/wp\/v2\/users\/12"}],"replies":[{"embeddable":true,"href":"https:\/\/www.quartix.com\/fr-fr\/wp-json\/wp\/v2\/comments?post=55292"}],"version-history":[{"count":0,"href":"https:\/\/www.quartix.com\/fr-fr\/wp-json\/wp\/v2\/pages\/55292\/revisions"}],"wp:featuredmedia":[{"embeddable":true,"href":"https:\/\/www.quartix.com\/fr-fr\/wp-json\/wp\/v2\/media\/69157"}],"wp:attachment":[{"href":"https:\/\/www.quartix.com\/fr-fr\/wp-json\/wp\/v2\/media?parent=55292"}],"wp:term":[{"taxonomy":"topic","embeddable":true,"href":"https:\/\/www.quartix.com\/fr-fr\/wp-json\/wp\/v2\/topic?post=55292"},{"taxonomy":"qtx_campaign","embeddable":true,"href":"https:\/\/www.quartix.com\/fr-fr\/wp-json\/wp\/v2\/qtx_campaign?post=55292"}],"curies":[{"name":"wp","href":"https:\/\/api.w.org\/{rel}","templated":true}]}}