{"id":55313,"date":"2021-05-11T10:32:17","date_gmt":"2021-05-11T09:32:17","guid":{"rendered":" https:\/\/www.quartix.com\/?page_id=55313"},"modified":"2022-10-14T11:43:54","modified_gmt":"2022-10-14T10:43:54","slug":"nouveautes-quartix","status":"publish","type":"page","link":"https:\/\/www.quartix.com\/fr-fr\/ressources\/nouveautes-quartix\/","title":{"rendered":"Nouveaut\u00e9s Quartix"},"content":{"rendered":"\r\n<section  class=\"qtx-pagebuilder-section qtx-pagebuilder-section-guidelistingtitle\">\r\n<div class=\"wrapper\">\r\n    <div class=\"innercontent\">\r\n    <i class=\"fa fa-rss\" aria-hidden=\"true\"><\/i>    <h2>Bonjour &amp; Bienvenue !<\/h2>\n<p><!-- wp:paragraph --><\/p>\n<p>Vous \u00eates sans doute tr\u00e8s occup\u00e9 ! Voici donc un aper\u00e7u des derni\u00e8res nouvelles de Quartix et de notre industrie.<\/p>\n<p><!-- \/wp:paragraph --> <!-- wp:paragraph --><\/p>\n<p><b>Sofie Westlake<\/b><br \/>\nDirectrice Marketing Quartix<\/p>\n<p><!-- \/wp:paragraph --><\/p>\n    <\/div>\r\n    <div class=\"photo\">\r\n        <img decoding=\"async\" src=\"https:\/\/www.quartix.com\/content\/uploads\/2018\/06\/moc\u0327a-768x888.png\" title=\"\"\/>    <\/div>\r\n<\/div>\r\n<\/section>\n\n\r\n\r\n<section  class=\"qtx-pagebuilder-section qtx-pagebuilder-section-guidelisting \">\r\n        <div class=\"listingouter\">\r\n            <div class=\"listingwrapper\">\r\n                <div class=\"listing\">\r\n                        <div class=\"listingtitle\"><h4>NOUVEAUT\u00c9<\/h4><h3>Contr\u00f4le du compteur horaire moteur<\/h3><\/div>                        <div class=\"listingcontent\"><p>Les rapports de r\u00e9vision Quartix contiennent des informations sur le compteur horaire moteur, pour conna\u00eetre pr\u00e9cis\u00e9ment la dur\u00e9e de mise en marche d\u2019un v\u00e9hicule \u00e9quip\u00e9 du syst\u00e8me Quartix sur une p\u00e9riode donn\u00e9e. Il peut s\u2019av\u00e9rer fondamental de conna\u00eetre la dur\u00e9e d\u2019utilisation de vos v\u00e9hicules et machines au moment d\u2019en assurer l\u2019entretien et de respecter les normes de sant\u00e9 et de s\u00e9curit\u00e9.<\/p>\n<\/div>                        <a class='btn btn-green' href='\/fr-fr\/geolocalisation\/compteur-horaire-moteur\/' title='En savoir plus' target=''>En savoir plus <i aria-hidden='true' class='fas fa-arrow-circle-right'><\/i><\/a>                <\/div>\r\n                <div class=\"image\">\r\n                                                <img loading=\"lazy\" decoding=\"async\" width=\"640\" height=\"438\" src=\"https:\/\/www.quartix.com\/content\/uploads\/2020\/10\/machinery-being-operated.jpg\" class=\"\" alt=\"\" srcset=\"https:\/\/www.quartix.com\/content\/uploads\/2020\/10\/machinery-being-operated.jpg 954w, https:\/\/www.quartix.com\/content\/uploads\/2020\/10\/machinery-being-operated-300x205.jpg 300w, https:\/\/www.quartix.com\/content\/uploads\/2020\/10\/machinery-being-operated-768x526.jpg 768w\" sizes=\"auto, (max-width: 640px) 100vw, 640px\" \/>  \r\n                                    <\/div>\r\n            <\/div>\r\n        <\/div>\r\n            <div class=\"listingouter\">\r\n            <div class=\"listingwrapper\">\r\n                <div class=\"listing\">\r\n                        <div class=\"listingtitle\"><h4>T\u00e9moignages \u2013 \u00e9tudes de cas<\/h4><h3>BCBG<\/h3><\/div>                        <div class=\"listingcontent\"><p>&#8220;Avec Quartix, nous savons exactement o\u00f9 se trouvent nos v\u00e9hicules et sommes capables d\u2019intervenir de fa\u00e7on encore plus rapide et efficace en cas d\u2019urgence.&#8221;<\/p>\n<\/div>                        <a class='btn btn-green' href='\/fr-fr\/temoignages-clients\/bcbg\/' title='En savoir plus' target=''>En savoir plus <i aria-hidden='true' class='fas fa-arrow-circle-right'><\/i><\/a>                <\/div>\r\n                <div class=\"image\">\r\n                                                <img loading=\"lazy\" decoding=\"async\" width=\"640\" height=\"490\" src=\"https:\/\/www.quartix.com\/content\/uploads\/2021\/05\/FR-bcbg-2.png\" class=\"\" alt=\"La solution de g\u00e9olocalisation de v\u00e9hicules Quartix a permis \u00e0 BCBG d\u2019optimiser ses tourn\u00e9es et de r\u00e9aliser d\u2019importantes \u00e9conomies de carburant\" srcset=\"https:\/\/www.quartix.com\/content\/uploads\/2021\/05\/FR-bcbg-2.png 851w, https:\/\/www.quartix.com\/content\/uploads\/2021\/05\/FR-bcbg-2-300x230.png 300w, https:\/\/www.quartix.com\/content\/uploads\/2021\/05\/FR-bcbg-2-768x588.png 768w\" sizes=\"auto, (max-width: 640px) 100vw, 640px\" \/>  \r\n                                    <\/div>\r\n            <\/div>\r\n        <\/div>\r\n            <div class=\"listingouter\">\r\n            <div class=\"listingwrapper\">\r\n                <div class=\"listing\">\r\n                        <div class=\"listingtitle\"><h4>Nos guides<\/h4><h3>Eco-Conduite : les bonnes pratiques<\/h3><\/div>                        <div class=\"listingcontent\"><p>Pour les entreprises dont les employ\u00e9s sont souvent sur la route, l&#8217;adoption de l&#8217;\u00e9co-conduite permet de r\u00e9aliser d&#8217;importantes \u00e9conomies. D\u00e9couvrez les bonnes pratiques \u00e0 adopter et les avantages de l&#8217;\u00e9co-conduite pour votre entreprise avec le guide Quartix.<\/p>\n<\/div>                        <a class='btn btn-green' href='\/fr-fr\/guide-eco-conduite-entreprise\/' title='T\u00e9l\u00e9chargez le guide' target=''>T\u00e9l\u00e9chargez le guide <i aria-hidden='true' class='fas fa-arrow-circle-right'><\/i><\/a>                <\/div>\r\n                <div class=\"image\">\r\n                                                <img loading=\"lazy\" decoding=\"async\" width=\"640\" height=\"856\" src=\"https:\/\/www.quartix.com\/content\/uploads\/2021\/05\/FR-Eco-conduite-guide_cover.jpg\" class=\"\" alt=\"\" srcset=\"https:\/\/www.quartix.com\/content\/uploads\/2021\/05\/FR-Eco-conduite-guide_cover.jpg 684w, https:\/\/www.quartix.com\/content\/uploads\/2021\/05\/FR-Eco-conduite-guide_cover-224x300.jpg 224w\" sizes=\"auto, (max-width: 640px) 100vw, 640px\" \/>  \r\n                                    <\/div>\r\n            <\/div>\r\n        <\/div>\r\n            <div class=\"listingouter\">\r\n            <div class=\"listingwrapper\">\r\n                <div class=\"listing\">\r\n                        <div class=\"listingtitle\"><h4>Nos guides<\/h4><h3>Guide de la G\u00e9olocalisation de V\u00e9hicules pour les Entreprises du B\u00e2timent<\/h3><\/div>                        <div class=\"listingcontent\"><p>G\u00e9rer diverses missions \u00e0 diff\u00e9rents endroits, allouer correctement ses ressources humaines et mat\u00e9rielles, assurer la s\u00e9curit\u00e9 de ses sites et de ses employ\u00e9s\u2026\u00a0 Diriger une entreprise du secteur du B\u00e2timent n\u2019est pas une mince affaire.<\/p>\n<p>Heureusement, la g\u00e9olocalisation de v\u00e9hicules en temps r\u00e9el peut vous donner un coup de main.<\/p>\n<\/div>                        <a class='btn btn-green' href='\/fr-fr\/guide-geolocalisation-vehicules-batiment\/' title='T\u00e9l\u00e9chargez le guide' target=''>T\u00e9l\u00e9chargez le guide <i aria-hidden='true' class='fas fa-arrow-circle-right'><\/i><\/a>                <\/div>\r\n                <div class=\"image\">\r\n                                                <img loading=\"lazy\" decoding=\"async\" width=\"640\" height=\"899\" src=\"https:\/\/www.quartix.com\/content\/uploads\/2021\/05\/FR-guide-geolocalisation-de-vehicules-batiment.jpg\" class=\"\" alt=\"\" srcset=\"https:\/\/www.quartix.com\/content\/uploads\/2021\/05\/FR-guide-geolocalisation-de-vehicules-batiment.jpg 676w, https:\/\/www.quartix.com\/content\/uploads\/2021\/05\/FR-guide-geolocalisation-de-vehicules-batiment-213x300.jpg 213w\" sizes=\"auto, (max-width: 640px) 100vw, 640px\" \/>  \r\n                                    <\/div>\r\n            <\/div>\r\n        <\/div>\r\n    <\/section>\r\n    ","protected":false},"excerpt":{"rendered":"","protected":false},"author":12,"featured_media":0,"parent":51543,"menu_order":10,"comment_status":"closed","ping_status":"closed","template":"","meta":{"_acf_changed":false,"inline_featured_image":false,"footnotes":""},"topic":[],"qtx_campaign":[],"class_list":["post-55313","page","type-page","status-publish","hentry"],"acf":[],"yoast_head":"<!-- This site is optimized with the Yoast SEO Premium plugin v27.3 (Yoast SEO v27.3) - https:\/\/yoast.com\/product\/yoast-seo-premium-wordpress\/ -->\n<title>Derni\u00e8res actualit\u00e9s et nouveaut\u00e9s | Suivi des v\u00e9hicules Quartix - FR<\/title>\n<meta name=\"description\" content=\"Voici un aper\u00e7u des derni\u00e8res nouveaut\u00e9s de Quartix et de notre industrie dans le domaine de la geolocalisation de v\u00e9hicules pour entreprises.\" \/>\n<meta name=\"robots\" content=\"index, follow, max-snippet:-1, max-image-preview:large, max-video-preview:-1\" \/>\n<link rel=\"canonical\" href=\"https:\/\/www.quartix.com\/fr-fr\/ressources\/nouveautes-quartix\/\" \/>\n<meta property=\"og:locale\" content=\"fr_FR\" \/>\n<meta property=\"og:type\" content=\"article\" \/>\n<meta property=\"og:title\" content=\"Nouveaut\u00e9s Quartix\" \/>\n<meta property=\"og:description\" content=\"Voici un aper\u00e7u des derni\u00e8res nouveaut\u00e9s de Quartix et de notre industrie dans le domaine de la geolocalisation de v\u00e9hicules pour entreprises.\" \/>\n<meta property=\"og:url\" content=\"https:\/\/www.quartix.com\/fr-fr\/ressources\/nouveautes-quartix\/\" \/>\n<meta property=\"og:site_name\" content=\"Quartix\" \/>\n<meta property=\"article:publisher\" content=\"https:\/\/www.facebook.com\/Quartix-USA-374426386097401\/\" \/>\n<meta property=\"article:modified_time\" content=\"2022-10-14T10:43:54+00:00\" \/>\n<meta name=\"twitter:card\" content=\"summary_large_image\" \/>\n<meta name=\"twitter:site\" content=\"@QuartixUSA\" \/>\n<!-- \/ Yoast SEO Premium plugin. -->","yoast_head_json":{"title":"Derni\u00e8res actualit\u00e9s et nouveaut\u00e9s | Suivi des v\u00e9hicules Quartix - FR","description":"Voici un aper\u00e7u des derni\u00e8res nouveaut\u00e9s de Quartix et de notre industrie dans le domaine de la geolocalisation de v\u00e9hicules pour entreprises.","robots":{"index":"index","follow":"follow","max-snippet":"max-snippet:-1","max-image-preview":"max-image-preview:large","max-video-preview":"max-video-preview:-1"},"canonical":"https:\/\/www.quartix.com\/fr-fr\/ressources\/nouveautes-quartix\/","og_locale":"fr_FR","og_type":"article","og_title":"Nouveaut\u00e9s Quartix","og_description":"Voici un aper\u00e7u des derni\u00e8res nouveaut\u00e9s de Quartix et de notre industrie dans le domaine de la geolocalisation de v\u00e9hicules pour entreprises.","og_url":"https:\/\/www.quartix.com\/fr-fr\/ressources\/nouveautes-quartix\/","og_site_name":"Quartix","article_publisher":"https:\/\/www.facebook.com\/Quartix-USA-374426386097401\/","article_modified_time":"2022-10-14T10:43:54+00:00","twitter_card":"summary_large_image","twitter_site":"@QuartixUSA","schema":{"@context":"https:\/\/schema.org","@graph":[{"@type":"WebPage","@id":"https:\/\/www.quartix.com\/fr-fr\/ressources\/nouveautes-quartix\/","url":"https:\/\/www.quartix.com\/fr-fr\/ressources\/nouveautes-quartix\/","name":"Derni\u00e8res actualit\u00e9s et nouveaut\u00e9s | Suivi des v\u00e9hicules Quartix","isPartOf":{"@id":"https:\/\/www.quartix.com\/fr-fr\/#website"},"datePublished":"2021-05-11T09:32:17+00:00","dateModified":"2022-10-14T10:43:54+00:00","description":"Voici un aper\u00e7u des derni\u00e8res nouveaut\u00e9s de Quartix et de notre industrie dans le domaine de la geolocalisation de v\u00e9hicules pour entreprises.","breadcrumb":{"@id":"https:\/\/www.quartix.com\/fr-fr\/ressources\/nouveautes-quartix\/#breadcrumb"},"inLanguage":"fr-FR","potentialAction":[{"@type":"ReadAction","target":["https:\/\/www.quartix.com\/fr-fr\/ressources\/nouveautes-quartix\/"]}]},{"@type":"BreadcrumbList","@id":"https:\/\/www.quartix.com\/fr-fr\/ressources\/nouveautes-quartix\/#breadcrumb","itemListElement":[{"@type":"ListItem","position":1,"name":"Accueil","item":"https:\/\/www.quartix.com\/fr-fr\/quartix-suivi-de-vehicules-en-temps-reel\/"},{"@type":"ListItem","position":2,"name":"Ressources","item":"https:\/\/www.quartix.com\/fr-fr\/ressources\/"},{"@type":"ListItem","position":3,"name":"Nouveaut\u00e9s Quartix"}]},{"@type":"WebSite","@id":"https:\/\/www.quartix.com\/fr-fr\/#website","url":"https:\/\/www.quartix.com\/fr-fr\/","name":"Quartix","description":"Real-time vehicle tracking","publisher":{"@id":"https:\/\/www.quartix.com\/fr-fr\/#organization"},"potentialAction":[{"@type":"SearchAction","target":{"@type":"EntryPoint","urlTemplate":"https:\/\/www.quartix.com\/fr-fr\/?s={search_term_string}"},"query-input":{"@type":"PropertyValueSpecification","valueRequired":true,"valueName":"search_term_string"}}],"inLanguage":"fr-FR"},{"@type":"Organization","@id":"https:\/\/www.quartix.com\/fr-fr\/#organization","name":"Quartix","url":"https:\/\/www.quartix.com\/fr-fr\/","logo":{"@type":"ImageObject","inLanguage":"fr-FR","@id":"https:\/\/www.quartix.com\/fr-fr\/#\/schema\/logo\/image\/","url":"https:\/\/www.quartix.com\/content\/uploads\/2019\/02\/quartix-logo-eur.svg","contentUrl":"https:\/\/www.quartix.com\/content\/uploads\/2019\/02\/quartix-logo-eur.svg","width":1,"height":1,"caption":"Quartix"},"image":{"@id":"https:\/\/www.quartix.com\/fr-fr\/#\/schema\/logo\/image\/"},"sameAs":["https:\/\/www.facebook.com\/Quartix-USA-374426386097401\/","https:\/\/x.com\/QuartixUSA","https:\/\/www.linkedin.com\/company\/5346733\/","https:\/\/www.youtube.com\/channel\/UCzS-_GMfHF4kWiCheyIRrAQ"]}]}},"_links":{"self":[{"href":"https:\/\/www.quartix.com\/fr-fr\/wp-json\/wp\/v2\/pages\/55313","targetHints":{"allow":["GET"]}}],"collection":[{"href":"https:\/\/www.quartix.com\/fr-fr\/wp-json\/wp\/v2\/pages"}],"about":[{"href":"https:\/\/www.quartix.com\/fr-fr\/wp-json\/wp\/v2\/types\/page"}],"author":[{"embeddable":true,"href":"https:\/\/www.quartix.com\/fr-fr\/wp-json\/wp\/v2\/users\/12"}],"replies":[{"embeddable":true,"href":"https:\/\/www.quartix.com\/fr-fr\/wp-json\/wp\/v2\/comments?post=55313"}],"version-history":[{"count":0,"href":"https:\/\/www.quartix.com\/fr-fr\/wp-json\/wp\/v2\/pages\/55313\/revisions"}],"up":[{"embeddable":true,"href":"https:\/\/www.quartix.com\/fr-fr\/wp-json\/wp\/v2\/pages\/51543"}],"wp:attachment":[{"href":"https:\/\/www.quartix.com\/fr-fr\/wp-json\/wp\/v2\/media?parent=55313"}],"wp:term":[{"taxonomy":"topic","embeddable":true,"href":"https:\/\/www.quartix.com\/fr-fr\/wp-json\/wp\/v2\/topic?post=55313"},{"taxonomy":"qtx_campaign","embeddable":true,"href":"https:\/\/www.quartix.com\/fr-fr\/wp-json\/wp\/v2\/qtx_campaign?post=55313"}],"curies":[{"name":"wp","href":"https:\/\/api.w.org\/{rel}","templated":true}]}}