{"id":55351,"date":"2021-05-11T11:22:45","date_gmt":"2021-05-11T10:22:45","guid":{"rendered":"https:\/\/www.quartix.com\/?page_id=55351"},"modified":"2024-06-28T15:19:03","modified_gmt":"2024-06-28T14:19:03","slug":"webinars","status":"publish","type":"page","link":"https:\/\/www.quartix.com\/fr-fr\/ressources\/webinars\/","title":{"rendered":"Webinars"},"content":{"rendered":"\n<div class=\"wp-block-columns is-layout-flex wp-container-core-columns-is-layout-28f84493 wp-block-columns-is-layout-flex\">\n<div class=\"wp-block-column is-layout-flow wp-block-column-is-layout-flow\">        <a href=\"https:\/\/youtu.be\/vjQvGWGOjVk\" data-lity  class=\"lightbox thumbnail\">\r\n            <div class=\"videooverlay\"><\/div>                        <figure class=\"wp-block-image\">\r\n                                    <img decoding=\"async\" loading=\"lazy\" src=\"https:\/\/www.quartix.com\/content\/uploads\/2022\/10\/Webinar-Quartix-Telematique-pour-les-vehicules-20200428-Pour-Distribution_Page_01-1000x562.jpg\" alt=\"Webinar Quartix &#8211; T\u00e9l\u00e9matique pour les v\u00e9hicules &#8211; 20200428 &#8211; Pour Distribution_Page_01\">\r\n                                <\/figure>\r\n                    <\/a>\r\n        <\/div>\n\n\n\n<div class=\"wp-block-column is-layout-flow wp-block-column-is-layout-flow\">\n<h2 class=\"wp-block-heading\" id=\"telematique-pour-les-vehicules-que-peut-elle-apporter-a-votre-entreprise\">T\u00e9l\u00e9matique pour les v\u00e9hicules : Que peut-elle apporter \u00e0 votre entreprise ?<\/h2>\n\n\n\n<p class=\"has-text-align-left\">Malik Bahri, Responsable des Ventes France, vous explique les avantages que la t\u00e9l\u00e9matique et le syst\u00e8me de g\u00e9olocalisation des v\u00e9hicules Quartix peuvent apporter \u00e0 votre entreprise, du suivi en temps r\u00e9el \u00e0 l&#8217;analyse du comportement des conducteurs.<\/p>\n\n\n\n<ul class=\"wp-block-list\">\n<li>Avantages cl\u00e9s de la g\u00e9olocalisation de v\u00e9hicules<\/li>\n\n\n\n<li>Suivi en temps r\u00e9el et carnets de route<\/li>\n\n\n\n<li>Gestion de la flotte et r\u00e8glement des litiges<\/li>\n\n\n\n<li>Analyse du style de conduite et s\u00e9curit\u00e9<\/li>\n\n\n\n<li>Rapports d\u2019exc\u00e8s de vitesse \u2013 vitesse moyenne<\/li>\n\n\n\n<li>Rapports personnalis\u00e9s et configuration selon vos besoins<\/li>\n\n\n\n<li>Suivi en d\u00e9placement \u2013 Application mobile<\/li>\n<\/ul>\n<\/div>\n<\/div>\n","protected":false},"excerpt":{"rendered":"<p>T\u00e9l\u00e9matique pour les v\u00e9hicules : Que peut-elle apporter \u00e0 votre entreprise ? Malik Bahri, Responsable des Ventes France, vous explique les avantages que la t\u00e9l\u00e9matique et le syst\u00e8me de g\u00e9olocalisation des v\u00e9hicules Quartix peuvent apporter \u00e0 votre entreprise, du suivi en temps r\u00e9el \u00e0 l&#8217;analyse du comportement des conducteurs.<\/p>\n","protected":false},"author":12,"featured_media":118088,"parent":51543,"menu_order":30,"comment_status":"closed","ping_status":"closed","template":"","meta":{"_acf_changed":false,"inline_featured_image":false,"footnotes":""},"topic":[],"qtx_campaign":[],"class_list":["post-55351","page","type-page","status-publish","has-post-thumbnail","hentry"],"acf":[],"yoast_head":"<!-- This site is optimized with the Yoast SEO Premium plugin v27.2 (Yoast SEO v27.2) - https:\/\/yoast.com\/product\/yoast-seo-premium-wordpress\/ -->\n<title>Webinars | T\u00e9l\u00e9matique | G\u00e9olocalisation | Suivi de Flotte - FR<\/title>\n<meta name=\"description\" content=\"Visionnez les webinars Quartix pour tout savoir sur la g\u00e9olocalisation et la t\u00e9l\u00e9matique pour les v\u00e9hicules, et comment utiliser la solution Quartix.\" \/>\n<meta name=\"robots\" content=\"index, follow, max-snippet:-1, max-image-preview:large, max-video-preview:-1\" \/>\n<link rel=\"canonical\" href=\"https:\/\/www.quartix.com\/fr-fr\/ressources\/webinars\/\" \/>\n<meta property=\"og:locale\" content=\"fr_FR\" \/>\n<meta property=\"og:type\" content=\"article\" \/>\n<meta property=\"og:title\" content=\"Webinars\" \/>\n<meta property=\"og:description\" content=\"Visionnez les webinars Quartix pour tout savoir sur la g\u00e9olocalisation et la t\u00e9l\u00e9matique pour les v\u00e9hicules, et comment utiliser la solution Quartix.\" \/>\n<meta property=\"og:url\" content=\"https:\/\/www.quartix.com\/fr-fr\/ressources\/webinars\/\" \/>\n<meta property=\"og:site_name\" content=\"Quartix\" \/>\n<meta property=\"article:publisher\" content=\"https:\/\/www.facebook.com\/Quartix-USA-374426386097401\/\" \/>\n<meta property=\"article:modified_time\" content=\"2024-06-28T14:19:03+00:00\" \/>\n<meta property=\"og:image\" content=\"https:\/\/www.quartix.com\/content\/uploads\/2025\/03\/Smart-Fleet-Tracking-Webinar-thumbnail-2.png\" \/>\n\t<meta property=\"og:image:width\" content=\"1280\" \/>\n\t<meta property=\"og:image:height\" content=\"720\" \/>\n\t<meta property=\"og:image:type\" content=\"image\/png\" \/>\n<meta name=\"twitter:card\" content=\"summary_large_image\" \/>\n<meta name=\"twitter:site\" content=\"@QuartixUSA\" \/>\n<meta name=\"twitter:label1\" content=\"Est. reading time\" \/>\n\t<meta name=\"twitter:data1\" content=\"1 minute\" \/>\n<!-- \/ Yoast SEO Premium plugin. -->","yoast_head_json":{"title":"Webinars | T\u00e9l\u00e9matique | G\u00e9olocalisation | Suivi de Flotte - FR","description":"Visionnez les webinars Quartix pour tout savoir sur la g\u00e9olocalisation et la t\u00e9l\u00e9matique pour les v\u00e9hicules, et comment utiliser la solution Quartix.","robots":{"index":"index","follow":"follow","max-snippet":"max-snippet:-1","max-image-preview":"max-image-preview:large","max-video-preview":"max-video-preview:-1"},"canonical":"https:\/\/www.quartix.com\/fr-fr\/ressources\/webinars\/","og_locale":"fr_FR","og_type":"article","og_title":"Webinars","og_description":"Visionnez les webinars Quartix pour tout savoir sur la g\u00e9olocalisation et la t\u00e9l\u00e9matique pour les v\u00e9hicules, et comment utiliser la solution Quartix.","og_url":"https:\/\/www.quartix.com\/fr-fr\/ressources\/webinars\/","og_site_name":"Quartix","article_publisher":"https:\/\/www.facebook.com\/Quartix-USA-374426386097401\/","article_modified_time":"2024-06-28T14:19:03+00:00","og_image":[{"width":1280,"height":720,"url":"https:\/\/www.quartix.com\/content\/uploads\/2025\/03\/Smart-Fleet-Tracking-Webinar-thumbnail-2.png","type":"image\/png"}],"twitter_card":"summary_large_image","twitter_site":"@QuartixUSA","twitter_misc":{"Est. reading time":"1 minute"},"schema":{"@context":"https:\/\/schema.org","@graph":[{"@type":"WebPage","@id":"https:\/\/www.quartix.com\/fr-fr\/ressources\/webinars\/","url":"https:\/\/www.quartix.com\/fr-fr\/ressources\/webinars\/","name":"Webinars | T\u00e9l\u00e9matique | G\u00e9olocalisation | Suivi de Flotte","isPartOf":{"@id":"https:\/\/www.quartix.com\/fr-fr\/#website"},"primaryImageOfPage":{"@id":"https:\/\/www.quartix.com\/fr-fr\/ressources\/webinars\/#primaryimage"},"image":{"@id":"https:\/\/www.quartix.com\/fr-fr\/ressources\/webinars\/#primaryimage"},"thumbnailUrl":"https:\/\/www.quartix.com\/content\/uploads\/2025\/03\/Smart-Fleet-Tracking-Webinar-thumbnail-2.png","datePublished":"2021-05-11T10:22:45+00:00","dateModified":"2024-06-28T14:19:03+00:00","description":"Visionnez les webinars Quartix pour tout savoir sur la g\u00e9olocalisation et la t\u00e9l\u00e9matique pour les v\u00e9hicules, et comment utiliser la solution Quartix.","breadcrumb":{"@id":"https:\/\/www.quartix.com\/fr-fr\/ressources\/webinars\/#breadcrumb"},"inLanguage":"fr-FR","potentialAction":[{"@type":"ReadAction","target":["https:\/\/www.quartix.com\/fr-fr\/ressources\/webinars\/"]}]},{"@type":"ImageObject","inLanguage":"fr-FR","@id":"https:\/\/www.quartix.com\/fr-fr\/ressources\/webinars\/#primaryimage","url":"https:\/\/www.quartix.com\/content\/uploads\/2025\/03\/Smart-Fleet-Tracking-Webinar-thumbnail-2.png","contentUrl":"https:\/\/www.quartix.com\/content\/uploads\/2025\/03\/Smart-Fleet-Tracking-Webinar-thumbnail-2.png","width":1280,"height":720,"caption":"Man in a suit standing in front of a graphic for a live webinar titled \"Smart Fleet Tracking Today\" with Sean Maher. Background features a map and data charts."},{"@type":"BreadcrumbList","@id":"https:\/\/www.quartix.com\/fr-fr\/ressources\/webinars\/#breadcrumb","itemListElement":[{"@type":"ListItem","position":1,"name":"Accueil","item":"https:\/\/www.quartix.com\/fr-fr\/quartix-suivi-de-vehicules-en-temps-reel\/"},{"@type":"ListItem","position":2,"name":"Ressources","item":"https:\/\/www.quartix.com\/fr-fr\/ressources\/"},{"@type":"ListItem","position":3,"name":"Webinars"}]},{"@type":"WebSite","@id":"https:\/\/www.quartix.com\/fr-fr\/#website","url":"https:\/\/www.quartix.com\/fr-fr\/","name":"Quartix","description":"Real-time vehicle tracking","publisher":{"@id":"https:\/\/www.quartix.com\/fr-fr\/#organization"},"potentialAction":[{"@type":"SearchAction","target":{"@type":"EntryPoint","urlTemplate":"https:\/\/www.quartix.com\/fr-fr\/?s={search_term_string}"},"query-input":{"@type":"PropertyValueSpecification","valueRequired":true,"valueName":"search_term_string"}}],"inLanguage":"fr-FR"},{"@type":"Organization","@id":"https:\/\/www.quartix.com\/fr-fr\/#organization","name":"Quartix","url":"https:\/\/www.quartix.com\/fr-fr\/","logo":{"@type":"ImageObject","inLanguage":"fr-FR","@id":"https:\/\/www.quartix.com\/fr-fr\/#\/schema\/logo\/image\/","url":"https:\/\/www.quartix.com\/content\/uploads\/2019\/02\/quartix-logo-eur.svg","contentUrl":"https:\/\/www.quartix.com\/content\/uploads\/2019\/02\/quartix-logo-eur.svg","width":1,"height":1,"caption":"Quartix"},"image":{"@id":"https:\/\/www.quartix.com\/fr-fr\/#\/schema\/logo\/image\/"},"sameAs":["https:\/\/www.facebook.com\/Quartix-USA-374426386097401\/","https:\/\/x.com\/QuartixUSA","https:\/\/www.linkedin.com\/company\/5346733\/","https:\/\/www.youtube.com\/channel\/UCzS-_GMfHF4kWiCheyIRrAQ"]}]}},"_links":{"self":[{"href":"https:\/\/www.quartix.com\/fr-fr\/wp-json\/wp\/v2\/pages\/55351","targetHints":{"allow":["GET"]}}],"collection":[{"href":"https:\/\/www.quartix.com\/fr-fr\/wp-json\/wp\/v2\/pages"}],"about":[{"href":"https:\/\/www.quartix.com\/fr-fr\/wp-json\/wp\/v2\/types\/page"}],"author":[{"embeddable":true,"href":"https:\/\/www.quartix.com\/fr-fr\/wp-json\/wp\/v2\/users\/12"}],"replies":[{"embeddable":true,"href":"https:\/\/www.quartix.com\/fr-fr\/wp-json\/wp\/v2\/comments?post=55351"}],"version-history":[{"count":0,"href":"https:\/\/www.quartix.com\/fr-fr\/wp-json\/wp\/v2\/pages\/55351\/revisions"}],"up":[{"embeddable":true,"href":"https:\/\/www.quartix.com\/fr-fr\/wp-json\/wp\/v2\/pages\/51543"}],"wp:featuredmedia":[{"embeddable":true,"href":"https:\/\/www.quartix.com\/fr-fr\/wp-json\/wp\/v2\/media\/118088"}],"wp:attachment":[{"href":"https:\/\/www.quartix.com\/fr-fr\/wp-json\/wp\/v2\/media?parent=55351"}],"wp:term":[{"taxonomy":"topic","embeddable":true,"href":"https:\/\/www.quartix.com\/fr-fr\/wp-json\/wp\/v2\/topic?post=55351"},{"taxonomy":"qtx_campaign","embeddable":true,"href":"https:\/\/www.quartix.com\/fr-fr\/wp-json\/wp\/v2\/qtx_campaign?post=55351"}],"curies":[{"name":"wp","href":"https:\/\/api.w.org\/{rel}","templated":true}]}}