{"id":55558,"date":"2021-05-11T13:22:32","date_gmt":"2021-05-11T12:22:32","guid":{"rendered":" https:\/\/www.quartix.com\/?page_id=55558"},"modified":"2022-10-14T11:37:17","modified_gmt":"2022-10-14T10:37:17","slug":"tutoriels-video","status":"publish","type":"page","link":"https:\/\/www.quartix.com\/fr-fr\/ressources\/tutoriels-video\/","title":{"rendered":"Tutoriels vid\u00e9o"},"content":{"rendered":"\n<div class=\"wp-block-columns is-layout-flex wp-container-core-columns-is-layout-28f84493 wp-block-columns-is-layout-flex\">\n<div class=\"wp-block-column is-layout-flow wp-block-column-is-layout-flow\">\n<p>Gr\u00e2ce \u00e0 cette s\u00e9rie de tutoriels vid\u00e9o, d\u00e9couvrez comment utiliser les diff\u00e9rentes fonctionnalit\u00e9s du syst\u00e8me Quartix :<\/p>\n\n\n\n<ul class=\"wp-block-list\"><li><a href=\"#suivi-de-vehicules-en-temps-reel\">Suivi en temps r\u00e9el<\/a><\/li><li><a href=\"#points-d-interet\">Po<\/a><a href=\"#creation-de-points-d-interet\">ints d&#8217;int\u00e9r\u00eat<\/a><\/li><li><a href=\"#utilisation-des-carnets-de-route-quotidiens\">Carnets de route quotidiens<\/a><\/li><li><a href=\"#style-de-conduite\">Ra<\/a><a href=\"#rapports-sur-le-style-de-conduite\">pports de style de conduite<\/a><\/li><li><a href=\"#definition-des-zones-de-geofencing\">Zones de geofencing<\/a><\/li><\/ul>\n<\/div>\n\n\n\n<div class=\"wp-block-column is-layout-flow wp-block-column-is-layout-flow\"><\/div>\n<\/div>\n\n\n\n<div class=\"wp-block-columns is-layout-flex wp-container-core-columns-is-layout-28f84493 wp-block-columns-is-layout-flex\">\n<div class=\"wp-block-column is-layout-flow wp-block-column-is-layout-flow\">\n<h2 class=\"wp-block-heading\" id=\"suivi-de-vehicules-en-temps-reel\">Suivi de v\u00e9hicules en temps r\u00e9el<\/h2>\n\n\n\n<p>Avec la g\u00e9olocalisation de v\u00e9hicules Quartix, acc\u00e9dez \u00e0 la position des v\u00e9hicules de votre flotte 24h\/7j. Regardez ce tutoriel pour comprendre les diff\u00e9rentes fonctionnalit\u00e9s accessibles depuis l&#8217;\u00e9cran de suivi en temps r\u00e9el.<\/p>\n<\/div>\n\n\n\n<div class=\"wp-block-column is-layout-flow wp-block-column-is-layout-flow\">\n<figure class=\"wp-block-embed is-type-video is-provider-youtube wp-block-embed-youtube wp-embed-aspect-16-9 wp-has-aspect-ratio\"><div class=\"wp-block-embed__wrapper\">\n<iframe loading=\"lazy\" title=\"Quartix - Mode d&#039;emploi - G\u00e9olocalisation temps r\u00e9el\" width=\"640\" height=\"360\" src=\"https:\/\/www.youtube.com\/embed\/qfecgMeo2ug?feature=oembed\" frameborder=\"0\" allow=\"accelerometer; autoplay; clipboard-write; encrypted-media; gyroscope; picture-in-picture; web-share\" referrerpolicy=\"strict-origin-when-cross-origin\" allowfullscreen><\/iframe>\n<\/div><\/figure>\n<\/div>\n<\/div>\n\n\n\n<div class=\"wp-block-columns is-layout-flex wp-container-core-columns-is-layout-28f84493 wp-block-columns-is-layout-flex\">\n<div class=\"wp-block-column is-layout-flow wp-block-column-is-layout-flow\">\n<figure class=\"wp-block-embed is-type-video is-provider-youtube wp-block-embed-youtube wp-embed-aspect-16-9 wp-has-aspect-ratio\"><div class=\"wp-block-embed__wrapper\">\n<iframe loading=\"lazy\" title=\"Quartix - Mode d&#039;emploi - Points d&#039;int\u00e9r\u00eat\" width=\"640\" height=\"360\" src=\"https:\/\/www.youtube.com\/embed\/IiG7gHokxRw?feature=oembed\" frameborder=\"0\" allow=\"accelerometer; autoplay; clipboard-write; encrypted-media; gyroscope; picture-in-picture; web-share\" referrerpolicy=\"strict-origin-when-cross-origin\" allowfullscreen><\/iframe>\n<\/div><\/figure>\n<\/div>\n\n\n\n<div class=\"wp-block-column is-layout-flow wp-block-column-is-layout-flow\">\n<h2 class=\"wp-block-heading\" id=\"creation-de-points-d-interet\">Cr\u00e9ation de points d\u2019int\u00e9r\u00eat<\/h2>\n\n\n\n<p>Quartix vous permet de d\u00e9finir les emplacements que votre flotte visite fr\u00e9quemment, afin de faciliter l&#8217;analyse des carnets quotidiens et des rapports. Cette vid\u00e9o explique comment cr\u00e9er vos points d\u2019int\u00e9r\u00eat.<\/p>\n<\/div>\n<\/div>\n\n\n\n<div class=\"wp-block-columns is-layout-flex wp-container-core-columns-is-layout-28f84493 wp-block-columns-is-layout-flex\">\n<div class=\"wp-block-column is-layout-flow wp-block-column-is-layout-flow\">\n<h2 class=\"wp-block-heading\" id=\"utilisation-des-carnets-de-route-quotidiens\">Utilisation des carnets de route quotidiens<\/h2>\n\n\n\n<p>Quartix fournit des carnets de route quotidiens, disponibles en ligne ou envoy\u00e9s par email. Regardez cette courte vid\u00e9o pour savoir comment les utiliser.<\/p>\n<\/div>\n\n\n\n<div class=\"wp-block-column is-layout-flow wp-block-column-is-layout-flow\">\n<figure class=\"wp-block-embed is-type-video is-provider-youtube wp-block-embed-youtube wp-embed-aspect-16-9 wp-has-aspect-ratio\"><div class=\"wp-block-embed__wrapper\">\n<iframe loading=\"lazy\" title=\"Quartix - Mode d&#039;emploi - Carnet de route quotidien\" width=\"640\" height=\"360\" src=\"https:\/\/www.youtube.com\/embed\/mFR3C6s5LuQ?feature=oembed\" frameborder=\"0\" allow=\"accelerometer; autoplay; clipboard-write; encrypted-media; gyroscope; picture-in-picture; web-share\" referrerpolicy=\"strict-origin-when-cross-origin\" allowfullscreen><\/iframe>\n<\/div><\/figure>\n<\/div>\n<\/div>\n\n\n\n<div class=\"wp-block-columns is-layout-flex wp-container-core-columns-is-layout-28f84493 wp-block-columns-is-layout-flex\">\n<div class=\"wp-block-column is-layout-flow wp-block-column-is-layout-flow\">\n<figure class=\"wp-block-embed is-type-video is-provider-youtube wp-block-embed-youtube wp-embed-aspect-16-9 wp-has-aspect-ratio\"><div class=\"wp-block-embed__wrapper\">\n<iframe loading=\"lazy\" title=\"Quartix - Mode d&#039;emploi - Rapports Eco-Quartix\" width=\"640\" height=\"360\" src=\"https:\/\/www.youtube.com\/embed\/Rrs5T9olT00?feature=oembed\" frameborder=\"0\" allow=\"accelerometer; autoplay; clipboard-write; encrypted-media; gyroscope; picture-in-picture; web-share\" referrerpolicy=\"strict-origin-when-cross-origin\" allowfullscreen><\/iframe>\n<\/div><\/figure>\n<\/div>\n\n\n\n<div class=\"wp-block-column is-layout-flow wp-block-column-is-layout-flow\">\n<h2 class=\"wp-block-heading\" id=\"rapports-sur-le-style-de-conduite\">Rapports sur le style de conduite<\/h2>\n\n\n\n<p>Les rapports Quartix sur le style de conduite sont un outil essentiel pour analyser la vitesse, l&#8217;acc\u00e9l\u00e9ration et le freinage de vos v\u00e9hicules. Ce court tutoriel vous explique comment acc\u00e9der aux rapports de votre flotte.<\/p>\n<\/div>\n<\/div>\n\n\n\n<div class=\"wp-block-columns is-layout-flex wp-container-core-columns-is-layout-28f84493 wp-block-columns-is-layout-flex\">\n<div class=\"wp-block-column is-layout-flow wp-block-column-is-layout-flow\">\n<h2 class=\"wp-block-heading\" id=\"definition-des-zones-de-geofencing\">D\u00e9finition des zones de geofencing<\/h2>\n\n\n\n<p>Si vos v\u00e9hicules doivent se trouver \u00e0 l\u2019int\u00e9rieur ou \u00e0 l\u2019ext\u00e9rieur d\u2019un p\u00e9rim\u00e8tre \u00e0 une heure d\u00e9finie, le geofencing peut vous informer instantan\u00e9ment lorsque ces r\u00e8gles sont enfreintes. Regardez la vid\u00e9o pour voir comment cela fonctionne.<\/p>\n<\/div>\n\n\n\n<div class=\"wp-block-column is-layout-flow wp-block-column-is-layout-flow\">\n<figure class=\"wp-block-embed is-type-video is-provider-youtube wp-block-embed-youtube wp-embed-aspect-16-9 wp-has-aspect-ratio\"><div class=\"wp-block-embed__wrapper\">\n<iframe loading=\"lazy\" title=\"Quartix - Mode d&#039;emploi - G\u00e9ofences\" width=\"640\" height=\"360\" src=\"https:\/\/www.youtube.com\/embed\/Sxs5wBohtK0?feature=oembed\" frameborder=\"0\" allow=\"accelerometer; autoplay; clipboard-write; encrypted-media; gyroscope; picture-in-picture; web-share\" referrerpolicy=\"strict-origin-when-cross-origin\" allowfullscreen><\/iframe>\n<\/div><\/figure>\n<\/div>\n<\/div>\n","protected":false},"excerpt":{"rendered":"<p>Gr\u00e2ce \u00e0 cette s\u00e9rie de tutoriels vid\u00e9o, d\u00e9couvrez comment utiliser les diff\u00e9rentes fonctionnalit\u00e9s du syst\u00e8me Quartix : Suivi en temps r\u00e9el Points d&#8217;int\u00e9r\u00eat Carnets de route quotidiens Rapports de style de conduite Zones de geofencing Suivi de v\u00e9hicules en temps r\u00e9el Avec la g\u00e9olocalisation de v\u00e9hicules Quartix, acc\u00e9dez \u00e0 la position des v\u00e9hicules de votre [&hellip;]<\/p>\n","protected":false},"author":12,"featured_media":0,"parent":51543,"menu_order":50,"comment_status":"closed","ping_status":"closed","template":"","meta":{"_acf_changed":false,"inline_featured_image":false,"footnotes":""},"topic":[],"qtx_campaign":[],"class_list":["post-55558","page","type-page","status-publish","hentry"],"acf":[],"yoast_head":"<!-- This site is optimized with the Yoast SEO Premium plugin v27.2 (Yoast SEO v27.2) - https:\/\/yoast.com\/product\/yoast-seo-premium-wordpress\/ -->\n<title>Tutoriels vid\u00e9o | Voir comment fonctionne le syst\u00e8me Quartix - FR<\/title>\n<meta name=\"description\" content=\"D\u00e9couvrez comment fonctionne le syst\u00e8me Quartix : suivi en temps r\u00e9el de vos v\u00e9hicules, carnets de route quotidiens, geofencing, style de conduite.\" \/>\n<meta name=\"robots\" content=\"index, follow, max-snippet:-1, max-image-preview:large, max-video-preview:-1\" \/>\n<link rel=\"canonical\" href=\"https:\/\/www.quartix.com\/fr-fr\/ressources\/tutoriels-video\/\" \/>\n<meta property=\"og:locale\" content=\"fr_FR\" \/>\n<meta property=\"og:type\" content=\"article\" \/>\n<meta property=\"og:title\" content=\"Tutoriels vid\u00e9o\" \/>\n<meta property=\"og:description\" content=\"D\u00e9couvrez comment fonctionne le syst\u00e8me Quartix : suivi en temps r\u00e9el de vos v\u00e9hicules, carnets de route quotidiens, geofencing, style de conduite.\" \/>\n<meta property=\"og:url\" content=\"https:\/\/www.quartix.com\/fr-fr\/ressources\/tutoriels-video\/\" \/>\n<meta property=\"og:site_name\" content=\"Quartix\" \/>\n<meta property=\"article:publisher\" content=\"https:\/\/www.facebook.com\/Quartix-USA-374426386097401\/\" \/>\n<meta property=\"article:modified_time\" content=\"2022-10-14T10:37:17+00:00\" \/>\n<meta name=\"twitter:card\" content=\"summary_large_image\" \/>\n<meta name=\"twitter:site\" content=\"@QuartixUSA\" \/>\n<meta name=\"twitter:label1\" content=\"Est. reading time\" \/>\n\t<meta name=\"twitter:data1\" content=\"2 minutes\" \/>\n<!-- \/ Yoast SEO Premium plugin. -->","yoast_head_json":{"title":"Tutoriels vid\u00e9o | Voir comment fonctionne le syst\u00e8me Quartix - FR","description":"D\u00e9couvrez comment fonctionne le syst\u00e8me Quartix : suivi en temps r\u00e9el de vos v\u00e9hicules, carnets de route quotidiens, geofencing, style de conduite.","robots":{"index":"index","follow":"follow","max-snippet":"max-snippet:-1","max-image-preview":"max-image-preview:large","max-video-preview":"max-video-preview:-1"},"canonical":"https:\/\/www.quartix.com\/fr-fr\/ressources\/tutoriels-video\/","og_locale":"fr_FR","og_type":"article","og_title":"Tutoriels vid\u00e9o","og_description":"D\u00e9couvrez comment fonctionne le syst\u00e8me Quartix : suivi en temps r\u00e9el de vos v\u00e9hicules, carnets de route quotidiens, geofencing, style de conduite.","og_url":"https:\/\/www.quartix.com\/fr-fr\/ressources\/tutoriels-video\/","og_site_name":"Quartix","article_publisher":"https:\/\/www.facebook.com\/Quartix-USA-374426386097401\/","article_modified_time":"2022-10-14T10:37:17+00:00","twitter_card":"summary_large_image","twitter_site":"@QuartixUSA","twitter_misc":{"Est. reading time":"2 minutes"},"schema":{"@context":"https:\/\/schema.org","@graph":[{"@type":"WebPage","@id":"https:\/\/www.quartix.com\/fr-fr\/ressources\/tutoriels-video\/","url":"https:\/\/www.quartix.com\/fr-fr\/ressources\/tutoriels-video\/","name":"Tutoriels vid\u00e9o | Voir comment fonctionne le syst\u00e8me Quartix","isPartOf":{"@id":"https:\/\/www.quartix.com\/fr-fr\/#website"},"datePublished":"2021-05-11T12:22:32+00:00","dateModified":"2022-10-14T10:37:17+00:00","description":"D\u00e9couvrez comment fonctionne le syst\u00e8me Quartix : suivi en temps r\u00e9el de vos v\u00e9hicules, carnets de route quotidiens, geofencing, style de conduite.","breadcrumb":{"@id":"https:\/\/www.quartix.com\/fr-fr\/ressources\/tutoriels-video\/#breadcrumb"},"inLanguage":"fr-FR","potentialAction":[{"@type":"ReadAction","target":["https:\/\/www.quartix.com\/fr-fr\/ressources\/tutoriels-video\/"]}]},{"@type":"BreadcrumbList","@id":"https:\/\/www.quartix.com\/fr-fr\/ressources\/tutoriels-video\/#breadcrumb","itemListElement":[{"@type":"ListItem","position":1,"name":"Accueil","item":"https:\/\/www.quartix.com\/fr-fr\/quartix-suivi-de-vehicules-en-temps-reel\/"},{"@type":"ListItem","position":2,"name":"Ressources","item":"https:\/\/www.quartix.com\/fr-fr\/ressources\/"},{"@type":"ListItem","position":3,"name":"Tutoriels vid\u00e9o"}]},{"@type":"WebSite","@id":"https:\/\/www.quartix.com\/fr-fr\/#website","url":"https:\/\/www.quartix.com\/fr-fr\/","name":"Quartix","description":"Real-time vehicle tracking","publisher":{"@id":"https:\/\/www.quartix.com\/fr-fr\/#organization"},"potentialAction":[{"@type":"SearchAction","target":{"@type":"EntryPoint","urlTemplate":"https:\/\/www.quartix.com\/fr-fr\/?s={search_term_string}"},"query-input":{"@type":"PropertyValueSpecification","valueRequired":true,"valueName":"search_term_string"}}],"inLanguage":"fr-FR"},{"@type":"Organization","@id":"https:\/\/www.quartix.com\/fr-fr\/#organization","name":"Quartix","url":"https:\/\/www.quartix.com\/fr-fr\/","logo":{"@type":"ImageObject","inLanguage":"fr-FR","@id":"https:\/\/www.quartix.com\/fr-fr\/#\/schema\/logo\/image\/","url":"https:\/\/www.quartix.com\/content\/uploads\/2019\/02\/quartix-logo-eur.svg","contentUrl":"https:\/\/www.quartix.com\/content\/uploads\/2019\/02\/quartix-logo-eur.svg","width":1,"height":1,"caption":"Quartix"},"image":{"@id":"https:\/\/www.quartix.com\/fr-fr\/#\/schema\/logo\/image\/"},"sameAs":["https:\/\/www.facebook.com\/Quartix-USA-374426386097401\/","https:\/\/x.com\/QuartixUSA","https:\/\/www.linkedin.com\/company\/5346733\/","https:\/\/www.youtube.com\/channel\/UCzS-_GMfHF4kWiCheyIRrAQ"]}]}},"_links":{"self":[{"href":"https:\/\/www.quartix.com\/fr-fr\/wp-json\/wp\/v2\/pages\/55558","targetHints":{"allow":["GET"]}}],"collection":[{"href":"https:\/\/www.quartix.com\/fr-fr\/wp-json\/wp\/v2\/pages"}],"about":[{"href":"https:\/\/www.quartix.com\/fr-fr\/wp-json\/wp\/v2\/types\/page"}],"author":[{"embeddable":true,"href":"https:\/\/www.quartix.com\/fr-fr\/wp-json\/wp\/v2\/users\/12"}],"replies":[{"embeddable":true,"href":"https:\/\/www.quartix.com\/fr-fr\/wp-json\/wp\/v2\/comments?post=55558"}],"version-history":[{"count":0,"href":"https:\/\/www.quartix.com\/fr-fr\/wp-json\/wp\/v2\/pages\/55558\/revisions"}],"up":[{"embeddable":true,"href":"https:\/\/www.quartix.com\/fr-fr\/wp-json\/wp\/v2\/pages\/51543"}],"wp:attachment":[{"href":"https:\/\/www.quartix.com\/fr-fr\/wp-json\/wp\/v2\/media?parent=55558"}],"wp:term":[{"taxonomy":"topic","embeddable":true,"href":"https:\/\/www.quartix.com\/fr-fr\/wp-json\/wp\/v2\/topic?post=55558"},{"taxonomy":"qtx_campaign","embeddable":true,"href":"https:\/\/www.quartix.com\/fr-fr\/wp-json\/wp\/v2\/qtx_campaign?post=55558"}],"curies":[{"name":"wp","href":"https:\/\/api.w.org\/{rel}","templated":true}]}}