{"id":55611,"date":"2021-05-11T13:48:16","date_gmt":"2021-05-11T12:48:16","guid":{"rendered":"https:\/\/www.quartix.com\/?page_id=55611"},"modified":"2024-08-02T13:59:30","modified_gmt":"2024-08-02T12:59:30","slug":"carrieres","status":"publish","type":"page","link":"https:\/\/www.quartix.com\/fr-fr\/entreprise\/carrieres\/","title":{"rendered":"Carri\u00e8res"},"content":{"rendered":"\n<h2 class=\"wp-block-heading\" id=\"travailler-chez-quartix\">Travailler chez Quartix<\/h2>\n\n\n\n<p>Quartix a \u00e9t\u00e9 fond\u00e9e en 2001 par notre ancien directeur g\u00e9n\u00e9ral, Andy Walters, et trois coll\u00e8gues experts de l&#8217;industrie. Depuis, Quartix a connu une croissance exceptionnelle et emploie aujourd\u2019hui plus de 200 personnes dans 7 pays.<\/p>\n\n\n\n<p>Nos employ\u00e9s s&#8217;engagent \u00e0 offrir une excellente exp\u00e9rience \u00e0 nos clients, ce qui se traduit par une fid\u00e9lit\u00e9 exceptionnelle de ces derniers. Notre tout premier client est toujours avec nous aujourd&#8217;hui.<\/p>\n\n\n\n<p>Quartix compte aujourd\u2019hui plus de 30 000 clients en Europe, au Royaume-Uni, et aux \u00c9tats-Unis.<\/p>\n\n\n\n<h3 class=\"wp-block-heading\" id=\"avantages\">Avantages<\/h3>\n\n\n\n<ul class=\"wp-block-list\">\n<li>Nous offrons \u00e0 tous nos employ\u00e9s un environnement de travail gratifiant, \u00e9quitable et durable afin d\u2019offrir un service client sans pareil.<\/li>\n\n\n\n<li>Nous reconnaissons et r\u00e9compensons les efforts de nos employ\u00e9s avec des bonus, des \u00e9v\u00e9nements internes et des r\u00e9compenses.<\/li>\n\n\n\n<li>Beaucoup de nos employ\u00e9s d&#8217;origine Quartix sont toujours avec nous aujourd&#8217;hui, ils ont grandi et se sont d\u00e9velopp\u00e9s avec l&#8217;entreprise.<\/li>\n\n\n\n<li>La moiti\u00e9 de nos r\u00e9centes recrues proviennent de recommandations internes, ce qui montre \u00e0 quel point nos employ\u00e9s recommandent Quartix comme lieu de travail.<\/li>\n\n\n\n<li>Nous encourageons l&#8217;\u00e9quilibre entre vie professionnelle et vie priv\u00e9e en vous offrant 25 jours de cong\u00e9s annuels, ainsi qu&#8217;une politique d&#8217;achat ou de vente de cong\u00e9s annuels, ce qui vous permet d&#8217;adapter vos cong\u00e9s \u00e0 vos besoins.<\/li>\n<\/ul>\n\n\n\n<h3 class=\"wp-block-heading\" id=\"culture\">Culture<\/h3>\n\n\n\n<p>Nous avons d\u00e9velopp\u00e9 une culture qui reconna\u00eet le talent et non le genre, l&#8217;\u00e2ge ou la capacit\u00e9. Nous sommes \u00e9galement fiers d&#8217;avoir l\u2019esprit ouvert, d\u2019\u00eatre honn\u00eates et justes, tout en ayant la chance de s\u2019amuser au travail. Chez Quartix, nous appr\u00e9cions la passion, le respect et la reconnaissance pour un travail bien fait, qui constituent une journ\u00e9e type au sein de notre \u00e9quipe.<\/p>\n\n\n\n<p>Chez Quartix, nous recrutons dans nos services conception technique, support technique, informatique, service client, service commercial, comptabilit\u00e9 et marketing.<\/p>\n\n\n\n<p><a href=\"\/fr-fr\/entreprise\/declaration-de-confidentialite-recrutement\/\">Consulter notre d\u00e9claration de confidentialit\u00e9 pour le recrutement<\/a>.<\/p>\n\n\n\n<h2 class=\"wp-block-heading\" id=\"aucun-poste-n-est-a-pourvoir-actuellement\">Opportunit\u00e9s disponibles<\/h2>\n\n\n\n<p><\/p>\n","protected":false},"excerpt":{"rendered":"<p>Travailler chez Quartix Quartix a \u00e9t\u00e9 fond\u00e9e en 2001 par notre ancien directeur g\u00e9n\u00e9ral, Andy Walters, et trois coll\u00e8gues experts de l&#8217;industrie. Depuis, Quartix a connu une croissance exceptionnelle et emploie aujourd\u2019hui plus de 200 personnes dans 7 pays. Nos employ\u00e9s s&#8217;engagent \u00e0 offrir une excellente exp\u00e9rience \u00e0 nos clients, ce qui se traduit par [&hellip;]<\/p>\n","protected":false},"author":12,"featured_media":0,"parent":54547,"menu_order":40,"comment_status":"closed","ping_status":"closed","template":"templates\/job-listings.php","meta":{"_acf_changed":false,"inline_featured_image":false,"footnotes":""},"topic":[],"qtx_campaign":[],"class_list":["post-55611","page","type-page","status-publish","hentry"],"acf":[],"yoast_head":"<!-- This site is optimized with the Yoast SEO Premium plugin v27.3 (Yoast SEO v27.3) - https:\/\/yoast.com\/product\/yoast-seo-premium-wordpress\/ -->\n<title>Recrutement | G\u00e9olocalisation de v\u00e9hicules Quartix - FR<\/title>\n<meta name=\"description\" content=\"Quartix recrute ! D\u00e9couvrez la cuture Quartix, les offres d&#039;emploi disponibles et les nombreux avantages que nous offrons \u00e0 nos employ\u00e9s.\" \/>\n<meta name=\"robots\" content=\"index, follow, max-snippet:-1, max-image-preview:large, max-video-preview:-1\" \/>\n<link rel=\"canonical\" href=\"https:\/\/www.quartix.com\/fr-fr\/entreprise\/carrieres\/\" \/>\n<meta property=\"og:locale\" content=\"fr_FR\" \/>\n<meta property=\"og:type\" content=\"article\" \/>\n<meta property=\"og:title\" content=\"Carri\u00e8res\" \/>\n<meta property=\"og:description\" content=\"Quartix recrute ! D\u00e9couvrez la cuture Quartix, les offres d&#039;emploi disponibles et les nombreux avantages que nous offrons \u00e0 nos employ\u00e9s.\" \/>\n<meta property=\"og:url\" content=\"https:\/\/www.quartix.com\/fr-fr\/entreprise\/carrieres\/\" \/>\n<meta property=\"og:site_name\" content=\"Quartix\" \/>\n<meta property=\"article:publisher\" content=\"https:\/\/www.facebook.com\/Quartix-USA-374426386097401\/\" \/>\n<meta property=\"article:modified_time\" content=\"2024-08-02T12:59:30+00:00\" \/>\n<meta name=\"twitter:card\" content=\"summary_large_image\" \/>\n<meta name=\"twitter:site\" content=\"@QuartixUSA\" \/>\n<meta name=\"twitter:label1\" content=\"Est. reading time\" \/>\n\t<meta name=\"twitter:data1\" content=\"2 minutes\" \/>\n<!-- \/ Yoast SEO Premium plugin. -->","yoast_head_json":{"title":"Recrutement | G\u00e9olocalisation de v\u00e9hicules Quartix - FR","description":"Quartix recrute ! D\u00e9couvrez la cuture Quartix, les offres d'emploi disponibles et les nombreux avantages que nous offrons \u00e0 nos employ\u00e9s.","robots":{"index":"index","follow":"follow","max-snippet":"max-snippet:-1","max-image-preview":"max-image-preview:large","max-video-preview":"max-video-preview:-1"},"canonical":"https:\/\/www.quartix.com\/fr-fr\/entreprise\/carrieres\/","og_locale":"fr_FR","og_type":"article","og_title":"Carri\u00e8res","og_description":"Quartix recrute ! D\u00e9couvrez la cuture Quartix, les offres d'emploi disponibles et les nombreux avantages que nous offrons \u00e0 nos employ\u00e9s.","og_url":"https:\/\/www.quartix.com\/fr-fr\/entreprise\/carrieres\/","og_site_name":"Quartix","article_publisher":"https:\/\/www.facebook.com\/Quartix-USA-374426386097401\/","article_modified_time":"2024-08-02T12:59:30+00:00","twitter_card":"summary_large_image","twitter_site":"@QuartixUSA","twitter_misc":{"Est. reading time":"2 minutes"},"schema":{"@context":"https:\/\/schema.org","@graph":[{"@type":"WebPage","@id":"https:\/\/www.quartix.com\/fr-fr\/entreprise\/carrieres\/","url":"https:\/\/www.quartix.com\/fr-fr\/entreprise\/carrieres\/","name":"Recrutement | G\u00e9olocalisation de v\u00e9hicules Quartix","isPartOf":{"@id":"https:\/\/www.quartix.com\/fr-fr\/#website"},"datePublished":"2021-05-11T12:48:16+00:00","dateModified":"2024-08-02T12:59:30+00:00","description":"Quartix recrute ! D\u00e9couvrez la cuture Quartix, les offres d'emploi disponibles et les nombreux avantages que nous offrons \u00e0 nos employ\u00e9s.","breadcrumb":{"@id":"https:\/\/www.quartix.com\/fr-fr\/entreprise\/carrieres\/#breadcrumb"},"inLanguage":"fr-FR","potentialAction":[{"@type":"ReadAction","target":["https:\/\/www.quartix.com\/fr-fr\/entreprise\/carrieres\/"]}]},{"@type":"BreadcrumbList","@id":"https:\/\/www.quartix.com\/fr-fr\/entreprise\/carrieres\/#breadcrumb","itemListElement":[{"@type":"ListItem","position":1,"name":"Accueil","item":"https:\/\/www.quartix.com\/fr-fr\/quartix-suivi-de-vehicules-en-temps-reel\/"},{"@type":"ListItem","position":2,"name":"Entreprise","item":"https:\/\/www.quartix.com\/fr-fr\/entreprise\/"},{"@type":"ListItem","position":3,"name":"Carri\u00e8res"}]},{"@type":"WebSite","@id":"https:\/\/www.quartix.com\/fr-fr\/#website","url":"https:\/\/www.quartix.com\/fr-fr\/","name":"Quartix","description":"Real-time vehicle tracking","publisher":{"@id":"https:\/\/www.quartix.com\/fr-fr\/#organization"},"potentialAction":[{"@type":"SearchAction","target":{"@type":"EntryPoint","urlTemplate":"https:\/\/www.quartix.com\/fr-fr\/?s={search_term_string}"},"query-input":{"@type":"PropertyValueSpecification","valueRequired":true,"valueName":"search_term_string"}}],"inLanguage":"fr-FR"},{"@type":"Organization","@id":"https:\/\/www.quartix.com\/fr-fr\/#organization","name":"Quartix","url":"https:\/\/www.quartix.com\/fr-fr\/","logo":{"@type":"ImageObject","inLanguage":"fr-FR","@id":"https:\/\/www.quartix.com\/fr-fr\/#\/schema\/logo\/image\/","url":"https:\/\/www.quartix.com\/content\/uploads\/2019\/02\/quartix-logo-eur.svg","contentUrl":"https:\/\/www.quartix.com\/content\/uploads\/2019\/02\/quartix-logo-eur.svg","width":1,"height":1,"caption":"Quartix"},"image":{"@id":"https:\/\/www.quartix.com\/fr-fr\/#\/schema\/logo\/image\/"},"sameAs":["https:\/\/www.facebook.com\/Quartix-USA-374426386097401\/","https:\/\/x.com\/QuartixUSA","https:\/\/www.linkedin.com\/company\/5346733\/","https:\/\/www.youtube.com\/channel\/UCzS-_GMfHF4kWiCheyIRrAQ"]}]}},"_links":{"self":[{"href":"https:\/\/www.quartix.com\/fr-fr\/wp-json\/wp\/v2\/pages\/55611","targetHints":{"allow":["GET"]}}],"collection":[{"href":"https:\/\/www.quartix.com\/fr-fr\/wp-json\/wp\/v2\/pages"}],"about":[{"href":"https:\/\/www.quartix.com\/fr-fr\/wp-json\/wp\/v2\/types\/page"}],"author":[{"embeddable":true,"href":"https:\/\/www.quartix.com\/fr-fr\/wp-json\/wp\/v2\/users\/12"}],"replies":[{"embeddable":true,"href":"https:\/\/www.quartix.com\/fr-fr\/wp-json\/wp\/v2\/comments?post=55611"}],"version-history":[{"count":0,"href":"https:\/\/www.quartix.com\/fr-fr\/wp-json\/wp\/v2\/pages\/55611\/revisions"}],"up":[{"embeddable":true,"href":"https:\/\/www.quartix.com\/fr-fr\/wp-json\/wp\/v2\/pages\/54547"}],"wp:attachment":[{"href":"https:\/\/www.quartix.com\/fr-fr\/wp-json\/wp\/v2\/media?parent=55611"}],"wp:term":[{"taxonomy":"topic","embeddable":true,"href":"https:\/\/www.quartix.com\/fr-fr\/wp-json\/wp\/v2\/topic?post=55611"},{"taxonomy":"qtx_campaign","embeddable":true,"href":"https:\/\/www.quartix.com\/fr-fr\/wp-json\/wp\/v2\/qtx_campaign?post=55611"}],"curies":[{"name":"wp","href":"https:\/\/api.w.org\/{rel}","templated":true}]}}