{"id":55640,"date":"2021-05-11T17:16:09","date_gmt":"2021-05-11T16:16:09","guid":{"rendered":"https:\/\/www.quartix.com\/?page_id=55640"},"modified":"2025-08-20T14:01:28","modified_gmt":"2025-08-20T13:01:28","slug":"connexion","status":"publish","type":"page","link":"https:\/\/www.quartix.com\/fr-fr\/connexion\/","title":{"rendered":"Connexion"},"content":{"rendered":"<h2>Connexion<\/h2>\n<p><strong>Sorry, we&#8217;re currently experiencing issues with our login system.<\/strong><\/p>\n<p>Please contact your Quartix representative for advice on how to proceed.<\/p>\n<p><a role=\"button\" href=\"https:\/\/tracking.quartix.fr\/Monitoring\/fr-fr\" target=\"_blank\" rel=\"noopener\"><br \/>\nMode Priv\u00e9<br \/>\n<\/a><\/p>\n<h2>Besoin de l&#8217;application mobile Quartix?<\/h2>\n<ul>\n<li><a href=\"https:\/\/itunes.apple.com\/fr\/app\/quartix-vehicle-tracking\/id783601545?mt=8\" target=\"_blank\" rel=\"noopener\"><img decoding=\"async\" src=\" https:\/\/www.quartix.com\/content\/themes\/quartix\/dist\/img\/fr-download-app-apple.png\" alt=\"T\u00e9l\u00e9charger sur Apple Store\"><\/a><\/li>\n<li><a href=\"https:\/\/play.google.com\/store\/apps\/details?id=com.quartix.mobiletracking&amp;hl=fr_FR&amp;gl=FR\" target=\"_blank\" rel=\"noopener\"><img decoding=\"async\" src=\" https:\/\/www.quartix.com\/content\/themes\/quartix\/dist\/img\/fr-download-app-android.png\" alt=\"T\u00e9l\u00e9charger sur Google Play\"><\/a><\/li>\n<li><a href=\"https:\/\/www.windowsphone.com\/fr-fr\/store\/app\/quartix\/7e2b3b49-50c4-4d59-a75f-79b86f036286\" target=\"_blank\" rel=\"noopener\"><img decoding=\"async\" src=\" https:\/\/www.quartix.com\/content\/themes\/quartix\/dist\/img\/fr-download-app-windows.png\" alt=\"T\u00e9l\u00e9charger sur Windows Store\"><\/a><\/li>\n<\/ul>\n<p>[sipcta cta_type=&#8221;video-tutorials-fr&#8221; ]<\/p>\n<p>[sipupdates title=&#8221;Restez inform\u00e9s&#8221;]<\/p>\n<h2>Product updates<\/h2>\n<p><a role=\"button\" href=\"https:\/\/www.quartix.com\/fr-fr\/ressources\/actualites\/\"><br \/>\nView all product updates<br \/>\n<\/a><\/p>\n","protected":false},"excerpt":{"rendered":"<p>Connexion Sorry, we&#8217;re currently experiencing issues with our login system. Please contact your Quartix representative for advice on how to proceed. Mode Priv\u00e9 Besoin de l&#8217;application mobile Quartix? [sipcta cta_type=&#8221;video-tutorials-fr&#8221; ] [sipupdates title=&#8221;Restez inform\u00e9s&#8221;] Product updates View all product updates<\/p>\n","protected":false},"author":12,"featured_media":0,"parent":0,"menu_order":650,"comment_status":"closed","ping_status":"closed","template":"templates\/sign-in.php","meta":{"_acf_changed":false,"inline_featured_image":false,"footnotes":""},"topic":[],"qtx_campaign":[],"class_list":["post-55640","page","type-page","status-publish","hentry"],"acf":[],"yoast_head":"<!-- This site is optimized with the Yoast SEO Premium plugin v27.2 (Yoast SEO v27.2) - https:\/\/yoast.com\/product\/yoast-seo-premium-wordpress\/ -->\n<title>Connexion Client | Quartix G\u00e9olocalisation de V\u00e9hicules - FR<\/title>\n<meta name=\"description\" content=\"Connectez-vous \u00e0 votre interface client avec vos identifiants et suivez l&#039;activit\u00e9 de vos v\u00e9hicules et acc\u00e9dez \u00e0 des rapports d\u00e9taill\u00e9s.\" \/>\n<meta name=\"robots\" content=\"index, follow, max-snippet:-1, max-image-preview:large, max-video-preview:-1\" \/>\n<link rel=\"canonical\" href=\"https:\/\/www.quartix.com\/fr-fr\/connexion\/\" \/>\n<meta property=\"og:locale\" content=\"fr_FR\" \/>\n<meta property=\"og:type\" content=\"article\" \/>\n<meta property=\"og:title\" content=\"Connexion\" \/>\n<meta property=\"og:description\" content=\"Connectez-vous \u00e0 votre interface client avec vos identifiants et suivez l&#039;activit\u00e9 de vos v\u00e9hicules et acc\u00e9dez \u00e0 des rapports d\u00e9taill\u00e9s.\" \/>\n<meta property=\"og:url\" content=\"https:\/\/www.quartix.com\/fr-fr\/connexion\/\" \/>\n<meta property=\"og:site_name\" content=\"Quartix\" \/>\n<meta property=\"article:publisher\" content=\"https:\/\/www.facebook.com\/Quartix-USA-374426386097401\/\" \/>\n<meta property=\"article:modified_time\" content=\"2025-08-20T13:01:28+00:00\" \/>\n<meta name=\"twitter:card\" content=\"summary_large_image\" \/>\n<meta name=\"twitter:site\" content=\"@QuartixUSA\" \/>\n<meta name=\"twitter:label1\" content=\"Est. reading time\" \/>\n\t<meta name=\"twitter:data1\" content=\"2 minutes\" \/>\n<!-- \/ Yoast SEO Premium plugin. -->","yoast_head_json":{"title":"Connexion Client | Quartix G\u00e9olocalisation de V\u00e9hicules - FR","description":"Connectez-vous \u00e0 votre interface client avec vos identifiants et suivez l'activit\u00e9 de vos v\u00e9hicules et acc\u00e9dez \u00e0 des rapports d\u00e9taill\u00e9s.","robots":{"index":"index","follow":"follow","max-snippet":"max-snippet:-1","max-image-preview":"max-image-preview:large","max-video-preview":"max-video-preview:-1"},"canonical":"https:\/\/www.quartix.com\/fr-fr\/connexion\/","og_locale":"fr_FR","og_type":"article","og_title":"Connexion","og_description":"Connectez-vous \u00e0 votre interface client avec vos identifiants et suivez l'activit\u00e9 de vos v\u00e9hicules et acc\u00e9dez \u00e0 des rapports d\u00e9taill\u00e9s.","og_url":"https:\/\/www.quartix.com\/fr-fr\/connexion\/","og_site_name":"Quartix","article_publisher":"https:\/\/www.facebook.com\/Quartix-USA-374426386097401\/","article_modified_time":"2025-08-20T13:01:28+00:00","twitter_card":"summary_large_image","twitter_site":"@QuartixUSA","twitter_misc":{"Est. reading time":"2 minutes"},"schema":{"@context":"https:\/\/schema.org","@graph":[{"@type":"WebPage","@id":"https:\/\/www.quartix.com\/fr-fr\/connexion\/","url":"https:\/\/www.quartix.com\/fr-fr\/connexion\/","name":"Connexion Client | Quartix G\u00e9olocalisation de V\u00e9hicules","isPartOf":{"@id":"https:\/\/www.quartix.com\/fr-fr\/#website"},"datePublished":"2021-05-11T16:16:09+00:00","dateModified":"2025-08-20T13:01:28+00:00","description":"Connectez-vous \u00e0 votre interface client avec vos identifiants et suivez l'activit\u00e9 de vos v\u00e9hicules et acc\u00e9dez \u00e0 des rapports d\u00e9taill\u00e9s.","breadcrumb":{"@id":"https:\/\/www.quartix.com\/fr-fr\/connexion\/#breadcrumb"},"inLanguage":"fr-FR","potentialAction":[{"@type":"ReadAction","target":["https:\/\/www.quartix.com\/fr-fr\/connexion\/"]}]},{"@type":"BreadcrumbList","@id":"https:\/\/www.quartix.com\/fr-fr\/connexion\/#breadcrumb","itemListElement":[{"@type":"ListItem","position":1,"name":"Accueil","item":"https:\/\/www.quartix.com\/fr-fr\/quartix-suivi-de-vehicules-en-temps-reel\/"},{"@type":"ListItem","position":2,"name":"Connexion"}]},{"@type":"WebSite","@id":"https:\/\/www.quartix.com\/fr-fr\/#website","url":"https:\/\/www.quartix.com\/fr-fr\/","name":"Quartix","description":"Real-time vehicle tracking","publisher":{"@id":"https:\/\/www.quartix.com\/fr-fr\/#organization"},"potentialAction":[{"@type":"SearchAction","target":{"@type":"EntryPoint","urlTemplate":"https:\/\/www.quartix.com\/fr-fr\/?s={search_term_string}"},"query-input":{"@type":"PropertyValueSpecification","valueRequired":true,"valueName":"search_term_string"}}],"inLanguage":"fr-FR"},{"@type":"Organization","@id":"https:\/\/www.quartix.com\/fr-fr\/#organization","name":"Quartix","url":"https:\/\/www.quartix.com\/fr-fr\/","logo":{"@type":"ImageObject","inLanguage":"fr-FR","@id":"https:\/\/www.quartix.com\/fr-fr\/#\/schema\/logo\/image\/","url":"https:\/\/www.quartix.com\/content\/uploads\/2019\/02\/quartix-logo-eur.svg","contentUrl":"https:\/\/www.quartix.com\/content\/uploads\/2019\/02\/quartix-logo-eur.svg","width":1,"height":1,"caption":"Quartix"},"image":{"@id":"https:\/\/www.quartix.com\/fr-fr\/#\/schema\/logo\/image\/"},"sameAs":["https:\/\/www.facebook.com\/Quartix-USA-374426386097401\/","https:\/\/x.com\/QuartixUSA","https:\/\/www.linkedin.com\/company\/5346733\/","https:\/\/www.youtube.com\/channel\/UCzS-_GMfHF4kWiCheyIRrAQ"]}]}},"_links":{"self":[{"href":"https:\/\/www.quartix.com\/fr-fr\/wp-json\/wp\/v2\/pages\/55640","targetHints":{"allow":["GET"]}}],"collection":[{"href":"https:\/\/www.quartix.com\/fr-fr\/wp-json\/wp\/v2\/pages"}],"about":[{"href":"https:\/\/www.quartix.com\/fr-fr\/wp-json\/wp\/v2\/types\/page"}],"author":[{"embeddable":true,"href":"https:\/\/www.quartix.com\/fr-fr\/wp-json\/wp\/v2\/users\/12"}],"replies":[{"embeddable":true,"href":"https:\/\/www.quartix.com\/fr-fr\/wp-json\/wp\/v2\/comments?post=55640"}],"version-history":[{"count":8,"href":"https:\/\/www.quartix.com\/fr-fr\/wp-json\/wp\/v2\/pages\/55640\/revisions"}],"predecessor-version":[{"id":124575,"href":"https:\/\/www.quartix.com\/fr-fr\/wp-json\/wp\/v2\/pages\/55640\/revisions\/124575"}],"wp:attachment":[{"href":"https:\/\/www.quartix.com\/fr-fr\/wp-json\/wp\/v2\/media?parent=55640"}],"wp:term":[{"taxonomy":"topic","embeddable":true,"href":"https:\/\/www.quartix.com\/fr-fr\/wp-json\/wp\/v2\/topic?post=55640"},{"taxonomy":"qtx_campaign","embeddable":true,"href":"https:\/\/www.quartix.com\/fr-fr\/wp-json\/wp\/v2\/qtx_campaign?post=55640"}],"curies":[{"name":"wp","href":"https:\/\/api.w.org\/{rel}","templated":true}]}}