{"id":55727,"date":"2021-05-12T10:27:10","date_gmt":"2021-05-12T09:27:10","guid":{"rendered":" https:\/\/www.quartix.com\/?page_id=55727"},"modified":"2022-03-08T16:37:44","modified_gmt":"2022-03-08T15:37:44","slug":"faq","status":"publish","type":"page","link":"https:\/\/www.quartix.com\/fr-fr\/faq\/","title":{"rendered":"FAQ"},"content":{"rendered":"\n<p>Retrouvez ci-dessous la liste des questions les plus fr\u00e9quemment pos\u00e9es sur notre syst\u00e8me.<\/p>\n\n\n\r\n<section  class=\"qtx-pagebuilder-section qtx-pagebuilder-section-accordion\">\r\n            <div class=\"accordion noboxes\" id=\"acc1440082809\">\r\n                                            <div class=\"accordion-item\">\r\n                    <button class=\"accordion-title\"><span class=\"arrow\"><\/span>Combien de temps prend l&#8217;installation d&#8217;une balise Quartix ?<\/button>\r\n                    <div class=\"accordion-content\"><p>L\u2019installation d\u2019une balise prend environ 40 minutes. Nous demandons cependant \u00e0 nos clients de laisser leur v\u00e9hicule \u00e0 notre disposition pendant 1 heure.<\/p>\n<\/div>\r\n                <\/div>\r\n                                            <div class=\"accordion-item\">\r\n                    <button class=\"accordion-title\"><span class=\"arrow\"><\/span>O\u00f9 et quand puis-je faire installer ma balise Quartix ?<\/button>\r\n                    <div class=\"accordion-content\"><p>Notre r\u00e9seau d\u2019installateurs couvre toute la France : nos installations peuvent donc \u00eatre r\u00e9alis\u00e9es \u00e0 l\u2019endroit de votre choix. Nos installateurs se mettent \u00e0 votre disposition tous les jours de la semaine (samedis inclus) \u2013 en journ\u00e9e et en soir\u00e9e.<\/p>\n<\/div>\r\n                <\/div>\r\n                                            <div class=\"accordion-item\">\r\n                    <button class=\"accordion-title\"><span class=\"arrow\"><\/span>Le syst\u00e8me peut-il \u00eatre affect\u00e9 par le manque de connectivit\u00e9 du r\u00e9seau t\u00e9l\u00e9phonique ?<\/button>\r\n                    <div class=\"accordion-content\"><p>Notre syst\u00e8me se sert de satellites GPS pour g\u00e9olocaliser vos v\u00e9hicules et de la technologie GPRS pour une mise \u00e0 jour constante de leurs positions et de leurs donn\u00e9es. Dans le cas d\u2019une couverture faible ou inexistante, la balise emmagasine toutes les informations n\u00e9cessaires jusqu\u2019\u00e0 ce que la transmission soit de nouveau possible.<\/p>\n<\/div>\r\n                <\/div>\r\n                                            <div class=\"accordion-item\">\r\n                    <button class=\"accordion-title\"><span class=\"arrow\"><\/span>Dois-je payer des frais de licence pour le logiciel ? Y-a-t-il un nombre limit\u00e9 d&#8217;utilisateurs pouvant y acc\u00e9der ?<\/button>\r\n                    <div class=\"accordion-content\"><p>Le syst\u00e8me de g\u00e9olocalisation Quartix vous permet de suivre vos v\u00e9hicules en temps r\u00e9el depuis n\u2019importe quel terminal connect\u00e9 \u00e0 internet et ne requiert aucune installation de logiciel. Un nombre illimit\u00e9 d\u2019utilisateurs peut avoir acc\u00e8s \u00e0 notre syst\u00e8me sans frais suppl\u00e9mentaire.<\/p>\n<\/div>\r\n                <\/div>\r\n                                            <div class=\"accordion-item\">\r\n                    <button class=\"accordion-title\"><span class=\"arrow\"><\/span>Quelle est la pr\u00e9cision des informations fournies par le syst\u00e8me ?<\/button>\r\n                    <div class=\"accordion-content\"><p>Le syst\u00e8me utilise la technologie GPS et vous permet de situer vos v\u00e9hicules dans un rayon de 5 m\u00e8tres maximum.<\/p>\n<\/div>\r\n                <\/div>\r\n                                            <div class=\"accordion-item\">\r\n                    <button class=\"accordion-title\"><span class=\"arrow\"><\/span>Quelles est la dur\u00e9e de conservation de mes donn\u00e9es disponibles sur le serveur ?<\/button>\r\n                    <div class=\"accordion-content\"><p>Notre site internet vous permet d\u2019acc\u00e9der instantan\u00e9ment \u00e0 l\u2019historique des 12 derniers mois de l\u2019activit\u00e9 de votre flotte. Les donn\u00e9es les plus anciennes sont archiv\u00e9es pour faciliter leur consultation et sont mises \u00e0 votre disposition sur simple demande, sans frais suppl\u00e9mentaire.<\/p>\n<\/div>\r\n                <\/div>\r\n                    <\/div>\r\n    <\/section>\r\n<script nonce=\"\" nonce=\"\">\r\ndocument.addEventListener(\"DOMContentLoaded\", function(){\r\n    var titles = document.getElementById (\"acc1440082809\").getElementsByClassName(\"accordion-title\");\r\n    for (var i = 0; i < titles.length; i++) {\r\n        if ( i == (parseInt(-1 ))) {\r\n            titles[i].classList.add(\"active\");\r\n            titles[i].nextElementSibling.style.maxHeight = titles[i].nextElementSibling.scrollHeight + \"px\";\r\n        }\r\n    }\r\n});\r\n\r\nvar titles = document.getElementById (\"acc1440082809\").getElementsByClassName(\"accordion-title\");\r\nfor (var i = 0; i < titles.length; i++) {\r\n    titles[i].addEventListener(\"click\", function() {\r\n        if (\"openone\" == \"openone\") {\r\n            if(this.classList.contains(\"active\")) {\r\n                this.classList.toggle(\"active\");\r\n                this.nextElementSibling.style.maxHeight = null;\r\n            }\r\n            else {\r\n                document.querySelectorAll('#acc1440082809 .accordion-title').forEach(el => el.classList.remove('active'));\r\n                document.querySelectorAll('#acc1440082809 .accordion-content').forEach(el => el.style.maxHeight = null);\r\n                this.classList.toggle(\"active\");\r\n                var panel = this.nextElementSibling;\r\n                if (this.classList.contains(\"active\")) {\r\n                    panel.style.maxHeight = panel.scrollHeight + \"px\";\r\n                } else {\r\n                panel.style.maxHeight = null;\r\n                }\r\n            }\r\n        }\r\n        else {\r\n            this.classList.toggle(\"active\");\r\n            var panel = this.nextElementSibling;\r\n            if (this.classList.contains(\"active\")) {\r\n                panel.style.maxHeight = panel.scrollHeight + \"px\";\r\n            } else {\r\n            panel.style.maxHeight = null;\r\n            }\r\n        }\r\n    });\r\n}\r\n<\/script>","protected":false},"excerpt":{"rendered":"<p>Retrouvez ci-dessous la liste des questions les plus fr\u00e9quemment pos\u00e9es sur notre syst\u00e8me.<\/p>\n","protected":false},"author":12,"featured_media":0,"parent":0,"menu_order":210,"comment_status":"closed","ping_status":"closed","template":"","meta":{"_acf_changed":false,"inline_featured_image":false,"footnotes":""},"topic":[],"qtx_campaign":[],"class_list":["post-55727","page","type-page","status-publish","hentry"],"acf":[],"yoast_head":"<!-- This site is optimized with the Yoast SEO Premium plugin v27.3 (Yoast SEO v27.3) - https:\/\/yoast.com\/product\/yoast-seo-premium-wordpress\/ -->\n<title>FAQ | G\u00e9olocalisation de v\u00e9hicules Quartix - FR<\/title>\n<meta name=\"description\" content=\"Vous avez une question sur notre syst\u00e8me de g\u00e9olocalisation de v\u00e9hicules ? Retrouvez toutes les r\u00e9ponses dans notre FAQ Quartix.\" \/>\n<meta name=\"robots\" content=\"index, follow, max-snippet:-1, max-image-preview:large, max-video-preview:-1\" \/>\n<link rel=\"canonical\" href=\"https:\/\/www.quartix.com\/fr-fr\/faq\/\" \/>\n<meta property=\"og:locale\" content=\"fr_FR\" \/>\n<meta property=\"og:type\" content=\"article\" \/>\n<meta property=\"og:title\" content=\"FAQ\" \/>\n<meta property=\"og:description\" content=\"Vous avez une question sur notre syst\u00e8me de g\u00e9olocalisation de v\u00e9hicules ? Retrouvez toutes les r\u00e9ponses dans notre FAQ Quartix.\" \/>\n<meta property=\"og:url\" content=\"https:\/\/www.quartix.com\/fr-fr\/faq\/\" \/>\n<meta property=\"og:site_name\" content=\"Quartix\" \/>\n<meta property=\"article:publisher\" content=\"https:\/\/www.facebook.com\/Quartix-USA-374426386097401\/\" \/>\n<meta property=\"article:modified_time\" content=\"2022-03-08T15:37:44+00:00\" \/>\n<meta name=\"twitter:card\" content=\"summary_large_image\" \/>\n<meta name=\"twitter:site\" content=\"@QuartixUSA\" \/>\n<meta name=\"twitter:label1\" content=\"Est. reading time\" \/>\n\t<meta name=\"twitter:data1\" content=\"1 minute\" \/>\n<!-- \/ Yoast SEO Premium plugin. -->","yoast_head_json":{"title":"FAQ | G\u00e9olocalisation de v\u00e9hicules Quartix - FR","description":"Vous avez une question sur notre syst\u00e8me de g\u00e9olocalisation de v\u00e9hicules ? Retrouvez toutes les r\u00e9ponses dans notre FAQ Quartix.","robots":{"index":"index","follow":"follow","max-snippet":"max-snippet:-1","max-image-preview":"max-image-preview:large","max-video-preview":"max-video-preview:-1"},"canonical":"https:\/\/www.quartix.com\/fr-fr\/faq\/","og_locale":"fr_FR","og_type":"article","og_title":"FAQ","og_description":"Vous avez une question sur notre syst\u00e8me de g\u00e9olocalisation de v\u00e9hicules ? Retrouvez toutes les r\u00e9ponses dans notre FAQ Quartix.","og_url":"https:\/\/www.quartix.com\/fr-fr\/faq\/","og_site_name":"Quartix","article_publisher":"https:\/\/www.facebook.com\/Quartix-USA-374426386097401\/","article_modified_time":"2022-03-08T15:37:44+00:00","twitter_card":"summary_large_image","twitter_site":"@QuartixUSA","twitter_misc":{"Est. reading time":"1 minute"},"schema":{"@context":"https:\/\/schema.org","@graph":[{"@type":"WebPage","@id":"https:\/\/www.quartix.com\/fr-fr\/faq\/","url":"https:\/\/www.quartix.com\/fr-fr\/faq\/","name":"FAQ | G\u00e9olocalisation de v\u00e9hicules Quartix","isPartOf":{"@id":"https:\/\/www.quartix.com\/fr-fr\/#website"},"datePublished":"2021-05-12T09:27:10+00:00","dateModified":"2022-03-08T15:37:44+00:00","description":"Vous avez une question sur notre syst\u00e8me de g\u00e9olocalisation de v\u00e9hicules ? Retrouvez toutes les r\u00e9ponses dans notre FAQ Quartix.","breadcrumb":{"@id":"https:\/\/www.quartix.com\/fr-fr\/faq\/#breadcrumb"},"inLanguage":"fr-FR","potentialAction":[{"@type":"ReadAction","target":["https:\/\/www.quartix.com\/fr-fr\/faq\/"]}]},{"@type":"BreadcrumbList","@id":"https:\/\/www.quartix.com\/fr-fr\/faq\/#breadcrumb","itemListElement":[{"@type":"ListItem","position":1,"name":"Accueil","item":"https:\/\/www.quartix.com\/fr-fr\/quartix-suivi-de-vehicules-en-temps-reel\/"},{"@type":"ListItem","position":2,"name":"FAQ"}]},{"@type":"WebSite","@id":"https:\/\/www.quartix.com\/fr-fr\/#website","url":"https:\/\/www.quartix.com\/fr-fr\/","name":"Quartix","description":"Real-time vehicle tracking","publisher":{"@id":"https:\/\/www.quartix.com\/fr-fr\/#organization"},"potentialAction":[{"@type":"SearchAction","target":{"@type":"EntryPoint","urlTemplate":"https:\/\/www.quartix.com\/fr-fr\/?s={search_term_string}"},"query-input":{"@type":"PropertyValueSpecification","valueRequired":true,"valueName":"search_term_string"}}],"inLanguage":"fr-FR"},{"@type":"Organization","@id":"https:\/\/www.quartix.com\/fr-fr\/#organization","name":"Quartix","url":"https:\/\/www.quartix.com\/fr-fr\/","logo":{"@type":"ImageObject","inLanguage":"fr-FR","@id":"https:\/\/www.quartix.com\/fr-fr\/#\/schema\/logo\/image\/","url":"https:\/\/www.quartix.com\/content\/uploads\/2019\/02\/quartix-logo-eur.svg","contentUrl":"https:\/\/www.quartix.com\/content\/uploads\/2019\/02\/quartix-logo-eur.svg","width":1,"height":1,"caption":"Quartix"},"image":{"@id":"https:\/\/www.quartix.com\/fr-fr\/#\/schema\/logo\/image\/"},"sameAs":["https:\/\/www.facebook.com\/Quartix-USA-374426386097401\/","https:\/\/x.com\/QuartixUSA","https:\/\/www.linkedin.com\/company\/5346733\/","https:\/\/www.youtube.com\/channel\/UCzS-_GMfHF4kWiCheyIRrAQ"]}]}},"_links":{"self":[{"href":"https:\/\/www.quartix.com\/fr-fr\/wp-json\/wp\/v2\/pages\/55727","targetHints":{"allow":["GET"]}}],"collection":[{"href":"https:\/\/www.quartix.com\/fr-fr\/wp-json\/wp\/v2\/pages"}],"about":[{"href":"https:\/\/www.quartix.com\/fr-fr\/wp-json\/wp\/v2\/types\/page"}],"author":[{"embeddable":true,"href":"https:\/\/www.quartix.com\/fr-fr\/wp-json\/wp\/v2\/users\/12"}],"replies":[{"embeddable":true,"href":"https:\/\/www.quartix.com\/fr-fr\/wp-json\/wp\/v2\/comments?post=55727"}],"version-history":[{"count":0,"href":"https:\/\/www.quartix.com\/fr-fr\/wp-json\/wp\/v2\/pages\/55727\/revisions"}],"wp:attachment":[{"href":"https:\/\/www.quartix.com\/fr-fr\/wp-json\/wp\/v2\/media?parent=55727"}],"wp:term":[{"taxonomy":"topic","embeddable":true,"href":"https:\/\/www.quartix.com\/fr-fr\/wp-json\/wp\/v2\/topic?post=55727"},{"taxonomy":"qtx_campaign","embeddable":true,"href":"https:\/\/www.quartix.com\/fr-fr\/wp-json\/wp\/v2\/qtx_campaign?post=55727"}],"curies":[{"name":"wp","href":"https:\/\/api.w.org\/{rel}","templated":true}]}}