{"id":55922,"date":"2021-05-12T12:57:27","date_gmt":"2021-05-12T11:57:27","guid":{"rendered":"https:\/\/www.quartix.com\/?page_id=55922"},"modified":"2024-07-03T10:50:37","modified_gmt":"2024-07-03T09:50:37","slug":"guide-eco-conduite-entreprise","status":"publish","type":"page","link":"https:\/\/www.quartix.com\/fr-fr\/guide-eco-conduite-entreprise\/","title":{"rendered":"Guide \u00c9co-Conduite pour Entreprise"},"content":{"rendered":"\r\n<div   class=\"hero-block bighero\">\r\n    <img loading=\"lazy\" decoding=\"async\" width=\"1000\" height=\"449\" src=\"https:\/\/www.quartix.com\/content\/uploads\/2023\/06\/Rural-road-vehicle-tracking-1.jpg\" class=\"\" alt=\"\" srcset=\"https:\/\/www.quartix.com\/content\/uploads\/2023\/06\/Rural-road-vehicle-tracking-1.jpg 1000w, https:\/\/www.quartix.com\/content\/uploads\/2023\/06\/Rural-road-vehicle-tracking-1-300x135.jpg 300w, https:\/\/www.quartix.com\/content\/uploads\/2023\/06\/Rural-road-vehicle-tracking-1-768x345.jpg 768w\" sizes=\"auto, (max-width: 1000px) 100vw, 1000px\" \/>                <div class=\"hero-overlay\"><\/div>\r\n            \r\n\r\n\r\n    <div class=\"hero-content \">\r\n        <div class=\"inner limited-width\">\r\n                                                <p class=\"title stylelikeh1\">\u00c9co-conduite :<\/br>Le guide du conducteur<\/p>\r\n                                <p class=\"text\">Expliquez \u00e0 vos conducteurs comment obtenir une meilleure \u00e9conomie de carburant pour votre entreprise en modifiant l\u00e9g\u00e8rement leur fa\u00e7on de conduire<\/p>                                        <div class=\"buttons\">\r\n                    <a href=\"https:\/\/go.marketing.quartix.com\/Guide_Ecoconduite\" class=\"btn btn-green btn-inline\" target=\"_blank\" title=\"T\u00c9L\u00c9CHARGER LE GUIDE\">T\u00c9L\u00c9CHARGER LE GUIDE<\/a>\r\n                <\/div>\r\n                    <\/div>\r\n    <\/div>\r\n<\/div>\n\n\r\n<div   class=\"hero-block smallhero\">\r\n            <div class=\"hero-overlay whitebg\"><\/div>\r\n    \r\n\r\n\r\n    <div class=\"hero-content whitebg noimage\">\r\n        <div class=\"inner\">\r\n                            <p class=\"title stylelikeh3\">Une meilleure efficacit\u00e9 \u00e9nerg\u00e9tique commence par un changement de mentalit\u00e9<\/p>                <div class=\"author\"><p>L&#8217;\u00e9co-conduite n\u00e9cessite r\u00e9flexion, planification et prise de conscience. Apprenez \u00e0 encourager des trajets plus intelligents et plus s\u00fbrs pour votre flotte.<\/p>\n<\/div>                                        <div class=\"buttons\">\r\n                    <a href=\"https:\/\/go.marketing.quartix.com\/Guide_Ecoconduite\" class=\"btn btn-green btn-inline\" target=\"_blank\" title=\"T\u00c9L\u00c9CHARGER LE GUIDE\">T\u00c9L\u00c9CHARGER LE GUIDE<\/a>\r\n                <\/div>\r\n                    <\/div>\r\n    <\/div>\r\n<\/div>\n\n<section class=\"qtx-pagebuilder-section countups qtx-pagebuilder-section-counters  \">\r\n        <div class=\"countup first\">\r\n            <p class=\"pretext\">Les pneus sous-gonfl\u00e9s consomment <\/p>\r\n            <p class=\"value\" id=\"cid9863820771\">5<\/p>\r\n            <p class=\"posttext\">% de carburant en plus<\/p>\r\n        <\/div>\r\n        <div class=\"countup\">\r\n            <p class=\"pretext\">Changez de vitesse \u00e0 <\/p>\r\n            <p class=\"value\" id=\"cid9863820772\">2500<\/p>\r\n            <p class=\"posttext\">tours\/minute<\/p>\r\n        <\/div>\r\n        <div class=\"countup\">\r\n            <p class=\"pretext\">Lors d&#8217;un arr\u00eat de plus de <\/p>\r\n            <p class=\"value\" id=\"cid9863820773\">20<\/p>\r\n            <p class=\"posttext\">secondes, coupez le moteur<\/p>\r\n    <\/div>\r\n<\/section>\r\n\r\n<script nonce=\"\" nonce=\"\">\r\n\r\n    jQuery(function($) {\r\n        $( document ).ready(function(){\r\n            var countercontroller986382077 = new ScrollMagic.Controller();\r\n\r\n                                var options = {\r\n                        useEasing: true,\r\n                        useGrouping: true,\r\n                        separator: ' ',\r\n                        decimal: ',',\r\n                        suffix: ''\r\n                    };\r\n                \r\n            let c1countup= new CountUp('cid9863820771', 0, 5,0,2,options);\r\n\t\t\tvar c1scene = new ScrollMagic.Scene({\r\n                triggerElement: \"#cid9863820771\",\r\n                triggerHook: 'onEnter',\r\n\t\t\t})\r\n\t\t\t.addTo(countercontroller986382077);\r\n            c1scene.on(\"enter\", function (event) {\r\n                if (!c1countup.error) {\r\n                \u2003\u2003c1countup.start();\r\n                } else {\r\n                \u2003\u2003console.error(c1countup.error);\r\n                }\r\n            });\r\n\r\n            let c2countup= new CountUp('cid9863820772', 0, 2500,0,2,options);\r\n\t\t\tvar c2scene = new ScrollMagic.Scene({\r\n                triggerElement: \"#cid9863820772\",\r\n                triggerHook: 'onEnter',\r\n\t\t\t})\r\n\t\t\t.addTo(countercontroller986382077);\r\n            c2scene.on(\"enter\", function (event) {\r\n                if (!c2countup.error) {\r\n                \u2003\u2003c2countup.start();\r\n                } else {\r\n                \u2003\u2003console.error(c2countup.error);\r\n                }\r\n            });\r\n\r\n            let c3countup= new CountUp('cid9863820773', 0, 20,0,2,options);\r\n\t\t\tvar c3scene = new ScrollMagic.Scene({\r\n                triggerElement: \"#cid9863820773\",\r\n                triggerHook: 'onEnter',\r\n\t\t\t})\r\n\t\t\t.addTo(countercontroller986382077);\r\n            c3scene.on(\"enter\", function (event) {\r\n                if (!c3countup.error) {\r\n                \u2003\u2003c3countup.start();\r\n                } else {\r\n                \u2003\u2003console.error(c3countup.error);\r\n                }\r\n            });\r\n        })  \r\n    })\r\n            <\/script>\n\n\r\n\r\n        <div  class=\"landingpageouter\" style=\"background-color:#ffffff ;\">\r\n        <div class=\"landingpagecolsblock twocols4060 \">\r\n            <div class=\"col1\">\r\n                <p class=\"pre-title\">POURQUOI L&#8217; \u00c9CO-CONDUITE ?<\/p>                <h2 class=\"\">Des \u00e9conomies substantielles pour les flottes<\/h2>                <div class='wysiwyg'><p>Il a \u00e9t\u00e9 prouv\u00e9 que l&#8217;adoption d&#8217;un meilleur style de conduite permet de r\u00e9duire les co\u00fbts des flottes, en diminuant la consommation de carburant et les co\u00fbts d&#8217;entretien des v\u00e9hicules, tout en r\u00e9duisant le risque d&#8217;accidents. D\u00e9couvrez dans notre guide les techniques d&#8217;\u00e9co-conduite et comment cibler les comportements de conduite probl\u00e9matiques \u00e0 l&#8217;aide d&#8217;un syst\u00e8me de suivi de flotte.<\/p>\n<\/div>            <\/div>\r\n            <div class=\"col2\">\r\n                <div class=\"responsivemedia\"><img loading=\"lazy\" decoding=\"async\" width=\"640\" height=\"360\" src=\"https:\/\/www.quartix.com\/content\/uploads\/2023\/04\/Road-aerial-view-768x432.jpg\" class=\"\" alt=\"\" srcset=\"https:\/\/www.quartix.com\/content\/uploads\/2023\/04\/Road-aerial-view-768x432.jpg 768w, https:\/\/www.quartix.com\/content\/uploads\/2023\/04\/Road-aerial-view-300x169.jpg 300w, https:\/\/www.quartix.com\/content\/uploads\/2023\/04\/Road-aerial-view.jpg 1000w\" sizes=\"auto, (max-width: 640px) 100vw, 640px\" \/><\/div>            <\/div>\r\n                        <\/div>\r\n    <\/div>\r\n\r\n\r\n\n\n\r\n\r\n        <div  class=\"landingpageouter\" style=\"background-color:#efefef ;\">\r\n        <div class=\"landingpagecolsblock twocols4060 swap-content\">\r\n            <div class=\"col1\">\r\n                <p class=\"pre-title\">POURQUOI L&#8217;\u00c9CO-CONDUITE ?<\/p>                <h2 class=\"\">R\u00e9duction de l&#8217;impact sur l&#8217;environnement<\/h2>                <div class='wysiwyg'><p>L&#8217;\u00e9co-conduite permet de minimiser l&#8217;impact environnemental de votre entreprise en r\u00e9duisant les \u00e9missions de votre flotte. Un syst\u00e8me de suivi de v\u00e9hicules peut vous aider \u00e0 surveiller les \u00e9missions de votre flotte et voir quelle est la diff\u00e9rence apport\u00e9e.<\/p>\n<\/div>            <\/div>\r\n            <div class=\"col2\">\r\n                <div class=\"responsivemedia\"><img loading=\"lazy\" decoding=\"async\" width=\"300\" height=\"300\" src=\"https:\/\/www.quartix.com\/content\/uploads\/2024\/07\/fr-us-motorway-image-1-300x300-1.png\" class=\"\" alt=\"\" srcset=\"https:\/\/www.quartix.com\/content\/uploads\/2024\/07\/fr-us-motorway-image-1-300x300-1.png 300w, https:\/\/www.quartix.com\/content\/uploads\/2024\/07\/fr-us-motorway-image-1-300x300-1-150x150.png 150w\" sizes=\"auto, (max-width: 300px) 100vw, 300px\" \/><\/div>            <\/div>\r\n                        <\/div>\r\n    <\/div>\r\n\r\n\r\n\n\n\r\n\r\n        <div  class=\"landingpageouter\" style=\"background-color:#f8f8f8 ;\">\r\n        <div class=\"landingpagecolsblock twocols4060 \">\r\n            <div class=\"col1\">\r\n                <p class=\"pre-title\">POURQUOI L&#8217;\u00c9CO-CONDUITE ?<\/p>                <h2 class=\"\">Une flotte plus s\u00fbre<\/h2>                <div class='wysiwyg'><p>L&#8217;application des techniques d&#8217;\u00e9co-conduite d\u00e9crites dans ce guide aidera vos conducteurs \u00e0 circuler sur les routes de mani\u00e8re plus s\u00fbre et plus \u00e9conome en carburant. L&#8217;acc\u00e9l\u00e9ration et le freinage progressifs minimisent les risques, et les compagnies d&#8217;assurance favorisent les entreprises qui peuvent d\u00e9montrer que leur flotte a un bon style de conduite.<\/p>\n<\/div>            <\/div>\r\n            <div class=\"col2\">\r\n                <div class=\"responsivemedia\"><img loading=\"lazy\" decoding=\"async\" width=\"640\" height=\"273\" src=\"https:\/\/www.quartix.com\/content\/uploads\/2024\/06\/UK-traffic-aerial-view-transport-768x328.png\" class=\"\" alt=\"UK-traffic-aerial-view-transport\" srcset=\"https:\/\/www.quartix.com\/content\/uploads\/2024\/06\/UK-traffic-aerial-view-transport-768x328.png 768w, https:\/\/www.quartix.com\/content\/uploads\/2024\/06\/UK-traffic-aerial-view-transport-300x128.png 300w, https:\/\/www.quartix.com\/content\/uploads\/2024\/06\/UK-traffic-aerial-view-transport-1000x427.png 1000w, https:\/\/www.quartix.com\/content\/uploads\/2024\/06\/UK-traffic-aerial-view-transport.png 1080w\" sizes=\"auto, (max-width: 640px) 100vw, 640px\" \/><\/div>            <\/div>\r\n                        <\/div>\r\n    <\/div>\r\n\r\n\r\n\n\n\n<div class=\"wp-block-columns is-layout-flex wp-container-core-columns-is-layout-28f84493 wp-block-columns-is-layout-flex\">\n<div class=\"wp-block-column is-layout-flow wp-block-column-is-layout-flow\">\n<h2 class=\"wp-block-heading\">Encouragez vos conducteurs \u00e0 adopter de meilleures techniques<\/h2>\n\n\n\n<p>Explorez les avantages de l&#8217;\u00e9co-conduite et mettez en place de bonnes pratiques pour vos conducteurs qui les aideront \u00e0 conduire de mani\u00e8re plus efficace, plus s\u00fbre et plus rentable.<\/p>\n\n\n    <div class=\"button-container \">\r\n<a href=\"https:\/\/go.marketing.quartix.com\/Guide_Ecoconduite\" class=\"btn pagebuilder-btn btn-green btn-\" title=\"T\u00c9L\u00c9CHARGER LE GUIDE\" target=\"_blank\">T\u00c9L\u00c9CHARGER LE GUIDE<\/a>\r\n<\/div>\r\n<\/div>\n\n\n\n<div class=\"wp-block-column is-layout-flow wp-block-column-is-layout-flow\">\n<figure class=\"wp-block-image size-full is-resized\"><img loading=\"lazy\" decoding=\"async\" width=\"545\" height=\"650\" src=\"https:\/\/www.quartix.com\/content\/uploads\/2024\/07\/fr-eco-guide.png\" alt=\"\" class=\"wp-image-107054\" style=\"width:361px;height:auto\" srcset=\"https:\/\/www.quartix.com\/content\/uploads\/2024\/07\/fr-eco-guide.png 545w, https:\/\/www.quartix.com\/content\/uploads\/2024\/07\/fr-eco-guide-252x300.png 252w\" sizes=\"auto, (max-width: 545px) 100vw, 545px\" \/><\/figure>\n<\/div>\n<\/div>\n","protected":false},"excerpt":{"rendered":"<p>Encouragez vos conducteurs \u00e0 adopter de meilleures techniques Explorez les avantages de l&#8217;\u00e9co-conduite et mettez en place de bonnes pratiques pour vos conducteurs qui les aideront \u00e0 conduire de mani\u00e8re plus efficace, plus s\u00fbre et plus rentable.<\/p>\n","protected":false},"author":12,"featured_media":83719,"parent":0,"menu_order":3418,"comment_status":"closed","ping_status":"closed","template":"templates\/landing-pagebuilder.php","meta":{"_acf_changed":false,"inline_featured_image":false,"footnotes":""},"topic":[1936],"qtx_campaign":[],"class_list":["post-55922","page","type-page","status-publish","has-post-thumbnail","hentry","topic-durabilite"],"acf":[],"yoast_head":"<!-- This site is optimized with the Yoast SEO Premium plugin v27.3 (Yoast SEO v27.3) - https:\/\/yoast.com\/product\/yoast-seo-premium-wordpress\/ -->\n<title>Guide \u00e9co-conduite pour entreprise | G\u00e9olocalisation de v\u00e9hicules - FR<\/title>\n<meta name=\"description\" content=\"Quartix publie un guide \u00e9co-conduite \u00e0 l\u2019usage des chefs d\u2019entreprise et gestionnaires de flotte. D\u00e9couvrez les bonnes pratiques \u00e0 adopter et les avantages.\" \/>\n<meta name=\"robots\" content=\"index, follow, max-snippet:-1, max-image-preview:large, max-video-preview:-1\" \/>\n<link rel=\"canonical\" href=\"https:\/\/www.quartix.com\/fr-fr\/guide-eco-conduite-entreprise\/\" \/>\n<meta property=\"og:locale\" content=\"fr_FR\" \/>\n<meta property=\"og:type\" content=\"article\" \/>\n<meta property=\"og:title\" content=\"Guide \u00c9co-Conduite pour Entreprise\" \/>\n<meta property=\"og:description\" content=\"Quartix publie un guide \u00e9co-conduite \u00e0 l\u2019usage des chefs d\u2019entreprise et gestionnaires de flotte. D\u00e9couvrez les bonnes pratiques \u00e0 adopter et les avantages.\" \/>\n<meta property=\"og:url\" content=\"https:\/\/www.quartix.com\/fr-fr\/guide-eco-conduite-entreprise\/\" \/>\n<meta property=\"og:site_name\" content=\"Quartix\" \/>\n<meta property=\"article:publisher\" content=\"https:\/\/www.facebook.com\/Quartix-USA-374426386097401\/\" \/>\n<meta property=\"article:modified_time\" content=\"2024-07-03T09:50:37+00:00\" \/>\n<meta property=\"og:image\" content=\"https:\/\/www.quartix.com\/content\/uploads\/2020\/04\/Driver-at-wheel.jpg\" \/>\n\t<meta property=\"og:image:width\" content=\"1000\" \/>\n\t<meta property=\"og:image:height\" content=\"667\" \/>\n\t<meta property=\"og:image:type\" content=\"image\/jpeg\" \/>\n<meta name=\"twitter:card\" content=\"summary_large_image\" \/>\n<meta name=\"twitter:site\" content=\"@QuartixUSA\" \/>\n<meta name=\"twitter:label1\" content=\"Est. reading time\" \/>\n\t<meta name=\"twitter:data1\" content=\"3 minutes\" \/>\n<!-- \/ Yoast SEO Premium plugin. -->","yoast_head_json":{"title":"Guide \u00e9co-conduite pour entreprise | G\u00e9olocalisation de v\u00e9hicules - FR","description":"Quartix publie un guide \u00e9co-conduite \u00e0 l\u2019usage des chefs d\u2019entreprise et gestionnaires de flotte. D\u00e9couvrez les bonnes pratiques \u00e0 adopter et les avantages.","robots":{"index":"index","follow":"follow","max-snippet":"max-snippet:-1","max-image-preview":"max-image-preview:large","max-video-preview":"max-video-preview:-1"},"canonical":"https:\/\/www.quartix.com\/fr-fr\/guide-eco-conduite-entreprise\/","og_locale":"fr_FR","og_type":"article","og_title":"Guide \u00c9co-Conduite pour Entreprise","og_description":"Quartix publie un guide \u00e9co-conduite \u00e0 l\u2019usage des chefs d\u2019entreprise et gestionnaires de flotte. D\u00e9couvrez les bonnes pratiques \u00e0 adopter et les avantages.","og_url":"https:\/\/www.quartix.com\/fr-fr\/guide-eco-conduite-entreprise\/","og_site_name":"Quartix","article_publisher":"https:\/\/www.facebook.com\/Quartix-USA-374426386097401\/","article_modified_time":"2024-07-03T09:50:37+00:00","og_image":[{"width":1000,"height":667,"url":"https:\/\/www.quartix.com\/content\/uploads\/2020\/04\/Driver-at-wheel.jpg","type":"image\/jpeg"}],"twitter_card":"summary_large_image","twitter_site":"@QuartixUSA","twitter_misc":{"Est. reading time":"3 minutes"},"schema":{"@context":"https:\/\/schema.org","@graph":[{"@type":"WebPage","@id":"https:\/\/www.quartix.com\/fr-fr\/guide-eco-conduite-entreprise\/","url":"https:\/\/www.quartix.com\/fr-fr\/guide-eco-conduite-entreprise\/","name":"Guide \u00e9co-conduite pour entreprise | G\u00e9olocalisation de v\u00e9hicules","isPartOf":{"@id":"https:\/\/www.quartix.com\/fr-fr\/#website"},"primaryImageOfPage":{"@id":"https:\/\/www.quartix.com\/fr-fr\/guide-eco-conduite-entreprise\/#primaryimage"},"image":{"@id":"https:\/\/www.quartix.com\/fr-fr\/guide-eco-conduite-entreprise\/#primaryimage"},"thumbnailUrl":"https:\/\/www.quartix.com\/content\/uploads\/2020\/04\/Driver-at-wheel.jpg","datePublished":"2021-05-12T11:57:27+00:00","dateModified":"2024-07-03T09:50:37+00:00","description":"Quartix publie un guide \u00e9co-conduite \u00e0 l\u2019usage des chefs d\u2019entreprise et gestionnaires de flotte. D\u00e9couvrez les bonnes pratiques \u00e0 adopter et les avantages.","breadcrumb":{"@id":"https:\/\/www.quartix.com\/fr-fr\/guide-eco-conduite-entreprise\/#breadcrumb"},"inLanguage":"fr-FR","potentialAction":[{"@type":"ReadAction","target":["https:\/\/www.quartix.com\/fr-fr\/guide-eco-conduite-entreprise\/"]}]},{"@type":"ImageObject","inLanguage":"fr-FR","@id":"https:\/\/www.quartix.com\/fr-fr\/guide-eco-conduite-entreprise\/#primaryimage","url":"https:\/\/www.quartix.com\/content\/uploads\/2020\/04\/Driver-at-wheel.jpg","contentUrl":"https:\/\/www.quartix.com\/content\/uploads\/2020\/04\/Driver-at-wheel.jpg","width":1000,"height":667,"caption":"Euro Truck Driving. Modern Semi Truck Cabin Interior. Caucasian Trucker Placing Hand on a Steering Wheel."},{"@type":"BreadcrumbList","@id":"https:\/\/www.quartix.com\/fr-fr\/guide-eco-conduite-entreprise\/#breadcrumb","itemListElement":[{"@type":"ListItem","position":1,"name":"Accueil","item":"https:\/\/www.quartix.com\/fr-fr\/"},{"@type":"ListItem","position":2,"name":"Guide \u00c9co-Conduite pour Entreprise"}]},{"@type":"WebSite","@id":"https:\/\/www.quartix.com\/fr-fr\/#website","url":"https:\/\/www.quartix.com\/fr-fr\/","name":"Quartix","description":"Real-time vehicle tracking","publisher":{"@id":"https:\/\/www.quartix.com\/fr-fr\/#organization"},"potentialAction":[{"@type":"SearchAction","target":{"@type":"EntryPoint","urlTemplate":"https:\/\/www.quartix.com\/fr-fr\/?s={search_term_string}"},"query-input":{"@type":"PropertyValueSpecification","valueRequired":true,"valueName":"search_term_string"}}],"inLanguage":"fr-FR"},{"@type":"Organization","@id":"https:\/\/www.quartix.com\/fr-fr\/#organization","name":"Quartix","url":"https:\/\/www.quartix.com\/fr-fr\/","logo":{"@type":"ImageObject","inLanguage":"fr-FR","@id":"https:\/\/www.quartix.com\/fr-fr\/#\/schema\/logo\/image\/","url":"https:\/\/www.quartix.com\/content\/uploads\/2019\/02\/quartix-logo-eur.svg","contentUrl":"https:\/\/www.quartix.com\/content\/uploads\/2019\/02\/quartix-logo-eur.svg","width":1,"height":1,"caption":"Quartix"},"image":{"@id":"https:\/\/www.quartix.com\/fr-fr\/#\/schema\/logo\/image\/"},"sameAs":["https:\/\/www.facebook.com\/Quartix-USA-374426386097401\/","https:\/\/x.com\/QuartixUSA","https:\/\/www.linkedin.com\/company\/5346733\/","https:\/\/www.youtube.com\/channel\/UCzS-_GMfHF4kWiCheyIRrAQ"]}]}},"_links":{"self":[{"href":"https:\/\/www.quartix.com\/fr-fr\/wp-json\/wp\/v2\/pages\/55922","targetHints":{"allow":["GET"]}}],"collection":[{"href":"https:\/\/www.quartix.com\/fr-fr\/wp-json\/wp\/v2\/pages"}],"about":[{"href":"https:\/\/www.quartix.com\/fr-fr\/wp-json\/wp\/v2\/types\/page"}],"author":[{"embeddable":true,"href":"https:\/\/www.quartix.com\/fr-fr\/wp-json\/wp\/v2\/users\/12"}],"replies":[{"embeddable":true,"href":"https:\/\/www.quartix.com\/fr-fr\/wp-json\/wp\/v2\/comments?post=55922"}],"version-history":[{"count":0,"href":"https:\/\/www.quartix.com\/fr-fr\/wp-json\/wp\/v2\/pages\/55922\/revisions"}],"wp:featuredmedia":[{"embeddable":true,"href":"https:\/\/www.quartix.com\/fr-fr\/wp-json\/wp\/v2\/media\/83719"}],"wp:attachment":[{"href":"https:\/\/www.quartix.com\/fr-fr\/wp-json\/wp\/v2\/media?parent=55922"}],"wp:term":[{"taxonomy":"topic","embeddable":true,"href":"https:\/\/www.quartix.com\/fr-fr\/wp-json\/wp\/v2\/topic?post=55922"},{"taxonomy":"qtx_campaign","embeddable":true,"href":"https:\/\/www.quartix.com\/fr-fr\/wp-json\/wp\/v2\/qtx_campaign?post=55922"}],"curies":[{"name":"wp","href":"https:\/\/api.w.org\/{rel}","templated":true}]}}