{"id":56060,"date":"2021-05-12T15:36:30","date_gmt":"2021-05-12T14:36:30","guid":{"rendered":" https:\/\/www.quartix.com\/?page_id=56060"},"modified":"2022-11-28T10:20:41","modified_gmt":"2022-11-28T09:20:41","slug":"une-solution-adaptee-a-vos-besoins","status":"publish","type":"page","link":"https:\/\/www.quartix.com\/fr-fr\/une-solution-adaptee-a-vos-besoins\/","title":{"rendered":"G\u00e9olocalisation de v\u00e9hicules : une solution adapt\u00e9e \u00e0 vos besoins"},"content":{"rendered":"\n<div class=\"wp-block-columns is-layout-flex wp-container-core-columns-is-layout-28f84493 wp-block-columns-is-layout-flex\">\n<div class=\"wp-block-column is-layout-flow wp-block-column-is-layout-flow\">\n<h2 class=\"wp-block-heading\" id=\"les-avantages-quartix\">Les avantages Quartix<\/h2>\n\n\n\r\n<section  class=\"qtx-pagebuilder-section qtx-pagebuilder-section-list \">\r\n<ul class='ticks fa-ul' style=''><li><span class='fa-li'><i class='fas fa-check-circle'><\/i><\/span>Contrats annuels<\/li><li><span class='fa-li'><i class='fas fa-check-circle'><\/i><\/span>Sans reconduction tacite<\/li><li><span class='fa-li'><i class='fas fa-check-circle'><\/i><\/span>Application mobile gratuite<\/li><li><span class='fa-li'><i class='fas fa-check-circle'><\/i><\/span>Service client exceptionnel<\/li><\/ul><\/section>\n\n\n<figure class=\"wp-block-image\"><img decoding=\"async\" src=\" https:\/\/www.quartix.com\/content\/uploads\/2021\/05\/FR-table-FR-new.jpg\" alt=\"\"\/><\/figure>\n\n\n\n<p>* Offre valable jusqu\u2019au 31 d\u00e9cembre 2022 sur contrats \u00e0 partir de deux ans d&#8217;abonnement<\/p>\n<\/div>\n\n\n\n<div class=\"wp-block-column is-layout-flow wp-block-column-is-layout-flow\">\n<h2 class=\"wp-block-heading\" id=\"profitez-de-cette-offre-speciale-des-aujourd-hui\">Profitez de cette offre sp\u00e9ciale d\u00e8s aujourd\u2019hui<\/h2>\n\n\n\n<div class=\"wpcf7 no-js\" id=\"wpcf7-f71522-o1\" lang=\"fr-FR\" dir=\"ltr\" data-wpcf7-id=\"71522\">\n<div class=\"screen-reader-response\"><p role=\"status\" aria-live=\"polite\" aria-atomic=\"true\"><\/p> <ul><\/ul><\/div>\n<form action=\"\/fr-fr\/wp-json\/wp\/v2\/pages\/56060#wpcf7-f71522-o1\" method=\"post\" class=\"wpcf7-form init\" aria-label=\"Contact form\" novalidate=\"novalidate\" data-status=\"init\">\n<fieldset class=\"hidden-fields-container\"><input type=\"hidden\" name=\"_wpcf7\" value=\"71522\" \/><input type=\"hidden\" name=\"_wpcf7_version\" value=\"6.1.5\" \/><input type=\"hidden\" name=\"_wpcf7_locale\" value=\"fr_FR\" \/><input type=\"hidden\" name=\"_wpcf7_unit_tag\" value=\"wpcf7-f71522-o1\" \/><input type=\"hidden\" name=\"_wpcf7_container_post\" value=\"0\" \/><input type=\"hidden\" name=\"_wpcf7_posted_data_hash\" value=\"\" \/><input type=\"hidden\" name=\"_wpcf7cf_hidden_group_fields\" value=\"[]\" \/><input type=\"hidden\" name=\"_wpcf7cf_hidden_groups\" value=\"[]\" \/><input type=\"hidden\" name=\"_wpcf7cf_visible_groups\" value=\"[]\" \/><input type=\"hidden\" name=\"_wpcf7cf_repeaters\" value=\"[]\" \/><input type=\"hidden\" name=\"_wpcf7cf_steps\" value=\"{}\" \/><input type=\"hidden\" name=\"_wpcf7cf_options\" value=\"{&quot;form_id&quot;:71522,&quot;conditions&quot;:[],&quot;settings&quot;:{&quot;animation&quot;:&quot;yes&quot;,&quot;animation_intime&quot;:200,&quot;animation_outtime&quot;:200,&quot;conditions_ui&quot;:&quot;normal&quot;,&quot;notice_dismissed&quot;:false,&quot;notice_dismissed_update-cf7-6.0&quot;:true,&quot;notice_dismissed_update-cf7-6.0.1&quot;:true,&quot;notice_dismissed_update-cf7-6.0.2&quot;:true,&quot;notice_dismissed_rollback-cf7-6.0.5&quot;:true}}\" \/><input type=\"hidden\" name=\"_wpcf7_recaptcha_response\" value=\"\" \/>\n<\/fieldset>\n<div class=\"input-wrapper\"><span class=\"icon icon-face\"><\/span><span class=\"wpcf7-form-control-wrap\" data-name=\"first_name\"><input size=\"40\" maxlength=\"400\" class=\"wpcf7-form-control wpcf7-text wpcf7-validates-as-required\" aria-required=\"true\" aria-invalid=\"false\" placeholder=\"Pr\u00e9nom *\" value=\"\" type=\"text\" name=\"first_name\" \/><\/span><span class=\"wpcf7-form-control-wrap\" data-name=\"last_name\"><input size=\"40\" maxlength=\"400\" class=\"wpcf7-form-control wpcf7-text wpcf7-validates-as-required\" aria-required=\"true\" aria-invalid=\"false\" placeholder=\"Nom *\" value=\"\" type=\"text\" name=\"last_name\" \/><\/span><\/div>\n<div class=\"input-wrapper\"><span class=\"icon icon-envelope\"><\/span><span class=\"wpcf7-form-control-wrap\" data-name=\"email\"><input size=\"40\" maxlength=\"400\" class=\"wpcf7-form-control wpcf7-email wpcf7-validates-as-required wpcf7-text wpcf7-validates-as-email\" aria-required=\"true\" aria-invalid=\"false\" placeholder=\"Email *\" value=\"\" type=\"email\" name=\"email\" \/><\/span><\/div>\n<div class=\"input-wrapper\"><span class=\"icon icon-company\"><\/span><span class=\"wpcf7-form-control-wrap\" data-name=\"company\"><input size=\"40\" maxlength=\"400\" class=\"wpcf7-form-control wpcf7-text\" aria-invalid=\"false\" placeholder=\"Soci\u00e9t\u00e9 *\" value=\"\" type=\"text\" name=\"company\" \/><\/span><\/div>\n<div class=\"input-wrapper\"><span class=\"icon icon-telephone\"><\/span><span class=\"wpcf7-form-control-wrap\" data-name=\"phone\"><input size=\"40\" maxlength=\"400\" class=\"wpcf7-form-control wpcf7-tel wpcf7-text wpcf7-validates-as-tel\" aria-invalid=\"false\" placeholder=\"T\u00e9l\u00e9phone *\" value=\"\" type=\"tel\" name=\"phone\" \/><\/span><\/div>\n<div class=\"input-wrapper\"><span class=\"icon icon-vehicles\"><\/span><span class=\"wpcf7-form-control-wrap\" data-name=\"number_of_vehicles\"><input class=\"wpcf7-form-control wpcf7-number wpcf7-validates-as-number\" min=\"1\" aria-invalid=\"false\" placeholder=\"Taille de votre flotte *\" value=\"\" type=\"number\" name=\"number_of_vehicles\" \/><\/span><\/div>\n<input type=\"hidden\" name=\"thankyouURL\" value=\"\/fr-fr\/merci-offre-speciale\/\" class=\"wpcf7-form-control wpcf7-hidden\" id=\"thankyouURL\">\n<input class=\"wpcf7-form-control wpcf7-hidden\" value=\"\" type=\"hidden\" name=\"pardot_extra_field\" \/>\n<input type=\"hidden\" name=\"page_title\" value=\"No post title\" class=\"wpcf7-form-control wpcf7-hidden\">\n<div class=\"recatpcha-text\">Ce site est prot\u00e9g\u00e9 par reCAPTCHA et la <a href=\"https:\/\/policies.google.com\/privacy?hl=fr\">politique de confidentialit\u00e9<\/a> et les <a href=\"https:\/\/policies.google.com\/terms?hl=fr\">conditions d'utilisation<\/a> de Google s'appliquent.<\/div>\n<div class=\"input-wrapper\"><input class=\"wpcf7-form-control wpcf7-submit has-spinner icon-plane\" type=\"submit\" value=\"Appelez-moi\" \/><\/div><div class=\"wpcf7-response-output\" aria-hidden=\"true\"><\/div>\n<\/form>\n<\/div>\n\n<\/div>\n<\/div>\n\n\n\n<div class=\"wp-block-columns is-layout-flex wp-container-core-columns-is-layout-28f84493 wp-block-columns-is-layout-flex\">\n<div class=\"wp-block-column is-layout-flow wp-block-column-is-layout-flow\">\n<h2 class=\"wp-block-heading\" id=\"un-logiciel-qui-booste-l-efficacite-de-votre-flotte\">Un logiciel qui booste l\u2019efficacit\u00e9 de votre flotte<\/h2>\n\n\n\r\n<section  class=\"qtx-pagebuilder-section qtx-pagebuilder-section-list \">\r\n<ul class='ticks fa-ul' style='0'><li><span class='fa-li'><i class='fas fa-check-circle'><\/i><\/span>Augmentez votre productivit\u00e9 et validez les horaires de vos \u00e9quipes<\/li><li><span class='fa-li'><i class='fas fa-check-circle'><\/i><\/span>Am\u00e9liorez les styles de conduite gr\u00e2ce \u00e0 des analyses et rapports d\u00e9taill\u00e9s<\/li><li><span class='fa-li'><i class='fas fa-check-circle'><\/i><\/span>Sachez quand les conducteurs entrent ou quittent des zones d\u00e9finies<\/li><li><span class='fa-li'><i class='fas fa-check-circle'><\/i><\/span>Personnalisez les donn\u00e9es de localisation et recevez des alertes par email<\/li><li><span class='fa-li'><i class='fas fa-check-circle'><\/i><\/span>Restez organis\u00e9 gr\u00e2ce aux rappels de maintenance int\u00e9gr\u00e9s<\/li><\/ul><\/section>\n\n    <div class=\"button-container \">\r\n<a href=\"#profitez-de-cette-offre-speciale-des-aujourd-hui\" class=\"btn pagebuilder-btn btn-green btn-\" title=\"Appelez-moi\" >Appelez-moi<\/a>\r\n<\/div>\r\n<\/div>\n\n\n\n<div class=\"wp-block-column is-layout-flow wp-block-column-is-layout-flow\">\n<p><a data-elementor-open-lightbox=\"yes\" data-elementor-lightbox-title=\"FR_laptop-and-phone-only_tracking_1020x754-1\" href=\" https:\/\/www.quartix.com\/content\/uploads\/2021\/05\/FR_laptop-and-phone-only_tracking_1020x754-1-1.png\"><img loading=\"lazy\" decoding=\"async\" sizes=\"auto, (max-width: 640px) 100vw, 640px\" srcset=\" https:\/\/www.quartix.com\/content\/uploads\/2021\/05\/FR_laptop-and-phone-only_tracking_1020x754-1-1.png 1000w,  https:\/\/www.quartix.com\/content\/uploads\/2021\/05\/FR_laptop-and-phone-only_tracking_1020x754-1-1-300x222.png 300w,  https:\/\/www.quartix.com\/content\/uploads\/2021\/05\/FR_laptop-and-phone-only_tracking_1020x754-1-1-768x568.png 768w\" width=\"640\" height=\"473\" src=\" https:\/\/www.quartix.com\/content\/uploads\/2021\/05\/FR_laptop-and-phone-only_tracking_1020x754-1-1.png\" alt=\"\"> <\/a><\/p>\n\n\n\n<p>*Essai gratuit disponible<\/p>\n<\/div>\n<\/div>\n\n\n\n<div class=\"wp-block-columns is-layout-flex wp-container-core-columns-is-layout-28f84493 wp-block-columns-is-layout-flex\">\n<div class=\"wp-block-column is-layout-flow wp-block-column-is-layout-flow\">\n<figure class=\"wp-block-image\"><img decoding=\"async\" src=\" https:\/\/www.quartix.com\/content\/uploads\/2019\/06\/save-euros-946x1000.png\" alt=\"\"\/><\/figure>\n<\/div>\n\n\n\n<div class=\"wp-block-column is-layout-flow wp-block-column-is-layout-flow\">\n<h2 class=\"wp-block-heading\" id=\"des-economies-rapides-et-concretes\">Des \u00e9conomies rapides et concr\u00e8tes<\/h2>\n\n\n\r\n<section  class=\"qtx-pagebuilder-section qtx-pagebuilder-section-list \">\r\n<ul class='ticks fa-ul' style=''><li><span class='fa-li'><i class='fas fa-check-circle'><\/i><\/span>25% d\u2019\u00e9conomies de carburant<\/li><li><span class='fa-li'><i class='fas fa-check-circle'><\/i><\/span>15% de productivit\u00e9 gagn\u00e9e<\/li><li><span class='fa-li'><i class='fas fa-check-circle'><\/i><\/span>10% de kilom\u00e8tres parcourus en moins<\/li><li><span class='fa-li'><i class='fas fa-check-circle'><\/i><\/span>15% d\u2019heures suppl\u00e9mentaires en moins<\/li><li><span class='fa-li'><i class='fas fa-check-circle'><\/i><\/span>20% d\u2019augmentation de l\u2019utilisation des v\u00e9hicules<\/li><\/ul><\/section>\n\n\n<p>*Frost &amp; Sullivan 2015<\/p>\n<\/div>\n<\/div>\n","protected":false},"excerpt":{"rendered":"<p>Les avantages Quartix * Offre valable jusqu\u2019au 31 d\u00e9cembre 2022 sur contrats \u00e0 partir de deux ans d&#8217;abonnement Profitez de cette offre sp\u00e9ciale d\u00e8s aujourd\u2019hui Un logiciel qui booste l\u2019efficacit\u00e9 de votre flotte *Essai gratuit disponible Des \u00e9conomies rapides et concr\u00e8tes *Frost &amp; Sullivan 2015<\/p>\n","protected":false},"author":12,"featured_media":0,"parent":0,"menu_order":6060,"comment_status":"closed","ping_status":"closed","template":"","meta":{"_acf_changed":false,"inline_featured_image":false,"footnotes":""},"topic":[],"qtx_campaign":[],"class_list":["post-56060","page","type-page","status-publish","hentry"],"acf":[],"yoast_head":"<!-- This site is optimized with the Yoast SEO Premium plugin v27.3 (Yoast SEO v27.3) - https:\/\/yoast.com\/product\/yoast-seo-premium-wordpress\/ -->\n<title>G\u00e9olocalisation de v\u00e9hicules 7,99\u20ac - FR<\/title>\n<meta name=\"robots\" content=\"noindex, nofollow\" \/>\n<meta property=\"og:locale\" content=\"fr_FR\" \/>\n<meta property=\"og:type\" content=\"article\" \/>\n<meta property=\"og:title\" content=\"G\u00e9olocalisation de v\u00e9hicules : une solution adapt\u00e9e \u00e0 vos besoins\" \/>\n<meta property=\"og:description\" content=\"Les avantages Quartix * Offre valable jusqu\u2019au 31 d\u00e9cembre 2022 sur contrats \u00e0 partir de deux ans d&#8217;abonnement Profitez de cette offre sp\u00e9ciale d\u00e8s aujourd\u2019hui Un logiciel qui booste l\u2019efficacit\u00e9 de votre flotte *Essai gratuit disponible Des \u00e9conomies rapides et concr\u00e8tes *Frost &amp; Sullivan 2015\" \/>\n<meta property=\"og:url\" content=\"https:\/\/www.quartix.com\/fr-fr\/une-solution-adaptee-a-vos-besoins\/\" \/>\n<meta property=\"og:site_name\" content=\"Quartix\" \/>\n<meta property=\"article:publisher\" content=\"https:\/\/www.facebook.com\/Quartix-USA-374426386097401\/\" \/>\n<meta property=\"article:modified_time\" content=\"2022-11-28T09:20:41+00:00\" \/>\n<meta name=\"twitter:card\" content=\"summary_large_image\" \/>\n<meta name=\"twitter:site\" content=\"@QuartixUSA\" \/>\n<meta name=\"twitter:label1\" content=\"Est. reading time\" \/>\n\t<meta name=\"twitter:data1\" content=\"1 minute\" \/>\n<!-- \/ Yoast SEO Premium plugin. -->","yoast_head_json":{"title":"G\u00e9olocalisation de v\u00e9hicules 7,99\u20ac - FR","robots":{"index":"noindex","follow":"nofollow"},"og_locale":"fr_FR","og_type":"article","og_title":"G\u00e9olocalisation de v\u00e9hicules : une solution adapt\u00e9e \u00e0 vos besoins","og_description":"Les avantages Quartix * Offre valable jusqu\u2019au 31 d\u00e9cembre 2022 sur contrats \u00e0 partir de deux ans d&#8217;abonnement Profitez de cette offre sp\u00e9ciale d\u00e8s aujourd\u2019hui Un logiciel qui booste l\u2019efficacit\u00e9 de votre flotte *Essai gratuit disponible Des \u00e9conomies rapides et concr\u00e8tes *Frost &amp; Sullivan 2015","og_url":"https:\/\/www.quartix.com\/fr-fr\/une-solution-adaptee-a-vos-besoins\/","og_site_name":"Quartix","article_publisher":"https:\/\/www.facebook.com\/Quartix-USA-374426386097401\/","article_modified_time":"2022-11-28T09:20:41+00:00","twitter_card":"summary_large_image","twitter_site":"@QuartixUSA","twitter_misc":{"Est. reading time":"1 minute"},"schema":{"@context":"https:\/\/schema.org","@graph":[{"@type":"WebPage","@id":"https:\/\/www.quartix.com\/fr-fr\/une-solution-adaptee-a-vos-besoins\/","url":"https:\/\/www.quartix.com\/fr-fr\/une-solution-adaptee-a-vos-besoins\/","name":"G\u00e9olocalisation de v\u00e9hicules 7,99\u20ac","isPartOf":{"@id":"https:\/\/www.quartix.com\/fr-fr\/#website"},"datePublished":"2021-05-12T14:36:30+00:00","dateModified":"2022-11-28T09:20:41+00:00","breadcrumb":{"@id":"https:\/\/www.quartix.com\/fr-fr\/une-solution-adaptee-a-vos-besoins\/#breadcrumb"},"inLanguage":"fr-FR","potentialAction":[{"@type":"ReadAction","target":["https:\/\/www.quartix.com\/fr-fr\/une-solution-adaptee-a-vos-besoins\/"]}]},{"@type":"BreadcrumbList","@id":"https:\/\/www.quartix.com\/fr-fr\/une-solution-adaptee-a-vos-besoins\/#breadcrumb","itemListElement":[{"@type":"ListItem","position":1,"name":"Accueil","item":"https:\/\/www.quartix.com\/fr-fr\/quartix-suivi-de-vehicules-en-temps-reel\/"},{"@type":"ListItem","position":2,"name":"G\u00e9olocalisation de v\u00e9hicules : une solution adapt\u00e9e \u00e0 vos besoins"}]},{"@type":"WebSite","@id":"https:\/\/www.quartix.com\/fr-fr\/#website","url":"https:\/\/www.quartix.com\/fr-fr\/","name":"Quartix","description":"Real-time vehicle tracking","publisher":{"@id":"https:\/\/www.quartix.com\/fr-fr\/#organization"},"potentialAction":[{"@type":"SearchAction","target":{"@type":"EntryPoint","urlTemplate":"https:\/\/www.quartix.com\/fr-fr\/?s={search_term_string}"},"query-input":{"@type":"PropertyValueSpecification","valueRequired":true,"valueName":"search_term_string"}}],"inLanguage":"fr-FR"},{"@type":"Organization","@id":"https:\/\/www.quartix.com\/fr-fr\/#organization","name":"Quartix","url":"https:\/\/www.quartix.com\/fr-fr\/","logo":{"@type":"ImageObject","inLanguage":"fr-FR","@id":"https:\/\/www.quartix.com\/fr-fr\/#\/schema\/logo\/image\/","url":"https:\/\/www.quartix.com\/content\/uploads\/2019\/02\/quartix-logo-eur.svg","contentUrl":"https:\/\/www.quartix.com\/content\/uploads\/2019\/02\/quartix-logo-eur.svg","width":1,"height":1,"caption":"Quartix"},"image":{"@id":"https:\/\/www.quartix.com\/fr-fr\/#\/schema\/logo\/image\/"},"sameAs":["https:\/\/www.facebook.com\/Quartix-USA-374426386097401\/","https:\/\/x.com\/QuartixUSA","https:\/\/www.linkedin.com\/company\/5346733\/","https:\/\/www.youtube.com\/channel\/UCzS-_GMfHF4kWiCheyIRrAQ"]}]}},"_links":{"self":[{"href":"https:\/\/www.quartix.com\/fr-fr\/wp-json\/wp\/v2\/pages\/56060","targetHints":{"allow":["GET"]}}],"collection":[{"href":"https:\/\/www.quartix.com\/fr-fr\/wp-json\/wp\/v2\/pages"}],"about":[{"href":"https:\/\/www.quartix.com\/fr-fr\/wp-json\/wp\/v2\/types\/page"}],"author":[{"embeddable":true,"href":"https:\/\/www.quartix.com\/fr-fr\/wp-json\/wp\/v2\/users\/12"}],"replies":[{"embeddable":true,"href":"https:\/\/www.quartix.com\/fr-fr\/wp-json\/wp\/v2\/comments?post=56060"}],"version-history":[{"count":0,"href":"https:\/\/www.quartix.com\/fr-fr\/wp-json\/wp\/v2\/pages\/56060\/revisions"}],"wp:attachment":[{"href":"https:\/\/www.quartix.com\/fr-fr\/wp-json\/wp\/v2\/media?parent=56060"}],"wp:term":[{"taxonomy":"topic","embeddable":true,"href":"https:\/\/www.quartix.com\/fr-fr\/wp-json\/wp\/v2\/topic?post=56060"},{"taxonomy":"qtx_campaign","embeddable":true,"href":"https:\/\/www.quartix.com\/fr-fr\/wp-json\/wp\/v2\/qtx_campaign?post=56060"}],"curies":[{"name":"wp","href":"https:\/\/api.w.org\/{rel}","templated":true}]}}