{"id":56121,"date":"2021-05-12T15:59:36","date_gmt":"2021-05-12T14:59:36","guid":{"rendered":"https:\/\/www.quartix.com\/?page_id=56121"},"modified":"2024-07-03T12:01:47","modified_gmt":"2024-07-03T11:01:47","slug":"guide-geolocalisation-vehicules-paysagistes","status":"publish","type":"page","link":"https:\/\/www.quartix.com\/fr-fr\/guide-geolocalisation-vehicules-paysagistes\/","title":{"rendered":"Guide de G\u00e9olocalisation pour Paysagistes"},"content":{"rendered":"\r\n<div   class=\"hero-block bighero\">\r\n    <img loading=\"lazy\" decoding=\"async\" width=\"1920\" height=\"795\" src=\"https:\/\/www.quartix.com\/content\/uploads\/2024\/02\/Quartix-Landscaping-banner.png\" class=\"\" alt=\"\" \/>                <div class=\"hero-overlay\"><\/div>\r\n            \r\n\r\n\r\n    <div class=\"hero-content \">\r\n        <div class=\"inner limited-width\">\r\n                                                <p class=\"title stylelikeh1\">Suivi des v\u00e9hicules pour les entreprises d&#8217;am\u00e9nagement paysager<\/p>\r\n                                <p class=\"text\">Profitez des avantages et des \u00e9conomies que le suivi des v\u00e9hicules peut apporter aux paysagistes tous les jours<\/p>                                        <div class=\"buttons\">\r\n                    <a href=\"https:\/\/go.marketing.quartix.com\/Guide_de_suivi_des_vehicules_pour_les_paysagistes\" class=\"btn btn-green btn-inline\" target=\"_blank\" title=\"T\u00c9L\u00c9CHARGER LE GUIDE\">T\u00c9L\u00c9CHARGER LE GUIDE<\/a>\r\n                <\/div>\r\n                    <\/div>\r\n    <\/div>\r\n<\/div>\n\n\r\n<div   class=\"hero-block smallhero landing-cta\">\r\n            <div class=\"hero-overlay whitebg\"><\/div>\r\n        <div class=\"hero-content whitebg noimage\">\r\n        <div class=\"inner\">\r\n            <h2 class=\"title\">Concentrez-vous sur l&#8217;essentiel de votre activit\u00e9 de paysagiste en utilisant la t\u00e9l\u00e9matique pour surveiller vos v\u00e9hicules<\/h2>            <div class=\"author\"><p>Dans ce guide, vous apprendrez comment votre syst\u00e8me de suivi de v\u00e9hicules peut aider votre entreprise d&#8217;am\u00e9nagement paysager :<\/p>\n<\/div>            <div class='landingctalist centrelist'><ul class='ticks fa-ul' style=''><li><span class='fa-li'><i class='fas fa-check-circle'><\/i><\/span>Augmenter la productivit\u00e9 gr\u00e2ce \u00e0 des donn\u00e9es de localisation en temps r\u00e9el<\/li><li><span class='fa-li'><i class='fas fa-check-circle'><\/i><\/span>Assurer une comptabilit\u00e9 pr\u00e9cise gr\u00e2ce \u00e0 des feuilles de temps d\u00e9taill\u00e9es<\/li><li><span class='fa-li'><i class='fas fa-check-circle'><\/i><\/span>Cr\u00e9er une culture de la s\u00e9curit\u00e9 gr\u00e2ce aux rapports sur le comportement des conducteurs<\/li><\/ul><\/div>            \r\n                            <div class=\"buttons\">\r\n                    <a href=\"https:\/\/go.marketing.quartix.com\/Guide_de_suivi_des_vehicules_pour_les_paysagistes\" class=\"btn btn-green\" target=\"_blank\" title=\"T\u00c9L\u00c9CHARGER LE GUIDE\">T\u00c9L\u00c9CHARGER LE GUIDE<\/a>\r\n                <\/div>\r\n                    <\/div>\r\n    <\/div>\r\n<\/div>\n\n\r\n\r\n        <div  class=\"landingpageouter\" style=\"background-color:#f8f8f8 ;\">\r\n        <div class=\"landingpagecolsblock twocols4060 \">\r\n            <div class=\"col1\">\r\n                <p class=\"pre-title\">John O&#8217;Conner Grounds Maintenance<\/p>                <h2 class=\"\">Matt O&#8217;Conner, directeur g\u00e9n\u00e9ral <\/h2>                <div class='wysiwyg'><p>&#8220;Nous constatons que la confiance de nos clients est renforc\u00e9e lorsque nous partageons avec eux le fait que nos v\u00e9hicules sont suivis par GPS. Les informations fournies par Quartix peuvent vraiment vous aider \u00e0 construire une bonne relation avec vos clients et \u00e0 renforcer la confiance.\u201d<\/p>\n<\/div>            <\/div>\r\n            <div class=\"col2\">\r\n                <div class=\"responsivemedia\"><img loading=\"lazy\" decoding=\"async\" width=\"640\" height=\"488\" src=\"https:\/\/www.quartix.com\/content\/uploads\/2018\/09\/john-oconner-featimg-768x586.jpg\" class=\"\" alt=\"\" srcset=\"https:\/\/www.quartix.com\/content\/uploads\/2018\/09\/john-oconner-featimg-768x586.jpg 768w, https:\/\/www.quartix.com\/content\/uploads\/2018\/09\/john-oconner-featimg-300x229.jpg 300w, https:\/\/www.quartix.com\/content\/uploads\/2018\/09\/john-oconner-featimg-1000x763.jpg 1000w, https:\/\/www.quartix.com\/content\/uploads\/2018\/09\/john-oconner-featimg.jpg 1416w\" sizes=\"auto, (max-width: 640px) 100vw, 640px\" \/><\/div>            <\/div>\r\n                        <\/div>\r\n    <\/div>\r\n\r\n\r\n\n\n\r\n\r\n        <div  class=\"landingpageouter\" style=\"background-color:#efefef ;\">\r\n        <div class=\"landingpagecolsblock twocols4060 swap-content\">\r\n            <div class=\"col1\">\r\n                <p class=\"pre-title\">Russell Landscape<\/p>                <h2 class=\"\">Will Dutton, directeur g\u00e9n\u00e9ral<\/h2>                <div class='wysiwyg'><p>&#8220;La mise en place du syst\u00e8me Quartix n&#8217;a pas \u00e9t\u00e9 un choc pour nos chauffeurs, car nous l&#8217;avons pr\u00e9sent\u00e9 comme un outil d&#8217;\u00e9conomie. Ces \u00e9conomies sont per\u00e7ues par nos chauffeurs gr\u00e2ce \u00e0 notre programme de participation aux b\u00e9n\u00e9fices. Si nous avons des accidents co\u00fbteux et des incidents li\u00e9s \u00e0 la vitesse, cela limite notre rendement et, par cons\u00e9quent, leur indemnisation.\u201d<\/p>\n<\/div>            <\/div>\r\n            <div class=\"col2\">\r\n                <div class=\"responsivemedia\"><img loading=\"lazy\" decoding=\"async\" width=\"500\" height=\"364\" src=\"https:\/\/www.quartix.com\/content\/uploads\/2022\/06\/will-dutton-of-russell-landscape.jpg\" class=\"\" alt=\"\" srcset=\"https:\/\/www.quartix.com\/content\/uploads\/2022\/06\/will-dutton-of-russell-landscape.jpg 500w, https:\/\/www.quartix.com\/content\/uploads\/2022\/06\/will-dutton-of-russell-landscape-300x218.jpg 300w\" sizes=\"auto, (max-width: 500px) 100vw, 500px\" \/><\/div>            <\/div>\r\n                        <\/div>\r\n    <\/div>\r\n\r\n\r\n\n\n\r\n<div   class=\"hero-block smallhero\">\r\n    <img loading=\"lazy\" decoding=\"async\" width=\"1920\" height=\"831\" src=\"https:\/\/www.quartix.com\/content\/uploads\/2024\/02\/Landscaping-banner.png\" class=\"\" alt=\"\" \/>                <div class=\"hero-overlay\"><\/div>\r\n            \r\n\r\n\r\n    <div class=\"hero-content \">\r\n        <div class=\"inner\">\r\n                            <p class=\"title stylelikeh3\">Fournir un excellent service d&#8217;am\u00e9nagement paysager tout en exploitant une flotte s\u00fbre et responsable<\/p>                                                        <div class=\"buttons\">\r\n                    <a href=\"https:\/\/go.marketing.quartix.com\/Guide_de_suivi_des_vehicules_pour_les_paysagistes\" class=\"btn btn-green btn-inline\" target=\"_blank\" title=\"T\u00c9L\u00c9CHARGER LE GUIDE\">T\u00c9L\u00c9CHARGER LE GUIDE<\/a>\r\n                <\/div>\r\n                    <\/div>\r\n    <\/div>\r\n<\/div>\n\n\n<div class=\"wp-block-columns is-layout-flex wp-container-core-columns-is-layout-28f84493 wp-block-columns-is-layout-flex\">\n<div class=\"wp-block-column is-layout-flow wp-block-column-is-layout-flow\">\n<h2 class=\"wp-block-heading\">Votre guide sur le suivi des v\u00e9hicules pour les entreprises d&#8217;am\u00e9nagement paysager<\/h2>\n\n\n\n<p>Gr\u00e2ce au suivi des v\u00e9hicules, votre entreprise d&#8217;am\u00e9nagement paysager peut fonctionner de mani\u00e8re s\u00fbre et efficace.<\/p>\n\n\n    <div class=\"button-container \">\r\n<a href=\"https:\/\/go.marketing.quartix.com\/Guide_de_suivi_des_vehicules_pour_les_paysagistes\" class=\"btn pagebuilder-btn btn-green btn-\" title=\"T\u00c9L\u00c9CHARGER LE GUIDE\" target=\"_blank\">T\u00c9L\u00c9CHARGER LE GUIDE<\/a>\r\n<\/div>\r\n<\/div>\n\n\n\n<div class=\"wp-block-column is-layout-flow wp-block-column-is-layout-flow\">\n<figure class=\"wp-block-image size-full is-resized\"><img loading=\"lazy\" decoding=\"async\" width=\"545\" height=\"650\" src=\"https:\/\/www.quartix.com\/content\/uploads\/2024\/07\/fr-landscaping-guide.png\" alt=\"\" class=\"wp-image-107165\" style=\"width:377px;height:auto\" srcset=\"https:\/\/www.quartix.com\/content\/uploads\/2024\/07\/fr-landscaping-guide.png 545w, https:\/\/www.quartix.com\/content\/uploads\/2024\/07\/fr-landscaping-guide-252x300.png 252w\" sizes=\"auto, (max-width: 545px) 100vw, 545px\" \/><\/figure>\n<\/div>\n<\/div>\n","protected":false},"excerpt":{"rendered":"<p>Votre guide sur le suivi des v\u00e9hicules pour les entreprises d&#8217;am\u00e9nagement paysager Gr\u00e2ce au suivi des v\u00e9hicules, votre entreprise d&#8217;am\u00e9nagement paysager peut fonctionner de mani\u00e8re s\u00fbre et efficace.<\/p>\n","protected":false},"author":12,"featured_media":56123,"parent":0,"menu_order":3404,"comment_status":"closed","ping_status":"closed","template":"templates\/landing-pagebuilder.php","meta":{"_acf_changed":false,"inline_featured_image":false,"footnotes":""},"topic":[],"qtx_campaign":[],"class_list":["post-56121","page","type-page","status-publish","has-post-thumbnail","hentry"],"acf":[],"yoast_head":"<!-- This site is optimized with the Yoast SEO Premium plugin v27.3 (Yoast SEO v27.3) - https:\/\/yoast.com\/product\/yoast-seo-premium-wordpress\/ -->\n<title>G\u00e9olocalisation de v\u00e9hicules pour Paysagistes : Guide Gratuit - FR<\/title>\n<meta name=\"description\" content=\"T\u00e9l\u00e9chargez le guide Quartix sp\u00e9cialement con\u00e7u pour les entreprises du Paysage et d\u00e9couvrez comment la g\u00e9olocalisation permet de r\u00e9duire les co\u00fbts.\" \/>\n<meta name=\"robots\" content=\"index, follow, max-snippet:-1, max-image-preview:large, max-video-preview:-1\" \/>\n<link rel=\"canonical\" href=\"https:\/\/www.quartix.com\/fr-fr\/guide-geolocalisation-vehicules-paysagistes\/\" \/>\n<meta property=\"og:locale\" content=\"fr_FR\" \/>\n<meta property=\"og:type\" content=\"article\" \/>\n<meta property=\"og:title\" content=\"Guide de G\u00e9olocalisation pour Paysagistes\" \/>\n<meta property=\"og:description\" content=\"T\u00e9l\u00e9chargez le guide Quartix sp\u00e9cialement con\u00e7u pour les entreprises du Paysage et d\u00e9couvrez comment la g\u00e9olocalisation permet de r\u00e9duire les co\u00fbts.\" \/>\n<meta property=\"og:url\" content=\"https:\/\/www.quartix.com\/fr-fr\/guide-geolocalisation-vehicules-paysagistes\/\" \/>\n<meta property=\"og:site_name\" content=\"Quartix\" \/>\n<meta property=\"article:publisher\" content=\"https:\/\/www.facebook.com\/Quartix-USA-374426386097401\/\" \/>\n<meta property=\"article:modified_time\" content=\"2024-07-03T11:01:47+00:00\" \/>\n<meta property=\"og:image\" content=\"https:\/\/www.quartix.com\/content\/uploads\/2021\/05\/FR-Landscaping.jpg\" \/>\n\t<meta property=\"og:image:width\" content=\"500\" \/>\n\t<meta property=\"og:image:height\" content=\"334\" \/>\n\t<meta property=\"og:image:type\" content=\"image\/jpeg\" \/>\n<meta name=\"twitter:card\" content=\"summary_large_image\" \/>\n<meta name=\"twitter:site\" content=\"@QuartixUSA\" \/>\n<meta name=\"twitter:label1\" content=\"Est. reading time\" \/>\n\t<meta name=\"twitter:data1\" content=\"3 minutes\" \/>\n<!-- \/ Yoast SEO Premium plugin. -->","yoast_head_json":{"title":"G\u00e9olocalisation de v\u00e9hicules pour Paysagistes : Guide Gratuit - FR","description":"T\u00e9l\u00e9chargez le guide Quartix sp\u00e9cialement con\u00e7u pour les entreprises du Paysage et d\u00e9couvrez comment la g\u00e9olocalisation permet de r\u00e9duire les co\u00fbts.","robots":{"index":"index","follow":"follow","max-snippet":"max-snippet:-1","max-image-preview":"max-image-preview:large","max-video-preview":"max-video-preview:-1"},"canonical":"https:\/\/www.quartix.com\/fr-fr\/guide-geolocalisation-vehicules-paysagistes\/","og_locale":"fr_FR","og_type":"article","og_title":"Guide de G\u00e9olocalisation pour Paysagistes","og_description":"T\u00e9l\u00e9chargez le guide Quartix sp\u00e9cialement con\u00e7u pour les entreprises du Paysage et d\u00e9couvrez comment la g\u00e9olocalisation permet de r\u00e9duire les co\u00fbts.","og_url":"https:\/\/www.quartix.com\/fr-fr\/guide-geolocalisation-vehicules-paysagistes\/","og_site_name":"Quartix","article_publisher":"https:\/\/www.facebook.com\/Quartix-USA-374426386097401\/","article_modified_time":"2024-07-03T11:01:47+00:00","og_image":[{"width":500,"height":334,"url":"https:\/\/www.quartix.com\/content\/uploads\/2021\/05\/FR-Landscaping.jpg","type":"image\/jpeg"}],"twitter_card":"summary_large_image","twitter_site":"@QuartixUSA","twitter_misc":{"Est. reading time":"3 minutes"},"schema":{"@context":"https:\/\/schema.org","@graph":[{"@type":"WebPage","@id":"https:\/\/www.quartix.com\/fr-fr\/guide-geolocalisation-vehicules-paysagistes\/","url":"https:\/\/www.quartix.com\/fr-fr\/guide-geolocalisation-vehicules-paysagistes\/","name":"G\u00e9olocalisation de v\u00e9hicules pour Paysagistes : Guide Gratuit","isPartOf":{"@id":"https:\/\/www.quartix.com\/fr-fr\/#website"},"primaryImageOfPage":{"@id":"https:\/\/www.quartix.com\/fr-fr\/guide-geolocalisation-vehicules-paysagistes\/#primaryimage"},"image":{"@id":"https:\/\/www.quartix.com\/fr-fr\/guide-geolocalisation-vehicules-paysagistes\/#primaryimage"},"thumbnailUrl":"https:\/\/www.quartix.com\/content\/uploads\/2021\/05\/FR-Landscaping.jpg","datePublished":"2021-05-12T14:59:36+00:00","dateModified":"2024-07-03T11:01:47+00:00","description":"T\u00e9l\u00e9chargez le guide Quartix sp\u00e9cialement con\u00e7u pour les entreprises du Paysage et d\u00e9couvrez comment la g\u00e9olocalisation permet de r\u00e9duire les co\u00fbts.","breadcrumb":{"@id":"https:\/\/www.quartix.com\/fr-fr\/guide-geolocalisation-vehicules-paysagistes\/#breadcrumb"},"inLanguage":"fr-FR","potentialAction":[{"@type":"ReadAction","target":["https:\/\/www.quartix.com\/fr-fr\/guide-geolocalisation-vehicules-paysagistes\/"]}]},{"@type":"ImageObject","inLanguage":"fr-FR","@id":"https:\/\/www.quartix.com\/fr-fr\/guide-geolocalisation-vehicules-paysagistes\/#primaryimage","url":"https:\/\/www.quartix.com\/content\/uploads\/2021\/05\/FR-Landscaping.jpg","contentUrl":"https:\/\/www.quartix.com\/content\/uploads\/2021\/05\/FR-Landscaping.jpg","width":500,"height":334},{"@type":"BreadcrumbList","@id":"https:\/\/www.quartix.com\/fr-fr\/guide-geolocalisation-vehicules-paysagistes\/#breadcrumb","itemListElement":[{"@type":"ListItem","position":1,"name":"Accueil","item":"https:\/\/www.quartix.com\/fr-fr\/"},{"@type":"ListItem","position":2,"name":"Guide de G\u00e9olocalisation pour Paysagistes"}]},{"@type":"WebSite","@id":"https:\/\/www.quartix.com\/fr-fr\/#website","url":"https:\/\/www.quartix.com\/fr-fr\/","name":"Quartix","description":"Real-time vehicle tracking","publisher":{"@id":"https:\/\/www.quartix.com\/fr-fr\/#organization"},"potentialAction":[{"@type":"SearchAction","target":{"@type":"EntryPoint","urlTemplate":"https:\/\/www.quartix.com\/fr-fr\/?s={search_term_string}"},"query-input":{"@type":"PropertyValueSpecification","valueRequired":true,"valueName":"search_term_string"}}],"inLanguage":"fr-FR"},{"@type":"Organization","@id":"https:\/\/www.quartix.com\/fr-fr\/#organization","name":"Quartix","url":"https:\/\/www.quartix.com\/fr-fr\/","logo":{"@type":"ImageObject","inLanguage":"fr-FR","@id":"https:\/\/www.quartix.com\/fr-fr\/#\/schema\/logo\/image\/","url":"https:\/\/www.quartix.com\/content\/uploads\/2019\/02\/quartix-logo-eur.svg","contentUrl":"https:\/\/www.quartix.com\/content\/uploads\/2019\/02\/quartix-logo-eur.svg","width":1,"height":1,"caption":"Quartix"},"image":{"@id":"https:\/\/www.quartix.com\/fr-fr\/#\/schema\/logo\/image\/"},"sameAs":["https:\/\/www.facebook.com\/Quartix-USA-374426386097401\/","https:\/\/x.com\/QuartixUSA","https:\/\/www.linkedin.com\/company\/5346733\/","https:\/\/www.youtube.com\/channel\/UCzS-_GMfHF4kWiCheyIRrAQ"]}]}},"_links":{"self":[{"href":"https:\/\/www.quartix.com\/fr-fr\/wp-json\/wp\/v2\/pages\/56121","targetHints":{"allow":["GET"]}}],"collection":[{"href":"https:\/\/www.quartix.com\/fr-fr\/wp-json\/wp\/v2\/pages"}],"about":[{"href":"https:\/\/www.quartix.com\/fr-fr\/wp-json\/wp\/v2\/types\/page"}],"author":[{"embeddable":true,"href":"https:\/\/www.quartix.com\/fr-fr\/wp-json\/wp\/v2\/users\/12"}],"replies":[{"embeddable":true,"href":"https:\/\/www.quartix.com\/fr-fr\/wp-json\/wp\/v2\/comments?post=56121"}],"version-history":[{"count":0,"href":"https:\/\/www.quartix.com\/fr-fr\/wp-json\/wp\/v2\/pages\/56121\/revisions"}],"wp:featuredmedia":[{"embeddable":true,"href":"https:\/\/www.quartix.com\/fr-fr\/wp-json\/wp\/v2\/media\/56123"}],"wp:attachment":[{"href":"https:\/\/www.quartix.com\/fr-fr\/wp-json\/wp\/v2\/media?parent=56121"}],"wp:term":[{"taxonomy":"topic","embeddable":true,"href":"https:\/\/www.quartix.com\/fr-fr\/wp-json\/wp\/v2\/topic?post=56121"},{"taxonomy":"qtx_campaign","embeddable":true,"href":"https:\/\/www.quartix.com\/fr-fr\/wp-json\/wp\/v2\/qtx_campaign?post=56121"}],"curies":[{"name":"wp","href":"https:\/\/api.w.org\/{rel}","templated":true}]}}