{"id":56201,"date":"2021-05-12T17:09:30","date_gmt":"2021-05-12T16:09:30","guid":{"rendered":"https:\/\/www.quartix.com\/?page_id=56201"},"modified":"2024-07-03T11:24:07","modified_gmt":"2024-07-03T10:24:07","slug":"guide-rgpd-gestionnaire-de-flotte","status":"publish","type":"page","link":"https:\/\/www.quartix.com\/fr-fr\/ressources\/guide-rgpd-gestionnaire-de-flotte\/","title":{"rendered":"Guide RGPD pour Gestionnaires de Flotte"},"content":{"rendered":"\r\n<div   class=\"hero-block bighero\">\r\n    <img loading=\"lazy\" decoding=\"async\" width=\"1254\" height=\"464\" src=\"https:\/\/www.quartix.com\/content\/uploads\/2023\/09\/Van-driver-header.png\" class=\"\" alt=\"\" srcset=\"https:\/\/www.quartix.com\/content\/uploads\/2023\/09\/Van-driver-header.png 1254w, https:\/\/www.quartix.com\/content\/uploads\/2023\/09\/Van-driver-header-300x111.png 300w, https:\/\/www.quartix.com\/content\/uploads\/2023\/09\/Van-driver-header-1000x370.png 1000w, https:\/\/www.quartix.com\/content\/uploads\/2023\/09\/Van-driver-header-768x284.png 768w\" sizes=\"auto, (max-width: 1254px) 100vw, 1254px\" \/>                <div class=\"hero-overlay\"><\/div>\r\n            \r\n\r\n\r\n    <div class=\"hero-content \">\r\n        <div class=\"inner limited-width\">\r\n                                                <p class=\"title stylelikeh1\">Garantir la conformit\u00e9 au RGPD<\/br>lors du suivi de votre flotte <\/p>\r\n                                <p class=\"text\">Les syst\u00e8mes t\u00e9l\u00e9matiques collectant et stockant des donn\u00e9es personnelles, les lignes directrices du RGPD doivent \u00eatre appliqu\u00e9es. D\u00e9couvrez les processus que vous devez suivre lorsque vous traitez des donn\u00e9es potentiellement sensibles.<\/p>                                        <div class=\"buttons\">\r\n                    <a href=\"https:\/\/go.marketing.quartix.com\/Guide_RGPD\" class=\"btn btn-green btn-inline\" target=\"_blank\" title=\"T\u00c9L\u00c9CHARGER LE GUIDE\">T\u00c9L\u00c9CHARGER LE GUIDE<\/a>\r\n                <\/div>\r\n                    <\/div>\r\n    <\/div>\r\n<\/div>\n\n\r\n<div   class=\"hero-block smallhero landing-cta\">\r\n            <div class=\"hero-overlay greybg\"><\/div>\r\n        <div class=\"hero-content greybg noimage\">\r\n        <div class=\"inner\">\r\n            <h2 class=\"title\">Prot\u00e9gez les informations de vos conducteurs et employ\u00e9s<\/h2>            <div class=\"author\"><p>\u00c9vitez les sanctions s\u00e9v\u00e8res en cas de violation des donn\u00e9es en comprenant quelles sont vos responsabilit\u00e9s lorsque vous utilisez un syst\u00e8me de suivi des v\u00e9hicules. Dans ce guide, vous d\u00e9couvrirez les questions que vous devez vous poser, telles que :<\/p>\n<\/div>            <div class='landingctalist centrelist'><ul class='ticks fa-ul' style=''><li><span class='fa-li'><i class='fas fa-check-circle'><\/i><\/span>Recueillez-vous des donn\u00e9es pour un motif l\u00e9gitime ?<\/li><li><span class='fa-li'><i class='fas fa-check-circle'><\/i><\/span>Comment les donn\u00e9es sont-elles stock\u00e9es et prot\u00e9g\u00e9es ?<\/li><li><span class='fa-li'><i class='fas fa-check-circle'><\/i><\/span>Combien de temps conservez-vous les donn\u00e9es sensibles ?  <\/li><li><span class='fa-li'><i class='fas fa-check-circle'><\/i><\/span>\u00cates-vous en mesure de d\u00e9montrer votre conformit\u00e9 au RGPD ?<\/li><\/ul><\/div>            \r\n                            <div class=\"buttons\">\r\n                    <a href=\"https:\/\/go.marketing.quartix.com\/Guide_RGPD\" class=\"btn btn-green\" target=\"_blank\" title=\"T\u00c9L\u00c9CHARGER LE GUIDE\">T\u00c9L\u00c9CHARGER LE GUIDE<\/a>\r\n                <\/div>\r\n                    <\/div>\r\n    <\/div>\r\n<\/div>\n\n\r\n\r\n        <div  class=\"landingpageouter\" style=\"background-color:#ffffff ;\">\r\n        <div class=\"landingpagecolsblock twocols4060 \">\r\n            <div class=\"col1\">\r\n                <p class=\"pre-title\">JUSTIFICATION<\/p>                                <div class='wysiwyg'><p>Justifiez vos raisons de collecter des donn\u00e9es en \u00e9tablissant l&#8217;int\u00e9r\u00eat l\u00e9gitime de votre entreprise ou en obtenant le consentement de vos conducteurs.<\/p>\n<\/div>            <\/div>\r\n            <div class=\"col2\">\r\n                <div class=\"responsivemedia\"><img loading=\"lazy\" decoding=\"async\" width=\"640\" height=\"427\" src=\"https:\/\/www.quartix.com\/content\/uploads\/2021\/08\/driver-performance-review-768x512.jpg\" class=\"\" alt=\"fleet manager and driver reviewing driving performance \" srcset=\"https:\/\/www.quartix.com\/content\/uploads\/2021\/08\/driver-performance-review-768x512.jpg 768w, https:\/\/www.quartix.com\/content\/uploads\/2021\/08\/driver-performance-review-300x200.jpg 300w, https:\/\/www.quartix.com\/content\/uploads\/2021\/08\/driver-performance-review-1000x667.jpg 1000w, https:\/\/www.quartix.com\/content\/uploads\/2021\/08\/driver-performance-review.jpg 1152w\" sizes=\"auto, (max-width: 640px) 100vw, 640px\" \/><\/div>            <\/div>\r\n                        <\/div>\r\n    <\/div>\r\n\r\n\r\n\n\n\r\n\r\n        <div  class=\"landingpageouter\" style=\"background-color:#f8f8f8 ;\">\r\n        <div class=\"landingpagecolsblock twocols4060 swap-content\">\r\n            <div class=\"col1\">\r\n                <p class=\"pre-title\">S\u00c9CURIT\u00c9 <\/p>                                <div class='wysiwyg'><p>Connaissez vos responsabilit\u00e9s en mati\u00e8re de protection des donn\u00e9es et de signalement des violations de donn\u00e9es en temps opportun.<\/p>\n<\/div>            <\/div>\r\n            <div class=\"col2\">\r\n                <div class=\"responsivemedia\"><img loading=\"lazy\" decoding=\"async\" width=\"461\" height=\"427\" src=\"https:\/\/www.quartix.com\/content\/uploads\/2023\/11\/gdpr-cropped.png\" class=\"\" alt=\"\" srcset=\"https:\/\/www.quartix.com\/content\/uploads\/2023\/11\/gdpr-cropped.png 461w, https:\/\/www.quartix.com\/content\/uploads\/2023\/11\/gdpr-cropped-300x278.png 300w\" sizes=\"auto, (max-width: 461px) 100vw, 461px\" \/><\/div>            <\/div>\r\n                        <\/div>\r\n    <\/div>\r\n\r\n\r\n\n\n\r\n\r\n        <div  class=\"landingpageouter\" style=\"background-color:#efefef ;\">\r\n        <div class=\"landingpagecolsblock twocols4060 \">\r\n            <div class=\"col1\">\r\n                <p class=\"pre-title\">TRANSPARENCE <\/p>                                <div class='wysiwyg'><p>Comprenez les droits de vos employ\u00e9s \u00e0 acc\u00e9der aux donn\u00e9es que vous d\u00e9tenez sur eux, \u00e0 demander l&#8217;effacement de ces donn\u00e9es et \u00e0 corriger toute erreur.<\/p>\n<\/div>            <\/div>\r\n            <div class=\"col2\">\r\n                <div class=\"responsivemedia\"><img loading=\"lazy\" decoding=\"async\" width=\"640\" height=\"374\" src=\"https:\/\/www.quartix.com\/content\/uploads\/2024\/02\/FR_new_screens_SEP21.png\" class=\"\" alt=\"\" \/><\/div>            <\/div>\r\n                        <\/div>\r\n    <\/div>\r\n\r\n\r\n\n\n\r\n<div   class=\"hero-block smallhero landing-cta\">\r\n    <img loading=\"lazy\" decoding=\"async\" width=\"938\" height=\"448\" src=\"https:\/\/www.quartix.com\/content\/uploads\/2023\/11\/gdpr-2-1.png\" class=\"\" alt=\"\" srcset=\"https:\/\/www.quartix.com\/content\/uploads\/2023\/11\/gdpr-2-1.png 938w, https:\/\/www.quartix.com\/content\/uploads\/2023\/11\/gdpr-2-1-300x143.png 300w, https:\/\/www.quartix.com\/content\/uploads\/2023\/11\/gdpr-2-1-768x367.png 768w\" sizes=\"auto, (max-width: 938px) 100vw, 938px\" \/>        <div class=\"hero-overlay\"><\/div>\r\n        <div class=\"hero-content \">\r\n        <div class=\"inner\">\r\n            <h2 class=\"title\">Voir comment Quartix suit la l\u00e9gislation RGPD<\/h2>            <div class=\"author\"><p>En tant qu&#8217;entreprise, Quartix s&#8217;engage \u00e0 vous aider \u00e0 r\u00e9pondre \u00e0 vos besoins en mati\u00e8re de RGPD en :<\/p>\n<\/div>            <div class='landingctalist centrelist'><ul class='arrows fa-ul' style=''><li><span class='fa-li'><i class='fa fa-arrow-right'><\/i><\/span>Vous donnant, \u00e0 vous et \u00e0 vos conducteurs, l&#8217;acc\u00e8s aux donn\u00e9es personnelles avec des permissions personnalis\u00e9es<\/li><li><span class='fa-li'><i class='fa fa-arrow-right'><\/i><\/span>Enregistrant les modifications apport\u00e9es aux donn\u00e9es des v\u00e9hicules et des conducteurs pour cr\u00e9er une piste d&#8217;audit<\/li><li><span class='fa-li'><i class='fa fa-arrow-right'><\/i><\/span>Prot\u00e9geant vos donn\u00e9es sur nos syst\u00e8mes conform\u00e9ment au RGPD<\/li><\/ul><\/div>            \r\n                            <div class=\"buttons\">\r\n                    <a href=\"https:\/\/go.marketing.quartix.com\/Guide_RGPD\" class=\"btn btn-green\" target=\"_blank\" title=\"T\u00c9L\u00c9CHARGER LE GUIDE\">T\u00c9L\u00c9CHARGER LE GUIDE<\/a>\r\n                <\/div>\r\n                    <\/div>\r\n    <\/div>\r\n<\/div>\n\n\r\n<section class=\"qtx-pagebuilder-section qtx-pagebuilder-section-bannercontent  notopmargin \"\r\nstyle=\"background-color:#13AB5B; color: #FFFFFF;\">\r\n    <div class=\"bannercontentinner\">\r\n        <p style=\"text-align: center\">&#8220;Nous consid\u00e9rons le suivi des v\u00e9hicules comme une norme industrielle. Et en tant qu&#8217;organisation de premier plan, nous sommes tenus d&#8217;adh\u00e9rer aux normes et aux meilleures pratiques de l&#8217;industrie. Quartix nous aide \u00e0 \u00eatre \u00e0 la hauteur.&#8221;<\/p>\n<p style=\"text-align: center\">&#8211; Chris Lane, Universit\u00e9 de Birmingham<\/p>\n    <\/div>\r\n<\/section>\n\n\n<div class=\"wp-block-columns is-layout-flex wp-container-core-columns-is-layout-28f84493 wp-block-columns-is-layout-flex\">\n<div class=\"wp-block-column is-layout-flow wp-block-column-is-layout-flow\">\n<h2 class=\"wp-block-heading\">Votre guide de la conformit\u00e9 RGPD<\/h2>\n\n\n\n<p>Obtenez une meilleure compr\u00e9hension de la fa\u00e7on dont les donn\u00e9es de suivi des v\u00e9hicules tombent sous le coup de la loi sur la protection des donn\u00e9es afin de vous assurer que votre entreprise fonctionne en cons\u00e9quence.<\/p>\n\n\n    <div class=\"button-container \">\r\n<a href=\"https:\/\/go.marketing.quartix.com\/Guide_RGPD\" class=\"btn pagebuilder-btn btn-green btn-\" title=\"T\u00c9L\u00c9CHARGER LE GUIDE\" target=\"_blank\">T\u00c9L\u00c9CHARGER LE GUIDE<\/a>\r\n<\/div>\r\n<\/div>\n\n\n\n<div class=\"wp-block-column is-layout-flow wp-block-column-is-layout-flow\">\n<figure class=\"wp-block-image size-full is-resized\"><img loading=\"lazy\" decoding=\"async\" width=\"545\" height=\"650\" src=\"https:\/\/www.quartix.com\/content\/uploads\/2024\/07\/fr-gdpr-guide.png\" alt=\"\" class=\"wp-image-107124\" style=\"width:366px;height:auto\" srcset=\"https:\/\/www.quartix.com\/content\/uploads\/2024\/07\/fr-gdpr-guide.png 545w, https:\/\/www.quartix.com\/content\/uploads\/2024\/07\/fr-gdpr-guide-252x300.png 252w\" sizes=\"auto, (max-width: 545px) 100vw, 545px\" \/><\/figure>\n<\/div>\n<\/div>\n","protected":false},"excerpt":{"rendered":"<p>Votre guide de la conformit\u00e9 RGPD Obtenez une meilleure compr\u00e9hension de la fa\u00e7on dont les donn\u00e9es de suivi des v\u00e9hicules tombent sous le coup de la loi sur la protection des donn\u00e9es afin de vous assurer que votre entreprise fonctionne en cons\u00e9quence.<\/p>\n","protected":false},"author":12,"featured_media":53031,"parent":51543,"menu_order":70,"comment_status":"closed","ping_status":"closed","template":"templates\/landing-pagebuilder.php","meta":{"_acf_changed":false,"inline_featured_image":false,"footnotes":""},"topic":[1863],"qtx_campaign":[],"class_list":["post-56201","page","type-page","status-publish","has-post-thumbnail","hentry","topic-gestion-des-risques"],"acf":[],"yoast_head":"<!-- This site is optimized with the Yoast SEO Premium plugin v27.3 (Yoast SEO v27.3) - https:\/\/yoast.com\/product\/yoast-seo-premium-wordpress\/ -->\n<title>Guide RGPD pour Gestionnaires de flotte | G\u00e9olocalisation de v\u00e9hicules - FR<\/title>\n<meta name=\"description\" content=\"Notre guide RGPD gratuit pour gestionnaires de flotte explique la conformit\u00e9 au RGPD et son impact sur les entreprises collectant des donn\u00e9es t\u00e9l\u00e9matiques.\" \/>\n<meta name=\"robots\" content=\"index, follow, max-snippet:-1, max-image-preview:large, max-video-preview:-1\" \/>\n<link rel=\"canonical\" href=\"https:\/\/www.quartix.com\/fr-fr\/ressources\/guide-rgpd-gestionnaire-de-flotte\/\" \/>\n<meta property=\"og:locale\" content=\"fr_FR\" \/>\n<meta property=\"og:type\" content=\"article\" \/>\n<meta property=\"og:title\" content=\"Guide RGPD pour Gestionnaires de Flotte\" \/>\n<meta property=\"og:description\" content=\"Notre guide RGPD gratuit pour gestionnaires de flotte explique la conformit\u00e9 au RGPD et son impact sur les entreprises collectant des donn\u00e9es t\u00e9l\u00e9matiques.\" \/>\n<meta property=\"og:url\" content=\"https:\/\/www.quartix.com\/fr-fr\/ressources\/guide-rgpd-gestionnaire-de-flotte\/\" \/>\n<meta property=\"og:site_name\" content=\"Quartix\" \/>\n<meta property=\"article:publisher\" content=\"https:\/\/www.facebook.com\/Quartix-USA-374426386097401\/\" \/>\n<meta property=\"article:modified_time\" content=\"2024-07-03T10:24:07+00:00\" \/>\n<meta property=\"og:image\" content=\"https:\/\/www.quartix.com\/content\/uploads\/2019\/02\/Key-Principles-for-GDPR.png\" \/>\n\t<meta property=\"og:image:width\" content=\"300\" \/>\n\t<meta property=\"og:image:height\" content=\"300\" \/>\n\t<meta property=\"og:image:type\" content=\"image\/png\" \/>\n<meta name=\"twitter:card\" content=\"summary_large_image\" \/>\n<meta name=\"twitter:site\" content=\"@QuartixUSA\" \/>\n<meta name=\"twitter:label1\" content=\"Est. reading time\" \/>\n\t<meta name=\"twitter:data1\" content=\"2 minutes\" \/>\n<!-- \/ Yoast SEO Premium plugin. -->","yoast_head_json":{"title":"Guide RGPD pour Gestionnaires de flotte | G\u00e9olocalisation de v\u00e9hicules - FR","description":"Notre guide RGPD gratuit pour gestionnaires de flotte explique la conformit\u00e9 au RGPD et son impact sur les entreprises collectant des donn\u00e9es t\u00e9l\u00e9matiques.","robots":{"index":"index","follow":"follow","max-snippet":"max-snippet:-1","max-image-preview":"max-image-preview:large","max-video-preview":"max-video-preview:-1"},"canonical":"https:\/\/www.quartix.com\/fr-fr\/ressources\/guide-rgpd-gestionnaire-de-flotte\/","og_locale":"fr_FR","og_type":"article","og_title":"Guide RGPD pour Gestionnaires de Flotte","og_description":"Notre guide RGPD gratuit pour gestionnaires de flotte explique la conformit\u00e9 au RGPD et son impact sur les entreprises collectant des donn\u00e9es t\u00e9l\u00e9matiques.","og_url":"https:\/\/www.quartix.com\/fr-fr\/ressources\/guide-rgpd-gestionnaire-de-flotte\/","og_site_name":"Quartix","article_publisher":"https:\/\/www.facebook.com\/Quartix-USA-374426386097401\/","article_modified_time":"2024-07-03T10:24:07+00:00","og_image":[{"width":300,"height":300,"url":"https:\/\/www.quartix.com\/content\/uploads\/2019\/02\/Key-Principles-for-GDPR.png","type":"image\/png"}],"twitter_card":"summary_large_image","twitter_site":"@QuartixUSA","twitter_misc":{"Est. reading time":"2 minutes"},"schema":{"@context":"https:\/\/schema.org","@graph":[{"@type":"WebPage","@id":"https:\/\/www.quartix.com\/fr-fr\/ressources\/guide-rgpd-gestionnaire-de-flotte\/","url":"https:\/\/www.quartix.com\/fr-fr\/ressources\/guide-rgpd-gestionnaire-de-flotte\/","name":"Guide RGPD pour Gestionnaires de flotte | G\u00e9olocalisation de v\u00e9hicules","isPartOf":{"@id":"https:\/\/www.quartix.com\/fr-fr\/#website"},"primaryImageOfPage":{"@id":"https:\/\/www.quartix.com\/fr-fr\/ressources\/guide-rgpd-gestionnaire-de-flotte\/#primaryimage"},"image":{"@id":"https:\/\/www.quartix.com\/fr-fr\/ressources\/guide-rgpd-gestionnaire-de-flotte\/#primaryimage"},"thumbnailUrl":"https:\/\/www.quartix.com\/content\/uploads\/2019\/02\/Key-Principles-for-GDPR.png","datePublished":"2021-05-12T16:09:30+00:00","dateModified":"2024-07-03T10:24:07+00:00","description":"Notre guide RGPD gratuit pour gestionnaires de flotte explique la conformit\u00e9 au RGPD et son impact sur les entreprises collectant des donn\u00e9es t\u00e9l\u00e9matiques.","breadcrumb":{"@id":"https:\/\/www.quartix.com\/fr-fr\/ressources\/guide-rgpd-gestionnaire-de-flotte\/#breadcrumb"},"inLanguage":"fr-FR","potentialAction":[{"@type":"ReadAction","target":["https:\/\/www.quartix.com\/fr-fr\/ressources\/guide-rgpd-gestionnaire-de-flotte\/"]}]},{"@type":"ImageObject","inLanguage":"fr-FR","@id":"https:\/\/www.quartix.com\/fr-fr\/ressources\/guide-rgpd-gestionnaire-de-flotte\/#primaryimage","url":"https:\/\/www.quartix.com\/content\/uploads\/2019\/02\/Key-Principles-for-GDPR.png","contentUrl":"https:\/\/www.quartix.com\/content\/uploads\/2019\/02\/Key-Principles-for-GDPR.png","width":300,"height":300},{"@type":"BreadcrumbList","@id":"https:\/\/www.quartix.com\/fr-fr\/ressources\/guide-rgpd-gestionnaire-de-flotte\/#breadcrumb","itemListElement":[{"@type":"ListItem","position":1,"name":"Accueil","item":"https:\/\/www.quartix.com\/fr-fr\/"},{"@type":"ListItem","position":2,"name":"Ressources","item":"https:\/\/www.quartix.com\/fr-fr\/ressources\/"},{"@type":"ListItem","position":3,"name":"Guide RGPD pour Gestionnaires de Flotte"}]},{"@type":"WebSite","@id":"https:\/\/www.quartix.com\/fr-fr\/#website","url":"https:\/\/www.quartix.com\/fr-fr\/","name":"Quartix","description":"Real-time vehicle tracking","publisher":{"@id":"https:\/\/www.quartix.com\/fr-fr\/#organization"},"potentialAction":[{"@type":"SearchAction","target":{"@type":"EntryPoint","urlTemplate":"https:\/\/www.quartix.com\/fr-fr\/?s={search_term_string}"},"query-input":{"@type":"PropertyValueSpecification","valueRequired":true,"valueName":"search_term_string"}}],"inLanguage":"fr-FR"},{"@type":"Organization","@id":"https:\/\/www.quartix.com\/fr-fr\/#organization","name":"Quartix","url":"https:\/\/www.quartix.com\/fr-fr\/","logo":{"@type":"ImageObject","inLanguage":"fr-FR","@id":"https:\/\/www.quartix.com\/fr-fr\/#\/schema\/logo\/image\/","url":"https:\/\/www.quartix.com\/content\/uploads\/2019\/02\/quartix-logo-eur.svg","contentUrl":"https:\/\/www.quartix.com\/content\/uploads\/2019\/02\/quartix-logo-eur.svg","width":1,"height":1,"caption":"Quartix"},"image":{"@id":"https:\/\/www.quartix.com\/fr-fr\/#\/schema\/logo\/image\/"},"sameAs":["https:\/\/www.facebook.com\/Quartix-USA-374426386097401\/","https:\/\/x.com\/QuartixUSA","https:\/\/www.linkedin.com\/company\/5346733\/","https:\/\/www.youtube.com\/channel\/UCzS-_GMfHF4kWiCheyIRrAQ"]}]}},"_links":{"self":[{"href":"https:\/\/www.quartix.com\/fr-fr\/wp-json\/wp\/v2\/pages\/56201","targetHints":{"allow":["GET"]}}],"collection":[{"href":"https:\/\/www.quartix.com\/fr-fr\/wp-json\/wp\/v2\/pages"}],"about":[{"href":"https:\/\/www.quartix.com\/fr-fr\/wp-json\/wp\/v2\/types\/page"}],"author":[{"embeddable":true,"href":"https:\/\/www.quartix.com\/fr-fr\/wp-json\/wp\/v2\/users\/12"}],"replies":[{"embeddable":true,"href":"https:\/\/www.quartix.com\/fr-fr\/wp-json\/wp\/v2\/comments?post=56201"}],"version-history":[{"count":0,"href":"https:\/\/www.quartix.com\/fr-fr\/wp-json\/wp\/v2\/pages\/56201\/revisions"}],"up":[{"embeddable":true,"href":"https:\/\/www.quartix.com\/fr-fr\/wp-json\/wp\/v2\/pages\/51543"}],"wp:featuredmedia":[{"embeddable":true,"href":"https:\/\/www.quartix.com\/fr-fr\/wp-json\/wp\/v2\/media\/53031"}],"wp:attachment":[{"href":"https:\/\/www.quartix.com\/fr-fr\/wp-json\/wp\/v2\/media?parent=56201"}],"wp:term":[{"taxonomy":"topic","embeddable":true,"href":"https:\/\/www.quartix.com\/fr-fr\/wp-json\/wp\/v2\/topic?post=56201"},{"taxonomy":"qtx_campaign","embeddable":true,"href":"https:\/\/www.quartix.com\/fr-fr\/wp-json\/wp\/v2\/qtx_campaign?post=56201"}],"curies":[{"name":"wp","href":"https:\/\/api.w.org\/{rel}","templated":true}]}}